{"id":56205,"date":"2024-10-24T21:28:29","date_gmt":"2024-10-24T18:28:29","guid":{"rendered":"https:\/\/miumjau.ee\/toode\/brit-care-soup-tuno-sriuba-katems-75-g\/"},"modified":"2024-10-24T21:28:29","modified_gmt":"2024-10-24T18:28:29","slug":"brit-care-soup-tuno-sriuba-katems-75-g","status":"publish","type":"product","link":"https:\/\/miumjau.ee\/lt\/produktas\/brit-care-soup-tuno-sriuba-katems-75-g\/","title":{"rendered":"Brit Care Soup tuno sriuba kat\u0117ms 75 g"},"content":{"rendered":"","protected":false},"excerpt":{"rendered":"<p data-start=\"1707\" data-end=\"1800\">Begr\u016bd\u0173 pa\u0161aro papildas kat\u0117ms \u2013 tuno sriuba suaugusioms kat\u0117ms. Tinka sterilizuotoms kat\u0117ms.<\/p>\n<p data-start=\"1802\" data-end=\"2128\">Be gr\u016bd\u0173.<br data-start=\"1811\" data-end=\"1814\" \/>Be GMO \/ be sojos \/ be prid\u0117tinio cukraus.<br data-start=\"1856\" data-end=\"1859\" \/>Tinka sterilizuotoms kat\u0117ms \u2013 L-metioninas.<br data-start=\"1902\" data-end=\"1905\" \/>Su taurinu.<br data-start=\"1916\" data-end=\"1919\" \/>Maistingas, raminantis \u2013 kat\u017eol\u0117, antistresin\u0117 funkcija.<br data-start=\"1975\" data-end=\"1978\" \/>Prebiotikai \u2013 fruktooligosacharidai, padeda palaikyti sveik\u0105 \u017earnyno aplink\u0105.<br data-start=\"2055\" data-end=\"2058\" \/>Probiotikai \u2013 inaktyvuoti Lactobacillus, imunomoduliuojantis poveikis.<\/p>\n<p data-start=\"2130\" data-end=\"2397\"><strong data-start=\"2130\" data-end=\"2142\">Sud\u0117tis:<\/strong> Geriamasis vanduo, 16% vi\u0161tiena, 4% tunas, 0,5% hidrolizuotos kepenys, 0,5% lignoceliulioz\u0117, d\u017eiovinta kat\u017eol\u0117 (100 mg\/kg), fruktooligosacharidai (100 mg\/kg), inaktyvuotos bakterijos ir j\u0173 dalys (Lactobacillus helveticus HA \u2013 122, 1,5 \u00d7 10\u2078 l\u0105steli\u0173\/kg).<\/p>\n<p data-start=\"2399\" data-end=\"2575\"><strong data-start=\"2399\" data-end=\"2433\">Analitin\u0117s sudedamosios dalys:<\/strong><br data-start=\"2433\" data-end=\"2436\" \/>\u017dali baltymai 2,0%, \u017eali riebalai 1,0%, \u017eali pelenai 0,5%, \u017ealia l\u0105steliena 0,2%, dr\u0117gm\u0117 95,0%, kalcis 0,01%, fosforas 0,02%, natris 0,05%.<\/p>\n<p data-start=\"2577\" data-end=\"2652\"><strong data-start=\"2577\" data-end=\"2596\">Pa\u0161ar\u0173 priedai:<\/strong><br data-start=\"2596\" data-end=\"2599\" \/>L-metioninas (3c305) 500 mg, taurinas (3a370) 500 mg.<\/p>\n<p data-start=\"2654\" data-end=\"2691\">Metabolizuojama energija 225 kcal\/kg.<\/p>\n<p data-start=\"2693\" data-end=\"3207\"><strong data-start=\"2693\" data-end=\"2719\">\u0160\u0117rimo rekomendacijos:<\/strong> Puikiai tinka hidratacijai gerinti. Brit Care Cat Soup Tuna galima naudoti apetitui skatinti arba mai\u0161yti su sausu pa\u0161aru. Duoti kambario temperat\u016bros kaip papildom\u0105 pa\u0161ar\u0105. Rekomenduojama dienos norma gali skirtis priklausomai nuo kat\u0117s am\u017eiaus, aktyvumo ir aplinkos. Tinkama norma suaugusiai katei \u2013 2 porcijos per dien\u0105. Visada palikite \u0161vie\u017eio vandens. Laikyti v\u0117sioje, sausoje vietoje, saugoti nuo tiesiogini\u0173 saul\u0117s spinduli\u0173. Atidarius laikyti \u0161aldytuve ir sunaudoti per 3 dienas.<\/p>\n<p data-start=\"3209\" data-end=\"3264\" data-is-last-node=\"\" data-is-only-node=\"\"><strong data-start=\"3209\" data-end=\"3264\" data-is-last-node=\"\">Ypa\u010d skanu \u2013 j\u016bs\u0173 kat\u0117 pagirs jus u\u017e puik\u0173 pirkin\u012f!<\/strong><\/p>\n","protected":false},"featured_media":56206,"template":"","meta":[],"product_brand":[],"product_cat":[526],"product_tag":[],"class_list":{"0":"post-56205","1":"product","2":"type-product","3":"status-publish","4":"has-post-thumbnail","6":"product_cat-slapias-maistas","8":"first","9":"instock","10":"sale","11":"taxable","12":"shipping-taxable","13":"purchasable","14":"product-type-simple"},"yoast_head":"<!-- This site is optimized with the Yoast SEO plugin v27.4 - https:\/\/yoast.com\/product\/yoast-seo-wordpress\/ -->\n<title>Brit Care Soup tuno sriuba kat\u0117ms 75 g - MiuMjau<\/title>\n<meta name=\"robots\" content=\"index, follow, max-snippet:-1, max-image-preview:large, max-video-preview:-1\" \/>\n<link rel=\"canonical\" href=\"https:\/\/miumjau.ee\/lt\/produktas\/brit-care-soup-tuno-sriuba-katems-75-g\/\" \/>\n<meta property=\"og:locale\" content=\"lt_LT\" \/>\n<meta property=\"og:type\" content=\"article\" \/>\n<meta property=\"og:title\" content=\"Brit Care Soup tuno sriuba kat\u0117ms 75 g - MiuMjau\" \/>\n<meta property=\"og:description\" content=\"Begr\u016bd\u0173 pa\u0161aro papildas kat\u0117ms \u2013 tuno sriuba suaugusioms kat\u0117ms. Tinka sterilizuotoms kat\u0117ms. Be gr\u016bd\u0173.Be GMO \/ be sojos \/ be prid\u0117tinio cukraus.Tinka sterilizuotoms kat\u0117ms \u2013 L-metioninas.Su taurinu.Maistingas, raminantis \u2013 kat\u017eol\u0117, antistresin\u0117 funkcija.Prebiotikai \u2013 fruktooligosacharidai, padeda palaikyti sveik\u0105 \u017earnyno aplink\u0105.Probiotikai \u2013 inaktyvuoti Lactobacillus, imunomoduliuojantis poveikis. Sud\u0117tis: Geriamasis vanduo, 16% vi\u0161tiena, 4% tunas, 0,5% hidrolizuotos kepenys, 0,5% lignoceliulioz\u0117, d\u017eiovinta kat\u017eol\u0117 (100 mg\/kg), fruktooligosacharidai (100 mg\/kg), inaktyvuotos bakterijos ir j\u0173 dalys (Lactobacillus helveticus HA \u2013 122, 1,5 \u00d7 10\u2078 l\u0105steli\u0173\/kg). Analitin\u0117s sudedamosios dalys:\u017dali baltymai 2,0%, \u017eali riebalai 1,0%, \u017eali pelenai 0,5%, \u017ealia l\u0105steliena 0,2%, dr\u0117gm\u0117 95,0%, kalcis 0,01%, fosforas 0,02%, natris 0,05%. Pa\u0161ar\u0173 priedai:L-metioninas (3c305) 500 mg, taurinas (3a370) 500 mg. Metabolizuojama energija 225 kcal\/kg. \u0160\u0117rimo rekomendacijos: Puikiai tinka hidratacijai gerinti. Brit Care Cat Soup Tuna galima naudoti apetitui skatinti arba mai\u0161yti su sausu pa\u0161aru. Duoti kambario temperat\u016bros kaip papildom\u0105 pa\u0161ar\u0105. Rekomenduojama dienos norma gali skirtis priklausomai nuo kat\u0117s am\u017eiaus, aktyvumo ir aplinkos. Tinkama norma suaugusiai katei \u2013 2 porcijos per dien\u0105. Visada palikite \u0161vie\u017eio vandens. Laikyti v\u0117sioje, sausoje vietoje, saugoti nuo tiesiogini\u0173 saul\u0117s spinduli\u0173. Atidarius laikyti \u0161aldytuve ir sunaudoti per 3 dienas. Ypa\u010d skanu \u2013 j\u016bs\u0173 kat\u0117 pagirs jus u\u017e puik\u0173 pirkin\u012f!\" \/>\n<meta property=\"og:url\" content=\"https:\/\/miumjau.ee\/lt\/produktas\/brit-care-soup-tuno-sriuba-katems-75-g\/\" \/>\n<meta property=\"og:site_name\" content=\"MiuMjau\" \/>\n<meta property=\"article:publisher\" content=\"https:\/\/www.facebook.com\/miumjaupood\/\" \/>\n<meta property=\"og:image\" content=\"https:\/\/miumjau.ee\/wp-content\/uploads\/2024\/10\/brit-care-soup1.jpg\" \/>\n\t<meta property=\"og:image:width\" content=\"600\" \/>\n\t<meta property=\"og:image:height\" content=\"800\" \/>\n\t<meta property=\"og:image:type\" content=\"image\/jpeg\" \/>\n<meta name=\"twitter:card\" content=\"summary_large_image\" \/>\n<script type=\"application\/ld+json\" class=\"yoast-schema-graph\">{\"@context\":\"https:\\\/\\\/schema.org\",\"@graph\":[{\"@type\":\"WebPage\",\"@id\":\"https:\\\/\\\/miumjau.ee\\\/lt\\\/produktas\\\/brit-care-soup-tuno-sriuba-katems-75-g\\\/\",\"url\":\"https:\\\/\\\/miumjau.ee\\\/lt\\\/produktas\\\/brit-care-soup-tuno-sriuba-katems-75-g\\\/\",\"name\":\"Brit Care Soup tuno sriuba kat\u0117ms 75 g - MiuMjau\",\"isPartOf\":{\"@id\":\"https:\\\/\\\/miumjau.ee\\\/#website\"},\"primaryImageOfPage\":{\"@id\":\"https:\\\/\\\/miumjau.ee\\\/lt\\\/produktas\\\/brit-care-soup-tuno-sriuba-katems-75-g\\\/#primaryimage\"},\"image\":{\"@id\":\"https:\\\/\\\/miumjau.ee\\\/lt\\\/produktas\\\/brit-care-soup-tuno-sriuba-katems-75-g\\\/#primaryimage\"},\"thumbnailUrl\":\"https:\\\/\\\/miumjau.ee\\\/wp-content\\\/uploads\\\/2024\\\/10\\\/brit-care-soup1.jpg\",\"datePublished\":\"2024-10-24T18:28:29+00:00\",\"breadcrumb\":{\"@id\":\"https:\\\/\\\/miumjau.ee\\\/lt\\\/produktas\\\/brit-care-soup-tuno-sriuba-katems-75-g\\\/#breadcrumb\"},\"inLanguage\":\"lt-LT\",\"potentialAction\":[{\"@type\":\"ReadAction\",\"target\":[\"https:\\\/\\\/miumjau.ee\\\/lt\\\/produktas\\\/brit-care-soup-tuno-sriuba-katems-75-g\\\/\"]}]},{\"@type\":\"ImageObject\",\"inLanguage\":\"lt-LT\",\"@id\":\"https:\\\/\\\/miumjau.ee\\\/lt\\\/produktas\\\/brit-care-soup-tuno-sriuba-katems-75-g\\\/#primaryimage\",\"url\":\"https:\\\/\\\/miumjau.ee\\\/wp-content\\\/uploads\\\/2024\\\/10\\\/brit-care-soup1.jpg\",\"contentUrl\":\"https:\\\/\\\/miumjau.ee\\\/wp-content\\\/uploads\\\/2024\\\/10\\\/brit-care-soup1.jpg\",\"width\":600,\"height\":800},{\"@type\":\"BreadcrumbList\",\"@id\":\"https:\\\/\\\/miumjau.ee\\\/lt\\\/produktas\\\/brit-care-soup-tuno-sriuba-katems-75-g\\\/#breadcrumb\",\"itemListElement\":[{\"@type\":\"ListItem\",\"position\":1,\"name\":\"Home\",\"item\":\"https:\\\/\\\/miumjau.ee\\\/lt\\\/\"},{\"@type\":\"ListItem\",\"position\":2,\"name\":\"Parduotuv\u0117\",\"item\":\"https:\\\/\\\/miumjau.ee\\\/lt\\\/parduotuve\\\/\"},{\"@type\":\"ListItem\",\"position\":3,\"name\":\"Brit Care Soup tuno sriuba kat\u0117ms 75 g\"}]},{\"@type\":\"WebSite\",\"@id\":\"https:\\\/\\\/miumjau.ee\\\/#website\",\"url\":\"https:\\\/\\\/miumjau.ee\\\/\",\"name\":\"MiuMjau\",\"description\":\"Kraapimispuud kassidele\",\"publisher\":{\"@id\":\"https:\\\/\\\/miumjau.ee\\\/#organization\"},\"potentialAction\":[{\"@type\":\"SearchAction\",\"target\":{\"@type\":\"EntryPoint\",\"urlTemplate\":\"https:\\\/\\\/miumjau.ee\\\/?s={search_term_string}\"},\"query-input\":{\"@type\":\"PropertyValueSpecification\",\"valueRequired\":true,\"valueName\":\"search_term_string\"}}],\"inLanguage\":\"lt-LT\"},{\"@type\":\"Organization\",\"@id\":\"https:\\\/\\\/miumjau.ee\\\/#organization\",\"name\":\"MiuMjau O\u00dc\",\"url\":\"https:\\\/\\\/miumjau.ee\\\/\",\"logo\":{\"@type\":\"ImageObject\",\"inLanguage\":\"lt-LT\",\"@id\":\"https:\\\/\\\/miumjau.ee\\\/#\\\/schema\\\/logo\\\/image\\\/\",\"url\":\"https:\\\/\\\/miumjau.ee\\\/wp-content\\\/uploads\\\/2022\\\/04\\\/MiuMjau-logo-kollane.png\",\"contentUrl\":\"https:\\\/\\\/miumjau.ee\\\/wp-content\\\/uploads\\\/2022\\\/04\\\/MiuMjau-logo-kollane.png\",\"width\":219,\"height\":100,\"caption\":\"MiuMjau O\u00dc\"},\"image\":{\"@id\":\"https:\\\/\\\/miumjau.ee\\\/#\\\/schema\\\/logo\\\/image\\\/\"},\"sameAs\":[\"https:\\\/\\\/www.facebook.com\\\/miumjaupood\\\/\"]}]}<\/script>\n<!-- \/ Yoast SEO plugin. -->","yoast_head_json":{"title":"Brit Care Soup tuno sriuba kat\u0117ms 75 g - MiuMjau","robots":{"index":"index","follow":"follow","max-snippet":"max-snippet:-1","max-image-preview":"max-image-preview:large","max-video-preview":"max-video-preview:-1"},"canonical":"https:\/\/miumjau.ee\/lt\/produktas\/brit-care-soup-tuno-sriuba-katems-75-g\/","og_locale":"lt_LT","og_type":"article","og_title":"Brit Care Soup tuno sriuba kat\u0117ms 75 g - MiuMjau","og_description":"Begr\u016bd\u0173 pa\u0161aro papildas kat\u0117ms \u2013 tuno sriuba suaugusioms kat\u0117ms. Tinka sterilizuotoms kat\u0117ms. Be gr\u016bd\u0173.Be GMO \/ be sojos \/ be prid\u0117tinio cukraus.Tinka sterilizuotoms kat\u0117ms \u2013 L-metioninas.Su taurinu.Maistingas, raminantis \u2013 kat\u017eol\u0117, antistresin\u0117 funkcija.Prebiotikai \u2013 fruktooligosacharidai, padeda palaikyti sveik\u0105 \u017earnyno aplink\u0105.Probiotikai \u2013 inaktyvuoti Lactobacillus, imunomoduliuojantis poveikis. Sud\u0117tis: Geriamasis vanduo, 16% vi\u0161tiena, 4% tunas, 0,5% hidrolizuotos kepenys, 0,5% lignoceliulioz\u0117, d\u017eiovinta kat\u017eol\u0117 (100 mg\/kg), fruktooligosacharidai (100 mg\/kg), inaktyvuotos bakterijos ir j\u0173 dalys (Lactobacillus helveticus HA \u2013 122, 1,5 \u00d7 10\u2078 l\u0105steli\u0173\/kg). Analitin\u0117s sudedamosios dalys:\u017dali baltymai 2,0%, \u017eali riebalai 1,0%, \u017eali pelenai 0,5%, \u017ealia l\u0105steliena 0,2%, dr\u0117gm\u0117 95,0%, kalcis 0,01%, fosforas 0,02%, natris 0,05%. Pa\u0161ar\u0173 priedai:L-metioninas (3c305) 500 mg, taurinas (3a370) 500 mg. Metabolizuojama energija 225 kcal\/kg. \u0160\u0117rimo rekomendacijos: Puikiai tinka hidratacijai gerinti. Brit Care Cat Soup Tuna galima naudoti apetitui skatinti arba mai\u0161yti su sausu pa\u0161aru. Duoti kambario temperat\u016bros kaip papildom\u0105 pa\u0161ar\u0105. Rekomenduojama dienos norma gali skirtis priklausomai nuo kat\u0117s am\u017eiaus, aktyvumo ir aplinkos. Tinkama norma suaugusiai katei \u2013 2 porcijos per dien\u0105. Visada palikite \u0161vie\u017eio vandens. Laikyti v\u0117sioje, sausoje vietoje, saugoti nuo tiesiogini\u0173 saul\u0117s spinduli\u0173. Atidarius laikyti \u0161aldytuve ir sunaudoti per 3 dienas. Ypa\u010d skanu \u2013 j\u016bs\u0173 kat\u0117 pagirs jus u\u017e puik\u0173 pirkin\u012f!","og_url":"https:\/\/miumjau.ee\/lt\/produktas\/brit-care-soup-tuno-sriuba-katems-75-g\/","og_site_name":"MiuMjau","article_publisher":"https:\/\/www.facebook.com\/miumjaupood\/","og_image":[{"width":600,"height":800,"url":"https:\/\/miumjau.ee\/wp-content\/uploads\/2024\/10\/brit-care-soup1.jpg","type":"image\/jpeg"}],"twitter_card":"summary_large_image","schema":{"@context":"https:\/\/schema.org","@graph":[{"@type":"WebPage","@id":"https:\/\/miumjau.ee\/lt\/produktas\/brit-care-soup-tuno-sriuba-katems-75-g\/","url":"https:\/\/miumjau.ee\/lt\/produktas\/brit-care-soup-tuno-sriuba-katems-75-g\/","name":"Brit Care Soup tuno sriuba kat\u0117ms 75 g - MiuMjau","isPartOf":{"@id":"https:\/\/miumjau.ee\/#website"},"primaryImageOfPage":{"@id":"https:\/\/miumjau.ee\/lt\/produktas\/brit-care-soup-tuno-sriuba-katems-75-g\/#primaryimage"},"image":{"@id":"https:\/\/miumjau.ee\/lt\/produktas\/brit-care-soup-tuno-sriuba-katems-75-g\/#primaryimage"},"thumbnailUrl":"https:\/\/miumjau.ee\/wp-content\/uploads\/2024\/10\/brit-care-soup1.jpg","datePublished":"2024-10-24T18:28:29+00:00","breadcrumb":{"@id":"https:\/\/miumjau.ee\/lt\/produktas\/brit-care-soup-tuno-sriuba-katems-75-g\/#breadcrumb"},"inLanguage":"lt-LT","potentialAction":[{"@type":"ReadAction","target":["https:\/\/miumjau.ee\/lt\/produktas\/brit-care-soup-tuno-sriuba-katems-75-g\/"]}]},{"@type":"ImageObject","inLanguage":"lt-LT","@id":"https:\/\/miumjau.ee\/lt\/produktas\/brit-care-soup-tuno-sriuba-katems-75-g\/#primaryimage","url":"https:\/\/miumjau.ee\/wp-content\/uploads\/2024\/10\/brit-care-soup1.jpg","contentUrl":"https:\/\/miumjau.ee\/wp-content\/uploads\/2024\/10\/brit-care-soup1.jpg","width":600,"height":800},{"@type":"BreadcrumbList","@id":"https:\/\/miumjau.ee\/lt\/produktas\/brit-care-soup-tuno-sriuba-katems-75-g\/#breadcrumb","itemListElement":[{"@type":"ListItem","position":1,"name":"Home","item":"https:\/\/miumjau.ee\/lt\/"},{"@type":"ListItem","position":2,"name":"Parduotuv\u0117","item":"https:\/\/miumjau.ee\/lt\/parduotuve\/"},{"@type":"ListItem","position":3,"name":"Brit Care Soup tuno sriuba kat\u0117ms 75 g"}]},{"@type":"WebSite","@id":"https:\/\/miumjau.ee\/#website","url":"https:\/\/miumjau.ee\/","name":"MiuMjau","description":"Kraapimispuud kassidele","publisher":{"@id":"https:\/\/miumjau.ee\/#organization"},"potentialAction":[{"@type":"SearchAction","target":{"@type":"EntryPoint","urlTemplate":"https:\/\/miumjau.ee\/?s={search_term_string}"},"query-input":{"@type":"PropertyValueSpecification","valueRequired":true,"valueName":"search_term_string"}}],"inLanguage":"lt-LT"},{"@type":"Organization","@id":"https:\/\/miumjau.ee\/#organization","name":"MiuMjau O\u00dc","url":"https:\/\/miumjau.ee\/","logo":{"@type":"ImageObject","inLanguage":"lt-LT","@id":"https:\/\/miumjau.ee\/#\/schema\/logo\/image\/","url":"https:\/\/miumjau.ee\/wp-content\/uploads\/2022\/04\/MiuMjau-logo-kollane.png","contentUrl":"https:\/\/miumjau.ee\/wp-content\/uploads\/2022\/04\/MiuMjau-logo-kollane.png","width":219,"height":100,"caption":"MiuMjau O\u00dc"},"image":{"@id":"https:\/\/miumjau.ee\/#\/schema\/logo\/image\/"},"sameAs":["https:\/\/www.facebook.com\/miumjaupood\/"]}]}},"_links":{"self":[{"href":"https:\/\/miumjau.ee\/lt\/wp-json\/wp\/v2\/product\/56205","targetHints":{"allow":["GET"]}}],"collection":[{"href":"https:\/\/miumjau.ee\/lt\/wp-json\/wp\/v2\/product"}],"about":[{"href":"https:\/\/miumjau.ee\/lt\/wp-json\/wp\/v2\/types\/product"}],"wp:featuredmedia":[{"embeddable":true,"href":"https:\/\/miumjau.ee\/lt\/wp-json\/wp\/v2\/media\/56206"}],"wp:attachment":[{"href":"https:\/\/miumjau.ee\/lt\/wp-json\/wp\/v2\/media?parent=56205"}],"wp:term":[{"taxonomy":"product_brand","embeddable":true,"href":"https:\/\/miumjau.ee\/lt\/wp-json\/wp\/v2\/product_brand?post=56205"},{"taxonomy":"product_cat","embeddable":true,"href":"https:\/\/miumjau.ee\/lt\/wp-json\/wp\/v2\/product_cat?post=56205"},{"taxonomy":"product_tag","embeddable":true,"href":"https:\/\/miumjau.ee\/lt\/wp-json\/wp\/v2\/product_tag?post=56205"}],"curies":[{"name":"wp","href":"https:\/\/api.w.org\/{rel}","templated":true}]}}