{"id":56200,"date":"2024-10-24T21:25:16","date_gmt":"2024-10-24T18:25:16","guid":{"rendered":"https:\/\/miumjau.ee\/toode\/brit-care-soup-lasisos-sriuba-katems-75-g\/"},"modified":"2024-10-24T21:25:16","modified_gmt":"2024-10-24T18:25:16","slug":"brit-care-soup-lasisos-sriuba-katems-75-g","status":"publish","type":"product","link":"https:\/\/miumjau.ee\/lt\/produktas\/brit-care-soup-lasisos-sriuba-katems-75-g\/","title":{"rendered":"Brit Care Soup la\u0161i\u0161os sriuba kat\u0117ms 75 g"},"content":{"rendered":"","protected":false},"excerpt":{"rendered":"<p data-start=\"43\" data-end=\"106\">Brit Care begr\u016bdis dr\u0117gnas papildomas pa\u0161aras kat\u0117ms su la\u0161i\u0161a.<\/p>\n<p data-start=\"108\" data-end=\"496\">Sud\u0117tyje yra probiotik\u0173 \u2013 inaktyvuot\u0173 Lactobacillus, kurie palaiko imunitet\u0105.<br data-start=\"185\" data-end=\"188\" \/>Sud\u0117tyje yra prebiotik\u0173 \u2013 fruktooligosacharidai palaiko \u017earnyno mikroflor\u0105.<br data-start=\"263\" data-end=\"266\" \/>Apetit\u0105 skatinantis ir raminantis \u2013 sud\u0117tyje yra kat\u017eol\u0117s, kuri padeda ma\u017einti stres\u0105.<br data-start=\"352\" data-end=\"355\" \/>Sud\u0117tyje yra taurino.<br data-start=\"376\" data-end=\"379\" \/>Tinka sterilizuotoms kat\u0117ms \u2013 sud\u0117tyje yra L-metionino.<br data-start=\"434\" data-end=\"437\" \/>Be gr\u016bd\u0173.<br data-start=\"446\" data-end=\"449\" \/>Sud\u0117tyje n\u0117ra GMO, sojos ir prid\u0117tinio cukraus.<\/p>\n<p data-start=\"498\" data-end=\"767\">Sud\u0117tis \u2013 Geriamasis vanduo, 16 % vi\u0161tiena, 4 % la\u0161i\u0161a, 0,5 % hidrolizuotos kepenys, 0,5 % lignoceliulioz\u0117, d\u017eiovinta kat\u017eol\u0117 (100 mg\/kg), fruktooligosacharidai (100 mg\/kg), inaktyvuotos bakterijos ir j\u0173 dalys (Lactobacillus helveticus HA \u2013 122, 1,5 \u00d7 10\u2078 l\u0105steli\u0173\/kg).<\/p>\n<p data-start=\"769\" data-end=\"948\">Analitin\u0117s sudedamosios dalys \u2013 \u017dali baltymai 2,0 %, \u017eali riebalai 1,0 %, \u017ealia l\u0105steliena 0,2 %, \u017eali pelenai 0,5 %, dr\u0117gm\u0117 95,0 %, kalcis 0,01 %, fosforas 0,02 %, natris 0,05 %.<\/p>\n<p data-start=\"950\" data-end=\"1020\">Pa\u0161ar\u0173 priedai \u2013 L-metioninas (3c305) 500 mg, taurinas (3a370) 500 mg.<\/p>\n<p data-start=\"1022\" data-end=\"1060\">Metabolizuojama energija \u2013 225 kcal\/kg<\/p>\n<p data-start=\"1062\" data-end=\"1630\" data-is-last-node=\"\" data-is-only-node=\"\">\u0160\u0117rimo rekomendacijos \u2013 Idealiai tinka kat\u0117s hidratacijos lygiui padidinti. Apetitui padidinti papildomas pa\u0161aras gali b\u016bti naudojamas kaip skanus priedas prie sauso pa\u0161aro. Patiekti kambario temperat\u016bros kaip pried\u0105 prie \u012fprasto pa\u0161aro. Rekomenduojama dienos norma gali skirtis priklausomai nuo kat\u0117s am\u017eiaus, aktyvumo ir aplinkos. Tinkama norma vidutinei suaugusiai katei \u2013 2 porcijos per dien\u0105. Visada duokite katei \u0161vie\u017eio geriamojo vandens. Laikyti sausai ir v\u0117siai, saugoti nuo tiesiogini\u0173 saul\u0117s spinduli\u0173. Atidarius laikyti \u0161aldytuve ir sunaudoti per 3 dienas.<\/p>\n","protected":false},"featured_media":56201,"template":"","meta":[],"product_brand":[],"product_cat":[526],"product_tag":[],"class_list":{"0":"post-56200","1":"product","2":"type-product","3":"status-publish","4":"has-post-thumbnail","6":"product_cat-slapias-maistas","8":"first","9":"outofstock","10":"taxable","11":"shipping-taxable","12":"purchasable","13":"product-type-simple"},"yoast_head":"<!-- This site is optimized with the Yoast SEO plugin v27.4 - https:\/\/yoast.com\/product\/yoast-seo-wordpress\/ -->\n<title>Brit Care Soup la\u0161i\u0161os sriuba kat\u0117ms 75 g - MiuMjau<\/title>\n<meta name=\"robots\" content=\"index, follow, max-snippet:-1, max-image-preview:large, max-video-preview:-1\" \/>\n<link rel=\"canonical\" href=\"https:\/\/miumjau.ee\/lt\/produktas\/brit-care-soup-lasisos-sriuba-katems-75-g\/\" \/>\n<meta property=\"og:locale\" content=\"lt_LT\" \/>\n<meta property=\"og:type\" content=\"article\" \/>\n<meta property=\"og:title\" content=\"Brit Care Soup la\u0161i\u0161os sriuba kat\u0117ms 75 g - MiuMjau\" \/>\n<meta property=\"og:description\" content=\"Brit Care begr\u016bdis dr\u0117gnas papildomas pa\u0161aras kat\u0117ms su la\u0161i\u0161a. Sud\u0117tyje yra probiotik\u0173 \u2013 inaktyvuot\u0173 Lactobacillus, kurie palaiko imunitet\u0105.Sud\u0117tyje yra prebiotik\u0173 \u2013 fruktooligosacharidai palaiko \u017earnyno mikroflor\u0105.Apetit\u0105 skatinantis ir raminantis \u2013 sud\u0117tyje yra kat\u017eol\u0117s, kuri padeda ma\u017einti stres\u0105.Sud\u0117tyje yra taurino.Tinka sterilizuotoms kat\u0117ms \u2013 sud\u0117tyje yra L-metionino.Be gr\u016bd\u0173.Sud\u0117tyje n\u0117ra GMO, sojos ir prid\u0117tinio cukraus. Sud\u0117tis \u2013 Geriamasis vanduo, 16 % vi\u0161tiena, 4 % la\u0161i\u0161a, 0,5 % hidrolizuotos kepenys, 0,5 % lignoceliulioz\u0117, d\u017eiovinta kat\u017eol\u0117 (100 mg\/kg), fruktooligosacharidai (100 mg\/kg), inaktyvuotos bakterijos ir j\u0173 dalys (Lactobacillus helveticus HA \u2013 122, 1,5 \u00d7 10\u2078 l\u0105steli\u0173\/kg). Analitin\u0117s sudedamosios dalys \u2013 \u017dali baltymai 2,0 %, \u017eali riebalai 1,0 %, \u017ealia l\u0105steliena 0,2 %, \u017eali pelenai 0,5 %, dr\u0117gm\u0117 95,0 %, kalcis 0,01 %, fosforas 0,02 %, natris 0,05 %. Pa\u0161ar\u0173 priedai \u2013 L-metioninas (3c305) 500 mg, taurinas (3a370) 500 mg. Metabolizuojama energija \u2013 225 kcal\/kg \u0160\u0117rimo rekomendacijos \u2013 Idealiai tinka kat\u0117s hidratacijos lygiui padidinti. Apetitui padidinti papildomas pa\u0161aras gali b\u016bti naudojamas kaip skanus priedas prie sauso pa\u0161aro. Patiekti kambario temperat\u016bros kaip pried\u0105 prie \u012fprasto pa\u0161aro. Rekomenduojama dienos norma gali skirtis priklausomai nuo kat\u0117s am\u017eiaus, aktyvumo ir aplinkos. Tinkama norma vidutinei suaugusiai katei \u2013 2 porcijos per dien\u0105. Visada duokite katei \u0161vie\u017eio geriamojo vandens. Laikyti sausai ir v\u0117siai, saugoti nuo tiesiogini\u0173 saul\u0117s spinduli\u0173. Atidarius laikyti \u0161aldytuve ir sunaudoti per 3 dienas.\" \/>\n<meta property=\"og:url\" content=\"https:\/\/miumjau.ee\/lt\/produktas\/brit-care-soup-lasisos-sriuba-katems-75-g\/\" \/>\n<meta property=\"og:site_name\" content=\"MiuMjau\" \/>\n<meta property=\"article:publisher\" content=\"https:\/\/www.facebook.com\/miumjaupood\/\" \/>\n<meta property=\"og:image\" content=\"https:\/\/miumjau.ee\/wp-content\/uploads\/2024\/10\/brit-care-soup3.jpg\" \/>\n\t<meta property=\"og:image:width\" content=\"600\" \/>\n\t<meta property=\"og:image:height\" content=\"800\" \/>\n\t<meta property=\"og:image:type\" content=\"image\/jpeg\" \/>\n<meta name=\"twitter:card\" content=\"summary_large_image\" \/>\n<script type=\"application\/ld+json\" class=\"yoast-schema-graph\">{\"@context\":\"https:\\\/\\\/schema.org\",\"@graph\":[{\"@type\":\"WebPage\",\"@id\":\"https:\\\/\\\/miumjau.ee\\\/lt\\\/produktas\\\/brit-care-soup-lasisos-sriuba-katems-75-g\\\/\",\"url\":\"https:\\\/\\\/miumjau.ee\\\/lt\\\/produktas\\\/brit-care-soup-lasisos-sriuba-katems-75-g\\\/\",\"name\":\"Brit Care Soup la\u0161i\u0161os sriuba kat\u0117ms 75 g - MiuMjau\",\"isPartOf\":{\"@id\":\"https:\\\/\\\/miumjau.ee\\\/#website\"},\"primaryImageOfPage\":{\"@id\":\"https:\\\/\\\/miumjau.ee\\\/lt\\\/produktas\\\/brit-care-soup-lasisos-sriuba-katems-75-g\\\/#primaryimage\"},\"image\":{\"@id\":\"https:\\\/\\\/miumjau.ee\\\/lt\\\/produktas\\\/brit-care-soup-lasisos-sriuba-katems-75-g\\\/#primaryimage\"},\"thumbnailUrl\":\"https:\\\/\\\/miumjau.ee\\\/wp-content\\\/uploads\\\/2024\\\/10\\\/brit-care-soup3.jpg\",\"datePublished\":\"2024-10-24T18:25:16+00:00\",\"breadcrumb\":{\"@id\":\"https:\\\/\\\/miumjau.ee\\\/lt\\\/produktas\\\/brit-care-soup-lasisos-sriuba-katems-75-g\\\/#breadcrumb\"},\"inLanguage\":\"lt-LT\",\"potentialAction\":[{\"@type\":\"ReadAction\",\"target\":[\"https:\\\/\\\/miumjau.ee\\\/lt\\\/produktas\\\/brit-care-soup-lasisos-sriuba-katems-75-g\\\/\"]}]},{\"@type\":\"ImageObject\",\"inLanguage\":\"lt-LT\",\"@id\":\"https:\\\/\\\/miumjau.ee\\\/lt\\\/produktas\\\/brit-care-soup-lasisos-sriuba-katems-75-g\\\/#primaryimage\",\"url\":\"https:\\\/\\\/miumjau.ee\\\/wp-content\\\/uploads\\\/2024\\\/10\\\/brit-care-soup3.jpg\",\"contentUrl\":\"https:\\\/\\\/miumjau.ee\\\/wp-content\\\/uploads\\\/2024\\\/10\\\/brit-care-soup3.jpg\",\"width\":600,\"height\":800},{\"@type\":\"BreadcrumbList\",\"@id\":\"https:\\\/\\\/miumjau.ee\\\/lt\\\/produktas\\\/brit-care-soup-lasisos-sriuba-katems-75-g\\\/#breadcrumb\",\"itemListElement\":[{\"@type\":\"ListItem\",\"position\":1,\"name\":\"Home\",\"item\":\"https:\\\/\\\/miumjau.ee\\\/lt\\\/\"},{\"@type\":\"ListItem\",\"position\":2,\"name\":\"Parduotuv\u0117\",\"item\":\"https:\\\/\\\/miumjau.ee\\\/lt\\\/parduotuve\\\/\"},{\"@type\":\"ListItem\",\"position\":3,\"name\":\"Brit Care Soup la\u0161i\u0161os sriuba kat\u0117ms 75 g\"}]},{\"@type\":\"WebSite\",\"@id\":\"https:\\\/\\\/miumjau.ee\\\/#website\",\"url\":\"https:\\\/\\\/miumjau.ee\\\/\",\"name\":\"MiuMjau\",\"description\":\"Kraapimispuud kassidele\",\"publisher\":{\"@id\":\"https:\\\/\\\/miumjau.ee\\\/#organization\"},\"potentialAction\":[{\"@type\":\"SearchAction\",\"target\":{\"@type\":\"EntryPoint\",\"urlTemplate\":\"https:\\\/\\\/miumjau.ee\\\/?s={search_term_string}\"},\"query-input\":{\"@type\":\"PropertyValueSpecification\",\"valueRequired\":true,\"valueName\":\"search_term_string\"}}],\"inLanguage\":\"lt-LT\"},{\"@type\":\"Organization\",\"@id\":\"https:\\\/\\\/miumjau.ee\\\/#organization\",\"name\":\"MiuMjau O\u00dc\",\"url\":\"https:\\\/\\\/miumjau.ee\\\/\",\"logo\":{\"@type\":\"ImageObject\",\"inLanguage\":\"lt-LT\",\"@id\":\"https:\\\/\\\/miumjau.ee\\\/#\\\/schema\\\/logo\\\/image\\\/\",\"url\":\"https:\\\/\\\/miumjau.ee\\\/wp-content\\\/uploads\\\/2022\\\/04\\\/MiuMjau-logo-kollane.png\",\"contentUrl\":\"https:\\\/\\\/miumjau.ee\\\/wp-content\\\/uploads\\\/2022\\\/04\\\/MiuMjau-logo-kollane.png\",\"width\":219,\"height\":100,\"caption\":\"MiuMjau O\u00dc\"},\"image\":{\"@id\":\"https:\\\/\\\/miumjau.ee\\\/#\\\/schema\\\/logo\\\/image\\\/\"},\"sameAs\":[\"https:\\\/\\\/www.facebook.com\\\/miumjaupood\\\/\"]}]}<\/script>\n<!-- \/ Yoast SEO plugin. -->","yoast_head_json":{"title":"Brit Care Soup la\u0161i\u0161os sriuba kat\u0117ms 75 g - MiuMjau","robots":{"index":"index","follow":"follow","max-snippet":"max-snippet:-1","max-image-preview":"max-image-preview:large","max-video-preview":"max-video-preview:-1"},"canonical":"https:\/\/miumjau.ee\/lt\/produktas\/brit-care-soup-lasisos-sriuba-katems-75-g\/","og_locale":"lt_LT","og_type":"article","og_title":"Brit Care Soup la\u0161i\u0161os sriuba kat\u0117ms 75 g - MiuMjau","og_description":"Brit Care begr\u016bdis dr\u0117gnas papildomas pa\u0161aras kat\u0117ms su la\u0161i\u0161a. Sud\u0117tyje yra probiotik\u0173 \u2013 inaktyvuot\u0173 Lactobacillus, kurie palaiko imunitet\u0105.Sud\u0117tyje yra prebiotik\u0173 \u2013 fruktooligosacharidai palaiko \u017earnyno mikroflor\u0105.Apetit\u0105 skatinantis ir raminantis \u2013 sud\u0117tyje yra kat\u017eol\u0117s, kuri padeda ma\u017einti stres\u0105.Sud\u0117tyje yra taurino.Tinka sterilizuotoms kat\u0117ms \u2013 sud\u0117tyje yra L-metionino.Be gr\u016bd\u0173.Sud\u0117tyje n\u0117ra GMO, sojos ir prid\u0117tinio cukraus. Sud\u0117tis \u2013 Geriamasis vanduo, 16 % vi\u0161tiena, 4 % la\u0161i\u0161a, 0,5 % hidrolizuotos kepenys, 0,5 % lignoceliulioz\u0117, d\u017eiovinta kat\u017eol\u0117 (100 mg\/kg), fruktooligosacharidai (100 mg\/kg), inaktyvuotos bakterijos ir j\u0173 dalys (Lactobacillus helveticus HA \u2013 122, 1,5 \u00d7 10\u2078 l\u0105steli\u0173\/kg). Analitin\u0117s sudedamosios dalys \u2013 \u017dali baltymai 2,0 %, \u017eali riebalai 1,0 %, \u017ealia l\u0105steliena 0,2 %, \u017eali pelenai 0,5 %, dr\u0117gm\u0117 95,0 %, kalcis 0,01 %, fosforas 0,02 %, natris 0,05 %. Pa\u0161ar\u0173 priedai \u2013 L-metioninas (3c305) 500 mg, taurinas (3a370) 500 mg. Metabolizuojama energija \u2013 225 kcal\/kg \u0160\u0117rimo rekomendacijos \u2013 Idealiai tinka kat\u0117s hidratacijos lygiui padidinti. Apetitui padidinti papildomas pa\u0161aras gali b\u016bti naudojamas kaip skanus priedas prie sauso pa\u0161aro. Patiekti kambario temperat\u016bros kaip pried\u0105 prie \u012fprasto pa\u0161aro. Rekomenduojama dienos norma gali skirtis priklausomai nuo kat\u0117s am\u017eiaus, aktyvumo ir aplinkos. Tinkama norma vidutinei suaugusiai katei \u2013 2 porcijos per dien\u0105. Visada duokite katei \u0161vie\u017eio geriamojo vandens. Laikyti sausai ir v\u0117siai, saugoti nuo tiesiogini\u0173 saul\u0117s spinduli\u0173. Atidarius laikyti \u0161aldytuve ir sunaudoti per 3 dienas.","og_url":"https:\/\/miumjau.ee\/lt\/produktas\/brit-care-soup-lasisos-sriuba-katems-75-g\/","og_site_name":"MiuMjau","article_publisher":"https:\/\/www.facebook.com\/miumjaupood\/","og_image":[{"width":600,"height":800,"url":"https:\/\/miumjau.ee\/wp-content\/uploads\/2024\/10\/brit-care-soup3.jpg","type":"image\/jpeg"}],"twitter_card":"summary_large_image","schema":{"@context":"https:\/\/schema.org","@graph":[{"@type":"WebPage","@id":"https:\/\/miumjau.ee\/lt\/produktas\/brit-care-soup-lasisos-sriuba-katems-75-g\/","url":"https:\/\/miumjau.ee\/lt\/produktas\/brit-care-soup-lasisos-sriuba-katems-75-g\/","name":"Brit Care Soup la\u0161i\u0161os sriuba kat\u0117ms 75 g - MiuMjau","isPartOf":{"@id":"https:\/\/miumjau.ee\/#website"},"primaryImageOfPage":{"@id":"https:\/\/miumjau.ee\/lt\/produktas\/brit-care-soup-lasisos-sriuba-katems-75-g\/#primaryimage"},"image":{"@id":"https:\/\/miumjau.ee\/lt\/produktas\/brit-care-soup-lasisos-sriuba-katems-75-g\/#primaryimage"},"thumbnailUrl":"https:\/\/miumjau.ee\/wp-content\/uploads\/2024\/10\/brit-care-soup3.jpg","datePublished":"2024-10-24T18:25:16+00:00","breadcrumb":{"@id":"https:\/\/miumjau.ee\/lt\/produktas\/brit-care-soup-lasisos-sriuba-katems-75-g\/#breadcrumb"},"inLanguage":"lt-LT","potentialAction":[{"@type":"ReadAction","target":["https:\/\/miumjau.ee\/lt\/produktas\/brit-care-soup-lasisos-sriuba-katems-75-g\/"]}]},{"@type":"ImageObject","inLanguage":"lt-LT","@id":"https:\/\/miumjau.ee\/lt\/produktas\/brit-care-soup-lasisos-sriuba-katems-75-g\/#primaryimage","url":"https:\/\/miumjau.ee\/wp-content\/uploads\/2024\/10\/brit-care-soup3.jpg","contentUrl":"https:\/\/miumjau.ee\/wp-content\/uploads\/2024\/10\/brit-care-soup3.jpg","width":600,"height":800},{"@type":"BreadcrumbList","@id":"https:\/\/miumjau.ee\/lt\/produktas\/brit-care-soup-lasisos-sriuba-katems-75-g\/#breadcrumb","itemListElement":[{"@type":"ListItem","position":1,"name":"Home","item":"https:\/\/miumjau.ee\/lt\/"},{"@type":"ListItem","position":2,"name":"Parduotuv\u0117","item":"https:\/\/miumjau.ee\/lt\/parduotuve\/"},{"@type":"ListItem","position":3,"name":"Brit Care Soup la\u0161i\u0161os sriuba kat\u0117ms 75 g"}]},{"@type":"WebSite","@id":"https:\/\/miumjau.ee\/#website","url":"https:\/\/miumjau.ee\/","name":"MiuMjau","description":"Kraapimispuud kassidele","publisher":{"@id":"https:\/\/miumjau.ee\/#organization"},"potentialAction":[{"@type":"SearchAction","target":{"@type":"EntryPoint","urlTemplate":"https:\/\/miumjau.ee\/?s={search_term_string}"},"query-input":{"@type":"PropertyValueSpecification","valueRequired":true,"valueName":"search_term_string"}}],"inLanguage":"lt-LT"},{"@type":"Organization","@id":"https:\/\/miumjau.ee\/#organization","name":"MiuMjau O\u00dc","url":"https:\/\/miumjau.ee\/","logo":{"@type":"ImageObject","inLanguage":"lt-LT","@id":"https:\/\/miumjau.ee\/#\/schema\/logo\/image\/","url":"https:\/\/miumjau.ee\/wp-content\/uploads\/2022\/04\/MiuMjau-logo-kollane.png","contentUrl":"https:\/\/miumjau.ee\/wp-content\/uploads\/2022\/04\/MiuMjau-logo-kollane.png","width":219,"height":100,"caption":"MiuMjau O\u00dc"},"image":{"@id":"https:\/\/miumjau.ee\/#\/schema\/logo\/image\/"},"sameAs":["https:\/\/www.facebook.com\/miumjaupood\/"]}]}},"_links":{"self":[{"href":"https:\/\/miumjau.ee\/lt\/wp-json\/wp\/v2\/product\/56200","targetHints":{"allow":["GET"]}}],"collection":[{"href":"https:\/\/miumjau.ee\/lt\/wp-json\/wp\/v2\/product"}],"about":[{"href":"https:\/\/miumjau.ee\/lt\/wp-json\/wp\/v2\/types\/product"}],"wp:featuredmedia":[{"embeddable":true,"href":"https:\/\/miumjau.ee\/lt\/wp-json\/wp\/v2\/media\/56201"}],"wp:attachment":[{"href":"https:\/\/miumjau.ee\/lt\/wp-json\/wp\/v2\/media?parent=56200"}],"wp:term":[{"taxonomy":"product_brand","embeddable":true,"href":"https:\/\/miumjau.ee\/lt\/wp-json\/wp\/v2\/product_brand?post=56200"},{"taxonomy":"product_cat","embeddable":true,"href":"https:\/\/miumjau.ee\/lt\/wp-json\/wp\/v2\/product_cat?post=56200"},{"taxonomy":"product_tag","embeddable":true,"href":"https:\/\/miumjau.ee\/lt\/wp-json\/wp\/v2\/product_tag?post=56200"}],"curies":[{"name":"wp","href":"https:\/\/api.w.org\/{rel}","templated":true}]}}