{"id":55931,"date":"2024-11-13T12:34:17","date_gmt":"2024-11-13T10:34:17","guid":{"rendered":"https:\/\/miumjau.ee\/toode\/churu-bites-skanestas-katems-su-vistiena-ir-tunu-30-g\/"},"modified":"2024-11-13T12:34:17","modified_gmt":"2024-11-13T10:34:17","slug":"churu-bites-skanestas-katems-su-vistiena-ir-tunu-30-g","status":"publish","type":"product","link":"https:\/\/miumjau.ee\/lt\/produktas\/churu-bites-skanestas-katems-su-vistiena-ir-tunu-30-g\/","title":{"rendered":"Churu Bites skan\u0117stas kat\u0117ms su vi\u0161tiena ir tunu 30 g"},"content":{"rendered":"","protected":false},"excerpt":{"rendered":"<p data-start=\"1175\" data-end=\"1516\">Pagalv\u0117l\u0117s formos be gr\u016bd\u0173 skan\u0117stai kat\u0117ms su vi\u0161tiena ir tunu. Churu Bites \u2013 mink\u0161tas pagalv\u0117l\u0117s formos nat\u016bralus skan\u0117stas su vi\u0161tiena ir tunu, praturtintas \u017ealiosios arbatos ekstraktu ir vitaminu E. Be gr\u016bd\u0173, konservant\u0173 ir dirbtini\u0173 da\u017eikli\u0173. Kiekvienoje pakuot\u0117je yra trys atskiros pakuot\u0117s, kad b\u016bt\u0173 i\u0161laikytas maksimalus \u0161vie\u017eumas.<\/p>\n<p data-start=\"1518\" data-end=\"1584\">Pagaminta i\u0161 100% fermose augintos vi\u0161tienos ir nat\u016bralaus tuno.<\/p>\n<p data-start=\"1586\" data-end=\"1805\"><strong data-start=\"1586\" data-end=\"1605\">Priedai \/ 1 kg:<\/strong><br data-start=\"1605\" data-end=\"1608\" \/>Pa\u0161aro priedai: vitaminas E (3a700) 121 mg<br data-start=\"1650\" data-end=\"1653\" \/>Technologiniai priedai: guaro guma (E412) 6,3 g<br data-start=\"1700\" data-end=\"1703\" \/>Sensoriniai priedai: kvapiosios med\u017eiagos<br data-start=\"1744\" data-end=\"1747\" \/>Da\u017eikliai: nat\u016bralios kilm\u0117s \u2013 paprikos ekstraktas 0,1 g<\/p>\n<p data-start=\"1807\" data-end=\"1851\"><strong data-start=\"1807\" data-end=\"1836\">Metabolizuojama energija:<\/strong> 1500 kcal\/kg<\/p>\n<p data-start=\"1853\" data-end=\"2097\"><strong data-start=\"1853\" data-end=\"1879\">\u0160\u0117rimo rekomendacijos:<\/strong> Naudoti kaip pa\u0161aro pried\u0105. Visada u\u017etikrinkite \u0161vie\u017eio geriamo vandens prieinamum\u0105. Atidarius laikyti \u0161aldytuve ir suvartoti kuo grei\u010diau. Laikyti v\u0117sioje, sausoje vietoje, saugoti nuo tiesiogini\u0173 saul\u0117s spinduli\u0173.<\/p>\n<p data-start=\"2099\" data-end=\"2143\" data-is-last-node=\"\" data-is-only-node=\"\"><strong data-start=\"2099\" data-end=\"2119\">Grynasis kiekis:<\/strong> 10 g \u00d7 3 pakuot\u0117s, 30 g<\/p>\n","protected":false},"featured_media":55933,"template":"","meta":[],"product_brand":[],"product_cat":[527],"product_tag":[],"class_list":{"0":"post-55931","1":"product","2":"type-product","3":"status-publish","4":"has-post-thumbnail","6":"product_cat-skanestai","8":"first","9":"instock","10":"sale","11":"taxable","12":"shipping-taxable","13":"purchasable","14":"product-type-simple"},"yoast_head":"<!-- This site is optimized with the Yoast SEO plugin v27.4 - https:\/\/yoast.com\/product\/yoast-seo-wordpress\/ -->\n<title>Churu Bites skan\u0117stas kat\u0117ms su vi\u0161tiena ir tunu 30 g - MiuMjau<\/title>\n<meta name=\"robots\" content=\"index, follow, max-snippet:-1, max-image-preview:large, max-video-preview:-1\" \/>\n<link rel=\"canonical\" href=\"https:\/\/miumjau.ee\/lt\/produktas\/churu-bites-skanestas-katems-su-vistiena-ir-tunu-30-g\/\" \/>\n<meta property=\"og:locale\" content=\"lt_LT\" \/>\n<meta property=\"og:type\" content=\"article\" \/>\n<meta property=\"og:title\" content=\"Churu Bites skan\u0117stas kat\u0117ms su vi\u0161tiena ir tunu 30 g - MiuMjau\" \/>\n<meta property=\"og:description\" content=\"Pagalv\u0117l\u0117s formos be gr\u016bd\u0173 skan\u0117stai kat\u0117ms su vi\u0161tiena ir tunu. Churu Bites \u2013 mink\u0161tas pagalv\u0117l\u0117s formos nat\u016bralus skan\u0117stas su vi\u0161tiena ir tunu, praturtintas \u017ealiosios arbatos ekstraktu ir vitaminu E. Be gr\u016bd\u0173, konservant\u0173 ir dirbtini\u0173 da\u017eikli\u0173. Kiekvienoje pakuot\u0117je yra trys atskiros pakuot\u0117s, kad b\u016bt\u0173 i\u0161laikytas maksimalus \u0161vie\u017eumas. Pagaminta i\u0161 100% fermose augintos vi\u0161tienos ir nat\u016bralaus tuno. Priedai \/ 1 kg:Pa\u0161aro priedai: vitaminas E (3a700) 121 mgTechnologiniai priedai: guaro guma (E412) 6,3 gSensoriniai priedai: kvapiosios med\u017eiagosDa\u017eikliai: nat\u016bralios kilm\u0117s \u2013 paprikos ekstraktas 0,1 g Metabolizuojama energija: 1500 kcal\/kg \u0160\u0117rimo rekomendacijos: Naudoti kaip pa\u0161aro pried\u0105. Visada u\u017etikrinkite \u0161vie\u017eio geriamo vandens prieinamum\u0105. Atidarius laikyti \u0161aldytuve ir suvartoti kuo grei\u010diau. Laikyti v\u0117sioje, sausoje vietoje, saugoti nuo tiesiogini\u0173 saul\u0117s spinduli\u0173. Grynasis kiekis: 10 g \u00d7 3 pakuot\u0117s, 30 g\" \/>\n<meta property=\"og:url\" content=\"https:\/\/miumjau.ee\/lt\/produktas\/churu-bites-skanestas-katems-su-vistiena-ir-tunu-30-g\/\" \/>\n<meta property=\"og:site_name\" content=\"MiuMjau\" \/>\n<meta property=\"article:publisher\" content=\"https:\/\/www.facebook.com\/miumjaupood\/\" \/>\n<meta property=\"og:image\" content=\"https:\/\/miumjau.ee\/wp-content\/uploads\/2024\/11\/churu-bites-kassimaius-30g3.jpg\" \/>\n\t<meta property=\"og:image:width\" content=\"600\" \/>\n\t<meta property=\"og:image:height\" content=\"800\" \/>\n\t<meta property=\"og:image:type\" content=\"image\/jpeg\" \/>\n<meta name=\"twitter:card\" content=\"summary_large_image\" \/>\n<script type=\"application\/ld+json\" class=\"yoast-schema-graph\">{\"@context\":\"https:\\\/\\\/schema.org\",\"@graph\":[{\"@type\":\"WebPage\",\"@id\":\"https:\\\/\\\/miumjau.ee\\\/lt\\\/produktas\\\/churu-bites-skanestas-katems-su-vistiena-ir-tunu-30-g\\\/\",\"url\":\"https:\\\/\\\/miumjau.ee\\\/lt\\\/produktas\\\/churu-bites-skanestas-katems-su-vistiena-ir-tunu-30-g\\\/\",\"name\":\"Churu Bites skan\u0117stas kat\u0117ms su vi\u0161tiena ir tunu 30 g - MiuMjau\",\"isPartOf\":{\"@id\":\"https:\\\/\\\/miumjau.ee\\\/#website\"},\"primaryImageOfPage\":{\"@id\":\"https:\\\/\\\/miumjau.ee\\\/lt\\\/produktas\\\/churu-bites-skanestas-katems-su-vistiena-ir-tunu-30-g\\\/#primaryimage\"},\"image\":{\"@id\":\"https:\\\/\\\/miumjau.ee\\\/lt\\\/produktas\\\/churu-bites-skanestas-katems-su-vistiena-ir-tunu-30-g\\\/#primaryimage\"},\"thumbnailUrl\":\"https:\\\/\\\/miumjau.ee\\\/wp-content\\\/uploads\\\/2024\\\/11\\\/churu-bites-kassimaius-30g3.jpg\",\"datePublished\":\"2024-11-13T10:34:17+00:00\",\"breadcrumb\":{\"@id\":\"https:\\\/\\\/miumjau.ee\\\/lt\\\/produktas\\\/churu-bites-skanestas-katems-su-vistiena-ir-tunu-30-g\\\/#breadcrumb\"},\"inLanguage\":\"lt-LT\",\"potentialAction\":[{\"@type\":\"ReadAction\",\"target\":[\"https:\\\/\\\/miumjau.ee\\\/lt\\\/produktas\\\/churu-bites-skanestas-katems-su-vistiena-ir-tunu-30-g\\\/\"]}]},{\"@type\":\"ImageObject\",\"inLanguage\":\"lt-LT\",\"@id\":\"https:\\\/\\\/miumjau.ee\\\/lt\\\/produktas\\\/churu-bites-skanestas-katems-su-vistiena-ir-tunu-30-g\\\/#primaryimage\",\"url\":\"https:\\\/\\\/miumjau.ee\\\/wp-content\\\/uploads\\\/2024\\\/11\\\/churu-bites-kassimaius-30g3.jpg\",\"contentUrl\":\"https:\\\/\\\/miumjau.ee\\\/wp-content\\\/uploads\\\/2024\\\/11\\\/churu-bites-kassimaius-30g3.jpg\",\"width\":600,\"height\":800},{\"@type\":\"BreadcrumbList\",\"@id\":\"https:\\\/\\\/miumjau.ee\\\/lt\\\/produktas\\\/churu-bites-skanestas-katems-su-vistiena-ir-tunu-30-g\\\/#breadcrumb\",\"itemListElement\":[{\"@type\":\"ListItem\",\"position\":1,\"name\":\"Home\",\"item\":\"https:\\\/\\\/miumjau.ee\\\/lt\\\/\"},{\"@type\":\"ListItem\",\"position\":2,\"name\":\"Parduotuv\u0117\",\"item\":\"https:\\\/\\\/miumjau.ee\\\/lt\\\/parduotuve\\\/\"},{\"@type\":\"ListItem\",\"position\":3,\"name\":\"Churu Bites skan\u0117stas kat\u0117ms su vi\u0161tiena ir tunu 30 g\"}]},{\"@type\":\"WebSite\",\"@id\":\"https:\\\/\\\/miumjau.ee\\\/#website\",\"url\":\"https:\\\/\\\/miumjau.ee\\\/\",\"name\":\"MiuMjau\",\"description\":\"Kraapimispuud kassidele\",\"publisher\":{\"@id\":\"https:\\\/\\\/miumjau.ee\\\/#organization\"},\"potentialAction\":[{\"@type\":\"SearchAction\",\"target\":{\"@type\":\"EntryPoint\",\"urlTemplate\":\"https:\\\/\\\/miumjau.ee\\\/?s={search_term_string}\"},\"query-input\":{\"@type\":\"PropertyValueSpecification\",\"valueRequired\":true,\"valueName\":\"search_term_string\"}}],\"inLanguage\":\"lt-LT\"},{\"@type\":\"Organization\",\"@id\":\"https:\\\/\\\/miumjau.ee\\\/#organization\",\"name\":\"MiuMjau O\u00dc\",\"url\":\"https:\\\/\\\/miumjau.ee\\\/\",\"logo\":{\"@type\":\"ImageObject\",\"inLanguage\":\"lt-LT\",\"@id\":\"https:\\\/\\\/miumjau.ee\\\/#\\\/schema\\\/logo\\\/image\\\/\",\"url\":\"https:\\\/\\\/miumjau.ee\\\/wp-content\\\/uploads\\\/2022\\\/04\\\/MiuMjau-logo-kollane.png\",\"contentUrl\":\"https:\\\/\\\/miumjau.ee\\\/wp-content\\\/uploads\\\/2022\\\/04\\\/MiuMjau-logo-kollane.png\",\"width\":219,\"height\":100,\"caption\":\"MiuMjau O\u00dc\"},\"image\":{\"@id\":\"https:\\\/\\\/miumjau.ee\\\/#\\\/schema\\\/logo\\\/image\\\/\"},\"sameAs\":[\"https:\\\/\\\/www.facebook.com\\\/miumjaupood\\\/\"]}]}<\/script>\n<!-- \/ Yoast SEO plugin. -->","yoast_head_json":{"title":"Churu Bites skan\u0117stas kat\u0117ms su vi\u0161tiena ir tunu 30 g - MiuMjau","robots":{"index":"index","follow":"follow","max-snippet":"max-snippet:-1","max-image-preview":"max-image-preview:large","max-video-preview":"max-video-preview:-1"},"canonical":"https:\/\/miumjau.ee\/lt\/produktas\/churu-bites-skanestas-katems-su-vistiena-ir-tunu-30-g\/","og_locale":"lt_LT","og_type":"article","og_title":"Churu Bites skan\u0117stas kat\u0117ms su vi\u0161tiena ir tunu 30 g - MiuMjau","og_description":"Pagalv\u0117l\u0117s formos be gr\u016bd\u0173 skan\u0117stai kat\u0117ms su vi\u0161tiena ir tunu. Churu Bites \u2013 mink\u0161tas pagalv\u0117l\u0117s formos nat\u016bralus skan\u0117stas su vi\u0161tiena ir tunu, praturtintas \u017ealiosios arbatos ekstraktu ir vitaminu E. Be gr\u016bd\u0173, konservant\u0173 ir dirbtini\u0173 da\u017eikli\u0173. Kiekvienoje pakuot\u0117je yra trys atskiros pakuot\u0117s, kad b\u016bt\u0173 i\u0161laikytas maksimalus \u0161vie\u017eumas. Pagaminta i\u0161 100% fermose augintos vi\u0161tienos ir nat\u016bralaus tuno. Priedai \/ 1 kg:Pa\u0161aro priedai: vitaminas E (3a700) 121 mgTechnologiniai priedai: guaro guma (E412) 6,3 gSensoriniai priedai: kvapiosios med\u017eiagosDa\u017eikliai: nat\u016bralios kilm\u0117s \u2013 paprikos ekstraktas 0,1 g Metabolizuojama energija: 1500 kcal\/kg \u0160\u0117rimo rekomendacijos: Naudoti kaip pa\u0161aro pried\u0105. Visada u\u017etikrinkite \u0161vie\u017eio geriamo vandens prieinamum\u0105. Atidarius laikyti \u0161aldytuve ir suvartoti kuo grei\u010diau. Laikyti v\u0117sioje, sausoje vietoje, saugoti nuo tiesiogini\u0173 saul\u0117s spinduli\u0173. Grynasis kiekis: 10 g \u00d7 3 pakuot\u0117s, 30 g","og_url":"https:\/\/miumjau.ee\/lt\/produktas\/churu-bites-skanestas-katems-su-vistiena-ir-tunu-30-g\/","og_site_name":"MiuMjau","article_publisher":"https:\/\/www.facebook.com\/miumjaupood\/","og_image":[{"width":600,"height":800,"url":"https:\/\/miumjau.ee\/wp-content\/uploads\/2024\/11\/churu-bites-kassimaius-30g3.jpg","type":"image\/jpeg"}],"twitter_card":"summary_large_image","schema":{"@context":"https:\/\/schema.org","@graph":[{"@type":"WebPage","@id":"https:\/\/miumjau.ee\/lt\/produktas\/churu-bites-skanestas-katems-su-vistiena-ir-tunu-30-g\/","url":"https:\/\/miumjau.ee\/lt\/produktas\/churu-bites-skanestas-katems-su-vistiena-ir-tunu-30-g\/","name":"Churu Bites skan\u0117stas kat\u0117ms su vi\u0161tiena ir tunu 30 g - MiuMjau","isPartOf":{"@id":"https:\/\/miumjau.ee\/#website"},"primaryImageOfPage":{"@id":"https:\/\/miumjau.ee\/lt\/produktas\/churu-bites-skanestas-katems-su-vistiena-ir-tunu-30-g\/#primaryimage"},"image":{"@id":"https:\/\/miumjau.ee\/lt\/produktas\/churu-bites-skanestas-katems-su-vistiena-ir-tunu-30-g\/#primaryimage"},"thumbnailUrl":"https:\/\/miumjau.ee\/wp-content\/uploads\/2024\/11\/churu-bites-kassimaius-30g3.jpg","datePublished":"2024-11-13T10:34:17+00:00","breadcrumb":{"@id":"https:\/\/miumjau.ee\/lt\/produktas\/churu-bites-skanestas-katems-su-vistiena-ir-tunu-30-g\/#breadcrumb"},"inLanguage":"lt-LT","potentialAction":[{"@type":"ReadAction","target":["https:\/\/miumjau.ee\/lt\/produktas\/churu-bites-skanestas-katems-su-vistiena-ir-tunu-30-g\/"]}]},{"@type":"ImageObject","inLanguage":"lt-LT","@id":"https:\/\/miumjau.ee\/lt\/produktas\/churu-bites-skanestas-katems-su-vistiena-ir-tunu-30-g\/#primaryimage","url":"https:\/\/miumjau.ee\/wp-content\/uploads\/2024\/11\/churu-bites-kassimaius-30g3.jpg","contentUrl":"https:\/\/miumjau.ee\/wp-content\/uploads\/2024\/11\/churu-bites-kassimaius-30g3.jpg","width":600,"height":800},{"@type":"BreadcrumbList","@id":"https:\/\/miumjau.ee\/lt\/produktas\/churu-bites-skanestas-katems-su-vistiena-ir-tunu-30-g\/#breadcrumb","itemListElement":[{"@type":"ListItem","position":1,"name":"Home","item":"https:\/\/miumjau.ee\/lt\/"},{"@type":"ListItem","position":2,"name":"Parduotuv\u0117","item":"https:\/\/miumjau.ee\/lt\/parduotuve\/"},{"@type":"ListItem","position":3,"name":"Churu Bites skan\u0117stas kat\u0117ms su vi\u0161tiena ir tunu 30 g"}]},{"@type":"WebSite","@id":"https:\/\/miumjau.ee\/#website","url":"https:\/\/miumjau.ee\/","name":"MiuMjau","description":"Kraapimispuud kassidele","publisher":{"@id":"https:\/\/miumjau.ee\/#organization"},"potentialAction":[{"@type":"SearchAction","target":{"@type":"EntryPoint","urlTemplate":"https:\/\/miumjau.ee\/?s={search_term_string}"},"query-input":{"@type":"PropertyValueSpecification","valueRequired":true,"valueName":"search_term_string"}}],"inLanguage":"lt-LT"},{"@type":"Organization","@id":"https:\/\/miumjau.ee\/#organization","name":"MiuMjau O\u00dc","url":"https:\/\/miumjau.ee\/","logo":{"@type":"ImageObject","inLanguage":"lt-LT","@id":"https:\/\/miumjau.ee\/#\/schema\/logo\/image\/","url":"https:\/\/miumjau.ee\/wp-content\/uploads\/2022\/04\/MiuMjau-logo-kollane.png","contentUrl":"https:\/\/miumjau.ee\/wp-content\/uploads\/2022\/04\/MiuMjau-logo-kollane.png","width":219,"height":100,"caption":"MiuMjau O\u00dc"},"image":{"@id":"https:\/\/miumjau.ee\/#\/schema\/logo\/image\/"},"sameAs":["https:\/\/www.facebook.com\/miumjaupood\/"]}]}},"_links":{"self":[{"href":"https:\/\/miumjau.ee\/lt\/wp-json\/wp\/v2\/product\/55931","targetHints":{"allow":["GET"]}}],"collection":[{"href":"https:\/\/miumjau.ee\/lt\/wp-json\/wp\/v2\/product"}],"about":[{"href":"https:\/\/miumjau.ee\/lt\/wp-json\/wp\/v2\/types\/product"}],"wp:featuredmedia":[{"embeddable":true,"href":"https:\/\/miumjau.ee\/lt\/wp-json\/wp\/v2\/media\/55933"}],"wp:attachment":[{"href":"https:\/\/miumjau.ee\/lt\/wp-json\/wp\/v2\/media?parent=55931"}],"wp:term":[{"taxonomy":"product_brand","embeddable":true,"href":"https:\/\/miumjau.ee\/lt\/wp-json\/wp\/v2\/product_brand?post=55931"},{"taxonomy":"product_cat","embeddable":true,"href":"https:\/\/miumjau.ee\/lt\/wp-json\/wp\/v2\/product_cat?post=55931"},{"taxonomy":"product_tag","embeddable":true,"href":"https:\/\/miumjau.ee\/lt\/wp-json\/wp\/v2\/product_tag?post=55931"}],"curies":[{"name":"wp","href":"https:\/\/api.w.org\/{rel}","templated":true}]}}