{"id":55926,"date":"2024-11-13T12:25:21","date_gmt":"2024-11-13T10:25:21","guid":{"rendered":"https:\/\/miumjau.ee\/toode\/churu-rolls-skanestas-katems-su-vistiena-ir-tunu-40-g\/"},"modified":"2024-11-13T12:25:21","modified_gmt":"2024-11-13T10:25:21","slug":"churu-rolls-skanestas-katems-su-vistiena-ir-tunu-40-g","status":"publish","type":"product","link":"https:\/\/miumjau.ee\/lt\/produktas\/churu-rolls-skanestas-katems-su-vistiena-ir-tunu-40-g\/","title":{"rendered":"Churu Rolls skan\u0117stas kat\u0117ms su vi\u0161tiena ir tunu 40 g"},"content":{"rendered":"","protected":false},"excerpt":{"rendered":"<p data-start=\"1102\" data-end=\"1453\">Lazdel\u0117s formos be gr\u016bd\u0173 skan\u0117stai kat\u0117ms su vi\u0161tiena ir tunu. Churu Rolls \u2013 mink\u0161tas lazdel\u0117s formos skan\u0117stas su vi\u0161tiena ir tunu, praturtintas \u017ealiosios arbatos ekstraktu ir vitaminu E. Sud\u0117tyje n\u0117ra gr\u016bd\u0173, konservant\u0173 ar dirbtini\u0173 da\u017eikli\u0173. Kiekvienoje pakuot\u0117je yra keturios atskiros skan\u0117st\u0173 porcijos, kad b\u016bt\u0173 i\u0161laikytas maksimalus \u0161vie\u017eumas.<\/p>\n<p data-start=\"1455\" data-end=\"1674\"><strong data-start=\"1455\" data-end=\"1474\">Priedai \/ 1 kg:<\/strong><br data-start=\"1474\" data-end=\"1477\" \/>Pa\u0161aro priedai: vitaminas E (3a700) 121 mg<br data-start=\"1519\" data-end=\"1522\" \/>Technologiniai priedai: guaro guma (E412) 6,3 g<br data-start=\"1569\" data-end=\"1572\" \/>Sensoriniai priedai: kvapiosios med\u017eiagos<br data-start=\"1613\" data-end=\"1616\" \/>Da\u017eikliai: nat\u016bralios kilm\u0117s \u2013 paprikos ekstraktas 0,1 g<\/p>\n<p data-start=\"1676\" data-end=\"1720\"><strong data-start=\"1676\" data-end=\"1705\">Metabolizuojama energija:<\/strong> 1500 kcal\/kg<\/p>\n<p data-start=\"1722\" data-end=\"1966\"><strong data-start=\"1722\" data-end=\"1748\">\u0160\u0117rimo rekomendacijos:<\/strong> Naudoti kaip pa\u0161aro pried\u0105. Visada u\u017etikrinkite \u0161vie\u017eio geriamo vandens prieinamum\u0105. Atidarius laikyti \u0161aldytuve ir suvartoti kuo grei\u010diau. Laikyti v\u0117sioje, sausoje vietoje, saugoti nuo tiesiogini\u0173 saul\u0117s spinduli\u0173.<\/p>\n<p data-start=\"1968\" data-end=\"2012\" data-is-last-node=\"\" data-is-only-node=\"\"><strong data-start=\"1968\" data-end=\"1988\">Grynasis kiekis:<\/strong> 10 g \u00d7 4 lazdel\u0117s, 40 g<\/p>\n","protected":false},"featured_media":55927,"template":"","meta":[],"product_brand":[],"product_cat":[527],"product_tag":[],"class_list":{"0":"post-55926","1":"product","2":"type-product","3":"status-publish","4":"has-post-thumbnail","6":"product_cat-skanestai","8":"first","9":"instock","10":"sale","11":"taxable","12":"shipping-taxable","13":"purchasable","14":"product-type-simple"},"yoast_head":"<!-- This site is optimized with the Yoast SEO plugin v27.4 - https:\/\/yoast.com\/product\/yoast-seo-wordpress\/ -->\n<title>Churu Rolls skan\u0117stas kat\u0117ms su vi\u0161tiena ir tunu 40 g - MiuMjau<\/title>\n<meta name=\"robots\" content=\"index, follow, max-snippet:-1, max-image-preview:large, max-video-preview:-1\" \/>\n<link rel=\"canonical\" href=\"https:\/\/miumjau.ee\/lt\/produktas\/churu-rolls-skanestas-katems-su-vistiena-ir-tunu-40-g\/\" \/>\n<meta property=\"og:locale\" content=\"lt_LT\" \/>\n<meta property=\"og:type\" content=\"article\" \/>\n<meta property=\"og:title\" content=\"Churu Rolls skan\u0117stas kat\u0117ms su vi\u0161tiena ir tunu 40 g - MiuMjau\" \/>\n<meta property=\"og:description\" content=\"Lazdel\u0117s formos be gr\u016bd\u0173 skan\u0117stai kat\u0117ms su vi\u0161tiena ir tunu. Churu Rolls \u2013 mink\u0161tas lazdel\u0117s formos skan\u0117stas su vi\u0161tiena ir tunu, praturtintas \u017ealiosios arbatos ekstraktu ir vitaminu E. Sud\u0117tyje n\u0117ra gr\u016bd\u0173, konservant\u0173 ar dirbtini\u0173 da\u017eikli\u0173. Kiekvienoje pakuot\u0117je yra keturios atskiros skan\u0117st\u0173 porcijos, kad b\u016bt\u0173 i\u0161laikytas maksimalus \u0161vie\u017eumas. Priedai \/ 1 kg:Pa\u0161aro priedai: vitaminas E (3a700) 121 mgTechnologiniai priedai: guaro guma (E412) 6,3 gSensoriniai priedai: kvapiosios med\u017eiagosDa\u017eikliai: nat\u016bralios kilm\u0117s \u2013 paprikos ekstraktas 0,1 g Metabolizuojama energija: 1500 kcal\/kg \u0160\u0117rimo rekomendacijos: Naudoti kaip pa\u0161aro pried\u0105. Visada u\u017etikrinkite \u0161vie\u017eio geriamo vandens prieinamum\u0105. Atidarius laikyti \u0161aldytuve ir suvartoti kuo grei\u010diau. Laikyti v\u0117sioje, sausoje vietoje, saugoti nuo tiesiogini\u0173 saul\u0117s spinduli\u0173. Grynasis kiekis: 10 g \u00d7 4 lazdel\u0117s, 40 g\" \/>\n<meta property=\"og:url\" content=\"https:\/\/miumjau.ee\/lt\/produktas\/churu-rolls-skanestas-katems-su-vistiena-ir-tunu-40-g\/\" \/>\n<meta property=\"og:site_name\" content=\"MiuMjau\" \/>\n<meta property=\"article:publisher\" content=\"https:\/\/www.facebook.com\/miumjaupood\/\" \/>\n<meta property=\"og:image\" content=\"https:\/\/miumjau.ee\/wp-content\/uploads\/2024\/11\/churu-rolls-maius-kassidele2.jpg\" \/>\n\t<meta property=\"og:image:width\" content=\"600\" \/>\n\t<meta property=\"og:image:height\" content=\"800\" \/>\n\t<meta property=\"og:image:type\" content=\"image\/jpeg\" \/>\n<meta name=\"twitter:card\" content=\"summary_large_image\" \/>\n<script type=\"application\/ld+json\" class=\"yoast-schema-graph\">{\"@context\":\"https:\\\/\\\/schema.org\",\"@graph\":[{\"@type\":\"WebPage\",\"@id\":\"https:\\\/\\\/miumjau.ee\\\/lt\\\/produktas\\\/churu-rolls-skanestas-katems-su-vistiena-ir-tunu-40-g\\\/\",\"url\":\"https:\\\/\\\/miumjau.ee\\\/lt\\\/produktas\\\/churu-rolls-skanestas-katems-su-vistiena-ir-tunu-40-g\\\/\",\"name\":\"Churu Rolls skan\u0117stas kat\u0117ms su vi\u0161tiena ir tunu 40 g - MiuMjau\",\"isPartOf\":{\"@id\":\"https:\\\/\\\/miumjau.ee\\\/#website\"},\"primaryImageOfPage\":{\"@id\":\"https:\\\/\\\/miumjau.ee\\\/lt\\\/produktas\\\/churu-rolls-skanestas-katems-su-vistiena-ir-tunu-40-g\\\/#primaryimage\"},\"image\":{\"@id\":\"https:\\\/\\\/miumjau.ee\\\/lt\\\/produktas\\\/churu-rolls-skanestas-katems-su-vistiena-ir-tunu-40-g\\\/#primaryimage\"},\"thumbnailUrl\":\"https:\\\/\\\/miumjau.ee\\\/wp-content\\\/uploads\\\/2024\\\/11\\\/churu-rolls-maius-kassidele2.jpg\",\"datePublished\":\"2024-11-13T10:25:21+00:00\",\"breadcrumb\":{\"@id\":\"https:\\\/\\\/miumjau.ee\\\/lt\\\/produktas\\\/churu-rolls-skanestas-katems-su-vistiena-ir-tunu-40-g\\\/#breadcrumb\"},\"inLanguage\":\"lt-LT\",\"potentialAction\":[{\"@type\":\"ReadAction\",\"target\":[\"https:\\\/\\\/miumjau.ee\\\/lt\\\/produktas\\\/churu-rolls-skanestas-katems-su-vistiena-ir-tunu-40-g\\\/\"]}]},{\"@type\":\"ImageObject\",\"inLanguage\":\"lt-LT\",\"@id\":\"https:\\\/\\\/miumjau.ee\\\/lt\\\/produktas\\\/churu-rolls-skanestas-katems-su-vistiena-ir-tunu-40-g\\\/#primaryimage\",\"url\":\"https:\\\/\\\/miumjau.ee\\\/wp-content\\\/uploads\\\/2024\\\/11\\\/churu-rolls-maius-kassidele2.jpg\",\"contentUrl\":\"https:\\\/\\\/miumjau.ee\\\/wp-content\\\/uploads\\\/2024\\\/11\\\/churu-rolls-maius-kassidele2.jpg\",\"width\":600,\"height\":800},{\"@type\":\"BreadcrumbList\",\"@id\":\"https:\\\/\\\/miumjau.ee\\\/lt\\\/produktas\\\/churu-rolls-skanestas-katems-su-vistiena-ir-tunu-40-g\\\/#breadcrumb\",\"itemListElement\":[{\"@type\":\"ListItem\",\"position\":1,\"name\":\"Home\",\"item\":\"https:\\\/\\\/miumjau.ee\\\/lt\\\/\"},{\"@type\":\"ListItem\",\"position\":2,\"name\":\"Parduotuv\u0117\",\"item\":\"https:\\\/\\\/miumjau.ee\\\/lt\\\/parduotuve\\\/\"},{\"@type\":\"ListItem\",\"position\":3,\"name\":\"Churu Rolls skan\u0117stas kat\u0117ms su vi\u0161tiena ir tunu 40 g\"}]},{\"@type\":\"WebSite\",\"@id\":\"https:\\\/\\\/miumjau.ee\\\/#website\",\"url\":\"https:\\\/\\\/miumjau.ee\\\/\",\"name\":\"MiuMjau\",\"description\":\"Kraapimispuud kassidele\",\"publisher\":{\"@id\":\"https:\\\/\\\/miumjau.ee\\\/#organization\"},\"potentialAction\":[{\"@type\":\"SearchAction\",\"target\":{\"@type\":\"EntryPoint\",\"urlTemplate\":\"https:\\\/\\\/miumjau.ee\\\/?s={search_term_string}\"},\"query-input\":{\"@type\":\"PropertyValueSpecification\",\"valueRequired\":true,\"valueName\":\"search_term_string\"}}],\"inLanguage\":\"lt-LT\"},{\"@type\":\"Organization\",\"@id\":\"https:\\\/\\\/miumjau.ee\\\/#organization\",\"name\":\"MiuMjau O\u00dc\",\"url\":\"https:\\\/\\\/miumjau.ee\\\/\",\"logo\":{\"@type\":\"ImageObject\",\"inLanguage\":\"lt-LT\",\"@id\":\"https:\\\/\\\/miumjau.ee\\\/#\\\/schema\\\/logo\\\/image\\\/\",\"url\":\"https:\\\/\\\/miumjau.ee\\\/wp-content\\\/uploads\\\/2022\\\/04\\\/MiuMjau-logo-kollane.png\",\"contentUrl\":\"https:\\\/\\\/miumjau.ee\\\/wp-content\\\/uploads\\\/2022\\\/04\\\/MiuMjau-logo-kollane.png\",\"width\":219,\"height\":100,\"caption\":\"MiuMjau O\u00dc\"},\"image\":{\"@id\":\"https:\\\/\\\/miumjau.ee\\\/#\\\/schema\\\/logo\\\/image\\\/\"},\"sameAs\":[\"https:\\\/\\\/www.facebook.com\\\/miumjaupood\\\/\"]}]}<\/script>\n<!-- \/ Yoast SEO plugin. -->","yoast_head_json":{"title":"Churu Rolls skan\u0117stas kat\u0117ms su vi\u0161tiena ir tunu 40 g - MiuMjau","robots":{"index":"index","follow":"follow","max-snippet":"max-snippet:-1","max-image-preview":"max-image-preview:large","max-video-preview":"max-video-preview:-1"},"canonical":"https:\/\/miumjau.ee\/lt\/produktas\/churu-rolls-skanestas-katems-su-vistiena-ir-tunu-40-g\/","og_locale":"lt_LT","og_type":"article","og_title":"Churu Rolls skan\u0117stas kat\u0117ms su vi\u0161tiena ir tunu 40 g - MiuMjau","og_description":"Lazdel\u0117s formos be gr\u016bd\u0173 skan\u0117stai kat\u0117ms su vi\u0161tiena ir tunu. Churu Rolls \u2013 mink\u0161tas lazdel\u0117s formos skan\u0117stas su vi\u0161tiena ir tunu, praturtintas \u017ealiosios arbatos ekstraktu ir vitaminu E. Sud\u0117tyje n\u0117ra gr\u016bd\u0173, konservant\u0173 ar dirbtini\u0173 da\u017eikli\u0173. Kiekvienoje pakuot\u0117je yra keturios atskiros skan\u0117st\u0173 porcijos, kad b\u016bt\u0173 i\u0161laikytas maksimalus \u0161vie\u017eumas. Priedai \/ 1 kg:Pa\u0161aro priedai: vitaminas E (3a700) 121 mgTechnologiniai priedai: guaro guma (E412) 6,3 gSensoriniai priedai: kvapiosios med\u017eiagosDa\u017eikliai: nat\u016bralios kilm\u0117s \u2013 paprikos ekstraktas 0,1 g Metabolizuojama energija: 1500 kcal\/kg \u0160\u0117rimo rekomendacijos: Naudoti kaip pa\u0161aro pried\u0105. Visada u\u017etikrinkite \u0161vie\u017eio geriamo vandens prieinamum\u0105. Atidarius laikyti \u0161aldytuve ir suvartoti kuo grei\u010diau. Laikyti v\u0117sioje, sausoje vietoje, saugoti nuo tiesiogini\u0173 saul\u0117s spinduli\u0173. Grynasis kiekis: 10 g \u00d7 4 lazdel\u0117s, 40 g","og_url":"https:\/\/miumjau.ee\/lt\/produktas\/churu-rolls-skanestas-katems-su-vistiena-ir-tunu-40-g\/","og_site_name":"MiuMjau","article_publisher":"https:\/\/www.facebook.com\/miumjaupood\/","og_image":[{"width":600,"height":800,"url":"https:\/\/miumjau.ee\/wp-content\/uploads\/2024\/11\/churu-rolls-maius-kassidele2.jpg","type":"image\/jpeg"}],"twitter_card":"summary_large_image","schema":{"@context":"https:\/\/schema.org","@graph":[{"@type":"WebPage","@id":"https:\/\/miumjau.ee\/lt\/produktas\/churu-rolls-skanestas-katems-su-vistiena-ir-tunu-40-g\/","url":"https:\/\/miumjau.ee\/lt\/produktas\/churu-rolls-skanestas-katems-su-vistiena-ir-tunu-40-g\/","name":"Churu Rolls skan\u0117stas kat\u0117ms su vi\u0161tiena ir tunu 40 g - MiuMjau","isPartOf":{"@id":"https:\/\/miumjau.ee\/#website"},"primaryImageOfPage":{"@id":"https:\/\/miumjau.ee\/lt\/produktas\/churu-rolls-skanestas-katems-su-vistiena-ir-tunu-40-g\/#primaryimage"},"image":{"@id":"https:\/\/miumjau.ee\/lt\/produktas\/churu-rolls-skanestas-katems-su-vistiena-ir-tunu-40-g\/#primaryimage"},"thumbnailUrl":"https:\/\/miumjau.ee\/wp-content\/uploads\/2024\/11\/churu-rolls-maius-kassidele2.jpg","datePublished":"2024-11-13T10:25:21+00:00","breadcrumb":{"@id":"https:\/\/miumjau.ee\/lt\/produktas\/churu-rolls-skanestas-katems-su-vistiena-ir-tunu-40-g\/#breadcrumb"},"inLanguage":"lt-LT","potentialAction":[{"@type":"ReadAction","target":["https:\/\/miumjau.ee\/lt\/produktas\/churu-rolls-skanestas-katems-su-vistiena-ir-tunu-40-g\/"]}]},{"@type":"ImageObject","inLanguage":"lt-LT","@id":"https:\/\/miumjau.ee\/lt\/produktas\/churu-rolls-skanestas-katems-su-vistiena-ir-tunu-40-g\/#primaryimage","url":"https:\/\/miumjau.ee\/wp-content\/uploads\/2024\/11\/churu-rolls-maius-kassidele2.jpg","contentUrl":"https:\/\/miumjau.ee\/wp-content\/uploads\/2024\/11\/churu-rolls-maius-kassidele2.jpg","width":600,"height":800},{"@type":"BreadcrumbList","@id":"https:\/\/miumjau.ee\/lt\/produktas\/churu-rolls-skanestas-katems-su-vistiena-ir-tunu-40-g\/#breadcrumb","itemListElement":[{"@type":"ListItem","position":1,"name":"Home","item":"https:\/\/miumjau.ee\/lt\/"},{"@type":"ListItem","position":2,"name":"Parduotuv\u0117","item":"https:\/\/miumjau.ee\/lt\/parduotuve\/"},{"@type":"ListItem","position":3,"name":"Churu Rolls skan\u0117stas kat\u0117ms su vi\u0161tiena ir tunu 40 g"}]},{"@type":"WebSite","@id":"https:\/\/miumjau.ee\/#website","url":"https:\/\/miumjau.ee\/","name":"MiuMjau","description":"Kraapimispuud kassidele","publisher":{"@id":"https:\/\/miumjau.ee\/#organization"},"potentialAction":[{"@type":"SearchAction","target":{"@type":"EntryPoint","urlTemplate":"https:\/\/miumjau.ee\/?s={search_term_string}"},"query-input":{"@type":"PropertyValueSpecification","valueRequired":true,"valueName":"search_term_string"}}],"inLanguage":"lt-LT"},{"@type":"Organization","@id":"https:\/\/miumjau.ee\/#organization","name":"MiuMjau O\u00dc","url":"https:\/\/miumjau.ee\/","logo":{"@type":"ImageObject","inLanguage":"lt-LT","@id":"https:\/\/miumjau.ee\/#\/schema\/logo\/image\/","url":"https:\/\/miumjau.ee\/wp-content\/uploads\/2022\/04\/MiuMjau-logo-kollane.png","contentUrl":"https:\/\/miumjau.ee\/wp-content\/uploads\/2022\/04\/MiuMjau-logo-kollane.png","width":219,"height":100,"caption":"MiuMjau O\u00dc"},"image":{"@id":"https:\/\/miumjau.ee\/#\/schema\/logo\/image\/"},"sameAs":["https:\/\/www.facebook.com\/miumjaupood\/"]}]}},"_links":{"self":[{"href":"https:\/\/miumjau.ee\/lt\/wp-json\/wp\/v2\/product\/55926","targetHints":{"allow":["GET"]}}],"collection":[{"href":"https:\/\/miumjau.ee\/lt\/wp-json\/wp\/v2\/product"}],"about":[{"href":"https:\/\/miumjau.ee\/lt\/wp-json\/wp\/v2\/types\/product"}],"wp:featuredmedia":[{"embeddable":true,"href":"https:\/\/miumjau.ee\/lt\/wp-json\/wp\/v2\/media\/55927"}],"wp:attachment":[{"href":"https:\/\/miumjau.ee\/lt\/wp-json\/wp\/v2\/media?parent=55926"}],"wp:term":[{"taxonomy":"product_brand","embeddable":true,"href":"https:\/\/miumjau.ee\/lt\/wp-json\/wp\/v2\/product_brand?post=55926"},{"taxonomy":"product_cat","embeddable":true,"href":"https:\/\/miumjau.ee\/lt\/wp-json\/wp\/v2\/product_cat?post=55926"},{"taxonomy":"product_tag","embeddable":true,"href":"https:\/\/miumjau.ee\/lt\/wp-json\/wp\/v2\/product_tag?post=55926"}],"curies":[{"name":"wp","href":"https:\/\/api.w.org\/{rel}","templated":true}]}}