{"id":55922,"date":"2024-11-13T12:24:05","date_gmt":"2024-11-13T10:24:05","guid":{"rendered":"https:\/\/miumjau.ee\/toode\/churu-rolls-skanestas-katems-su-vistiena-tunu-ir-sukutemis-40-g\/"},"modified":"2024-11-13T12:24:05","modified_gmt":"2024-11-13T10:24:05","slug":"churu-rolls-skanestas-katems-su-vistiena-tunu-ir-sukutemis-40-g","status":"publish","type":"product","link":"https:\/\/miumjau.ee\/lt\/produktas\/churu-rolls-skanestas-katems-su-vistiena-tunu-ir-sukutemis-40-g\/","title":{"rendered":"Churu Rolls skan\u0117stas kat\u0117ms su vi\u0161tiena, tunu ir \u0161ukut\u0117mis 40 g"},"content":{"rendered":"","protected":false},"excerpt":{"rendered":"<p data-start=\"1304\" data-end=\"1573\">Churu Rolls \u2013 tai mink\u0161ti lazdel\u0117s formos skan\u0117stai, kuriuose yra nat\u016bralios vi\u0161tienos, laukin\u0117je gamtoje sugauto tuno, \u0161uku\u010di\u0173, \u017ealiosios arbatos ekstrakto ir vitamino E. Kiekviename mai\u0161elyje yra keturios atskiros pakuot\u0117s, kad b\u016bt\u0173 i\u0161laikytas maksimalus \u0161vie\u017eumas.<\/p>\n<p data-start=\"1575\" data-end=\"1641\">Pagaminta i\u0161 100% fermose augintos vi\u0161tienos ir nat\u016bralaus tuno.<\/p>\n<ul data-start=\"1643\" data-end=\"1863\">\n<li data-section-id=\"kimthj\" data-start=\"1643\" data-end=\"1709\">Viduje skanus kreminis \u012fdaras, i\u0161or\u0117je kremin\u0117 vi\u0161tienos danga<\/li>\n<li data-section-id=\"1zhi9m\" data-start=\"1710\" data-end=\"1757\">Be gr\u016bd\u0173, konservant\u0173 ir dirbtini\u0173 da\u017eikli\u0173<\/li>\n<li data-section-id=\"nzl1w5\" data-start=\"1758\" data-end=\"1823\">Pakuot\u0117je 4 atskiros porcijos maksimaliai \u0161vie\u017eumui i\u0161laikyti<\/li>\n<li data-section-id=\"s1d8ef\" data-start=\"1824\" data-end=\"1863\">2 skirtingos tekst\u016bros vienu k\u0105sniu<\/li>\n<\/ul>\n<p data-start=\"1865\" data-end=\"2084\"><strong data-start=\"1865\" data-end=\"1884\">Priedai \/ 1 kg:<\/strong><br data-start=\"1884\" data-end=\"1887\" \/>Pa\u0161aro priedai: vitaminas E (3a700) 121 mg<br data-start=\"1929\" data-end=\"1932\" \/>Technologiniai priedai: guaro guma (E412) 6,3 g<br data-start=\"1979\" data-end=\"1982\" \/>Sensoriniai priedai: kvapiosios med\u017eiagos<br data-start=\"2023\" data-end=\"2026\" \/>Da\u017eikliai: nat\u016bralios kilm\u0117s \u2013 paprikos ekstraktas 0,1 g<\/p>\n<p data-start=\"2086\" data-end=\"2130\"><strong data-start=\"2086\" data-end=\"2115\">Metabolizuojama energija:<\/strong> 1300 kcal\/kg<\/p>\n<p data-start=\"2132\" data-end=\"2304\"><strong data-start=\"2132\" data-end=\"2158\">\u0160\u0117rimo rekomendacijos:<\/strong> Naudoti kaip pa\u0161aro pried\u0105. Visada u\u017etikrinkite, kad \u0161alia b\u016bt\u0173 \u0161vie\u017eio geriamo vandens. Atidarius laikyti \u0161aldytuve ir suvartoti kuo grei\u010diau.<\/p>\n<p data-start=\"2306\" data-end=\"2350\" data-is-last-node=\"\" data-is-only-node=\"\"><strong data-start=\"2306\" data-end=\"2326\">Grynasis kiekis:<\/strong> 10 g \u00d7 4 lazdel\u0117s, 40 g<\/p>\n","protected":false},"featured_media":55923,"template":"","meta":[],"product_brand":[],"product_cat":[527],"product_tag":[],"class_list":{"0":"post-55922","1":"product","2":"type-product","3":"status-publish","4":"has-post-thumbnail","6":"product_cat-skanestai","8":"first","9":"instock","10":"sale","11":"taxable","12":"shipping-taxable","13":"purchasable","14":"product-type-simple"},"yoast_head":"<!-- This site is optimized with the Yoast SEO plugin v27.4 - https:\/\/yoast.com\/product\/yoast-seo-wordpress\/ -->\n<title>Churu Rolls skan\u0117stas kat\u0117ms su vi\u0161tiena, tunu ir \u0161ukut\u0117mis 40 g - MiuMjau<\/title>\n<meta name=\"robots\" content=\"index, follow, max-snippet:-1, max-image-preview:large, max-video-preview:-1\" \/>\n<link rel=\"canonical\" href=\"https:\/\/miumjau.ee\/lt\/produktas\/churu-rolls-skanestas-katems-su-vistiena-tunu-ir-sukutemis-40-g\/\" \/>\n<meta property=\"og:locale\" content=\"lt_LT\" \/>\n<meta property=\"og:type\" content=\"article\" \/>\n<meta property=\"og:title\" content=\"Churu Rolls skan\u0117stas kat\u0117ms su vi\u0161tiena, tunu ir \u0161ukut\u0117mis 40 g - MiuMjau\" \/>\n<meta property=\"og:description\" content=\"Churu Rolls \u2013 tai mink\u0161ti lazdel\u0117s formos skan\u0117stai, kuriuose yra nat\u016bralios vi\u0161tienos, laukin\u0117je gamtoje sugauto tuno, \u0161uku\u010di\u0173, \u017ealiosios arbatos ekstrakto ir vitamino E. Kiekviename mai\u0161elyje yra keturios atskiros pakuot\u0117s, kad b\u016bt\u0173 i\u0161laikytas maksimalus \u0161vie\u017eumas. Pagaminta i\u0161 100% fermose augintos vi\u0161tienos ir nat\u016bralaus tuno.    Viduje skanus kreminis \u012fdaras, i\u0161or\u0117je kremin\u0117 vi\u0161tienos danga  Be gr\u016bd\u0173, konservant\u0173 ir dirbtini\u0173 da\u017eikli\u0173  Pakuot\u0117je 4 atskiros porcijos maksimaliai \u0161vie\u017eumui i\u0161laikyti  2 skirtingos tekst\u016bros vienu k\u0105sniu  Priedai \/ 1 kg:Pa\u0161aro priedai: vitaminas E (3a700) 121 mgTechnologiniai priedai: guaro guma (E412) 6,3 gSensoriniai priedai: kvapiosios med\u017eiagosDa\u017eikliai: nat\u016bralios kilm\u0117s \u2013 paprikos ekstraktas 0,1 g Metabolizuojama energija: 1300 kcal\/kg \u0160\u0117rimo rekomendacijos: Naudoti kaip pa\u0161aro pried\u0105. Visada u\u017etikrinkite, kad \u0161alia b\u016bt\u0173 \u0161vie\u017eio geriamo vandens. Atidarius laikyti \u0161aldytuve ir suvartoti kuo grei\u010diau. Grynasis kiekis: 10 g \u00d7 4 lazdel\u0117s, 40 g\" \/>\n<meta property=\"og:url\" content=\"https:\/\/miumjau.ee\/lt\/produktas\/churu-rolls-skanestas-katems-su-vistiena-tunu-ir-sukutemis-40-g\/\" \/>\n<meta property=\"og:site_name\" content=\"MiuMjau\" \/>\n<meta property=\"article:publisher\" content=\"https:\/\/www.facebook.com\/miumjaupood\/\" \/>\n<meta property=\"og:image\" content=\"https:\/\/miumjau.ee\/wp-content\/uploads\/2024\/11\/churu-rolls-maius-kassidele1.jpg\" \/>\n\t<meta property=\"og:image:width\" content=\"600\" \/>\n\t<meta property=\"og:image:height\" content=\"800\" \/>\n\t<meta property=\"og:image:type\" content=\"image\/jpeg\" \/>\n<meta name=\"twitter:card\" content=\"summary_large_image\" \/>\n<script type=\"application\/ld+json\" class=\"yoast-schema-graph\">{\"@context\":\"https:\\\/\\\/schema.org\",\"@graph\":[{\"@type\":\"WebPage\",\"@id\":\"https:\\\/\\\/miumjau.ee\\\/lt\\\/produktas\\\/churu-rolls-skanestas-katems-su-vistiena-tunu-ir-sukutemis-40-g\\\/\",\"url\":\"https:\\\/\\\/miumjau.ee\\\/lt\\\/produktas\\\/churu-rolls-skanestas-katems-su-vistiena-tunu-ir-sukutemis-40-g\\\/\",\"name\":\"Churu Rolls skan\u0117stas kat\u0117ms su vi\u0161tiena, tunu ir \u0161ukut\u0117mis 40 g - MiuMjau\",\"isPartOf\":{\"@id\":\"https:\\\/\\\/miumjau.ee\\\/#website\"},\"primaryImageOfPage\":{\"@id\":\"https:\\\/\\\/miumjau.ee\\\/lt\\\/produktas\\\/churu-rolls-skanestas-katems-su-vistiena-tunu-ir-sukutemis-40-g\\\/#primaryimage\"},\"image\":{\"@id\":\"https:\\\/\\\/miumjau.ee\\\/lt\\\/produktas\\\/churu-rolls-skanestas-katems-su-vistiena-tunu-ir-sukutemis-40-g\\\/#primaryimage\"},\"thumbnailUrl\":\"https:\\\/\\\/miumjau.ee\\\/wp-content\\\/uploads\\\/2024\\\/11\\\/churu-rolls-maius-kassidele1.jpg\",\"datePublished\":\"2024-11-13T10:24:05+00:00\",\"breadcrumb\":{\"@id\":\"https:\\\/\\\/miumjau.ee\\\/lt\\\/produktas\\\/churu-rolls-skanestas-katems-su-vistiena-tunu-ir-sukutemis-40-g\\\/#breadcrumb\"},\"inLanguage\":\"lt-LT\",\"potentialAction\":[{\"@type\":\"ReadAction\",\"target\":[\"https:\\\/\\\/miumjau.ee\\\/lt\\\/produktas\\\/churu-rolls-skanestas-katems-su-vistiena-tunu-ir-sukutemis-40-g\\\/\"]}]},{\"@type\":\"ImageObject\",\"inLanguage\":\"lt-LT\",\"@id\":\"https:\\\/\\\/miumjau.ee\\\/lt\\\/produktas\\\/churu-rolls-skanestas-katems-su-vistiena-tunu-ir-sukutemis-40-g\\\/#primaryimage\",\"url\":\"https:\\\/\\\/miumjau.ee\\\/wp-content\\\/uploads\\\/2024\\\/11\\\/churu-rolls-maius-kassidele1.jpg\",\"contentUrl\":\"https:\\\/\\\/miumjau.ee\\\/wp-content\\\/uploads\\\/2024\\\/11\\\/churu-rolls-maius-kassidele1.jpg\",\"width\":600,\"height\":800},{\"@type\":\"BreadcrumbList\",\"@id\":\"https:\\\/\\\/miumjau.ee\\\/lt\\\/produktas\\\/churu-rolls-skanestas-katems-su-vistiena-tunu-ir-sukutemis-40-g\\\/#breadcrumb\",\"itemListElement\":[{\"@type\":\"ListItem\",\"position\":1,\"name\":\"Home\",\"item\":\"https:\\\/\\\/miumjau.ee\\\/lt\\\/\"},{\"@type\":\"ListItem\",\"position\":2,\"name\":\"Parduotuv\u0117\",\"item\":\"https:\\\/\\\/miumjau.ee\\\/lt\\\/parduotuve\\\/\"},{\"@type\":\"ListItem\",\"position\":3,\"name\":\"Churu Rolls skan\u0117stas kat\u0117ms su vi\u0161tiena, tunu ir \u0161ukut\u0117mis 40 g\"}]},{\"@type\":\"WebSite\",\"@id\":\"https:\\\/\\\/miumjau.ee\\\/#website\",\"url\":\"https:\\\/\\\/miumjau.ee\\\/\",\"name\":\"MiuMjau\",\"description\":\"Kraapimispuud kassidele\",\"publisher\":{\"@id\":\"https:\\\/\\\/miumjau.ee\\\/#organization\"},\"potentialAction\":[{\"@type\":\"SearchAction\",\"target\":{\"@type\":\"EntryPoint\",\"urlTemplate\":\"https:\\\/\\\/miumjau.ee\\\/?s={search_term_string}\"},\"query-input\":{\"@type\":\"PropertyValueSpecification\",\"valueRequired\":true,\"valueName\":\"search_term_string\"}}],\"inLanguage\":\"lt-LT\"},{\"@type\":\"Organization\",\"@id\":\"https:\\\/\\\/miumjau.ee\\\/#organization\",\"name\":\"MiuMjau O\u00dc\",\"url\":\"https:\\\/\\\/miumjau.ee\\\/\",\"logo\":{\"@type\":\"ImageObject\",\"inLanguage\":\"lt-LT\",\"@id\":\"https:\\\/\\\/miumjau.ee\\\/#\\\/schema\\\/logo\\\/image\\\/\",\"url\":\"https:\\\/\\\/miumjau.ee\\\/wp-content\\\/uploads\\\/2022\\\/04\\\/MiuMjau-logo-kollane.png\",\"contentUrl\":\"https:\\\/\\\/miumjau.ee\\\/wp-content\\\/uploads\\\/2022\\\/04\\\/MiuMjau-logo-kollane.png\",\"width\":219,\"height\":100,\"caption\":\"MiuMjau O\u00dc\"},\"image\":{\"@id\":\"https:\\\/\\\/miumjau.ee\\\/#\\\/schema\\\/logo\\\/image\\\/\"},\"sameAs\":[\"https:\\\/\\\/www.facebook.com\\\/miumjaupood\\\/\"]}]}<\/script>\n<!-- \/ Yoast SEO plugin. -->","yoast_head_json":{"title":"Churu Rolls skan\u0117stas kat\u0117ms su vi\u0161tiena, tunu ir \u0161ukut\u0117mis 40 g - MiuMjau","robots":{"index":"index","follow":"follow","max-snippet":"max-snippet:-1","max-image-preview":"max-image-preview:large","max-video-preview":"max-video-preview:-1"},"canonical":"https:\/\/miumjau.ee\/lt\/produktas\/churu-rolls-skanestas-katems-su-vistiena-tunu-ir-sukutemis-40-g\/","og_locale":"lt_LT","og_type":"article","og_title":"Churu Rolls skan\u0117stas kat\u0117ms su vi\u0161tiena, tunu ir \u0161ukut\u0117mis 40 g - MiuMjau","og_description":"Churu Rolls \u2013 tai mink\u0161ti lazdel\u0117s formos skan\u0117stai, kuriuose yra nat\u016bralios vi\u0161tienos, laukin\u0117je gamtoje sugauto tuno, \u0161uku\u010di\u0173, \u017ealiosios arbatos ekstrakto ir vitamino E. Kiekviename mai\u0161elyje yra keturios atskiros pakuot\u0117s, kad b\u016bt\u0173 i\u0161laikytas maksimalus \u0161vie\u017eumas. Pagaminta i\u0161 100% fermose augintos vi\u0161tienos ir nat\u016bralaus tuno.    Viduje skanus kreminis \u012fdaras, i\u0161or\u0117je kremin\u0117 vi\u0161tienos danga  Be gr\u016bd\u0173, konservant\u0173 ir dirbtini\u0173 da\u017eikli\u0173  Pakuot\u0117je 4 atskiros porcijos maksimaliai \u0161vie\u017eumui i\u0161laikyti  2 skirtingos tekst\u016bros vienu k\u0105sniu  Priedai \/ 1 kg:Pa\u0161aro priedai: vitaminas E (3a700) 121 mgTechnologiniai priedai: guaro guma (E412) 6,3 gSensoriniai priedai: kvapiosios med\u017eiagosDa\u017eikliai: nat\u016bralios kilm\u0117s \u2013 paprikos ekstraktas 0,1 g Metabolizuojama energija: 1300 kcal\/kg \u0160\u0117rimo rekomendacijos: Naudoti kaip pa\u0161aro pried\u0105. Visada u\u017etikrinkite, kad \u0161alia b\u016bt\u0173 \u0161vie\u017eio geriamo vandens. Atidarius laikyti \u0161aldytuve ir suvartoti kuo grei\u010diau. Grynasis kiekis: 10 g \u00d7 4 lazdel\u0117s, 40 g","og_url":"https:\/\/miumjau.ee\/lt\/produktas\/churu-rolls-skanestas-katems-su-vistiena-tunu-ir-sukutemis-40-g\/","og_site_name":"MiuMjau","article_publisher":"https:\/\/www.facebook.com\/miumjaupood\/","og_image":[{"width":600,"height":800,"url":"https:\/\/miumjau.ee\/wp-content\/uploads\/2024\/11\/churu-rolls-maius-kassidele1.jpg","type":"image\/jpeg"}],"twitter_card":"summary_large_image","schema":{"@context":"https:\/\/schema.org","@graph":[{"@type":"WebPage","@id":"https:\/\/miumjau.ee\/lt\/produktas\/churu-rolls-skanestas-katems-su-vistiena-tunu-ir-sukutemis-40-g\/","url":"https:\/\/miumjau.ee\/lt\/produktas\/churu-rolls-skanestas-katems-su-vistiena-tunu-ir-sukutemis-40-g\/","name":"Churu Rolls skan\u0117stas kat\u0117ms su vi\u0161tiena, tunu ir \u0161ukut\u0117mis 40 g - MiuMjau","isPartOf":{"@id":"https:\/\/miumjau.ee\/#website"},"primaryImageOfPage":{"@id":"https:\/\/miumjau.ee\/lt\/produktas\/churu-rolls-skanestas-katems-su-vistiena-tunu-ir-sukutemis-40-g\/#primaryimage"},"image":{"@id":"https:\/\/miumjau.ee\/lt\/produktas\/churu-rolls-skanestas-katems-su-vistiena-tunu-ir-sukutemis-40-g\/#primaryimage"},"thumbnailUrl":"https:\/\/miumjau.ee\/wp-content\/uploads\/2024\/11\/churu-rolls-maius-kassidele1.jpg","datePublished":"2024-11-13T10:24:05+00:00","breadcrumb":{"@id":"https:\/\/miumjau.ee\/lt\/produktas\/churu-rolls-skanestas-katems-su-vistiena-tunu-ir-sukutemis-40-g\/#breadcrumb"},"inLanguage":"lt-LT","potentialAction":[{"@type":"ReadAction","target":["https:\/\/miumjau.ee\/lt\/produktas\/churu-rolls-skanestas-katems-su-vistiena-tunu-ir-sukutemis-40-g\/"]}]},{"@type":"ImageObject","inLanguage":"lt-LT","@id":"https:\/\/miumjau.ee\/lt\/produktas\/churu-rolls-skanestas-katems-su-vistiena-tunu-ir-sukutemis-40-g\/#primaryimage","url":"https:\/\/miumjau.ee\/wp-content\/uploads\/2024\/11\/churu-rolls-maius-kassidele1.jpg","contentUrl":"https:\/\/miumjau.ee\/wp-content\/uploads\/2024\/11\/churu-rolls-maius-kassidele1.jpg","width":600,"height":800},{"@type":"BreadcrumbList","@id":"https:\/\/miumjau.ee\/lt\/produktas\/churu-rolls-skanestas-katems-su-vistiena-tunu-ir-sukutemis-40-g\/#breadcrumb","itemListElement":[{"@type":"ListItem","position":1,"name":"Home","item":"https:\/\/miumjau.ee\/lt\/"},{"@type":"ListItem","position":2,"name":"Parduotuv\u0117","item":"https:\/\/miumjau.ee\/lt\/parduotuve\/"},{"@type":"ListItem","position":3,"name":"Churu Rolls skan\u0117stas kat\u0117ms su vi\u0161tiena, tunu ir \u0161ukut\u0117mis 40 g"}]},{"@type":"WebSite","@id":"https:\/\/miumjau.ee\/#website","url":"https:\/\/miumjau.ee\/","name":"MiuMjau","description":"Kraapimispuud kassidele","publisher":{"@id":"https:\/\/miumjau.ee\/#organization"},"potentialAction":[{"@type":"SearchAction","target":{"@type":"EntryPoint","urlTemplate":"https:\/\/miumjau.ee\/?s={search_term_string}"},"query-input":{"@type":"PropertyValueSpecification","valueRequired":true,"valueName":"search_term_string"}}],"inLanguage":"lt-LT"},{"@type":"Organization","@id":"https:\/\/miumjau.ee\/#organization","name":"MiuMjau O\u00dc","url":"https:\/\/miumjau.ee\/","logo":{"@type":"ImageObject","inLanguage":"lt-LT","@id":"https:\/\/miumjau.ee\/#\/schema\/logo\/image\/","url":"https:\/\/miumjau.ee\/wp-content\/uploads\/2022\/04\/MiuMjau-logo-kollane.png","contentUrl":"https:\/\/miumjau.ee\/wp-content\/uploads\/2022\/04\/MiuMjau-logo-kollane.png","width":219,"height":100,"caption":"MiuMjau O\u00dc"},"image":{"@id":"https:\/\/miumjau.ee\/#\/schema\/logo\/image\/"},"sameAs":["https:\/\/www.facebook.com\/miumjaupood\/"]}]}},"_links":{"self":[{"href":"https:\/\/miumjau.ee\/lt\/wp-json\/wp\/v2\/product\/55922","targetHints":{"allow":["GET"]}}],"collection":[{"href":"https:\/\/miumjau.ee\/lt\/wp-json\/wp\/v2\/product"}],"about":[{"href":"https:\/\/miumjau.ee\/lt\/wp-json\/wp\/v2\/types\/product"}],"wp:featuredmedia":[{"embeddable":true,"href":"https:\/\/miumjau.ee\/lt\/wp-json\/wp\/v2\/media\/55923"}],"wp:attachment":[{"href":"https:\/\/miumjau.ee\/lt\/wp-json\/wp\/v2\/media?parent=55922"}],"wp:term":[{"taxonomy":"product_brand","embeddable":true,"href":"https:\/\/miumjau.ee\/lt\/wp-json\/wp\/v2\/product_brand?post=55922"},{"taxonomy":"product_cat","embeddable":true,"href":"https:\/\/miumjau.ee\/lt\/wp-json\/wp\/v2\/product_cat?post=55922"},{"taxonomy":"product_tag","embeddable":true,"href":"https:\/\/miumjau.ee\/lt\/wp-json\/wp\/v2\/product_tag?post=55922"}],"curies":[{"name":"wp","href":"https:\/\/api.w.org\/{rel}","templated":true}]}}