{"id":55918,"date":"2024-11-13T12:11:56","date_gmt":"2024-11-13T10:11:56","guid":{"rendered":"https:\/\/miumjau.ee\/toode\/churu-pops-skanestas-katems-su-vistiena-ir-tunu-60-g\/"},"modified":"2024-11-13T12:11:56","modified_gmt":"2024-11-13T10:11:56","slug":"churu-pops-skanestas-katems-su-vistiena-ir-tunu-60-g","status":"publish","type":"product","link":"https:\/\/miumjau.ee\/lt\/produktas\/churu-pops-skanestas-katems-su-vistiena-ir-tunu-60-g\/","title":{"rendered":"Churu Pops skan\u0117stas kat\u0117ms su vi\u0161tiena ir tunu 60 g"},"content":{"rendered":"","protected":false},"excerpt":{"rendered":"<p data-start=\"1486\" data-end=\"1883\">Be gr\u016bd\u0173 skan\u0117stas kat\u0117ms \u2013 tyr\u0117 su tunu ir vi\u0161tiena. \u0160ie sultingi ir skan\u016bs ka\u010di\u0173 skan\u0117stai pagaminti i\u0161 100% nat\u016bralaus tuno ir fermose augintos vi\u0161tienos. Churu Pops skan\u0117stuose yra daug dr\u0117gm\u0117s, kuri yra b\u016btina kat\u0117s sveikatai. Juose n\u0117ra gabal\u0117li\u0173, konservant\u0173 ar dirbtini\u0173 da\u017eikli\u0173. Galima naudoti \u012fvairiais b\u016bdais: i\u0161spausti i\u0161 t\u016bbel\u0117s lai\u017eymui arba naudoti kaip pried\u0105 prie sauso pa\u0161aro.<\/p>\n<ul data-start=\"1885\" data-end=\"2161\">\n<li data-section-id=\"f30rs2\" data-start=\"1885\" data-end=\"1952\">Pagaminta i\u0161 100% nat\u016bralaus tuno ir fermose augintos vi\u0161tienos<\/li>\n<li data-section-id=\"1zhi9m\" data-start=\"1953\" data-end=\"2000\">Be gr\u016bd\u0173, konservant\u0173 ir dirbtini\u0173 da\u017eikli\u0173<\/li>\n<li data-section-id=\"e62ggb\" data-start=\"2001\" data-end=\"2039\">Sultinga tekst\u016bra ir puikus skonis<\/li>\n<li data-section-id=\"qhqpkv\" data-start=\"2040\" data-end=\"2081\">Daug dr\u0117gm\u0117s, b\u016btinos kat\u0117s sveikatai<\/li>\n<li data-section-id=\"1qf0u2h\" data-start=\"2082\" data-end=\"2100\">Ma\u017eai kalorij\u0173<\/li>\n<li data-section-id=\"1v5kyu7\" data-start=\"2101\" data-end=\"2161\">Inovatyvus interaktyvus b\u016bdas leisti laik\u0105 su augintiniu<\/li>\n<\/ul>\n<p data-start=\"2163\" data-end=\"2375\"><strong data-start=\"2163\" data-end=\"2182\">Priedai \/ 1 kg:<\/strong><br data-start=\"2182\" data-end=\"2185\" \/>Pa\u0161aro priedai: vitaminas E (3a700) 550 mg<br data-start=\"2227\" data-end=\"2230\" \/>Technologiniai priedai: agaras (E406) 6,7 g, guaro guma (E412) 6,7 g, ksantano guma (E415) 1,7 g<br data-start=\"2326\" data-end=\"2329\" \/>Sensoriniai priedai: skonio med\u017eiagos 11,3 g<\/p>\n<p data-start=\"2377\" data-end=\"2423\"><strong data-start=\"2377\" data-end=\"2406\">Metabolizuojama energija:<\/strong> 7 kcal\/pakuot\u0117<\/p>\n<p data-start=\"2425\" data-end=\"2669\"><strong data-start=\"2425\" data-end=\"2451\">\u0160\u0117rimo rekomendacijos:<\/strong> Naudoti kaip pa\u0161aro pried\u0105. Visada u\u017etikrinkite \u0161vie\u017eio geriamo vandens prieinamum\u0105. Atidarius laikyti \u0161aldytuve ir suvartoti kuo grei\u010diau. Laikyti v\u0117sioje, sausoje vietoje, saugoti nuo tiesiogini\u0173 saul\u0117s spinduli\u0173.<\/p>\n<p data-start=\"2671\" data-end=\"2714\" data-is-last-node=\"\" data-is-only-node=\"\"><strong data-start=\"2671\" data-end=\"2691\">Grynasis kiekis:<\/strong> 15 g \u00d7 4 t\u016bbel\u0117s, 60 g<\/p>\n","protected":false},"featured_media":55919,"template":"","meta":[],"product_brand":[],"product_cat":[527],"product_tag":[],"class_list":{"0":"post-55918","1":"product","2":"type-product","3":"status-publish","4":"has-post-thumbnail","6":"product_cat-skanestai","8":"first","9":"instock","10":"taxable","11":"shipping-taxable","12":"purchasable","13":"product-type-simple"},"yoast_head":"<!-- This site is optimized with the Yoast SEO plugin v27.4 - https:\/\/yoast.com\/product\/yoast-seo-wordpress\/ -->\n<title>Churu Pops skan\u0117stas kat\u0117ms su vi\u0161tiena ir tunu 60 g - MiuMjau<\/title>\n<meta name=\"robots\" content=\"index, follow, max-snippet:-1, max-image-preview:large, max-video-preview:-1\" \/>\n<link rel=\"canonical\" href=\"https:\/\/miumjau.ee\/lt\/produktas\/churu-pops-skanestas-katems-su-vistiena-ir-tunu-60-g\/\" \/>\n<meta property=\"og:locale\" content=\"lt_LT\" \/>\n<meta property=\"og:type\" content=\"article\" \/>\n<meta property=\"og:title\" content=\"Churu Pops skan\u0117stas kat\u0117ms su vi\u0161tiena ir tunu 60 g - MiuMjau\" \/>\n<meta property=\"og:description\" content=\"Be gr\u016bd\u0173 skan\u0117stas kat\u0117ms \u2013 tyr\u0117 su tunu ir vi\u0161tiena. \u0160ie sultingi ir skan\u016bs ka\u010di\u0173 skan\u0117stai pagaminti i\u0161 100% nat\u016bralaus tuno ir fermose augintos vi\u0161tienos. Churu Pops skan\u0117stuose yra daug dr\u0117gm\u0117s, kuri yra b\u016btina kat\u0117s sveikatai. Juose n\u0117ra gabal\u0117li\u0173, konservant\u0173 ar dirbtini\u0173 da\u017eikli\u0173. Galima naudoti \u012fvairiais b\u016bdais: i\u0161spausti i\u0161 t\u016bbel\u0117s lai\u017eymui arba naudoti kaip pried\u0105 prie sauso pa\u0161aro.    Pagaminta i\u0161 100% nat\u016bralaus tuno ir fermose augintos vi\u0161tienos  Be gr\u016bd\u0173, konservant\u0173 ir dirbtini\u0173 da\u017eikli\u0173  Sultinga tekst\u016bra ir puikus skonis  Daug dr\u0117gm\u0117s, b\u016btinos kat\u0117s sveikatai  Ma\u017eai kalorij\u0173  Inovatyvus interaktyvus b\u016bdas leisti laik\u0105 su augintiniu  Priedai \/ 1 kg:Pa\u0161aro priedai: vitaminas E (3a700) 550 mgTechnologiniai priedai: agaras (E406) 6,7 g, guaro guma (E412) 6,7 g, ksantano guma (E415) 1,7 gSensoriniai priedai: skonio med\u017eiagos 11,3 g Metabolizuojama energija: 7 kcal\/pakuot\u0117 \u0160\u0117rimo rekomendacijos: Naudoti kaip pa\u0161aro pried\u0105. Visada u\u017etikrinkite \u0161vie\u017eio geriamo vandens prieinamum\u0105. Atidarius laikyti \u0161aldytuve ir suvartoti kuo grei\u010diau. Laikyti v\u0117sioje, sausoje vietoje, saugoti nuo tiesiogini\u0173 saul\u0117s spinduli\u0173. Grynasis kiekis: 15 g \u00d7 4 t\u016bbel\u0117s, 60 g\" \/>\n<meta property=\"og:url\" content=\"https:\/\/miumjau.ee\/lt\/produktas\/churu-pops-skanestas-katems-su-vistiena-ir-tunu-60-g\/\" \/>\n<meta property=\"og:site_name\" content=\"MiuMjau\" \/>\n<meta property=\"article:publisher\" content=\"https:\/\/www.facebook.com\/miumjaupood\/\" \/>\n<meta property=\"og:image\" content=\"https:\/\/miumjau.ee\/wp-content\/uploads\/2024\/11\/churu-pops-maius-kassidele3.jpg\" \/>\n\t<meta property=\"og:image:width\" content=\"600\" \/>\n\t<meta property=\"og:image:height\" content=\"800\" \/>\n\t<meta property=\"og:image:type\" content=\"image\/jpeg\" \/>\n<meta name=\"twitter:card\" content=\"summary_large_image\" \/>\n<script type=\"application\/ld+json\" class=\"yoast-schema-graph\">{\"@context\":\"https:\\\/\\\/schema.org\",\"@graph\":[{\"@type\":\"WebPage\",\"@id\":\"https:\\\/\\\/miumjau.ee\\\/lt\\\/produktas\\\/churu-pops-skanestas-katems-su-vistiena-ir-tunu-60-g\\\/\",\"url\":\"https:\\\/\\\/miumjau.ee\\\/lt\\\/produktas\\\/churu-pops-skanestas-katems-su-vistiena-ir-tunu-60-g\\\/\",\"name\":\"Churu Pops skan\u0117stas kat\u0117ms su vi\u0161tiena ir tunu 60 g - MiuMjau\",\"isPartOf\":{\"@id\":\"https:\\\/\\\/miumjau.ee\\\/#website\"},\"primaryImageOfPage\":{\"@id\":\"https:\\\/\\\/miumjau.ee\\\/lt\\\/produktas\\\/churu-pops-skanestas-katems-su-vistiena-ir-tunu-60-g\\\/#primaryimage\"},\"image\":{\"@id\":\"https:\\\/\\\/miumjau.ee\\\/lt\\\/produktas\\\/churu-pops-skanestas-katems-su-vistiena-ir-tunu-60-g\\\/#primaryimage\"},\"thumbnailUrl\":\"https:\\\/\\\/miumjau.ee\\\/wp-content\\\/uploads\\\/2024\\\/11\\\/churu-pops-maius-kassidele3.jpg\",\"datePublished\":\"2024-11-13T10:11:56+00:00\",\"breadcrumb\":{\"@id\":\"https:\\\/\\\/miumjau.ee\\\/lt\\\/produktas\\\/churu-pops-skanestas-katems-su-vistiena-ir-tunu-60-g\\\/#breadcrumb\"},\"inLanguage\":\"lt-LT\",\"potentialAction\":[{\"@type\":\"ReadAction\",\"target\":[\"https:\\\/\\\/miumjau.ee\\\/lt\\\/produktas\\\/churu-pops-skanestas-katems-su-vistiena-ir-tunu-60-g\\\/\"]}]},{\"@type\":\"ImageObject\",\"inLanguage\":\"lt-LT\",\"@id\":\"https:\\\/\\\/miumjau.ee\\\/lt\\\/produktas\\\/churu-pops-skanestas-katems-su-vistiena-ir-tunu-60-g\\\/#primaryimage\",\"url\":\"https:\\\/\\\/miumjau.ee\\\/wp-content\\\/uploads\\\/2024\\\/11\\\/churu-pops-maius-kassidele3.jpg\",\"contentUrl\":\"https:\\\/\\\/miumjau.ee\\\/wp-content\\\/uploads\\\/2024\\\/11\\\/churu-pops-maius-kassidele3.jpg\",\"width\":600,\"height\":800},{\"@type\":\"BreadcrumbList\",\"@id\":\"https:\\\/\\\/miumjau.ee\\\/lt\\\/produktas\\\/churu-pops-skanestas-katems-su-vistiena-ir-tunu-60-g\\\/#breadcrumb\",\"itemListElement\":[{\"@type\":\"ListItem\",\"position\":1,\"name\":\"Home\",\"item\":\"https:\\\/\\\/miumjau.ee\\\/lt\\\/\"},{\"@type\":\"ListItem\",\"position\":2,\"name\":\"Parduotuv\u0117\",\"item\":\"https:\\\/\\\/miumjau.ee\\\/lt\\\/parduotuve\\\/\"},{\"@type\":\"ListItem\",\"position\":3,\"name\":\"Churu Pops skan\u0117stas kat\u0117ms su vi\u0161tiena ir tunu 60 g\"}]},{\"@type\":\"WebSite\",\"@id\":\"https:\\\/\\\/miumjau.ee\\\/#website\",\"url\":\"https:\\\/\\\/miumjau.ee\\\/\",\"name\":\"MiuMjau\",\"description\":\"Kraapimispuud kassidele\",\"publisher\":{\"@id\":\"https:\\\/\\\/miumjau.ee\\\/#organization\"},\"potentialAction\":[{\"@type\":\"SearchAction\",\"target\":{\"@type\":\"EntryPoint\",\"urlTemplate\":\"https:\\\/\\\/miumjau.ee\\\/?s={search_term_string}\"},\"query-input\":{\"@type\":\"PropertyValueSpecification\",\"valueRequired\":true,\"valueName\":\"search_term_string\"}}],\"inLanguage\":\"lt-LT\"},{\"@type\":\"Organization\",\"@id\":\"https:\\\/\\\/miumjau.ee\\\/#organization\",\"name\":\"MiuMjau O\u00dc\",\"url\":\"https:\\\/\\\/miumjau.ee\\\/\",\"logo\":{\"@type\":\"ImageObject\",\"inLanguage\":\"lt-LT\",\"@id\":\"https:\\\/\\\/miumjau.ee\\\/#\\\/schema\\\/logo\\\/image\\\/\",\"url\":\"https:\\\/\\\/miumjau.ee\\\/wp-content\\\/uploads\\\/2022\\\/04\\\/MiuMjau-logo-kollane.png\",\"contentUrl\":\"https:\\\/\\\/miumjau.ee\\\/wp-content\\\/uploads\\\/2022\\\/04\\\/MiuMjau-logo-kollane.png\",\"width\":219,\"height\":100,\"caption\":\"MiuMjau O\u00dc\"},\"image\":{\"@id\":\"https:\\\/\\\/miumjau.ee\\\/#\\\/schema\\\/logo\\\/image\\\/\"},\"sameAs\":[\"https:\\\/\\\/www.facebook.com\\\/miumjaupood\\\/\"]}]}<\/script>\n<!-- \/ Yoast SEO plugin. -->","yoast_head_json":{"title":"Churu Pops skan\u0117stas kat\u0117ms su vi\u0161tiena ir tunu 60 g - MiuMjau","robots":{"index":"index","follow":"follow","max-snippet":"max-snippet:-1","max-image-preview":"max-image-preview:large","max-video-preview":"max-video-preview:-1"},"canonical":"https:\/\/miumjau.ee\/lt\/produktas\/churu-pops-skanestas-katems-su-vistiena-ir-tunu-60-g\/","og_locale":"lt_LT","og_type":"article","og_title":"Churu Pops skan\u0117stas kat\u0117ms su vi\u0161tiena ir tunu 60 g - MiuMjau","og_description":"Be gr\u016bd\u0173 skan\u0117stas kat\u0117ms \u2013 tyr\u0117 su tunu ir vi\u0161tiena. \u0160ie sultingi ir skan\u016bs ka\u010di\u0173 skan\u0117stai pagaminti i\u0161 100% nat\u016bralaus tuno ir fermose augintos vi\u0161tienos. Churu Pops skan\u0117stuose yra daug dr\u0117gm\u0117s, kuri yra b\u016btina kat\u0117s sveikatai. Juose n\u0117ra gabal\u0117li\u0173, konservant\u0173 ar dirbtini\u0173 da\u017eikli\u0173. Galima naudoti \u012fvairiais b\u016bdais: i\u0161spausti i\u0161 t\u016bbel\u0117s lai\u017eymui arba naudoti kaip pried\u0105 prie sauso pa\u0161aro.    Pagaminta i\u0161 100% nat\u016bralaus tuno ir fermose augintos vi\u0161tienos  Be gr\u016bd\u0173, konservant\u0173 ir dirbtini\u0173 da\u017eikli\u0173  Sultinga tekst\u016bra ir puikus skonis  Daug dr\u0117gm\u0117s, b\u016btinos kat\u0117s sveikatai  Ma\u017eai kalorij\u0173  Inovatyvus interaktyvus b\u016bdas leisti laik\u0105 su augintiniu  Priedai \/ 1 kg:Pa\u0161aro priedai: vitaminas E (3a700) 550 mgTechnologiniai priedai: agaras (E406) 6,7 g, guaro guma (E412) 6,7 g, ksantano guma (E415) 1,7 gSensoriniai priedai: skonio med\u017eiagos 11,3 g Metabolizuojama energija: 7 kcal\/pakuot\u0117 \u0160\u0117rimo rekomendacijos: Naudoti kaip pa\u0161aro pried\u0105. Visada u\u017etikrinkite \u0161vie\u017eio geriamo vandens prieinamum\u0105. Atidarius laikyti \u0161aldytuve ir suvartoti kuo grei\u010diau. Laikyti v\u0117sioje, sausoje vietoje, saugoti nuo tiesiogini\u0173 saul\u0117s spinduli\u0173. Grynasis kiekis: 15 g \u00d7 4 t\u016bbel\u0117s, 60 g","og_url":"https:\/\/miumjau.ee\/lt\/produktas\/churu-pops-skanestas-katems-su-vistiena-ir-tunu-60-g\/","og_site_name":"MiuMjau","article_publisher":"https:\/\/www.facebook.com\/miumjaupood\/","og_image":[{"width":600,"height":800,"url":"https:\/\/miumjau.ee\/wp-content\/uploads\/2024\/11\/churu-pops-maius-kassidele3.jpg","type":"image\/jpeg"}],"twitter_card":"summary_large_image","schema":{"@context":"https:\/\/schema.org","@graph":[{"@type":"WebPage","@id":"https:\/\/miumjau.ee\/lt\/produktas\/churu-pops-skanestas-katems-su-vistiena-ir-tunu-60-g\/","url":"https:\/\/miumjau.ee\/lt\/produktas\/churu-pops-skanestas-katems-su-vistiena-ir-tunu-60-g\/","name":"Churu Pops skan\u0117stas kat\u0117ms su vi\u0161tiena ir tunu 60 g - MiuMjau","isPartOf":{"@id":"https:\/\/miumjau.ee\/#website"},"primaryImageOfPage":{"@id":"https:\/\/miumjau.ee\/lt\/produktas\/churu-pops-skanestas-katems-su-vistiena-ir-tunu-60-g\/#primaryimage"},"image":{"@id":"https:\/\/miumjau.ee\/lt\/produktas\/churu-pops-skanestas-katems-su-vistiena-ir-tunu-60-g\/#primaryimage"},"thumbnailUrl":"https:\/\/miumjau.ee\/wp-content\/uploads\/2024\/11\/churu-pops-maius-kassidele3.jpg","datePublished":"2024-11-13T10:11:56+00:00","breadcrumb":{"@id":"https:\/\/miumjau.ee\/lt\/produktas\/churu-pops-skanestas-katems-su-vistiena-ir-tunu-60-g\/#breadcrumb"},"inLanguage":"lt-LT","potentialAction":[{"@type":"ReadAction","target":["https:\/\/miumjau.ee\/lt\/produktas\/churu-pops-skanestas-katems-su-vistiena-ir-tunu-60-g\/"]}]},{"@type":"ImageObject","inLanguage":"lt-LT","@id":"https:\/\/miumjau.ee\/lt\/produktas\/churu-pops-skanestas-katems-su-vistiena-ir-tunu-60-g\/#primaryimage","url":"https:\/\/miumjau.ee\/wp-content\/uploads\/2024\/11\/churu-pops-maius-kassidele3.jpg","contentUrl":"https:\/\/miumjau.ee\/wp-content\/uploads\/2024\/11\/churu-pops-maius-kassidele3.jpg","width":600,"height":800},{"@type":"BreadcrumbList","@id":"https:\/\/miumjau.ee\/lt\/produktas\/churu-pops-skanestas-katems-su-vistiena-ir-tunu-60-g\/#breadcrumb","itemListElement":[{"@type":"ListItem","position":1,"name":"Home","item":"https:\/\/miumjau.ee\/lt\/"},{"@type":"ListItem","position":2,"name":"Parduotuv\u0117","item":"https:\/\/miumjau.ee\/lt\/parduotuve\/"},{"@type":"ListItem","position":3,"name":"Churu Pops skan\u0117stas kat\u0117ms su vi\u0161tiena ir tunu 60 g"}]},{"@type":"WebSite","@id":"https:\/\/miumjau.ee\/#website","url":"https:\/\/miumjau.ee\/","name":"MiuMjau","description":"Kraapimispuud kassidele","publisher":{"@id":"https:\/\/miumjau.ee\/#organization"},"potentialAction":[{"@type":"SearchAction","target":{"@type":"EntryPoint","urlTemplate":"https:\/\/miumjau.ee\/?s={search_term_string}"},"query-input":{"@type":"PropertyValueSpecification","valueRequired":true,"valueName":"search_term_string"}}],"inLanguage":"lt-LT"},{"@type":"Organization","@id":"https:\/\/miumjau.ee\/#organization","name":"MiuMjau O\u00dc","url":"https:\/\/miumjau.ee\/","logo":{"@type":"ImageObject","inLanguage":"lt-LT","@id":"https:\/\/miumjau.ee\/#\/schema\/logo\/image\/","url":"https:\/\/miumjau.ee\/wp-content\/uploads\/2022\/04\/MiuMjau-logo-kollane.png","contentUrl":"https:\/\/miumjau.ee\/wp-content\/uploads\/2022\/04\/MiuMjau-logo-kollane.png","width":219,"height":100,"caption":"MiuMjau O\u00dc"},"image":{"@id":"https:\/\/miumjau.ee\/#\/schema\/logo\/image\/"},"sameAs":["https:\/\/www.facebook.com\/miumjaupood\/"]}]}},"_links":{"self":[{"href":"https:\/\/miumjau.ee\/lt\/wp-json\/wp\/v2\/product\/55918","targetHints":{"allow":["GET"]}}],"collection":[{"href":"https:\/\/miumjau.ee\/lt\/wp-json\/wp\/v2\/product"}],"about":[{"href":"https:\/\/miumjau.ee\/lt\/wp-json\/wp\/v2\/types\/product"}],"wp:featuredmedia":[{"embeddable":true,"href":"https:\/\/miumjau.ee\/lt\/wp-json\/wp\/v2\/media\/55919"}],"wp:attachment":[{"href":"https:\/\/miumjau.ee\/lt\/wp-json\/wp\/v2\/media?parent=55918"}],"wp:term":[{"taxonomy":"product_brand","embeddable":true,"href":"https:\/\/miumjau.ee\/lt\/wp-json\/wp\/v2\/product_brand?post=55918"},{"taxonomy":"product_cat","embeddable":true,"href":"https:\/\/miumjau.ee\/lt\/wp-json\/wp\/v2\/product_cat?post=55918"},{"taxonomy":"product_tag","embeddable":true,"href":"https:\/\/miumjau.ee\/lt\/wp-json\/wp\/v2\/product_tag?post=55918"}],"curies":[{"name":"wp","href":"https:\/\/api.w.org\/{rel}","templated":true}]}}