{"id":55889,"date":"2024-11-13T13:43:17","date_gmt":"2024-11-13T11:43:17","guid":{"rendered":"https:\/\/miumjau.ee\/toode\/churu-skin-coat-kremiskas-skanestas-katems-su-vistiena-56-g\/"},"modified":"2024-11-13T13:43:17","modified_gmt":"2024-11-13T11:43:17","slug":"churu-skin-coat-kremiskas-skanestas-katems-su-vistiena-56-g","status":"publish","type":"product","link":"https:\/\/miumjau.ee\/lt\/produktas\/churu-skin-coat-kremiskas-skanestas-katems-su-vistiena-56-g\/","title":{"rendered":"Churu Skin &#038; Coat kremi\u0161kas skan\u0117stas kat\u0117ms su vi\u0161tiena 56\u202fg"},"content":{"rendered":"","protected":false},"excerpt":{"rendered":"<p data-start=\"1606\" data-end=\"1682\">Churu Cat yra funkcinis skan\u0117stas kat\u0117ms, palaikantis sveik\u0105 od\u0105 ir kail\u012f.<\/p>\n<p data-start=\"1684\" data-end=\"1826\">Skin &amp; Coat speciali formul\u0117 yra turtinga omega-3 riebal\u0173 r\u016bg\u0161timis i\u0161 \u017euv\u0173 aliejaus, padedan\u010diomis i\u0161laikyti sveik\u0105 od\u0105 ir blizgant\u012f kail\u012f.<\/p>\n<p data-start=\"1828\" data-end=\"1952\">\u0160ie lai\u017eomi skan\u0117stai pagaminti i\u0161 auk\u0161tos kokyb\u0117s ingredient\u0173 \u2013 fermose auginamos vi\u0161tienos arba nat\u016braliai sugauto tuno.<\/p>\n<p data-start=\"1954\" data-end=\"2151\">Churu nesudaro gr\u016bd\u0173, neturi konservant\u0173 ar dirbtini\u0173 da\u017eikli\u0173. Kat\u0117 valgys tiesiai i\u0161 tavo rankos, arba gali supilti \u012f duben\u0117l\u012f arba naudoti kaip gard\u0173 pried\u0105 dr\u0117gnam ar sauso pa\u0161aro papildymui.<\/p>\n<ul data-start=\"2153\" data-end=\"2486\">\n<li data-section-id=\"1kat7wj\" data-start=\"2153\" data-end=\"2245\">Omega-3 riebal\u0173 r\u016bg\u0161tys i\u0161 \u017euv\u0173 aliejaus padeda palaikyti sveik\u0105 od\u0105 ir blizgant\u012f kail\u012f.<\/li>\n<li data-section-id=\"1a5u3k\" data-start=\"2246\" data-end=\"2316\">Pagaminta i\u0161 100% \u0161varios, nat\u016bralios fermose auginamos vi\u0161tienos.<\/li>\n<li data-section-id=\"1cipef3\" data-start=\"2317\" data-end=\"2378\">Nesudaro gr\u016bd\u0173, neturi konservant\u0173 ar dirbtini\u0173 da\u017eikli\u0173.<\/li>\n<li data-section-id=\"lw4goh\" data-start=\"2379\" data-end=\"2421\">Daug dr\u0117gm\u0117s, b\u016btinos kat\u0117s sveikatai.<\/li>\n<li data-section-id=\"4sf1f3\" data-start=\"2422\" data-end=\"2486\">Gali b\u016bti naudojamas kaip priedas dr\u0117gnam ar sausam pa\u0161arui.<\/li>\n<\/ul>\n<p data-start=\"2488\" data-end=\"2647\"><strong data-start=\"2488\" data-end=\"2507\">Priedai \/ 1\u202fkg:<\/strong> E vitaminas (3a700) 574\u202fmg, taurinas (3a370) 356\u202fmg<br data-start=\"2559\" data-end=\"2562\" \/><strong data-start=\"2562\" data-end=\"2589\">Technologiniai priedai:<\/strong> guaro guma (E412)<br data-start=\"2607\" data-end=\"2610\" \/><strong data-start=\"2610\" data-end=\"2634\">Sensoriniai priedai:<\/strong> kvapikliai<\/p>\n<p data-start=\"2649\" data-end=\"2697\"><strong data-start=\"2649\" data-end=\"2678\">Metabolizuojama energija:<\/strong> 9,2\u202fkcal\/pakuot\u0117<\/p>\n<p data-start=\"2699\" data-end=\"2943\"><strong data-start=\"2699\" data-end=\"2725\">\u0160\u0117rimo rekomendacijos:<\/strong> Naudoti kaip pa\u0161aro pried\u0105. Visada u\u017etikrinkite prieinam\u0105 \u0161vie\u017ei\u0105 geriam\u0105 vanden\u012f. Atidarius laikyti \u0161aldytuve ir suvartoti kuo grei\u010diau. Laikyti v\u0117sioje ir sausoje vietoje, saugoti nuo tiesiogini\u0173 saul\u0117s spinduli\u0173.<\/p>\n<p data-start=\"2945\" data-end=\"2988\" data-is-last-node=\"\" data-is-only-node=\"\"><strong data-start=\"2945\" data-end=\"2965\">Grynasis kiekis:<\/strong> 14\u202fg \u00d7 4 t\u016bbel\u0117s, 56\u202fg<\/p>\n","protected":false},"featured_media":55871,"template":"","meta":[],"product_brand":[],"product_cat":[527],"product_tag":[],"class_list":{"0":"post-55889","1":"product","2":"type-product","3":"status-publish","4":"has-post-thumbnail","6":"product_cat-skanestai","8":"first","9":"instock","10":"sale","11":"taxable","12":"shipping-taxable","13":"purchasable","14":"product-type-simple"},"yoast_head":"<!-- This site is optimized with the Yoast SEO plugin v27.4 - https:\/\/yoast.com\/product\/yoast-seo-wordpress\/ -->\n<title>Churu Skin &amp; Coat kremi\u0161kas skan\u0117stas kat\u0117ms su vi\u0161tiena 56\u202fg - MiuMjau<\/title>\n<meta name=\"robots\" content=\"index, follow, max-snippet:-1, max-image-preview:large, max-video-preview:-1\" \/>\n<link rel=\"canonical\" href=\"https:\/\/miumjau.ee\/lt\/produktas\/churu-skin-coat-kremiskas-skanestas-katems-su-vistiena-56-g\/\" \/>\n<meta property=\"og:locale\" content=\"lt_LT\" \/>\n<meta property=\"og:type\" content=\"article\" \/>\n<meta property=\"og:title\" content=\"Churu Skin &amp; Coat kremi\u0161kas skan\u0117stas kat\u0117ms su vi\u0161tiena 56\u202fg - MiuMjau\" \/>\n<meta property=\"og:description\" content=\"Churu Cat yra funkcinis skan\u0117stas kat\u0117ms, palaikantis sveik\u0105 od\u0105 ir kail\u012f. Skin &amp; Coat speciali formul\u0117 yra turtinga omega-3 riebal\u0173 r\u016bg\u0161timis i\u0161 \u017euv\u0173 aliejaus, padedan\u010diomis i\u0161laikyti sveik\u0105 od\u0105 ir blizgant\u012f kail\u012f. \u0160ie lai\u017eomi skan\u0117stai pagaminti i\u0161 auk\u0161tos kokyb\u0117s ingredient\u0173 \u2013 fermose auginamos vi\u0161tienos arba nat\u016braliai sugauto tuno. Churu nesudaro gr\u016bd\u0173, neturi konservant\u0173 ar dirbtini\u0173 da\u017eikli\u0173. Kat\u0117 valgys tiesiai i\u0161 tavo rankos, arba gali supilti \u012f duben\u0117l\u012f arba naudoti kaip gard\u0173 pried\u0105 dr\u0117gnam ar sauso pa\u0161aro papildymui.    Omega-3 riebal\u0173 r\u016bg\u0161tys i\u0161 \u017euv\u0173 aliejaus padeda palaikyti sveik\u0105 od\u0105 ir blizgant\u012f kail\u012f.  Pagaminta i\u0161 100% \u0161varios, nat\u016bralios fermose auginamos vi\u0161tienos.  Nesudaro gr\u016bd\u0173, neturi konservant\u0173 ar dirbtini\u0173 da\u017eikli\u0173.  Daug dr\u0117gm\u0117s, b\u016btinos kat\u0117s sveikatai.  Gali b\u016bti naudojamas kaip priedas dr\u0117gnam ar sausam pa\u0161arui.  Priedai \/ 1\u202fkg: E vitaminas (3a700) 574\u202fmg, taurinas (3a370) 356\u202fmgTechnologiniai priedai: guaro guma (E412)Sensoriniai priedai: kvapikliai Metabolizuojama energija: 9,2\u202fkcal\/pakuot\u0117 \u0160\u0117rimo rekomendacijos: Naudoti kaip pa\u0161aro pried\u0105. Visada u\u017etikrinkite prieinam\u0105 \u0161vie\u017ei\u0105 geriam\u0105 vanden\u012f. Atidarius laikyti \u0161aldytuve ir suvartoti kuo grei\u010diau. Laikyti v\u0117sioje ir sausoje vietoje, saugoti nuo tiesiogini\u0173 saul\u0117s spinduli\u0173. Grynasis kiekis: 14\u202fg \u00d7 4 t\u016bbel\u0117s, 56\u202fg\" \/>\n<meta property=\"og:url\" content=\"https:\/\/miumjau.ee\/lt\/produktas\/churu-skin-coat-kremiskas-skanestas-katems-su-vistiena-56-g\/\" \/>\n<meta property=\"og:site_name\" content=\"MiuMjau\" \/>\n<meta property=\"article:publisher\" content=\"https:\/\/www.facebook.com\/miumjaupood\/\" \/>\n<meta property=\"og:image\" content=\"https:\/\/miumjau.ee\/wp-content\/uploads\/2024\/11\/Churu-maius-56g-kassile1.jpg\" \/>\n\t<meta property=\"og:image:width\" content=\"600\" \/>\n\t<meta property=\"og:image:height\" content=\"800\" \/>\n\t<meta property=\"og:image:type\" content=\"image\/jpeg\" \/>\n<meta name=\"twitter:card\" content=\"summary_large_image\" \/>\n<script type=\"application\/ld+json\" class=\"yoast-schema-graph\">{\"@context\":\"https:\\\/\\\/schema.org\",\"@graph\":[{\"@type\":\"WebPage\",\"@id\":\"https:\\\/\\\/miumjau.ee\\\/lt\\\/produktas\\\/churu-skin-coat-kremiskas-skanestas-katems-su-vistiena-56-g\\\/\",\"url\":\"https:\\\/\\\/miumjau.ee\\\/lt\\\/produktas\\\/churu-skin-coat-kremiskas-skanestas-katems-su-vistiena-56-g\\\/\",\"name\":\"Churu Skin & Coat kremi\u0161kas skan\u0117stas kat\u0117ms su vi\u0161tiena 56\u202fg - MiuMjau\",\"isPartOf\":{\"@id\":\"https:\\\/\\\/miumjau.ee\\\/#website\"},\"primaryImageOfPage\":{\"@id\":\"https:\\\/\\\/miumjau.ee\\\/lt\\\/produktas\\\/churu-skin-coat-kremiskas-skanestas-katems-su-vistiena-56-g\\\/#primaryimage\"},\"image\":{\"@id\":\"https:\\\/\\\/miumjau.ee\\\/lt\\\/produktas\\\/churu-skin-coat-kremiskas-skanestas-katems-su-vistiena-56-g\\\/#primaryimage\"},\"thumbnailUrl\":\"https:\\\/\\\/miumjau.ee\\\/wp-content\\\/uploads\\\/2024\\\/11\\\/Churu-maius-56g-kassile1.jpg\",\"datePublished\":\"2024-11-13T11:43:17+00:00\",\"breadcrumb\":{\"@id\":\"https:\\\/\\\/miumjau.ee\\\/lt\\\/produktas\\\/churu-skin-coat-kremiskas-skanestas-katems-su-vistiena-56-g\\\/#breadcrumb\"},\"inLanguage\":\"lt-LT\",\"potentialAction\":[{\"@type\":\"ReadAction\",\"target\":[\"https:\\\/\\\/miumjau.ee\\\/lt\\\/produktas\\\/churu-skin-coat-kremiskas-skanestas-katems-su-vistiena-56-g\\\/\"]}]},{\"@type\":\"ImageObject\",\"inLanguage\":\"lt-LT\",\"@id\":\"https:\\\/\\\/miumjau.ee\\\/lt\\\/produktas\\\/churu-skin-coat-kremiskas-skanestas-katems-su-vistiena-56-g\\\/#primaryimage\",\"url\":\"https:\\\/\\\/miumjau.ee\\\/wp-content\\\/uploads\\\/2024\\\/11\\\/Churu-maius-56g-kassile1.jpg\",\"contentUrl\":\"https:\\\/\\\/miumjau.ee\\\/wp-content\\\/uploads\\\/2024\\\/11\\\/Churu-maius-56g-kassile1.jpg\",\"width\":600,\"height\":800},{\"@type\":\"BreadcrumbList\",\"@id\":\"https:\\\/\\\/miumjau.ee\\\/lt\\\/produktas\\\/churu-skin-coat-kremiskas-skanestas-katems-su-vistiena-56-g\\\/#breadcrumb\",\"itemListElement\":[{\"@type\":\"ListItem\",\"position\":1,\"name\":\"Home\",\"item\":\"https:\\\/\\\/miumjau.ee\\\/lt\\\/\"},{\"@type\":\"ListItem\",\"position\":2,\"name\":\"Parduotuv\u0117\",\"item\":\"https:\\\/\\\/miumjau.ee\\\/lt\\\/parduotuve\\\/\"},{\"@type\":\"ListItem\",\"position\":3,\"name\":\"Churu Skin &#038; Coat kremi\u0161kas skan\u0117stas kat\u0117ms su vi\u0161tiena 56\u202fg\"}]},{\"@type\":\"WebSite\",\"@id\":\"https:\\\/\\\/miumjau.ee\\\/#website\",\"url\":\"https:\\\/\\\/miumjau.ee\\\/\",\"name\":\"MiuMjau\",\"description\":\"Kraapimispuud kassidele\",\"publisher\":{\"@id\":\"https:\\\/\\\/miumjau.ee\\\/#organization\"},\"potentialAction\":[{\"@type\":\"SearchAction\",\"target\":{\"@type\":\"EntryPoint\",\"urlTemplate\":\"https:\\\/\\\/miumjau.ee\\\/?s={search_term_string}\"},\"query-input\":{\"@type\":\"PropertyValueSpecification\",\"valueRequired\":true,\"valueName\":\"search_term_string\"}}],\"inLanguage\":\"lt-LT\"},{\"@type\":\"Organization\",\"@id\":\"https:\\\/\\\/miumjau.ee\\\/#organization\",\"name\":\"MiuMjau O\u00dc\",\"url\":\"https:\\\/\\\/miumjau.ee\\\/\",\"logo\":{\"@type\":\"ImageObject\",\"inLanguage\":\"lt-LT\",\"@id\":\"https:\\\/\\\/miumjau.ee\\\/#\\\/schema\\\/logo\\\/image\\\/\",\"url\":\"https:\\\/\\\/miumjau.ee\\\/wp-content\\\/uploads\\\/2022\\\/04\\\/MiuMjau-logo-kollane.png\",\"contentUrl\":\"https:\\\/\\\/miumjau.ee\\\/wp-content\\\/uploads\\\/2022\\\/04\\\/MiuMjau-logo-kollane.png\",\"width\":219,\"height\":100,\"caption\":\"MiuMjau O\u00dc\"},\"image\":{\"@id\":\"https:\\\/\\\/miumjau.ee\\\/#\\\/schema\\\/logo\\\/image\\\/\"},\"sameAs\":[\"https:\\\/\\\/www.facebook.com\\\/miumjaupood\\\/\"]}]}<\/script>\n<!-- \/ Yoast SEO plugin. -->","yoast_head_json":{"title":"Churu Skin & Coat kremi\u0161kas skan\u0117stas kat\u0117ms su vi\u0161tiena 56\u202fg - MiuMjau","robots":{"index":"index","follow":"follow","max-snippet":"max-snippet:-1","max-image-preview":"max-image-preview:large","max-video-preview":"max-video-preview:-1"},"canonical":"https:\/\/miumjau.ee\/lt\/produktas\/churu-skin-coat-kremiskas-skanestas-katems-su-vistiena-56-g\/","og_locale":"lt_LT","og_type":"article","og_title":"Churu Skin & Coat kremi\u0161kas skan\u0117stas kat\u0117ms su vi\u0161tiena 56\u202fg - MiuMjau","og_description":"Churu Cat yra funkcinis skan\u0117stas kat\u0117ms, palaikantis sveik\u0105 od\u0105 ir kail\u012f. Skin &amp; Coat speciali formul\u0117 yra turtinga omega-3 riebal\u0173 r\u016bg\u0161timis i\u0161 \u017euv\u0173 aliejaus, padedan\u010diomis i\u0161laikyti sveik\u0105 od\u0105 ir blizgant\u012f kail\u012f. \u0160ie lai\u017eomi skan\u0117stai pagaminti i\u0161 auk\u0161tos kokyb\u0117s ingredient\u0173 \u2013 fermose auginamos vi\u0161tienos arba nat\u016braliai sugauto tuno. Churu nesudaro gr\u016bd\u0173, neturi konservant\u0173 ar dirbtini\u0173 da\u017eikli\u0173. Kat\u0117 valgys tiesiai i\u0161 tavo rankos, arba gali supilti \u012f duben\u0117l\u012f arba naudoti kaip gard\u0173 pried\u0105 dr\u0117gnam ar sauso pa\u0161aro papildymui.    Omega-3 riebal\u0173 r\u016bg\u0161tys i\u0161 \u017euv\u0173 aliejaus padeda palaikyti sveik\u0105 od\u0105 ir blizgant\u012f kail\u012f.  Pagaminta i\u0161 100% \u0161varios, nat\u016bralios fermose auginamos vi\u0161tienos.  Nesudaro gr\u016bd\u0173, neturi konservant\u0173 ar dirbtini\u0173 da\u017eikli\u0173.  Daug dr\u0117gm\u0117s, b\u016btinos kat\u0117s sveikatai.  Gali b\u016bti naudojamas kaip priedas dr\u0117gnam ar sausam pa\u0161arui.  Priedai \/ 1\u202fkg: E vitaminas (3a700) 574\u202fmg, taurinas (3a370) 356\u202fmgTechnologiniai priedai: guaro guma (E412)Sensoriniai priedai: kvapikliai Metabolizuojama energija: 9,2\u202fkcal\/pakuot\u0117 \u0160\u0117rimo rekomendacijos: Naudoti kaip pa\u0161aro pried\u0105. Visada u\u017etikrinkite prieinam\u0105 \u0161vie\u017ei\u0105 geriam\u0105 vanden\u012f. Atidarius laikyti \u0161aldytuve ir suvartoti kuo grei\u010diau. Laikyti v\u0117sioje ir sausoje vietoje, saugoti nuo tiesiogini\u0173 saul\u0117s spinduli\u0173. Grynasis kiekis: 14\u202fg \u00d7 4 t\u016bbel\u0117s, 56\u202fg","og_url":"https:\/\/miumjau.ee\/lt\/produktas\/churu-skin-coat-kremiskas-skanestas-katems-su-vistiena-56-g\/","og_site_name":"MiuMjau","article_publisher":"https:\/\/www.facebook.com\/miumjaupood\/","og_image":[{"width":600,"height":800,"url":"https:\/\/miumjau.ee\/wp-content\/uploads\/2024\/11\/Churu-maius-56g-kassile1.jpg","type":"image\/jpeg"}],"twitter_card":"summary_large_image","schema":{"@context":"https:\/\/schema.org","@graph":[{"@type":"WebPage","@id":"https:\/\/miumjau.ee\/lt\/produktas\/churu-skin-coat-kremiskas-skanestas-katems-su-vistiena-56-g\/","url":"https:\/\/miumjau.ee\/lt\/produktas\/churu-skin-coat-kremiskas-skanestas-katems-su-vistiena-56-g\/","name":"Churu Skin & Coat kremi\u0161kas skan\u0117stas kat\u0117ms su vi\u0161tiena 56\u202fg - MiuMjau","isPartOf":{"@id":"https:\/\/miumjau.ee\/#website"},"primaryImageOfPage":{"@id":"https:\/\/miumjau.ee\/lt\/produktas\/churu-skin-coat-kremiskas-skanestas-katems-su-vistiena-56-g\/#primaryimage"},"image":{"@id":"https:\/\/miumjau.ee\/lt\/produktas\/churu-skin-coat-kremiskas-skanestas-katems-su-vistiena-56-g\/#primaryimage"},"thumbnailUrl":"https:\/\/miumjau.ee\/wp-content\/uploads\/2024\/11\/Churu-maius-56g-kassile1.jpg","datePublished":"2024-11-13T11:43:17+00:00","breadcrumb":{"@id":"https:\/\/miumjau.ee\/lt\/produktas\/churu-skin-coat-kremiskas-skanestas-katems-su-vistiena-56-g\/#breadcrumb"},"inLanguage":"lt-LT","potentialAction":[{"@type":"ReadAction","target":["https:\/\/miumjau.ee\/lt\/produktas\/churu-skin-coat-kremiskas-skanestas-katems-su-vistiena-56-g\/"]}]},{"@type":"ImageObject","inLanguage":"lt-LT","@id":"https:\/\/miumjau.ee\/lt\/produktas\/churu-skin-coat-kremiskas-skanestas-katems-su-vistiena-56-g\/#primaryimage","url":"https:\/\/miumjau.ee\/wp-content\/uploads\/2024\/11\/Churu-maius-56g-kassile1.jpg","contentUrl":"https:\/\/miumjau.ee\/wp-content\/uploads\/2024\/11\/Churu-maius-56g-kassile1.jpg","width":600,"height":800},{"@type":"BreadcrumbList","@id":"https:\/\/miumjau.ee\/lt\/produktas\/churu-skin-coat-kremiskas-skanestas-katems-su-vistiena-56-g\/#breadcrumb","itemListElement":[{"@type":"ListItem","position":1,"name":"Home","item":"https:\/\/miumjau.ee\/lt\/"},{"@type":"ListItem","position":2,"name":"Parduotuv\u0117","item":"https:\/\/miumjau.ee\/lt\/parduotuve\/"},{"@type":"ListItem","position":3,"name":"Churu Skin &#038; Coat kremi\u0161kas skan\u0117stas kat\u0117ms su vi\u0161tiena 56\u202fg"}]},{"@type":"WebSite","@id":"https:\/\/miumjau.ee\/#website","url":"https:\/\/miumjau.ee\/","name":"MiuMjau","description":"Kraapimispuud kassidele","publisher":{"@id":"https:\/\/miumjau.ee\/#organization"},"potentialAction":[{"@type":"SearchAction","target":{"@type":"EntryPoint","urlTemplate":"https:\/\/miumjau.ee\/?s={search_term_string}"},"query-input":{"@type":"PropertyValueSpecification","valueRequired":true,"valueName":"search_term_string"}}],"inLanguage":"lt-LT"},{"@type":"Organization","@id":"https:\/\/miumjau.ee\/#organization","name":"MiuMjau O\u00dc","url":"https:\/\/miumjau.ee\/","logo":{"@type":"ImageObject","inLanguage":"lt-LT","@id":"https:\/\/miumjau.ee\/#\/schema\/logo\/image\/","url":"https:\/\/miumjau.ee\/wp-content\/uploads\/2022\/04\/MiuMjau-logo-kollane.png","contentUrl":"https:\/\/miumjau.ee\/wp-content\/uploads\/2022\/04\/MiuMjau-logo-kollane.png","width":219,"height":100,"caption":"MiuMjau O\u00dc"},"image":{"@id":"https:\/\/miumjau.ee\/#\/schema\/logo\/image\/"},"sameAs":["https:\/\/www.facebook.com\/miumjaupood\/"]}]}},"_links":{"self":[{"href":"https:\/\/miumjau.ee\/lt\/wp-json\/wp\/v2\/product\/55889","targetHints":{"allow":["GET"]}}],"collection":[{"href":"https:\/\/miumjau.ee\/lt\/wp-json\/wp\/v2\/product"}],"about":[{"href":"https:\/\/miumjau.ee\/lt\/wp-json\/wp\/v2\/types\/product"}],"wp:featuredmedia":[{"embeddable":true,"href":"https:\/\/miumjau.ee\/lt\/wp-json\/wp\/v2\/media\/55871"}],"wp:attachment":[{"href":"https:\/\/miumjau.ee\/lt\/wp-json\/wp\/v2\/media?parent=55889"}],"wp:term":[{"taxonomy":"product_brand","embeddable":true,"href":"https:\/\/miumjau.ee\/lt\/wp-json\/wp\/v2\/product_brand?post=55889"},{"taxonomy":"product_cat","embeddable":true,"href":"https:\/\/miumjau.ee\/lt\/wp-json\/wp\/v2\/product_cat?post=55889"},{"taxonomy":"product_tag","embeddable":true,"href":"https:\/\/miumjau.ee\/lt\/wp-json\/wp\/v2\/product_tag?post=55889"}],"curies":[{"name":"wp","href":"https:\/\/api.w.org\/{rel}","templated":true}]}}