{"id":55887,"date":"2024-11-13T13:41:02","date_gmt":"2024-11-13T11:41:02","guid":{"rendered":"https:\/\/miumjau.ee\/toode\/churu-skin-coat-kremiskas-skanestas-katems-su-tunu-56-g\/"},"modified":"2024-11-13T13:41:02","modified_gmt":"2024-11-13T11:41:02","slug":"churu-skin-coat-kremiskas-skanestas-katems-su-tunu-56-g","status":"publish","type":"product","link":"https:\/\/miumjau.ee\/lt\/produktas\/churu-skin-coat-kremiskas-skanestas-katems-su-tunu-56-g\/","title":{"rendered":"Churu Skin &#038; Coat kremi\u0161kas skan\u0117stas kat\u0117ms su tunu 56\u202fg"},"content":{"rendered":"","protected":false},"excerpt":{"rendered":"<p data-start=\"1609\" data-end=\"1671\">Funkcinis skan\u0117stas kat\u0117ms, palaikantis sveik\u0105 od\u0105 ir kail\u012f.<\/p>\n<p data-start=\"1673\" data-end=\"1815\">Skin &amp; Coat speciali formul\u0117 yra turtinga omega-3 riebal\u0173 r\u016bg\u0161timis i\u0161 \u017euv\u0173 aliejaus, padedan\u010diomis i\u0161laikyti sveik\u0105 od\u0105 ir blizgant\u012f kail\u012f.<\/p>\n<p data-start=\"1817\" data-end=\"1883\">Be gr\u016bd\u0173, funkcinis skan\u0117stas \u2013 tyrel\u0117 su tunu. Papildas kat\u0117ms.<\/p>\n<p data-start=\"1885\" data-end=\"2082\">Churu nesudaro gr\u016bd\u0173, neturi konservant\u0173 ar dirbtini\u0173 da\u017eikli\u0173. Kat\u0117 valgys tiesiai i\u0161 tavo rankos, arba gali supilti \u012f duben\u0117l\u012f arba naudoti kaip gard\u0173 pried\u0105 dr\u0117gnam ar sauso pa\u0161aro papildymui.<\/p>\n<p data-start=\"2084\" data-end=\"2435\">Churu tyrel\u0117 kat\u0117ms su laukiniu tunu, praturtinta omega-3 ir omega-6 riebal\u0173 r\u016bg\u0161timis, padeda palaikyti sveik\u0105 od\u0105 ir kail\u012f. Tyrel\u0117 turi daug dr\u0117gm\u0117s, b\u016btinos kat\u0117s sveikatai. Nesudaro gr\u016bd\u0173, neturi konservant\u0173 ar dirbtini\u0173 da\u017eikli\u0173. Galima naudoti keliais b\u016bdais: spausti tiesiai i\u0161 t\u016bbel\u0117s ir leisti katei lai\u017eyti arba kaip pried\u0105 sausam pa\u0161arui.<\/p>\n<ul data-start=\"2437\" data-end=\"2739\">\n<li data-section-id=\"6dxumy\" data-start=\"2437\" data-end=\"2475\">Pagaminta i\u0161 100% nat\u016bralaus tuno.<\/li>\n<li data-section-id=\"1cipef3\" data-start=\"2476\" data-end=\"2537\">Nesudaro gr\u016bd\u0173, neturi konservant\u0173 ar dirbtini\u0173 da\u017eikli\u0173.<\/li>\n<li data-section-id=\"1vo2nm9\" data-start=\"2538\" data-end=\"2586\">Kremi\u0161ka tekst\u016bra ir \u0161iek tiek s\u016brus skonis.<\/li>\n<li data-section-id=\"atut1m\" data-start=\"2587\" data-end=\"2641\">Tyrel\u0117 turi daug dr\u0117gm\u0117s, b\u016btinos kat\u0117s sveikatai.<\/li>\n<li data-section-id=\"sj0ucb\" data-start=\"2642\" data-end=\"2668\">Ma\u017eas kalorij\u0173 kiekis.<\/li>\n<li data-section-id=\"30sro5\" data-start=\"2669\" data-end=\"2739\">Inovatyvus, interaktyvus b\u016bdas praleisti laik\u0105 su savo augintiniu.<\/li>\n<\/ul>\n<p data-start=\"2741\" data-end=\"2912\"><strong data-start=\"2741\" data-end=\"2753\">Priedai:<\/strong> E vitaminas (3a700) 574\u202fmg, taurinas (3a370) 356\u202fmg<br data-start=\"2805\" data-end=\"2808\" \/><strong data-start=\"2808\" data-end=\"2835\">Technologiniai priedai:<\/strong> guaro guma (E412)<br data-start=\"2853\" data-end=\"2856\" \/><strong data-start=\"2856\" data-end=\"2880\">Sensoriniai priedai:<\/strong> kvapikliai, Camelia Thea Link<\/p>\n<p data-start=\"2914\" data-end=\"2955\" data-is-last-node=\"\" data-is-only-node=\"\"><strong data-start=\"2914\" data-end=\"2943\">Metabolizuojama energija:<\/strong> 600\u202fkcal\/kg<\/p>\n","protected":false},"featured_media":55879,"template":"","meta":[],"product_brand":[],"product_cat":[527],"product_tag":[],"class_list":{"0":"post-55887","1":"product","2":"type-product","3":"status-publish","4":"has-post-thumbnail","6":"product_cat-skanestai","8":"first","9":"instock","10":"taxable","11":"shipping-taxable","12":"purchasable","13":"product-type-simple"},"yoast_head":"<!-- This site is optimized with the Yoast SEO plugin v27.4 - https:\/\/yoast.com\/product\/yoast-seo-wordpress\/ -->\n<title>Churu Skin &amp; Coat kremi\u0161kas skan\u0117stas kat\u0117ms su tunu 56\u202fg - MiuMjau<\/title>\n<meta name=\"robots\" content=\"index, follow, max-snippet:-1, max-image-preview:large, max-video-preview:-1\" \/>\n<link rel=\"canonical\" href=\"https:\/\/miumjau.ee\/lt\/produktas\/churu-skin-coat-kremiskas-skanestas-katems-su-tunu-56-g\/\" \/>\n<meta property=\"og:locale\" content=\"lt_LT\" \/>\n<meta property=\"og:type\" content=\"article\" \/>\n<meta property=\"og:title\" content=\"Churu Skin &amp; Coat kremi\u0161kas skan\u0117stas kat\u0117ms su tunu 56\u202fg - MiuMjau\" \/>\n<meta property=\"og:description\" content=\"Funkcinis skan\u0117stas kat\u0117ms, palaikantis sveik\u0105 od\u0105 ir kail\u012f. Skin &amp; Coat speciali formul\u0117 yra turtinga omega-3 riebal\u0173 r\u016bg\u0161timis i\u0161 \u017euv\u0173 aliejaus, padedan\u010diomis i\u0161laikyti sveik\u0105 od\u0105 ir blizgant\u012f kail\u012f. Be gr\u016bd\u0173, funkcinis skan\u0117stas \u2013 tyrel\u0117 su tunu. Papildas kat\u0117ms. Churu nesudaro gr\u016bd\u0173, neturi konservant\u0173 ar dirbtini\u0173 da\u017eikli\u0173. Kat\u0117 valgys tiesiai i\u0161 tavo rankos, arba gali supilti \u012f duben\u0117l\u012f arba naudoti kaip gard\u0173 pried\u0105 dr\u0117gnam ar sauso pa\u0161aro papildymui. Churu tyrel\u0117 kat\u0117ms su laukiniu tunu, praturtinta omega-3 ir omega-6 riebal\u0173 r\u016bg\u0161timis, padeda palaikyti sveik\u0105 od\u0105 ir kail\u012f. Tyrel\u0117 turi daug dr\u0117gm\u0117s, b\u016btinos kat\u0117s sveikatai. Nesudaro gr\u016bd\u0173, neturi konservant\u0173 ar dirbtini\u0173 da\u017eikli\u0173. Galima naudoti keliais b\u016bdais: spausti tiesiai i\u0161 t\u016bbel\u0117s ir leisti katei lai\u017eyti arba kaip pried\u0105 sausam pa\u0161arui.    Pagaminta i\u0161 100% nat\u016bralaus tuno.  Nesudaro gr\u016bd\u0173, neturi konservant\u0173 ar dirbtini\u0173 da\u017eikli\u0173.  Kremi\u0161ka tekst\u016bra ir \u0161iek tiek s\u016brus skonis.  Tyrel\u0117 turi daug dr\u0117gm\u0117s, b\u016btinos kat\u0117s sveikatai.  Ma\u017eas kalorij\u0173 kiekis.  Inovatyvus, interaktyvus b\u016bdas praleisti laik\u0105 su savo augintiniu.  Priedai: E vitaminas (3a700) 574\u202fmg, taurinas (3a370) 356\u202fmgTechnologiniai priedai: guaro guma (E412)Sensoriniai priedai: kvapikliai, Camelia Thea Link Metabolizuojama energija: 600\u202fkcal\/kg\" \/>\n<meta property=\"og:url\" content=\"https:\/\/miumjau.ee\/lt\/produktas\/churu-skin-coat-kremiskas-skanestas-katems-su-tunu-56-g\/\" \/>\n<meta property=\"og:site_name\" content=\"MiuMjau\" \/>\n<meta property=\"article:publisher\" content=\"https:\/\/www.facebook.com\/miumjaupood\/\" \/>\n<meta property=\"og:image\" content=\"https:\/\/miumjau.ee\/wp-content\/uploads\/2024\/11\/Churu-maius-56g-kassile9.jpg\" \/>\n\t<meta property=\"og:image:width\" content=\"600\" \/>\n\t<meta property=\"og:image:height\" content=\"800\" \/>\n\t<meta property=\"og:image:type\" content=\"image\/jpeg\" \/>\n<meta name=\"twitter:card\" content=\"summary_large_image\" \/>\n<script type=\"application\/ld+json\" class=\"yoast-schema-graph\">{\"@context\":\"https:\\\/\\\/schema.org\",\"@graph\":[{\"@type\":\"WebPage\",\"@id\":\"https:\\\/\\\/miumjau.ee\\\/lt\\\/produktas\\\/churu-skin-coat-kremiskas-skanestas-katems-su-tunu-56-g\\\/\",\"url\":\"https:\\\/\\\/miumjau.ee\\\/lt\\\/produktas\\\/churu-skin-coat-kremiskas-skanestas-katems-su-tunu-56-g\\\/\",\"name\":\"Churu Skin & Coat kremi\u0161kas skan\u0117stas kat\u0117ms su tunu 56\u202fg - MiuMjau\",\"isPartOf\":{\"@id\":\"https:\\\/\\\/miumjau.ee\\\/#website\"},\"primaryImageOfPage\":{\"@id\":\"https:\\\/\\\/miumjau.ee\\\/lt\\\/produktas\\\/churu-skin-coat-kremiskas-skanestas-katems-su-tunu-56-g\\\/#primaryimage\"},\"image\":{\"@id\":\"https:\\\/\\\/miumjau.ee\\\/lt\\\/produktas\\\/churu-skin-coat-kremiskas-skanestas-katems-su-tunu-56-g\\\/#primaryimage\"},\"thumbnailUrl\":\"https:\\\/\\\/miumjau.ee\\\/wp-content\\\/uploads\\\/2024\\\/11\\\/Churu-maius-56g-kassile9.jpg\",\"datePublished\":\"2024-11-13T11:41:02+00:00\",\"breadcrumb\":{\"@id\":\"https:\\\/\\\/miumjau.ee\\\/lt\\\/produktas\\\/churu-skin-coat-kremiskas-skanestas-katems-su-tunu-56-g\\\/#breadcrumb\"},\"inLanguage\":\"lt-LT\",\"potentialAction\":[{\"@type\":\"ReadAction\",\"target\":[\"https:\\\/\\\/miumjau.ee\\\/lt\\\/produktas\\\/churu-skin-coat-kremiskas-skanestas-katems-su-tunu-56-g\\\/\"]}]},{\"@type\":\"ImageObject\",\"inLanguage\":\"lt-LT\",\"@id\":\"https:\\\/\\\/miumjau.ee\\\/lt\\\/produktas\\\/churu-skin-coat-kremiskas-skanestas-katems-su-tunu-56-g\\\/#primaryimage\",\"url\":\"https:\\\/\\\/miumjau.ee\\\/wp-content\\\/uploads\\\/2024\\\/11\\\/Churu-maius-56g-kassile9.jpg\",\"contentUrl\":\"https:\\\/\\\/miumjau.ee\\\/wp-content\\\/uploads\\\/2024\\\/11\\\/Churu-maius-56g-kassile9.jpg\",\"width\":600,\"height\":800},{\"@type\":\"BreadcrumbList\",\"@id\":\"https:\\\/\\\/miumjau.ee\\\/lt\\\/produktas\\\/churu-skin-coat-kremiskas-skanestas-katems-su-tunu-56-g\\\/#breadcrumb\",\"itemListElement\":[{\"@type\":\"ListItem\",\"position\":1,\"name\":\"Home\",\"item\":\"https:\\\/\\\/miumjau.ee\\\/lt\\\/\"},{\"@type\":\"ListItem\",\"position\":2,\"name\":\"Parduotuv\u0117\",\"item\":\"https:\\\/\\\/miumjau.ee\\\/lt\\\/parduotuve\\\/\"},{\"@type\":\"ListItem\",\"position\":3,\"name\":\"Churu Skin &#038; Coat kremi\u0161kas skan\u0117stas kat\u0117ms su tunu 56\u202fg\"}]},{\"@type\":\"WebSite\",\"@id\":\"https:\\\/\\\/miumjau.ee\\\/#website\",\"url\":\"https:\\\/\\\/miumjau.ee\\\/\",\"name\":\"MiuMjau\",\"description\":\"Kraapimispuud kassidele\",\"publisher\":{\"@id\":\"https:\\\/\\\/miumjau.ee\\\/#organization\"},\"potentialAction\":[{\"@type\":\"SearchAction\",\"target\":{\"@type\":\"EntryPoint\",\"urlTemplate\":\"https:\\\/\\\/miumjau.ee\\\/?s={search_term_string}\"},\"query-input\":{\"@type\":\"PropertyValueSpecification\",\"valueRequired\":true,\"valueName\":\"search_term_string\"}}],\"inLanguage\":\"lt-LT\"},{\"@type\":\"Organization\",\"@id\":\"https:\\\/\\\/miumjau.ee\\\/#organization\",\"name\":\"MiuMjau O\u00dc\",\"url\":\"https:\\\/\\\/miumjau.ee\\\/\",\"logo\":{\"@type\":\"ImageObject\",\"inLanguage\":\"lt-LT\",\"@id\":\"https:\\\/\\\/miumjau.ee\\\/#\\\/schema\\\/logo\\\/image\\\/\",\"url\":\"https:\\\/\\\/miumjau.ee\\\/wp-content\\\/uploads\\\/2022\\\/04\\\/MiuMjau-logo-kollane.png\",\"contentUrl\":\"https:\\\/\\\/miumjau.ee\\\/wp-content\\\/uploads\\\/2022\\\/04\\\/MiuMjau-logo-kollane.png\",\"width\":219,\"height\":100,\"caption\":\"MiuMjau O\u00dc\"},\"image\":{\"@id\":\"https:\\\/\\\/miumjau.ee\\\/#\\\/schema\\\/logo\\\/image\\\/\"},\"sameAs\":[\"https:\\\/\\\/www.facebook.com\\\/miumjaupood\\\/\"]}]}<\/script>\n<!-- \/ Yoast SEO plugin. -->","yoast_head_json":{"title":"Churu Skin & Coat kremi\u0161kas skan\u0117stas kat\u0117ms su tunu 56\u202fg - MiuMjau","robots":{"index":"index","follow":"follow","max-snippet":"max-snippet:-1","max-image-preview":"max-image-preview:large","max-video-preview":"max-video-preview:-1"},"canonical":"https:\/\/miumjau.ee\/lt\/produktas\/churu-skin-coat-kremiskas-skanestas-katems-su-tunu-56-g\/","og_locale":"lt_LT","og_type":"article","og_title":"Churu Skin & Coat kremi\u0161kas skan\u0117stas kat\u0117ms su tunu 56\u202fg - MiuMjau","og_description":"Funkcinis skan\u0117stas kat\u0117ms, palaikantis sveik\u0105 od\u0105 ir kail\u012f. Skin &amp; Coat speciali formul\u0117 yra turtinga omega-3 riebal\u0173 r\u016bg\u0161timis i\u0161 \u017euv\u0173 aliejaus, padedan\u010diomis i\u0161laikyti sveik\u0105 od\u0105 ir blizgant\u012f kail\u012f. Be gr\u016bd\u0173, funkcinis skan\u0117stas \u2013 tyrel\u0117 su tunu. Papildas kat\u0117ms. Churu nesudaro gr\u016bd\u0173, neturi konservant\u0173 ar dirbtini\u0173 da\u017eikli\u0173. Kat\u0117 valgys tiesiai i\u0161 tavo rankos, arba gali supilti \u012f duben\u0117l\u012f arba naudoti kaip gard\u0173 pried\u0105 dr\u0117gnam ar sauso pa\u0161aro papildymui. Churu tyrel\u0117 kat\u0117ms su laukiniu tunu, praturtinta omega-3 ir omega-6 riebal\u0173 r\u016bg\u0161timis, padeda palaikyti sveik\u0105 od\u0105 ir kail\u012f. Tyrel\u0117 turi daug dr\u0117gm\u0117s, b\u016btinos kat\u0117s sveikatai. Nesudaro gr\u016bd\u0173, neturi konservant\u0173 ar dirbtini\u0173 da\u017eikli\u0173. Galima naudoti keliais b\u016bdais: spausti tiesiai i\u0161 t\u016bbel\u0117s ir leisti katei lai\u017eyti arba kaip pried\u0105 sausam pa\u0161arui.    Pagaminta i\u0161 100% nat\u016bralaus tuno.  Nesudaro gr\u016bd\u0173, neturi konservant\u0173 ar dirbtini\u0173 da\u017eikli\u0173.  Kremi\u0161ka tekst\u016bra ir \u0161iek tiek s\u016brus skonis.  Tyrel\u0117 turi daug dr\u0117gm\u0117s, b\u016btinos kat\u0117s sveikatai.  Ma\u017eas kalorij\u0173 kiekis.  Inovatyvus, interaktyvus b\u016bdas praleisti laik\u0105 su savo augintiniu.  Priedai: E vitaminas (3a700) 574\u202fmg, taurinas (3a370) 356\u202fmgTechnologiniai priedai: guaro guma (E412)Sensoriniai priedai: kvapikliai, Camelia Thea Link Metabolizuojama energija: 600\u202fkcal\/kg","og_url":"https:\/\/miumjau.ee\/lt\/produktas\/churu-skin-coat-kremiskas-skanestas-katems-su-tunu-56-g\/","og_site_name":"MiuMjau","article_publisher":"https:\/\/www.facebook.com\/miumjaupood\/","og_image":[{"width":600,"height":800,"url":"https:\/\/miumjau.ee\/wp-content\/uploads\/2024\/11\/Churu-maius-56g-kassile9.jpg","type":"image\/jpeg"}],"twitter_card":"summary_large_image","schema":{"@context":"https:\/\/schema.org","@graph":[{"@type":"WebPage","@id":"https:\/\/miumjau.ee\/lt\/produktas\/churu-skin-coat-kremiskas-skanestas-katems-su-tunu-56-g\/","url":"https:\/\/miumjau.ee\/lt\/produktas\/churu-skin-coat-kremiskas-skanestas-katems-su-tunu-56-g\/","name":"Churu Skin & Coat kremi\u0161kas skan\u0117stas kat\u0117ms su tunu 56\u202fg - MiuMjau","isPartOf":{"@id":"https:\/\/miumjau.ee\/#website"},"primaryImageOfPage":{"@id":"https:\/\/miumjau.ee\/lt\/produktas\/churu-skin-coat-kremiskas-skanestas-katems-su-tunu-56-g\/#primaryimage"},"image":{"@id":"https:\/\/miumjau.ee\/lt\/produktas\/churu-skin-coat-kremiskas-skanestas-katems-su-tunu-56-g\/#primaryimage"},"thumbnailUrl":"https:\/\/miumjau.ee\/wp-content\/uploads\/2024\/11\/Churu-maius-56g-kassile9.jpg","datePublished":"2024-11-13T11:41:02+00:00","breadcrumb":{"@id":"https:\/\/miumjau.ee\/lt\/produktas\/churu-skin-coat-kremiskas-skanestas-katems-su-tunu-56-g\/#breadcrumb"},"inLanguage":"lt-LT","potentialAction":[{"@type":"ReadAction","target":["https:\/\/miumjau.ee\/lt\/produktas\/churu-skin-coat-kremiskas-skanestas-katems-su-tunu-56-g\/"]}]},{"@type":"ImageObject","inLanguage":"lt-LT","@id":"https:\/\/miumjau.ee\/lt\/produktas\/churu-skin-coat-kremiskas-skanestas-katems-su-tunu-56-g\/#primaryimage","url":"https:\/\/miumjau.ee\/wp-content\/uploads\/2024\/11\/Churu-maius-56g-kassile9.jpg","contentUrl":"https:\/\/miumjau.ee\/wp-content\/uploads\/2024\/11\/Churu-maius-56g-kassile9.jpg","width":600,"height":800},{"@type":"BreadcrumbList","@id":"https:\/\/miumjau.ee\/lt\/produktas\/churu-skin-coat-kremiskas-skanestas-katems-su-tunu-56-g\/#breadcrumb","itemListElement":[{"@type":"ListItem","position":1,"name":"Home","item":"https:\/\/miumjau.ee\/lt\/"},{"@type":"ListItem","position":2,"name":"Parduotuv\u0117","item":"https:\/\/miumjau.ee\/lt\/parduotuve\/"},{"@type":"ListItem","position":3,"name":"Churu Skin &#038; Coat kremi\u0161kas skan\u0117stas kat\u0117ms su tunu 56\u202fg"}]},{"@type":"WebSite","@id":"https:\/\/miumjau.ee\/#website","url":"https:\/\/miumjau.ee\/","name":"MiuMjau","description":"Kraapimispuud kassidele","publisher":{"@id":"https:\/\/miumjau.ee\/#organization"},"potentialAction":[{"@type":"SearchAction","target":{"@type":"EntryPoint","urlTemplate":"https:\/\/miumjau.ee\/?s={search_term_string}"},"query-input":{"@type":"PropertyValueSpecification","valueRequired":true,"valueName":"search_term_string"}}],"inLanguage":"lt-LT"},{"@type":"Organization","@id":"https:\/\/miumjau.ee\/#organization","name":"MiuMjau O\u00dc","url":"https:\/\/miumjau.ee\/","logo":{"@type":"ImageObject","inLanguage":"lt-LT","@id":"https:\/\/miumjau.ee\/#\/schema\/logo\/image\/","url":"https:\/\/miumjau.ee\/wp-content\/uploads\/2022\/04\/MiuMjau-logo-kollane.png","contentUrl":"https:\/\/miumjau.ee\/wp-content\/uploads\/2022\/04\/MiuMjau-logo-kollane.png","width":219,"height":100,"caption":"MiuMjau O\u00dc"},"image":{"@id":"https:\/\/miumjau.ee\/#\/schema\/logo\/image\/"},"sameAs":["https:\/\/www.facebook.com\/miumjaupood\/"]}]}},"_links":{"self":[{"href":"https:\/\/miumjau.ee\/lt\/wp-json\/wp\/v2\/product\/55887","targetHints":{"allow":["GET"]}}],"collection":[{"href":"https:\/\/miumjau.ee\/lt\/wp-json\/wp\/v2\/product"}],"about":[{"href":"https:\/\/miumjau.ee\/lt\/wp-json\/wp\/v2\/types\/product"}],"wp:featuredmedia":[{"embeddable":true,"href":"https:\/\/miumjau.ee\/lt\/wp-json\/wp\/v2\/media\/55879"}],"wp:attachment":[{"href":"https:\/\/miumjau.ee\/lt\/wp-json\/wp\/v2\/media?parent=55887"}],"wp:term":[{"taxonomy":"product_brand","embeddable":true,"href":"https:\/\/miumjau.ee\/lt\/wp-json\/wp\/v2\/product_brand?post=55887"},{"taxonomy":"product_cat","embeddable":true,"href":"https:\/\/miumjau.ee\/lt\/wp-json\/wp\/v2\/product_cat?post=55887"},{"taxonomy":"product_tag","embeddable":true,"href":"https:\/\/miumjau.ee\/lt\/wp-json\/wp\/v2\/product_tag?post=55887"}],"curies":[{"name":"wp","href":"https:\/\/api.w.org\/{rel}","templated":true}]}}