{"id":55885,"date":"2024-11-13T13:38:36","date_gmt":"2024-11-13T11:38:36","guid":{"rendered":"https:\/\/miumjau.ee\/toode\/churu-kremiskas-skanestas-katems-su-tunu-ir-lasisa-56-g\/"},"modified":"2024-11-13T13:38:36","modified_gmt":"2024-11-13T11:38:36","slug":"churu-kremiskas-skanestas-katems-su-tunu-ir-lasisa-56-g","status":"publish","type":"product","link":"https:\/\/miumjau.ee\/lt\/produktas\/churu-kremiskas-skanestas-katems-su-tunu-ir-lasisa-56-g\/","title":{"rendered":"Churu kremi\u0161kas skan\u0117stas kat\u0117ms su tunu ir la\u0161i\u0161a 56\u202fg"},"content":{"rendered":"","protected":false},"excerpt":{"rendered":"<p data-start=\"1115\" data-end=\"1466\">Be gr\u016bd\u0173 skan\u0117stas kat\u0117ms \u2013 tyrel\u0117 su tunu ir la\u0161i\u0161a. \u0160ie skan\u0117stai pagaminti i\u0161 100% \u0161varaus nat\u016bralaus tuno! Churu tyrel\u0117 turi daug dr\u0117gm\u0117s, kuri b\u016btina kat\u0117s sveikatai. Nesudaro gabaliuk\u0173, neturi konservant\u0173 ar dirbtini\u0173 da\u017eikli\u0173. Galima naudoti keliais b\u016bdais: spausti tiesiai i\u0161 t\u016bbel\u0117s ir leisti katei lai\u017eyti arba kaip papild\u0105 sausam pa\u0161arui.<\/p>\n<ul data-start=\"1468\" data-end=\"1781\">\n<li data-section-id=\"1s9u1mq\" data-start=\"1468\" data-end=\"1517\">Pagaminta i\u0161 100% \u0161varaus ir nat\u016bralaus tuno.<\/li>\n<li data-section-id=\"1cipef3\" data-start=\"1518\" data-end=\"1579\">Nesudaro gr\u016bd\u0173, neturi konservant\u0173 ar dirbtini\u0173 da\u017eikli\u0173.<\/li>\n<li data-section-id=\"1vo2nm9\" data-start=\"1580\" data-end=\"1628\">Kremi\u0161ka tekst\u016bra ir \u0161iek tiek s\u016brus skonis.<\/li>\n<li data-section-id=\"atut1m\" data-start=\"1629\" data-end=\"1683\">Tyrel\u0117 turi daug dr\u0117gm\u0117s, b\u016btinos kat\u0117s sveikatai.<\/li>\n<li data-section-id=\"sj0ucb\" data-start=\"1684\" data-end=\"1710\">Ma\u017eas kalorij\u0173 kiekis.<\/li>\n<li data-section-id=\"30sro5\" data-start=\"1711\" data-end=\"1781\">Inovatyvus, interaktyvus b\u016bdas praleisti laik\u0105 su savo augintiniu.<\/li>\n<\/ul>\n<p data-start=\"1783\" data-end=\"1935\"><strong data-start=\"1783\" data-end=\"1802\">Priedai \/ 1\u202fkg:<\/strong> E vitaminas (3a700) 310\u202fIU<br data-start=\"1829\" data-end=\"1832\" \/><strong data-start=\"1832\" data-end=\"1859\">Technologiniai priedai:<\/strong> pupeli\u0173 pasta (E412) 9\u202fg<br data-start=\"1884\" data-end=\"1887\" \/><strong data-start=\"1887\" data-end=\"1911\">Sensoriniai priedai:<\/strong> skonio junginiai 12\u202fg<\/p>\n<p data-start=\"1937\" data-end=\"1983\" data-is-last-node=\"\" data-is-only-node=\"\"><strong data-start=\"1937\" data-end=\"1966\">Metabolizuojama energija:<\/strong> 6\u202fkcal \/ pakuot\u0117<\/p>\n","protected":false},"featured_media":55875,"template":"","meta":[],"product_brand":[],"product_cat":[527],"product_tag":[],"class_list":{"0":"post-55885","1":"product","2":"type-product","3":"status-publish","4":"has-post-thumbnail","6":"product_cat-skanestai","8":"first","9":"instock","10":"taxable","11":"shipping-taxable","12":"purchasable","13":"product-type-simple"},"yoast_head":"<!-- This site is optimized with the Yoast SEO plugin v27.4 - https:\/\/yoast.com\/product\/yoast-seo-wordpress\/ -->\n<title>Churu kremi\u0161kas skan\u0117stas kat\u0117ms su tunu ir la\u0161i\u0161a 56\u202fg - MiuMjau<\/title>\n<meta name=\"robots\" content=\"index, follow, max-snippet:-1, max-image-preview:large, max-video-preview:-1\" \/>\n<link rel=\"canonical\" href=\"https:\/\/miumjau.ee\/lt\/produktas\/churu-kremiskas-skanestas-katems-su-tunu-ir-lasisa-56-g\/\" \/>\n<meta property=\"og:locale\" content=\"lt_LT\" \/>\n<meta property=\"og:type\" content=\"article\" \/>\n<meta property=\"og:title\" content=\"Churu kremi\u0161kas skan\u0117stas kat\u0117ms su tunu ir la\u0161i\u0161a 56\u202fg - MiuMjau\" \/>\n<meta property=\"og:description\" content=\"Be gr\u016bd\u0173 skan\u0117stas kat\u0117ms \u2013 tyrel\u0117 su tunu ir la\u0161i\u0161a. \u0160ie skan\u0117stai pagaminti i\u0161 100% \u0161varaus nat\u016bralaus tuno! Churu tyrel\u0117 turi daug dr\u0117gm\u0117s, kuri b\u016btina kat\u0117s sveikatai. Nesudaro gabaliuk\u0173, neturi konservant\u0173 ar dirbtini\u0173 da\u017eikli\u0173. Galima naudoti keliais b\u016bdais: spausti tiesiai i\u0161 t\u016bbel\u0117s ir leisti katei lai\u017eyti arba kaip papild\u0105 sausam pa\u0161arui.    Pagaminta i\u0161 100% \u0161varaus ir nat\u016bralaus tuno.  Nesudaro gr\u016bd\u0173, neturi konservant\u0173 ar dirbtini\u0173 da\u017eikli\u0173.  Kremi\u0161ka tekst\u016bra ir \u0161iek tiek s\u016brus skonis.  Tyrel\u0117 turi daug dr\u0117gm\u0117s, b\u016btinos kat\u0117s sveikatai.  Ma\u017eas kalorij\u0173 kiekis.  Inovatyvus, interaktyvus b\u016bdas praleisti laik\u0105 su savo augintiniu.  Priedai \/ 1\u202fkg: E vitaminas (3a700) 310\u202fIUTechnologiniai priedai: pupeli\u0173 pasta (E412) 9\u202fgSensoriniai priedai: skonio junginiai 12\u202fg Metabolizuojama energija: 6\u202fkcal \/ pakuot\u0117\" \/>\n<meta property=\"og:url\" content=\"https:\/\/miumjau.ee\/lt\/produktas\/churu-kremiskas-skanestas-katems-su-tunu-ir-lasisa-56-g\/\" \/>\n<meta property=\"og:site_name\" content=\"MiuMjau\" \/>\n<meta property=\"article:publisher\" content=\"https:\/\/www.facebook.com\/miumjaupood\/\" \/>\n<meta property=\"og:image\" content=\"https:\/\/miumjau.ee\/wp-content\/uploads\/2024\/11\/Churu-maius-56g-kassile5.jpg\" \/>\n\t<meta property=\"og:image:width\" content=\"600\" \/>\n\t<meta property=\"og:image:height\" content=\"800\" \/>\n\t<meta property=\"og:image:type\" content=\"image\/jpeg\" \/>\n<meta name=\"twitter:card\" content=\"summary_large_image\" \/>\n<script type=\"application\/ld+json\" class=\"yoast-schema-graph\">{\"@context\":\"https:\\\/\\\/schema.org\",\"@graph\":[{\"@type\":\"WebPage\",\"@id\":\"https:\\\/\\\/miumjau.ee\\\/lt\\\/produktas\\\/churu-kremiskas-skanestas-katems-su-tunu-ir-lasisa-56-g\\\/\",\"url\":\"https:\\\/\\\/miumjau.ee\\\/lt\\\/produktas\\\/churu-kremiskas-skanestas-katems-su-tunu-ir-lasisa-56-g\\\/\",\"name\":\"Churu kremi\u0161kas skan\u0117stas kat\u0117ms su tunu ir la\u0161i\u0161a 56\u202fg - MiuMjau\",\"isPartOf\":{\"@id\":\"https:\\\/\\\/miumjau.ee\\\/#website\"},\"primaryImageOfPage\":{\"@id\":\"https:\\\/\\\/miumjau.ee\\\/lt\\\/produktas\\\/churu-kremiskas-skanestas-katems-su-tunu-ir-lasisa-56-g\\\/#primaryimage\"},\"image\":{\"@id\":\"https:\\\/\\\/miumjau.ee\\\/lt\\\/produktas\\\/churu-kremiskas-skanestas-katems-su-tunu-ir-lasisa-56-g\\\/#primaryimage\"},\"thumbnailUrl\":\"https:\\\/\\\/miumjau.ee\\\/wp-content\\\/uploads\\\/2024\\\/11\\\/Churu-maius-56g-kassile5.jpg\",\"datePublished\":\"2024-11-13T11:38:36+00:00\",\"breadcrumb\":{\"@id\":\"https:\\\/\\\/miumjau.ee\\\/lt\\\/produktas\\\/churu-kremiskas-skanestas-katems-su-tunu-ir-lasisa-56-g\\\/#breadcrumb\"},\"inLanguage\":\"lt-LT\",\"potentialAction\":[{\"@type\":\"ReadAction\",\"target\":[\"https:\\\/\\\/miumjau.ee\\\/lt\\\/produktas\\\/churu-kremiskas-skanestas-katems-su-tunu-ir-lasisa-56-g\\\/\"]}]},{\"@type\":\"ImageObject\",\"inLanguage\":\"lt-LT\",\"@id\":\"https:\\\/\\\/miumjau.ee\\\/lt\\\/produktas\\\/churu-kremiskas-skanestas-katems-su-tunu-ir-lasisa-56-g\\\/#primaryimage\",\"url\":\"https:\\\/\\\/miumjau.ee\\\/wp-content\\\/uploads\\\/2024\\\/11\\\/Churu-maius-56g-kassile5.jpg\",\"contentUrl\":\"https:\\\/\\\/miumjau.ee\\\/wp-content\\\/uploads\\\/2024\\\/11\\\/Churu-maius-56g-kassile5.jpg\",\"width\":600,\"height\":800},{\"@type\":\"BreadcrumbList\",\"@id\":\"https:\\\/\\\/miumjau.ee\\\/lt\\\/produktas\\\/churu-kremiskas-skanestas-katems-su-tunu-ir-lasisa-56-g\\\/#breadcrumb\",\"itemListElement\":[{\"@type\":\"ListItem\",\"position\":1,\"name\":\"Home\",\"item\":\"https:\\\/\\\/miumjau.ee\\\/lt\\\/\"},{\"@type\":\"ListItem\",\"position\":2,\"name\":\"Parduotuv\u0117\",\"item\":\"https:\\\/\\\/miumjau.ee\\\/lt\\\/parduotuve\\\/\"},{\"@type\":\"ListItem\",\"position\":3,\"name\":\"Churu kremi\u0161kas skan\u0117stas kat\u0117ms su tunu ir la\u0161i\u0161a 56\u202fg\"}]},{\"@type\":\"WebSite\",\"@id\":\"https:\\\/\\\/miumjau.ee\\\/#website\",\"url\":\"https:\\\/\\\/miumjau.ee\\\/\",\"name\":\"MiuMjau\",\"description\":\"Kraapimispuud kassidele\",\"publisher\":{\"@id\":\"https:\\\/\\\/miumjau.ee\\\/#organization\"},\"potentialAction\":[{\"@type\":\"SearchAction\",\"target\":{\"@type\":\"EntryPoint\",\"urlTemplate\":\"https:\\\/\\\/miumjau.ee\\\/?s={search_term_string}\"},\"query-input\":{\"@type\":\"PropertyValueSpecification\",\"valueRequired\":true,\"valueName\":\"search_term_string\"}}],\"inLanguage\":\"lt-LT\"},{\"@type\":\"Organization\",\"@id\":\"https:\\\/\\\/miumjau.ee\\\/#organization\",\"name\":\"MiuMjau O\u00dc\",\"url\":\"https:\\\/\\\/miumjau.ee\\\/\",\"logo\":{\"@type\":\"ImageObject\",\"inLanguage\":\"lt-LT\",\"@id\":\"https:\\\/\\\/miumjau.ee\\\/#\\\/schema\\\/logo\\\/image\\\/\",\"url\":\"https:\\\/\\\/miumjau.ee\\\/wp-content\\\/uploads\\\/2022\\\/04\\\/MiuMjau-logo-kollane.png\",\"contentUrl\":\"https:\\\/\\\/miumjau.ee\\\/wp-content\\\/uploads\\\/2022\\\/04\\\/MiuMjau-logo-kollane.png\",\"width\":219,\"height\":100,\"caption\":\"MiuMjau O\u00dc\"},\"image\":{\"@id\":\"https:\\\/\\\/miumjau.ee\\\/#\\\/schema\\\/logo\\\/image\\\/\"},\"sameAs\":[\"https:\\\/\\\/www.facebook.com\\\/miumjaupood\\\/\"]}]}<\/script>\n<!-- \/ Yoast SEO plugin. -->","yoast_head_json":{"title":"Churu kremi\u0161kas skan\u0117stas kat\u0117ms su tunu ir la\u0161i\u0161a 56\u202fg - MiuMjau","robots":{"index":"index","follow":"follow","max-snippet":"max-snippet:-1","max-image-preview":"max-image-preview:large","max-video-preview":"max-video-preview:-1"},"canonical":"https:\/\/miumjau.ee\/lt\/produktas\/churu-kremiskas-skanestas-katems-su-tunu-ir-lasisa-56-g\/","og_locale":"lt_LT","og_type":"article","og_title":"Churu kremi\u0161kas skan\u0117stas kat\u0117ms su tunu ir la\u0161i\u0161a 56\u202fg - MiuMjau","og_description":"Be gr\u016bd\u0173 skan\u0117stas kat\u0117ms \u2013 tyrel\u0117 su tunu ir la\u0161i\u0161a. \u0160ie skan\u0117stai pagaminti i\u0161 100% \u0161varaus nat\u016bralaus tuno! Churu tyrel\u0117 turi daug dr\u0117gm\u0117s, kuri b\u016btina kat\u0117s sveikatai. Nesudaro gabaliuk\u0173, neturi konservant\u0173 ar dirbtini\u0173 da\u017eikli\u0173. Galima naudoti keliais b\u016bdais: spausti tiesiai i\u0161 t\u016bbel\u0117s ir leisti katei lai\u017eyti arba kaip papild\u0105 sausam pa\u0161arui.    Pagaminta i\u0161 100% \u0161varaus ir nat\u016bralaus tuno.  Nesudaro gr\u016bd\u0173, neturi konservant\u0173 ar dirbtini\u0173 da\u017eikli\u0173.  Kremi\u0161ka tekst\u016bra ir \u0161iek tiek s\u016brus skonis.  Tyrel\u0117 turi daug dr\u0117gm\u0117s, b\u016btinos kat\u0117s sveikatai.  Ma\u017eas kalorij\u0173 kiekis.  Inovatyvus, interaktyvus b\u016bdas praleisti laik\u0105 su savo augintiniu.  Priedai \/ 1\u202fkg: E vitaminas (3a700) 310\u202fIUTechnologiniai priedai: pupeli\u0173 pasta (E412) 9\u202fgSensoriniai priedai: skonio junginiai 12\u202fg Metabolizuojama energija: 6\u202fkcal \/ pakuot\u0117","og_url":"https:\/\/miumjau.ee\/lt\/produktas\/churu-kremiskas-skanestas-katems-su-tunu-ir-lasisa-56-g\/","og_site_name":"MiuMjau","article_publisher":"https:\/\/www.facebook.com\/miumjaupood\/","og_image":[{"width":600,"height":800,"url":"https:\/\/miumjau.ee\/wp-content\/uploads\/2024\/11\/Churu-maius-56g-kassile5.jpg","type":"image\/jpeg"}],"twitter_card":"summary_large_image","schema":{"@context":"https:\/\/schema.org","@graph":[{"@type":"WebPage","@id":"https:\/\/miumjau.ee\/lt\/produktas\/churu-kremiskas-skanestas-katems-su-tunu-ir-lasisa-56-g\/","url":"https:\/\/miumjau.ee\/lt\/produktas\/churu-kremiskas-skanestas-katems-su-tunu-ir-lasisa-56-g\/","name":"Churu kremi\u0161kas skan\u0117stas kat\u0117ms su tunu ir la\u0161i\u0161a 56\u202fg - MiuMjau","isPartOf":{"@id":"https:\/\/miumjau.ee\/#website"},"primaryImageOfPage":{"@id":"https:\/\/miumjau.ee\/lt\/produktas\/churu-kremiskas-skanestas-katems-su-tunu-ir-lasisa-56-g\/#primaryimage"},"image":{"@id":"https:\/\/miumjau.ee\/lt\/produktas\/churu-kremiskas-skanestas-katems-su-tunu-ir-lasisa-56-g\/#primaryimage"},"thumbnailUrl":"https:\/\/miumjau.ee\/wp-content\/uploads\/2024\/11\/Churu-maius-56g-kassile5.jpg","datePublished":"2024-11-13T11:38:36+00:00","breadcrumb":{"@id":"https:\/\/miumjau.ee\/lt\/produktas\/churu-kremiskas-skanestas-katems-su-tunu-ir-lasisa-56-g\/#breadcrumb"},"inLanguage":"lt-LT","potentialAction":[{"@type":"ReadAction","target":["https:\/\/miumjau.ee\/lt\/produktas\/churu-kremiskas-skanestas-katems-su-tunu-ir-lasisa-56-g\/"]}]},{"@type":"ImageObject","inLanguage":"lt-LT","@id":"https:\/\/miumjau.ee\/lt\/produktas\/churu-kremiskas-skanestas-katems-su-tunu-ir-lasisa-56-g\/#primaryimage","url":"https:\/\/miumjau.ee\/wp-content\/uploads\/2024\/11\/Churu-maius-56g-kassile5.jpg","contentUrl":"https:\/\/miumjau.ee\/wp-content\/uploads\/2024\/11\/Churu-maius-56g-kassile5.jpg","width":600,"height":800},{"@type":"BreadcrumbList","@id":"https:\/\/miumjau.ee\/lt\/produktas\/churu-kremiskas-skanestas-katems-su-tunu-ir-lasisa-56-g\/#breadcrumb","itemListElement":[{"@type":"ListItem","position":1,"name":"Home","item":"https:\/\/miumjau.ee\/lt\/"},{"@type":"ListItem","position":2,"name":"Parduotuv\u0117","item":"https:\/\/miumjau.ee\/lt\/parduotuve\/"},{"@type":"ListItem","position":3,"name":"Churu kremi\u0161kas skan\u0117stas kat\u0117ms su tunu ir la\u0161i\u0161a 56\u202fg"}]},{"@type":"WebSite","@id":"https:\/\/miumjau.ee\/#website","url":"https:\/\/miumjau.ee\/","name":"MiuMjau","description":"Kraapimispuud kassidele","publisher":{"@id":"https:\/\/miumjau.ee\/#organization"},"potentialAction":[{"@type":"SearchAction","target":{"@type":"EntryPoint","urlTemplate":"https:\/\/miumjau.ee\/?s={search_term_string}"},"query-input":{"@type":"PropertyValueSpecification","valueRequired":true,"valueName":"search_term_string"}}],"inLanguage":"lt-LT"},{"@type":"Organization","@id":"https:\/\/miumjau.ee\/#organization","name":"MiuMjau O\u00dc","url":"https:\/\/miumjau.ee\/","logo":{"@type":"ImageObject","inLanguage":"lt-LT","@id":"https:\/\/miumjau.ee\/#\/schema\/logo\/image\/","url":"https:\/\/miumjau.ee\/wp-content\/uploads\/2022\/04\/MiuMjau-logo-kollane.png","contentUrl":"https:\/\/miumjau.ee\/wp-content\/uploads\/2022\/04\/MiuMjau-logo-kollane.png","width":219,"height":100,"caption":"MiuMjau O\u00dc"},"image":{"@id":"https:\/\/miumjau.ee\/#\/schema\/logo\/image\/"},"sameAs":["https:\/\/www.facebook.com\/miumjaupood\/"]}]}},"_links":{"self":[{"href":"https:\/\/miumjau.ee\/lt\/wp-json\/wp\/v2\/product\/55885","targetHints":{"allow":["GET"]}}],"collection":[{"href":"https:\/\/miumjau.ee\/lt\/wp-json\/wp\/v2\/product"}],"about":[{"href":"https:\/\/miumjau.ee\/lt\/wp-json\/wp\/v2\/types\/product"}],"wp:featuredmedia":[{"embeddable":true,"href":"https:\/\/miumjau.ee\/lt\/wp-json\/wp\/v2\/media\/55875"}],"wp:attachment":[{"href":"https:\/\/miumjau.ee\/lt\/wp-json\/wp\/v2\/media?parent=55885"}],"wp:term":[{"taxonomy":"product_brand","embeddable":true,"href":"https:\/\/miumjau.ee\/lt\/wp-json\/wp\/v2\/product_brand?post=55885"},{"taxonomy":"product_cat","embeddable":true,"href":"https:\/\/miumjau.ee\/lt\/wp-json\/wp\/v2\/product_cat?post=55885"},{"taxonomy":"product_tag","embeddable":true,"href":"https:\/\/miumjau.ee\/lt\/wp-json\/wp\/v2\/product_tag?post=55885"}],"curies":[{"name":"wp","href":"https:\/\/api.w.org\/{rel}","templated":true}]}}