{"id":55870,"date":"2024-11-13T13:33:10","date_gmt":"2024-11-13T11:33:10","guid":{"rendered":"https:\/\/miumjau.ee\/toode\/churu-hairball-kremiskas-skanestas-katems-su-tunu-56-g\/"},"modified":"2024-11-13T13:33:10","modified_gmt":"2024-11-13T11:33:10","slug":"churu-hairball-kremiskas-skanestas-katems-su-tunu-56-g","status":"publish","type":"product","link":"https:\/\/miumjau.ee\/lt\/produktas\/churu-hairball-kremiskas-skanestas-katems-su-tunu-56-g\/","title":{"rendered":"Churu Hairball kremi\u0161kas skan\u0117stas kat\u0117ms su tunu 56\u202fg"},"content":{"rendered":"","protected":false},"excerpt":{"rendered":"<p data-start=\"1375\" data-end=\"1518\">Be gr\u016bd\u0173 funkcionalus skan\u0117stas kat\u0117ms, sukurtas siekiant suma\u017einti kailio kamuoliuk\u0173 susidarym\u0105 \u2013 tyrel\u0117 su tunu. Papildomas maistas kat\u0117ms.<\/p>\n<p data-start=\"1520\" data-end=\"1822\">Churu tyrel\u0117 kat\u0117ms su tunu padeda ma\u017einti kailio kamuoliukus. Churu tyrel\u0117 turi daug dr\u0117gm\u0117s, kuri yra b\u016btina kat\u0117s sveikatai. Ji taip pat nesudaro gr\u016bd\u0173 ir neturi dirbtini\u0173 da\u017eikli\u0173. Galima naudoti keliais b\u016bdais: spausti tiesiai i\u0161 t\u016bbel\u0117s ir leisti katei lai\u017eyti arba kaip papild\u0105 sausam pa\u0161arui.<\/p>\n<p data-start=\"1824\" data-end=\"1972\"><strong data-start=\"1824\" data-end=\"1854\">Skatina sveik\u0105 vir\u0161kinim\u0105:<\/strong> neirios augalin\u0117s skaidulos padeda palaikyti sveik\u0105 vir\u0161kinimo trakt\u0105 ir kontroliuoti kailio kamuoliuk\u0173 susidarym\u0105.<\/p>\n<p data-start=\"1974\" data-end=\"2151\"><strong data-start=\"1974\" data-end=\"2002\">Taurinas ir E vitaminai:<\/strong> taurinas yra svarbi aminor\u016bg\u0161tis, padedanti kat\u0117ms palaikyti normal\u0173 reg\u0117jim\u0105, \u0161irdies ir nerv\u0173 funkcijas. E vitaminas veikia kaip antioksidantas.<\/p>\n<p data-start=\"2153\" data-end=\"2335\"><strong data-start=\"2153\" data-end=\"2180\">Didelis dr\u0117gm\u0117s kiekis:<\/strong> kat\u0117s nat\u016braliai nevartoja tiek daug vandens kaip \u0161unys. Jiems reikia dr\u0117gm\u0117s turin\u010dio maisto, kad palaikyt\u0173 normali\u0105 k\u016bno funkcij\u0105 ir b\u016bt\u0173 hidratuotos.<\/p>\n<p data-start=\"2337\" data-end=\"2522\"><strong data-start=\"2337\" data-end=\"2356\">Maisto priedai:<\/strong> E vitaminas (3a700) 574\u202fmg, taurinas (3a370) 356\u202fmg. Technologiniai priedai: guaro guma (E412). Sensoriniai priedai: kvapiosios med\u017eiagos, Camelia Thea ekstraktas.<\/p>\n<p data-start=\"2524\" data-end=\"2566\" data-is-last-node=\"\" data-is-only-node=\"\"><strong data-start=\"2524\" data-end=\"2553\">Metabolizuojama energija:<\/strong> 440\u202fkcal\/kg.<\/p>\n","protected":false},"featured_media":55873,"template":"","meta":[],"product_brand":[],"product_cat":[527],"product_tag":[],"class_list":{"0":"post-55870","1":"product","2":"type-product","3":"status-publish","4":"has-post-thumbnail","6":"product_cat-skanestai","8":"first","9":"instock","10":"sale","11":"taxable","12":"shipping-taxable","13":"purchasable","14":"product-type-simple"},"yoast_head":"<!-- This site is optimized with the Yoast SEO plugin v27.4 - https:\/\/yoast.com\/product\/yoast-seo-wordpress\/ -->\n<title>Churu Hairball kremi\u0161kas skan\u0117stas kat\u0117ms su tunu 56\u202fg - MiuMjau<\/title>\n<meta name=\"robots\" content=\"index, follow, max-snippet:-1, max-image-preview:large, max-video-preview:-1\" \/>\n<link rel=\"canonical\" href=\"https:\/\/miumjau.ee\/lt\/produktas\/churu-hairball-kremiskas-skanestas-katems-su-tunu-56-g\/\" \/>\n<meta property=\"og:locale\" content=\"lt_LT\" \/>\n<meta property=\"og:type\" content=\"article\" \/>\n<meta property=\"og:title\" content=\"Churu Hairball kremi\u0161kas skan\u0117stas kat\u0117ms su tunu 56\u202fg - MiuMjau\" \/>\n<meta property=\"og:description\" content=\"Be gr\u016bd\u0173 funkcionalus skan\u0117stas kat\u0117ms, sukurtas siekiant suma\u017einti kailio kamuoliuk\u0173 susidarym\u0105 \u2013 tyrel\u0117 su tunu. Papildomas maistas kat\u0117ms. Churu tyrel\u0117 kat\u0117ms su tunu padeda ma\u017einti kailio kamuoliukus. Churu tyrel\u0117 turi daug dr\u0117gm\u0117s, kuri yra b\u016btina kat\u0117s sveikatai. Ji taip pat nesudaro gr\u016bd\u0173 ir neturi dirbtini\u0173 da\u017eikli\u0173. Galima naudoti keliais b\u016bdais: spausti tiesiai i\u0161 t\u016bbel\u0117s ir leisti katei lai\u017eyti arba kaip papild\u0105 sausam pa\u0161arui. Skatina sveik\u0105 vir\u0161kinim\u0105: neirios augalin\u0117s skaidulos padeda palaikyti sveik\u0105 vir\u0161kinimo trakt\u0105 ir kontroliuoti kailio kamuoliuk\u0173 susidarym\u0105. Taurinas ir E vitaminai: taurinas yra svarbi aminor\u016bg\u0161tis, padedanti kat\u0117ms palaikyti normal\u0173 reg\u0117jim\u0105, \u0161irdies ir nerv\u0173 funkcijas. E vitaminas veikia kaip antioksidantas. Didelis dr\u0117gm\u0117s kiekis: kat\u0117s nat\u016braliai nevartoja tiek daug vandens kaip \u0161unys. Jiems reikia dr\u0117gm\u0117s turin\u010dio maisto, kad palaikyt\u0173 normali\u0105 k\u016bno funkcij\u0105 ir b\u016bt\u0173 hidratuotos. Maisto priedai: E vitaminas (3a700) 574\u202fmg, taurinas (3a370) 356\u202fmg. Technologiniai priedai: guaro guma (E412). Sensoriniai priedai: kvapiosios med\u017eiagos, Camelia Thea ekstraktas. Metabolizuojama energija: 440\u202fkcal\/kg.\" \/>\n<meta property=\"og:url\" content=\"https:\/\/miumjau.ee\/lt\/produktas\/churu-hairball-kremiskas-skanestas-katems-su-tunu-56-g\/\" \/>\n<meta property=\"og:site_name\" content=\"MiuMjau\" \/>\n<meta property=\"article:publisher\" content=\"https:\/\/www.facebook.com\/miumjaupood\/\" \/>\n<meta property=\"og:image\" content=\"https:\/\/miumjau.ee\/wp-content\/uploads\/2024\/11\/Churu-maius-56g-kassile3.jpg\" \/>\n\t<meta property=\"og:image:width\" content=\"600\" \/>\n\t<meta property=\"og:image:height\" content=\"800\" \/>\n\t<meta property=\"og:image:type\" content=\"image\/jpeg\" \/>\n<meta name=\"twitter:card\" content=\"summary_large_image\" \/>\n<script type=\"application\/ld+json\" class=\"yoast-schema-graph\">{\"@context\":\"https:\\\/\\\/schema.org\",\"@graph\":[{\"@type\":\"WebPage\",\"@id\":\"https:\\\/\\\/miumjau.ee\\\/lt\\\/produktas\\\/churu-hairball-kremiskas-skanestas-katems-su-tunu-56-g\\\/\",\"url\":\"https:\\\/\\\/miumjau.ee\\\/lt\\\/produktas\\\/churu-hairball-kremiskas-skanestas-katems-su-tunu-56-g\\\/\",\"name\":\"Churu Hairball kremi\u0161kas skan\u0117stas kat\u0117ms su tunu 56\u202fg - MiuMjau\",\"isPartOf\":{\"@id\":\"https:\\\/\\\/miumjau.ee\\\/#website\"},\"primaryImageOfPage\":{\"@id\":\"https:\\\/\\\/miumjau.ee\\\/lt\\\/produktas\\\/churu-hairball-kremiskas-skanestas-katems-su-tunu-56-g\\\/#primaryimage\"},\"image\":{\"@id\":\"https:\\\/\\\/miumjau.ee\\\/lt\\\/produktas\\\/churu-hairball-kremiskas-skanestas-katems-su-tunu-56-g\\\/#primaryimage\"},\"thumbnailUrl\":\"https:\\\/\\\/miumjau.ee\\\/wp-content\\\/uploads\\\/2024\\\/11\\\/Churu-maius-56g-kassile3.jpg\",\"datePublished\":\"2024-11-13T11:33:10+00:00\",\"breadcrumb\":{\"@id\":\"https:\\\/\\\/miumjau.ee\\\/lt\\\/produktas\\\/churu-hairball-kremiskas-skanestas-katems-su-tunu-56-g\\\/#breadcrumb\"},\"inLanguage\":\"lt-LT\",\"potentialAction\":[{\"@type\":\"ReadAction\",\"target\":[\"https:\\\/\\\/miumjau.ee\\\/lt\\\/produktas\\\/churu-hairball-kremiskas-skanestas-katems-su-tunu-56-g\\\/\"]}]},{\"@type\":\"ImageObject\",\"inLanguage\":\"lt-LT\",\"@id\":\"https:\\\/\\\/miumjau.ee\\\/lt\\\/produktas\\\/churu-hairball-kremiskas-skanestas-katems-su-tunu-56-g\\\/#primaryimage\",\"url\":\"https:\\\/\\\/miumjau.ee\\\/wp-content\\\/uploads\\\/2024\\\/11\\\/Churu-maius-56g-kassile3.jpg\",\"contentUrl\":\"https:\\\/\\\/miumjau.ee\\\/wp-content\\\/uploads\\\/2024\\\/11\\\/Churu-maius-56g-kassile3.jpg\",\"width\":600,\"height\":800},{\"@type\":\"BreadcrumbList\",\"@id\":\"https:\\\/\\\/miumjau.ee\\\/lt\\\/produktas\\\/churu-hairball-kremiskas-skanestas-katems-su-tunu-56-g\\\/#breadcrumb\",\"itemListElement\":[{\"@type\":\"ListItem\",\"position\":1,\"name\":\"Home\",\"item\":\"https:\\\/\\\/miumjau.ee\\\/lt\\\/\"},{\"@type\":\"ListItem\",\"position\":2,\"name\":\"Parduotuv\u0117\",\"item\":\"https:\\\/\\\/miumjau.ee\\\/lt\\\/parduotuve\\\/\"},{\"@type\":\"ListItem\",\"position\":3,\"name\":\"Churu Hairball kremi\u0161kas skan\u0117stas kat\u0117ms su tunu 56\u202fg\"}]},{\"@type\":\"WebSite\",\"@id\":\"https:\\\/\\\/miumjau.ee\\\/#website\",\"url\":\"https:\\\/\\\/miumjau.ee\\\/\",\"name\":\"MiuMjau\",\"description\":\"Kraapimispuud kassidele\",\"publisher\":{\"@id\":\"https:\\\/\\\/miumjau.ee\\\/#organization\"},\"potentialAction\":[{\"@type\":\"SearchAction\",\"target\":{\"@type\":\"EntryPoint\",\"urlTemplate\":\"https:\\\/\\\/miumjau.ee\\\/?s={search_term_string}\"},\"query-input\":{\"@type\":\"PropertyValueSpecification\",\"valueRequired\":true,\"valueName\":\"search_term_string\"}}],\"inLanguage\":\"lt-LT\"},{\"@type\":\"Organization\",\"@id\":\"https:\\\/\\\/miumjau.ee\\\/#organization\",\"name\":\"MiuMjau O\u00dc\",\"url\":\"https:\\\/\\\/miumjau.ee\\\/\",\"logo\":{\"@type\":\"ImageObject\",\"inLanguage\":\"lt-LT\",\"@id\":\"https:\\\/\\\/miumjau.ee\\\/#\\\/schema\\\/logo\\\/image\\\/\",\"url\":\"https:\\\/\\\/miumjau.ee\\\/wp-content\\\/uploads\\\/2022\\\/04\\\/MiuMjau-logo-kollane.png\",\"contentUrl\":\"https:\\\/\\\/miumjau.ee\\\/wp-content\\\/uploads\\\/2022\\\/04\\\/MiuMjau-logo-kollane.png\",\"width\":219,\"height\":100,\"caption\":\"MiuMjau O\u00dc\"},\"image\":{\"@id\":\"https:\\\/\\\/miumjau.ee\\\/#\\\/schema\\\/logo\\\/image\\\/\"},\"sameAs\":[\"https:\\\/\\\/www.facebook.com\\\/miumjaupood\\\/\"]}]}<\/script>\n<!-- \/ Yoast SEO plugin. -->","yoast_head_json":{"title":"Churu Hairball kremi\u0161kas skan\u0117stas kat\u0117ms su tunu 56\u202fg - MiuMjau","robots":{"index":"index","follow":"follow","max-snippet":"max-snippet:-1","max-image-preview":"max-image-preview:large","max-video-preview":"max-video-preview:-1"},"canonical":"https:\/\/miumjau.ee\/lt\/produktas\/churu-hairball-kremiskas-skanestas-katems-su-tunu-56-g\/","og_locale":"lt_LT","og_type":"article","og_title":"Churu Hairball kremi\u0161kas skan\u0117stas kat\u0117ms su tunu 56\u202fg - MiuMjau","og_description":"Be gr\u016bd\u0173 funkcionalus skan\u0117stas kat\u0117ms, sukurtas siekiant suma\u017einti kailio kamuoliuk\u0173 susidarym\u0105 \u2013 tyrel\u0117 su tunu. Papildomas maistas kat\u0117ms. Churu tyrel\u0117 kat\u0117ms su tunu padeda ma\u017einti kailio kamuoliukus. Churu tyrel\u0117 turi daug dr\u0117gm\u0117s, kuri yra b\u016btina kat\u0117s sveikatai. Ji taip pat nesudaro gr\u016bd\u0173 ir neturi dirbtini\u0173 da\u017eikli\u0173. Galima naudoti keliais b\u016bdais: spausti tiesiai i\u0161 t\u016bbel\u0117s ir leisti katei lai\u017eyti arba kaip papild\u0105 sausam pa\u0161arui. Skatina sveik\u0105 vir\u0161kinim\u0105: neirios augalin\u0117s skaidulos padeda palaikyti sveik\u0105 vir\u0161kinimo trakt\u0105 ir kontroliuoti kailio kamuoliuk\u0173 susidarym\u0105. Taurinas ir E vitaminai: taurinas yra svarbi aminor\u016bg\u0161tis, padedanti kat\u0117ms palaikyti normal\u0173 reg\u0117jim\u0105, \u0161irdies ir nerv\u0173 funkcijas. E vitaminas veikia kaip antioksidantas. Didelis dr\u0117gm\u0117s kiekis: kat\u0117s nat\u016braliai nevartoja tiek daug vandens kaip \u0161unys. Jiems reikia dr\u0117gm\u0117s turin\u010dio maisto, kad palaikyt\u0173 normali\u0105 k\u016bno funkcij\u0105 ir b\u016bt\u0173 hidratuotos. Maisto priedai: E vitaminas (3a700) 574\u202fmg, taurinas (3a370) 356\u202fmg. Technologiniai priedai: guaro guma (E412). Sensoriniai priedai: kvapiosios med\u017eiagos, Camelia Thea ekstraktas. Metabolizuojama energija: 440\u202fkcal\/kg.","og_url":"https:\/\/miumjau.ee\/lt\/produktas\/churu-hairball-kremiskas-skanestas-katems-su-tunu-56-g\/","og_site_name":"MiuMjau","article_publisher":"https:\/\/www.facebook.com\/miumjaupood\/","og_image":[{"width":600,"height":800,"url":"https:\/\/miumjau.ee\/wp-content\/uploads\/2024\/11\/Churu-maius-56g-kassile3.jpg","type":"image\/jpeg"}],"twitter_card":"summary_large_image","schema":{"@context":"https:\/\/schema.org","@graph":[{"@type":"WebPage","@id":"https:\/\/miumjau.ee\/lt\/produktas\/churu-hairball-kremiskas-skanestas-katems-su-tunu-56-g\/","url":"https:\/\/miumjau.ee\/lt\/produktas\/churu-hairball-kremiskas-skanestas-katems-su-tunu-56-g\/","name":"Churu Hairball kremi\u0161kas skan\u0117stas kat\u0117ms su tunu 56\u202fg - MiuMjau","isPartOf":{"@id":"https:\/\/miumjau.ee\/#website"},"primaryImageOfPage":{"@id":"https:\/\/miumjau.ee\/lt\/produktas\/churu-hairball-kremiskas-skanestas-katems-su-tunu-56-g\/#primaryimage"},"image":{"@id":"https:\/\/miumjau.ee\/lt\/produktas\/churu-hairball-kremiskas-skanestas-katems-su-tunu-56-g\/#primaryimage"},"thumbnailUrl":"https:\/\/miumjau.ee\/wp-content\/uploads\/2024\/11\/Churu-maius-56g-kassile3.jpg","datePublished":"2024-11-13T11:33:10+00:00","breadcrumb":{"@id":"https:\/\/miumjau.ee\/lt\/produktas\/churu-hairball-kremiskas-skanestas-katems-su-tunu-56-g\/#breadcrumb"},"inLanguage":"lt-LT","potentialAction":[{"@type":"ReadAction","target":["https:\/\/miumjau.ee\/lt\/produktas\/churu-hairball-kremiskas-skanestas-katems-su-tunu-56-g\/"]}]},{"@type":"ImageObject","inLanguage":"lt-LT","@id":"https:\/\/miumjau.ee\/lt\/produktas\/churu-hairball-kremiskas-skanestas-katems-su-tunu-56-g\/#primaryimage","url":"https:\/\/miumjau.ee\/wp-content\/uploads\/2024\/11\/Churu-maius-56g-kassile3.jpg","contentUrl":"https:\/\/miumjau.ee\/wp-content\/uploads\/2024\/11\/Churu-maius-56g-kassile3.jpg","width":600,"height":800},{"@type":"BreadcrumbList","@id":"https:\/\/miumjau.ee\/lt\/produktas\/churu-hairball-kremiskas-skanestas-katems-su-tunu-56-g\/#breadcrumb","itemListElement":[{"@type":"ListItem","position":1,"name":"Home","item":"https:\/\/miumjau.ee\/lt\/"},{"@type":"ListItem","position":2,"name":"Parduotuv\u0117","item":"https:\/\/miumjau.ee\/lt\/parduotuve\/"},{"@type":"ListItem","position":3,"name":"Churu Hairball kremi\u0161kas skan\u0117stas kat\u0117ms su tunu 56\u202fg"}]},{"@type":"WebSite","@id":"https:\/\/miumjau.ee\/#website","url":"https:\/\/miumjau.ee\/","name":"MiuMjau","description":"Kraapimispuud kassidele","publisher":{"@id":"https:\/\/miumjau.ee\/#organization"},"potentialAction":[{"@type":"SearchAction","target":{"@type":"EntryPoint","urlTemplate":"https:\/\/miumjau.ee\/?s={search_term_string}"},"query-input":{"@type":"PropertyValueSpecification","valueRequired":true,"valueName":"search_term_string"}}],"inLanguage":"lt-LT"},{"@type":"Organization","@id":"https:\/\/miumjau.ee\/#organization","name":"MiuMjau O\u00dc","url":"https:\/\/miumjau.ee\/","logo":{"@type":"ImageObject","inLanguage":"lt-LT","@id":"https:\/\/miumjau.ee\/#\/schema\/logo\/image\/","url":"https:\/\/miumjau.ee\/wp-content\/uploads\/2022\/04\/MiuMjau-logo-kollane.png","contentUrl":"https:\/\/miumjau.ee\/wp-content\/uploads\/2022\/04\/MiuMjau-logo-kollane.png","width":219,"height":100,"caption":"MiuMjau O\u00dc"},"image":{"@id":"https:\/\/miumjau.ee\/#\/schema\/logo\/image\/"},"sameAs":["https:\/\/www.facebook.com\/miumjaupood\/"]}]}},"_links":{"self":[{"href":"https:\/\/miumjau.ee\/lt\/wp-json\/wp\/v2\/product\/55870","targetHints":{"allow":["GET"]}}],"collection":[{"href":"https:\/\/miumjau.ee\/lt\/wp-json\/wp\/v2\/product"}],"about":[{"href":"https:\/\/miumjau.ee\/lt\/wp-json\/wp\/v2\/types\/product"}],"wp:featuredmedia":[{"embeddable":true,"href":"https:\/\/miumjau.ee\/lt\/wp-json\/wp\/v2\/media\/55873"}],"wp:attachment":[{"href":"https:\/\/miumjau.ee\/lt\/wp-json\/wp\/v2\/media?parent=55870"}],"wp:term":[{"taxonomy":"product_brand","embeddable":true,"href":"https:\/\/miumjau.ee\/lt\/wp-json\/wp\/v2\/product_brand?post=55870"},{"taxonomy":"product_cat","embeddable":true,"href":"https:\/\/miumjau.ee\/lt\/wp-json\/wp\/v2\/product_cat?post=55870"},{"taxonomy":"product_tag","embeddable":true,"href":"https:\/\/miumjau.ee\/lt\/wp-json\/wp\/v2\/product_tag?post=55870"}],"curies":[{"name":"wp","href":"https:\/\/api.w.org\/{rel}","templated":true}]}}