{"id":55859,"date":"2024-11-13T19:48:51","date_gmt":"2024-11-13T17:48:51","guid":{"rendered":"https:\/\/miumjau.ee\/toode\/ontario-tuno-gerimas-kaciukams-135-g\/"},"modified":"2024-11-13T19:48:51","modified_gmt":"2024-11-13T17:48:51","slug":"ontario-tuno-gerimas-kaciukams-135-g","status":"publish","type":"product","link":"https:\/\/miumjau.ee\/lt\/produktas\/ontario-tuno-gerimas-kaciukams-135-g\/","title":{"rendered":"Ontario tuno g\u0117rimas ka\u010diukams 135\u202fg"},"content":{"rendered":"","protected":false},"excerpt":{"rendered":"<p data-start=\"1421\" data-end=\"1551\">ONTARIO kitten tuno g\u0117rimas \u2013 papildomas maistas ka\u010diukams su tuno gabaliukais. Padeda u\u017ekirsti keli\u0105 inkst\u0173 akmen\u0173 susidarymui.<\/p>\n<p data-start=\"1553\" data-end=\"1963\">G\u0117rimas ka\u010diukams skardin\u0117je, kuris u\u017etikrina kasdien\u012f skys\u010di\u0173 vartojim\u0105 ir padeda i\u0161vengti inkst\u0173 akmen\u0173 susidarymo.<br data-start=\"1670\" data-end=\"1673\" \/>G\u0117rim\u0105 galima naudoti sausam pa\u0161arui pagerinti arba patiekti su granul\u0117mis, kaip sveik\u0105 u\u017ekand\u012f tarp pagrindini\u0173 patiekal\u0173.<br data-start=\"1796\" data-end=\"1799\" \/>100% sud\u0117ties garantija \u2013 \u017einosite tiksliai, k\u0105 duodate savo katei.<br data-start=\"1866\" data-end=\"1869\" \/>Pagaminta tik i\u0161 kruop\u0161\u010diai atrinkt\u0173 nat\u016brali\u0173 produkt\u0173.<br data-start=\"1925\" data-end=\"1928\" \/>Sud\u0117tyje tik nat\u016bral\u016bs da\u017eikliai.<\/p>\n<p data-start=\"1965\" data-end=\"2164\"><strong data-start=\"1965\" data-end=\"1977\">Sud\u0117tis:<\/strong> vanduo 92,69%, vi\u0161tiena 3,5%, tunas 1,5%, \u017euv\u0173 sultinys 0,77%, tir\u0161tiklis 0,67%, saul\u0117gr\u0105\u017e\u0173 aliejus 0,57%, bulvi\u0173 krakmolas 0,19%, tuno aliejus 0,09%, paprika (raudonoji spalva) 0,02%.<\/p>\n<p data-start=\"2166\" data-end=\"2312\"><strong data-start=\"2166\" data-end=\"2194\">Analitiniai komponentai:<\/strong><br data-start=\"2194\" data-end=\"2197\" \/>Baltymai ne ma\u017eiau kaip 1,6%, riebalai ne ma\u017eiau kaip 0,5%, skaidulos iki 0,5%, pelenai iki 0,5%, dr\u0117gm\u0117 iki 96%.<\/p>\n<p data-start=\"2314\" data-end=\"2653\" data-is-last-node=\"\" data-is-only-node=\"\"><strong data-start=\"2314\" data-end=\"2338\">\u0160\u0117rimo instrukcijos:<\/strong><br data-start=\"2338\" data-end=\"2341\" \/>Skardin\u0117s turin\u012f padalyti \u012f 3\u20134 porcijas per 2 dienas. Atidarius laikyti \u0161aldytuve ir sunaudoti per 2 dienas. Prie\u0161 patiekiant i\u0161imti skardin\u0119 ir leisti g\u0117rimui su\u0161ilti iki kambario temperat\u016bros, kad atsiskleist\u0173 aromatas. Jei \u0161eriate tik sausu pa\u0161aru, vienos skardin\u0117s kiekis gali atitikti dienos skys\u010di\u0173 norm\u0105.<\/p>\n","protected":false},"featured_media":55852,"template":"","meta":[],"product_brand":[],"product_cat":[526],"product_tag":[],"class_list":{"0":"post-55859","1":"product","2":"type-product","3":"status-publish","4":"has-post-thumbnail","6":"product_cat-slapias-maistas","8":"first","9":"instock","10":"taxable","11":"shipping-taxable","12":"purchasable","13":"product-type-simple"},"yoast_head":"<!-- This site is optimized with the Yoast SEO plugin v27.4 - https:\/\/yoast.com\/product\/yoast-seo-wordpress\/ -->\n<title>Ontario tuno g\u0117rimas ka\u010diukams 135\u202fg - MiuMjau<\/title>\n<meta name=\"robots\" content=\"index, follow, max-snippet:-1, max-image-preview:large, max-video-preview:-1\" \/>\n<link rel=\"canonical\" href=\"https:\/\/miumjau.ee\/lt\/produktas\/ontario-tuno-gerimas-kaciukams-135-g\/\" \/>\n<meta property=\"og:locale\" content=\"lt_LT\" \/>\n<meta property=\"og:type\" content=\"article\" \/>\n<meta property=\"og:title\" content=\"Ontario tuno g\u0117rimas ka\u010diukams 135\u202fg - MiuMjau\" \/>\n<meta property=\"og:description\" content=\"ONTARIO kitten tuno g\u0117rimas \u2013 papildomas maistas ka\u010diukams su tuno gabaliukais. Padeda u\u017ekirsti keli\u0105 inkst\u0173 akmen\u0173 susidarymui. G\u0117rimas ka\u010diukams skardin\u0117je, kuris u\u017etikrina kasdien\u012f skys\u010di\u0173 vartojim\u0105 ir padeda i\u0161vengti inkst\u0173 akmen\u0173 susidarymo.G\u0117rim\u0105 galima naudoti sausam pa\u0161arui pagerinti arba patiekti su granul\u0117mis, kaip sveik\u0105 u\u017ekand\u012f tarp pagrindini\u0173 patiekal\u0173.100% sud\u0117ties garantija \u2013 \u017einosite tiksliai, k\u0105 duodate savo katei.Pagaminta tik i\u0161 kruop\u0161\u010diai atrinkt\u0173 nat\u016brali\u0173 produkt\u0173.Sud\u0117tyje tik nat\u016bral\u016bs da\u017eikliai. Sud\u0117tis: vanduo 92,69%, vi\u0161tiena 3,5%, tunas 1,5%, \u017euv\u0173 sultinys 0,77%, tir\u0161tiklis 0,67%, saul\u0117gr\u0105\u017e\u0173 aliejus 0,57%, bulvi\u0173 krakmolas 0,19%, tuno aliejus 0,09%, paprika (raudonoji spalva) 0,02%. Analitiniai komponentai:Baltymai ne ma\u017eiau kaip 1,6%, riebalai ne ma\u017eiau kaip 0,5%, skaidulos iki 0,5%, pelenai iki 0,5%, dr\u0117gm\u0117 iki 96%. \u0160\u0117rimo instrukcijos:Skardin\u0117s turin\u012f padalyti \u012f 3\u20134 porcijas per 2 dienas. Atidarius laikyti \u0161aldytuve ir sunaudoti per 2 dienas. Prie\u0161 patiekiant i\u0161imti skardin\u0119 ir leisti g\u0117rimui su\u0161ilti iki kambario temperat\u016bros, kad atsiskleist\u0173 aromatas. Jei \u0161eriate tik sausu pa\u0161aru, vienos skardin\u0117s kiekis gali atitikti dienos skys\u010di\u0173 norm\u0105.\" \/>\n<meta property=\"og:url\" content=\"https:\/\/miumjau.ee\/lt\/produktas\/ontario-tuno-gerimas-kaciukams-135-g\/\" \/>\n<meta property=\"og:site_name\" content=\"MiuMjau\" \/>\n<meta property=\"article:publisher\" content=\"https:\/\/www.facebook.com\/miumjaupood\/\" \/>\n<meta property=\"og:image\" content=\"https:\/\/miumjau.ee\/wp-content\/uploads\/2024\/11\/ontario-supp-kassidele-135g6.jpg\" \/>\n\t<meta property=\"og:image:width\" content=\"600\" \/>\n\t<meta property=\"og:image:height\" content=\"800\" \/>\n\t<meta property=\"og:image:type\" content=\"image\/jpeg\" \/>\n<meta name=\"twitter:card\" content=\"summary_large_image\" \/>\n<script type=\"application\/ld+json\" class=\"yoast-schema-graph\">{\"@context\":\"https:\\\/\\\/schema.org\",\"@graph\":[{\"@type\":\"WebPage\",\"@id\":\"https:\\\/\\\/miumjau.ee\\\/lt\\\/produktas\\\/ontario-tuno-gerimas-kaciukams-135-g\\\/\",\"url\":\"https:\\\/\\\/miumjau.ee\\\/lt\\\/produktas\\\/ontario-tuno-gerimas-kaciukams-135-g\\\/\",\"name\":\"Ontario tuno g\u0117rimas ka\u010diukams 135\u202fg - MiuMjau\",\"isPartOf\":{\"@id\":\"https:\\\/\\\/miumjau.ee\\\/#website\"},\"primaryImageOfPage\":{\"@id\":\"https:\\\/\\\/miumjau.ee\\\/lt\\\/produktas\\\/ontario-tuno-gerimas-kaciukams-135-g\\\/#primaryimage\"},\"image\":{\"@id\":\"https:\\\/\\\/miumjau.ee\\\/lt\\\/produktas\\\/ontario-tuno-gerimas-kaciukams-135-g\\\/#primaryimage\"},\"thumbnailUrl\":\"https:\\\/\\\/miumjau.ee\\\/wp-content\\\/uploads\\\/2024\\\/11\\\/ontario-supp-kassidele-135g6.jpg\",\"datePublished\":\"2024-11-13T17:48:51+00:00\",\"breadcrumb\":{\"@id\":\"https:\\\/\\\/miumjau.ee\\\/lt\\\/produktas\\\/ontario-tuno-gerimas-kaciukams-135-g\\\/#breadcrumb\"},\"inLanguage\":\"lt-LT\",\"potentialAction\":[{\"@type\":\"ReadAction\",\"target\":[\"https:\\\/\\\/miumjau.ee\\\/lt\\\/produktas\\\/ontario-tuno-gerimas-kaciukams-135-g\\\/\"]}]},{\"@type\":\"ImageObject\",\"inLanguage\":\"lt-LT\",\"@id\":\"https:\\\/\\\/miumjau.ee\\\/lt\\\/produktas\\\/ontario-tuno-gerimas-kaciukams-135-g\\\/#primaryimage\",\"url\":\"https:\\\/\\\/miumjau.ee\\\/wp-content\\\/uploads\\\/2024\\\/11\\\/ontario-supp-kassidele-135g6.jpg\",\"contentUrl\":\"https:\\\/\\\/miumjau.ee\\\/wp-content\\\/uploads\\\/2024\\\/11\\\/ontario-supp-kassidele-135g6.jpg\",\"width\":600,\"height\":800},{\"@type\":\"BreadcrumbList\",\"@id\":\"https:\\\/\\\/miumjau.ee\\\/lt\\\/produktas\\\/ontario-tuno-gerimas-kaciukams-135-g\\\/#breadcrumb\",\"itemListElement\":[{\"@type\":\"ListItem\",\"position\":1,\"name\":\"Home\",\"item\":\"https:\\\/\\\/miumjau.ee\\\/lt\\\/\"},{\"@type\":\"ListItem\",\"position\":2,\"name\":\"Parduotuv\u0117\",\"item\":\"https:\\\/\\\/miumjau.ee\\\/lt\\\/parduotuve\\\/\"},{\"@type\":\"ListItem\",\"position\":3,\"name\":\"Ontario tuno g\u0117rimas ka\u010diukams 135\u202fg\"}]},{\"@type\":\"WebSite\",\"@id\":\"https:\\\/\\\/miumjau.ee\\\/#website\",\"url\":\"https:\\\/\\\/miumjau.ee\\\/\",\"name\":\"MiuMjau\",\"description\":\"Kraapimispuud kassidele\",\"publisher\":{\"@id\":\"https:\\\/\\\/miumjau.ee\\\/#organization\"},\"potentialAction\":[{\"@type\":\"SearchAction\",\"target\":{\"@type\":\"EntryPoint\",\"urlTemplate\":\"https:\\\/\\\/miumjau.ee\\\/?s={search_term_string}\"},\"query-input\":{\"@type\":\"PropertyValueSpecification\",\"valueRequired\":true,\"valueName\":\"search_term_string\"}}],\"inLanguage\":\"lt-LT\"},{\"@type\":\"Organization\",\"@id\":\"https:\\\/\\\/miumjau.ee\\\/#organization\",\"name\":\"MiuMjau O\u00dc\",\"url\":\"https:\\\/\\\/miumjau.ee\\\/\",\"logo\":{\"@type\":\"ImageObject\",\"inLanguage\":\"lt-LT\",\"@id\":\"https:\\\/\\\/miumjau.ee\\\/#\\\/schema\\\/logo\\\/image\\\/\",\"url\":\"https:\\\/\\\/miumjau.ee\\\/wp-content\\\/uploads\\\/2022\\\/04\\\/MiuMjau-logo-kollane.png\",\"contentUrl\":\"https:\\\/\\\/miumjau.ee\\\/wp-content\\\/uploads\\\/2022\\\/04\\\/MiuMjau-logo-kollane.png\",\"width\":219,\"height\":100,\"caption\":\"MiuMjau O\u00dc\"},\"image\":{\"@id\":\"https:\\\/\\\/miumjau.ee\\\/#\\\/schema\\\/logo\\\/image\\\/\"},\"sameAs\":[\"https:\\\/\\\/www.facebook.com\\\/miumjaupood\\\/\"]}]}<\/script>\n<!-- \/ Yoast SEO plugin. -->","yoast_head_json":{"title":"Ontario tuno g\u0117rimas ka\u010diukams 135\u202fg - MiuMjau","robots":{"index":"index","follow":"follow","max-snippet":"max-snippet:-1","max-image-preview":"max-image-preview:large","max-video-preview":"max-video-preview:-1"},"canonical":"https:\/\/miumjau.ee\/lt\/produktas\/ontario-tuno-gerimas-kaciukams-135-g\/","og_locale":"lt_LT","og_type":"article","og_title":"Ontario tuno g\u0117rimas ka\u010diukams 135\u202fg - MiuMjau","og_description":"ONTARIO kitten tuno g\u0117rimas \u2013 papildomas maistas ka\u010diukams su tuno gabaliukais. Padeda u\u017ekirsti keli\u0105 inkst\u0173 akmen\u0173 susidarymui. G\u0117rimas ka\u010diukams skardin\u0117je, kuris u\u017etikrina kasdien\u012f skys\u010di\u0173 vartojim\u0105 ir padeda i\u0161vengti inkst\u0173 akmen\u0173 susidarymo.G\u0117rim\u0105 galima naudoti sausam pa\u0161arui pagerinti arba patiekti su granul\u0117mis, kaip sveik\u0105 u\u017ekand\u012f tarp pagrindini\u0173 patiekal\u0173.100% sud\u0117ties garantija \u2013 \u017einosite tiksliai, k\u0105 duodate savo katei.Pagaminta tik i\u0161 kruop\u0161\u010diai atrinkt\u0173 nat\u016brali\u0173 produkt\u0173.Sud\u0117tyje tik nat\u016bral\u016bs da\u017eikliai. Sud\u0117tis: vanduo 92,69%, vi\u0161tiena 3,5%, tunas 1,5%, \u017euv\u0173 sultinys 0,77%, tir\u0161tiklis 0,67%, saul\u0117gr\u0105\u017e\u0173 aliejus 0,57%, bulvi\u0173 krakmolas 0,19%, tuno aliejus 0,09%, paprika (raudonoji spalva) 0,02%. Analitiniai komponentai:Baltymai ne ma\u017eiau kaip 1,6%, riebalai ne ma\u017eiau kaip 0,5%, skaidulos iki 0,5%, pelenai iki 0,5%, dr\u0117gm\u0117 iki 96%. \u0160\u0117rimo instrukcijos:Skardin\u0117s turin\u012f padalyti \u012f 3\u20134 porcijas per 2 dienas. Atidarius laikyti \u0161aldytuve ir sunaudoti per 2 dienas. Prie\u0161 patiekiant i\u0161imti skardin\u0119 ir leisti g\u0117rimui su\u0161ilti iki kambario temperat\u016bros, kad atsiskleist\u0173 aromatas. Jei \u0161eriate tik sausu pa\u0161aru, vienos skardin\u0117s kiekis gali atitikti dienos skys\u010di\u0173 norm\u0105.","og_url":"https:\/\/miumjau.ee\/lt\/produktas\/ontario-tuno-gerimas-kaciukams-135-g\/","og_site_name":"MiuMjau","article_publisher":"https:\/\/www.facebook.com\/miumjaupood\/","og_image":[{"width":600,"height":800,"url":"https:\/\/miumjau.ee\/wp-content\/uploads\/2024\/11\/ontario-supp-kassidele-135g6.jpg","type":"image\/jpeg"}],"twitter_card":"summary_large_image","schema":{"@context":"https:\/\/schema.org","@graph":[{"@type":"WebPage","@id":"https:\/\/miumjau.ee\/lt\/produktas\/ontario-tuno-gerimas-kaciukams-135-g\/","url":"https:\/\/miumjau.ee\/lt\/produktas\/ontario-tuno-gerimas-kaciukams-135-g\/","name":"Ontario tuno g\u0117rimas ka\u010diukams 135\u202fg - MiuMjau","isPartOf":{"@id":"https:\/\/miumjau.ee\/#website"},"primaryImageOfPage":{"@id":"https:\/\/miumjau.ee\/lt\/produktas\/ontario-tuno-gerimas-kaciukams-135-g\/#primaryimage"},"image":{"@id":"https:\/\/miumjau.ee\/lt\/produktas\/ontario-tuno-gerimas-kaciukams-135-g\/#primaryimage"},"thumbnailUrl":"https:\/\/miumjau.ee\/wp-content\/uploads\/2024\/11\/ontario-supp-kassidele-135g6.jpg","datePublished":"2024-11-13T17:48:51+00:00","breadcrumb":{"@id":"https:\/\/miumjau.ee\/lt\/produktas\/ontario-tuno-gerimas-kaciukams-135-g\/#breadcrumb"},"inLanguage":"lt-LT","potentialAction":[{"@type":"ReadAction","target":["https:\/\/miumjau.ee\/lt\/produktas\/ontario-tuno-gerimas-kaciukams-135-g\/"]}]},{"@type":"ImageObject","inLanguage":"lt-LT","@id":"https:\/\/miumjau.ee\/lt\/produktas\/ontario-tuno-gerimas-kaciukams-135-g\/#primaryimage","url":"https:\/\/miumjau.ee\/wp-content\/uploads\/2024\/11\/ontario-supp-kassidele-135g6.jpg","contentUrl":"https:\/\/miumjau.ee\/wp-content\/uploads\/2024\/11\/ontario-supp-kassidele-135g6.jpg","width":600,"height":800},{"@type":"BreadcrumbList","@id":"https:\/\/miumjau.ee\/lt\/produktas\/ontario-tuno-gerimas-kaciukams-135-g\/#breadcrumb","itemListElement":[{"@type":"ListItem","position":1,"name":"Home","item":"https:\/\/miumjau.ee\/lt\/"},{"@type":"ListItem","position":2,"name":"Parduotuv\u0117","item":"https:\/\/miumjau.ee\/lt\/parduotuve\/"},{"@type":"ListItem","position":3,"name":"Ontario tuno g\u0117rimas ka\u010diukams 135\u202fg"}]},{"@type":"WebSite","@id":"https:\/\/miumjau.ee\/#website","url":"https:\/\/miumjau.ee\/","name":"MiuMjau","description":"Kraapimispuud kassidele","publisher":{"@id":"https:\/\/miumjau.ee\/#organization"},"potentialAction":[{"@type":"SearchAction","target":{"@type":"EntryPoint","urlTemplate":"https:\/\/miumjau.ee\/?s={search_term_string}"},"query-input":{"@type":"PropertyValueSpecification","valueRequired":true,"valueName":"search_term_string"}}],"inLanguage":"lt-LT"},{"@type":"Organization","@id":"https:\/\/miumjau.ee\/#organization","name":"MiuMjau O\u00dc","url":"https:\/\/miumjau.ee\/","logo":{"@type":"ImageObject","inLanguage":"lt-LT","@id":"https:\/\/miumjau.ee\/#\/schema\/logo\/image\/","url":"https:\/\/miumjau.ee\/wp-content\/uploads\/2022\/04\/MiuMjau-logo-kollane.png","contentUrl":"https:\/\/miumjau.ee\/wp-content\/uploads\/2022\/04\/MiuMjau-logo-kollane.png","width":219,"height":100,"caption":"MiuMjau O\u00dc"},"image":{"@id":"https:\/\/miumjau.ee\/#\/schema\/logo\/image\/"},"sameAs":["https:\/\/www.facebook.com\/miumjaupood\/"]}]}},"_links":{"self":[{"href":"https:\/\/miumjau.ee\/lt\/wp-json\/wp\/v2\/product\/55859","targetHints":{"allow":["GET"]}}],"collection":[{"href":"https:\/\/miumjau.ee\/lt\/wp-json\/wp\/v2\/product"}],"about":[{"href":"https:\/\/miumjau.ee\/lt\/wp-json\/wp\/v2\/types\/product"}],"wp:featuredmedia":[{"embeddable":true,"href":"https:\/\/miumjau.ee\/lt\/wp-json\/wp\/v2\/media\/55852"}],"wp:attachment":[{"href":"https:\/\/miumjau.ee\/lt\/wp-json\/wp\/v2\/media?parent=55859"}],"wp:term":[{"taxonomy":"product_brand","embeddable":true,"href":"https:\/\/miumjau.ee\/lt\/wp-json\/wp\/v2\/product_brand?post=55859"},{"taxonomy":"product_cat","embeddable":true,"href":"https:\/\/miumjau.ee\/lt\/wp-json\/wp\/v2\/product_cat?post=55859"},{"taxonomy":"product_tag","embeddable":true,"href":"https:\/\/miumjau.ee\/lt\/wp-json\/wp\/v2\/product_tag?post=55859"}],"curies":[{"name":"wp","href":"https:\/\/api.w.org\/{rel}","templated":true}]}}