{"id":55855,"date":"2024-11-13T19:48:47","date_gmt":"2024-11-13T17:48:47","guid":{"rendered":"https:\/\/miumjau.ee\/toode\/ontario-lasiu-gerimas-katems-su-zuvies-gabaliukais-135-g\/"},"modified":"2024-11-13T19:48:47","modified_gmt":"2024-11-13T17:48:47","slug":"ontario-lasiu-gerimas-katems-su-zuvies-gabaliukais-135-g","status":"publish","type":"product","link":"https:\/\/miumjau.ee\/lt\/produktas\/ontario-lasiu-gerimas-katems-su-zuvies-gabaliukais-135-g\/","title":{"rendered":"Ontario la\u0161i\u0173 g\u0117rimas kat\u0117ms su \u017euvies gabaliukais 135\u202fg"},"content":{"rendered":"","protected":false},"excerpt":{"rendered":"<p data-start=\"1067\" data-end=\"1213\">ONTARIO la\u0161i\u0173 g\u0117rimas \u2013 sriuba suaugusioms kat\u0117ms su la\u0161i\u0173 gabaliukais. Papildomas maistas, padedantis u\u017ekirsti keli\u0105 inkst\u0173 akmen\u0173 susidarymui.<\/p>\n<p data-start=\"1215\" data-end=\"1599\">G\u0117rimas kat\u0117ms skardin\u0117je, kuris u\u017etikrina kasdien\u012f skys\u010di\u0173 vartojim\u0105 ir padeda i\u0161vengti inkst\u0173 akmen\u0173 susidarymo.<br data-start=\"1329\" data-end=\"1332\" \/>Receptas pagr\u012fstas skaniu sultiniu su ma\u017eais \u0161vie\u017eios m\u0117sos gabaliukais.<br data-start=\"1404\" data-end=\"1407\" \/>Galima patiekti su sausu pa\u0161aru arba kaip sveik\u0105 u\u017ekand\u012f tarp pagrindini\u0173 patiekal\u0173.<br data-start=\"1491\" data-end=\"1494\" \/>100% sud\u0117ties garantija \u2013 \u017einosite tiksliai, k\u0105 duodate savo katei.<br data-start=\"1561\" data-end=\"1564\" \/>Sud\u0117tyje tik nat\u016bral\u016bs da\u017eikliai.<\/p>\n<p data-start=\"1601\" data-end=\"1629\"><strong data-start=\"1601\" data-end=\"1621\">Grynasis kiekis:<\/strong> 135\u202fg<\/p>\n<p data-start=\"1631\" data-end=\"1935\" data-is-last-node=\"\" data-is-only-node=\"\"><strong data-start=\"1631\" data-end=\"1655\">\u0160\u0117rimo instrukcijos:<\/strong><br data-start=\"1655\" data-end=\"1658\" \/>Skardin\u0117s turin\u012f, skirt\u0105 2 dienoms, padalyti \u012f 3\u20134 porcijas. Atidarius laikyti \u0161aldytuve ir sunaudoti per 2 dienas. Prie\u0161 patiekiant i\u0161imti i\u0161 \u0161aldytuvo ir leisti su\u0161ilti iki kambario temperat\u016bros. Jei \u0161eriate tik sausu pa\u0161aru, g\u0117rimo kiekis gali atitikti dienos skys\u010di\u0173 norm\u0105.<\/p>\n","protected":false},"featured_media":55850,"template":"","meta":[],"product_brand":[],"product_cat":[526],"product_tag":[],"class_list":{"0":"post-55855","1":"product","2":"type-product","3":"status-publish","4":"has-post-thumbnail","6":"product_cat-slapias-maistas","8":"first","9":"instock","10":"sale","11":"taxable","12":"shipping-taxable","13":"purchasable","14":"product-type-simple"},"yoast_head":"<!-- This site is optimized with the Yoast SEO plugin v27.4 - https:\/\/yoast.com\/product\/yoast-seo-wordpress\/ -->\n<title>Ontario la\u0161i\u0173 g\u0117rimas kat\u0117ms su \u017euvies gabaliukais 135\u202fg - MiuMjau<\/title>\n<meta name=\"robots\" content=\"index, follow, max-snippet:-1, max-image-preview:large, max-video-preview:-1\" \/>\n<link rel=\"canonical\" href=\"https:\/\/miumjau.ee\/lt\/produktas\/ontario-lasiu-gerimas-katems-su-zuvies-gabaliukais-135-g\/\" \/>\n<meta property=\"og:locale\" content=\"lt_LT\" \/>\n<meta property=\"og:type\" content=\"article\" \/>\n<meta property=\"og:title\" content=\"Ontario la\u0161i\u0173 g\u0117rimas kat\u0117ms su \u017euvies gabaliukais 135\u202fg - MiuMjau\" \/>\n<meta property=\"og:description\" content=\"ONTARIO la\u0161i\u0173 g\u0117rimas \u2013 sriuba suaugusioms kat\u0117ms su la\u0161i\u0173 gabaliukais. Papildomas maistas, padedantis u\u017ekirsti keli\u0105 inkst\u0173 akmen\u0173 susidarymui. G\u0117rimas kat\u0117ms skardin\u0117je, kuris u\u017etikrina kasdien\u012f skys\u010di\u0173 vartojim\u0105 ir padeda i\u0161vengti inkst\u0173 akmen\u0173 susidarymo.Receptas pagr\u012fstas skaniu sultiniu su ma\u017eais \u0161vie\u017eios m\u0117sos gabaliukais.Galima patiekti su sausu pa\u0161aru arba kaip sveik\u0105 u\u017ekand\u012f tarp pagrindini\u0173 patiekal\u0173.100% sud\u0117ties garantija \u2013 \u017einosite tiksliai, k\u0105 duodate savo katei.Sud\u0117tyje tik nat\u016bral\u016bs da\u017eikliai. Grynasis kiekis: 135\u202fg \u0160\u0117rimo instrukcijos:Skardin\u0117s turin\u012f, skirt\u0105 2 dienoms, padalyti \u012f 3\u20134 porcijas. Atidarius laikyti \u0161aldytuve ir sunaudoti per 2 dienas. Prie\u0161 patiekiant i\u0161imti i\u0161 \u0161aldytuvo ir leisti su\u0161ilti iki kambario temperat\u016bros. Jei \u0161eriate tik sausu pa\u0161aru, g\u0117rimo kiekis gali atitikti dienos skys\u010di\u0173 norm\u0105.\" \/>\n<meta property=\"og:url\" content=\"https:\/\/miumjau.ee\/lt\/produktas\/ontario-lasiu-gerimas-katems-su-zuvies-gabaliukais-135-g\/\" \/>\n<meta property=\"og:site_name\" content=\"MiuMjau\" \/>\n<meta property=\"article:publisher\" content=\"https:\/\/www.facebook.com\/miumjaupood\/\" \/>\n<meta property=\"og:image\" content=\"https:\/\/miumjau.ee\/wp-content\/uploads\/2024\/11\/ontario-supp-kassidele-135g3.jpg\" \/>\n\t<meta property=\"og:image:width\" content=\"600\" \/>\n\t<meta property=\"og:image:height\" content=\"800\" \/>\n\t<meta property=\"og:image:type\" content=\"image\/jpeg\" \/>\n<meta name=\"twitter:card\" content=\"summary_large_image\" \/>\n<script type=\"application\/ld+json\" class=\"yoast-schema-graph\">{\"@context\":\"https:\\\/\\\/schema.org\",\"@graph\":[{\"@type\":\"WebPage\",\"@id\":\"https:\\\/\\\/miumjau.ee\\\/lt\\\/produktas\\\/ontario-lasiu-gerimas-katems-su-zuvies-gabaliukais-135-g\\\/\",\"url\":\"https:\\\/\\\/miumjau.ee\\\/lt\\\/produktas\\\/ontario-lasiu-gerimas-katems-su-zuvies-gabaliukais-135-g\\\/\",\"name\":\"Ontario la\u0161i\u0173 g\u0117rimas kat\u0117ms su \u017euvies gabaliukais 135\u202fg - MiuMjau\",\"isPartOf\":{\"@id\":\"https:\\\/\\\/miumjau.ee\\\/#website\"},\"primaryImageOfPage\":{\"@id\":\"https:\\\/\\\/miumjau.ee\\\/lt\\\/produktas\\\/ontario-lasiu-gerimas-katems-su-zuvies-gabaliukais-135-g\\\/#primaryimage\"},\"image\":{\"@id\":\"https:\\\/\\\/miumjau.ee\\\/lt\\\/produktas\\\/ontario-lasiu-gerimas-katems-su-zuvies-gabaliukais-135-g\\\/#primaryimage\"},\"thumbnailUrl\":\"https:\\\/\\\/miumjau.ee\\\/wp-content\\\/uploads\\\/2024\\\/11\\\/ontario-supp-kassidele-135g3.jpg\",\"datePublished\":\"2024-11-13T17:48:47+00:00\",\"breadcrumb\":{\"@id\":\"https:\\\/\\\/miumjau.ee\\\/lt\\\/produktas\\\/ontario-lasiu-gerimas-katems-su-zuvies-gabaliukais-135-g\\\/#breadcrumb\"},\"inLanguage\":\"lt-LT\",\"potentialAction\":[{\"@type\":\"ReadAction\",\"target\":[\"https:\\\/\\\/miumjau.ee\\\/lt\\\/produktas\\\/ontario-lasiu-gerimas-katems-su-zuvies-gabaliukais-135-g\\\/\"]}]},{\"@type\":\"ImageObject\",\"inLanguage\":\"lt-LT\",\"@id\":\"https:\\\/\\\/miumjau.ee\\\/lt\\\/produktas\\\/ontario-lasiu-gerimas-katems-su-zuvies-gabaliukais-135-g\\\/#primaryimage\",\"url\":\"https:\\\/\\\/miumjau.ee\\\/wp-content\\\/uploads\\\/2024\\\/11\\\/ontario-supp-kassidele-135g3.jpg\",\"contentUrl\":\"https:\\\/\\\/miumjau.ee\\\/wp-content\\\/uploads\\\/2024\\\/11\\\/ontario-supp-kassidele-135g3.jpg\",\"width\":600,\"height\":800},{\"@type\":\"BreadcrumbList\",\"@id\":\"https:\\\/\\\/miumjau.ee\\\/lt\\\/produktas\\\/ontario-lasiu-gerimas-katems-su-zuvies-gabaliukais-135-g\\\/#breadcrumb\",\"itemListElement\":[{\"@type\":\"ListItem\",\"position\":1,\"name\":\"Home\",\"item\":\"https:\\\/\\\/miumjau.ee\\\/lt\\\/\"},{\"@type\":\"ListItem\",\"position\":2,\"name\":\"Parduotuv\u0117\",\"item\":\"https:\\\/\\\/miumjau.ee\\\/lt\\\/parduotuve\\\/\"},{\"@type\":\"ListItem\",\"position\":3,\"name\":\"Ontario la\u0161i\u0173 g\u0117rimas kat\u0117ms su \u017euvies gabaliukais 135\u202fg\"}]},{\"@type\":\"WebSite\",\"@id\":\"https:\\\/\\\/miumjau.ee\\\/#website\",\"url\":\"https:\\\/\\\/miumjau.ee\\\/\",\"name\":\"MiuMjau\",\"description\":\"Kraapimispuud kassidele\",\"publisher\":{\"@id\":\"https:\\\/\\\/miumjau.ee\\\/#organization\"},\"potentialAction\":[{\"@type\":\"SearchAction\",\"target\":{\"@type\":\"EntryPoint\",\"urlTemplate\":\"https:\\\/\\\/miumjau.ee\\\/?s={search_term_string}\"},\"query-input\":{\"@type\":\"PropertyValueSpecification\",\"valueRequired\":true,\"valueName\":\"search_term_string\"}}],\"inLanguage\":\"lt-LT\"},{\"@type\":\"Organization\",\"@id\":\"https:\\\/\\\/miumjau.ee\\\/#organization\",\"name\":\"MiuMjau O\u00dc\",\"url\":\"https:\\\/\\\/miumjau.ee\\\/\",\"logo\":{\"@type\":\"ImageObject\",\"inLanguage\":\"lt-LT\",\"@id\":\"https:\\\/\\\/miumjau.ee\\\/#\\\/schema\\\/logo\\\/image\\\/\",\"url\":\"https:\\\/\\\/miumjau.ee\\\/wp-content\\\/uploads\\\/2022\\\/04\\\/MiuMjau-logo-kollane.png\",\"contentUrl\":\"https:\\\/\\\/miumjau.ee\\\/wp-content\\\/uploads\\\/2022\\\/04\\\/MiuMjau-logo-kollane.png\",\"width\":219,\"height\":100,\"caption\":\"MiuMjau O\u00dc\"},\"image\":{\"@id\":\"https:\\\/\\\/miumjau.ee\\\/#\\\/schema\\\/logo\\\/image\\\/\"},\"sameAs\":[\"https:\\\/\\\/www.facebook.com\\\/miumjaupood\\\/\"]}]}<\/script>\n<!-- \/ Yoast SEO plugin. -->","yoast_head_json":{"title":"Ontario la\u0161i\u0173 g\u0117rimas kat\u0117ms su \u017euvies gabaliukais 135\u202fg - MiuMjau","robots":{"index":"index","follow":"follow","max-snippet":"max-snippet:-1","max-image-preview":"max-image-preview:large","max-video-preview":"max-video-preview:-1"},"canonical":"https:\/\/miumjau.ee\/lt\/produktas\/ontario-lasiu-gerimas-katems-su-zuvies-gabaliukais-135-g\/","og_locale":"lt_LT","og_type":"article","og_title":"Ontario la\u0161i\u0173 g\u0117rimas kat\u0117ms su \u017euvies gabaliukais 135\u202fg - MiuMjau","og_description":"ONTARIO la\u0161i\u0173 g\u0117rimas \u2013 sriuba suaugusioms kat\u0117ms su la\u0161i\u0173 gabaliukais. Papildomas maistas, padedantis u\u017ekirsti keli\u0105 inkst\u0173 akmen\u0173 susidarymui. G\u0117rimas kat\u0117ms skardin\u0117je, kuris u\u017etikrina kasdien\u012f skys\u010di\u0173 vartojim\u0105 ir padeda i\u0161vengti inkst\u0173 akmen\u0173 susidarymo.Receptas pagr\u012fstas skaniu sultiniu su ma\u017eais \u0161vie\u017eios m\u0117sos gabaliukais.Galima patiekti su sausu pa\u0161aru arba kaip sveik\u0105 u\u017ekand\u012f tarp pagrindini\u0173 patiekal\u0173.100% sud\u0117ties garantija \u2013 \u017einosite tiksliai, k\u0105 duodate savo katei.Sud\u0117tyje tik nat\u016bral\u016bs da\u017eikliai. Grynasis kiekis: 135\u202fg \u0160\u0117rimo instrukcijos:Skardin\u0117s turin\u012f, skirt\u0105 2 dienoms, padalyti \u012f 3\u20134 porcijas. Atidarius laikyti \u0161aldytuve ir sunaudoti per 2 dienas. Prie\u0161 patiekiant i\u0161imti i\u0161 \u0161aldytuvo ir leisti su\u0161ilti iki kambario temperat\u016bros. Jei \u0161eriate tik sausu pa\u0161aru, g\u0117rimo kiekis gali atitikti dienos skys\u010di\u0173 norm\u0105.","og_url":"https:\/\/miumjau.ee\/lt\/produktas\/ontario-lasiu-gerimas-katems-su-zuvies-gabaliukais-135-g\/","og_site_name":"MiuMjau","article_publisher":"https:\/\/www.facebook.com\/miumjaupood\/","og_image":[{"width":600,"height":800,"url":"https:\/\/miumjau.ee\/wp-content\/uploads\/2024\/11\/ontario-supp-kassidele-135g3.jpg","type":"image\/jpeg"}],"twitter_card":"summary_large_image","schema":{"@context":"https:\/\/schema.org","@graph":[{"@type":"WebPage","@id":"https:\/\/miumjau.ee\/lt\/produktas\/ontario-lasiu-gerimas-katems-su-zuvies-gabaliukais-135-g\/","url":"https:\/\/miumjau.ee\/lt\/produktas\/ontario-lasiu-gerimas-katems-su-zuvies-gabaliukais-135-g\/","name":"Ontario la\u0161i\u0173 g\u0117rimas kat\u0117ms su \u017euvies gabaliukais 135\u202fg - MiuMjau","isPartOf":{"@id":"https:\/\/miumjau.ee\/#website"},"primaryImageOfPage":{"@id":"https:\/\/miumjau.ee\/lt\/produktas\/ontario-lasiu-gerimas-katems-su-zuvies-gabaliukais-135-g\/#primaryimage"},"image":{"@id":"https:\/\/miumjau.ee\/lt\/produktas\/ontario-lasiu-gerimas-katems-su-zuvies-gabaliukais-135-g\/#primaryimage"},"thumbnailUrl":"https:\/\/miumjau.ee\/wp-content\/uploads\/2024\/11\/ontario-supp-kassidele-135g3.jpg","datePublished":"2024-11-13T17:48:47+00:00","breadcrumb":{"@id":"https:\/\/miumjau.ee\/lt\/produktas\/ontario-lasiu-gerimas-katems-su-zuvies-gabaliukais-135-g\/#breadcrumb"},"inLanguage":"lt-LT","potentialAction":[{"@type":"ReadAction","target":["https:\/\/miumjau.ee\/lt\/produktas\/ontario-lasiu-gerimas-katems-su-zuvies-gabaliukais-135-g\/"]}]},{"@type":"ImageObject","inLanguage":"lt-LT","@id":"https:\/\/miumjau.ee\/lt\/produktas\/ontario-lasiu-gerimas-katems-su-zuvies-gabaliukais-135-g\/#primaryimage","url":"https:\/\/miumjau.ee\/wp-content\/uploads\/2024\/11\/ontario-supp-kassidele-135g3.jpg","contentUrl":"https:\/\/miumjau.ee\/wp-content\/uploads\/2024\/11\/ontario-supp-kassidele-135g3.jpg","width":600,"height":800},{"@type":"BreadcrumbList","@id":"https:\/\/miumjau.ee\/lt\/produktas\/ontario-lasiu-gerimas-katems-su-zuvies-gabaliukais-135-g\/#breadcrumb","itemListElement":[{"@type":"ListItem","position":1,"name":"Home","item":"https:\/\/miumjau.ee\/lt\/"},{"@type":"ListItem","position":2,"name":"Parduotuv\u0117","item":"https:\/\/miumjau.ee\/lt\/parduotuve\/"},{"@type":"ListItem","position":3,"name":"Ontario la\u0161i\u0173 g\u0117rimas kat\u0117ms su \u017euvies gabaliukais 135\u202fg"}]},{"@type":"WebSite","@id":"https:\/\/miumjau.ee\/#website","url":"https:\/\/miumjau.ee\/","name":"MiuMjau","description":"Kraapimispuud kassidele","publisher":{"@id":"https:\/\/miumjau.ee\/#organization"},"potentialAction":[{"@type":"SearchAction","target":{"@type":"EntryPoint","urlTemplate":"https:\/\/miumjau.ee\/?s={search_term_string}"},"query-input":{"@type":"PropertyValueSpecification","valueRequired":true,"valueName":"search_term_string"}}],"inLanguage":"lt-LT"},{"@type":"Organization","@id":"https:\/\/miumjau.ee\/#organization","name":"MiuMjau O\u00dc","url":"https:\/\/miumjau.ee\/","logo":{"@type":"ImageObject","inLanguage":"lt-LT","@id":"https:\/\/miumjau.ee\/#\/schema\/logo\/image\/","url":"https:\/\/miumjau.ee\/wp-content\/uploads\/2022\/04\/MiuMjau-logo-kollane.png","contentUrl":"https:\/\/miumjau.ee\/wp-content\/uploads\/2022\/04\/MiuMjau-logo-kollane.png","width":219,"height":100,"caption":"MiuMjau O\u00dc"},"image":{"@id":"https:\/\/miumjau.ee\/#\/schema\/logo\/image\/"},"sameAs":["https:\/\/www.facebook.com\/miumjaupood\/"]}]}},"_links":{"self":[{"href":"https:\/\/miumjau.ee\/lt\/wp-json\/wp\/v2\/product\/55855","targetHints":{"allow":["GET"]}}],"collection":[{"href":"https:\/\/miumjau.ee\/lt\/wp-json\/wp\/v2\/product"}],"about":[{"href":"https:\/\/miumjau.ee\/lt\/wp-json\/wp\/v2\/types\/product"}],"wp:featuredmedia":[{"embeddable":true,"href":"https:\/\/miumjau.ee\/lt\/wp-json\/wp\/v2\/media\/55850"}],"wp:attachment":[{"href":"https:\/\/miumjau.ee\/lt\/wp-json\/wp\/v2\/media?parent=55855"}],"wp:term":[{"taxonomy":"product_brand","embeddable":true,"href":"https:\/\/miumjau.ee\/lt\/wp-json\/wp\/v2\/product_brand?post=55855"},{"taxonomy":"product_cat","embeddable":true,"href":"https:\/\/miumjau.ee\/lt\/wp-json\/wp\/v2\/product_cat?post=55855"},{"taxonomy":"product_tag","embeddable":true,"href":"https:\/\/miumjau.ee\/lt\/wp-json\/wp\/v2\/product_tag?post=55855"}],"curies":[{"name":"wp","href":"https:\/\/api.w.org\/{rel}","templated":true}]}}