{"id":55834,"date":"2024-11-13T18:42:03","date_gmt":"2024-11-13T16:42:03","guid":{"rendered":"https:\/\/miumjau.ee\/toode\/brit-care-fillets-dregnas-pasaras-katems-su-antis-85-g\/"},"modified":"2024-11-13T18:42:03","modified_gmt":"2024-11-13T16:42:03","slug":"brit-care-fillets-dregnas-pasaras-katems-su-antis-85-g","status":"publish","type":"product","link":"https:\/\/miumjau.ee\/lt\/produktas\/brit-care-fillets-dregnas-pasaras-katems-su-antis-85-g\/","title":{"rendered":"Brit Care Fillets dr\u0117gnas pa\u0161aras kat\u0117ms su antis 85 g"},"content":{"rendered":"","protected":false},"excerpt":{"rendered":"<p data-start=\"1413\" data-end=\"1704\">Ka\u010di\u0173 maistas turi b\u016bti \u012fvairus, skanus ir sveikas. Skani\u0105 Brit Care pa\u0161ar\u0105 galima naudoti kaip pilnavert\u012f maist\u0105 arba kaip papildym\u0105 sausam pa\u0161arui, kad padid\u0117t\u0173 \u012fvairov\u0117 ir skonis. Ypa\u010d tinka i\u0161rankiems ka\u010diukams arba gyv\u016bnams su mitybos problemomis. Palaiko sveik\u0105 \u0161lapimo tak\u0173 sistem\u0105.<\/p>\n<ul data-start=\"1706\" data-end=\"1856\">\n<li data-section-id=\"1m6x0li\" data-start=\"1706\" data-end=\"1718\">Be gr\u016bd\u0173<\/li>\n<li data-section-id=\"ge7i6t\" data-start=\"1719\" data-end=\"1732\">85% m\u0117sos<\/li>\n<li data-section-id=\"1wdo7dq\" data-start=\"1733\" data-end=\"1749\">Labai skanus<\/li>\n<li data-section-id=\"149v2n4\" data-start=\"1750\" data-end=\"1812\">Sud\u0117tyje yra nat\u016brali\u0173 antioksidant\u0173: rozmarin\u0173 ekstraktas<\/li>\n<li data-section-id=\"racwv9\" data-start=\"1813\" data-end=\"1856\">Be prid\u0117tinio cukraus, be sojos, be GMO<\/li>\n<\/ul>\n<p data-start=\"1858\" data-end=\"2000\"><strong data-start=\"1858\" data-end=\"1870\">Sud\u0117tis:<\/strong><br data-start=\"1870\" data-end=\"1873\" \/>85% m\u0117sos fil\u0117 (62% vi\u0161tiena, 15% kepenys, 8% antis), sultinys, 1% \u0161altalanki\u0173, 0,5% nasturtija, mineralai, \u017eirni\u0173 krakmolas.<\/p>\n<p data-start=\"2002\" data-end=\"2148\"><strong data-start=\"2002\" data-end=\"2024\">Analitin\u0117 sud\u0117tis:<\/strong><br data-start=\"2024\" data-end=\"2027\" \/>\u017dali baltymai 8,5%, riebalai 4,5%, pluo\u0161tas 0,5%, pelenai 2,0%, dr\u0117gm\u0117 82,0%, kalcis 0,25%, fosforas 0,2%, natrio 0,3%.<\/p>\n<p data-start=\"2150\" data-end=\"2561\"><strong data-start=\"2150\" data-end=\"2173\">Maistiniai priedai:<\/strong><br data-start=\"2173\" data-end=\"2176\" \/>D3 vitaminas (E671) 250 IU, E vitaminas (3a700) 150 mg, biotinas (3a880) 0,5 mg, cinkas (3b606) 12 mg, manganas (3b502) 3 mg, gele\u017eis (3b103) 10 mg, varis 0,4 mg, jodas (3b201) 0,7 mg, taurinas (3a370) 500 mg, L-metioninas (3c305) 2000 mg. Sud\u0117tyje yra nat\u016brali\u0173 antioksidant\u0173: tokoferolio ekstraktas i\u0161 augalinio aliejaus (1b306), askorbilpalmitatas (1b304) ir rozmarin\u0173 ekstraktas.<\/p>\n<p data-start=\"2563\" data-end=\"2604\" data-is-last-node=\"\" data-is-only-node=\"\"><strong data-start=\"2563\" data-end=\"2592\">Metabolizuojama energija:<\/strong> 840 kcal\/kg<\/p>\n","protected":false},"featured_media":55835,"template":"","meta":[],"product_brand":[],"product_cat":[526],"product_tag":[],"class_list":{"0":"post-55834","1":"product","2":"type-product","3":"status-publish","4":"has-post-thumbnail","6":"product_cat-slapias-maistas","8":"first","9":"instock","10":"sale","11":"taxable","12":"shipping-taxable","13":"purchasable","14":"product-type-simple"},"yoast_head":"<!-- This site is optimized with the Yoast SEO plugin v27.4 - https:\/\/yoast.com\/product\/yoast-seo-wordpress\/ -->\n<title>Brit Care Fillets dr\u0117gnas pa\u0161aras kat\u0117ms su antis 85 g - MiuMjau<\/title>\n<meta name=\"robots\" content=\"index, follow, max-snippet:-1, max-image-preview:large, max-video-preview:-1\" \/>\n<link rel=\"canonical\" href=\"https:\/\/miumjau.ee\/lt\/produktas\/brit-care-fillets-dregnas-pasaras-katems-su-antis-85-g\/\" \/>\n<meta property=\"og:locale\" content=\"lt_LT\" \/>\n<meta property=\"og:type\" content=\"article\" \/>\n<meta property=\"og:title\" content=\"Brit Care Fillets dr\u0117gnas pa\u0161aras kat\u0117ms su antis 85 g - MiuMjau\" \/>\n<meta property=\"og:description\" content=\"Ka\u010di\u0173 maistas turi b\u016bti \u012fvairus, skanus ir sveikas. Skani\u0105 Brit Care pa\u0161ar\u0105 galima naudoti kaip pilnavert\u012f maist\u0105 arba kaip papildym\u0105 sausam pa\u0161arui, kad padid\u0117t\u0173 \u012fvairov\u0117 ir skonis. Ypa\u010d tinka i\u0161rankiems ka\u010diukams arba gyv\u016bnams su mitybos problemomis. Palaiko sveik\u0105 \u0161lapimo tak\u0173 sistem\u0105.    Be gr\u016bd\u0173  85% m\u0117sos  Labai skanus  Sud\u0117tyje yra nat\u016brali\u0173 antioksidant\u0173: rozmarin\u0173 ekstraktas  Be prid\u0117tinio cukraus, be sojos, be GMO  Sud\u0117tis:85% m\u0117sos fil\u0117 (62% vi\u0161tiena, 15% kepenys, 8% antis), sultinys, 1% \u0161altalanki\u0173, 0,5% nasturtija, mineralai, \u017eirni\u0173 krakmolas. Analitin\u0117 sud\u0117tis:\u017dali baltymai 8,5%, riebalai 4,5%, pluo\u0161tas 0,5%, pelenai 2,0%, dr\u0117gm\u0117 82,0%, kalcis 0,25%, fosforas 0,2%, natrio 0,3%. Maistiniai priedai:D3 vitaminas (E671) 250 IU, E vitaminas (3a700) 150 mg, biotinas (3a880) 0,5 mg, cinkas (3b606) 12 mg, manganas (3b502) 3 mg, gele\u017eis (3b103) 10 mg, varis 0,4 mg, jodas (3b201) 0,7 mg, taurinas (3a370) 500 mg, L-metioninas (3c305) 2000 mg. Sud\u0117tyje yra nat\u016brali\u0173 antioksidant\u0173: tokoferolio ekstraktas i\u0161 augalinio aliejaus (1b306), askorbilpalmitatas (1b304) ir rozmarin\u0173 ekstraktas. Metabolizuojama energija: 840 kcal\/kg\" \/>\n<meta property=\"og:url\" content=\"https:\/\/miumjau.ee\/lt\/produktas\/brit-care-fillets-dregnas-pasaras-katems-su-antis-85-g\/\" \/>\n<meta property=\"og:site_name\" content=\"MiuMjau\" \/>\n<meta property=\"article:publisher\" content=\"https:\/\/www.facebook.com\/miumjaupood\/\" \/>\n<meta property=\"og:image\" content=\"https:\/\/miumjau.ee\/wp-content\/uploads\/2024\/11\/brit-care-fillets-margtoit-kassile3.jpg\" \/>\n\t<meta property=\"og:image:width\" content=\"600\" \/>\n\t<meta property=\"og:image:height\" content=\"800\" \/>\n\t<meta property=\"og:image:type\" content=\"image\/jpeg\" \/>\n<meta name=\"twitter:card\" content=\"summary_large_image\" \/>\n<script type=\"application\/ld+json\" class=\"yoast-schema-graph\">{\"@context\":\"https:\\\/\\\/schema.org\",\"@graph\":[{\"@type\":\"WebPage\",\"@id\":\"https:\\\/\\\/miumjau.ee\\\/lt\\\/produktas\\\/brit-care-fillets-dregnas-pasaras-katems-su-antis-85-g\\\/\",\"url\":\"https:\\\/\\\/miumjau.ee\\\/lt\\\/produktas\\\/brit-care-fillets-dregnas-pasaras-katems-su-antis-85-g\\\/\",\"name\":\"Brit Care Fillets dr\u0117gnas pa\u0161aras kat\u0117ms su antis 85 g - MiuMjau\",\"isPartOf\":{\"@id\":\"https:\\\/\\\/miumjau.ee\\\/#website\"},\"primaryImageOfPage\":{\"@id\":\"https:\\\/\\\/miumjau.ee\\\/lt\\\/produktas\\\/brit-care-fillets-dregnas-pasaras-katems-su-antis-85-g\\\/#primaryimage\"},\"image\":{\"@id\":\"https:\\\/\\\/miumjau.ee\\\/lt\\\/produktas\\\/brit-care-fillets-dregnas-pasaras-katems-su-antis-85-g\\\/#primaryimage\"},\"thumbnailUrl\":\"https:\\\/\\\/miumjau.ee\\\/wp-content\\\/uploads\\\/2024\\\/11\\\/brit-care-fillets-margtoit-kassile3.jpg\",\"datePublished\":\"2024-11-13T16:42:03+00:00\",\"breadcrumb\":{\"@id\":\"https:\\\/\\\/miumjau.ee\\\/lt\\\/produktas\\\/brit-care-fillets-dregnas-pasaras-katems-su-antis-85-g\\\/#breadcrumb\"},\"inLanguage\":\"lt-LT\",\"potentialAction\":[{\"@type\":\"ReadAction\",\"target\":[\"https:\\\/\\\/miumjau.ee\\\/lt\\\/produktas\\\/brit-care-fillets-dregnas-pasaras-katems-su-antis-85-g\\\/\"]}]},{\"@type\":\"ImageObject\",\"inLanguage\":\"lt-LT\",\"@id\":\"https:\\\/\\\/miumjau.ee\\\/lt\\\/produktas\\\/brit-care-fillets-dregnas-pasaras-katems-su-antis-85-g\\\/#primaryimage\",\"url\":\"https:\\\/\\\/miumjau.ee\\\/wp-content\\\/uploads\\\/2024\\\/11\\\/brit-care-fillets-margtoit-kassile3.jpg\",\"contentUrl\":\"https:\\\/\\\/miumjau.ee\\\/wp-content\\\/uploads\\\/2024\\\/11\\\/brit-care-fillets-margtoit-kassile3.jpg\",\"width\":600,\"height\":800},{\"@type\":\"BreadcrumbList\",\"@id\":\"https:\\\/\\\/miumjau.ee\\\/lt\\\/produktas\\\/brit-care-fillets-dregnas-pasaras-katems-su-antis-85-g\\\/#breadcrumb\",\"itemListElement\":[{\"@type\":\"ListItem\",\"position\":1,\"name\":\"Home\",\"item\":\"https:\\\/\\\/miumjau.ee\\\/lt\\\/\"},{\"@type\":\"ListItem\",\"position\":2,\"name\":\"Parduotuv\u0117\",\"item\":\"https:\\\/\\\/miumjau.ee\\\/lt\\\/parduotuve\\\/\"},{\"@type\":\"ListItem\",\"position\":3,\"name\":\"Brit Care Fillets dr\u0117gnas pa\u0161aras kat\u0117ms su antis 85 g\"}]},{\"@type\":\"WebSite\",\"@id\":\"https:\\\/\\\/miumjau.ee\\\/#website\",\"url\":\"https:\\\/\\\/miumjau.ee\\\/\",\"name\":\"MiuMjau\",\"description\":\"Kraapimispuud kassidele\",\"publisher\":{\"@id\":\"https:\\\/\\\/miumjau.ee\\\/#organization\"},\"potentialAction\":[{\"@type\":\"SearchAction\",\"target\":{\"@type\":\"EntryPoint\",\"urlTemplate\":\"https:\\\/\\\/miumjau.ee\\\/?s={search_term_string}\"},\"query-input\":{\"@type\":\"PropertyValueSpecification\",\"valueRequired\":true,\"valueName\":\"search_term_string\"}}],\"inLanguage\":\"lt-LT\"},{\"@type\":\"Organization\",\"@id\":\"https:\\\/\\\/miumjau.ee\\\/#organization\",\"name\":\"MiuMjau O\u00dc\",\"url\":\"https:\\\/\\\/miumjau.ee\\\/\",\"logo\":{\"@type\":\"ImageObject\",\"inLanguage\":\"lt-LT\",\"@id\":\"https:\\\/\\\/miumjau.ee\\\/#\\\/schema\\\/logo\\\/image\\\/\",\"url\":\"https:\\\/\\\/miumjau.ee\\\/wp-content\\\/uploads\\\/2022\\\/04\\\/MiuMjau-logo-kollane.png\",\"contentUrl\":\"https:\\\/\\\/miumjau.ee\\\/wp-content\\\/uploads\\\/2022\\\/04\\\/MiuMjau-logo-kollane.png\",\"width\":219,\"height\":100,\"caption\":\"MiuMjau O\u00dc\"},\"image\":{\"@id\":\"https:\\\/\\\/miumjau.ee\\\/#\\\/schema\\\/logo\\\/image\\\/\"},\"sameAs\":[\"https:\\\/\\\/www.facebook.com\\\/miumjaupood\\\/\"]}]}<\/script>\n<!-- \/ Yoast SEO plugin. -->","yoast_head_json":{"title":"Brit Care Fillets dr\u0117gnas pa\u0161aras kat\u0117ms su antis 85 g - MiuMjau","robots":{"index":"index","follow":"follow","max-snippet":"max-snippet:-1","max-image-preview":"max-image-preview:large","max-video-preview":"max-video-preview:-1"},"canonical":"https:\/\/miumjau.ee\/lt\/produktas\/brit-care-fillets-dregnas-pasaras-katems-su-antis-85-g\/","og_locale":"lt_LT","og_type":"article","og_title":"Brit Care Fillets dr\u0117gnas pa\u0161aras kat\u0117ms su antis 85 g - MiuMjau","og_description":"Ka\u010di\u0173 maistas turi b\u016bti \u012fvairus, skanus ir sveikas. Skani\u0105 Brit Care pa\u0161ar\u0105 galima naudoti kaip pilnavert\u012f maist\u0105 arba kaip papildym\u0105 sausam pa\u0161arui, kad padid\u0117t\u0173 \u012fvairov\u0117 ir skonis. Ypa\u010d tinka i\u0161rankiems ka\u010diukams arba gyv\u016bnams su mitybos problemomis. Palaiko sveik\u0105 \u0161lapimo tak\u0173 sistem\u0105.    Be gr\u016bd\u0173  85% m\u0117sos  Labai skanus  Sud\u0117tyje yra nat\u016brali\u0173 antioksidant\u0173: rozmarin\u0173 ekstraktas  Be prid\u0117tinio cukraus, be sojos, be GMO  Sud\u0117tis:85% m\u0117sos fil\u0117 (62% vi\u0161tiena, 15% kepenys, 8% antis), sultinys, 1% \u0161altalanki\u0173, 0,5% nasturtija, mineralai, \u017eirni\u0173 krakmolas. Analitin\u0117 sud\u0117tis:\u017dali baltymai 8,5%, riebalai 4,5%, pluo\u0161tas 0,5%, pelenai 2,0%, dr\u0117gm\u0117 82,0%, kalcis 0,25%, fosforas 0,2%, natrio 0,3%. Maistiniai priedai:D3 vitaminas (E671) 250 IU, E vitaminas (3a700) 150 mg, biotinas (3a880) 0,5 mg, cinkas (3b606) 12 mg, manganas (3b502) 3 mg, gele\u017eis (3b103) 10 mg, varis 0,4 mg, jodas (3b201) 0,7 mg, taurinas (3a370) 500 mg, L-metioninas (3c305) 2000 mg. Sud\u0117tyje yra nat\u016brali\u0173 antioksidant\u0173: tokoferolio ekstraktas i\u0161 augalinio aliejaus (1b306), askorbilpalmitatas (1b304) ir rozmarin\u0173 ekstraktas. Metabolizuojama energija: 840 kcal\/kg","og_url":"https:\/\/miumjau.ee\/lt\/produktas\/brit-care-fillets-dregnas-pasaras-katems-su-antis-85-g\/","og_site_name":"MiuMjau","article_publisher":"https:\/\/www.facebook.com\/miumjaupood\/","og_image":[{"width":600,"height":800,"url":"https:\/\/miumjau.ee\/wp-content\/uploads\/2024\/11\/brit-care-fillets-margtoit-kassile3.jpg","type":"image\/jpeg"}],"twitter_card":"summary_large_image","schema":{"@context":"https:\/\/schema.org","@graph":[{"@type":"WebPage","@id":"https:\/\/miumjau.ee\/lt\/produktas\/brit-care-fillets-dregnas-pasaras-katems-su-antis-85-g\/","url":"https:\/\/miumjau.ee\/lt\/produktas\/brit-care-fillets-dregnas-pasaras-katems-su-antis-85-g\/","name":"Brit Care Fillets dr\u0117gnas pa\u0161aras kat\u0117ms su antis 85 g - MiuMjau","isPartOf":{"@id":"https:\/\/miumjau.ee\/#website"},"primaryImageOfPage":{"@id":"https:\/\/miumjau.ee\/lt\/produktas\/brit-care-fillets-dregnas-pasaras-katems-su-antis-85-g\/#primaryimage"},"image":{"@id":"https:\/\/miumjau.ee\/lt\/produktas\/brit-care-fillets-dregnas-pasaras-katems-su-antis-85-g\/#primaryimage"},"thumbnailUrl":"https:\/\/miumjau.ee\/wp-content\/uploads\/2024\/11\/brit-care-fillets-margtoit-kassile3.jpg","datePublished":"2024-11-13T16:42:03+00:00","breadcrumb":{"@id":"https:\/\/miumjau.ee\/lt\/produktas\/brit-care-fillets-dregnas-pasaras-katems-su-antis-85-g\/#breadcrumb"},"inLanguage":"lt-LT","potentialAction":[{"@type":"ReadAction","target":["https:\/\/miumjau.ee\/lt\/produktas\/brit-care-fillets-dregnas-pasaras-katems-su-antis-85-g\/"]}]},{"@type":"ImageObject","inLanguage":"lt-LT","@id":"https:\/\/miumjau.ee\/lt\/produktas\/brit-care-fillets-dregnas-pasaras-katems-su-antis-85-g\/#primaryimage","url":"https:\/\/miumjau.ee\/wp-content\/uploads\/2024\/11\/brit-care-fillets-margtoit-kassile3.jpg","contentUrl":"https:\/\/miumjau.ee\/wp-content\/uploads\/2024\/11\/brit-care-fillets-margtoit-kassile3.jpg","width":600,"height":800},{"@type":"BreadcrumbList","@id":"https:\/\/miumjau.ee\/lt\/produktas\/brit-care-fillets-dregnas-pasaras-katems-su-antis-85-g\/#breadcrumb","itemListElement":[{"@type":"ListItem","position":1,"name":"Home","item":"https:\/\/miumjau.ee\/lt\/"},{"@type":"ListItem","position":2,"name":"Parduotuv\u0117","item":"https:\/\/miumjau.ee\/lt\/parduotuve\/"},{"@type":"ListItem","position":3,"name":"Brit Care Fillets dr\u0117gnas pa\u0161aras kat\u0117ms su antis 85 g"}]},{"@type":"WebSite","@id":"https:\/\/miumjau.ee\/#website","url":"https:\/\/miumjau.ee\/","name":"MiuMjau","description":"Kraapimispuud kassidele","publisher":{"@id":"https:\/\/miumjau.ee\/#organization"},"potentialAction":[{"@type":"SearchAction","target":{"@type":"EntryPoint","urlTemplate":"https:\/\/miumjau.ee\/?s={search_term_string}"},"query-input":{"@type":"PropertyValueSpecification","valueRequired":true,"valueName":"search_term_string"}}],"inLanguage":"lt-LT"},{"@type":"Organization","@id":"https:\/\/miumjau.ee\/#organization","name":"MiuMjau O\u00dc","url":"https:\/\/miumjau.ee\/","logo":{"@type":"ImageObject","inLanguage":"lt-LT","@id":"https:\/\/miumjau.ee\/#\/schema\/logo\/image\/","url":"https:\/\/miumjau.ee\/wp-content\/uploads\/2022\/04\/MiuMjau-logo-kollane.png","contentUrl":"https:\/\/miumjau.ee\/wp-content\/uploads\/2022\/04\/MiuMjau-logo-kollane.png","width":219,"height":100,"caption":"MiuMjau O\u00dc"},"image":{"@id":"https:\/\/miumjau.ee\/#\/schema\/logo\/image\/"},"sameAs":["https:\/\/www.facebook.com\/miumjaupood\/"]}]}},"_links":{"self":[{"href":"https:\/\/miumjau.ee\/lt\/wp-json\/wp\/v2\/product\/55834","targetHints":{"allow":["GET"]}}],"collection":[{"href":"https:\/\/miumjau.ee\/lt\/wp-json\/wp\/v2\/product"}],"about":[{"href":"https:\/\/miumjau.ee\/lt\/wp-json\/wp\/v2\/types\/product"}],"wp:featuredmedia":[{"embeddable":true,"href":"https:\/\/miumjau.ee\/lt\/wp-json\/wp\/v2\/media\/55835"}],"wp:attachment":[{"href":"https:\/\/miumjau.ee\/lt\/wp-json\/wp\/v2\/media?parent=55834"}],"wp:term":[{"taxonomy":"product_brand","embeddable":true,"href":"https:\/\/miumjau.ee\/lt\/wp-json\/wp\/v2\/product_brand?post=55834"},{"taxonomy":"product_cat","embeddable":true,"href":"https:\/\/miumjau.ee\/lt\/wp-json\/wp\/v2\/product_cat?post=55834"},{"taxonomy":"product_tag","embeddable":true,"href":"https:\/\/miumjau.ee\/lt\/wp-json\/wp\/v2\/product_tag?post=55834"}],"curies":[{"name":"wp","href":"https:\/\/api.w.org\/{rel}","templated":true}]}}