{"id":55820,"date":"2024-11-13T15:40:34","date_gmt":"2024-11-13T13:40:34","guid":{"rendered":"https:\/\/miumjau.ee\/toode\/brit-premium-dregnas-maistas-kaciukams-su-balta-zuvimi-100-g\/"},"modified":"2024-11-13T15:40:34","modified_gmt":"2024-11-13T13:40:34","slug":"brit-premium-dregnas-maistas-kaciukams-su-balta-zuvimi-100-g","status":"publish","type":"product","link":"https:\/\/miumjau.ee\/lt\/produktas\/brit-premium-dregnas-maistas-kaciukams-su-balta-zuvimi-100-g\/","title":{"rendered":"Brit Premium dr\u0117gnas maistas ka\u010diukams su balta \u017euvimi 100 g"},"content":{"rendered":"","protected":false},"excerpt":{"rendered":"<div class=\"flex flex-col text-sm pb-25\">\n<section class=\"text-token-text-primary w-full focus:outline-none [--shadow-height:45px] has-data-writing-block:pointer-events-none has-data-writing-block:-mt-(--shadow-height) has-data-writing-block:pt-(--shadow-height) [&amp;:has([data-writing-block])&gt;*]:pointer-events-auto scroll-mt-[calc(var(--header-height)+min(200px,max(70px,20svh)))]\" dir=\"auto\" data-turn-id=\"request-WEB:d49cf905-c495-49ac-9680-13019b363413-38\" data-testid=\"conversation-turn-78\" data-scroll-anchor=\"true\" data-turn=\"assistant\">\n<div class=\"text-base my-auto mx-auto pb-10 [--thread-content-margin:var(--thread-content-margin-xs,calc(var(--spacing)*4))] @w-sm\/main:[--thread-content-margin:var(--thread-content-margin-sm,calc(var(--spacing)*6))] @w-lg\/main:[--thread-content-margin:var(--thread-content-margin-lg,calc(var(--spacing)*16))] px-(--thread-content-margin)\">\n<div class=\"[--thread-content-max-width:40rem] @w-lg\/main:[--thread-content-max-width:48rem] mx-auto max-w-(--thread-content-max-width) flex-1 group\/turn-messages focus-visible:outline-hidden relative flex w-full min-w-0 flex-col agent-turn\">\n<div class=\"flex max-w-full flex-col gap-4 grow\">\n<div class=\"min-h-8 text-message relative flex w-full flex-col items-end gap-2 text-start break-words whitespace-normal outline-none keyboard-focused:focus-ring [.text-message+&amp;]:mt-1\" dir=\"auto\" tabindex=\"0\" data-message-author-role=\"assistant\" data-message-id=\"04366aff-24ca-4a06-96b0-9d2057328665\" data-message-model-slug=\"gpt-5-mini\" data-turn-start-message=\"true\">\n<div class=\"flex w-full flex-col gap-1 empty:hidden\">\n<div class=\"markdown prose dark:prose-invert w-full wrap-break-word light markdown-new-styling\">\n<p data-start=\"844\" data-end=\"947\">Auk\u0161tos m\u0117sos koncentracijos, aromatingi ir labai skan\u016bs dr\u0117gni maistai j\u016bs\u0173 ka\u010diukui \u2013 Brit Premium.<\/p>\n<p data-start=\"949\" data-end=\"1125\"><strong data-start=\"949\" data-end=\"961\">Sud\u0117tis:<\/strong><br data-start=\"961\" data-end=\"964\" \/>M\u0117sa ir gyv\u016bnin\u0117s kilm\u0117s produktai (75%), \u017euvis ir \u017euvies produktai (9,3% balta \u017euvis), augaliniai \u0161alutiniai produktai, mineralai. Be da\u017eikli\u0173 ir konservant\u0173.<\/p>\n<p data-start=\"1127\" data-end=\"1237\"><strong data-start=\"1127\" data-end=\"1149\">Analitin\u0117 sud\u0117tis:<\/strong><br data-start=\"1149\" data-end=\"1152\" \/>\u017dali baltymai 9,5%, riebalai 5%, \u017eali pelenai 2,5%, \u017eali pluo\u0161tai 0,4%, dr\u0117gm\u0117 81%.<\/p>\n<p data-start=\"1239\" data-end=\"1440\" data-is-last-node=\"\" data-is-only-node=\"\"><strong data-start=\"1239\" data-end=\"1259\">Papildai (1 kg):<\/strong><br data-start=\"1259\" data-end=\"1262\" \/>D3 vitaminas (3a671) 160 IU, E vitaminas (3a700) 100 mg, cinkas (3b605) 10 mg, manganas (3b502) 2 mg, varis (3b405) 1,2 mg, jodas 20 mg, taurinas (3a370) 520 mg, biotinas 0,1 mg.<\/p>\n<\/div>\n<\/div>\n<\/div>\n<\/div>\n<\/div>\n<\/div>\n<\/section>\n<\/div>\n","protected":false},"featured_media":55821,"template":"","meta":[],"product_brand":[],"product_cat":[526],"product_tag":[],"class_list":{"0":"post-55820","1":"product","2":"type-product","3":"status-publish","4":"has-post-thumbnail","6":"product_cat-slapias-maistas","8":"first","9":"outofstock","10":"sale","11":"taxable","12":"shipping-taxable","13":"purchasable","14":"product-type-simple"},"yoast_head":"<!-- This site is optimized with the Yoast SEO plugin v27.4 - https:\/\/yoast.com\/product\/yoast-seo-wordpress\/ -->\n<title>Brit Premium dr\u0117gnas maistas ka\u010diukams su balta \u017euvimi 100 g - MiuMjau<\/title>\n<meta name=\"robots\" content=\"index, follow, max-snippet:-1, max-image-preview:large, max-video-preview:-1\" \/>\n<link rel=\"canonical\" href=\"https:\/\/miumjau.ee\/lt\/produktas\/brit-premium-dregnas-maistas-kaciukams-su-balta-zuvimi-100-g\/\" \/>\n<meta property=\"og:locale\" content=\"lt_LT\" \/>\n<meta property=\"og:type\" content=\"article\" \/>\n<meta property=\"og:title\" content=\"Brit Premium dr\u0117gnas maistas ka\u010diukams su balta \u017euvimi 100 g - MiuMjau\" \/>\n<meta property=\"og:description\" content=\"Auk\u0161tos m\u0117sos koncentracijos, aromatingi ir labai skan\u016bs dr\u0117gni maistai j\u016bs\u0173 ka\u010diukui \u2013 Brit Premium. Sud\u0117tis:M\u0117sa ir gyv\u016bnin\u0117s kilm\u0117s produktai (75%), \u017euvis ir \u017euvies produktai (9,3% balta \u017euvis), augaliniai \u0161alutiniai produktai, mineralai. Be da\u017eikli\u0173 ir konservant\u0173. Analitin\u0117 sud\u0117tis:\u017dali baltymai 9,5%, riebalai 5%, \u017eali pelenai 2,5%, \u017eali pluo\u0161tai 0,4%, dr\u0117gm\u0117 81%. Papildai (1 kg):D3 vitaminas (3a671) 160 IU, E vitaminas (3a700) 100 mg, cinkas (3b605) 10 mg, manganas (3b502) 2 mg, varis (3b405) 1,2 mg, jodas 20 mg, taurinas (3a370) 520 mg, biotinas 0,1 mg.\" \/>\n<meta property=\"og:url\" content=\"https:\/\/miumjau.ee\/lt\/produktas\/brit-premium-dregnas-maistas-kaciukams-su-balta-zuvimi-100-g\/\" \/>\n<meta property=\"og:site_name\" content=\"MiuMjau\" \/>\n<meta property=\"article:publisher\" content=\"https:\/\/www.facebook.com\/miumjaupood\/\" \/>\n<meta property=\"og:image\" content=\"https:\/\/miumjau.ee\/wp-content\/uploads\/2024\/11\/Brit-Premium-Konservai-Kaciukams-White-Fish-Kitten-100-G-Photoroom.jpg\" \/>\n\t<meta property=\"og:image:width\" content=\"600\" \/>\n\t<meta property=\"og:image:height\" content=\"800\" \/>\n\t<meta property=\"og:image:type\" content=\"image\/jpeg\" \/>\n<meta name=\"twitter:card\" content=\"summary_large_image\" \/>\n<script type=\"application\/ld+json\" class=\"yoast-schema-graph\">{\"@context\":\"https:\\\/\\\/schema.org\",\"@graph\":[{\"@type\":\"WebPage\",\"@id\":\"https:\\\/\\\/miumjau.ee\\\/lt\\\/produktas\\\/brit-premium-dregnas-maistas-kaciukams-su-balta-zuvimi-100-g\\\/\",\"url\":\"https:\\\/\\\/miumjau.ee\\\/lt\\\/produktas\\\/brit-premium-dregnas-maistas-kaciukams-su-balta-zuvimi-100-g\\\/\",\"name\":\"Brit Premium dr\u0117gnas maistas ka\u010diukams su balta \u017euvimi 100 g - MiuMjau\",\"isPartOf\":{\"@id\":\"https:\\\/\\\/miumjau.ee\\\/#website\"},\"primaryImageOfPage\":{\"@id\":\"https:\\\/\\\/miumjau.ee\\\/lt\\\/produktas\\\/brit-premium-dregnas-maistas-kaciukams-su-balta-zuvimi-100-g\\\/#primaryimage\"},\"image\":{\"@id\":\"https:\\\/\\\/miumjau.ee\\\/lt\\\/produktas\\\/brit-premium-dregnas-maistas-kaciukams-su-balta-zuvimi-100-g\\\/#primaryimage\"},\"thumbnailUrl\":\"https:\\\/\\\/miumjau.ee\\\/wp-content\\\/uploads\\\/2024\\\/11\\\/Brit-Premium-Konservai-Kaciukams-White-Fish-Kitten-100-G-Photoroom.jpg\",\"datePublished\":\"2024-11-13T13:40:34+00:00\",\"breadcrumb\":{\"@id\":\"https:\\\/\\\/miumjau.ee\\\/lt\\\/produktas\\\/brit-premium-dregnas-maistas-kaciukams-su-balta-zuvimi-100-g\\\/#breadcrumb\"},\"inLanguage\":\"lt-LT\",\"potentialAction\":[{\"@type\":\"ReadAction\",\"target\":[\"https:\\\/\\\/miumjau.ee\\\/lt\\\/produktas\\\/brit-premium-dregnas-maistas-kaciukams-su-balta-zuvimi-100-g\\\/\"]}]},{\"@type\":\"ImageObject\",\"inLanguage\":\"lt-LT\",\"@id\":\"https:\\\/\\\/miumjau.ee\\\/lt\\\/produktas\\\/brit-premium-dregnas-maistas-kaciukams-su-balta-zuvimi-100-g\\\/#primaryimage\",\"url\":\"https:\\\/\\\/miumjau.ee\\\/wp-content\\\/uploads\\\/2024\\\/11\\\/Brit-Premium-Konservai-Kaciukams-White-Fish-Kitten-100-G-Photoroom.jpg\",\"contentUrl\":\"https:\\\/\\\/miumjau.ee\\\/wp-content\\\/uploads\\\/2024\\\/11\\\/Brit-Premium-Konservai-Kaciukams-White-Fish-Kitten-100-G-Photoroom.jpg\",\"width\":600,\"height\":800},{\"@type\":\"BreadcrumbList\",\"@id\":\"https:\\\/\\\/miumjau.ee\\\/lt\\\/produktas\\\/brit-premium-dregnas-maistas-kaciukams-su-balta-zuvimi-100-g\\\/#breadcrumb\",\"itemListElement\":[{\"@type\":\"ListItem\",\"position\":1,\"name\":\"Home\",\"item\":\"https:\\\/\\\/miumjau.ee\\\/lt\\\/\"},{\"@type\":\"ListItem\",\"position\":2,\"name\":\"Parduotuv\u0117\",\"item\":\"https:\\\/\\\/miumjau.ee\\\/lt\\\/parduotuve\\\/\"},{\"@type\":\"ListItem\",\"position\":3,\"name\":\"Brit Premium dr\u0117gnas maistas ka\u010diukams su balta \u017euvimi 100 g\"}]},{\"@type\":\"WebSite\",\"@id\":\"https:\\\/\\\/miumjau.ee\\\/#website\",\"url\":\"https:\\\/\\\/miumjau.ee\\\/\",\"name\":\"MiuMjau\",\"description\":\"Kraapimispuud kassidele\",\"publisher\":{\"@id\":\"https:\\\/\\\/miumjau.ee\\\/#organization\"},\"potentialAction\":[{\"@type\":\"SearchAction\",\"target\":{\"@type\":\"EntryPoint\",\"urlTemplate\":\"https:\\\/\\\/miumjau.ee\\\/?s={search_term_string}\"},\"query-input\":{\"@type\":\"PropertyValueSpecification\",\"valueRequired\":true,\"valueName\":\"search_term_string\"}}],\"inLanguage\":\"lt-LT\"},{\"@type\":\"Organization\",\"@id\":\"https:\\\/\\\/miumjau.ee\\\/#organization\",\"name\":\"MiuMjau O\u00dc\",\"url\":\"https:\\\/\\\/miumjau.ee\\\/\",\"logo\":{\"@type\":\"ImageObject\",\"inLanguage\":\"lt-LT\",\"@id\":\"https:\\\/\\\/miumjau.ee\\\/#\\\/schema\\\/logo\\\/image\\\/\",\"url\":\"https:\\\/\\\/miumjau.ee\\\/wp-content\\\/uploads\\\/2022\\\/04\\\/MiuMjau-logo-kollane.png\",\"contentUrl\":\"https:\\\/\\\/miumjau.ee\\\/wp-content\\\/uploads\\\/2022\\\/04\\\/MiuMjau-logo-kollane.png\",\"width\":219,\"height\":100,\"caption\":\"MiuMjau O\u00dc\"},\"image\":{\"@id\":\"https:\\\/\\\/miumjau.ee\\\/#\\\/schema\\\/logo\\\/image\\\/\"},\"sameAs\":[\"https:\\\/\\\/www.facebook.com\\\/miumjaupood\\\/\"]}]}<\/script>\n<!-- \/ Yoast SEO plugin. -->","yoast_head_json":{"title":"Brit Premium dr\u0117gnas maistas ka\u010diukams su balta \u017euvimi 100 g - MiuMjau","robots":{"index":"index","follow":"follow","max-snippet":"max-snippet:-1","max-image-preview":"max-image-preview:large","max-video-preview":"max-video-preview:-1"},"canonical":"https:\/\/miumjau.ee\/lt\/produktas\/brit-premium-dregnas-maistas-kaciukams-su-balta-zuvimi-100-g\/","og_locale":"lt_LT","og_type":"article","og_title":"Brit Premium dr\u0117gnas maistas ka\u010diukams su balta \u017euvimi 100 g - MiuMjau","og_description":"Auk\u0161tos m\u0117sos koncentracijos, aromatingi ir labai skan\u016bs dr\u0117gni maistai j\u016bs\u0173 ka\u010diukui \u2013 Brit Premium. Sud\u0117tis:M\u0117sa ir gyv\u016bnin\u0117s kilm\u0117s produktai (75%), \u017euvis ir \u017euvies produktai (9,3% balta \u017euvis), augaliniai \u0161alutiniai produktai, mineralai. Be da\u017eikli\u0173 ir konservant\u0173. Analitin\u0117 sud\u0117tis:\u017dali baltymai 9,5%, riebalai 5%, \u017eali pelenai 2,5%, \u017eali pluo\u0161tai 0,4%, dr\u0117gm\u0117 81%. Papildai (1 kg):D3 vitaminas (3a671) 160 IU, E vitaminas (3a700) 100 mg, cinkas (3b605) 10 mg, manganas (3b502) 2 mg, varis (3b405) 1,2 mg, jodas 20 mg, taurinas (3a370) 520 mg, biotinas 0,1 mg.","og_url":"https:\/\/miumjau.ee\/lt\/produktas\/brit-premium-dregnas-maistas-kaciukams-su-balta-zuvimi-100-g\/","og_site_name":"MiuMjau","article_publisher":"https:\/\/www.facebook.com\/miumjaupood\/","og_image":[{"width":600,"height":800,"url":"https:\/\/miumjau.ee\/wp-content\/uploads\/2024\/11\/Brit-Premium-Konservai-Kaciukams-White-Fish-Kitten-100-G-Photoroom.jpg","type":"image\/jpeg"}],"twitter_card":"summary_large_image","schema":{"@context":"https:\/\/schema.org","@graph":[{"@type":"WebPage","@id":"https:\/\/miumjau.ee\/lt\/produktas\/brit-premium-dregnas-maistas-kaciukams-su-balta-zuvimi-100-g\/","url":"https:\/\/miumjau.ee\/lt\/produktas\/brit-premium-dregnas-maistas-kaciukams-su-balta-zuvimi-100-g\/","name":"Brit Premium dr\u0117gnas maistas ka\u010diukams su balta \u017euvimi 100 g - MiuMjau","isPartOf":{"@id":"https:\/\/miumjau.ee\/#website"},"primaryImageOfPage":{"@id":"https:\/\/miumjau.ee\/lt\/produktas\/brit-premium-dregnas-maistas-kaciukams-su-balta-zuvimi-100-g\/#primaryimage"},"image":{"@id":"https:\/\/miumjau.ee\/lt\/produktas\/brit-premium-dregnas-maistas-kaciukams-su-balta-zuvimi-100-g\/#primaryimage"},"thumbnailUrl":"https:\/\/miumjau.ee\/wp-content\/uploads\/2024\/11\/Brit-Premium-Konservai-Kaciukams-White-Fish-Kitten-100-G-Photoroom.jpg","datePublished":"2024-11-13T13:40:34+00:00","breadcrumb":{"@id":"https:\/\/miumjau.ee\/lt\/produktas\/brit-premium-dregnas-maistas-kaciukams-su-balta-zuvimi-100-g\/#breadcrumb"},"inLanguage":"lt-LT","potentialAction":[{"@type":"ReadAction","target":["https:\/\/miumjau.ee\/lt\/produktas\/brit-premium-dregnas-maistas-kaciukams-su-balta-zuvimi-100-g\/"]}]},{"@type":"ImageObject","inLanguage":"lt-LT","@id":"https:\/\/miumjau.ee\/lt\/produktas\/brit-premium-dregnas-maistas-kaciukams-su-balta-zuvimi-100-g\/#primaryimage","url":"https:\/\/miumjau.ee\/wp-content\/uploads\/2024\/11\/Brit-Premium-Konservai-Kaciukams-White-Fish-Kitten-100-G-Photoroom.jpg","contentUrl":"https:\/\/miumjau.ee\/wp-content\/uploads\/2024\/11\/Brit-Premium-Konservai-Kaciukams-White-Fish-Kitten-100-G-Photoroom.jpg","width":600,"height":800},{"@type":"BreadcrumbList","@id":"https:\/\/miumjau.ee\/lt\/produktas\/brit-premium-dregnas-maistas-kaciukams-su-balta-zuvimi-100-g\/#breadcrumb","itemListElement":[{"@type":"ListItem","position":1,"name":"Home","item":"https:\/\/miumjau.ee\/lt\/"},{"@type":"ListItem","position":2,"name":"Parduotuv\u0117","item":"https:\/\/miumjau.ee\/lt\/parduotuve\/"},{"@type":"ListItem","position":3,"name":"Brit Premium dr\u0117gnas maistas ka\u010diukams su balta \u017euvimi 100 g"}]},{"@type":"WebSite","@id":"https:\/\/miumjau.ee\/#website","url":"https:\/\/miumjau.ee\/","name":"MiuMjau","description":"Kraapimispuud kassidele","publisher":{"@id":"https:\/\/miumjau.ee\/#organization"},"potentialAction":[{"@type":"SearchAction","target":{"@type":"EntryPoint","urlTemplate":"https:\/\/miumjau.ee\/?s={search_term_string}"},"query-input":{"@type":"PropertyValueSpecification","valueRequired":true,"valueName":"search_term_string"}}],"inLanguage":"lt-LT"},{"@type":"Organization","@id":"https:\/\/miumjau.ee\/#organization","name":"MiuMjau O\u00dc","url":"https:\/\/miumjau.ee\/","logo":{"@type":"ImageObject","inLanguage":"lt-LT","@id":"https:\/\/miumjau.ee\/#\/schema\/logo\/image\/","url":"https:\/\/miumjau.ee\/wp-content\/uploads\/2022\/04\/MiuMjau-logo-kollane.png","contentUrl":"https:\/\/miumjau.ee\/wp-content\/uploads\/2022\/04\/MiuMjau-logo-kollane.png","width":219,"height":100,"caption":"MiuMjau O\u00dc"},"image":{"@id":"https:\/\/miumjau.ee\/#\/schema\/logo\/image\/"},"sameAs":["https:\/\/www.facebook.com\/miumjaupood\/"]}]}},"_links":{"self":[{"href":"https:\/\/miumjau.ee\/lt\/wp-json\/wp\/v2\/product\/55820","targetHints":{"allow":["GET"]}}],"collection":[{"href":"https:\/\/miumjau.ee\/lt\/wp-json\/wp\/v2\/product"}],"about":[{"href":"https:\/\/miumjau.ee\/lt\/wp-json\/wp\/v2\/types\/product"}],"wp:featuredmedia":[{"embeddable":true,"href":"https:\/\/miumjau.ee\/lt\/wp-json\/wp\/v2\/media\/55821"}],"wp:attachment":[{"href":"https:\/\/miumjau.ee\/lt\/wp-json\/wp\/v2\/media?parent=55820"}],"wp:term":[{"taxonomy":"product_brand","embeddable":true,"href":"https:\/\/miumjau.ee\/lt\/wp-json\/wp\/v2\/product_brand?post=55820"},{"taxonomy":"product_cat","embeddable":true,"href":"https:\/\/miumjau.ee\/lt\/wp-json\/wp\/v2\/product_cat?post=55820"},{"taxonomy":"product_tag","embeddable":true,"href":"https:\/\/miumjau.ee\/lt\/wp-json\/wp\/v2\/product_tag?post=55820"}],"curies":[{"name":"wp","href":"https:\/\/api.w.org\/{rel}","templated":true}]}}