{"id":55816,"date":"2024-11-13T15:40:32","date_gmt":"2024-11-13T13:40:32","guid":{"rendered":"https:\/\/miumjau.ee\/toode\/brit-premium-dregnas-maistas-katei-su-menke-100-g\/"},"modified":"2024-11-13T15:40:32","modified_gmt":"2024-11-13T13:40:32","slug":"brit-premium-dregnas-maistas-katei-su-menke-100-g","status":"publish","type":"product","link":"https:\/\/miumjau.ee\/lt\/produktas\/brit-premium-dregnas-maistas-katei-su-menke-100-g\/","title":{"rendered":"Brit Premium dr\u0117gnas maistas katei su menke 100 g"},"content":{"rendered":"","protected":false},"excerpt":{"rendered":"<p data-start=\"794\" data-end=\"895\">Brit Premium konservai kat\u0117ms \u2013 auk\u0161\u010diausios kokyb\u0117s, itin sultingi, skan\u016bs ir turintys daug m\u0117sos.<\/p>\n<p data-start=\"897\" data-end=\"1091\"><strong data-start=\"897\" data-end=\"909\">Sud\u0117tis:<\/strong><br data-start=\"909\" data-end=\"912\" \/>60% m\u0117sa ir gyv\u016bnin\u0117s kilm\u0117s produktai, 16% \u017euvis ir jos \u0161alutiniai produktai (menk\u0117 8%), augaliniai \u0161alutiniai produktai (inulinas 0,4%), mineralai. Be da\u017eikli\u0173 ir konservant\u0173.<\/p>\n<p data-start=\"1093\" data-end=\"1207\"><strong data-start=\"1093\" data-end=\"1115\">Analitin\u0117 sud\u0117tis:<\/strong><br data-start=\"1115\" data-end=\"1118\" \/>\u017dali baltymai 8,5%, riebalai 4,5%, \u017eali pelenai 2,5%, \u017eali pluo\u0161tai 0,4%, dr\u0117gm\u0117 82,0%.<\/p>\n<p data-start=\"1209\" data-end=\"1363\" data-is-last-node=\"\" data-is-only-node=\"\"><strong data-start=\"1209\" data-end=\"1229\">Papildai (1 kg):<\/strong><br data-start=\"1229\" data-end=\"1232\" \/>D3 vitaminas 250 IU, E vitaminas 100 mg, cinkas 10 mg, manganas 2 mg, jodas 0,7 mg, varis 0,2 mg, taurinas 450 mg, biotinas 0,1 mg.<\/p>\n","protected":false},"featured_media":55817,"template":"","meta":[],"product_brand":[],"product_cat":[526],"product_tag":[],"class_list":{"0":"post-55816","1":"product","2":"type-product","3":"status-publish","4":"has-post-thumbnail","6":"product_cat-slapias-maistas","8":"first","9":"instock","10":"sale","11":"taxable","12":"shipping-taxable","13":"purchasable","14":"product-type-simple"},"yoast_head":"<!-- This site is optimized with the Yoast SEO plugin v27.4 - https:\/\/yoast.com\/product\/yoast-seo-wordpress\/ -->\n<title>Brit Premium dr\u0117gnas maistas katei su menke 100 g - MiuMjau<\/title>\n<meta name=\"robots\" content=\"index, follow, max-snippet:-1, max-image-preview:large, max-video-preview:-1\" \/>\n<link rel=\"canonical\" href=\"https:\/\/miumjau.ee\/lt\/produktas\/brit-premium-dregnas-maistas-katei-su-menke-100-g\/\" \/>\n<meta property=\"og:locale\" content=\"lt_LT\" \/>\n<meta property=\"og:type\" content=\"article\" \/>\n<meta property=\"og:title\" content=\"Brit Premium dr\u0117gnas maistas katei su menke 100 g - MiuMjau\" \/>\n<meta property=\"og:description\" content=\"Brit Premium konservai kat\u0117ms \u2013 auk\u0161\u010diausios kokyb\u0117s, itin sultingi, skan\u016bs ir turintys daug m\u0117sos. Sud\u0117tis:60% m\u0117sa ir gyv\u016bnin\u0117s kilm\u0117s produktai, 16% \u017euvis ir jos \u0161alutiniai produktai (menk\u0117 8%), augaliniai \u0161alutiniai produktai (inulinas 0,4%), mineralai. Be da\u017eikli\u0173 ir konservant\u0173. Analitin\u0117 sud\u0117tis:\u017dali baltymai 8,5%, riebalai 4,5%, \u017eali pelenai 2,5%, \u017eali pluo\u0161tai 0,4%, dr\u0117gm\u0117 82,0%. Papildai (1 kg):D3 vitaminas 250 IU, E vitaminas 100 mg, cinkas 10 mg, manganas 2 mg, jodas 0,7 mg, varis 0,2 mg, taurinas 450 mg, biotinas 0,1 mg.\" \/>\n<meta property=\"og:url\" content=\"https:\/\/miumjau.ee\/lt\/produktas\/brit-premium-dregnas-maistas-katei-su-menke-100-g\/\" \/>\n<meta property=\"og:site_name\" content=\"MiuMjau\" \/>\n<meta property=\"article:publisher\" content=\"https:\/\/www.facebook.com\/miumjaupood\/\" \/>\n<meta property=\"og:image\" content=\"https:\/\/miumjau.ee\/wp-content\/uploads\/2024\/11\/Brit-Premium-Cod-Fish-Konservai-Katems-Su-Menke-100g-Photoroom.jpg\" \/>\n\t<meta property=\"og:image:width\" content=\"600\" \/>\n\t<meta property=\"og:image:height\" content=\"800\" \/>\n\t<meta property=\"og:image:type\" content=\"image\/jpeg\" \/>\n<meta name=\"twitter:card\" content=\"summary_large_image\" \/>\n<script type=\"application\/ld+json\" class=\"yoast-schema-graph\">{\"@context\":\"https:\\\/\\\/schema.org\",\"@graph\":[{\"@type\":\"WebPage\",\"@id\":\"https:\\\/\\\/miumjau.ee\\\/lt\\\/produktas\\\/brit-premium-dregnas-maistas-katei-su-menke-100-g\\\/\",\"url\":\"https:\\\/\\\/miumjau.ee\\\/lt\\\/produktas\\\/brit-premium-dregnas-maistas-katei-su-menke-100-g\\\/\",\"name\":\"Brit Premium dr\u0117gnas maistas katei su menke 100 g - MiuMjau\",\"isPartOf\":{\"@id\":\"https:\\\/\\\/miumjau.ee\\\/#website\"},\"primaryImageOfPage\":{\"@id\":\"https:\\\/\\\/miumjau.ee\\\/lt\\\/produktas\\\/brit-premium-dregnas-maistas-katei-su-menke-100-g\\\/#primaryimage\"},\"image\":{\"@id\":\"https:\\\/\\\/miumjau.ee\\\/lt\\\/produktas\\\/brit-premium-dregnas-maistas-katei-su-menke-100-g\\\/#primaryimage\"},\"thumbnailUrl\":\"https:\\\/\\\/miumjau.ee\\\/wp-content\\\/uploads\\\/2024\\\/11\\\/Brit-Premium-Cod-Fish-Konservai-Katems-Su-Menke-100g-Photoroom.jpg\",\"datePublished\":\"2024-11-13T13:40:32+00:00\",\"breadcrumb\":{\"@id\":\"https:\\\/\\\/miumjau.ee\\\/lt\\\/produktas\\\/brit-premium-dregnas-maistas-katei-su-menke-100-g\\\/#breadcrumb\"},\"inLanguage\":\"lt-LT\",\"potentialAction\":[{\"@type\":\"ReadAction\",\"target\":[\"https:\\\/\\\/miumjau.ee\\\/lt\\\/produktas\\\/brit-premium-dregnas-maistas-katei-su-menke-100-g\\\/\"]}]},{\"@type\":\"ImageObject\",\"inLanguage\":\"lt-LT\",\"@id\":\"https:\\\/\\\/miumjau.ee\\\/lt\\\/produktas\\\/brit-premium-dregnas-maistas-katei-su-menke-100-g\\\/#primaryimage\",\"url\":\"https:\\\/\\\/miumjau.ee\\\/wp-content\\\/uploads\\\/2024\\\/11\\\/Brit-Premium-Cod-Fish-Konservai-Katems-Su-Menke-100g-Photoroom.jpg\",\"contentUrl\":\"https:\\\/\\\/miumjau.ee\\\/wp-content\\\/uploads\\\/2024\\\/11\\\/Brit-Premium-Cod-Fish-Konservai-Katems-Su-Menke-100g-Photoroom.jpg\",\"width\":600,\"height\":800},{\"@type\":\"BreadcrumbList\",\"@id\":\"https:\\\/\\\/miumjau.ee\\\/lt\\\/produktas\\\/brit-premium-dregnas-maistas-katei-su-menke-100-g\\\/#breadcrumb\",\"itemListElement\":[{\"@type\":\"ListItem\",\"position\":1,\"name\":\"Home\",\"item\":\"https:\\\/\\\/miumjau.ee\\\/lt\\\/\"},{\"@type\":\"ListItem\",\"position\":2,\"name\":\"Parduotuv\u0117\",\"item\":\"https:\\\/\\\/miumjau.ee\\\/lt\\\/parduotuve\\\/\"},{\"@type\":\"ListItem\",\"position\":3,\"name\":\"Brit Premium dr\u0117gnas maistas katei su menke 100 g\"}]},{\"@type\":\"WebSite\",\"@id\":\"https:\\\/\\\/miumjau.ee\\\/#website\",\"url\":\"https:\\\/\\\/miumjau.ee\\\/\",\"name\":\"MiuMjau\",\"description\":\"Kraapimispuud kassidele\",\"publisher\":{\"@id\":\"https:\\\/\\\/miumjau.ee\\\/#organization\"},\"potentialAction\":[{\"@type\":\"SearchAction\",\"target\":{\"@type\":\"EntryPoint\",\"urlTemplate\":\"https:\\\/\\\/miumjau.ee\\\/?s={search_term_string}\"},\"query-input\":{\"@type\":\"PropertyValueSpecification\",\"valueRequired\":true,\"valueName\":\"search_term_string\"}}],\"inLanguage\":\"lt-LT\"},{\"@type\":\"Organization\",\"@id\":\"https:\\\/\\\/miumjau.ee\\\/#organization\",\"name\":\"MiuMjau O\u00dc\",\"url\":\"https:\\\/\\\/miumjau.ee\\\/\",\"logo\":{\"@type\":\"ImageObject\",\"inLanguage\":\"lt-LT\",\"@id\":\"https:\\\/\\\/miumjau.ee\\\/#\\\/schema\\\/logo\\\/image\\\/\",\"url\":\"https:\\\/\\\/miumjau.ee\\\/wp-content\\\/uploads\\\/2022\\\/04\\\/MiuMjau-logo-kollane.png\",\"contentUrl\":\"https:\\\/\\\/miumjau.ee\\\/wp-content\\\/uploads\\\/2022\\\/04\\\/MiuMjau-logo-kollane.png\",\"width\":219,\"height\":100,\"caption\":\"MiuMjau O\u00dc\"},\"image\":{\"@id\":\"https:\\\/\\\/miumjau.ee\\\/#\\\/schema\\\/logo\\\/image\\\/\"},\"sameAs\":[\"https:\\\/\\\/www.facebook.com\\\/miumjaupood\\\/\"]}]}<\/script>\n<!-- \/ Yoast SEO plugin. -->","yoast_head_json":{"title":"Brit Premium dr\u0117gnas maistas katei su menke 100 g - MiuMjau","robots":{"index":"index","follow":"follow","max-snippet":"max-snippet:-1","max-image-preview":"max-image-preview:large","max-video-preview":"max-video-preview:-1"},"canonical":"https:\/\/miumjau.ee\/lt\/produktas\/brit-premium-dregnas-maistas-katei-su-menke-100-g\/","og_locale":"lt_LT","og_type":"article","og_title":"Brit Premium dr\u0117gnas maistas katei su menke 100 g - MiuMjau","og_description":"Brit Premium konservai kat\u0117ms \u2013 auk\u0161\u010diausios kokyb\u0117s, itin sultingi, skan\u016bs ir turintys daug m\u0117sos. Sud\u0117tis:60% m\u0117sa ir gyv\u016bnin\u0117s kilm\u0117s produktai, 16% \u017euvis ir jos \u0161alutiniai produktai (menk\u0117 8%), augaliniai \u0161alutiniai produktai (inulinas 0,4%), mineralai. Be da\u017eikli\u0173 ir konservant\u0173. Analitin\u0117 sud\u0117tis:\u017dali baltymai 8,5%, riebalai 4,5%, \u017eali pelenai 2,5%, \u017eali pluo\u0161tai 0,4%, dr\u0117gm\u0117 82,0%. Papildai (1 kg):D3 vitaminas 250 IU, E vitaminas 100 mg, cinkas 10 mg, manganas 2 mg, jodas 0,7 mg, varis 0,2 mg, taurinas 450 mg, biotinas 0,1 mg.","og_url":"https:\/\/miumjau.ee\/lt\/produktas\/brit-premium-dregnas-maistas-katei-su-menke-100-g\/","og_site_name":"MiuMjau","article_publisher":"https:\/\/www.facebook.com\/miumjaupood\/","og_image":[{"width":600,"height":800,"url":"https:\/\/miumjau.ee\/wp-content\/uploads\/2024\/11\/Brit-Premium-Cod-Fish-Konservai-Katems-Su-Menke-100g-Photoroom.jpg","type":"image\/jpeg"}],"twitter_card":"summary_large_image","schema":{"@context":"https:\/\/schema.org","@graph":[{"@type":"WebPage","@id":"https:\/\/miumjau.ee\/lt\/produktas\/brit-premium-dregnas-maistas-katei-su-menke-100-g\/","url":"https:\/\/miumjau.ee\/lt\/produktas\/brit-premium-dregnas-maistas-katei-su-menke-100-g\/","name":"Brit Premium dr\u0117gnas maistas katei su menke 100 g - MiuMjau","isPartOf":{"@id":"https:\/\/miumjau.ee\/#website"},"primaryImageOfPage":{"@id":"https:\/\/miumjau.ee\/lt\/produktas\/brit-premium-dregnas-maistas-katei-su-menke-100-g\/#primaryimage"},"image":{"@id":"https:\/\/miumjau.ee\/lt\/produktas\/brit-premium-dregnas-maistas-katei-su-menke-100-g\/#primaryimage"},"thumbnailUrl":"https:\/\/miumjau.ee\/wp-content\/uploads\/2024\/11\/Brit-Premium-Cod-Fish-Konservai-Katems-Su-Menke-100g-Photoroom.jpg","datePublished":"2024-11-13T13:40:32+00:00","breadcrumb":{"@id":"https:\/\/miumjau.ee\/lt\/produktas\/brit-premium-dregnas-maistas-katei-su-menke-100-g\/#breadcrumb"},"inLanguage":"lt-LT","potentialAction":[{"@type":"ReadAction","target":["https:\/\/miumjau.ee\/lt\/produktas\/brit-premium-dregnas-maistas-katei-su-menke-100-g\/"]}]},{"@type":"ImageObject","inLanguage":"lt-LT","@id":"https:\/\/miumjau.ee\/lt\/produktas\/brit-premium-dregnas-maistas-katei-su-menke-100-g\/#primaryimage","url":"https:\/\/miumjau.ee\/wp-content\/uploads\/2024\/11\/Brit-Premium-Cod-Fish-Konservai-Katems-Su-Menke-100g-Photoroom.jpg","contentUrl":"https:\/\/miumjau.ee\/wp-content\/uploads\/2024\/11\/Brit-Premium-Cod-Fish-Konservai-Katems-Su-Menke-100g-Photoroom.jpg","width":600,"height":800},{"@type":"BreadcrumbList","@id":"https:\/\/miumjau.ee\/lt\/produktas\/brit-premium-dregnas-maistas-katei-su-menke-100-g\/#breadcrumb","itemListElement":[{"@type":"ListItem","position":1,"name":"Home","item":"https:\/\/miumjau.ee\/lt\/"},{"@type":"ListItem","position":2,"name":"Parduotuv\u0117","item":"https:\/\/miumjau.ee\/lt\/parduotuve\/"},{"@type":"ListItem","position":3,"name":"Brit Premium dr\u0117gnas maistas katei su menke 100 g"}]},{"@type":"WebSite","@id":"https:\/\/miumjau.ee\/#website","url":"https:\/\/miumjau.ee\/","name":"MiuMjau","description":"Kraapimispuud kassidele","publisher":{"@id":"https:\/\/miumjau.ee\/#organization"},"potentialAction":[{"@type":"SearchAction","target":{"@type":"EntryPoint","urlTemplate":"https:\/\/miumjau.ee\/?s={search_term_string}"},"query-input":{"@type":"PropertyValueSpecification","valueRequired":true,"valueName":"search_term_string"}}],"inLanguage":"lt-LT"},{"@type":"Organization","@id":"https:\/\/miumjau.ee\/#organization","name":"MiuMjau O\u00dc","url":"https:\/\/miumjau.ee\/","logo":{"@type":"ImageObject","inLanguage":"lt-LT","@id":"https:\/\/miumjau.ee\/#\/schema\/logo\/image\/","url":"https:\/\/miumjau.ee\/wp-content\/uploads\/2022\/04\/MiuMjau-logo-kollane.png","contentUrl":"https:\/\/miumjau.ee\/wp-content\/uploads\/2022\/04\/MiuMjau-logo-kollane.png","width":219,"height":100,"caption":"MiuMjau O\u00dc"},"image":{"@id":"https:\/\/miumjau.ee\/#\/schema\/logo\/image\/"},"sameAs":["https:\/\/www.facebook.com\/miumjaupood\/"]}]}},"_links":{"self":[{"href":"https:\/\/miumjau.ee\/lt\/wp-json\/wp\/v2\/product\/55816","targetHints":{"allow":["GET"]}}],"collection":[{"href":"https:\/\/miumjau.ee\/lt\/wp-json\/wp\/v2\/product"}],"about":[{"href":"https:\/\/miumjau.ee\/lt\/wp-json\/wp\/v2\/types\/product"}],"wp:featuredmedia":[{"embeddable":true,"href":"https:\/\/miumjau.ee\/lt\/wp-json\/wp\/v2\/media\/55817"}],"wp:attachment":[{"href":"https:\/\/miumjau.ee\/lt\/wp-json\/wp\/v2\/media?parent=55816"}],"wp:term":[{"taxonomy":"product_brand","embeddable":true,"href":"https:\/\/miumjau.ee\/lt\/wp-json\/wp\/v2\/product_brand?post=55816"},{"taxonomy":"product_cat","embeddable":true,"href":"https:\/\/miumjau.ee\/lt\/wp-json\/wp\/v2\/product_cat?post=55816"},{"taxonomy":"product_tag","embeddable":true,"href":"https:\/\/miumjau.ee\/lt\/wp-json\/wp\/v2\/product_tag?post=55816"}],"curies":[{"name":"wp","href":"https:\/\/api.w.org\/{rel}","templated":true}]}}