{"id":55809,"date":"2024-11-18T11:14:06","date_gmt":"2024-11-18T09:14:06","guid":{"rendered":"https:\/\/miumjau.ee\/toode\/applaws-pilnaverte-sauso-maista-katems-su-vistiena-04-kg\/"},"modified":"2024-11-18T11:14:06","modified_gmt":"2024-11-18T09:14:06","slug":"applaws-pilnaverte-sauso-maista-katems-su-vistiena-04-kg","status":"publish","type":"product","link":"https:\/\/miumjau.ee\/lt\/produktas\/applaws-pilnaverte-sauso-maista-katems-su-vistiena-04-kg\/","title":{"rendered":"Applaws pilnavert\u0117 sauso maist\u0105 kat\u0117ms su vi\u0161tiena 0,4 kg"},"content":{"rendered":"","protected":false},"excerpt":{"rendered":"<p data-start=\"2178\" data-end=\"2519\">Nat\u016bralus pilnavertis sausas maistas suaugusiems kat\u0117ms su vi\u0161tiena ir nat\u016braliais ekstraktais. Applaws sausas maistas yra hipoalergi\u0161kas ir nesukelia alergini\u0173 reakcij\u0173, nes neturi sojos pupeli\u0173, kvie\u010di\u0173, kukur\u016bz\u0173 ar kit\u0173 gr\u016bd\u0173. Sud\u0117tyje yra aktyvus probiotikas. Sud\u0117tyje yra med\u017eiagos, padedan\u010dios suma\u017einti plauk\u0173 kamuoliuk\u0173 susidarym\u0105.<\/p>\n<p data-start=\"2521\" data-end=\"2987\"><strong data-start=\"2521\" data-end=\"2578\">Rekomenduojamas dienos kiekis ir \u0161\u0117rimo instrukcijos:<\/strong><br data-start=\"2578\" data-end=\"2581\" \/>Patiekti saus\u0105. Kat\u0117ms, sverian\u010dioms 1,25\u20133 kg: 20\u201340 g per dien\u0105, 3\u20135 kg: 40\u201360 g per dien\u0105, 5\u20138 kg: 60\u2013100 g per dien\u0105. Kiekis gali skirtis priklausomai nuo gyv\u016bno dyd\u017eio, am\u017eiaus ir aktyvumo. Visada u\u017etikrinkite prieig\u0105 prie \u0161vie\u017eio vandens. Kadangi maistas yra labai maistingas, porcijos yra ma\u017eesn\u0117s nei \u012fprasto kat\u0117s maisto. Pereinant prie naujo maisto pirm\u0105 kart\u0105, laikytis palaipsniui 7\u201310 dien\u0173.<\/p>\n<p data-start=\"2989\" data-end=\"3429\"><strong data-start=\"2989\" data-end=\"3001\">Sud\u0117tis:<\/strong><br data-start=\"3001\" data-end=\"3004\" \/>D\u017eiovinti vi\u0161tienos miltai (65%), \u0161vie\u017eia maltos vi\u0161tienos m\u0117sa (17%), saldieji bulv\u0117s, alaus miel\u0117s, bulv\u0117s, burok\u0117li\u0173 mas\u0117, vi\u0161tienos sultinys, la\u0161i\u0161os aliejus, vitaminai ir mineralai, d\u017eiovinti kiau\u0161iniai, augalin\u0117s celiulioz\u0117s pluo\u0161tas (0,03%), natrio chloridas, kalcio karbonatas, j\u016bros dumbliai, spanguol\u0117s, DL-metioninas, kalio chloridas, tigro lelijos ekstraktas, citrusini\u0173 vaisi\u0173 ekstraktas, rozmarino ekstraktas.<\/p>\n<p data-start=\"3431\" data-end=\"3843\"><strong data-start=\"3431\" data-end=\"3451\">Papildai (1 kg):<\/strong><br data-start=\"3451\" data-end=\"3454\" \/>A vitaminas (retinilo acetatas) 27 850 IU, D3 vitaminas (cholekalciferolis) 1 200 IU, E vitaminas (alfa-tokoferolio acetatas) 615 IU, selenas (natrio selenitas) 0,13 mg, jodas (kalcio jodatas) 1,5 mg, gele\u017eis (gele\u017eies(II) sulfatas monohidratas) 80 mg, varis (vario sulfatas pentahidrat) 48 mg, manganas (mangano sulfatas monohidratas) 38 mg, cinkas (cinko sulfatas monohidratas) 135 mg.<\/p>\n<p data-start=\"3845\" data-end=\"4016\"><strong data-start=\"3845\" data-end=\"3872\">Technologiniai priedai:<\/strong><br data-start=\"3872\" data-end=\"3875\" \/>E1705 Enterococcus faecium (SF68; NCIMB 10415) 1 000 000 000 KT\u012e\/kg, nat\u016bralus antioksidantas: tokoferoli\u0173 mi\u0161inys ir rozmarino ekstraktas.<\/p>\n<p data-start=\"4018\" data-end=\"4197\"><strong data-start=\"4018\" data-end=\"4040\">Analitin\u0117 sud\u0117tis:<\/strong> \u017eali baltymai 37%, \u017eali riebalai 20%, \u017eali pluo\u0161tai 2,1%, \u017eali pelenai 10,8%, kalcis 2,8%, fosforas 1,7%, omega-6 3,8%, omega-3 0,8%, taurinas 2000 mg\/kg.<\/p>\n<p data-start=\"4199\" data-end=\"4233\" data-is-last-node=\"\" data-is-only-node=\"\"><strong data-start=\"4199\" data-end=\"4218\">Energin\u0117 vert\u0117:<\/strong> 418 kcal\/100 g<\/p>\n","protected":false},"featured_media":55804,"template":"","meta":[],"product_brand":[],"product_cat":[528],"product_tag":[],"class_list":{"0":"post-55809","1":"product","2":"type-product","3":"status-publish","4":"has-post-thumbnail","6":"product_cat-sausas-maistas","8":"first","9":"outofstock","10":"taxable","11":"shipping-taxable","12":"purchasable","13":"product-type-simple"},"yoast_head":"<!-- This site is optimized with the Yoast SEO plugin v27.4 - https:\/\/yoast.com\/product\/yoast-seo-wordpress\/ -->\n<title>Applaws pilnavert\u0117 sauso maist\u0105 kat\u0117ms su vi\u0161tiena 0,4 kg - MiuMjau<\/title>\n<meta name=\"robots\" content=\"index, follow, max-snippet:-1, max-image-preview:large, max-video-preview:-1\" \/>\n<link rel=\"canonical\" href=\"https:\/\/miumjau.ee\/lt\/produktas\/applaws-pilnaverte-sauso-maista-katems-su-vistiena-04-kg\/\" \/>\n<meta property=\"og:locale\" content=\"lt_LT\" \/>\n<meta property=\"og:type\" content=\"article\" \/>\n<meta property=\"og:title\" content=\"Applaws pilnavert\u0117 sauso maist\u0105 kat\u0117ms su vi\u0161tiena 0,4 kg - MiuMjau\" \/>\n<meta property=\"og:description\" content=\"Nat\u016bralus pilnavertis sausas maistas suaugusiems kat\u0117ms su vi\u0161tiena ir nat\u016braliais ekstraktais. Applaws sausas maistas yra hipoalergi\u0161kas ir nesukelia alergini\u0173 reakcij\u0173, nes neturi sojos pupeli\u0173, kvie\u010di\u0173, kukur\u016bz\u0173 ar kit\u0173 gr\u016bd\u0173. Sud\u0117tyje yra aktyvus probiotikas. Sud\u0117tyje yra med\u017eiagos, padedan\u010dios suma\u017einti plauk\u0173 kamuoliuk\u0173 susidarym\u0105. Rekomenduojamas dienos kiekis ir \u0161\u0117rimo instrukcijos:Patiekti saus\u0105. Kat\u0117ms, sverian\u010dioms 1,25\u20133 kg: 20\u201340 g per dien\u0105, 3\u20135 kg: 40\u201360 g per dien\u0105, 5\u20138 kg: 60\u2013100 g per dien\u0105. Kiekis gali skirtis priklausomai nuo gyv\u016bno dyd\u017eio, am\u017eiaus ir aktyvumo. Visada u\u017etikrinkite prieig\u0105 prie \u0161vie\u017eio vandens. Kadangi maistas yra labai maistingas, porcijos yra ma\u017eesn\u0117s nei \u012fprasto kat\u0117s maisto. Pereinant prie naujo maisto pirm\u0105 kart\u0105, laikytis palaipsniui 7\u201310 dien\u0173. Sud\u0117tis:D\u017eiovinti vi\u0161tienos miltai (65%), \u0161vie\u017eia maltos vi\u0161tienos m\u0117sa (17%), saldieji bulv\u0117s, alaus miel\u0117s, bulv\u0117s, burok\u0117li\u0173 mas\u0117, vi\u0161tienos sultinys, la\u0161i\u0161os aliejus, vitaminai ir mineralai, d\u017eiovinti kiau\u0161iniai, augalin\u0117s celiulioz\u0117s pluo\u0161tas (0,03%), natrio chloridas, kalcio karbonatas, j\u016bros dumbliai, spanguol\u0117s, DL-metioninas, kalio chloridas, tigro lelijos ekstraktas, citrusini\u0173 vaisi\u0173 ekstraktas, rozmarino ekstraktas. Papildai (1 kg):A vitaminas (retinilo acetatas) 27 850 IU, D3 vitaminas (cholekalciferolis) 1 200 IU, E vitaminas (alfa-tokoferolio acetatas) 615 IU, selenas (natrio selenitas) 0,13 mg, jodas (kalcio jodatas) 1,5 mg, gele\u017eis (gele\u017eies(II) sulfatas monohidratas) 80 mg, varis (vario sulfatas pentahidrat) 48 mg, manganas (mangano sulfatas monohidratas) 38 mg, cinkas (cinko sulfatas monohidratas) 135 mg. Technologiniai priedai:E1705 Enterococcus faecium (SF68; NCIMB 10415) 1 000 000 000 KT\u012e\/kg, nat\u016bralus antioksidantas: tokoferoli\u0173 mi\u0161inys ir rozmarino ekstraktas. Analitin\u0117 sud\u0117tis: \u017eali baltymai 37%, \u017eali riebalai 20%, \u017eali pluo\u0161tai 2,1%, \u017eali pelenai 10,8%, kalcis 2,8%, fosforas 1,7%, omega-6 3,8%, omega-3 0,8%, taurinas 2000 mg\/kg. Energin\u0117 vert\u0117: 418 kcal\/100 g\" \/>\n<meta property=\"og:url\" content=\"https:\/\/miumjau.ee\/lt\/produktas\/applaws-pilnaverte-sauso-maista-katems-su-vistiena-04-kg\/\" \/>\n<meta property=\"og:site_name\" content=\"MiuMjau\" \/>\n<meta property=\"article:publisher\" content=\"https:\/\/www.facebook.com\/miumjaupood\/\" \/>\n<meta property=\"og:image\" content=\"https:\/\/miumjau.ee\/wp-content\/uploads\/2024\/11\/applaws-adult-chicken-400g.jpg\" \/>\n\t<meta property=\"og:image:width\" content=\"600\" \/>\n\t<meta property=\"og:image:height\" content=\"800\" \/>\n\t<meta property=\"og:image:type\" content=\"image\/jpeg\" \/>\n<meta name=\"twitter:card\" content=\"summary_large_image\" \/>\n<script type=\"application\/ld+json\" class=\"yoast-schema-graph\">{\"@context\":\"https:\\\/\\\/schema.org\",\"@graph\":[{\"@type\":\"WebPage\",\"@id\":\"https:\\\/\\\/miumjau.ee\\\/lt\\\/produktas\\\/applaws-pilnaverte-sauso-maista-katems-su-vistiena-04-kg\\\/\",\"url\":\"https:\\\/\\\/miumjau.ee\\\/lt\\\/produktas\\\/applaws-pilnaverte-sauso-maista-katems-su-vistiena-04-kg\\\/\",\"name\":\"Applaws pilnavert\u0117 sauso maist\u0105 kat\u0117ms su vi\u0161tiena 0,4 kg - MiuMjau\",\"isPartOf\":{\"@id\":\"https:\\\/\\\/miumjau.ee\\\/#website\"},\"primaryImageOfPage\":{\"@id\":\"https:\\\/\\\/miumjau.ee\\\/lt\\\/produktas\\\/applaws-pilnaverte-sauso-maista-katems-su-vistiena-04-kg\\\/#primaryimage\"},\"image\":{\"@id\":\"https:\\\/\\\/miumjau.ee\\\/lt\\\/produktas\\\/applaws-pilnaverte-sauso-maista-katems-su-vistiena-04-kg\\\/#primaryimage\"},\"thumbnailUrl\":\"https:\\\/\\\/miumjau.ee\\\/wp-content\\\/uploads\\\/2024\\\/11\\\/applaws-adult-chicken-400g.jpg\",\"datePublished\":\"2024-11-18T09:14:06+00:00\",\"breadcrumb\":{\"@id\":\"https:\\\/\\\/miumjau.ee\\\/lt\\\/produktas\\\/applaws-pilnaverte-sauso-maista-katems-su-vistiena-04-kg\\\/#breadcrumb\"},\"inLanguage\":\"lt-LT\",\"potentialAction\":[{\"@type\":\"ReadAction\",\"target\":[\"https:\\\/\\\/miumjau.ee\\\/lt\\\/produktas\\\/applaws-pilnaverte-sauso-maista-katems-su-vistiena-04-kg\\\/\"]}]},{\"@type\":\"ImageObject\",\"inLanguage\":\"lt-LT\",\"@id\":\"https:\\\/\\\/miumjau.ee\\\/lt\\\/produktas\\\/applaws-pilnaverte-sauso-maista-katems-su-vistiena-04-kg\\\/#primaryimage\",\"url\":\"https:\\\/\\\/miumjau.ee\\\/wp-content\\\/uploads\\\/2024\\\/11\\\/applaws-adult-chicken-400g.jpg\",\"contentUrl\":\"https:\\\/\\\/miumjau.ee\\\/wp-content\\\/uploads\\\/2024\\\/11\\\/applaws-adult-chicken-400g.jpg\",\"width\":600,\"height\":800},{\"@type\":\"BreadcrumbList\",\"@id\":\"https:\\\/\\\/miumjau.ee\\\/lt\\\/produktas\\\/applaws-pilnaverte-sauso-maista-katems-su-vistiena-04-kg\\\/#breadcrumb\",\"itemListElement\":[{\"@type\":\"ListItem\",\"position\":1,\"name\":\"Home\",\"item\":\"https:\\\/\\\/miumjau.ee\\\/lt\\\/\"},{\"@type\":\"ListItem\",\"position\":2,\"name\":\"Parduotuv\u0117\",\"item\":\"https:\\\/\\\/miumjau.ee\\\/lt\\\/parduotuve\\\/\"},{\"@type\":\"ListItem\",\"position\":3,\"name\":\"Applaws pilnavert\u0117 sauso maist\u0105 kat\u0117ms su vi\u0161tiena 0,4 kg\"}]},{\"@type\":\"WebSite\",\"@id\":\"https:\\\/\\\/miumjau.ee\\\/#website\",\"url\":\"https:\\\/\\\/miumjau.ee\\\/\",\"name\":\"MiuMjau\",\"description\":\"Kraapimispuud kassidele\",\"publisher\":{\"@id\":\"https:\\\/\\\/miumjau.ee\\\/#organization\"},\"potentialAction\":[{\"@type\":\"SearchAction\",\"target\":{\"@type\":\"EntryPoint\",\"urlTemplate\":\"https:\\\/\\\/miumjau.ee\\\/?s={search_term_string}\"},\"query-input\":{\"@type\":\"PropertyValueSpecification\",\"valueRequired\":true,\"valueName\":\"search_term_string\"}}],\"inLanguage\":\"lt-LT\"},{\"@type\":\"Organization\",\"@id\":\"https:\\\/\\\/miumjau.ee\\\/#organization\",\"name\":\"MiuMjau O\u00dc\",\"url\":\"https:\\\/\\\/miumjau.ee\\\/\",\"logo\":{\"@type\":\"ImageObject\",\"inLanguage\":\"lt-LT\",\"@id\":\"https:\\\/\\\/miumjau.ee\\\/#\\\/schema\\\/logo\\\/image\\\/\",\"url\":\"https:\\\/\\\/miumjau.ee\\\/wp-content\\\/uploads\\\/2022\\\/04\\\/MiuMjau-logo-kollane.png\",\"contentUrl\":\"https:\\\/\\\/miumjau.ee\\\/wp-content\\\/uploads\\\/2022\\\/04\\\/MiuMjau-logo-kollane.png\",\"width\":219,\"height\":100,\"caption\":\"MiuMjau O\u00dc\"},\"image\":{\"@id\":\"https:\\\/\\\/miumjau.ee\\\/#\\\/schema\\\/logo\\\/image\\\/\"},\"sameAs\":[\"https:\\\/\\\/www.facebook.com\\\/miumjaupood\\\/\"]}]}<\/script>\n<!-- \/ Yoast SEO plugin. -->","yoast_head_json":{"title":"Applaws pilnavert\u0117 sauso maist\u0105 kat\u0117ms su vi\u0161tiena 0,4 kg - MiuMjau","robots":{"index":"index","follow":"follow","max-snippet":"max-snippet:-1","max-image-preview":"max-image-preview:large","max-video-preview":"max-video-preview:-1"},"canonical":"https:\/\/miumjau.ee\/lt\/produktas\/applaws-pilnaverte-sauso-maista-katems-su-vistiena-04-kg\/","og_locale":"lt_LT","og_type":"article","og_title":"Applaws pilnavert\u0117 sauso maist\u0105 kat\u0117ms su vi\u0161tiena 0,4 kg - MiuMjau","og_description":"Nat\u016bralus pilnavertis sausas maistas suaugusiems kat\u0117ms su vi\u0161tiena ir nat\u016braliais ekstraktais. Applaws sausas maistas yra hipoalergi\u0161kas ir nesukelia alergini\u0173 reakcij\u0173, nes neturi sojos pupeli\u0173, kvie\u010di\u0173, kukur\u016bz\u0173 ar kit\u0173 gr\u016bd\u0173. Sud\u0117tyje yra aktyvus probiotikas. Sud\u0117tyje yra med\u017eiagos, padedan\u010dios suma\u017einti plauk\u0173 kamuoliuk\u0173 susidarym\u0105. Rekomenduojamas dienos kiekis ir \u0161\u0117rimo instrukcijos:Patiekti saus\u0105. Kat\u0117ms, sverian\u010dioms 1,25\u20133 kg: 20\u201340 g per dien\u0105, 3\u20135 kg: 40\u201360 g per dien\u0105, 5\u20138 kg: 60\u2013100 g per dien\u0105. Kiekis gali skirtis priklausomai nuo gyv\u016bno dyd\u017eio, am\u017eiaus ir aktyvumo. Visada u\u017etikrinkite prieig\u0105 prie \u0161vie\u017eio vandens. Kadangi maistas yra labai maistingas, porcijos yra ma\u017eesn\u0117s nei \u012fprasto kat\u0117s maisto. Pereinant prie naujo maisto pirm\u0105 kart\u0105, laikytis palaipsniui 7\u201310 dien\u0173. Sud\u0117tis:D\u017eiovinti vi\u0161tienos miltai (65%), \u0161vie\u017eia maltos vi\u0161tienos m\u0117sa (17%), saldieji bulv\u0117s, alaus miel\u0117s, bulv\u0117s, burok\u0117li\u0173 mas\u0117, vi\u0161tienos sultinys, la\u0161i\u0161os aliejus, vitaminai ir mineralai, d\u017eiovinti kiau\u0161iniai, augalin\u0117s celiulioz\u0117s pluo\u0161tas (0,03%), natrio chloridas, kalcio karbonatas, j\u016bros dumbliai, spanguol\u0117s, DL-metioninas, kalio chloridas, tigro lelijos ekstraktas, citrusini\u0173 vaisi\u0173 ekstraktas, rozmarino ekstraktas. Papildai (1 kg):A vitaminas (retinilo acetatas) 27 850 IU, D3 vitaminas (cholekalciferolis) 1 200 IU, E vitaminas (alfa-tokoferolio acetatas) 615 IU, selenas (natrio selenitas) 0,13 mg, jodas (kalcio jodatas) 1,5 mg, gele\u017eis (gele\u017eies(II) sulfatas monohidratas) 80 mg, varis (vario sulfatas pentahidrat) 48 mg, manganas (mangano sulfatas monohidratas) 38 mg, cinkas (cinko sulfatas monohidratas) 135 mg. Technologiniai priedai:E1705 Enterococcus faecium (SF68; NCIMB 10415) 1 000 000 000 KT\u012e\/kg, nat\u016bralus antioksidantas: tokoferoli\u0173 mi\u0161inys ir rozmarino ekstraktas. Analitin\u0117 sud\u0117tis: \u017eali baltymai 37%, \u017eali riebalai 20%, \u017eali pluo\u0161tai 2,1%, \u017eali pelenai 10,8%, kalcis 2,8%, fosforas 1,7%, omega-6 3,8%, omega-3 0,8%, taurinas 2000 mg\/kg. Energin\u0117 vert\u0117: 418 kcal\/100 g","og_url":"https:\/\/miumjau.ee\/lt\/produktas\/applaws-pilnaverte-sauso-maista-katems-su-vistiena-04-kg\/","og_site_name":"MiuMjau","article_publisher":"https:\/\/www.facebook.com\/miumjaupood\/","og_image":[{"width":600,"height":800,"url":"https:\/\/miumjau.ee\/wp-content\/uploads\/2024\/11\/applaws-adult-chicken-400g.jpg","type":"image\/jpeg"}],"twitter_card":"summary_large_image","schema":{"@context":"https:\/\/schema.org","@graph":[{"@type":"WebPage","@id":"https:\/\/miumjau.ee\/lt\/produktas\/applaws-pilnaverte-sauso-maista-katems-su-vistiena-04-kg\/","url":"https:\/\/miumjau.ee\/lt\/produktas\/applaws-pilnaverte-sauso-maista-katems-su-vistiena-04-kg\/","name":"Applaws pilnavert\u0117 sauso maist\u0105 kat\u0117ms su vi\u0161tiena 0,4 kg - MiuMjau","isPartOf":{"@id":"https:\/\/miumjau.ee\/#website"},"primaryImageOfPage":{"@id":"https:\/\/miumjau.ee\/lt\/produktas\/applaws-pilnaverte-sauso-maista-katems-su-vistiena-04-kg\/#primaryimage"},"image":{"@id":"https:\/\/miumjau.ee\/lt\/produktas\/applaws-pilnaverte-sauso-maista-katems-su-vistiena-04-kg\/#primaryimage"},"thumbnailUrl":"https:\/\/miumjau.ee\/wp-content\/uploads\/2024\/11\/applaws-adult-chicken-400g.jpg","datePublished":"2024-11-18T09:14:06+00:00","breadcrumb":{"@id":"https:\/\/miumjau.ee\/lt\/produktas\/applaws-pilnaverte-sauso-maista-katems-su-vistiena-04-kg\/#breadcrumb"},"inLanguage":"lt-LT","potentialAction":[{"@type":"ReadAction","target":["https:\/\/miumjau.ee\/lt\/produktas\/applaws-pilnaverte-sauso-maista-katems-su-vistiena-04-kg\/"]}]},{"@type":"ImageObject","inLanguage":"lt-LT","@id":"https:\/\/miumjau.ee\/lt\/produktas\/applaws-pilnaverte-sauso-maista-katems-su-vistiena-04-kg\/#primaryimage","url":"https:\/\/miumjau.ee\/wp-content\/uploads\/2024\/11\/applaws-adult-chicken-400g.jpg","contentUrl":"https:\/\/miumjau.ee\/wp-content\/uploads\/2024\/11\/applaws-adult-chicken-400g.jpg","width":600,"height":800},{"@type":"BreadcrumbList","@id":"https:\/\/miumjau.ee\/lt\/produktas\/applaws-pilnaverte-sauso-maista-katems-su-vistiena-04-kg\/#breadcrumb","itemListElement":[{"@type":"ListItem","position":1,"name":"Home","item":"https:\/\/miumjau.ee\/lt\/"},{"@type":"ListItem","position":2,"name":"Parduotuv\u0117","item":"https:\/\/miumjau.ee\/lt\/parduotuve\/"},{"@type":"ListItem","position":3,"name":"Applaws pilnavert\u0117 sauso maist\u0105 kat\u0117ms su vi\u0161tiena 0,4 kg"}]},{"@type":"WebSite","@id":"https:\/\/miumjau.ee\/#website","url":"https:\/\/miumjau.ee\/","name":"MiuMjau","description":"Kraapimispuud kassidele","publisher":{"@id":"https:\/\/miumjau.ee\/#organization"},"potentialAction":[{"@type":"SearchAction","target":{"@type":"EntryPoint","urlTemplate":"https:\/\/miumjau.ee\/?s={search_term_string}"},"query-input":{"@type":"PropertyValueSpecification","valueRequired":true,"valueName":"search_term_string"}}],"inLanguage":"lt-LT"},{"@type":"Organization","@id":"https:\/\/miumjau.ee\/#organization","name":"MiuMjau O\u00dc","url":"https:\/\/miumjau.ee\/","logo":{"@type":"ImageObject","inLanguage":"lt-LT","@id":"https:\/\/miumjau.ee\/#\/schema\/logo\/image\/","url":"https:\/\/miumjau.ee\/wp-content\/uploads\/2022\/04\/MiuMjau-logo-kollane.png","contentUrl":"https:\/\/miumjau.ee\/wp-content\/uploads\/2022\/04\/MiuMjau-logo-kollane.png","width":219,"height":100,"caption":"MiuMjau O\u00dc"},"image":{"@id":"https:\/\/miumjau.ee\/#\/schema\/logo\/image\/"},"sameAs":["https:\/\/www.facebook.com\/miumjaupood\/"]}]}},"_links":{"self":[{"href":"https:\/\/miumjau.ee\/lt\/wp-json\/wp\/v2\/product\/55809","targetHints":{"allow":["GET"]}}],"collection":[{"href":"https:\/\/miumjau.ee\/lt\/wp-json\/wp\/v2\/product"}],"about":[{"href":"https:\/\/miumjau.ee\/lt\/wp-json\/wp\/v2\/types\/product"}],"wp:featuredmedia":[{"embeddable":true,"href":"https:\/\/miumjau.ee\/lt\/wp-json\/wp\/v2\/media\/55804"}],"wp:attachment":[{"href":"https:\/\/miumjau.ee\/lt\/wp-json\/wp\/v2\/media?parent=55809"}],"wp:term":[{"taxonomy":"product_brand","embeddable":true,"href":"https:\/\/miumjau.ee\/lt\/wp-json\/wp\/v2\/product_brand?post=55809"},{"taxonomy":"product_cat","embeddable":true,"href":"https:\/\/miumjau.ee\/lt\/wp-json\/wp\/v2\/product_cat?post=55809"},{"taxonomy":"product_tag","embeddable":true,"href":"https:\/\/miumjau.ee\/lt\/wp-json\/wp\/v2\/product_tag?post=55809"}],"curies":[{"name":"wp","href":"https:\/\/api.w.org\/{rel}","templated":true}]}}