{"id":55807,"date":"2024-11-18T11:10:52","date_gmt":"2024-11-18T09:10:52","guid":{"rendered":"https:\/\/miumjau.ee\/toode\/applaws-pilnaverte-sauso-maista-katems-su-vistiena-ir-aviena-04-kg\/"},"modified":"2024-11-18T11:10:52","modified_gmt":"2024-11-18T09:10:52","slug":"applaws-pilnaverte-sauso-maista-katems-su-vistiena-ir-aviena-04-kg","status":"publish","type":"product","link":"https:\/\/miumjau.ee\/lt\/produktas\/applaws-pilnaverte-sauso-maista-katems-su-vistiena-ir-aviena-04-kg\/","title":{"rendered":"Applaws pilnavert\u0117 sauso maist\u0105 kat\u0117ms su vi\u0161tiena ir aviena 0,4 kg"},"content":{"rendered":"","protected":false},"excerpt":{"rendered":"<p data-start=\"2140\" data-end=\"2453\">Applaws sausas maistas su vi\u0161tiena ir aviena suaugusiems kat\u0117ms. Applaws sausas maistas yra hipoalergi\u0161kas ir nesudaro alergini\u0173 reakcij\u0173, nes neturi sojos pupeli\u0173, kvie\u010di\u0173, kukur\u016bz\u0173 ar kit\u0173 gr\u016bd\u0173. Sud\u0117tyje yra aktyvus probiotikas. Gausiai praturtintas nat\u016braliu taurinu, gaunamu i\u0161 laisvai laikom\u0173 vi\u0161t\u0173 m\u0117sos.<\/p>\n<p data-start=\"2455\" data-end=\"2936\"><strong data-start=\"2455\" data-end=\"2512\">Rekomenduojamas dienos kiekis ir \u0161\u0117rimo instrukcijos:<\/strong><br data-start=\"2512\" data-end=\"2515\" \/>Patiekti saus\u0105. Kat\u0117ms, sverian\u010dioms 1,25\u20133 kg: 20\u201340 g per dien\u0105, 3\u20135 kg: 40\u201360 g per dien\u0105, 5\u20138 kg: 60\u2013100 g per dien\u0105. Kiekis gali skirtis priklausomai nuo gyv\u016bno dyd\u017eio, am\u017eiaus ir aktyvumo. Visada u\u017etikrinkite prieig\u0105 prie \u0161vie\u017eio vandens. Kadangi tai maistas su auk\u0161ta maistine verte, tiekiami kiekiai yra ma\u017eesni nei \u012fprasto kat\u0117s maisto. Pereinant prie naujo maisto pirm\u0105 kart\u0105, laikytis palaipsniui 7\u201310 dien\u0173.<\/p>\n<p data-start=\"2938\" data-end=\"3382\"><strong data-start=\"2938\" data-end=\"2950\">Sud\u0117tis:<\/strong><br data-start=\"2950\" data-end=\"2953\" \/>D\u017eiovinti vi\u0161tienos miltai (48%), d\u017eiovinti avienos miltai (20%), d\u017eiovintos bulv\u0117s, maltos vi\u0161tienos m\u0117sa (12%), burok\u0117li\u0173 mas\u0117, vi\u0161tienos sultinys, la\u0161i\u0161os aliejus, vitaminai ir mineralai, d\u017eiovinti kiau\u0161iniai, augalin\u0117s celiulioz\u0117s pluo\u0161tas (0,03%), natrio chloridas, kalcio karbonatas, j\u016bros dumbliai, spanguol\u0117s, DL-metioninas, kalio chloridas, tigro lelijos ekstraktas, citrusini\u0173 vaisi\u0173 ekstraktas, rozmarino ekstraktas.<\/p>\n<p data-start=\"3384\" data-end=\"3815\"><strong data-start=\"3384\" data-end=\"3423\">Vitaminai ir mikroelementai (1 kg):<\/strong><br data-start=\"3423\" data-end=\"3426\" \/>A vitaminas (retinilo acetatas) 27 850 IU, D3 vitaminas (cholekalciferolis) 1 200 IU, E vitaminas (alfa-tokoferolio acetatas) 615 IU, selenas (natrio selenitas) 0,13 mg, jodas (kalcio jodatas) 1,5 mg, gele\u017eis (gele\u017eies(II) sulfatas monohidratas) 80 mg, varis (vario sulfatas pentahidrat) 48 mg, manganas (mangano sulfatas monohidratas) 38 mg, cinkas (cinko sulfatas monohidratas) 135 mg.<\/p>\n<p data-start=\"3817\" data-end=\"3987\"><strong data-start=\"3817\" data-end=\"3843\">Technologin\u0117s priedai:<\/strong><br data-start=\"3843\" data-end=\"3846\" \/>E1705 Enterococcus faecium (SF68; NCIMB 10415) 1 000 000 000 KT\u012e\/kg, nat\u016bralus antioksidantas: tokoferoli\u0173 mi\u0161inys ir rozmarino ekstraktas.<\/p>\n<p data-start=\"3989\" data-end=\"4147\"><strong data-start=\"3989\" data-end=\"4011\">Analitin\u0117 sud\u0117tis:<\/strong> \u017eali baltymai 37%, \u017eali riebalai 17%, \u017eali pluo\u0161tai 2,5%, \u017eali pelenai 10,9%, kalcis 2,7%, fosforas 1,6%, omega-6 3,3%, omega-3 1,0%.<\/p>\n<p data-start=\"4149\" data-end=\"4183\" data-is-last-node=\"\" data-is-only-node=\"\"><strong data-start=\"4149\" data-end=\"4168\">Energin\u0117 vert\u0117:<\/strong> 391 kcal\/100 g<\/p>\n","protected":false},"featured_media":47820,"template":"","meta":[],"product_brand":[],"product_cat":[528],"product_tag":[],"class_list":{"0":"post-55807","1":"product","2":"type-product","3":"status-publish","4":"has-post-thumbnail","6":"product_cat-sausas-maistas","8":"first","9":"instock","10":"taxable","11":"shipping-taxable","12":"purchasable","13":"product-type-simple"},"yoast_head":"<!-- This site is optimized with the Yoast SEO plugin v27.4 - https:\/\/yoast.com\/product\/yoast-seo-wordpress\/ -->\n<title>Applaws pilnavert\u0117 sauso maist\u0105 kat\u0117ms su vi\u0161tiena ir aviena 0,4 kg - MiuMjau<\/title>\n<meta name=\"robots\" content=\"index, follow, max-snippet:-1, max-image-preview:large, max-video-preview:-1\" \/>\n<link rel=\"canonical\" href=\"https:\/\/miumjau.ee\/lt\/produktas\/applaws-pilnaverte-sauso-maista-katems-su-vistiena-ir-aviena-04-kg\/\" \/>\n<meta property=\"og:locale\" content=\"lt_LT\" \/>\n<meta property=\"og:type\" content=\"article\" \/>\n<meta property=\"og:title\" content=\"Applaws pilnavert\u0117 sauso maist\u0105 kat\u0117ms su vi\u0161tiena ir aviena 0,4 kg - MiuMjau\" \/>\n<meta property=\"og:description\" content=\"Applaws sausas maistas su vi\u0161tiena ir aviena suaugusiems kat\u0117ms. Applaws sausas maistas yra hipoalergi\u0161kas ir nesudaro alergini\u0173 reakcij\u0173, nes neturi sojos pupeli\u0173, kvie\u010di\u0173, kukur\u016bz\u0173 ar kit\u0173 gr\u016bd\u0173. Sud\u0117tyje yra aktyvus probiotikas. Gausiai praturtintas nat\u016braliu taurinu, gaunamu i\u0161 laisvai laikom\u0173 vi\u0161t\u0173 m\u0117sos. Rekomenduojamas dienos kiekis ir \u0161\u0117rimo instrukcijos:Patiekti saus\u0105. Kat\u0117ms, sverian\u010dioms 1,25\u20133 kg: 20\u201340 g per dien\u0105, 3\u20135 kg: 40\u201360 g per dien\u0105, 5\u20138 kg: 60\u2013100 g per dien\u0105. Kiekis gali skirtis priklausomai nuo gyv\u016bno dyd\u017eio, am\u017eiaus ir aktyvumo. Visada u\u017etikrinkite prieig\u0105 prie \u0161vie\u017eio vandens. Kadangi tai maistas su auk\u0161ta maistine verte, tiekiami kiekiai yra ma\u017eesni nei \u012fprasto kat\u0117s maisto. Pereinant prie naujo maisto pirm\u0105 kart\u0105, laikytis palaipsniui 7\u201310 dien\u0173. Sud\u0117tis:D\u017eiovinti vi\u0161tienos miltai (48%), d\u017eiovinti avienos miltai (20%), d\u017eiovintos bulv\u0117s, maltos vi\u0161tienos m\u0117sa (12%), burok\u0117li\u0173 mas\u0117, vi\u0161tienos sultinys, la\u0161i\u0161os aliejus, vitaminai ir mineralai, d\u017eiovinti kiau\u0161iniai, augalin\u0117s celiulioz\u0117s pluo\u0161tas (0,03%), natrio chloridas, kalcio karbonatas, j\u016bros dumbliai, spanguol\u0117s, DL-metioninas, kalio chloridas, tigro lelijos ekstraktas, citrusini\u0173 vaisi\u0173 ekstraktas, rozmarino ekstraktas. Vitaminai ir mikroelementai (1 kg):A vitaminas (retinilo acetatas) 27 850 IU, D3 vitaminas (cholekalciferolis) 1 200 IU, E vitaminas (alfa-tokoferolio acetatas) 615 IU, selenas (natrio selenitas) 0,13 mg, jodas (kalcio jodatas) 1,5 mg, gele\u017eis (gele\u017eies(II) sulfatas monohidratas) 80 mg, varis (vario sulfatas pentahidrat) 48 mg, manganas (mangano sulfatas monohidratas) 38 mg, cinkas (cinko sulfatas monohidratas) 135 mg. Technologin\u0117s priedai:E1705 Enterococcus faecium (SF68; NCIMB 10415) 1 000 000 000 KT\u012e\/kg, nat\u016bralus antioksidantas: tokoferoli\u0173 mi\u0161inys ir rozmarino ekstraktas. Analitin\u0117 sud\u0117tis: \u017eali baltymai 37%, \u017eali riebalai 17%, \u017eali pluo\u0161tai 2,5%, \u017eali pelenai 10,9%, kalcis 2,7%, fosforas 1,6%, omega-6 3,3%, omega-3 1,0%. Energin\u0117 vert\u0117: 391 kcal\/100 g\" \/>\n<meta property=\"og:url\" content=\"https:\/\/miumjau.ee\/lt\/produktas\/applaws-pilnaverte-sauso-maista-katems-su-vistiena-ir-aviena-04-kg\/\" \/>\n<meta property=\"og:site_name\" content=\"MiuMjau\" \/>\n<meta property=\"article:publisher\" content=\"https:\/\/www.facebook.com\/miumjaupood\/\" \/>\n<meta property=\"og:image\" content=\"https:\/\/miumjau.ee\/wp-content\/uploads\/2024\/11\/applaws-chicken-lamb-400g.jpg\" \/>\n\t<meta property=\"og:image:width\" content=\"600\" \/>\n\t<meta property=\"og:image:height\" content=\"800\" \/>\n\t<meta property=\"og:image:type\" content=\"image\/jpeg\" \/>\n<meta name=\"twitter:card\" content=\"summary_large_image\" \/>\n<script type=\"application\/ld+json\" class=\"yoast-schema-graph\">{\"@context\":\"https:\\\/\\\/schema.org\",\"@graph\":[{\"@type\":\"WebPage\",\"@id\":\"https:\\\/\\\/miumjau.ee\\\/lt\\\/produktas\\\/applaws-pilnaverte-sauso-maista-katems-su-vistiena-ir-aviena-04-kg\\\/\",\"url\":\"https:\\\/\\\/miumjau.ee\\\/lt\\\/produktas\\\/applaws-pilnaverte-sauso-maista-katems-su-vistiena-ir-aviena-04-kg\\\/\",\"name\":\"Applaws pilnavert\u0117 sauso maist\u0105 kat\u0117ms su vi\u0161tiena ir aviena 0,4 kg - MiuMjau\",\"isPartOf\":{\"@id\":\"https:\\\/\\\/miumjau.ee\\\/#website\"},\"primaryImageOfPage\":{\"@id\":\"https:\\\/\\\/miumjau.ee\\\/lt\\\/produktas\\\/applaws-pilnaverte-sauso-maista-katems-su-vistiena-ir-aviena-04-kg\\\/#primaryimage\"},\"image\":{\"@id\":\"https:\\\/\\\/miumjau.ee\\\/lt\\\/produktas\\\/applaws-pilnaverte-sauso-maista-katems-su-vistiena-ir-aviena-04-kg\\\/#primaryimage\"},\"thumbnailUrl\":\"https:\\\/\\\/miumjau.ee\\\/wp-content\\\/uploads\\\/2024\\\/11\\\/applaws-chicken-lamb-400g.jpg\",\"datePublished\":\"2024-11-18T09:10:52+00:00\",\"breadcrumb\":{\"@id\":\"https:\\\/\\\/miumjau.ee\\\/lt\\\/produktas\\\/applaws-pilnaverte-sauso-maista-katems-su-vistiena-ir-aviena-04-kg\\\/#breadcrumb\"},\"inLanguage\":\"lt-LT\",\"potentialAction\":[{\"@type\":\"ReadAction\",\"target\":[\"https:\\\/\\\/miumjau.ee\\\/lt\\\/produktas\\\/applaws-pilnaverte-sauso-maista-katems-su-vistiena-ir-aviena-04-kg\\\/\"]}]},{\"@type\":\"ImageObject\",\"inLanguage\":\"lt-LT\",\"@id\":\"https:\\\/\\\/miumjau.ee\\\/lt\\\/produktas\\\/applaws-pilnaverte-sauso-maista-katems-su-vistiena-ir-aviena-04-kg\\\/#primaryimage\",\"url\":\"https:\\\/\\\/miumjau.ee\\\/wp-content\\\/uploads\\\/2024\\\/11\\\/applaws-chicken-lamb-400g.jpg\",\"contentUrl\":\"https:\\\/\\\/miumjau.ee\\\/wp-content\\\/uploads\\\/2024\\\/11\\\/applaws-chicken-lamb-400g.jpg\",\"width\":600,\"height\":800},{\"@type\":\"BreadcrumbList\",\"@id\":\"https:\\\/\\\/miumjau.ee\\\/lt\\\/produktas\\\/applaws-pilnaverte-sauso-maista-katems-su-vistiena-ir-aviena-04-kg\\\/#breadcrumb\",\"itemListElement\":[{\"@type\":\"ListItem\",\"position\":1,\"name\":\"Home\",\"item\":\"https:\\\/\\\/miumjau.ee\\\/lt\\\/\"},{\"@type\":\"ListItem\",\"position\":2,\"name\":\"Parduotuv\u0117\",\"item\":\"https:\\\/\\\/miumjau.ee\\\/lt\\\/parduotuve\\\/\"},{\"@type\":\"ListItem\",\"position\":3,\"name\":\"Applaws pilnavert\u0117 sauso maist\u0105 kat\u0117ms su vi\u0161tiena ir aviena 0,4 kg\"}]},{\"@type\":\"WebSite\",\"@id\":\"https:\\\/\\\/miumjau.ee\\\/#website\",\"url\":\"https:\\\/\\\/miumjau.ee\\\/\",\"name\":\"MiuMjau\",\"description\":\"Kraapimispuud kassidele\",\"publisher\":{\"@id\":\"https:\\\/\\\/miumjau.ee\\\/#organization\"},\"potentialAction\":[{\"@type\":\"SearchAction\",\"target\":{\"@type\":\"EntryPoint\",\"urlTemplate\":\"https:\\\/\\\/miumjau.ee\\\/?s={search_term_string}\"},\"query-input\":{\"@type\":\"PropertyValueSpecification\",\"valueRequired\":true,\"valueName\":\"search_term_string\"}}],\"inLanguage\":\"lt-LT\"},{\"@type\":\"Organization\",\"@id\":\"https:\\\/\\\/miumjau.ee\\\/#organization\",\"name\":\"MiuMjau O\u00dc\",\"url\":\"https:\\\/\\\/miumjau.ee\\\/\",\"logo\":{\"@type\":\"ImageObject\",\"inLanguage\":\"lt-LT\",\"@id\":\"https:\\\/\\\/miumjau.ee\\\/#\\\/schema\\\/logo\\\/image\\\/\",\"url\":\"https:\\\/\\\/miumjau.ee\\\/wp-content\\\/uploads\\\/2022\\\/04\\\/MiuMjau-logo-kollane.png\",\"contentUrl\":\"https:\\\/\\\/miumjau.ee\\\/wp-content\\\/uploads\\\/2022\\\/04\\\/MiuMjau-logo-kollane.png\",\"width\":219,\"height\":100,\"caption\":\"MiuMjau O\u00dc\"},\"image\":{\"@id\":\"https:\\\/\\\/miumjau.ee\\\/#\\\/schema\\\/logo\\\/image\\\/\"},\"sameAs\":[\"https:\\\/\\\/www.facebook.com\\\/miumjaupood\\\/\"]}]}<\/script>\n<!-- \/ Yoast SEO plugin. -->","yoast_head_json":{"title":"Applaws pilnavert\u0117 sauso maist\u0105 kat\u0117ms su vi\u0161tiena ir aviena 0,4 kg - MiuMjau","robots":{"index":"index","follow":"follow","max-snippet":"max-snippet:-1","max-image-preview":"max-image-preview:large","max-video-preview":"max-video-preview:-1"},"canonical":"https:\/\/miumjau.ee\/lt\/produktas\/applaws-pilnaverte-sauso-maista-katems-su-vistiena-ir-aviena-04-kg\/","og_locale":"lt_LT","og_type":"article","og_title":"Applaws pilnavert\u0117 sauso maist\u0105 kat\u0117ms su vi\u0161tiena ir aviena 0,4 kg - MiuMjau","og_description":"Applaws sausas maistas su vi\u0161tiena ir aviena suaugusiems kat\u0117ms. Applaws sausas maistas yra hipoalergi\u0161kas ir nesudaro alergini\u0173 reakcij\u0173, nes neturi sojos pupeli\u0173, kvie\u010di\u0173, kukur\u016bz\u0173 ar kit\u0173 gr\u016bd\u0173. Sud\u0117tyje yra aktyvus probiotikas. Gausiai praturtintas nat\u016braliu taurinu, gaunamu i\u0161 laisvai laikom\u0173 vi\u0161t\u0173 m\u0117sos. Rekomenduojamas dienos kiekis ir \u0161\u0117rimo instrukcijos:Patiekti saus\u0105. Kat\u0117ms, sverian\u010dioms 1,25\u20133 kg: 20\u201340 g per dien\u0105, 3\u20135 kg: 40\u201360 g per dien\u0105, 5\u20138 kg: 60\u2013100 g per dien\u0105. Kiekis gali skirtis priklausomai nuo gyv\u016bno dyd\u017eio, am\u017eiaus ir aktyvumo. Visada u\u017etikrinkite prieig\u0105 prie \u0161vie\u017eio vandens. Kadangi tai maistas su auk\u0161ta maistine verte, tiekiami kiekiai yra ma\u017eesni nei \u012fprasto kat\u0117s maisto. Pereinant prie naujo maisto pirm\u0105 kart\u0105, laikytis palaipsniui 7\u201310 dien\u0173. Sud\u0117tis:D\u017eiovinti vi\u0161tienos miltai (48%), d\u017eiovinti avienos miltai (20%), d\u017eiovintos bulv\u0117s, maltos vi\u0161tienos m\u0117sa (12%), burok\u0117li\u0173 mas\u0117, vi\u0161tienos sultinys, la\u0161i\u0161os aliejus, vitaminai ir mineralai, d\u017eiovinti kiau\u0161iniai, augalin\u0117s celiulioz\u0117s pluo\u0161tas (0,03%), natrio chloridas, kalcio karbonatas, j\u016bros dumbliai, spanguol\u0117s, DL-metioninas, kalio chloridas, tigro lelijos ekstraktas, citrusini\u0173 vaisi\u0173 ekstraktas, rozmarino ekstraktas. Vitaminai ir mikroelementai (1 kg):A vitaminas (retinilo acetatas) 27 850 IU, D3 vitaminas (cholekalciferolis) 1 200 IU, E vitaminas (alfa-tokoferolio acetatas) 615 IU, selenas (natrio selenitas) 0,13 mg, jodas (kalcio jodatas) 1,5 mg, gele\u017eis (gele\u017eies(II) sulfatas monohidratas) 80 mg, varis (vario sulfatas pentahidrat) 48 mg, manganas (mangano sulfatas monohidratas) 38 mg, cinkas (cinko sulfatas monohidratas) 135 mg. Technologin\u0117s priedai:E1705 Enterococcus faecium (SF68; NCIMB 10415) 1 000 000 000 KT\u012e\/kg, nat\u016bralus antioksidantas: tokoferoli\u0173 mi\u0161inys ir rozmarino ekstraktas. Analitin\u0117 sud\u0117tis: \u017eali baltymai 37%, \u017eali riebalai 17%, \u017eali pluo\u0161tai 2,5%, \u017eali pelenai 10,9%, kalcis 2,7%, fosforas 1,6%, omega-6 3,3%, omega-3 1,0%. Energin\u0117 vert\u0117: 391 kcal\/100 g","og_url":"https:\/\/miumjau.ee\/lt\/produktas\/applaws-pilnaverte-sauso-maista-katems-su-vistiena-ir-aviena-04-kg\/","og_site_name":"MiuMjau","article_publisher":"https:\/\/www.facebook.com\/miumjaupood\/","og_image":[{"width":600,"height":800,"url":"https:\/\/miumjau.ee\/wp-content\/uploads\/2024\/11\/applaws-chicken-lamb-400g.jpg","type":"image\/jpeg"}],"twitter_card":"summary_large_image","schema":{"@context":"https:\/\/schema.org","@graph":[{"@type":"WebPage","@id":"https:\/\/miumjau.ee\/lt\/produktas\/applaws-pilnaverte-sauso-maista-katems-su-vistiena-ir-aviena-04-kg\/","url":"https:\/\/miumjau.ee\/lt\/produktas\/applaws-pilnaverte-sauso-maista-katems-su-vistiena-ir-aviena-04-kg\/","name":"Applaws pilnavert\u0117 sauso maist\u0105 kat\u0117ms su vi\u0161tiena ir aviena 0,4 kg - MiuMjau","isPartOf":{"@id":"https:\/\/miumjau.ee\/#website"},"primaryImageOfPage":{"@id":"https:\/\/miumjau.ee\/lt\/produktas\/applaws-pilnaverte-sauso-maista-katems-su-vistiena-ir-aviena-04-kg\/#primaryimage"},"image":{"@id":"https:\/\/miumjau.ee\/lt\/produktas\/applaws-pilnaverte-sauso-maista-katems-su-vistiena-ir-aviena-04-kg\/#primaryimage"},"thumbnailUrl":"https:\/\/miumjau.ee\/wp-content\/uploads\/2024\/11\/applaws-chicken-lamb-400g.jpg","datePublished":"2024-11-18T09:10:52+00:00","breadcrumb":{"@id":"https:\/\/miumjau.ee\/lt\/produktas\/applaws-pilnaverte-sauso-maista-katems-su-vistiena-ir-aviena-04-kg\/#breadcrumb"},"inLanguage":"lt-LT","potentialAction":[{"@type":"ReadAction","target":["https:\/\/miumjau.ee\/lt\/produktas\/applaws-pilnaverte-sauso-maista-katems-su-vistiena-ir-aviena-04-kg\/"]}]},{"@type":"ImageObject","inLanguage":"lt-LT","@id":"https:\/\/miumjau.ee\/lt\/produktas\/applaws-pilnaverte-sauso-maista-katems-su-vistiena-ir-aviena-04-kg\/#primaryimage","url":"https:\/\/miumjau.ee\/wp-content\/uploads\/2024\/11\/applaws-chicken-lamb-400g.jpg","contentUrl":"https:\/\/miumjau.ee\/wp-content\/uploads\/2024\/11\/applaws-chicken-lamb-400g.jpg","width":600,"height":800},{"@type":"BreadcrumbList","@id":"https:\/\/miumjau.ee\/lt\/produktas\/applaws-pilnaverte-sauso-maista-katems-su-vistiena-ir-aviena-04-kg\/#breadcrumb","itemListElement":[{"@type":"ListItem","position":1,"name":"Home","item":"https:\/\/miumjau.ee\/lt\/"},{"@type":"ListItem","position":2,"name":"Parduotuv\u0117","item":"https:\/\/miumjau.ee\/lt\/parduotuve\/"},{"@type":"ListItem","position":3,"name":"Applaws pilnavert\u0117 sauso maist\u0105 kat\u0117ms su vi\u0161tiena ir aviena 0,4 kg"}]},{"@type":"WebSite","@id":"https:\/\/miumjau.ee\/#website","url":"https:\/\/miumjau.ee\/","name":"MiuMjau","description":"Kraapimispuud kassidele","publisher":{"@id":"https:\/\/miumjau.ee\/#organization"},"potentialAction":[{"@type":"SearchAction","target":{"@type":"EntryPoint","urlTemplate":"https:\/\/miumjau.ee\/?s={search_term_string}"},"query-input":{"@type":"PropertyValueSpecification","valueRequired":true,"valueName":"search_term_string"}}],"inLanguage":"lt-LT"},{"@type":"Organization","@id":"https:\/\/miumjau.ee\/#organization","name":"MiuMjau O\u00dc","url":"https:\/\/miumjau.ee\/","logo":{"@type":"ImageObject","inLanguage":"lt-LT","@id":"https:\/\/miumjau.ee\/#\/schema\/logo\/image\/","url":"https:\/\/miumjau.ee\/wp-content\/uploads\/2022\/04\/MiuMjau-logo-kollane.png","contentUrl":"https:\/\/miumjau.ee\/wp-content\/uploads\/2022\/04\/MiuMjau-logo-kollane.png","width":219,"height":100,"caption":"MiuMjau O\u00dc"},"image":{"@id":"https:\/\/miumjau.ee\/#\/schema\/logo\/image\/"},"sameAs":["https:\/\/www.facebook.com\/miumjaupood\/"]}]}},"_links":{"self":[{"href":"https:\/\/miumjau.ee\/lt\/wp-json\/wp\/v2\/product\/55807","targetHints":{"allow":["GET"]}}],"collection":[{"href":"https:\/\/miumjau.ee\/lt\/wp-json\/wp\/v2\/product"}],"about":[{"href":"https:\/\/miumjau.ee\/lt\/wp-json\/wp\/v2\/types\/product"}],"wp:featuredmedia":[{"embeddable":true,"href":"https:\/\/miumjau.ee\/lt\/wp-json\/wp\/v2\/media\/47820"}],"wp:attachment":[{"href":"https:\/\/miumjau.ee\/lt\/wp-json\/wp\/v2\/media?parent=55807"}],"wp:term":[{"taxonomy":"product_brand","embeddable":true,"href":"https:\/\/miumjau.ee\/lt\/wp-json\/wp\/v2\/product_brand?post=55807"},{"taxonomy":"product_cat","embeddable":true,"href":"https:\/\/miumjau.ee\/lt\/wp-json\/wp\/v2\/product_cat?post=55807"},{"taxonomy":"product_tag","embeddable":true,"href":"https:\/\/miumjau.ee\/lt\/wp-json\/wp\/v2\/product_tag?post=55807"}],"curies":[{"name":"wp","href":"https:\/\/api.w.org\/{rel}","templated":true}]}}