{"id":55802,"date":"2024-11-18T10:40:26","date_gmt":"2024-11-18T08:40:26","guid":{"rendered":"https:\/\/miumjau.ee\/toode\/applaws-pilnaverte-sauso-maista-katems-su-vistiena-ir-lasisa-2-kg\/"},"modified":"2024-11-18T10:40:26","modified_gmt":"2024-11-18T08:40:26","slug":"applaws-pilnaverte-sauso-maista-katems-su-vistiena-ir-lasisa-2-kg","status":"publish","type":"product","link":"https:\/\/miumjau.ee\/lt\/produktas\/applaws-pilnaverte-sauso-maista-katems-su-vistiena-ir-lasisa-2-kg\/","title":{"rendered":"Applaws pilnavert\u0117 sauso maist\u0105 kat\u0117ms su vi\u0161tiena ir la\u0161i\u0161a 2 kg"},"content":{"rendered":"","protected":false},"excerpt":{"rendered":"<p data-start=\"1941\" data-end=\"2160\">Pilnavertis maistas su vi\u0161tiena ir la\u0161i\u0161a suaugusiems kat\u0117ms. Tinka ir sterilizuotoms\/kastruotoms kat\u0117ms. Applaws sausas maistas yra hipoalergi\u0161kas. Be gr\u016bd\u0173. Pagamintas i\u0161 ne ma\u017eiau kaip 80% gyv\u016bnin\u0117s kilm\u0117s baltym\u0173.<\/p>\n<p data-start=\"2162\" data-end=\"2521\"><strong data-start=\"2162\" data-end=\"2219\">Rekomenduojamas dienos kiekis ir \u0161\u0117rimo instrukcijos:<\/strong><br data-start=\"2219\" data-end=\"2222\" \/>\u0160\u0117rimo instrukcijos: \u017er. ant pakuot\u0117s. Kiekis gali skirtis priklausomai nuo gyv\u016bno dyd\u017eio, am\u017eiaus ir aktyvumo. Pereinant prie naujo maisto pirm\u0105 kart\u0105, laikytis palaipsniui 7\u201310 dien\u0173. Visada u\u017etikrinkite prieig\u0105 prie \u0161vie\u017eio geriamojo vandens. Patiekti saus\u0105. Laikyti sausoje ir v\u0117sioje vietoje.<\/p>\n<p data-start=\"2523\" data-end=\"2945\"><strong data-start=\"2523\" data-end=\"2535\">Sud\u0117tis:<\/strong> vi\u0161tienos miltai 40%, bulv\u0117s*, la\u0161i\u0161a 9,5% (\u0161vie\u017eiai pagaminta la\u0161i\u0161a* 5,5%, la\u0161i\u0161os miltai 4%), pauk\u0161\u010di\u0173 riebalai 8%, vitaminai ir mineralai, burok\u0117li\u0173 mas\u0117*, pada\u017eas i\u0161 pauk\u0161tienos 1,5%, la\u0161i\u0161os aliejus 0,5%, kiau\u0161ini\u0173 milteliai*, d\u017eiovintos alaus miel\u0117s*, cikorijos ekstraktas* 0,2% (prebiotinio FOS \u0161altinis), j\u016bros dumbliai*, Yucca schidigera ekstraktas*, spanguoli\u0173 milteliai. *Nat\u016bral\u016bs ingredientai.<\/p>\n<p data-start=\"2947\" data-end=\"3519\"><strong data-start=\"2947\" data-end=\"2989\">Papildomos maistin\u0117s med\u017eiagos (1 kg):<\/strong><br data-start=\"2989\" data-end=\"2992\" \/>Vitaminai: A vitaminas 29000 IU, D3 vitaminas 1000 IU, E vitaminas 640 mg, taurinas 1000 mg. Amino r\u016bg\u0161tys: DL-metioninas 250 mg. Mikroelementai: jodas (kalcio jodidas, be vandens) 1 mg, gele\u017eis (gele\u017eies(II)sulfato monohidratas) 50 mg, cinkas (cinko sulfato monohidratas) 100 mg, manganas (mangano(II) oksidas) 50 mg, varis (vario(II)sulfato pentahidrat) 5 mg. Technologin\u0117s priedai: antioksidantai: tokoferolio ekstraktai. Prie\u0161 sukibim\u0105 skatinan\u010dios med\u017eiagos: sepiolitas 300 mg. Sensoriniai priedai: rozmarino ekstraktas.<\/p>\n<p data-start=\"3521\" data-end=\"3710\" data-is-last-node=\"\" data-is-only-node=\"\"><strong data-start=\"3521\" data-end=\"3543\">Analitin\u0117 sud\u0117tis:<\/strong> \u017eali baltymai 36,5%, \u017eali pluo\u0161tai 1,5%, \u017eali riebalai 16%, \u017eali pelenai 8%, omega-6 3,2%, omega-3 0,6%, kalcis 2,1%, fosforas 1,2%. Energetin\u0117 vert\u0117 100 g\/404,4 kcal<\/p>\n","protected":false},"featured_media":55805,"template":"","meta":[],"product_brand":[],"product_cat":[528],"product_tag":[],"class_list":{"0":"post-55802","1":"product","2":"type-product","3":"status-publish","4":"has-post-thumbnail","6":"product_cat-sausas-maistas","8":"first","9":"outofstock","10":"taxable","11":"shipping-taxable","12":"purchasable","13":"product-type-simple"},"yoast_head":"<!-- This site is optimized with the Yoast SEO plugin v27.4 - https:\/\/yoast.com\/product\/yoast-seo-wordpress\/ -->\n<title>Applaws pilnavert\u0117 sauso maist\u0105 kat\u0117ms su vi\u0161tiena ir la\u0161i\u0161a 2 kg - MiuMjau<\/title>\n<meta name=\"robots\" content=\"index, follow, max-snippet:-1, max-image-preview:large, max-video-preview:-1\" \/>\n<link rel=\"canonical\" href=\"https:\/\/miumjau.ee\/lt\/produktas\/applaws-pilnaverte-sauso-maista-katems-su-vistiena-ir-lasisa-2-kg\/\" \/>\n<meta property=\"og:locale\" content=\"lt_LT\" \/>\n<meta property=\"og:type\" content=\"article\" \/>\n<meta property=\"og:title\" content=\"Applaws pilnavert\u0117 sauso maist\u0105 kat\u0117ms su vi\u0161tiena ir la\u0161i\u0161a 2 kg - MiuMjau\" \/>\n<meta property=\"og:description\" content=\"Pilnavertis maistas su vi\u0161tiena ir la\u0161i\u0161a suaugusiems kat\u0117ms. Tinka ir sterilizuotoms\/kastruotoms kat\u0117ms. Applaws sausas maistas yra hipoalergi\u0161kas. Be gr\u016bd\u0173. Pagamintas i\u0161 ne ma\u017eiau kaip 80% gyv\u016bnin\u0117s kilm\u0117s baltym\u0173. Rekomenduojamas dienos kiekis ir \u0161\u0117rimo instrukcijos:\u0160\u0117rimo instrukcijos: \u017er. ant pakuot\u0117s. Kiekis gali skirtis priklausomai nuo gyv\u016bno dyd\u017eio, am\u017eiaus ir aktyvumo. Pereinant prie naujo maisto pirm\u0105 kart\u0105, laikytis palaipsniui 7\u201310 dien\u0173. Visada u\u017etikrinkite prieig\u0105 prie \u0161vie\u017eio geriamojo vandens. Patiekti saus\u0105. Laikyti sausoje ir v\u0117sioje vietoje. Sud\u0117tis: vi\u0161tienos miltai 40%, bulv\u0117s*, la\u0161i\u0161a 9,5% (\u0161vie\u017eiai pagaminta la\u0161i\u0161a* 5,5%, la\u0161i\u0161os miltai 4%), pauk\u0161\u010di\u0173 riebalai 8%, vitaminai ir mineralai, burok\u0117li\u0173 mas\u0117*, pada\u017eas i\u0161 pauk\u0161tienos 1,5%, la\u0161i\u0161os aliejus 0,5%, kiau\u0161ini\u0173 milteliai*, d\u017eiovintos alaus miel\u0117s*, cikorijos ekstraktas* 0,2% (prebiotinio FOS \u0161altinis), j\u016bros dumbliai*, Yucca schidigera ekstraktas*, spanguoli\u0173 milteliai. *Nat\u016bral\u016bs ingredientai. Papildomos maistin\u0117s med\u017eiagos (1 kg):Vitaminai: A vitaminas 29000 IU, D3 vitaminas 1000 IU, E vitaminas 640 mg, taurinas 1000 mg. Amino r\u016bg\u0161tys: DL-metioninas 250 mg. Mikroelementai: jodas (kalcio jodidas, be vandens) 1 mg, gele\u017eis (gele\u017eies(II)sulfato monohidratas) 50 mg, cinkas (cinko sulfato monohidratas) 100 mg, manganas (mangano(II) oksidas) 50 mg, varis (vario(II)sulfato pentahidrat) 5 mg. Technologin\u0117s priedai: antioksidantai: tokoferolio ekstraktai. Prie\u0161 sukibim\u0105 skatinan\u010dios med\u017eiagos: sepiolitas 300 mg. Sensoriniai priedai: rozmarino ekstraktas. Analitin\u0117 sud\u0117tis: \u017eali baltymai 36,5%, \u017eali pluo\u0161tai 1,5%, \u017eali riebalai 16%, \u017eali pelenai 8%, omega-6 3,2%, omega-3 0,6%, kalcis 2,1%, fosforas 1,2%. Energetin\u0117 vert\u0117 100 g\/404,4 kcal\" \/>\n<meta property=\"og:url\" content=\"https:\/\/miumjau.ee\/lt\/produktas\/applaws-pilnaverte-sauso-maista-katems-su-vistiena-ir-lasisa-2-kg\/\" \/>\n<meta property=\"og:site_name\" content=\"MiuMjau\" \/>\n<meta property=\"article:publisher\" content=\"https:\/\/www.facebook.com\/miumjaupood\/\" \/>\n<meta property=\"og:image\" content=\"https:\/\/miumjau.ee\/wp-content\/uploads\/2024\/11\/applaws-chicken-salmon-adult-2kg.jpg\" \/>\n\t<meta property=\"og:image:width\" content=\"600\" \/>\n\t<meta property=\"og:image:height\" content=\"800\" \/>\n\t<meta property=\"og:image:type\" content=\"image\/jpeg\" \/>\n<meta name=\"twitter:card\" content=\"summary_large_image\" \/>\n<script type=\"application\/ld+json\" class=\"yoast-schema-graph\">{\"@context\":\"https:\\\/\\\/schema.org\",\"@graph\":[{\"@type\":\"WebPage\",\"@id\":\"https:\\\/\\\/miumjau.ee\\\/lt\\\/produktas\\\/applaws-pilnaverte-sauso-maista-katems-su-vistiena-ir-lasisa-2-kg\\\/\",\"url\":\"https:\\\/\\\/miumjau.ee\\\/lt\\\/produktas\\\/applaws-pilnaverte-sauso-maista-katems-su-vistiena-ir-lasisa-2-kg\\\/\",\"name\":\"Applaws pilnavert\u0117 sauso maist\u0105 kat\u0117ms su vi\u0161tiena ir la\u0161i\u0161a 2 kg - MiuMjau\",\"isPartOf\":{\"@id\":\"https:\\\/\\\/miumjau.ee\\\/#website\"},\"primaryImageOfPage\":{\"@id\":\"https:\\\/\\\/miumjau.ee\\\/lt\\\/produktas\\\/applaws-pilnaverte-sauso-maista-katems-su-vistiena-ir-lasisa-2-kg\\\/#primaryimage\"},\"image\":{\"@id\":\"https:\\\/\\\/miumjau.ee\\\/lt\\\/produktas\\\/applaws-pilnaverte-sauso-maista-katems-su-vistiena-ir-lasisa-2-kg\\\/#primaryimage\"},\"thumbnailUrl\":\"https:\\\/\\\/miumjau.ee\\\/wp-content\\\/uploads\\\/2024\\\/11\\\/applaws-chicken-salmon-adult-2kg.jpg\",\"datePublished\":\"2024-11-18T08:40:26+00:00\",\"breadcrumb\":{\"@id\":\"https:\\\/\\\/miumjau.ee\\\/lt\\\/produktas\\\/applaws-pilnaverte-sauso-maista-katems-su-vistiena-ir-lasisa-2-kg\\\/#breadcrumb\"},\"inLanguage\":\"lt-LT\",\"potentialAction\":[{\"@type\":\"ReadAction\",\"target\":[\"https:\\\/\\\/miumjau.ee\\\/lt\\\/produktas\\\/applaws-pilnaverte-sauso-maista-katems-su-vistiena-ir-lasisa-2-kg\\\/\"]}]},{\"@type\":\"ImageObject\",\"inLanguage\":\"lt-LT\",\"@id\":\"https:\\\/\\\/miumjau.ee\\\/lt\\\/produktas\\\/applaws-pilnaverte-sauso-maista-katems-su-vistiena-ir-lasisa-2-kg\\\/#primaryimage\",\"url\":\"https:\\\/\\\/miumjau.ee\\\/wp-content\\\/uploads\\\/2024\\\/11\\\/applaws-chicken-salmon-adult-2kg.jpg\",\"contentUrl\":\"https:\\\/\\\/miumjau.ee\\\/wp-content\\\/uploads\\\/2024\\\/11\\\/applaws-chicken-salmon-adult-2kg.jpg\",\"width\":600,\"height\":800},{\"@type\":\"BreadcrumbList\",\"@id\":\"https:\\\/\\\/miumjau.ee\\\/lt\\\/produktas\\\/applaws-pilnaverte-sauso-maista-katems-su-vistiena-ir-lasisa-2-kg\\\/#breadcrumb\",\"itemListElement\":[{\"@type\":\"ListItem\",\"position\":1,\"name\":\"Home\",\"item\":\"https:\\\/\\\/miumjau.ee\\\/lt\\\/\"},{\"@type\":\"ListItem\",\"position\":2,\"name\":\"Parduotuv\u0117\",\"item\":\"https:\\\/\\\/miumjau.ee\\\/lt\\\/parduotuve\\\/\"},{\"@type\":\"ListItem\",\"position\":3,\"name\":\"Applaws pilnavert\u0117 sauso maist\u0105 kat\u0117ms su vi\u0161tiena ir la\u0161i\u0161a 2 kg\"}]},{\"@type\":\"WebSite\",\"@id\":\"https:\\\/\\\/miumjau.ee\\\/#website\",\"url\":\"https:\\\/\\\/miumjau.ee\\\/\",\"name\":\"MiuMjau\",\"description\":\"Kraapimispuud kassidele\",\"publisher\":{\"@id\":\"https:\\\/\\\/miumjau.ee\\\/#organization\"},\"potentialAction\":[{\"@type\":\"SearchAction\",\"target\":{\"@type\":\"EntryPoint\",\"urlTemplate\":\"https:\\\/\\\/miumjau.ee\\\/?s={search_term_string}\"},\"query-input\":{\"@type\":\"PropertyValueSpecification\",\"valueRequired\":true,\"valueName\":\"search_term_string\"}}],\"inLanguage\":\"lt-LT\"},{\"@type\":\"Organization\",\"@id\":\"https:\\\/\\\/miumjau.ee\\\/#organization\",\"name\":\"MiuMjau O\u00dc\",\"url\":\"https:\\\/\\\/miumjau.ee\\\/\",\"logo\":{\"@type\":\"ImageObject\",\"inLanguage\":\"lt-LT\",\"@id\":\"https:\\\/\\\/miumjau.ee\\\/#\\\/schema\\\/logo\\\/image\\\/\",\"url\":\"https:\\\/\\\/miumjau.ee\\\/wp-content\\\/uploads\\\/2022\\\/04\\\/MiuMjau-logo-kollane.png\",\"contentUrl\":\"https:\\\/\\\/miumjau.ee\\\/wp-content\\\/uploads\\\/2022\\\/04\\\/MiuMjau-logo-kollane.png\",\"width\":219,\"height\":100,\"caption\":\"MiuMjau O\u00dc\"},\"image\":{\"@id\":\"https:\\\/\\\/miumjau.ee\\\/#\\\/schema\\\/logo\\\/image\\\/\"},\"sameAs\":[\"https:\\\/\\\/www.facebook.com\\\/miumjaupood\\\/\"]}]}<\/script>\n<!-- \/ Yoast SEO plugin. -->","yoast_head_json":{"title":"Applaws pilnavert\u0117 sauso maist\u0105 kat\u0117ms su vi\u0161tiena ir la\u0161i\u0161a 2 kg - MiuMjau","robots":{"index":"index","follow":"follow","max-snippet":"max-snippet:-1","max-image-preview":"max-image-preview:large","max-video-preview":"max-video-preview:-1"},"canonical":"https:\/\/miumjau.ee\/lt\/produktas\/applaws-pilnaverte-sauso-maista-katems-su-vistiena-ir-lasisa-2-kg\/","og_locale":"lt_LT","og_type":"article","og_title":"Applaws pilnavert\u0117 sauso maist\u0105 kat\u0117ms su vi\u0161tiena ir la\u0161i\u0161a 2 kg - MiuMjau","og_description":"Pilnavertis maistas su vi\u0161tiena ir la\u0161i\u0161a suaugusiems kat\u0117ms. Tinka ir sterilizuotoms\/kastruotoms kat\u0117ms. Applaws sausas maistas yra hipoalergi\u0161kas. Be gr\u016bd\u0173. Pagamintas i\u0161 ne ma\u017eiau kaip 80% gyv\u016bnin\u0117s kilm\u0117s baltym\u0173. Rekomenduojamas dienos kiekis ir \u0161\u0117rimo instrukcijos:\u0160\u0117rimo instrukcijos: \u017er. ant pakuot\u0117s. Kiekis gali skirtis priklausomai nuo gyv\u016bno dyd\u017eio, am\u017eiaus ir aktyvumo. Pereinant prie naujo maisto pirm\u0105 kart\u0105, laikytis palaipsniui 7\u201310 dien\u0173. Visada u\u017etikrinkite prieig\u0105 prie \u0161vie\u017eio geriamojo vandens. Patiekti saus\u0105. Laikyti sausoje ir v\u0117sioje vietoje. Sud\u0117tis: vi\u0161tienos miltai 40%, bulv\u0117s*, la\u0161i\u0161a 9,5% (\u0161vie\u017eiai pagaminta la\u0161i\u0161a* 5,5%, la\u0161i\u0161os miltai 4%), pauk\u0161\u010di\u0173 riebalai 8%, vitaminai ir mineralai, burok\u0117li\u0173 mas\u0117*, pada\u017eas i\u0161 pauk\u0161tienos 1,5%, la\u0161i\u0161os aliejus 0,5%, kiau\u0161ini\u0173 milteliai*, d\u017eiovintos alaus miel\u0117s*, cikorijos ekstraktas* 0,2% (prebiotinio FOS \u0161altinis), j\u016bros dumbliai*, Yucca schidigera ekstraktas*, spanguoli\u0173 milteliai. *Nat\u016bral\u016bs ingredientai. Papildomos maistin\u0117s med\u017eiagos (1 kg):Vitaminai: A vitaminas 29000 IU, D3 vitaminas 1000 IU, E vitaminas 640 mg, taurinas 1000 mg. Amino r\u016bg\u0161tys: DL-metioninas 250 mg. Mikroelementai: jodas (kalcio jodidas, be vandens) 1 mg, gele\u017eis (gele\u017eies(II)sulfato monohidratas) 50 mg, cinkas (cinko sulfato monohidratas) 100 mg, manganas (mangano(II) oksidas) 50 mg, varis (vario(II)sulfato pentahidrat) 5 mg. Technologin\u0117s priedai: antioksidantai: tokoferolio ekstraktai. Prie\u0161 sukibim\u0105 skatinan\u010dios med\u017eiagos: sepiolitas 300 mg. Sensoriniai priedai: rozmarino ekstraktas. Analitin\u0117 sud\u0117tis: \u017eali baltymai 36,5%, \u017eali pluo\u0161tai 1,5%, \u017eali riebalai 16%, \u017eali pelenai 8%, omega-6 3,2%, omega-3 0,6%, kalcis 2,1%, fosforas 1,2%. Energetin\u0117 vert\u0117 100 g\/404,4 kcal","og_url":"https:\/\/miumjau.ee\/lt\/produktas\/applaws-pilnaverte-sauso-maista-katems-su-vistiena-ir-lasisa-2-kg\/","og_site_name":"MiuMjau","article_publisher":"https:\/\/www.facebook.com\/miumjaupood\/","og_image":[{"width":600,"height":800,"url":"https:\/\/miumjau.ee\/wp-content\/uploads\/2024\/11\/applaws-chicken-salmon-adult-2kg.jpg","type":"image\/jpeg"}],"twitter_card":"summary_large_image","schema":{"@context":"https:\/\/schema.org","@graph":[{"@type":"WebPage","@id":"https:\/\/miumjau.ee\/lt\/produktas\/applaws-pilnaverte-sauso-maista-katems-su-vistiena-ir-lasisa-2-kg\/","url":"https:\/\/miumjau.ee\/lt\/produktas\/applaws-pilnaverte-sauso-maista-katems-su-vistiena-ir-lasisa-2-kg\/","name":"Applaws pilnavert\u0117 sauso maist\u0105 kat\u0117ms su vi\u0161tiena ir la\u0161i\u0161a 2 kg - MiuMjau","isPartOf":{"@id":"https:\/\/miumjau.ee\/#website"},"primaryImageOfPage":{"@id":"https:\/\/miumjau.ee\/lt\/produktas\/applaws-pilnaverte-sauso-maista-katems-su-vistiena-ir-lasisa-2-kg\/#primaryimage"},"image":{"@id":"https:\/\/miumjau.ee\/lt\/produktas\/applaws-pilnaverte-sauso-maista-katems-su-vistiena-ir-lasisa-2-kg\/#primaryimage"},"thumbnailUrl":"https:\/\/miumjau.ee\/wp-content\/uploads\/2024\/11\/applaws-chicken-salmon-adult-2kg.jpg","datePublished":"2024-11-18T08:40:26+00:00","breadcrumb":{"@id":"https:\/\/miumjau.ee\/lt\/produktas\/applaws-pilnaverte-sauso-maista-katems-su-vistiena-ir-lasisa-2-kg\/#breadcrumb"},"inLanguage":"lt-LT","potentialAction":[{"@type":"ReadAction","target":["https:\/\/miumjau.ee\/lt\/produktas\/applaws-pilnaverte-sauso-maista-katems-su-vistiena-ir-lasisa-2-kg\/"]}]},{"@type":"ImageObject","inLanguage":"lt-LT","@id":"https:\/\/miumjau.ee\/lt\/produktas\/applaws-pilnaverte-sauso-maista-katems-su-vistiena-ir-lasisa-2-kg\/#primaryimage","url":"https:\/\/miumjau.ee\/wp-content\/uploads\/2024\/11\/applaws-chicken-salmon-adult-2kg.jpg","contentUrl":"https:\/\/miumjau.ee\/wp-content\/uploads\/2024\/11\/applaws-chicken-salmon-adult-2kg.jpg","width":600,"height":800},{"@type":"BreadcrumbList","@id":"https:\/\/miumjau.ee\/lt\/produktas\/applaws-pilnaverte-sauso-maista-katems-su-vistiena-ir-lasisa-2-kg\/#breadcrumb","itemListElement":[{"@type":"ListItem","position":1,"name":"Home","item":"https:\/\/miumjau.ee\/lt\/"},{"@type":"ListItem","position":2,"name":"Parduotuv\u0117","item":"https:\/\/miumjau.ee\/lt\/parduotuve\/"},{"@type":"ListItem","position":3,"name":"Applaws pilnavert\u0117 sauso maist\u0105 kat\u0117ms su vi\u0161tiena ir la\u0161i\u0161a 2 kg"}]},{"@type":"WebSite","@id":"https:\/\/miumjau.ee\/#website","url":"https:\/\/miumjau.ee\/","name":"MiuMjau","description":"Kraapimispuud kassidele","publisher":{"@id":"https:\/\/miumjau.ee\/#organization"},"potentialAction":[{"@type":"SearchAction","target":{"@type":"EntryPoint","urlTemplate":"https:\/\/miumjau.ee\/?s={search_term_string}"},"query-input":{"@type":"PropertyValueSpecification","valueRequired":true,"valueName":"search_term_string"}}],"inLanguage":"lt-LT"},{"@type":"Organization","@id":"https:\/\/miumjau.ee\/#organization","name":"MiuMjau O\u00dc","url":"https:\/\/miumjau.ee\/","logo":{"@type":"ImageObject","inLanguage":"lt-LT","@id":"https:\/\/miumjau.ee\/#\/schema\/logo\/image\/","url":"https:\/\/miumjau.ee\/wp-content\/uploads\/2022\/04\/MiuMjau-logo-kollane.png","contentUrl":"https:\/\/miumjau.ee\/wp-content\/uploads\/2022\/04\/MiuMjau-logo-kollane.png","width":219,"height":100,"caption":"MiuMjau O\u00dc"},"image":{"@id":"https:\/\/miumjau.ee\/#\/schema\/logo\/image\/"},"sameAs":["https:\/\/www.facebook.com\/miumjaupood\/"]}]}},"_links":{"self":[{"href":"https:\/\/miumjau.ee\/lt\/wp-json\/wp\/v2\/product\/55802","targetHints":{"allow":["GET"]}}],"collection":[{"href":"https:\/\/miumjau.ee\/lt\/wp-json\/wp\/v2\/product"}],"about":[{"href":"https:\/\/miumjau.ee\/lt\/wp-json\/wp\/v2\/types\/product"}],"wp:featuredmedia":[{"embeddable":true,"href":"https:\/\/miumjau.ee\/lt\/wp-json\/wp\/v2\/media\/55805"}],"wp:attachment":[{"href":"https:\/\/miumjau.ee\/lt\/wp-json\/wp\/v2\/media?parent=55802"}],"wp:term":[{"taxonomy":"product_brand","embeddable":true,"href":"https:\/\/miumjau.ee\/lt\/wp-json\/wp\/v2\/product_brand?post=55802"},{"taxonomy":"product_cat","embeddable":true,"href":"https:\/\/miumjau.ee\/lt\/wp-json\/wp\/v2\/product_cat?post=55802"},{"taxonomy":"product_tag","embeddable":true,"href":"https:\/\/miumjau.ee\/lt\/wp-json\/wp\/v2\/product_tag?post=55802"}],"curies":[{"name":"wp","href":"https:\/\/api.w.org\/{rel}","templated":true}]}}