{"id":55782,"date":"2024-11-15T10:10:14","date_gmt":"2024-11-15T08:10:14","guid":{"rendered":"https:\/\/miumjau.ee\/toode\/ontario-konservuotas-maistas-katems-tuno-ir-lasiu-sultinyje-80-g\/"},"modified":"2024-11-15T10:10:14","modified_gmt":"2024-11-15T08:10:14","slug":"ontario-konservuotas-maistas-katems-tuno-ir-lasiu-sultinyje-80-g","status":"publish","type":"product","link":"https:\/\/miumjau.ee\/lt\/produktas\/ontario-konservuotas-maistas-katems-tuno-ir-lasiu-sultinyje-80-g\/","title":{"rendered":"Ontario konservuotas maistas kat\u0117ms, tuno ir la\u0161i\u0173 sultinyje 80 g"},"content":{"rendered":"","protected":false},"excerpt":{"rendered":"<p data-start=\"1550\" data-end=\"1669\">ONTARIO Tuna &amp; Salmon \u2013 konservuotas maistas kat\u0117ms su tuno ir la\u0161i\u0173 gabaliukais sultinyje. Auk\u0161\u010diausia kokyb\u0117. 80 g.<\/p>\n<ul data-start=\"1671\" data-end=\"2058\">\n<li data-section-id=\"ztimao\" data-start=\"1671\" data-end=\"1704\">Kruop\u0161\u010diai parinktos \u017ealiavos<\/li>\n<li data-section-id=\"wz4ctt\" data-start=\"1705\" data-end=\"1760\">Su arbatos ekstraktu, kuris skatina gaiv\u0173 kv\u0117pavim\u0105<\/li>\n<li data-section-id=\"1ar4ax2\" data-start=\"1761\" data-end=\"1820\">Turinys taurino, kuris palaiko sveik\u0105 \u0161ird\u012f ir reg\u0117jim\u0105<\/li>\n<li data-section-id=\"1ewomcu\" data-start=\"1821\" data-end=\"1918\">Praturtinta dar\u017eov\u0117mis (morkos, kukur\u016bzai, pupel\u0117s) vir\u0161kinimo palaikymui \u2013 skaidul\u0173 \u0161altinis<\/li>\n<li data-section-id=\"2msryj\" data-start=\"1919\" data-end=\"2009\">Skanus m\u0117sos sultinys, kuris vienu metu padeda u\u017etikrinti kasdien\u012f skys\u010di\u0173 suvartojim\u0105<\/li>\n<li data-section-id=\"12qxlt7\" data-start=\"2010\" data-end=\"2043\">Be prid\u0117t\u0173 dirbtini\u0173 da\u017eikli\u0173<\/li>\n<li data-section-id=\"1rrnrea\" data-start=\"2044\" data-end=\"2058\">Be glitimo<\/li>\n<\/ul>\n<p data-start=\"2060\" data-end=\"2087\"><strong data-start=\"2060\" data-end=\"2080\">Grynasis kiekis:<\/strong> 80 g<\/p>\n<p data-start=\"2089\" data-end=\"2426\"><strong data-start=\"2089\" data-end=\"2101\">Sud\u0117tis:<\/strong> m\u0117sa ir gyv\u016bniniai produktai, \u017euvys ir \u017euvies produktai 72,44% (tunas 39,76%, vi\u0161tiena 30,28%, la\u0161i\u0161a 2,4%), vi\u0161tienos sultinys 25,712%, karagenas 0,78%, druska 0,4%, kvie\u010di\u0173 miltai 0,24%, krakmolas 0,22%, glicerinas 0,12%, taurinas 0,08%, arbatos ekstraktas 0,005%, vitaminai (A, B2, B3, B5, D3, E, polidekstroze) 0,003%.<\/p>\n<p data-start=\"2428\" data-end=\"2542\"><strong data-start=\"2428\" data-end=\"2450\">Analitin\u0117 sud\u0117tis:<\/strong> \u017eali baltymai 12%, \u017eali riebalai 0,5%, \u017eali pluo\u0161tai 0,5%, \u017eali pelenai 1,5%, dr\u0117gm\u0117 87%.<\/p>\n<p data-start=\"2544\" data-end=\"2630\"><strong data-start=\"2544\" data-end=\"2565\">\u0160\u0117rimo nurodymai:<\/strong> dienos norma priklauso nuo kat\u0117s aktyvumo, am\u017eiaus ir veisl\u0117s.<\/p>\n<p data-start=\"2632\" data-end=\"2910\" data-is-last-node=\"\" data-is-only-node=\"\">Tinka ka\u010diukams nuo 4 m\u0117nesi\u0173 am\u017eiaus.<br data-start=\"2670\" data-end=\"2673\" \/>Naudoti papildomai prie kat\u0117s \u012fprastos dietos. Laikyti sausoje ir v\u0117sioje vietoje. Atidarius laikyti \u0161aldytuve ir sunaudoti per 24 valandas. Produktas n\u0117ra skirtas \u017emoni\u0173 maistui. Visada u\u017etikrinti prieig\u0105 prie \u0161vie\u017eio geriamojo vandens.<\/p>\n","protected":false},"featured_media":55783,"template":"","meta":[],"product_brand":[],"product_cat":[526],"product_tag":[],"class_list":{"0":"post-55782","1":"product","2":"type-product","3":"status-publish","4":"has-post-thumbnail","6":"product_cat-slapias-maistas","8":"first","9":"instock","10":"taxable","11":"shipping-taxable","12":"purchasable","13":"product-type-simple"},"yoast_head":"<!-- This site is optimized with the Yoast SEO plugin v27.4 - https:\/\/yoast.com\/product\/yoast-seo-wordpress\/ -->\n<title>Ontario konservuotas maistas kat\u0117ms, tuno ir la\u0161i\u0173 sultinyje 80 g - MiuMjau<\/title>\n<meta name=\"robots\" content=\"index, follow, max-snippet:-1, max-image-preview:large, max-video-preview:-1\" \/>\n<link rel=\"canonical\" href=\"https:\/\/miumjau.ee\/lt\/produktas\/ontario-konservuotas-maistas-katems-tuno-ir-lasiu-sultinyje-80-g\/\" \/>\n<meta property=\"og:locale\" content=\"lt_LT\" \/>\n<meta property=\"og:type\" content=\"article\" \/>\n<meta property=\"og:title\" content=\"Ontario konservuotas maistas kat\u0117ms, tuno ir la\u0161i\u0173 sultinyje 80 g - MiuMjau\" \/>\n<meta property=\"og:description\" content=\"ONTARIO Tuna &amp; Salmon \u2013 konservuotas maistas kat\u0117ms su tuno ir la\u0161i\u0173 gabaliukais sultinyje. Auk\u0161\u010diausia kokyb\u0117. 80 g.    Kruop\u0161\u010diai parinktos \u017ealiavos  Su arbatos ekstraktu, kuris skatina gaiv\u0173 kv\u0117pavim\u0105  Turinys taurino, kuris palaiko sveik\u0105 \u0161ird\u012f ir reg\u0117jim\u0105  Praturtinta dar\u017eov\u0117mis (morkos, kukur\u016bzai, pupel\u0117s) vir\u0161kinimo palaikymui \u2013 skaidul\u0173 \u0161altinis  Skanus m\u0117sos sultinys, kuris vienu metu padeda u\u017etikrinti kasdien\u012f skys\u010di\u0173 suvartojim\u0105  Be prid\u0117t\u0173 dirbtini\u0173 da\u017eikli\u0173  Be glitimo  Grynasis kiekis: 80 g Sud\u0117tis: m\u0117sa ir gyv\u016bniniai produktai, \u017euvys ir \u017euvies produktai 72,44% (tunas 39,76%, vi\u0161tiena 30,28%, la\u0161i\u0161a 2,4%), vi\u0161tienos sultinys 25,712%, karagenas 0,78%, druska 0,4%, kvie\u010di\u0173 miltai 0,24%, krakmolas 0,22%, glicerinas 0,12%, taurinas 0,08%, arbatos ekstraktas 0,005%, vitaminai (A, B2, B3, B5, D3, E, polidekstroze) 0,003%. Analitin\u0117 sud\u0117tis: \u017eali baltymai 12%, \u017eali riebalai 0,5%, \u017eali pluo\u0161tai 0,5%, \u017eali pelenai 1,5%, dr\u0117gm\u0117 87%. \u0160\u0117rimo nurodymai: dienos norma priklauso nuo kat\u0117s aktyvumo, am\u017eiaus ir veisl\u0117s. Tinka ka\u010diukams nuo 4 m\u0117nesi\u0173 am\u017eiaus.Naudoti papildomai prie kat\u0117s \u012fprastos dietos. Laikyti sausoje ir v\u0117sioje vietoje. Atidarius laikyti \u0161aldytuve ir sunaudoti per 24 valandas. Produktas n\u0117ra skirtas \u017emoni\u0173 maistui. Visada u\u017etikrinti prieig\u0105 prie \u0161vie\u017eio geriamojo vandens.\" \/>\n<meta property=\"og:url\" content=\"https:\/\/miumjau.ee\/lt\/produktas\/ontario-konservuotas-maistas-katems-tuno-ir-lasiu-sultinyje-80-g\/\" \/>\n<meta property=\"og:site_name\" content=\"MiuMjau\" \/>\n<meta property=\"article:publisher\" content=\"https:\/\/www.facebook.com\/miumjaupood\/\" \/>\n<meta property=\"og:image\" content=\"https:\/\/miumjau.ee\/wp-content\/uploads\/2024\/11\/ontario-margtoit-kassile-puljongis80g3.jpg\" \/>\n\t<meta property=\"og:image:width\" content=\"600\" \/>\n\t<meta property=\"og:image:height\" content=\"800\" \/>\n\t<meta property=\"og:image:type\" content=\"image\/jpeg\" \/>\n<meta name=\"twitter:card\" content=\"summary_large_image\" \/>\n<script type=\"application\/ld+json\" class=\"yoast-schema-graph\">{\"@context\":\"https:\\\/\\\/schema.org\",\"@graph\":[{\"@type\":\"WebPage\",\"@id\":\"https:\\\/\\\/miumjau.ee\\\/lt\\\/produktas\\\/ontario-konservuotas-maistas-katems-tuno-ir-lasiu-sultinyje-80-g\\\/\",\"url\":\"https:\\\/\\\/miumjau.ee\\\/lt\\\/produktas\\\/ontario-konservuotas-maistas-katems-tuno-ir-lasiu-sultinyje-80-g\\\/\",\"name\":\"Ontario konservuotas maistas kat\u0117ms, tuno ir la\u0161i\u0173 sultinyje 80 g - MiuMjau\",\"isPartOf\":{\"@id\":\"https:\\\/\\\/miumjau.ee\\\/#website\"},\"primaryImageOfPage\":{\"@id\":\"https:\\\/\\\/miumjau.ee\\\/lt\\\/produktas\\\/ontario-konservuotas-maistas-katems-tuno-ir-lasiu-sultinyje-80-g\\\/#primaryimage\"},\"image\":{\"@id\":\"https:\\\/\\\/miumjau.ee\\\/lt\\\/produktas\\\/ontario-konservuotas-maistas-katems-tuno-ir-lasiu-sultinyje-80-g\\\/#primaryimage\"},\"thumbnailUrl\":\"https:\\\/\\\/miumjau.ee\\\/wp-content\\\/uploads\\\/2024\\\/11\\\/ontario-margtoit-kassile-puljongis80g3.jpg\",\"datePublished\":\"2024-11-15T08:10:14+00:00\",\"breadcrumb\":{\"@id\":\"https:\\\/\\\/miumjau.ee\\\/lt\\\/produktas\\\/ontario-konservuotas-maistas-katems-tuno-ir-lasiu-sultinyje-80-g\\\/#breadcrumb\"},\"inLanguage\":\"lt-LT\",\"potentialAction\":[{\"@type\":\"ReadAction\",\"target\":[\"https:\\\/\\\/miumjau.ee\\\/lt\\\/produktas\\\/ontario-konservuotas-maistas-katems-tuno-ir-lasiu-sultinyje-80-g\\\/\"]}]},{\"@type\":\"ImageObject\",\"inLanguage\":\"lt-LT\",\"@id\":\"https:\\\/\\\/miumjau.ee\\\/lt\\\/produktas\\\/ontario-konservuotas-maistas-katems-tuno-ir-lasiu-sultinyje-80-g\\\/#primaryimage\",\"url\":\"https:\\\/\\\/miumjau.ee\\\/wp-content\\\/uploads\\\/2024\\\/11\\\/ontario-margtoit-kassile-puljongis80g3.jpg\",\"contentUrl\":\"https:\\\/\\\/miumjau.ee\\\/wp-content\\\/uploads\\\/2024\\\/11\\\/ontario-margtoit-kassile-puljongis80g3.jpg\",\"width\":600,\"height\":800},{\"@type\":\"BreadcrumbList\",\"@id\":\"https:\\\/\\\/miumjau.ee\\\/lt\\\/produktas\\\/ontario-konservuotas-maistas-katems-tuno-ir-lasiu-sultinyje-80-g\\\/#breadcrumb\",\"itemListElement\":[{\"@type\":\"ListItem\",\"position\":1,\"name\":\"Home\",\"item\":\"https:\\\/\\\/miumjau.ee\\\/lt\\\/\"},{\"@type\":\"ListItem\",\"position\":2,\"name\":\"Parduotuv\u0117\",\"item\":\"https:\\\/\\\/miumjau.ee\\\/lt\\\/parduotuve\\\/\"},{\"@type\":\"ListItem\",\"position\":3,\"name\":\"Ontario konservuotas maistas kat\u0117ms, tuno ir la\u0161i\u0173 sultinyje 80 g\"}]},{\"@type\":\"WebSite\",\"@id\":\"https:\\\/\\\/miumjau.ee\\\/#website\",\"url\":\"https:\\\/\\\/miumjau.ee\\\/\",\"name\":\"MiuMjau\",\"description\":\"Kraapimispuud kassidele\",\"publisher\":{\"@id\":\"https:\\\/\\\/miumjau.ee\\\/#organization\"},\"potentialAction\":[{\"@type\":\"SearchAction\",\"target\":{\"@type\":\"EntryPoint\",\"urlTemplate\":\"https:\\\/\\\/miumjau.ee\\\/?s={search_term_string}\"},\"query-input\":{\"@type\":\"PropertyValueSpecification\",\"valueRequired\":true,\"valueName\":\"search_term_string\"}}],\"inLanguage\":\"lt-LT\"},{\"@type\":\"Organization\",\"@id\":\"https:\\\/\\\/miumjau.ee\\\/#organization\",\"name\":\"MiuMjau O\u00dc\",\"url\":\"https:\\\/\\\/miumjau.ee\\\/\",\"logo\":{\"@type\":\"ImageObject\",\"inLanguage\":\"lt-LT\",\"@id\":\"https:\\\/\\\/miumjau.ee\\\/#\\\/schema\\\/logo\\\/image\\\/\",\"url\":\"https:\\\/\\\/miumjau.ee\\\/wp-content\\\/uploads\\\/2022\\\/04\\\/MiuMjau-logo-kollane.png\",\"contentUrl\":\"https:\\\/\\\/miumjau.ee\\\/wp-content\\\/uploads\\\/2022\\\/04\\\/MiuMjau-logo-kollane.png\",\"width\":219,\"height\":100,\"caption\":\"MiuMjau O\u00dc\"},\"image\":{\"@id\":\"https:\\\/\\\/miumjau.ee\\\/#\\\/schema\\\/logo\\\/image\\\/\"},\"sameAs\":[\"https:\\\/\\\/www.facebook.com\\\/miumjaupood\\\/\"]}]}<\/script>\n<!-- \/ Yoast SEO plugin. -->","yoast_head_json":{"title":"Ontario konservuotas maistas kat\u0117ms, tuno ir la\u0161i\u0173 sultinyje 80 g - MiuMjau","robots":{"index":"index","follow":"follow","max-snippet":"max-snippet:-1","max-image-preview":"max-image-preview:large","max-video-preview":"max-video-preview:-1"},"canonical":"https:\/\/miumjau.ee\/lt\/produktas\/ontario-konservuotas-maistas-katems-tuno-ir-lasiu-sultinyje-80-g\/","og_locale":"lt_LT","og_type":"article","og_title":"Ontario konservuotas maistas kat\u0117ms, tuno ir la\u0161i\u0173 sultinyje 80 g - MiuMjau","og_description":"ONTARIO Tuna &amp; Salmon \u2013 konservuotas maistas kat\u0117ms su tuno ir la\u0161i\u0173 gabaliukais sultinyje. Auk\u0161\u010diausia kokyb\u0117. 80 g.    Kruop\u0161\u010diai parinktos \u017ealiavos  Su arbatos ekstraktu, kuris skatina gaiv\u0173 kv\u0117pavim\u0105  Turinys taurino, kuris palaiko sveik\u0105 \u0161ird\u012f ir reg\u0117jim\u0105  Praturtinta dar\u017eov\u0117mis (morkos, kukur\u016bzai, pupel\u0117s) vir\u0161kinimo palaikymui \u2013 skaidul\u0173 \u0161altinis  Skanus m\u0117sos sultinys, kuris vienu metu padeda u\u017etikrinti kasdien\u012f skys\u010di\u0173 suvartojim\u0105  Be prid\u0117t\u0173 dirbtini\u0173 da\u017eikli\u0173  Be glitimo  Grynasis kiekis: 80 g Sud\u0117tis: m\u0117sa ir gyv\u016bniniai produktai, \u017euvys ir \u017euvies produktai 72,44% (tunas 39,76%, vi\u0161tiena 30,28%, la\u0161i\u0161a 2,4%), vi\u0161tienos sultinys 25,712%, karagenas 0,78%, druska 0,4%, kvie\u010di\u0173 miltai 0,24%, krakmolas 0,22%, glicerinas 0,12%, taurinas 0,08%, arbatos ekstraktas 0,005%, vitaminai (A, B2, B3, B5, D3, E, polidekstroze) 0,003%. Analitin\u0117 sud\u0117tis: \u017eali baltymai 12%, \u017eali riebalai 0,5%, \u017eali pluo\u0161tai 0,5%, \u017eali pelenai 1,5%, dr\u0117gm\u0117 87%. \u0160\u0117rimo nurodymai: dienos norma priklauso nuo kat\u0117s aktyvumo, am\u017eiaus ir veisl\u0117s. Tinka ka\u010diukams nuo 4 m\u0117nesi\u0173 am\u017eiaus.Naudoti papildomai prie kat\u0117s \u012fprastos dietos. Laikyti sausoje ir v\u0117sioje vietoje. Atidarius laikyti \u0161aldytuve ir sunaudoti per 24 valandas. Produktas n\u0117ra skirtas \u017emoni\u0173 maistui. Visada u\u017etikrinti prieig\u0105 prie \u0161vie\u017eio geriamojo vandens.","og_url":"https:\/\/miumjau.ee\/lt\/produktas\/ontario-konservuotas-maistas-katems-tuno-ir-lasiu-sultinyje-80-g\/","og_site_name":"MiuMjau","article_publisher":"https:\/\/www.facebook.com\/miumjaupood\/","og_image":[{"width":600,"height":800,"url":"https:\/\/miumjau.ee\/wp-content\/uploads\/2024\/11\/ontario-margtoit-kassile-puljongis80g3.jpg","type":"image\/jpeg"}],"twitter_card":"summary_large_image","schema":{"@context":"https:\/\/schema.org","@graph":[{"@type":"WebPage","@id":"https:\/\/miumjau.ee\/lt\/produktas\/ontario-konservuotas-maistas-katems-tuno-ir-lasiu-sultinyje-80-g\/","url":"https:\/\/miumjau.ee\/lt\/produktas\/ontario-konservuotas-maistas-katems-tuno-ir-lasiu-sultinyje-80-g\/","name":"Ontario konservuotas maistas kat\u0117ms, tuno ir la\u0161i\u0173 sultinyje 80 g - MiuMjau","isPartOf":{"@id":"https:\/\/miumjau.ee\/#website"},"primaryImageOfPage":{"@id":"https:\/\/miumjau.ee\/lt\/produktas\/ontario-konservuotas-maistas-katems-tuno-ir-lasiu-sultinyje-80-g\/#primaryimage"},"image":{"@id":"https:\/\/miumjau.ee\/lt\/produktas\/ontario-konservuotas-maistas-katems-tuno-ir-lasiu-sultinyje-80-g\/#primaryimage"},"thumbnailUrl":"https:\/\/miumjau.ee\/wp-content\/uploads\/2024\/11\/ontario-margtoit-kassile-puljongis80g3.jpg","datePublished":"2024-11-15T08:10:14+00:00","breadcrumb":{"@id":"https:\/\/miumjau.ee\/lt\/produktas\/ontario-konservuotas-maistas-katems-tuno-ir-lasiu-sultinyje-80-g\/#breadcrumb"},"inLanguage":"lt-LT","potentialAction":[{"@type":"ReadAction","target":["https:\/\/miumjau.ee\/lt\/produktas\/ontario-konservuotas-maistas-katems-tuno-ir-lasiu-sultinyje-80-g\/"]}]},{"@type":"ImageObject","inLanguage":"lt-LT","@id":"https:\/\/miumjau.ee\/lt\/produktas\/ontario-konservuotas-maistas-katems-tuno-ir-lasiu-sultinyje-80-g\/#primaryimage","url":"https:\/\/miumjau.ee\/wp-content\/uploads\/2024\/11\/ontario-margtoit-kassile-puljongis80g3.jpg","contentUrl":"https:\/\/miumjau.ee\/wp-content\/uploads\/2024\/11\/ontario-margtoit-kassile-puljongis80g3.jpg","width":600,"height":800},{"@type":"BreadcrumbList","@id":"https:\/\/miumjau.ee\/lt\/produktas\/ontario-konservuotas-maistas-katems-tuno-ir-lasiu-sultinyje-80-g\/#breadcrumb","itemListElement":[{"@type":"ListItem","position":1,"name":"Home","item":"https:\/\/miumjau.ee\/lt\/"},{"@type":"ListItem","position":2,"name":"Parduotuv\u0117","item":"https:\/\/miumjau.ee\/lt\/parduotuve\/"},{"@type":"ListItem","position":3,"name":"Ontario konservuotas maistas kat\u0117ms, tuno ir la\u0161i\u0173 sultinyje 80 g"}]},{"@type":"WebSite","@id":"https:\/\/miumjau.ee\/#website","url":"https:\/\/miumjau.ee\/","name":"MiuMjau","description":"Kraapimispuud kassidele","publisher":{"@id":"https:\/\/miumjau.ee\/#organization"},"potentialAction":[{"@type":"SearchAction","target":{"@type":"EntryPoint","urlTemplate":"https:\/\/miumjau.ee\/?s={search_term_string}"},"query-input":{"@type":"PropertyValueSpecification","valueRequired":true,"valueName":"search_term_string"}}],"inLanguage":"lt-LT"},{"@type":"Organization","@id":"https:\/\/miumjau.ee\/#organization","name":"MiuMjau O\u00dc","url":"https:\/\/miumjau.ee\/","logo":{"@type":"ImageObject","inLanguage":"lt-LT","@id":"https:\/\/miumjau.ee\/#\/schema\/logo\/image\/","url":"https:\/\/miumjau.ee\/wp-content\/uploads\/2022\/04\/MiuMjau-logo-kollane.png","contentUrl":"https:\/\/miumjau.ee\/wp-content\/uploads\/2022\/04\/MiuMjau-logo-kollane.png","width":219,"height":100,"caption":"MiuMjau O\u00dc"},"image":{"@id":"https:\/\/miumjau.ee\/#\/schema\/logo\/image\/"},"sameAs":["https:\/\/www.facebook.com\/miumjaupood\/"]}]}},"_links":{"self":[{"href":"https:\/\/miumjau.ee\/lt\/wp-json\/wp\/v2\/product\/55782","targetHints":{"allow":["GET"]}}],"collection":[{"href":"https:\/\/miumjau.ee\/lt\/wp-json\/wp\/v2\/product"}],"about":[{"href":"https:\/\/miumjau.ee\/lt\/wp-json\/wp\/v2\/types\/product"}],"wp:featuredmedia":[{"embeddable":true,"href":"https:\/\/miumjau.ee\/lt\/wp-json\/wp\/v2\/media\/55783"}],"wp:attachment":[{"href":"https:\/\/miumjau.ee\/lt\/wp-json\/wp\/v2\/media?parent=55782"}],"wp:term":[{"taxonomy":"product_brand","embeddable":true,"href":"https:\/\/miumjau.ee\/lt\/wp-json\/wp\/v2\/product_brand?post=55782"},{"taxonomy":"product_cat","embeddable":true,"href":"https:\/\/miumjau.ee\/lt\/wp-json\/wp\/v2\/product_cat?post=55782"},{"taxonomy":"product_tag","embeddable":true,"href":"https:\/\/miumjau.ee\/lt\/wp-json\/wp\/v2\/product_tag?post=55782"}],"curies":[{"name":"wp","href":"https:\/\/api.w.org\/{rel}","templated":true}]}}