{"id":55778,"date":"2024-11-15T09:55:42","date_gmt":"2024-11-15T07:55:42","guid":{"rendered":"https:\/\/miumjau.ee\/toode\/ontario-skanus-lasiu-tyre-katems-90-g\/"},"modified":"2024-11-15T09:55:42","modified_gmt":"2024-11-15T07:55:42","slug":"ontario-skanus-lasiu-tyre-katems-90-g","status":"publish","type":"product","link":"https:\/\/miumjau.ee\/lt\/produktas\/ontario-skanus-lasiu-tyre-katems-90-g\/","title":{"rendered":"Ontario skanus la\u0161i\u0173 tyr\u0117 kat\u0117ms, 90 g"},"content":{"rendered":"","protected":false},"excerpt":{"rendered":"<p data-start=\"840\" data-end=\"1017\">ONTARIO Salmon Fresh Meat Paste \u2013 papildomas pa\u0161aras tyr\u0117 kat\u0117ms su la\u0161i\u0161a. 90 g. Patogu dozuoti ir laikyti \u0161aldytuve. Nauja ir \u012fdomu j\u016bs\u0173 katei! Visoms kat\u0117ms reikia \u012fvairov\u0117s.<\/p>\n<p data-start=\"1019\" data-end=\"1110\"><strong data-start=\"1019\" data-end=\"1040\">\u0160\u0117rimo nurodymai:<\/strong> dienos porcija priklauso nuo j\u016bs\u0173 kat\u0117s aktyvumo, am\u017eiaus ir veisl\u0117s.<\/p>\n<p data-start=\"1112\" data-end=\"1382\"><strong data-start=\"1112\" data-end=\"1124\">Sud\u0117tis:<\/strong> vi\u0161tienos sultinys 79,23%, la\u0161i\u0161a 14,076%, vi\u0161tienos m\u0117sa 3,62%, krakmolas 2%, ksantano guma 0,4%, druska 0,4%, bonito \u017euvies aromatas 0,1%, izomaltoz\u0117 0,08%, taurinas 0,08%, arbatos ekstraktas 0,008%, vitaminai (A, B2, B3, B5, D3, E, polidekstroze) 0,006%.<\/p>\n<p data-start=\"1384\" data-end=\"1506\" data-is-last-node=\"\" data-is-only-node=\"\"><strong data-start=\"1384\" data-end=\"1406\">Analitin\u0117 sud\u0117tis:<\/strong> \u017eali baltymai 2,5%, dr\u0117gm\u0117 90%, \u017eali aliejai ir riebalai 0,1%, \u017eali pelenai 1,2%, \u017eali pluo\u0161tai 1%.<\/p>\n","protected":false},"featured_media":55779,"template":"","meta":[],"product_brand":[],"product_cat":[527],"product_tag":[],"class_list":{"0":"post-55778","1":"product","2":"type-product","3":"status-publish","4":"has-post-thumbnail","6":"product_cat-skanestai","8":"first","9":"instock","10":"taxable","11":"shipping-taxable","12":"purchasable","13":"product-type-simple"},"yoast_head":"<!-- This site is optimized with the Yoast SEO plugin v27.4 - https:\/\/yoast.com\/product\/yoast-seo-wordpress\/ -->\n<title>Ontario skanus la\u0161i\u0173 tyr\u0117 kat\u0117ms, 90 g - MiuMjau<\/title>\n<meta name=\"robots\" content=\"index, follow, max-snippet:-1, max-image-preview:large, max-video-preview:-1\" \/>\n<link rel=\"canonical\" href=\"https:\/\/miumjau.ee\/lt\/produktas\/ontario-skanus-lasiu-tyre-katems-90-g\/\" \/>\n<meta property=\"og:locale\" content=\"lt_LT\" \/>\n<meta property=\"og:type\" content=\"article\" \/>\n<meta property=\"og:title\" content=\"Ontario skanus la\u0161i\u0173 tyr\u0117 kat\u0117ms, 90 g - MiuMjau\" \/>\n<meta property=\"og:description\" content=\"ONTARIO Salmon Fresh Meat Paste \u2013 papildomas pa\u0161aras tyr\u0117 kat\u0117ms su la\u0161i\u0161a. 90 g. Patogu dozuoti ir laikyti \u0161aldytuve. Nauja ir \u012fdomu j\u016bs\u0173 katei! Visoms kat\u0117ms reikia \u012fvairov\u0117s. \u0160\u0117rimo nurodymai: dienos porcija priklauso nuo j\u016bs\u0173 kat\u0117s aktyvumo, am\u017eiaus ir veisl\u0117s. Sud\u0117tis: vi\u0161tienos sultinys 79,23%, la\u0161i\u0161a 14,076%, vi\u0161tienos m\u0117sa 3,62%, krakmolas 2%, ksantano guma 0,4%, druska 0,4%, bonito \u017euvies aromatas 0,1%, izomaltoz\u0117 0,08%, taurinas 0,08%, arbatos ekstraktas 0,008%, vitaminai (A, B2, B3, B5, D3, E, polidekstroze) 0,006%. Analitin\u0117 sud\u0117tis: \u017eali baltymai 2,5%, dr\u0117gm\u0117 90%, \u017eali aliejai ir riebalai 0,1%, \u017eali pelenai 1,2%, \u017eali pluo\u0161tai 1%.\" \/>\n<meta property=\"og:url\" content=\"https:\/\/miumjau.ee\/lt\/produktas\/ontario-skanus-lasiu-tyre-katems-90-g\/\" \/>\n<meta property=\"og:site_name\" content=\"MiuMjau\" \/>\n<meta property=\"article:publisher\" content=\"https:\/\/www.facebook.com\/miumjaupood\/\" \/>\n<meta property=\"og:image\" content=\"https:\/\/miumjau.ee\/wp-content\/uploads\/2024\/11\/ONtario-fresh-meat-paste-90g.jpg\" \/>\n\t<meta property=\"og:image:width\" content=\"600\" \/>\n\t<meta property=\"og:image:height\" content=\"800\" \/>\n\t<meta property=\"og:image:type\" content=\"image\/jpeg\" \/>\n<meta name=\"twitter:card\" content=\"summary_large_image\" \/>\n<script type=\"application\/ld+json\" class=\"yoast-schema-graph\">{\"@context\":\"https:\\\/\\\/schema.org\",\"@graph\":[{\"@type\":\"WebPage\",\"@id\":\"https:\\\/\\\/miumjau.ee\\\/lt\\\/produktas\\\/ontario-skanus-lasiu-tyre-katems-90-g\\\/\",\"url\":\"https:\\\/\\\/miumjau.ee\\\/lt\\\/produktas\\\/ontario-skanus-lasiu-tyre-katems-90-g\\\/\",\"name\":\"Ontario skanus la\u0161i\u0173 tyr\u0117 kat\u0117ms, 90 g - MiuMjau\",\"isPartOf\":{\"@id\":\"https:\\\/\\\/miumjau.ee\\\/#website\"},\"primaryImageOfPage\":{\"@id\":\"https:\\\/\\\/miumjau.ee\\\/lt\\\/produktas\\\/ontario-skanus-lasiu-tyre-katems-90-g\\\/#primaryimage\"},\"image\":{\"@id\":\"https:\\\/\\\/miumjau.ee\\\/lt\\\/produktas\\\/ontario-skanus-lasiu-tyre-katems-90-g\\\/#primaryimage\"},\"thumbnailUrl\":\"https:\\\/\\\/miumjau.ee\\\/wp-content\\\/uploads\\\/2024\\\/11\\\/ONtario-fresh-meat-paste-90g.jpg\",\"datePublished\":\"2024-11-15T07:55:42+00:00\",\"breadcrumb\":{\"@id\":\"https:\\\/\\\/miumjau.ee\\\/lt\\\/produktas\\\/ontario-skanus-lasiu-tyre-katems-90-g\\\/#breadcrumb\"},\"inLanguage\":\"lt-LT\",\"potentialAction\":[{\"@type\":\"ReadAction\",\"target\":[\"https:\\\/\\\/miumjau.ee\\\/lt\\\/produktas\\\/ontario-skanus-lasiu-tyre-katems-90-g\\\/\"]}]},{\"@type\":\"ImageObject\",\"inLanguage\":\"lt-LT\",\"@id\":\"https:\\\/\\\/miumjau.ee\\\/lt\\\/produktas\\\/ontario-skanus-lasiu-tyre-katems-90-g\\\/#primaryimage\",\"url\":\"https:\\\/\\\/miumjau.ee\\\/wp-content\\\/uploads\\\/2024\\\/11\\\/ONtario-fresh-meat-paste-90g.jpg\",\"contentUrl\":\"https:\\\/\\\/miumjau.ee\\\/wp-content\\\/uploads\\\/2024\\\/11\\\/ONtario-fresh-meat-paste-90g.jpg\",\"width\":600,\"height\":800},{\"@type\":\"BreadcrumbList\",\"@id\":\"https:\\\/\\\/miumjau.ee\\\/lt\\\/produktas\\\/ontario-skanus-lasiu-tyre-katems-90-g\\\/#breadcrumb\",\"itemListElement\":[{\"@type\":\"ListItem\",\"position\":1,\"name\":\"Home\",\"item\":\"https:\\\/\\\/miumjau.ee\\\/lt\\\/\"},{\"@type\":\"ListItem\",\"position\":2,\"name\":\"Parduotuv\u0117\",\"item\":\"https:\\\/\\\/miumjau.ee\\\/lt\\\/parduotuve\\\/\"},{\"@type\":\"ListItem\",\"position\":3,\"name\":\"Ontario skanus la\u0161i\u0173 tyr\u0117 kat\u0117ms, 90 g\"}]},{\"@type\":\"WebSite\",\"@id\":\"https:\\\/\\\/miumjau.ee\\\/#website\",\"url\":\"https:\\\/\\\/miumjau.ee\\\/\",\"name\":\"MiuMjau\",\"description\":\"Kraapimispuud kassidele\",\"publisher\":{\"@id\":\"https:\\\/\\\/miumjau.ee\\\/#organization\"},\"potentialAction\":[{\"@type\":\"SearchAction\",\"target\":{\"@type\":\"EntryPoint\",\"urlTemplate\":\"https:\\\/\\\/miumjau.ee\\\/?s={search_term_string}\"},\"query-input\":{\"@type\":\"PropertyValueSpecification\",\"valueRequired\":true,\"valueName\":\"search_term_string\"}}],\"inLanguage\":\"lt-LT\"},{\"@type\":\"Organization\",\"@id\":\"https:\\\/\\\/miumjau.ee\\\/#organization\",\"name\":\"MiuMjau O\u00dc\",\"url\":\"https:\\\/\\\/miumjau.ee\\\/\",\"logo\":{\"@type\":\"ImageObject\",\"inLanguage\":\"lt-LT\",\"@id\":\"https:\\\/\\\/miumjau.ee\\\/#\\\/schema\\\/logo\\\/image\\\/\",\"url\":\"https:\\\/\\\/miumjau.ee\\\/wp-content\\\/uploads\\\/2022\\\/04\\\/MiuMjau-logo-kollane.png\",\"contentUrl\":\"https:\\\/\\\/miumjau.ee\\\/wp-content\\\/uploads\\\/2022\\\/04\\\/MiuMjau-logo-kollane.png\",\"width\":219,\"height\":100,\"caption\":\"MiuMjau O\u00dc\"},\"image\":{\"@id\":\"https:\\\/\\\/miumjau.ee\\\/#\\\/schema\\\/logo\\\/image\\\/\"},\"sameAs\":[\"https:\\\/\\\/www.facebook.com\\\/miumjaupood\\\/\"]}]}<\/script>\n<!-- \/ Yoast SEO plugin. -->","yoast_head_json":{"title":"Ontario skanus la\u0161i\u0173 tyr\u0117 kat\u0117ms, 90 g - MiuMjau","robots":{"index":"index","follow":"follow","max-snippet":"max-snippet:-1","max-image-preview":"max-image-preview:large","max-video-preview":"max-video-preview:-1"},"canonical":"https:\/\/miumjau.ee\/lt\/produktas\/ontario-skanus-lasiu-tyre-katems-90-g\/","og_locale":"lt_LT","og_type":"article","og_title":"Ontario skanus la\u0161i\u0173 tyr\u0117 kat\u0117ms, 90 g - MiuMjau","og_description":"ONTARIO Salmon Fresh Meat Paste \u2013 papildomas pa\u0161aras tyr\u0117 kat\u0117ms su la\u0161i\u0161a. 90 g. Patogu dozuoti ir laikyti \u0161aldytuve. Nauja ir \u012fdomu j\u016bs\u0173 katei! Visoms kat\u0117ms reikia \u012fvairov\u0117s. \u0160\u0117rimo nurodymai: dienos porcija priklauso nuo j\u016bs\u0173 kat\u0117s aktyvumo, am\u017eiaus ir veisl\u0117s. Sud\u0117tis: vi\u0161tienos sultinys 79,23%, la\u0161i\u0161a 14,076%, vi\u0161tienos m\u0117sa 3,62%, krakmolas 2%, ksantano guma 0,4%, druska 0,4%, bonito \u017euvies aromatas 0,1%, izomaltoz\u0117 0,08%, taurinas 0,08%, arbatos ekstraktas 0,008%, vitaminai (A, B2, B3, B5, D3, E, polidekstroze) 0,006%. Analitin\u0117 sud\u0117tis: \u017eali baltymai 2,5%, dr\u0117gm\u0117 90%, \u017eali aliejai ir riebalai 0,1%, \u017eali pelenai 1,2%, \u017eali pluo\u0161tai 1%.","og_url":"https:\/\/miumjau.ee\/lt\/produktas\/ontario-skanus-lasiu-tyre-katems-90-g\/","og_site_name":"MiuMjau","article_publisher":"https:\/\/www.facebook.com\/miumjaupood\/","og_image":[{"width":600,"height":800,"url":"https:\/\/miumjau.ee\/wp-content\/uploads\/2024\/11\/ONtario-fresh-meat-paste-90g.jpg","type":"image\/jpeg"}],"twitter_card":"summary_large_image","schema":{"@context":"https:\/\/schema.org","@graph":[{"@type":"WebPage","@id":"https:\/\/miumjau.ee\/lt\/produktas\/ontario-skanus-lasiu-tyre-katems-90-g\/","url":"https:\/\/miumjau.ee\/lt\/produktas\/ontario-skanus-lasiu-tyre-katems-90-g\/","name":"Ontario skanus la\u0161i\u0173 tyr\u0117 kat\u0117ms, 90 g - MiuMjau","isPartOf":{"@id":"https:\/\/miumjau.ee\/#website"},"primaryImageOfPage":{"@id":"https:\/\/miumjau.ee\/lt\/produktas\/ontario-skanus-lasiu-tyre-katems-90-g\/#primaryimage"},"image":{"@id":"https:\/\/miumjau.ee\/lt\/produktas\/ontario-skanus-lasiu-tyre-katems-90-g\/#primaryimage"},"thumbnailUrl":"https:\/\/miumjau.ee\/wp-content\/uploads\/2024\/11\/ONtario-fresh-meat-paste-90g.jpg","datePublished":"2024-11-15T07:55:42+00:00","breadcrumb":{"@id":"https:\/\/miumjau.ee\/lt\/produktas\/ontario-skanus-lasiu-tyre-katems-90-g\/#breadcrumb"},"inLanguage":"lt-LT","potentialAction":[{"@type":"ReadAction","target":["https:\/\/miumjau.ee\/lt\/produktas\/ontario-skanus-lasiu-tyre-katems-90-g\/"]}]},{"@type":"ImageObject","inLanguage":"lt-LT","@id":"https:\/\/miumjau.ee\/lt\/produktas\/ontario-skanus-lasiu-tyre-katems-90-g\/#primaryimage","url":"https:\/\/miumjau.ee\/wp-content\/uploads\/2024\/11\/ONtario-fresh-meat-paste-90g.jpg","contentUrl":"https:\/\/miumjau.ee\/wp-content\/uploads\/2024\/11\/ONtario-fresh-meat-paste-90g.jpg","width":600,"height":800},{"@type":"BreadcrumbList","@id":"https:\/\/miumjau.ee\/lt\/produktas\/ontario-skanus-lasiu-tyre-katems-90-g\/#breadcrumb","itemListElement":[{"@type":"ListItem","position":1,"name":"Home","item":"https:\/\/miumjau.ee\/lt\/"},{"@type":"ListItem","position":2,"name":"Parduotuv\u0117","item":"https:\/\/miumjau.ee\/lt\/parduotuve\/"},{"@type":"ListItem","position":3,"name":"Ontario skanus la\u0161i\u0173 tyr\u0117 kat\u0117ms, 90 g"}]},{"@type":"WebSite","@id":"https:\/\/miumjau.ee\/#website","url":"https:\/\/miumjau.ee\/","name":"MiuMjau","description":"Kraapimispuud kassidele","publisher":{"@id":"https:\/\/miumjau.ee\/#organization"},"potentialAction":[{"@type":"SearchAction","target":{"@type":"EntryPoint","urlTemplate":"https:\/\/miumjau.ee\/?s={search_term_string}"},"query-input":{"@type":"PropertyValueSpecification","valueRequired":true,"valueName":"search_term_string"}}],"inLanguage":"lt-LT"},{"@type":"Organization","@id":"https:\/\/miumjau.ee\/#organization","name":"MiuMjau O\u00dc","url":"https:\/\/miumjau.ee\/","logo":{"@type":"ImageObject","inLanguage":"lt-LT","@id":"https:\/\/miumjau.ee\/#\/schema\/logo\/image\/","url":"https:\/\/miumjau.ee\/wp-content\/uploads\/2022\/04\/MiuMjau-logo-kollane.png","contentUrl":"https:\/\/miumjau.ee\/wp-content\/uploads\/2022\/04\/MiuMjau-logo-kollane.png","width":219,"height":100,"caption":"MiuMjau O\u00dc"},"image":{"@id":"https:\/\/miumjau.ee\/#\/schema\/logo\/image\/"},"sameAs":["https:\/\/www.facebook.com\/miumjaupood\/"]}]}},"_links":{"self":[{"href":"https:\/\/miumjau.ee\/lt\/wp-json\/wp\/v2\/product\/55778","targetHints":{"allow":["GET"]}}],"collection":[{"href":"https:\/\/miumjau.ee\/lt\/wp-json\/wp\/v2\/product"}],"about":[{"href":"https:\/\/miumjau.ee\/lt\/wp-json\/wp\/v2\/types\/product"}],"wp:featuredmedia":[{"embeddable":true,"href":"https:\/\/miumjau.ee\/lt\/wp-json\/wp\/v2\/media\/55779"}],"wp:attachment":[{"href":"https:\/\/miumjau.ee\/lt\/wp-json\/wp\/v2\/media?parent=55778"}],"wp:term":[{"taxonomy":"product_brand","embeddable":true,"href":"https:\/\/miumjau.ee\/lt\/wp-json\/wp\/v2\/product_brand?post=55778"},{"taxonomy":"product_cat","embeddable":true,"href":"https:\/\/miumjau.ee\/lt\/wp-json\/wp\/v2\/product_cat?post=55778"},{"taxonomy":"product_tag","embeddable":true,"href":"https:\/\/miumjau.ee\/lt\/wp-json\/wp\/v2\/product_tag?post=55778"}],"curies":[{"name":"wp","href":"https:\/\/api.w.org\/{rel}","templated":true}]}}