{"id":55774,"date":"2024-11-13T19:48:54","date_gmt":"2024-11-13T17:48:54","guid":{"rendered":"https:\/\/miumjau.ee\/toode\/ontario-antienos-gerimas-katems-su-mesos-gabaliukais-135-g\/"},"modified":"2024-11-13T19:48:54","modified_gmt":"2024-11-13T17:48:54","slug":"ontario-antienos-gerimas-katems-su-mesos-gabaliukais-135-g","status":"publish","type":"product","link":"https:\/\/miumjau.ee\/lt\/produktas\/ontario-antienos-gerimas-katems-su-mesos-gabaliukais-135-g\/","title":{"rendered":"Ontario antienos g\u0117rimas kat\u0117ms su m\u0117sos gabaliukais 135 g"},"content":{"rendered":"","protected":false},"excerpt":{"rendered":"<p data-start=\"1402\" data-end=\"1540\">Ontario Duck Drink \u2013 papildomas pa\u0161aras suaugusioms kat\u0117ms \u2013 g\u0117rimas su antienos gabaliukais. Padeda i\u0161vengti \u0161lapimo akmen\u0173 susidarymo.<\/p>\n<p data-start=\"1542\" data-end=\"1937\">G\u0117rimas kat\u0117ms skardin\u0117je, kuris r\u016bpinasi kasdieniu skys\u010di\u0173 suvartojimu ir taip padeda i\u0161vengti \u0161lapimo akmen\u0173 susidarymo.<br data-start=\"1664\" data-end=\"1667\" \/>Recepto pagrindas \u2013 skanus sultinys su ma\u017eais \u0161vie\u017eios m\u0117sos gabaliukais.<br data-start=\"1740\" data-end=\"1743\" \/>Galima patiekti kartu su sausu pa\u0161aru arba kaip sveik\u0105 u\u017ekand\u012f tarp valgym\u0173.<br data-start=\"1819\" data-end=\"1822\" \/>100% sudedam\u0173j\u0173 dali\u0173 garantija \u2013 j\u016bs tiksliai \u017einote, k\u0105 duodate savo katei.<br data-start=\"1899\" data-end=\"1902\" \/>Sud\u0117tyje tik nat\u016bral\u016bs da\u017eikliai.<\/p>\n<p data-start=\"1939\" data-end=\"1967\"><strong data-start=\"1939\" data-end=\"1959\">Grynasis kiekis:<\/strong> 135 g<\/p>\n<p data-start=\"1969\" data-end=\"2167\"><strong data-start=\"1969\" data-end=\"1981\">Sud\u0117tis:<\/strong> vanduo 87,02%, vi\u0161tiena 5,33%, antis 4%, vi\u0161tienos sultinys 1,1%, glicinas 0,93%, tir\u0161tikliai 0,83%, saul\u0117gr\u0105\u017e\u0173 aliejus 0,56%, bulvi\u0173 krakmolas 0,18%, raudon\u0173j\u0173 pipir\u0173 da\u017eiklis 0,05%.<\/p>\n<p data-start=\"2169\" data-end=\"2349\"><strong data-start=\"2169\" data-end=\"2191\">Analitin\u0117 sud\u0117tis:<\/strong> \u017eali baltymai ne ma\u017eiau kaip 2,6%, \u017eali riebalai ne ma\u017eiau kaip 0,5%, \u017eali pluo\u0161tai ne daugiau kaip 0,6%, \u017eali pelenai ne daugiau kaip 1%, dr\u0117gm\u0117 max. 95%.<\/p>\n","protected":false},"featured_media":55775,"template":"","meta":[],"product_brand":[],"product_cat":[526],"product_tag":[],"class_list":{"0":"post-55774","1":"product","2":"type-product","3":"status-publish","4":"has-post-thumbnail","6":"product_cat-slapias-maistas","8":"first","9":"instock","10":"sale","11":"taxable","12":"shipping-taxable","13":"purchasable","14":"product-type-simple"},"yoast_head":"<!-- This site is optimized with the Yoast SEO plugin v27.4 - https:\/\/yoast.com\/product\/yoast-seo-wordpress\/ -->\n<title>Ontario antienos g\u0117rimas kat\u0117ms su m\u0117sos gabaliukais 135 g - MiuMjau<\/title>\n<meta name=\"robots\" content=\"index, follow, max-snippet:-1, max-image-preview:large, max-video-preview:-1\" \/>\n<link rel=\"canonical\" href=\"https:\/\/miumjau.ee\/lt\/produktas\/ontario-antienos-gerimas-katems-su-mesos-gabaliukais-135-g\/\" \/>\n<meta property=\"og:locale\" content=\"lt_LT\" \/>\n<meta property=\"og:type\" content=\"article\" \/>\n<meta property=\"og:title\" content=\"Ontario antienos g\u0117rimas kat\u0117ms su m\u0117sos gabaliukais 135 g - MiuMjau\" \/>\n<meta property=\"og:description\" content=\"Ontario Duck Drink \u2013 papildomas pa\u0161aras suaugusioms kat\u0117ms \u2013 g\u0117rimas su antienos gabaliukais. Padeda i\u0161vengti \u0161lapimo akmen\u0173 susidarymo. G\u0117rimas kat\u0117ms skardin\u0117je, kuris r\u016bpinasi kasdieniu skys\u010di\u0173 suvartojimu ir taip padeda i\u0161vengti \u0161lapimo akmen\u0173 susidarymo.Recepto pagrindas \u2013 skanus sultinys su ma\u017eais \u0161vie\u017eios m\u0117sos gabaliukais.Galima patiekti kartu su sausu pa\u0161aru arba kaip sveik\u0105 u\u017ekand\u012f tarp valgym\u0173.100% sudedam\u0173j\u0173 dali\u0173 garantija \u2013 j\u016bs tiksliai \u017einote, k\u0105 duodate savo katei.Sud\u0117tyje tik nat\u016bral\u016bs da\u017eikliai. Grynasis kiekis: 135 g Sud\u0117tis: vanduo 87,02%, vi\u0161tiena 5,33%, antis 4%, vi\u0161tienos sultinys 1,1%, glicinas 0,93%, tir\u0161tikliai 0,83%, saul\u0117gr\u0105\u017e\u0173 aliejus 0,56%, bulvi\u0173 krakmolas 0,18%, raudon\u0173j\u0173 pipir\u0173 da\u017eiklis 0,05%. Analitin\u0117 sud\u0117tis: \u017eali baltymai ne ma\u017eiau kaip 2,6%, \u017eali riebalai ne ma\u017eiau kaip 0,5%, \u017eali pluo\u0161tai ne daugiau kaip 0,6%, \u017eali pelenai ne daugiau kaip 1%, dr\u0117gm\u0117 max. 95%.\" \/>\n<meta property=\"og:url\" content=\"https:\/\/miumjau.ee\/lt\/produktas\/ontario-antienos-gerimas-katems-su-mesos-gabaliukais-135-g\/\" \/>\n<meta property=\"og:site_name\" content=\"MiuMjau\" \/>\n<meta property=\"article:publisher\" content=\"https:\/\/www.facebook.com\/miumjaupood\/\" \/>\n<meta property=\"og:image\" content=\"https:\/\/miumjau.ee\/wp-content\/uploads\/2024\/11\/ontario-supp-kassidele-135g5.jpg\" \/>\n\t<meta property=\"og:image:width\" content=\"600\" \/>\n\t<meta property=\"og:image:height\" content=\"800\" \/>\n\t<meta property=\"og:image:type\" content=\"image\/jpeg\" \/>\n<meta name=\"twitter:card\" content=\"summary_large_image\" \/>\n<script type=\"application\/ld+json\" class=\"yoast-schema-graph\">{\"@context\":\"https:\\\/\\\/schema.org\",\"@graph\":[{\"@type\":\"WebPage\",\"@id\":\"https:\\\/\\\/miumjau.ee\\\/lt\\\/produktas\\\/ontario-antienos-gerimas-katems-su-mesos-gabaliukais-135-g\\\/\",\"url\":\"https:\\\/\\\/miumjau.ee\\\/lt\\\/produktas\\\/ontario-antienos-gerimas-katems-su-mesos-gabaliukais-135-g\\\/\",\"name\":\"Ontario antienos g\u0117rimas kat\u0117ms su m\u0117sos gabaliukais 135 g - MiuMjau\",\"isPartOf\":{\"@id\":\"https:\\\/\\\/miumjau.ee\\\/#website\"},\"primaryImageOfPage\":{\"@id\":\"https:\\\/\\\/miumjau.ee\\\/lt\\\/produktas\\\/ontario-antienos-gerimas-katems-su-mesos-gabaliukais-135-g\\\/#primaryimage\"},\"image\":{\"@id\":\"https:\\\/\\\/miumjau.ee\\\/lt\\\/produktas\\\/ontario-antienos-gerimas-katems-su-mesos-gabaliukais-135-g\\\/#primaryimage\"},\"thumbnailUrl\":\"https:\\\/\\\/miumjau.ee\\\/wp-content\\\/uploads\\\/2024\\\/11\\\/ontario-supp-kassidele-135g5.jpg\",\"datePublished\":\"2024-11-13T17:48:54+00:00\",\"breadcrumb\":{\"@id\":\"https:\\\/\\\/miumjau.ee\\\/lt\\\/produktas\\\/ontario-antienos-gerimas-katems-su-mesos-gabaliukais-135-g\\\/#breadcrumb\"},\"inLanguage\":\"lt-LT\",\"potentialAction\":[{\"@type\":\"ReadAction\",\"target\":[\"https:\\\/\\\/miumjau.ee\\\/lt\\\/produktas\\\/ontario-antienos-gerimas-katems-su-mesos-gabaliukais-135-g\\\/\"]}]},{\"@type\":\"ImageObject\",\"inLanguage\":\"lt-LT\",\"@id\":\"https:\\\/\\\/miumjau.ee\\\/lt\\\/produktas\\\/ontario-antienos-gerimas-katems-su-mesos-gabaliukais-135-g\\\/#primaryimage\",\"url\":\"https:\\\/\\\/miumjau.ee\\\/wp-content\\\/uploads\\\/2024\\\/11\\\/ontario-supp-kassidele-135g5.jpg\",\"contentUrl\":\"https:\\\/\\\/miumjau.ee\\\/wp-content\\\/uploads\\\/2024\\\/11\\\/ontario-supp-kassidele-135g5.jpg\",\"width\":600,\"height\":800},{\"@type\":\"BreadcrumbList\",\"@id\":\"https:\\\/\\\/miumjau.ee\\\/lt\\\/produktas\\\/ontario-antienos-gerimas-katems-su-mesos-gabaliukais-135-g\\\/#breadcrumb\",\"itemListElement\":[{\"@type\":\"ListItem\",\"position\":1,\"name\":\"Home\",\"item\":\"https:\\\/\\\/miumjau.ee\\\/lt\\\/\"},{\"@type\":\"ListItem\",\"position\":2,\"name\":\"Parduotuv\u0117\",\"item\":\"https:\\\/\\\/miumjau.ee\\\/lt\\\/parduotuve\\\/\"},{\"@type\":\"ListItem\",\"position\":3,\"name\":\"Ontario antienos g\u0117rimas kat\u0117ms su m\u0117sos gabaliukais 135 g\"}]},{\"@type\":\"WebSite\",\"@id\":\"https:\\\/\\\/miumjau.ee\\\/#website\",\"url\":\"https:\\\/\\\/miumjau.ee\\\/\",\"name\":\"MiuMjau\",\"description\":\"Kraapimispuud kassidele\",\"publisher\":{\"@id\":\"https:\\\/\\\/miumjau.ee\\\/#organization\"},\"potentialAction\":[{\"@type\":\"SearchAction\",\"target\":{\"@type\":\"EntryPoint\",\"urlTemplate\":\"https:\\\/\\\/miumjau.ee\\\/?s={search_term_string}\"},\"query-input\":{\"@type\":\"PropertyValueSpecification\",\"valueRequired\":true,\"valueName\":\"search_term_string\"}}],\"inLanguage\":\"lt-LT\"},{\"@type\":\"Organization\",\"@id\":\"https:\\\/\\\/miumjau.ee\\\/#organization\",\"name\":\"MiuMjau O\u00dc\",\"url\":\"https:\\\/\\\/miumjau.ee\\\/\",\"logo\":{\"@type\":\"ImageObject\",\"inLanguage\":\"lt-LT\",\"@id\":\"https:\\\/\\\/miumjau.ee\\\/#\\\/schema\\\/logo\\\/image\\\/\",\"url\":\"https:\\\/\\\/miumjau.ee\\\/wp-content\\\/uploads\\\/2022\\\/04\\\/MiuMjau-logo-kollane.png\",\"contentUrl\":\"https:\\\/\\\/miumjau.ee\\\/wp-content\\\/uploads\\\/2022\\\/04\\\/MiuMjau-logo-kollane.png\",\"width\":219,\"height\":100,\"caption\":\"MiuMjau O\u00dc\"},\"image\":{\"@id\":\"https:\\\/\\\/miumjau.ee\\\/#\\\/schema\\\/logo\\\/image\\\/\"},\"sameAs\":[\"https:\\\/\\\/www.facebook.com\\\/miumjaupood\\\/\"]}]}<\/script>\n<!-- \/ Yoast SEO plugin. -->","yoast_head_json":{"title":"Ontario antienos g\u0117rimas kat\u0117ms su m\u0117sos gabaliukais 135 g - MiuMjau","robots":{"index":"index","follow":"follow","max-snippet":"max-snippet:-1","max-image-preview":"max-image-preview:large","max-video-preview":"max-video-preview:-1"},"canonical":"https:\/\/miumjau.ee\/lt\/produktas\/ontario-antienos-gerimas-katems-su-mesos-gabaliukais-135-g\/","og_locale":"lt_LT","og_type":"article","og_title":"Ontario antienos g\u0117rimas kat\u0117ms su m\u0117sos gabaliukais 135 g - MiuMjau","og_description":"Ontario Duck Drink \u2013 papildomas pa\u0161aras suaugusioms kat\u0117ms \u2013 g\u0117rimas su antienos gabaliukais. Padeda i\u0161vengti \u0161lapimo akmen\u0173 susidarymo. G\u0117rimas kat\u0117ms skardin\u0117je, kuris r\u016bpinasi kasdieniu skys\u010di\u0173 suvartojimu ir taip padeda i\u0161vengti \u0161lapimo akmen\u0173 susidarymo.Recepto pagrindas \u2013 skanus sultinys su ma\u017eais \u0161vie\u017eios m\u0117sos gabaliukais.Galima patiekti kartu su sausu pa\u0161aru arba kaip sveik\u0105 u\u017ekand\u012f tarp valgym\u0173.100% sudedam\u0173j\u0173 dali\u0173 garantija \u2013 j\u016bs tiksliai \u017einote, k\u0105 duodate savo katei.Sud\u0117tyje tik nat\u016bral\u016bs da\u017eikliai. Grynasis kiekis: 135 g Sud\u0117tis: vanduo 87,02%, vi\u0161tiena 5,33%, antis 4%, vi\u0161tienos sultinys 1,1%, glicinas 0,93%, tir\u0161tikliai 0,83%, saul\u0117gr\u0105\u017e\u0173 aliejus 0,56%, bulvi\u0173 krakmolas 0,18%, raudon\u0173j\u0173 pipir\u0173 da\u017eiklis 0,05%. Analitin\u0117 sud\u0117tis: \u017eali baltymai ne ma\u017eiau kaip 2,6%, \u017eali riebalai ne ma\u017eiau kaip 0,5%, \u017eali pluo\u0161tai ne daugiau kaip 0,6%, \u017eali pelenai ne daugiau kaip 1%, dr\u0117gm\u0117 max. 95%.","og_url":"https:\/\/miumjau.ee\/lt\/produktas\/ontario-antienos-gerimas-katems-su-mesos-gabaliukais-135-g\/","og_site_name":"MiuMjau","article_publisher":"https:\/\/www.facebook.com\/miumjaupood\/","og_image":[{"width":600,"height":800,"url":"https:\/\/miumjau.ee\/wp-content\/uploads\/2024\/11\/ontario-supp-kassidele-135g5.jpg","type":"image\/jpeg"}],"twitter_card":"summary_large_image","schema":{"@context":"https:\/\/schema.org","@graph":[{"@type":"WebPage","@id":"https:\/\/miumjau.ee\/lt\/produktas\/ontario-antienos-gerimas-katems-su-mesos-gabaliukais-135-g\/","url":"https:\/\/miumjau.ee\/lt\/produktas\/ontario-antienos-gerimas-katems-su-mesos-gabaliukais-135-g\/","name":"Ontario antienos g\u0117rimas kat\u0117ms su m\u0117sos gabaliukais 135 g - MiuMjau","isPartOf":{"@id":"https:\/\/miumjau.ee\/#website"},"primaryImageOfPage":{"@id":"https:\/\/miumjau.ee\/lt\/produktas\/ontario-antienos-gerimas-katems-su-mesos-gabaliukais-135-g\/#primaryimage"},"image":{"@id":"https:\/\/miumjau.ee\/lt\/produktas\/ontario-antienos-gerimas-katems-su-mesos-gabaliukais-135-g\/#primaryimage"},"thumbnailUrl":"https:\/\/miumjau.ee\/wp-content\/uploads\/2024\/11\/ontario-supp-kassidele-135g5.jpg","datePublished":"2024-11-13T17:48:54+00:00","breadcrumb":{"@id":"https:\/\/miumjau.ee\/lt\/produktas\/ontario-antienos-gerimas-katems-su-mesos-gabaliukais-135-g\/#breadcrumb"},"inLanguage":"lt-LT","potentialAction":[{"@type":"ReadAction","target":["https:\/\/miumjau.ee\/lt\/produktas\/ontario-antienos-gerimas-katems-su-mesos-gabaliukais-135-g\/"]}]},{"@type":"ImageObject","inLanguage":"lt-LT","@id":"https:\/\/miumjau.ee\/lt\/produktas\/ontario-antienos-gerimas-katems-su-mesos-gabaliukais-135-g\/#primaryimage","url":"https:\/\/miumjau.ee\/wp-content\/uploads\/2024\/11\/ontario-supp-kassidele-135g5.jpg","contentUrl":"https:\/\/miumjau.ee\/wp-content\/uploads\/2024\/11\/ontario-supp-kassidele-135g5.jpg","width":600,"height":800},{"@type":"BreadcrumbList","@id":"https:\/\/miumjau.ee\/lt\/produktas\/ontario-antienos-gerimas-katems-su-mesos-gabaliukais-135-g\/#breadcrumb","itemListElement":[{"@type":"ListItem","position":1,"name":"Home","item":"https:\/\/miumjau.ee\/lt\/"},{"@type":"ListItem","position":2,"name":"Parduotuv\u0117","item":"https:\/\/miumjau.ee\/lt\/parduotuve\/"},{"@type":"ListItem","position":3,"name":"Ontario antienos g\u0117rimas kat\u0117ms su m\u0117sos gabaliukais 135 g"}]},{"@type":"WebSite","@id":"https:\/\/miumjau.ee\/#website","url":"https:\/\/miumjau.ee\/","name":"MiuMjau","description":"Kraapimispuud kassidele","publisher":{"@id":"https:\/\/miumjau.ee\/#organization"},"potentialAction":[{"@type":"SearchAction","target":{"@type":"EntryPoint","urlTemplate":"https:\/\/miumjau.ee\/?s={search_term_string}"},"query-input":{"@type":"PropertyValueSpecification","valueRequired":true,"valueName":"search_term_string"}}],"inLanguage":"lt-LT"},{"@type":"Organization","@id":"https:\/\/miumjau.ee\/#organization","name":"MiuMjau O\u00dc","url":"https:\/\/miumjau.ee\/","logo":{"@type":"ImageObject","inLanguage":"lt-LT","@id":"https:\/\/miumjau.ee\/#\/schema\/logo\/image\/","url":"https:\/\/miumjau.ee\/wp-content\/uploads\/2022\/04\/MiuMjau-logo-kollane.png","contentUrl":"https:\/\/miumjau.ee\/wp-content\/uploads\/2022\/04\/MiuMjau-logo-kollane.png","width":219,"height":100,"caption":"MiuMjau O\u00dc"},"image":{"@id":"https:\/\/miumjau.ee\/#\/schema\/logo\/image\/"},"sameAs":["https:\/\/www.facebook.com\/miumjaupood\/"]}]}},"_links":{"self":[{"href":"https:\/\/miumjau.ee\/lt\/wp-json\/wp\/v2\/product\/55774","targetHints":{"allow":["GET"]}}],"collection":[{"href":"https:\/\/miumjau.ee\/lt\/wp-json\/wp\/v2\/product"}],"about":[{"href":"https:\/\/miumjau.ee\/lt\/wp-json\/wp\/v2\/types\/product"}],"wp:featuredmedia":[{"embeddable":true,"href":"https:\/\/miumjau.ee\/lt\/wp-json\/wp\/v2\/media\/55775"}],"wp:attachment":[{"href":"https:\/\/miumjau.ee\/lt\/wp-json\/wp\/v2\/media?parent=55774"}],"wp:term":[{"taxonomy":"product_brand","embeddable":true,"href":"https:\/\/miumjau.ee\/lt\/wp-json\/wp\/v2\/product_brand?post=55774"},{"taxonomy":"product_cat","embeddable":true,"href":"https:\/\/miumjau.ee\/lt\/wp-json\/wp\/v2\/product_cat?post=55774"},{"taxonomy":"product_tag","embeddable":true,"href":"https:\/\/miumjau.ee\/lt\/wp-json\/wp\/v2\/product_tag?post=55774"}],"curies":[{"name":"wp","href":"https:\/\/api.w.org\/{rel}","templated":true}]}}