{"id":55734,"date":"2024-11-18T13:26:05","date_gmt":"2024-11-18T11:26:05","guid":{"rendered":"https:\/\/miumjau.ee\/toode\/applaws-konservu-rinkinys-katems-su-zuvimi-12-x-156-g\/"},"modified":"2024-11-18T13:26:05","modified_gmt":"2024-11-18T11:26:05","slug":"applaws-konservu-rinkinys-katems-su-zuvimi-12-x-156-g","status":"publish","type":"product","link":"https:\/\/miumjau.ee\/lt\/produktas\/applaws-konservu-rinkinys-katems-su-zuvimi-12-x-156-g\/","title":{"rendered":"Applaws konserv\u0173 rinkinys kat\u0117ms su \u017euvimi 12 \u00d7 156 g"},"content":{"rendered":"","protected":false},"excerpt":{"rendered":"<p data-start=\"1378\" data-end=\"1572\">Papildomas pa\u0161aras kat\u0117ms, visi\u0161kai nat\u016bralus ir neturi nieko kito, i\u0161skyrus nurodytas sudedam\u0105sias dalis. Pakuot\u0117je 12 konserv\u0173: 4 \u00d7 tuno fil\u0117, 4 \u00d7 vandenyno \u017euvys, 4 \u00d7 tuno fil\u0117 su krevet\u0117mis.<\/p>\n<p data-start=\"1574\" data-end=\"1737\"><strong data-start=\"1574\" data-end=\"1627\">Rekomenduojamas dienos kiekis ir \u0161\u0117rimo nurodymai<\/strong><br data-start=\"1627\" data-end=\"1630\" \/>\u0160\u0117rimo nurodymas pagal kat\u0117s svor\u012f: 0\u20133 kg: 0,5 konservo \/ 3\u20135 kg: 1 konservas \/ vir\u0161 5 kg: 1,5 konservo.<\/p>\n<p data-start=\"1739\" data-end=\"1998\"><strong data-start=\"1739\" data-end=\"1767\">Sudedam\u0173j\u0173 dali\u0173 s\u0105ra\u0161as<\/strong><br data-start=\"1767\" data-end=\"1770\" \/>Sud\u0117tis:<br data-start=\"1778\" data-end=\"1781\" \/>4 \u00d7 Tuno fil\u0117: tuno fil\u0117 75%, \u017euvies sultinys, ry\u017eiai.<br data-start=\"1835\" data-end=\"1838\" \/>4 \u00d7 Vandenyno \u017euvys: skumbr\u0117 45%, tuno fil\u0117 30%, \u017euvies sultinys, ry\u017eiai.<br data-start=\"1911\" data-end=\"1914\" \/>4 \u00d7 Tuno fil\u0117 su krevet\u0117mis: tuno fil\u0117 55%, \u017euvies sultinys, krevet\u0117s 20%, ry\u017eiai.<\/p>\n<p data-start=\"2000\" data-end=\"2338\"><strong data-start=\"2000\" data-end=\"2022\">Analitin\u0117 sud\u0117tis:<\/strong><br data-start=\"2022\" data-end=\"2025\" \/>4 \u00d7 Tuno fil\u0117: baltymai 16%, \u017eali pluo\u0161tai 0,1%, \u017eali riebalai 1%, \u017eali pelenai 1%, dr\u0117gm\u0117 80%.<br data-start=\"2120\" data-end=\"2123\" \/>4 \u00d7 Vandenyno \u017euvys: baltymai 17%, \u017eali pluo\u0161tai 0,1%, \u017eali riebalai 2%, \u017eali pelenai 1%, dr\u0117gm\u0117 79%.<br data-start=\"2224\" data-end=\"2227\" \/>4 \u00d7 Tuno fil\u0117 su krevet\u0117mis: baltymai 14%, \u017eali pluo\u0161tai 0,1%, \u017eali riebalai 1%, \u017eali pelenai 1%, dr\u0117gm\u0117 81%.<\/p>\n<p data-start=\"2340\" data-end=\"2498\"><strong data-start=\"2340\" data-end=\"2359\">Laikymo s\u0105lygos<\/strong><br data-start=\"2359\" data-end=\"2362\" \/>Laikyti sausoje ir v\u0117sioje vietoje. Visada u\u017etikrinti \u0161var\u0173 ir \u0161vie\u017ei\u0105 geriam\u0105 vanden\u012f.<br data-start=\"2449\" data-end=\"2452\" \/>Geriausias iki ir partijos nr.: \u017er. pakuot\u0119.<\/p>\n<p data-start=\"2500\" data-end=\"2532\" data-is-last-node=\"\" data-is-only-node=\"\"><strong data-start=\"2500\" data-end=\"2519\">Grynasis kiekis<\/strong><br data-start=\"2519\" data-end=\"2522\" \/>12 \u00d7 156 g<\/p>\n","protected":false},"featured_media":55735,"template":"","meta":[],"product_brand":[],"product_cat":[526],"product_tag":[],"class_list":{"0":"post-55734","1":"product","2":"type-product","3":"status-publish","4":"has-post-thumbnail","6":"product_cat-slapias-maistas","8":"first","9":"instock","10":"taxable","11":"shipping-taxable","12":"purchasable","13":"product-type-simple"},"yoast_head":"<!-- This site is optimized with the Yoast SEO plugin v27.4 - https:\/\/yoast.com\/product\/yoast-seo-wordpress\/ -->\n<title>Applaws konserv\u0173 rinkinys kat\u0117ms su \u017euvimi 12 \u00d7 156 g - MiuMjau<\/title>\n<meta name=\"robots\" content=\"index, follow, max-snippet:-1, max-image-preview:large, max-video-preview:-1\" \/>\n<link rel=\"canonical\" href=\"https:\/\/miumjau.ee\/lt\/produktas\/applaws-konservu-rinkinys-katems-su-zuvimi-12-x-156-g\/\" \/>\n<meta property=\"og:locale\" content=\"lt_LT\" \/>\n<meta property=\"og:type\" content=\"article\" \/>\n<meta property=\"og:title\" content=\"Applaws konserv\u0173 rinkinys kat\u0117ms su \u017euvimi 12 \u00d7 156 g - MiuMjau\" \/>\n<meta property=\"og:description\" content=\"Papildomas pa\u0161aras kat\u0117ms, visi\u0161kai nat\u016bralus ir neturi nieko kito, i\u0161skyrus nurodytas sudedam\u0105sias dalis. Pakuot\u0117je 12 konserv\u0173: 4 \u00d7 tuno fil\u0117, 4 \u00d7 vandenyno \u017euvys, 4 \u00d7 tuno fil\u0117 su krevet\u0117mis. Rekomenduojamas dienos kiekis ir \u0161\u0117rimo nurodymai\u0160\u0117rimo nurodymas pagal kat\u0117s svor\u012f: 0\u20133 kg: 0,5 konservo \/ 3\u20135 kg: 1 konservas \/ vir\u0161 5 kg: 1,5 konservo. Sudedam\u0173j\u0173 dali\u0173 s\u0105ra\u0161asSud\u0117tis:4 \u00d7 Tuno fil\u0117: tuno fil\u0117 75%, \u017euvies sultinys, ry\u017eiai.4 \u00d7 Vandenyno \u017euvys: skumbr\u0117 45%, tuno fil\u0117 30%, \u017euvies sultinys, ry\u017eiai.4 \u00d7 Tuno fil\u0117 su krevet\u0117mis: tuno fil\u0117 55%, \u017euvies sultinys, krevet\u0117s 20%, ry\u017eiai. Analitin\u0117 sud\u0117tis:4 \u00d7 Tuno fil\u0117: baltymai 16%, \u017eali pluo\u0161tai 0,1%, \u017eali riebalai 1%, \u017eali pelenai 1%, dr\u0117gm\u0117 80%.4 \u00d7 Vandenyno \u017euvys: baltymai 17%, \u017eali pluo\u0161tai 0,1%, \u017eali riebalai 2%, \u017eali pelenai 1%, dr\u0117gm\u0117 79%.4 \u00d7 Tuno fil\u0117 su krevet\u0117mis: baltymai 14%, \u017eali pluo\u0161tai 0,1%, \u017eali riebalai 1%, \u017eali pelenai 1%, dr\u0117gm\u0117 81%. Laikymo s\u0105lygosLaikyti sausoje ir v\u0117sioje vietoje. Visada u\u017etikrinti \u0161var\u0173 ir \u0161vie\u017ei\u0105 geriam\u0105 vanden\u012f.Geriausias iki ir partijos nr.: \u017er. pakuot\u0119. Grynasis kiekis12 \u00d7 156 g\" \/>\n<meta property=\"og:url\" content=\"https:\/\/miumjau.ee\/lt\/produktas\/applaws-konservu-rinkinys-katems-su-zuvimi-12-x-156-g\/\" \/>\n<meta property=\"og:site_name\" content=\"MiuMjau\" \/>\n<meta property=\"article:publisher\" content=\"https:\/\/www.facebook.com\/miumjaupood\/\" \/>\n<meta property=\"og:image\" content=\"https:\/\/miumjau.ee\/wp-content\/uploads\/2024\/11\/applaws-konserv-kassidele-12x156g-kala.jpg\" \/>\n\t<meta property=\"og:image:width\" content=\"600\" \/>\n\t<meta property=\"og:image:height\" content=\"800\" \/>\n\t<meta property=\"og:image:type\" content=\"image\/jpeg\" \/>\n<meta name=\"twitter:card\" content=\"summary_large_image\" \/>\n<script type=\"application\/ld+json\" class=\"yoast-schema-graph\">{\"@context\":\"https:\\\/\\\/schema.org\",\"@graph\":[{\"@type\":\"WebPage\",\"@id\":\"https:\\\/\\\/miumjau.ee\\\/lt\\\/produktas\\\/applaws-konservu-rinkinys-katems-su-zuvimi-12-x-156-g\\\/\",\"url\":\"https:\\\/\\\/miumjau.ee\\\/lt\\\/produktas\\\/applaws-konservu-rinkinys-katems-su-zuvimi-12-x-156-g\\\/\",\"name\":\"Applaws konserv\u0173 rinkinys kat\u0117ms su \u017euvimi 12 \u00d7 156 g - MiuMjau\",\"isPartOf\":{\"@id\":\"https:\\\/\\\/miumjau.ee\\\/#website\"},\"primaryImageOfPage\":{\"@id\":\"https:\\\/\\\/miumjau.ee\\\/lt\\\/produktas\\\/applaws-konservu-rinkinys-katems-su-zuvimi-12-x-156-g\\\/#primaryimage\"},\"image\":{\"@id\":\"https:\\\/\\\/miumjau.ee\\\/lt\\\/produktas\\\/applaws-konservu-rinkinys-katems-su-zuvimi-12-x-156-g\\\/#primaryimage\"},\"thumbnailUrl\":\"https:\\\/\\\/miumjau.ee\\\/wp-content\\\/uploads\\\/2024\\\/11\\\/applaws-konserv-kassidele-12x156g-kala.jpg\",\"datePublished\":\"2024-11-18T11:26:05+00:00\",\"breadcrumb\":{\"@id\":\"https:\\\/\\\/miumjau.ee\\\/lt\\\/produktas\\\/applaws-konservu-rinkinys-katems-su-zuvimi-12-x-156-g\\\/#breadcrumb\"},\"inLanguage\":\"lt-LT\",\"potentialAction\":[{\"@type\":\"ReadAction\",\"target\":[\"https:\\\/\\\/miumjau.ee\\\/lt\\\/produktas\\\/applaws-konservu-rinkinys-katems-su-zuvimi-12-x-156-g\\\/\"]}]},{\"@type\":\"ImageObject\",\"inLanguage\":\"lt-LT\",\"@id\":\"https:\\\/\\\/miumjau.ee\\\/lt\\\/produktas\\\/applaws-konservu-rinkinys-katems-su-zuvimi-12-x-156-g\\\/#primaryimage\",\"url\":\"https:\\\/\\\/miumjau.ee\\\/wp-content\\\/uploads\\\/2024\\\/11\\\/applaws-konserv-kassidele-12x156g-kala.jpg\",\"contentUrl\":\"https:\\\/\\\/miumjau.ee\\\/wp-content\\\/uploads\\\/2024\\\/11\\\/applaws-konserv-kassidele-12x156g-kala.jpg\",\"width\":600,\"height\":800},{\"@type\":\"BreadcrumbList\",\"@id\":\"https:\\\/\\\/miumjau.ee\\\/lt\\\/produktas\\\/applaws-konservu-rinkinys-katems-su-zuvimi-12-x-156-g\\\/#breadcrumb\",\"itemListElement\":[{\"@type\":\"ListItem\",\"position\":1,\"name\":\"Home\",\"item\":\"https:\\\/\\\/miumjau.ee\\\/lt\\\/\"},{\"@type\":\"ListItem\",\"position\":2,\"name\":\"Parduotuv\u0117\",\"item\":\"https:\\\/\\\/miumjau.ee\\\/lt\\\/parduotuve\\\/\"},{\"@type\":\"ListItem\",\"position\":3,\"name\":\"Applaws konserv\u0173 rinkinys kat\u0117ms su \u017euvimi 12 \u00d7 156 g\"}]},{\"@type\":\"WebSite\",\"@id\":\"https:\\\/\\\/miumjau.ee\\\/#website\",\"url\":\"https:\\\/\\\/miumjau.ee\\\/\",\"name\":\"MiuMjau\",\"description\":\"Kraapimispuud kassidele\",\"publisher\":{\"@id\":\"https:\\\/\\\/miumjau.ee\\\/#organization\"},\"potentialAction\":[{\"@type\":\"SearchAction\",\"target\":{\"@type\":\"EntryPoint\",\"urlTemplate\":\"https:\\\/\\\/miumjau.ee\\\/?s={search_term_string}\"},\"query-input\":{\"@type\":\"PropertyValueSpecification\",\"valueRequired\":true,\"valueName\":\"search_term_string\"}}],\"inLanguage\":\"lt-LT\"},{\"@type\":\"Organization\",\"@id\":\"https:\\\/\\\/miumjau.ee\\\/#organization\",\"name\":\"MiuMjau O\u00dc\",\"url\":\"https:\\\/\\\/miumjau.ee\\\/\",\"logo\":{\"@type\":\"ImageObject\",\"inLanguage\":\"lt-LT\",\"@id\":\"https:\\\/\\\/miumjau.ee\\\/#\\\/schema\\\/logo\\\/image\\\/\",\"url\":\"https:\\\/\\\/miumjau.ee\\\/wp-content\\\/uploads\\\/2022\\\/04\\\/MiuMjau-logo-kollane.png\",\"contentUrl\":\"https:\\\/\\\/miumjau.ee\\\/wp-content\\\/uploads\\\/2022\\\/04\\\/MiuMjau-logo-kollane.png\",\"width\":219,\"height\":100,\"caption\":\"MiuMjau O\u00dc\"},\"image\":{\"@id\":\"https:\\\/\\\/miumjau.ee\\\/#\\\/schema\\\/logo\\\/image\\\/\"},\"sameAs\":[\"https:\\\/\\\/www.facebook.com\\\/miumjaupood\\\/\"]}]}<\/script>\n<!-- \/ Yoast SEO plugin. -->","yoast_head_json":{"title":"Applaws konserv\u0173 rinkinys kat\u0117ms su \u017euvimi 12 \u00d7 156 g - MiuMjau","robots":{"index":"index","follow":"follow","max-snippet":"max-snippet:-1","max-image-preview":"max-image-preview:large","max-video-preview":"max-video-preview:-1"},"canonical":"https:\/\/miumjau.ee\/lt\/produktas\/applaws-konservu-rinkinys-katems-su-zuvimi-12-x-156-g\/","og_locale":"lt_LT","og_type":"article","og_title":"Applaws konserv\u0173 rinkinys kat\u0117ms su \u017euvimi 12 \u00d7 156 g - MiuMjau","og_description":"Papildomas pa\u0161aras kat\u0117ms, visi\u0161kai nat\u016bralus ir neturi nieko kito, i\u0161skyrus nurodytas sudedam\u0105sias dalis. Pakuot\u0117je 12 konserv\u0173: 4 \u00d7 tuno fil\u0117, 4 \u00d7 vandenyno \u017euvys, 4 \u00d7 tuno fil\u0117 su krevet\u0117mis. Rekomenduojamas dienos kiekis ir \u0161\u0117rimo nurodymai\u0160\u0117rimo nurodymas pagal kat\u0117s svor\u012f: 0\u20133 kg: 0,5 konservo \/ 3\u20135 kg: 1 konservas \/ vir\u0161 5 kg: 1,5 konservo. Sudedam\u0173j\u0173 dali\u0173 s\u0105ra\u0161asSud\u0117tis:4 \u00d7 Tuno fil\u0117: tuno fil\u0117 75%, \u017euvies sultinys, ry\u017eiai.4 \u00d7 Vandenyno \u017euvys: skumbr\u0117 45%, tuno fil\u0117 30%, \u017euvies sultinys, ry\u017eiai.4 \u00d7 Tuno fil\u0117 su krevet\u0117mis: tuno fil\u0117 55%, \u017euvies sultinys, krevet\u0117s 20%, ry\u017eiai. Analitin\u0117 sud\u0117tis:4 \u00d7 Tuno fil\u0117: baltymai 16%, \u017eali pluo\u0161tai 0,1%, \u017eali riebalai 1%, \u017eali pelenai 1%, dr\u0117gm\u0117 80%.4 \u00d7 Vandenyno \u017euvys: baltymai 17%, \u017eali pluo\u0161tai 0,1%, \u017eali riebalai 2%, \u017eali pelenai 1%, dr\u0117gm\u0117 79%.4 \u00d7 Tuno fil\u0117 su krevet\u0117mis: baltymai 14%, \u017eali pluo\u0161tai 0,1%, \u017eali riebalai 1%, \u017eali pelenai 1%, dr\u0117gm\u0117 81%. Laikymo s\u0105lygosLaikyti sausoje ir v\u0117sioje vietoje. Visada u\u017etikrinti \u0161var\u0173 ir \u0161vie\u017ei\u0105 geriam\u0105 vanden\u012f.Geriausias iki ir partijos nr.: \u017er. pakuot\u0119. Grynasis kiekis12 \u00d7 156 g","og_url":"https:\/\/miumjau.ee\/lt\/produktas\/applaws-konservu-rinkinys-katems-su-zuvimi-12-x-156-g\/","og_site_name":"MiuMjau","article_publisher":"https:\/\/www.facebook.com\/miumjaupood\/","og_image":[{"width":600,"height":800,"url":"https:\/\/miumjau.ee\/wp-content\/uploads\/2024\/11\/applaws-konserv-kassidele-12x156g-kala.jpg","type":"image\/jpeg"}],"twitter_card":"summary_large_image","schema":{"@context":"https:\/\/schema.org","@graph":[{"@type":"WebPage","@id":"https:\/\/miumjau.ee\/lt\/produktas\/applaws-konservu-rinkinys-katems-su-zuvimi-12-x-156-g\/","url":"https:\/\/miumjau.ee\/lt\/produktas\/applaws-konservu-rinkinys-katems-su-zuvimi-12-x-156-g\/","name":"Applaws konserv\u0173 rinkinys kat\u0117ms su \u017euvimi 12 \u00d7 156 g - MiuMjau","isPartOf":{"@id":"https:\/\/miumjau.ee\/#website"},"primaryImageOfPage":{"@id":"https:\/\/miumjau.ee\/lt\/produktas\/applaws-konservu-rinkinys-katems-su-zuvimi-12-x-156-g\/#primaryimage"},"image":{"@id":"https:\/\/miumjau.ee\/lt\/produktas\/applaws-konservu-rinkinys-katems-su-zuvimi-12-x-156-g\/#primaryimage"},"thumbnailUrl":"https:\/\/miumjau.ee\/wp-content\/uploads\/2024\/11\/applaws-konserv-kassidele-12x156g-kala.jpg","datePublished":"2024-11-18T11:26:05+00:00","breadcrumb":{"@id":"https:\/\/miumjau.ee\/lt\/produktas\/applaws-konservu-rinkinys-katems-su-zuvimi-12-x-156-g\/#breadcrumb"},"inLanguage":"lt-LT","potentialAction":[{"@type":"ReadAction","target":["https:\/\/miumjau.ee\/lt\/produktas\/applaws-konservu-rinkinys-katems-su-zuvimi-12-x-156-g\/"]}]},{"@type":"ImageObject","inLanguage":"lt-LT","@id":"https:\/\/miumjau.ee\/lt\/produktas\/applaws-konservu-rinkinys-katems-su-zuvimi-12-x-156-g\/#primaryimage","url":"https:\/\/miumjau.ee\/wp-content\/uploads\/2024\/11\/applaws-konserv-kassidele-12x156g-kala.jpg","contentUrl":"https:\/\/miumjau.ee\/wp-content\/uploads\/2024\/11\/applaws-konserv-kassidele-12x156g-kala.jpg","width":600,"height":800},{"@type":"BreadcrumbList","@id":"https:\/\/miumjau.ee\/lt\/produktas\/applaws-konservu-rinkinys-katems-su-zuvimi-12-x-156-g\/#breadcrumb","itemListElement":[{"@type":"ListItem","position":1,"name":"Home","item":"https:\/\/miumjau.ee\/lt\/"},{"@type":"ListItem","position":2,"name":"Parduotuv\u0117","item":"https:\/\/miumjau.ee\/lt\/parduotuve\/"},{"@type":"ListItem","position":3,"name":"Applaws konserv\u0173 rinkinys kat\u0117ms su \u017euvimi 12 \u00d7 156 g"}]},{"@type":"WebSite","@id":"https:\/\/miumjau.ee\/#website","url":"https:\/\/miumjau.ee\/","name":"MiuMjau","description":"Kraapimispuud kassidele","publisher":{"@id":"https:\/\/miumjau.ee\/#organization"},"potentialAction":[{"@type":"SearchAction","target":{"@type":"EntryPoint","urlTemplate":"https:\/\/miumjau.ee\/?s={search_term_string}"},"query-input":{"@type":"PropertyValueSpecification","valueRequired":true,"valueName":"search_term_string"}}],"inLanguage":"lt-LT"},{"@type":"Organization","@id":"https:\/\/miumjau.ee\/#organization","name":"MiuMjau O\u00dc","url":"https:\/\/miumjau.ee\/","logo":{"@type":"ImageObject","inLanguage":"lt-LT","@id":"https:\/\/miumjau.ee\/#\/schema\/logo\/image\/","url":"https:\/\/miumjau.ee\/wp-content\/uploads\/2022\/04\/MiuMjau-logo-kollane.png","contentUrl":"https:\/\/miumjau.ee\/wp-content\/uploads\/2022\/04\/MiuMjau-logo-kollane.png","width":219,"height":100,"caption":"MiuMjau O\u00dc"},"image":{"@id":"https:\/\/miumjau.ee\/#\/schema\/logo\/image\/"},"sameAs":["https:\/\/www.facebook.com\/miumjaupood\/"]}]}},"_links":{"self":[{"href":"https:\/\/miumjau.ee\/lt\/wp-json\/wp\/v2\/product\/55734","targetHints":{"allow":["GET"]}}],"collection":[{"href":"https:\/\/miumjau.ee\/lt\/wp-json\/wp\/v2\/product"}],"about":[{"href":"https:\/\/miumjau.ee\/lt\/wp-json\/wp\/v2\/types\/product"}],"wp:featuredmedia":[{"embeddable":true,"href":"https:\/\/miumjau.ee\/lt\/wp-json\/wp\/v2\/media\/55735"}],"wp:attachment":[{"href":"https:\/\/miumjau.ee\/lt\/wp-json\/wp\/v2\/media?parent=55734"}],"wp:term":[{"taxonomy":"product_brand","embeddable":true,"href":"https:\/\/miumjau.ee\/lt\/wp-json\/wp\/v2\/product_brand?post=55734"},{"taxonomy":"product_cat","embeddable":true,"href":"https:\/\/miumjau.ee\/lt\/wp-json\/wp\/v2\/product_cat?post=55734"},{"taxonomy":"product_tag","embeddable":true,"href":"https:\/\/miumjau.ee\/lt\/wp-json\/wp\/v2\/product_tag?post=55734"}],"curies":[{"name":"wp","href":"https:\/\/api.w.org\/{rel}","templated":true}]}}