{"id":55730,"date":"2024-11-18T13:21:52","date_gmt":"2024-11-18T11:21:52","guid":{"rendered":"https:\/\/miumjau.ee\/toode\/applaws-konservu-rinkinys-katems-su-vistiena-ir-zuvimi-12-x-70-g\/"},"modified":"2024-11-18T13:21:52","modified_gmt":"2024-11-18T11:21:52","slug":"applaws-konservu-rinkinys-katems-su-vistiena-ir-zuvimi-12-x-70-g","status":"publish","type":"product","link":"https:\/\/miumjau.ee\/lt\/produktas\/applaws-konservu-rinkinys-katems-su-vistiena-ir-zuvimi-12-x-70-g\/","title":{"rendered":"Applaws konserv\u0173 rinkinys kat\u0117ms su vi\u0161tiena ir \u017euvimi 12 \u00d7 70 g"},"content":{"rendered":"","protected":false},"excerpt":{"rendered":"<p data-start=\"1605\" data-end=\"1756\">Applaws konserv\u0173 rinkinys suaugusioms kat\u0117ms. Pa\u0161aras yra nat\u016bralus ir neturi joki\u0173 kit\u0173 sudedam\u0173j\u0173 dali\u0173, i\u0161skyrus tas, kurios nurodytos ant pakuot\u0117s.<\/p>\n<p data-start=\"1758\" data-end=\"1926\"><strong data-start=\"1758\" data-end=\"1811\">Rekomenduojamas dienos kiekis ir \u0161\u0117rimo nurodymai<\/strong><br data-start=\"1811\" data-end=\"1814\" \/>Rekomenduojamas \u0161\u0117rimo nurodymas: \u017er. pakuot\u0119.<br data-start=\"1860\" data-end=\"1863\" \/>\u0160vie\u017eias geriamasis vanduo gyv\u016bnui visada turi b\u016bti prieinamas.<\/p>\n<p data-start=\"1928\" data-end=\"1958\"><strong data-start=\"1928\" data-end=\"1956\">Sudedam\u0173j\u0173 dali\u0173 s\u0105ra\u0161as<\/strong><\/p>\n<p data-start=\"1960\" data-end=\"2190\"><strong data-start=\"1960\" data-end=\"1974\">Tuno fil\u0117:<\/strong><br data-start=\"1974\" data-end=\"1977\" \/>Sud\u0117tis: tuno fil\u0117 75%, \u017euvies sultinys, ry\u017eiai.<br data-start=\"2025\" data-end=\"2028\" \/>Be konservant\u0173, da\u017eikli\u0173 ir skonio stiprikli\u0173.<br data-start=\"2074\" data-end=\"2077\" \/>Analitin\u0117 sud\u0117tis: \u017eali baltymai 14%, \u017eali aliejai ir riebalai 1%, \u017eali pelenai 2%, \u017eali pluo\u0161tai 1%, dr\u0117gm\u0117 82%.<\/p>\n<p data-start=\"2192\" data-end=\"2447\"><strong data-start=\"2192\" data-end=\"2216\">Vi\u0161tienos kr\u016btin\u0117l\u0117:<\/strong><br data-start=\"2216\" data-end=\"2219\" \/>Sud\u0117tis: vi\u0161tienos kr\u016btin\u0117l\u0117 75%, vi\u0161tienos sultinys, ry\u017eiai.<br data-start=\"2280\" data-end=\"2283\" \/>Be konservant\u0173, da\u017eikli\u0173 ir skonio stiprikli\u0173.<br data-start=\"2329\" data-end=\"2332\" \/>Analitin\u0117 sud\u0117tis: \u017eali baltymai 14%, \u017eali aliejai ir riebalai 0,3%, \u017eali pelenai 2%, \u017eali pluo\u0161tai 1%, dr\u0117gm\u0117 82%.<\/p>\n<p data-start=\"2449\" data-end=\"2698\"><strong data-start=\"2449\" data-end=\"2469\">Vandenyno \u017euvys:<\/strong><br data-start=\"2469\" data-end=\"2472\" \/>Sud\u0117tis: skumbr\u0117 45%, tuno fil\u0117 30%, \u017euvies sultinys, ry\u017eiai.<br data-start=\"2533\" data-end=\"2536\" \/>Be konservant\u0173, da\u017eikli\u0173 ir skonio stiprikli\u0173.<br data-start=\"2582\" data-end=\"2585\" \/>Analitin\u0117 sud\u0117tis: \u017eali baltymai 12%, \u017eali aliejai ir riebalai 1%, \u017eali pelenai 3%, \u017eali pluo\u0161tai 1%, dr\u0117gm\u0117 83%.<\/p>\n<p data-start=\"2700\" data-end=\"2974\" data-is-last-node=\"\" data-is-only-node=\"\"><strong data-start=\"2700\" data-end=\"2733\">Vi\u0161tienos kr\u016btin\u0117l\u0117 su s\u016briu:<\/strong><br data-start=\"2733\" data-end=\"2736\" \/>Sud\u0117tis: vi\u0161tienos kr\u016btin\u0117l\u0117 70%, vi\u0161tienos sultinys, s\u016bris 5%, ry\u017eiai.<br data-start=\"2807\" data-end=\"2810\" \/>Be konservant\u0173, da\u017eikli\u0173 ir skonio stiprikli\u0173.<br data-start=\"2856\" data-end=\"2859\" \/>Analitin\u0117 sud\u0117tis: \u017eali baltymai 14%, \u017eali aliejai ir riebalai 0,3%, \u017eali pelenai 3%, \u017eali pluo\u0161tai 2%, dr\u0117gm\u0117 82%.<\/p>\n","protected":false},"featured_media":55731,"template":"","meta":[],"product_brand":[],"product_cat":[526],"product_tag":[],"class_list":{"0":"post-55730","1":"product","2":"type-product","3":"status-publish","4":"has-post-thumbnail","6":"product_cat-slapias-maistas","8":"first","9":"instock","10":"taxable","11":"shipping-taxable","12":"purchasable","13":"product-type-simple"},"yoast_head":"<!-- This site is optimized with the Yoast SEO plugin v27.4 - https:\/\/yoast.com\/product\/yoast-seo-wordpress\/ -->\n<title>Applaws konserv\u0173 rinkinys kat\u0117ms su vi\u0161tiena ir \u017euvimi 12 \u00d7 70 g - MiuMjau<\/title>\n<meta name=\"robots\" content=\"index, follow, max-snippet:-1, max-image-preview:large, max-video-preview:-1\" \/>\n<link rel=\"canonical\" href=\"https:\/\/miumjau.ee\/lt\/produktas\/applaws-konservu-rinkinys-katems-su-vistiena-ir-zuvimi-12-x-70-g\/\" \/>\n<meta property=\"og:locale\" content=\"lt_LT\" \/>\n<meta property=\"og:type\" content=\"article\" \/>\n<meta property=\"og:title\" content=\"Applaws konserv\u0173 rinkinys kat\u0117ms su vi\u0161tiena ir \u017euvimi 12 \u00d7 70 g - MiuMjau\" \/>\n<meta property=\"og:description\" content=\"Applaws konserv\u0173 rinkinys suaugusioms kat\u0117ms. Pa\u0161aras yra nat\u016bralus ir neturi joki\u0173 kit\u0173 sudedam\u0173j\u0173 dali\u0173, i\u0161skyrus tas, kurios nurodytos ant pakuot\u0117s. Rekomenduojamas dienos kiekis ir \u0161\u0117rimo nurodymaiRekomenduojamas \u0161\u0117rimo nurodymas: \u017er. pakuot\u0119.\u0160vie\u017eias geriamasis vanduo gyv\u016bnui visada turi b\u016bti prieinamas. Sudedam\u0173j\u0173 dali\u0173 s\u0105ra\u0161as Tuno fil\u0117:Sud\u0117tis: tuno fil\u0117 75%, \u017euvies sultinys, ry\u017eiai.Be konservant\u0173, da\u017eikli\u0173 ir skonio stiprikli\u0173.Analitin\u0117 sud\u0117tis: \u017eali baltymai 14%, \u017eali aliejai ir riebalai 1%, \u017eali pelenai 2%, \u017eali pluo\u0161tai 1%, dr\u0117gm\u0117 82%. Vi\u0161tienos kr\u016btin\u0117l\u0117:Sud\u0117tis: vi\u0161tienos kr\u016btin\u0117l\u0117 75%, vi\u0161tienos sultinys, ry\u017eiai.Be konservant\u0173, da\u017eikli\u0173 ir skonio stiprikli\u0173.Analitin\u0117 sud\u0117tis: \u017eali baltymai 14%, \u017eali aliejai ir riebalai 0,3%, \u017eali pelenai 2%, \u017eali pluo\u0161tai 1%, dr\u0117gm\u0117 82%. Vandenyno \u017euvys:Sud\u0117tis: skumbr\u0117 45%, tuno fil\u0117 30%, \u017euvies sultinys, ry\u017eiai.Be konservant\u0173, da\u017eikli\u0173 ir skonio stiprikli\u0173.Analitin\u0117 sud\u0117tis: \u017eali baltymai 12%, \u017eali aliejai ir riebalai 1%, \u017eali pelenai 3%, \u017eali pluo\u0161tai 1%, dr\u0117gm\u0117 83%. Vi\u0161tienos kr\u016btin\u0117l\u0117 su s\u016briu:Sud\u0117tis: vi\u0161tienos kr\u016btin\u0117l\u0117 70%, vi\u0161tienos sultinys, s\u016bris 5%, ry\u017eiai.Be konservant\u0173, da\u017eikli\u0173 ir skonio stiprikli\u0173.Analitin\u0117 sud\u0117tis: \u017eali baltymai 14%, \u017eali aliejai ir riebalai 0,3%, \u017eali pelenai 3%, \u017eali pluo\u0161tai 2%, dr\u0117gm\u0117 82%.\" \/>\n<meta property=\"og:url\" content=\"https:\/\/miumjau.ee\/lt\/produktas\/applaws-konservu-rinkinys-katems-su-vistiena-ir-zuvimi-12-x-70-g\/\" \/>\n<meta property=\"og:site_name\" content=\"MiuMjau\" \/>\n<meta property=\"article:publisher\" content=\"https:\/\/www.facebook.com\/miumjaupood\/\" \/>\n<meta property=\"og:image\" content=\"https:\/\/miumjau.ee\/wp-content\/uploads\/2024\/11\/applaws-valikp-kanajakala-12x70g.jpg\" \/>\n\t<meta property=\"og:image:width\" content=\"600\" \/>\n\t<meta property=\"og:image:height\" content=\"800\" \/>\n\t<meta property=\"og:image:type\" content=\"image\/jpeg\" \/>\n<meta name=\"twitter:card\" content=\"summary_large_image\" \/>\n<script type=\"application\/ld+json\" class=\"yoast-schema-graph\">{\"@context\":\"https:\\\/\\\/schema.org\",\"@graph\":[{\"@type\":\"WebPage\",\"@id\":\"https:\\\/\\\/miumjau.ee\\\/lt\\\/produktas\\\/applaws-konservu-rinkinys-katems-su-vistiena-ir-zuvimi-12-x-70-g\\\/\",\"url\":\"https:\\\/\\\/miumjau.ee\\\/lt\\\/produktas\\\/applaws-konservu-rinkinys-katems-su-vistiena-ir-zuvimi-12-x-70-g\\\/\",\"name\":\"Applaws konserv\u0173 rinkinys kat\u0117ms su vi\u0161tiena ir \u017euvimi 12 \u00d7 70 g - MiuMjau\",\"isPartOf\":{\"@id\":\"https:\\\/\\\/miumjau.ee\\\/#website\"},\"primaryImageOfPage\":{\"@id\":\"https:\\\/\\\/miumjau.ee\\\/lt\\\/produktas\\\/applaws-konservu-rinkinys-katems-su-vistiena-ir-zuvimi-12-x-70-g\\\/#primaryimage\"},\"image\":{\"@id\":\"https:\\\/\\\/miumjau.ee\\\/lt\\\/produktas\\\/applaws-konservu-rinkinys-katems-su-vistiena-ir-zuvimi-12-x-70-g\\\/#primaryimage\"},\"thumbnailUrl\":\"https:\\\/\\\/miumjau.ee\\\/wp-content\\\/uploads\\\/2024\\\/11\\\/applaws-valikp-kanajakala-12x70g.jpg\",\"datePublished\":\"2024-11-18T11:21:52+00:00\",\"breadcrumb\":{\"@id\":\"https:\\\/\\\/miumjau.ee\\\/lt\\\/produktas\\\/applaws-konservu-rinkinys-katems-su-vistiena-ir-zuvimi-12-x-70-g\\\/#breadcrumb\"},\"inLanguage\":\"lt-LT\",\"potentialAction\":[{\"@type\":\"ReadAction\",\"target\":[\"https:\\\/\\\/miumjau.ee\\\/lt\\\/produktas\\\/applaws-konservu-rinkinys-katems-su-vistiena-ir-zuvimi-12-x-70-g\\\/\"]}]},{\"@type\":\"ImageObject\",\"inLanguage\":\"lt-LT\",\"@id\":\"https:\\\/\\\/miumjau.ee\\\/lt\\\/produktas\\\/applaws-konservu-rinkinys-katems-su-vistiena-ir-zuvimi-12-x-70-g\\\/#primaryimage\",\"url\":\"https:\\\/\\\/miumjau.ee\\\/wp-content\\\/uploads\\\/2024\\\/11\\\/applaws-valikp-kanajakala-12x70g.jpg\",\"contentUrl\":\"https:\\\/\\\/miumjau.ee\\\/wp-content\\\/uploads\\\/2024\\\/11\\\/applaws-valikp-kanajakala-12x70g.jpg\",\"width\":600,\"height\":800},{\"@type\":\"BreadcrumbList\",\"@id\":\"https:\\\/\\\/miumjau.ee\\\/lt\\\/produktas\\\/applaws-konservu-rinkinys-katems-su-vistiena-ir-zuvimi-12-x-70-g\\\/#breadcrumb\",\"itemListElement\":[{\"@type\":\"ListItem\",\"position\":1,\"name\":\"Home\",\"item\":\"https:\\\/\\\/miumjau.ee\\\/lt\\\/\"},{\"@type\":\"ListItem\",\"position\":2,\"name\":\"Parduotuv\u0117\",\"item\":\"https:\\\/\\\/miumjau.ee\\\/lt\\\/parduotuve\\\/\"},{\"@type\":\"ListItem\",\"position\":3,\"name\":\"Applaws konserv\u0173 rinkinys kat\u0117ms su vi\u0161tiena ir \u017euvimi 12 \u00d7 70 g\"}]},{\"@type\":\"WebSite\",\"@id\":\"https:\\\/\\\/miumjau.ee\\\/#website\",\"url\":\"https:\\\/\\\/miumjau.ee\\\/\",\"name\":\"MiuMjau\",\"description\":\"Kraapimispuud kassidele\",\"publisher\":{\"@id\":\"https:\\\/\\\/miumjau.ee\\\/#organization\"},\"potentialAction\":[{\"@type\":\"SearchAction\",\"target\":{\"@type\":\"EntryPoint\",\"urlTemplate\":\"https:\\\/\\\/miumjau.ee\\\/?s={search_term_string}\"},\"query-input\":{\"@type\":\"PropertyValueSpecification\",\"valueRequired\":true,\"valueName\":\"search_term_string\"}}],\"inLanguage\":\"lt-LT\"},{\"@type\":\"Organization\",\"@id\":\"https:\\\/\\\/miumjau.ee\\\/#organization\",\"name\":\"MiuMjau O\u00dc\",\"url\":\"https:\\\/\\\/miumjau.ee\\\/\",\"logo\":{\"@type\":\"ImageObject\",\"inLanguage\":\"lt-LT\",\"@id\":\"https:\\\/\\\/miumjau.ee\\\/#\\\/schema\\\/logo\\\/image\\\/\",\"url\":\"https:\\\/\\\/miumjau.ee\\\/wp-content\\\/uploads\\\/2022\\\/04\\\/MiuMjau-logo-kollane.png\",\"contentUrl\":\"https:\\\/\\\/miumjau.ee\\\/wp-content\\\/uploads\\\/2022\\\/04\\\/MiuMjau-logo-kollane.png\",\"width\":219,\"height\":100,\"caption\":\"MiuMjau O\u00dc\"},\"image\":{\"@id\":\"https:\\\/\\\/miumjau.ee\\\/#\\\/schema\\\/logo\\\/image\\\/\"},\"sameAs\":[\"https:\\\/\\\/www.facebook.com\\\/miumjaupood\\\/\"]}]}<\/script>\n<!-- \/ Yoast SEO plugin. -->","yoast_head_json":{"title":"Applaws konserv\u0173 rinkinys kat\u0117ms su vi\u0161tiena ir \u017euvimi 12 \u00d7 70 g - MiuMjau","robots":{"index":"index","follow":"follow","max-snippet":"max-snippet:-1","max-image-preview":"max-image-preview:large","max-video-preview":"max-video-preview:-1"},"canonical":"https:\/\/miumjau.ee\/lt\/produktas\/applaws-konservu-rinkinys-katems-su-vistiena-ir-zuvimi-12-x-70-g\/","og_locale":"lt_LT","og_type":"article","og_title":"Applaws konserv\u0173 rinkinys kat\u0117ms su vi\u0161tiena ir \u017euvimi 12 \u00d7 70 g - MiuMjau","og_description":"Applaws konserv\u0173 rinkinys suaugusioms kat\u0117ms. Pa\u0161aras yra nat\u016bralus ir neturi joki\u0173 kit\u0173 sudedam\u0173j\u0173 dali\u0173, i\u0161skyrus tas, kurios nurodytos ant pakuot\u0117s. Rekomenduojamas dienos kiekis ir \u0161\u0117rimo nurodymaiRekomenduojamas \u0161\u0117rimo nurodymas: \u017er. pakuot\u0119.\u0160vie\u017eias geriamasis vanduo gyv\u016bnui visada turi b\u016bti prieinamas. Sudedam\u0173j\u0173 dali\u0173 s\u0105ra\u0161as Tuno fil\u0117:Sud\u0117tis: tuno fil\u0117 75%, \u017euvies sultinys, ry\u017eiai.Be konservant\u0173, da\u017eikli\u0173 ir skonio stiprikli\u0173.Analitin\u0117 sud\u0117tis: \u017eali baltymai 14%, \u017eali aliejai ir riebalai 1%, \u017eali pelenai 2%, \u017eali pluo\u0161tai 1%, dr\u0117gm\u0117 82%. Vi\u0161tienos kr\u016btin\u0117l\u0117:Sud\u0117tis: vi\u0161tienos kr\u016btin\u0117l\u0117 75%, vi\u0161tienos sultinys, ry\u017eiai.Be konservant\u0173, da\u017eikli\u0173 ir skonio stiprikli\u0173.Analitin\u0117 sud\u0117tis: \u017eali baltymai 14%, \u017eali aliejai ir riebalai 0,3%, \u017eali pelenai 2%, \u017eali pluo\u0161tai 1%, dr\u0117gm\u0117 82%. Vandenyno \u017euvys:Sud\u0117tis: skumbr\u0117 45%, tuno fil\u0117 30%, \u017euvies sultinys, ry\u017eiai.Be konservant\u0173, da\u017eikli\u0173 ir skonio stiprikli\u0173.Analitin\u0117 sud\u0117tis: \u017eali baltymai 12%, \u017eali aliejai ir riebalai 1%, \u017eali pelenai 3%, \u017eali pluo\u0161tai 1%, dr\u0117gm\u0117 83%. Vi\u0161tienos kr\u016btin\u0117l\u0117 su s\u016briu:Sud\u0117tis: vi\u0161tienos kr\u016btin\u0117l\u0117 70%, vi\u0161tienos sultinys, s\u016bris 5%, ry\u017eiai.Be konservant\u0173, da\u017eikli\u0173 ir skonio stiprikli\u0173.Analitin\u0117 sud\u0117tis: \u017eali baltymai 14%, \u017eali aliejai ir riebalai 0,3%, \u017eali pelenai 3%, \u017eali pluo\u0161tai 2%, dr\u0117gm\u0117 82%.","og_url":"https:\/\/miumjau.ee\/lt\/produktas\/applaws-konservu-rinkinys-katems-su-vistiena-ir-zuvimi-12-x-70-g\/","og_site_name":"MiuMjau","article_publisher":"https:\/\/www.facebook.com\/miumjaupood\/","og_image":[{"width":600,"height":800,"url":"https:\/\/miumjau.ee\/wp-content\/uploads\/2024\/11\/applaws-valikp-kanajakala-12x70g.jpg","type":"image\/jpeg"}],"twitter_card":"summary_large_image","schema":{"@context":"https:\/\/schema.org","@graph":[{"@type":"WebPage","@id":"https:\/\/miumjau.ee\/lt\/produktas\/applaws-konservu-rinkinys-katems-su-vistiena-ir-zuvimi-12-x-70-g\/","url":"https:\/\/miumjau.ee\/lt\/produktas\/applaws-konservu-rinkinys-katems-su-vistiena-ir-zuvimi-12-x-70-g\/","name":"Applaws konserv\u0173 rinkinys kat\u0117ms su vi\u0161tiena ir \u017euvimi 12 \u00d7 70 g - MiuMjau","isPartOf":{"@id":"https:\/\/miumjau.ee\/#website"},"primaryImageOfPage":{"@id":"https:\/\/miumjau.ee\/lt\/produktas\/applaws-konservu-rinkinys-katems-su-vistiena-ir-zuvimi-12-x-70-g\/#primaryimage"},"image":{"@id":"https:\/\/miumjau.ee\/lt\/produktas\/applaws-konservu-rinkinys-katems-su-vistiena-ir-zuvimi-12-x-70-g\/#primaryimage"},"thumbnailUrl":"https:\/\/miumjau.ee\/wp-content\/uploads\/2024\/11\/applaws-valikp-kanajakala-12x70g.jpg","datePublished":"2024-11-18T11:21:52+00:00","breadcrumb":{"@id":"https:\/\/miumjau.ee\/lt\/produktas\/applaws-konservu-rinkinys-katems-su-vistiena-ir-zuvimi-12-x-70-g\/#breadcrumb"},"inLanguage":"lt-LT","potentialAction":[{"@type":"ReadAction","target":["https:\/\/miumjau.ee\/lt\/produktas\/applaws-konservu-rinkinys-katems-su-vistiena-ir-zuvimi-12-x-70-g\/"]}]},{"@type":"ImageObject","inLanguage":"lt-LT","@id":"https:\/\/miumjau.ee\/lt\/produktas\/applaws-konservu-rinkinys-katems-su-vistiena-ir-zuvimi-12-x-70-g\/#primaryimage","url":"https:\/\/miumjau.ee\/wp-content\/uploads\/2024\/11\/applaws-valikp-kanajakala-12x70g.jpg","contentUrl":"https:\/\/miumjau.ee\/wp-content\/uploads\/2024\/11\/applaws-valikp-kanajakala-12x70g.jpg","width":600,"height":800},{"@type":"BreadcrumbList","@id":"https:\/\/miumjau.ee\/lt\/produktas\/applaws-konservu-rinkinys-katems-su-vistiena-ir-zuvimi-12-x-70-g\/#breadcrumb","itemListElement":[{"@type":"ListItem","position":1,"name":"Home","item":"https:\/\/miumjau.ee\/lt\/"},{"@type":"ListItem","position":2,"name":"Parduotuv\u0117","item":"https:\/\/miumjau.ee\/lt\/parduotuve\/"},{"@type":"ListItem","position":3,"name":"Applaws konserv\u0173 rinkinys kat\u0117ms su vi\u0161tiena ir \u017euvimi 12 \u00d7 70 g"}]},{"@type":"WebSite","@id":"https:\/\/miumjau.ee\/#website","url":"https:\/\/miumjau.ee\/","name":"MiuMjau","description":"Kraapimispuud kassidele","publisher":{"@id":"https:\/\/miumjau.ee\/#organization"},"potentialAction":[{"@type":"SearchAction","target":{"@type":"EntryPoint","urlTemplate":"https:\/\/miumjau.ee\/?s={search_term_string}"},"query-input":{"@type":"PropertyValueSpecification","valueRequired":true,"valueName":"search_term_string"}}],"inLanguage":"lt-LT"},{"@type":"Organization","@id":"https:\/\/miumjau.ee\/#organization","name":"MiuMjau O\u00dc","url":"https:\/\/miumjau.ee\/","logo":{"@type":"ImageObject","inLanguage":"lt-LT","@id":"https:\/\/miumjau.ee\/#\/schema\/logo\/image\/","url":"https:\/\/miumjau.ee\/wp-content\/uploads\/2022\/04\/MiuMjau-logo-kollane.png","contentUrl":"https:\/\/miumjau.ee\/wp-content\/uploads\/2022\/04\/MiuMjau-logo-kollane.png","width":219,"height":100,"caption":"MiuMjau O\u00dc"},"image":{"@id":"https:\/\/miumjau.ee\/#\/schema\/logo\/image\/"},"sameAs":["https:\/\/www.facebook.com\/miumjaupood\/"]}]}},"_links":{"self":[{"href":"https:\/\/miumjau.ee\/lt\/wp-json\/wp\/v2\/product\/55730","targetHints":{"allow":["GET"]}}],"collection":[{"href":"https:\/\/miumjau.ee\/lt\/wp-json\/wp\/v2\/product"}],"about":[{"href":"https:\/\/miumjau.ee\/lt\/wp-json\/wp\/v2\/types\/product"}],"wp:featuredmedia":[{"embeddable":true,"href":"https:\/\/miumjau.ee\/lt\/wp-json\/wp\/v2\/media\/55731"}],"wp:attachment":[{"href":"https:\/\/miumjau.ee\/lt\/wp-json\/wp\/v2\/media?parent=55730"}],"wp:term":[{"taxonomy":"product_brand","embeddable":true,"href":"https:\/\/miumjau.ee\/lt\/wp-json\/wp\/v2\/product_brand?post=55730"},{"taxonomy":"product_cat","embeddable":true,"href":"https:\/\/miumjau.ee\/lt\/wp-json\/wp\/v2\/product_cat?post=55730"},{"taxonomy":"product_tag","embeddable":true,"href":"https:\/\/miumjau.ee\/lt\/wp-json\/wp\/v2\/product_tag?post=55730"}],"curies":[{"name":"wp","href":"https:\/\/api.w.org\/{rel}","templated":true}]}}