{"id":55691,"date":"2024-11-30T16:41:44","date_gmt":"2024-11-30T14:41:44","guid":{"rendered":"https:\/\/miumjau.ee\/toode\/aatas-cat-tantalizing-dregnas-pasaras-katems-su-tunu-ir-surimi-80-g\/"},"modified":"2024-11-30T16:41:44","modified_gmt":"2024-11-30T14:41:44","slug":"aatas-cat-tantalizing-dregnas-pasaras-katems-su-tunu-ir-surimi-80-g","status":"publish","type":"product","link":"https:\/\/miumjau.ee\/lt\/produktas\/aatas-cat-tantalizing-dregnas-pasaras-katems-su-tunu-ir-surimi-80-g\/","title":{"rendered":"Aatas Cat Tantalizing dr\u0117gnas pa\u0161aras kat\u0117ms su tunu ir surimi 80 g"},"content":{"rendered":"","protected":false},"excerpt":{"rendered":"<p data-start=\"798\" data-end=\"977\">Puikaus skonio dr\u0117gnas ka\u010di\u0173 pa\u0161aras su dideliu m\u0117sos kiekiu ir auk\u0161\u010diausia kokybe. J\u016bs\u0173 katei jis tikrai patiks! Pirkdami pa\u0161ar\u0105 su tikra m\u0117sa, j\u016bs r\u016bpinat\u0117s savo kat\u0117s sveikata.<\/p>\n<p data-start=\"979\" data-end=\"1101\">Nat\u016brali m\u0117sa<br data-start=\"992\" data-end=\"995\" \/>Ma\u017eas riebal\u0173 ir kalorij\u0173 kiekis<br data-start=\"1027\" data-end=\"1030\" \/>Patiks net i\u0161rankiausioms kat\u0117ms<br data-start=\"1062\" data-end=\"1065\" \/>Be gr\u016bd\u0173<br data-start=\"1073\" data-end=\"1076\" \/>Be konservant\u0173<br data-start=\"1090\" data-end=\"1093\" \/>Be GMO<\/p>\n<p data-start=\"1103\" data-end=\"1154\">Sud\u0117tis: tuno sultinys, tunas, surimi, tir\u0161tikliai.<\/p>\n<p data-start=\"1156\" data-end=\"1199\">Energija: 480,0 kcal\/kg, 38,4 kcal\/skardin\u0117<\/p>\n<p data-start=\"1201\" data-end=\"1342\" data-is-last-node=\"\" data-is-only-node=\"\">Analitin\u0117 sud\u0117tis: \u017eali baltymai (min) 11,50%, \u017eali riebalai (min) 0,60%, \u017eali pluo\u0161tai (max) 0,20%, dr\u0117gm\u0117 (max) 86,0%, pelenai (max) 1,50%.<\/p>\n","protected":false},"featured_media":41300,"template":"","meta":[],"product_brand":[],"product_cat":[526],"product_tag":[],"class_list":{"0":"post-55691","1":"product","2":"type-product","3":"status-publish","4":"has-post-thumbnail","6":"product_cat-slapias-maistas","8":"first","9":"instock","10":"taxable","11":"shipping-taxable","12":"purchasable","13":"product-type-simple"},"yoast_head":"<!-- This site is optimized with the Yoast SEO plugin v27.4 - https:\/\/yoast.com\/product\/yoast-seo-wordpress\/ -->\n<title>Aatas Cat Tantalizing dr\u0117gnas pa\u0161aras kat\u0117ms su tunu ir surimi 80 g - MiuMjau<\/title>\n<meta name=\"robots\" content=\"index, follow, max-snippet:-1, max-image-preview:large, max-video-preview:-1\" \/>\n<link rel=\"canonical\" href=\"https:\/\/miumjau.ee\/lt\/produktas\/aatas-cat-tantalizing-dregnas-pasaras-katems-su-tunu-ir-surimi-80-g\/\" \/>\n<meta property=\"og:locale\" content=\"lt_LT\" \/>\n<meta property=\"og:type\" content=\"article\" \/>\n<meta property=\"og:title\" content=\"Aatas Cat Tantalizing dr\u0117gnas pa\u0161aras kat\u0117ms su tunu ir surimi 80 g - MiuMjau\" \/>\n<meta property=\"og:description\" content=\"Puikaus skonio dr\u0117gnas ka\u010di\u0173 pa\u0161aras su dideliu m\u0117sos kiekiu ir auk\u0161\u010diausia kokybe. J\u016bs\u0173 katei jis tikrai patiks! Pirkdami pa\u0161ar\u0105 su tikra m\u0117sa, j\u016bs r\u016bpinat\u0117s savo kat\u0117s sveikata. Nat\u016brali m\u0117saMa\u017eas riebal\u0173 ir kalorij\u0173 kiekisPatiks net i\u0161rankiausioms kat\u0117msBe gr\u016bd\u0173Be konservant\u0173Be GMO Sud\u0117tis: tuno sultinys, tunas, surimi, tir\u0161tikliai. Energija: 480,0 kcal\/kg, 38,4 kcal\/skardin\u0117 Analitin\u0117 sud\u0117tis: \u017eali baltymai (min) 11,50%, \u017eali riebalai (min) 0,60%, \u017eali pluo\u0161tai (max) 0,20%, dr\u0117gm\u0117 (max) 86,0%, pelenai (max) 1,50%.\" \/>\n<meta property=\"og:url\" content=\"https:\/\/miumjau.ee\/lt\/produktas\/aatas-cat-tantalizing-dregnas-pasaras-katems-su-tunu-ir-surimi-80-g\/\" \/>\n<meta property=\"og:site_name\" content=\"MiuMjau\" \/>\n<meta property=\"article:publisher\" content=\"https:\/\/www.facebook.com\/miumjaupood\/\" \/>\n<meta property=\"og:image\" content=\"https:\/\/miumjau.ee\/wp-content\/uploads\/2024\/11\/Tuna-_-Surimi-Photoroom.jpg\" \/>\n\t<meta property=\"og:image:width\" content=\"600\" \/>\n\t<meta property=\"og:image:height\" content=\"800\" \/>\n\t<meta property=\"og:image:type\" content=\"image\/jpeg\" \/>\n<meta name=\"twitter:card\" content=\"summary_large_image\" \/>\n<script type=\"application\/ld+json\" class=\"yoast-schema-graph\">{\"@context\":\"https:\\\/\\\/schema.org\",\"@graph\":[{\"@type\":\"WebPage\",\"@id\":\"https:\\\/\\\/miumjau.ee\\\/lt\\\/produktas\\\/aatas-cat-tantalizing-dregnas-pasaras-katems-su-tunu-ir-surimi-80-g\\\/\",\"url\":\"https:\\\/\\\/miumjau.ee\\\/lt\\\/produktas\\\/aatas-cat-tantalizing-dregnas-pasaras-katems-su-tunu-ir-surimi-80-g\\\/\",\"name\":\"Aatas Cat Tantalizing dr\u0117gnas pa\u0161aras kat\u0117ms su tunu ir surimi 80 g - MiuMjau\",\"isPartOf\":{\"@id\":\"https:\\\/\\\/miumjau.ee\\\/#website\"},\"primaryImageOfPage\":{\"@id\":\"https:\\\/\\\/miumjau.ee\\\/lt\\\/produktas\\\/aatas-cat-tantalizing-dregnas-pasaras-katems-su-tunu-ir-surimi-80-g\\\/#primaryimage\"},\"image\":{\"@id\":\"https:\\\/\\\/miumjau.ee\\\/lt\\\/produktas\\\/aatas-cat-tantalizing-dregnas-pasaras-katems-su-tunu-ir-surimi-80-g\\\/#primaryimage\"},\"thumbnailUrl\":\"https:\\\/\\\/miumjau.ee\\\/wp-content\\\/uploads\\\/2024\\\/11\\\/Tuna-_-Surimi-Photoroom.jpg\",\"datePublished\":\"2024-11-30T14:41:44+00:00\",\"breadcrumb\":{\"@id\":\"https:\\\/\\\/miumjau.ee\\\/lt\\\/produktas\\\/aatas-cat-tantalizing-dregnas-pasaras-katems-su-tunu-ir-surimi-80-g\\\/#breadcrumb\"},\"inLanguage\":\"lt-LT\",\"potentialAction\":[{\"@type\":\"ReadAction\",\"target\":[\"https:\\\/\\\/miumjau.ee\\\/lt\\\/produktas\\\/aatas-cat-tantalizing-dregnas-pasaras-katems-su-tunu-ir-surimi-80-g\\\/\"]}]},{\"@type\":\"ImageObject\",\"inLanguage\":\"lt-LT\",\"@id\":\"https:\\\/\\\/miumjau.ee\\\/lt\\\/produktas\\\/aatas-cat-tantalizing-dregnas-pasaras-katems-su-tunu-ir-surimi-80-g\\\/#primaryimage\",\"url\":\"https:\\\/\\\/miumjau.ee\\\/wp-content\\\/uploads\\\/2024\\\/11\\\/Tuna-_-Surimi-Photoroom.jpg\",\"contentUrl\":\"https:\\\/\\\/miumjau.ee\\\/wp-content\\\/uploads\\\/2024\\\/11\\\/Tuna-_-Surimi-Photoroom.jpg\",\"width\":600,\"height\":800,\"caption\":\"Aatas Cat Tantalizing m\u00e4rgtoit tuunikala ja surimiga 80g\"},{\"@type\":\"BreadcrumbList\",\"@id\":\"https:\\\/\\\/miumjau.ee\\\/lt\\\/produktas\\\/aatas-cat-tantalizing-dregnas-pasaras-katems-su-tunu-ir-surimi-80-g\\\/#breadcrumb\",\"itemListElement\":[{\"@type\":\"ListItem\",\"position\":1,\"name\":\"Home\",\"item\":\"https:\\\/\\\/miumjau.ee\\\/lt\\\/\"},{\"@type\":\"ListItem\",\"position\":2,\"name\":\"Parduotuv\u0117\",\"item\":\"https:\\\/\\\/miumjau.ee\\\/lt\\\/parduotuve\\\/\"},{\"@type\":\"ListItem\",\"position\":3,\"name\":\"Aatas Cat Tantalizing dr\u0117gnas pa\u0161aras kat\u0117ms su tunu ir surimi 80 g\"}]},{\"@type\":\"WebSite\",\"@id\":\"https:\\\/\\\/miumjau.ee\\\/#website\",\"url\":\"https:\\\/\\\/miumjau.ee\\\/\",\"name\":\"MiuMjau\",\"description\":\"Kraapimispuud kassidele\",\"publisher\":{\"@id\":\"https:\\\/\\\/miumjau.ee\\\/#organization\"},\"potentialAction\":[{\"@type\":\"SearchAction\",\"target\":{\"@type\":\"EntryPoint\",\"urlTemplate\":\"https:\\\/\\\/miumjau.ee\\\/?s={search_term_string}\"},\"query-input\":{\"@type\":\"PropertyValueSpecification\",\"valueRequired\":true,\"valueName\":\"search_term_string\"}}],\"inLanguage\":\"lt-LT\"},{\"@type\":\"Organization\",\"@id\":\"https:\\\/\\\/miumjau.ee\\\/#organization\",\"name\":\"MiuMjau O\u00dc\",\"url\":\"https:\\\/\\\/miumjau.ee\\\/\",\"logo\":{\"@type\":\"ImageObject\",\"inLanguage\":\"lt-LT\",\"@id\":\"https:\\\/\\\/miumjau.ee\\\/#\\\/schema\\\/logo\\\/image\\\/\",\"url\":\"https:\\\/\\\/miumjau.ee\\\/wp-content\\\/uploads\\\/2022\\\/04\\\/MiuMjau-logo-kollane.png\",\"contentUrl\":\"https:\\\/\\\/miumjau.ee\\\/wp-content\\\/uploads\\\/2022\\\/04\\\/MiuMjau-logo-kollane.png\",\"width\":219,\"height\":100,\"caption\":\"MiuMjau O\u00dc\"},\"image\":{\"@id\":\"https:\\\/\\\/miumjau.ee\\\/#\\\/schema\\\/logo\\\/image\\\/\"},\"sameAs\":[\"https:\\\/\\\/www.facebook.com\\\/miumjaupood\\\/\"]}]}<\/script>\n<!-- \/ Yoast SEO plugin. -->","yoast_head_json":{"title":"Aatas Cat Tantalizing dr\u0117gnas pa\u0161aras kat\u0117ms su tunu ir surimi 80 g - MiuMjau","robots":{"index":"index","follow":"follow","max-snippet":"max-snippet:-1","max-image-preview":"max-image-preview:large","max-video-preview":"max-video-preview:-1"},"canonical":"https:\/\/miumjau.ee\/lt\/produktas\/aatas-cat-tantalizing-dregnas-pasaras-katems-su-tunu-ir-surimi-80-g\/","og_locale":"lt_LT","og_type":"article","og_title":"Aatas Cat Tantalizing dr\u0117gnas pa\u0161aras kat\u0117ms su tunu ir surimi 80 g - MiuMjau","og_description":"Puikaus skonio dr\u0117gnas ka\u010di\u0173 pa\u0161aras su dideliu m\u0117sos kiekiu ir auk\u0161\u010diausia kokybe. J\u016bs\u0173 katei jis tikrai patiks! Pirkdami pa\u0161ar\u0105 su tikra m\u0117sa, j\u016bs r\u016bpinat\u0117s savo kat\u0117s sveikata. Nat\u016brali m\u0117saMa\u017eas riebal\u0173 ir kalorij\u0173 kiekisPatiks net i\u0161rankiausioms kat\u0117msBe gr\u016bd\u0173Be konservant\u0173Be GMO Sud\u0117tis: tuno sultinys, tunas, surimi, tir\u0161tikliai. Energija: 480,0 kcal\/kg, 38,4 kcal\/skardin\u0117 Analitin\u0117 sud\u0117tis: \u017eali baltymai (min) 11,50%, \u017eali riebalai (min) 0,60%, \u017eali pluo\u0161tai (max) 0,20%, dr\u0117gm\u0117 (max) 86,0%, pelenai (max) 1,50%.","og_url":"https:\/\/miumjau.ee\/lt\/produktas\/aatas-cat-tantalizing-dregnas-pasaras-katems-su-tunu-ir-surimi-80-g\/","og_site_name":"MiuMjau","article_publisher":"https:\/\/www.facebook.com\/miumjaupood\/","og_image":[{"width":600,"height":800,"url":"https:\/\/miumjau.ee\/wp-content\/uploads\/2024\/11\/Tuna-_-Surimi-Photoroom.jpg","type":"image\/jpeg"}],"twitter_card":"summary_large_image","schema":{"@context":"https:\/\/schema.org","@graph":[{"@type":"WebPage","@id":"https:\/\/miumjau.ee\/lt\/produktas\/aatas-cat-tantalizing-dregnas-pasaras-katems-su-tunu-ir-surimi-80-g\/","url":"https:\/\/miumjau.ee\/lt\/produktas\/aatas-cat-tantalizing-dregnas-pasaras-katems-su-tunu-ir-surimi-80-g\/","name":"Aatas Cat Tantalizing dr\u0117gnas pa\u0161aras kat\u0117ms su tunu ir surimi 80 g - MiuMjau","isPartOf":{"@id":"https:\/\/miumjau.ee\/#website"},"primaryImageOfPage":{"@id":"https:\/\/miumjau.ee\/lt\/produktas\/aatas-cat-tantalizing-dregnas-pasaras-katems-su-tunu-ir-surimi-80-g\/#primaryimage"},"image":{"@id":"https:\/\/miumjau.ee\/lt\/produktas\/aatas-cat-tantalizing-dregnas-pasaras-katems-su-tunu-ir-surimi-80-g\/#primaryimage"},"thumbnailUrl":"https:\/\/miumjau.ee\/wp-content\/uploads\/2024\/11\/Tuna-_-Surimi-Photoroom.jpg","datePublished":"2024-11-30T14:41:44+00:00","breadcrumb":{"@id":"https:\/\/miumjau.ee\/lt\/produktas\/aatas-cat-tantalizing-dregnas-pasaras-katems-su-tunu-ir-surimi-80-g\/#breadcrumb"},"inLanguage":"lt-LT","potentialAction":[{"@type":"ReadAction","target":["https:\/\/miumjau.ee\/lt\/produktas\/aatas-cat-tantalizing-dregnas-pasaras-katems-su-tunu-ir-surimi-80-g\/"]}]},{"@type":"ImageObject","inLanguage":"lt-LT","@id":"https:\/\/miumjau.ee\/lt\/produktas\/aatas-cat-tantalizing-dregnas-pasaras-katems-su-tunu-ir-surimi-80-g\/#primaryimage","url":"https:\/\/miumjau.ee\/wp-content\/uploads\/2024\/11\/Tuna-_-Surimi-Photoroom.jpg","contentUrl":"https:\/\/miumjau.ee\/wp-content\/uploads\/2024\/11\/Tuna-_-Surimi-Photoroom.jpg","width":600,"height":800,"caption":"Aatas Cat Tantalizing m\u00e4rgtoit tuunikala ja surimiga 80g"},{"@type":"BreadcrumbList","@id":"https:\/\/miumjau.ee\/lt\/produktas\/aatas-cat-tantalizing-dregnas-pasaras-katems-su-tunu-ir-surimi-80-g\/#breadcrumb","itemListElement":[{"@type":"ListItem","position":1,"name":"Home","item":"https:\/\/miumjau.ee\/lt\/"},{"@type":"ListItem","position":2,"name":"Parduotuv\u0117","item":"https:\/\/miumjau.ee\/lt\/parduotuve\/"},{"@type":"ListItem","position":3,"name":"Aatas Cat Tantalizing dr\u0117gnas pa\u0161aras kat\u0117ms su tunu ir surimi 80 g"}]},{"@type":"WebSite","@id":"https:\/\/miumjau.ee\/#website","url":"https:\/\/miumjau.ee\/","name":"MiuMjau","description":"Kraapimispuud kassidele","publisher":{"@id":"https:\/\/miumjau.ee\/#organization"},"potentialAction":[{"@type":"SearchAction","target":{"@type":"EntryPoint","urlTemplate":"https:\/\/miumjau.ee\/?s={search_term_string}"},"query-input":{"@type":"PropertyValueSpecification","valueRequired":true,"valueName":"search_term_string"}}],"inLanguage":"lt-LT"},{"@type":"Organization","@id":"https:\/\/miumjau.ee\/#organization","name":"MiuMjau O\u00dc","url":"https:\/\/miumjau.ee\/","logo":{"@type":"ImageObject","inLanguage":"lt-LT","@id":"https:\/\/miumjau.ee\/#\/schema\/logo\/image\/","url":"https:\/\/miumjau.ee\/wp-content\/uploads\/2022\/04\/MiuMjau-logo-kollane.png","contentUrl":"https:\/\/miumjau.ee\/wp-content\/uploads\/2022\/04\/MiuMjau-logo-kollane.png","width":219,"height":100,"caption":"MiuMjau O\u00dc"},"image":{"@id":"https:\/\/miumjau.ee\/#\/schema\/logo\/image\/"},"sameAs":["https:\/\/www.facebook.com\/miumjaupood\/"]}]}},"_links":{"self":[{"href":"https:\/\/miumjau.ee\/lt\/wp-json\/wp\/v2\/product\/55691","targetHints":{"allow":["GET"]}}],"collection":[{"href":"https:\/\/miumjau.ee\/lt\/wp-json\/wp\/v2\/product"}],"about":[{"href":"https:\/\/miumjau.ee\/lt\/wp-json\/wp\/v2\/types\/product"}],"wp:featuredmedia":[{"embeddable":true,"href":"https:\/\/miumjau.ee\/lt\/wp-json\/wp\/v2\/media\/41300"}],"wp:attachment":[{"href":"https:\/\/miumjau.ee\/lt\/wp-json\/wp\/v2\/media?parent=55691"}],"wp:term":[{"taxonomy":"product_brand","embeddable":true,"href":"https:\/\/miumjau.ee\/lt\/wp-json\/wp\/v2\/product_brand?post=55691"},{"taxonomy":"product_cat","embeddable":true,"href":"https:\/\/miumjau.ee\/lt\/wp-json\/wp\/v2\/product_cat?post=55691"},{"taxonomy":"product_tag","embeddable":true,"href":"https:\/\/miumjau.ee\/lt\/wp-json\/wp\/v2\/product_tag?post=55691"}],"curies":[{"name":"wp","href":"https:\/\/api.w.org\/{rel}","templated":true}]}}