{"id":55686,"date":"2024-11-20T11:02:35","date_gmt":"2024-11-20T09:02:35","guid":{"rendered":"https:\/\/miumjau.ee\/toode\/applaws-kaciu-pasaro-maiseliu-rinkinys-su-zuvimi-zele-12-x-70-g\/"},"modified":"2024-11-20T11:02:35","modified_gmt":"2024-11-20T09:02:35","slug":"applaws-kaciu-pasaro-maiseliu-rinkinys-su-zuvimi-zele-12-x-70-g","status":"publish","type":"product","link":"https:\/\/miumjau.ee\/lt\/produktas\/applaws-kaciu-pasaro-maiseliu-rinkinys-su-zuvimi-zele-12-x-70-g\/","title":{"rendered":"Applaws ka\u010di\u0173 pa\u0161aro mai\u0161eli\u0173 rinkinys su \u017euvimi \u017eel\u0117 12 \u00d7 70 g"},"content":{"rendered":"","protected":false},"excerpt":{"rendered":"<div class=\"flex flex-col text-sm pb-25\">\n<section class=\"text-token-text-primary w-full focus:outline-none [--shadow-height:45px] has-data-writing-block:pointer-events-none has-data-writing-block:-mt-(--shadow-height) has-data-writing-block:pt-(--shadow-height) [&amp;:has([data-writing-block])&gt;*]:pointer-events-auto scroll-mt-[calc(var(--header-height)+min(200px,max(70px,20svh)))]\" dir=\"auto\" data-turn-id=\"request-WEB:d49cf905-c495-49ac-9680-13019b363413-4\" data-testid=\"conversation-turn-10\" data-scroll-anchor=\"true\" data-turn=\"assistant\">\n<div class=\"text-base my-auto mx-auto pb-10 [--thread-content-margin:var(--thread-content-margin-xs,calc(var(--spacing)*4))] @w-sm\/main:[--thread-content-margin:var(--thread-content-margin-sm,calc(var(--spacing)*6))] @w-lg\/main:[--thread-content-margin:var(--thread-content-margin-lg,calc(var(--spacing)*16))] px-(--thread-content-margin)\">\n<div class=\"[--thread-content-max-width:40rem] @w-lg\/main:[--thread-content-max-width:48rem] mx-auto max-w-(--thread-content-max-width) flex-1 group\/turn-messages focus-visible:outline-hidden relative flex w-full min-w-0 flex-col agent-turn\">\n<div class=\"flex max-w-full flex-col gap-4 grow\">\n<div class=\"min-h-8 text-message relative flex w-full flex-col items-end gap-2 text-start break-words whitespace-normal outline-none keyboard-focused:focus-ring [.text-message+&amp;]:mt-1\" dir=\"auto\" tabindex=\"0\" data-message-author-role=\"assistant\" data-message-id=\"1262afa4-c3be-47b6-99a2-58b7224ee801\" data-message-model-slug=\"gpt-5-3\" data-turn-start-message=\"true\">\n<div class=\"flex w-full flex-col gap-1 empty:hidden\">\n<div class=\"markdown prose dark:prose-invert w-full wrap-break-word light markdown-new-styling\">\n<p data-start=\"1182\" data-end=\"1270\">Applaws pa\u0161aro mai\u0161eli\u0173 rinkinys kat\u0117ms su \u017euvimi, 12 \u00d7 70 g. Papildomas pa\u0161aras kat\u0117ms.<\/p>\n<p data-start=\"1272\" data-end=\"1489\">\u0160\u0117rimo rekomendacijos pagal gyv\u016bno svor\u012f: 0\u20133 kg \u2013 iki 1 mai\u0161elio, 3\u20135 kg \u2013 iki 2 mai\u0161eli\u0173, 5+ kg \u2013 iki 3 mai\u0161eli\u0173.<br data-start=\"1387\" data-end=\"1390\" \/>\u0160vie\u017eias geriamasis vanduo gyv\u016bnui visada turi b\u016bti prieinamas. Laikyti v\u0117sioje ir sausoje vietoje.<\/p>\n<p data-start=\"1491\" data-end=\"1845\">Sudedam\u0173j\u0173 dali\u0173 s\u0105ra\u0161as<br data-start=\"1515\" data-end=\"1518\" \/>Sud\u0117tis:<br data-start=\"1526\" data-end=\"1529\" \/>4 \u00d7 tuno fil\u0117: tuno fil\u0117 60%<em data-start=\"1557\" data-end=\"1573\">, ry\u017ei\u0173 miltai<\/em>, augalin\u0117s kilm\u0117s \u017eel\u0117 formuojanti med\u017eiaga.<br data-start=\"1618\" data-end=\"1621\" \/>4 \u00d7 tuno fil\u0117 su skumbre: tuno fil\u0117* 55%, skumbr\u0117* 5%, ry\u017ei\u0173 miltai*, augalin\u0117s kilm\u0117s \u017eel\u0117 formuojanti med\u017eiaga.<br data-start=\"1734\" data-end=\"1737\" \/>4 \u00d7 tuno fil\u0117 su la\u0161i\u0161a: tuno fil\u0117* 55%, la\u0161i\u0161a*, ry\u017ei\u0173 miltai*, augalin\u0117s kilm\u0117s \u017eel\u0117 formuojanti med\u017eiaga.<\/p>\n<p data-start=\"1847\" data-end=\"2180\" data-is-last-node=\"\" data-is-only-node=\"\">Analitin\u0117s sudedamosios dalys:<br data-start=\"1877\" data-end=\"1880\" \/>Tuno fil\u0117: baltymai 13%, \u017eali pluo\u0161tai 0,1%, \u017eali riebalai 1%, \u017eali pelenai 1%, dr\u0117gm\u0117 83%.<br data-start=\"1971\" data-end=\"1974\" \/>Tuno fil\u0117 su skumbre: baltymai 13%, \u017eali pluo\u0161tai 0,1%, \u017eali riebalai 2%, \u017eali pelenai 1%, dr\u0117gm\u0117 82%.<br data-start=\"2076\" data-end=\"2079\" \/>Tuno fil\u0117 su la\u0161i\u0161a: baltymai 13%, \u017eali pluo\u0161tai 0,1%, \u017eali riebalai 2%, \u017eali pelenai 1%, dr\u0117gm\u0117 82%.<\/p>\n<\/div>\n<\/div>\n<\/div>\n<\/div>\n<\/div>\n<\/div>\n<\/section>\n<\/div>\n","protected":false},"featured_media":55687,"template":"","meta":[],"product_brand":[],"product_cat":[526],"product_tag":[],"class_list":{"0":"post-55686","1":"product","2":"type-product","3":"status-publish","4":"has-post-thumbnail","6":"product_cat-slapias-maistas","8":"first","9":"instock","10":"taxable","11":"shipping-taxable","12":"purchasable","13":"product-type-simple"},"yoast_head":"<!-- This site is optimized with the Yoast SEO plugin v27.4 - https:\/\/yoast.com\/product\/yoast-seo-wordpress\/ -->\n<title>Applaws ka\u010di\u0173 pa\u0161aro mai\u0161eli\u0173 rinkinys su \u017euvimi \u017eel\u0117 12 \u00d7 70 g - MiuMjau<\/title>\n<meta name=\"robots\" content=\"index, follow, max-snippet:-1, max-image-preview:large, max-video-preview:-1\" \/>\n<link rel=\"canonical\" href=\"https:\/\/miumjau.ee\/lt\/produktas\/applaws-kaciu-pasaro-maiseliu-rinkinys-su-zuvimi-zele-12-x-70-g\/\" \/>\n<meta property=\"og:locale\" content=\"lt_LT\" \/>\n<meta property=\"og:type\" content=\"article\" \/>\n<meta property=\"og:title\" content=\"Applaws ka\u010di\u0173 pa\u0161aro mai\u0161eli\u0173 rinkinys su \u017euvimi \u017eel\u0117 12 \u00d7 70 g - MiuMjau\" \/>\n<meta property=\"og:description\" content=\"Applaws pa\u0161aro mai\u0161eli\u0173 rinkinys kat\u0117ms su \u017euvimi, 12 \u00d7 70 g. Papildomas pa\u0161aras kat\u0117ms. \u0160\u0117rimo rekomendacijos pagal gyv\u016bno svor\u012f: 0\u20133 kg \u2013 iki 1 mai\u0161elio, 3\u20135 kg \u2013 iki 2 mai\u0161eli\u0173, 5+ kg \u2013 iki 3 mai\u0161eli\u0173.\u0160vie\u017eias geriamasis vanduo gyv\u016bnui visada turi b\u016bti prieinamas. Laikyti v\u0117sioje ir sausoje vietoje. Sudedam\u0173j\u0173 dali\u0173 s\u0105ra\u0161asSud\u0117tis:4 \u00d7 tuno fil\u0117: tuno fil\u0117 60%, ry\u017ei\u0173 miltai, augalin\u0117s kilm\u0117s \u017eel\u0117 formuojanti med\u017eiaga.4 \u00d7 tuno fil\u0117 su skumbre: tuno fil\u0117* 55%, skumbr\u0117* 5%, ry\u017ei\u0173 miltai*, augalin\u0117s kilm\u0117s \u017eel\u0117 formuojanti med\u017eiaga.4 \u00d7 tuno fil\u0117 su la\u0161i\u0161a: tuno fil\u0117* 55%, la\u0161i\u0161a*, ry\u017ei\u0173 miltai*, augalin\u0117s kilm\u0117s \u017eel\u0117 formuojanti med\u017eiaga. Analitin\u0117s sudedamosios dalys:Tuno fil\u0117: baltymai 13%, \u017eali pluo\u0161tai 0,1%, \u017eali riebalai 1%, \u017eali pelenai 1%, dr\u0117gm\u0117 83%.Tuno fil\u0117 su skumbre: baltymai 13%, \u017eali pluo\u0161tai 0,1%, \u017eali riebalai 2%, \u017eali pelenai 1%, dr\u0117gm\u0117 82%.Tuno fil\u0117 su la\u0161i\u0161a: baltymai 13%, \u017eali pluo\u0161tai 0,1%, \u017eali riebalai 2%, \u017eali pelenai 1%, dr\u0117gm\u0117 82%.\" \/>\n<meta property=\"og:url\" content=\"https:\/\/miumjau.ee\/lt\/produktas\/applaws-kaciu-pasaro-maiseliu-rinkinys-su-zuvimi-zele-12-x-70-g\/\" \/>\n<meta property=\"og:site_name\" content=\"MiuMjau\" \/>\n<meta property=\"article:publisher\" content=\"https:\/\/www.facebook.com\/miumjaupood\/\" \/>\n<meta property=\"og:image\" content=\"https:\/\/miumjau.ee\/wp-content\/uploads\/2024\/11\/applaws-eienkotikeste-valikpakk-kalaga-tarrenis-12x70g.jpg\" \/>\n\t<meta property=\"og:image:width\" content=\"600\" \/>\n\t<meta property=\"og:image:height\" content=\"800\" \/>\n\t<meta property=\"og:image:type\" content=\"image\/jpeg\" \/>\n<meta name=\"twitter:card\" content=\"summary_large_image\" \/>\n<script type=\"application\/ld+json\" class=\"yoast-schema-graph\">{\"@context\":\"https:\\\/\\\/schema.org\",\"@graph\":[{\"@type\":\"WebPage\",\"@id\":\"https:\\\/\\\/miumjau.ee\\\/lt\\\/produktas\\\/applaws-kaciu-pasaro-maiseliu-rinkinys-su-zuvimi-zele-12-x-70-g\\\/\",\"url\":\"https:\\\/\\\/miumjau.ee\\\/lt\\\/produktas\\\/applaws-kaciu-pasaro-maiseliu-rinkinys-su-zuvimi-zele-12-x-70-g\\\/\",\"name\":\"Applaws ka\u010di\u0173 pa\u0161aro mai\u0161eli\u0173 rinkinys su \u017euvimi \u017eel\u0117 12 \u00d7 70 g - MiuMjau\",\"isPartOf\":{\"@id\":\"https:\\\/\\\/miumjau.ee\\\/#website\"},\"primaryImageOfPage\":{\"@id\":\"https:\\\/\\\/miumjau.ee\\\/lt\\\/produktas\\\/applaws-kaciu-pasaro-maiseliu-rinkinys-su-zuvimi-zele-12-x-70-g\\\/#primaryimage\"},\"image\":{\"@id\":\"https:\\\/\\\/miumjau.ee\\\/lt\\\/produktas\\\/applaws-kaciu-pasaro-maiseliu-rinkinys-su-zuvimi-zele-12-x-70-g\\\/#primaryimage\"},\"thumbnailUrl\":\"https:\\\/\\\/miumjau.ee\\\/wp-content\\\/uploads\\\/2024\\\/11\\\/applaws-eienkotikeste-valikpakk-kalaga-tarrenis-12x70g.jpg\",\"datePublished\":\"2024-11-20T09:02:35+00:00\",\"breadcrumb\":{\"@id\":\"https:\\\/\\\/miumjau.ee\\\/lt\\\/produktas\\\/applaws-kaciu-pasaro-maiseliu-rinkinys-su-zuvimi-zele-12-x-70-g\\\/#breadcrumb\"},\"inLanguage\":\"lt-LT\",\"potentialAction\":[{\"@type\":\"ReadAction\",\"target\":[\"https:\\\/\\\/miumjau.ee\\\/lt\\\/produktas\\\/applaws-kaciu-pasaro-maiseliu-rinkinys-su-zuvimi-zele-12-x-70-g\\\/\"]}]},{\"@type\":\"ImageObject\",\"inLanguage\":\"lt-LT\",\"@id\":\"https:\\\/\\\/miumjau.ee\\\/lt\\\/produktas\\\/applaws-kaciu-pasaro-maiseliu-rinkinys-su-zuvimi-zele-12-x-70-g\\\/#primaryimage\",\"url\":\"https:\\\/\\\/miumjau.ee\\\/wp-content\\\/uploads\\\/2024\\\/11\\\/applaws-eienkotikeste-valikpakk-kalaga-tarrenis-12x70g.jpg\",\"contentUrl\":\"https:\\\/\\\/miumjau.ee\\\/wp-content\\\/uploads\\\/2024\\\/11\\\/applaws-eienkotikeste-valikpakk-kalaga-tarrenis-12x70g.jpg\",\"width\":600,\"height\":800},{\"@type\":\"BreadcrumbList\",\"@id\":\"https:\\\/\\\/miumjau.ee\\\/lt\\\/produktas\\\/applaws-kaciu-pasaro-maiseliu-rinkinys-su-zuvimi-zele-12-x-70-g\\\/#breadcrumb\",\"itemListElement\":[{\"@type\":\"ListItem\",\"position\":1,\"name\":\"Home\",\"item\":\"https:\\\/\\\/miumjau.ee\\\/lt\\\/\"},{\"@type\":\"ListItem\",\"position\":2,\"name\":\"Parduotuv\u0117\",\"item\":\"https:\\\/\\\/miumjau.ee\\\/lt\\\/parduotuve\\\/\"},{\"@type\":\"ListItem\",\"position\":3,\"name\":\"Applaws ka\u010di\u0173 pa\u0161aro mai\u0161eli\u0173 rinkinys su \u017euvimi \u017eel\u0117 12 \u00d7 70 g\"}]},{\"@type\":\"WebSite\",\"@id\":\"https:\\\/\\\/miumjau.ee\\\/#website\",\"url\":\"https:\\\/\\\/miumjau.ee\\\/\",\"name\":\"MiuMjau\",\"description\":\"Kraapimispuud kassidele\",\"publisher\":{\"@id\":\"https:\\\/\\\/miumjau.ee\\\/#organization\"},\"potentialAction\":[{\"@type\":\"SearchAction\",\"target\":{\"@type\":\"EntryPoint\",\"urlTemplate\":\"https:\\\/\\\/miumjau.ee\\\/?s={search_term_string}\"},\"query-input\":{\"@type\":\"PropertyValueSpecification\",\"valueRequired\":true,\"valueName\":\"search_term_string\"}}],\"inLanguage\":\"lt-LT\"},{\"@type\":\"Organization\",\"@id\":\"https:\\\/\\\/miumjau.ee\\\/#organization\",\"name\":\"MiuMjau O\u00dc\",\"url\":\"https:\\\/\\\/miumjau.ee\\\/\",\"logo\":{\"@type\":\"ImageObject\",\"inLanguage\":\"lt-LT\",\"@id\":\"https:\\\/\\\/miumjau.ee\\\/#\\\/schema\\\/logo\\\/image\\\/\",\"url\":\"https:\\\/\\\/miumjau.ee\\\/wp-content\\\/uploads\\\/2022\\\/04\\\/MiuMjau-logo-kollane.png\",\"contentUrl\":\"https:\\\/\\\/miumjau.ee\\\/wp-content\\\/uploads\\\/2022\\\/04\\\/MiuMjau-logo-kollane.png\",\"width\":219,\"height\":100,\"caption\":\"MiuMjau O\u00dc\"},\"image\":{\"@id\":\"https:\\\/\\\/miumjau.ee\\\/#\\\/schema\\\/logo\\\/image\\\/\"},\"sameAs\":[\"https:\\\/\\\/www.facebook.com\\\/miumjaupood\\\/\"]}]}<\/script>\n<!-- \/ Yoast SEO plugin. -->","yoast_head_json":{"title":"Applaws ka\u010di\u0173 pa\u0161aro mai\u0161eli\u0173 rinkinys su \u017euvimi \u017eel\u0117 12 \u00d7 70 g - MiuMjau","robots":{"index":"index","follow":"follow","max-snippet":"max-snippet:-1","max-image-preview":"max-image-preview:large","max-video-preview":"max-video-preview:-1"},"canonical":"https:\/\/miumjau.ee\/lt\/produktas\/applaws-kaciu-pasaro-maiseliu-rinkinys-su-zuvimi-zele-12-x-70-g\/","og_locale":"lt_LT","og_type":"article","og_title":"Applaws ka\u010di\u0173 pa\u0161aro mai\u0161eli\u0173 rinkinys su \u017euvimi \u017eel\u0117 12 \u00d7 70 g - MiuMjau","og_description":"Applaws pa\u0161aro mai\u0161eli\u0173 rinkinys kat\u0117ms su \u017euvimi, 12 \u00d7 70 g. Papildomas pa\u0161aras kat\u0117ms. \u0160\u0117rimo rekomendacijos pagal gyv\u016bno svor\u012f: 0\u20133 kg \u2013 iki 1 mai\u0161elio, 3\u20135 kg \u2013 iki 2 mai\u0161eli\u0173, 5+ kg \u2013 iki 3 mai\u0161eli\u0173.\u0160vie\u017eias geriamasis vanduo gyv\u016bnui visada turi b\u016bti prieinamas. Laikyti v\u0117sioje ir sausoje vietoje. Sudedam\u0173j\u0173 dali\u0173 s\u0105ra\u0161asSud\u0117tis:4 \u00d7 tuno fil\u0117: tuno fil\u0117 60%, ry\u017ei\u0173 miltai, augalin\u0117s kilm\u0117s \u017eel\u0117 formuojanti med\u017eiaga.4 \u00d7 tuno fil\u0117 su skumbre: tuno fil\u0117* 55%, skumbr\u0117* 5%, ry\u017ei\u0173 miltai*, augalin\u0117s kilm\u0117s \u017eel\u0117 formuojanti med\u017eiaga.4 \u00d7 tuno fil\u0117 su la\u0161i\u0161a: tuno fil\u0117* 55%, la\u0161i\u0161a*, ry\u017ei\u0173 miltai*, augalin\u0117s kilm\u0117s \u017eel\u0117 formuojanti med\u017eiaga. Analitin\u0117s sudedamosios dalys:Tuno fil\u0117: baltymai 13%, \u017eali pluo\u0161tai 0,1%, \u017eali riebalai 1%, \u017eali pelenai 1%, dr\u0117gm\u0117 83%.Tuno fil\u0117 su skumbre: baltymai 13%, \u017eali pluo\u0161tai 0,1%, \u017eali riebalai 2%, \u017eali pelenai 1%, dr\u0117gm\u0117 82%.Tuno fil\u0117 su la\u0161i\u0161a: baltymai 13%, \u017eali pluo\u0161tai 0,1%, \u017eali riebalai 2%, \u017eali pelenai 1%, dr\u0117gm\u0117 82%.","og_url":"https:\/\/miumjau.ee\/lt\/produktas\/applaws-kaciu-pasaro-maiseliu-rinkinys-su-zuvimi-zele-12-x-70-g\/","og_site_name":"MiuMjau","article_publisher":"https:\/\/www.facebook.com\/miumjaupood\/","og_image":[{"width":600,"height":800,"url":"https:\/\/miumjau.ee\/wp-content\/uploads\/2024\/11\/applaws-eienkotikeste-valikpakk-kalaga-tarrenis-12x70g.jpg","type":"image\/jpeg"}],"twitter_card":"summary_large_image","schema":{"@context":"https:\/\/schema.org","@graph":[{"@type":"WebPage","@id":"https:\/\/miumjau.ee\/lt\/produktas\/applaws-kaciu-pasaro-maiseliu-rinkinys-su-zuvimi-zele-12-x-70-g\/","url":"https:\/\/miumjau.ee\/lt\/produktas\/applaws-kaciu-pasaro-maiseliu-rinkinys-su-zuvimi-zele-12-x-70-g\/","name":"Applaws ka\u010di\u0173 pa\u0161aro mai\u0161eli\u0173 rinkinys su \u017euvimi \u017eel\u0117 12 \u00d7 70 g - MiuMjau","isPartOf":{"@id":"https:\/\/miumjau.ee\/#website"},"primaryImageOfPage":{"@id":"https:\/\/miumjau.ee\/lt\/produktas\/applaws-kaciu-pasaro-maiseliu-rinkinys-su-zuvimi-zele-12-x-70-g\/#primaryimage"},"image":{"@id":"https:\/\/miumjau.ee\/lt\/produktas\/applaws-kaciu-pasaro-maiseliu-rinkinys-su-zuvimi-zele-12-x-70-g\/#primaryimage"},"thumbnailUrl":"https:\/\/miumjau.ee\/wp-content\/uploads\/2024\/11\/applaws-eienkotikeste-valikpakk-kalaga-tarrenis-12x70g.jpg","datePublished":"2024-11-20T09:02:35+00:00","breadcrumb":{"@id":"https:\/\/miumjau.ee\/lt\/produktas\/applaws-kaciu-pasaro-maiseliu-rinkinys-su-zuvimi-zele-12-x-70-g\/#breadcrumb"},"inLanguage":"lt-LT","potentialAction":[{"@type":"ReadAction","target":["https:\/\/miumjau.ee\/lt\/produktas\/applaws-kaciu-pasaro-maiseliu-rinkinys-su-zuvimi-zele-12-x-70-g\/"]}]},{"@type":"ImageObject","inLanguage":"lt-LT","@id":"https:\/\/miumjau.ee\/lt\/produktas\/applaws-kaciu-pasaro-maiseliu-rinkinys-su-zuvimi-zele-12-x-70-g\/#primaryimage","url":"https:\/\/miumjau.ee\/wp-content\/uploads\/2024\/11\/applaws-eienkotikeste-valikpakk-kalaga-tarrenis-12x70g.jpg","contentUrl":"https:\/\/miumjau.ee\/wp-content\/uploads\/2024\/11\/applaws-eienkotikeste-valikpakk-kalaga-tarrenis-12x70g.jpg","width":600,"height":800},{"@type":"BreadcrumbList","@id":"https:\/\/miumjau.ee\/lt\/produktas\/applaws-kaciu-pasaro-maiseliu-rinkinys-su-zuvimi-zele-12-x-70-g\/#breadcrumb","itemListElement":[{"@type":"ListItem","position":1,"name":"Home","item":"https:\/\/miumjau.ee\/lt\/"},{"@type":"ListItem","position":2,"name":"Parduotuv\u0117","item":"https:\/\/miumjau.ee\/lt\/parduotuve\/"},{"@type":"ListItem","position":3,"name":"Applaws ka\u010di\u0173 pa\u0161aro mai\u0161eli\u0173 rinkinys su \u017euvimi \u017eel\u0117 12 \u00d7 70 g"}]},{"@type":"WebSite","@id":"https:\/\/miumjau.ee\/#website","url":"https:\/\/miumjau.ee\/","name":"MiuMjau","description":"Kraapimispuud kassidele","publisher":{"@id":"https:\/\/miumjau.ee\/#organization"},"potentialAction":[{"@type":"SearchAction","target":{"@type":"EntryPoint","urlTemplate":"https:\/\/miumjau.ee\/?s={search_term_string}"},"query-input":{"@type":"PropertyValueSpecification","valueRequired":true,"valueName":"search_term_string"}}],"inLanguage":"lt-LT"},{"@type":"Organization","@id":"https:\/\/miumjau.ee\/#organization","name":"MiuMjau O\u00dc","url":"https:\/\/miumjau.ee\/","logo":{"@type":"ImageObject","inLanguage":"lt-LT","@id":"https:\/\/miumjau.ee\/#\/schema\/logo\/image\/","url":"https:\/\/miumjau.ee\/wp-content\/uploads\/2022\/04\/MiuMjau-logo-kollane.png","contentUrl":"https:\/\/miumjau.ee\/wp-content\/uploads\/2022\/04\/MiuMjau-logo-kollane.png","width":219,"height":100,"caption":"MiuMjau O\u00dc"},"image":{"@id":"https:\/\/miumjau.ee\/#\/schema\/logo\/image\/"},"sameAs":["https:\/\/www.facebook.com\/miumjaupood\/"]}]}},"_links":{"self":[{"href":"https:\/\/miumjau.ee\/lt\/wp-json\/wp\/v2\/product\/55686","targetHints":{"allow":["GET"]}}],"collection":[{"href":"https:\/\/miumjau.ee\/lt\/wp-json\/wp\/v2\/product"}],"about":[{"href":"https:\/\/miumjau.ee\/lt\/wp-json\/wp\/v2\/types\/product"}],"wp:featuredmedia":[{"embeddable":true,"href":"https:\/\/miumjau.ee\/lt\/wp-json\/wp\/v2\/media\/55687"}],"wp:attachment":[{"href":"https:\/\/miumjau.ee\/lt\/wp-json\/wp\/v2\/media?parent=55686"}],"wp:term":[{"taxonomy":"product_brand","embeddable":true,"href":"https:\/\/miumjau.ee\/lt\/wp-json\/wp\/v2\/product_brand?post=55686"},{"taxonomy":"product_cat","embeddable":true,"href":"https:\/\/miumjau.ee\/lt\/wp-json\/wp\/v2\/product_cat?post=55686"},{"taxonomy":"product_tag","embeddable":true,"href":"https:\/\/miumjau.ee\/lt\/wp-json\/wp\/v2\/product_tag?post=55686"}],"curies":[{"name":"wp","href":"https:\/\/api.w.org\/{rel}","templated":true}]}}