{"id":55682,"date":"2024-11-20T11:01:52","date_gmt":"2024-11-20T09:01:52","guid":{"rendered":"https:\/\/miumjau.ee\/toode\/applaws-kaciu-pasaro-maiseliu-rinkinys-su-zuvimi-12-x-70-g\/"},"modified":"2024-11-20T11:01:52","modified_gmt":"2024-11-20T09:01:52","slug":"applaws-kaciu-pasaro-maiseliu-rinkinys-su-zuvimi-12-x-70-g","status":"publish","type":"product","link":"https:\/\/miumjau.ee\/lt\/produktas\/applaws-kaciu-pasaro-maiseliu-rinkinys-su-zuvimi-12-x-70-g\/","title":{"rendered":"Applaws ka\u010di\u0173 pa\u0161aro mai\u0161eli\u0173 rinkinys su \u017euvimi 12 \u00d7 70 g"},"content":{"rendered":"","protected":false},"excerpt":{"rendered":"<p data-start=\"1287\" data-end=\"1439\">Pa\u0161aro mai\u0161eliai su \u017euvimi suaugusioms kat\u0117ms. Pa\u0161aras yra nat\u016bralus ir neturi joki\u0173 kit\u0173 sudedam\u0173j\u0173 dali\u0173, i\u0161skyrus tas, kurios nurodytos ant pakuot\u0117s.<\/p>\n<p data-start=\"1441\" data-end=\"1713\">Sudedam\u0173j\u0173 dali\u0173 s\u0105ra\u0161as<br data-start=\"1465\" data-end=\"1468\" \/>Sud\u0117tis: tuno fil\u0117 60%, \u017euvies sultinys, an\u010diuviai 5%, j\u016bros dumbliai, ry\u017eiai.<br data-start=\"1546\" data-end=\"1549\" \/>Be konservant\u0173, da\u017eikli\u0173 ir skonio stiprikli\u0173.<br data-start=\"1595\" data-end=\"1598\" \/>Analitin\u0117 sud\u0117tis: \u017eali baltymai 14%, \u017eali aliejai ir riebalai 1%, \u017eali pelenai 1%, \u017eali pluo\u0161tai 0,1%, dr\u0117gm\u0117 82%.<\/p>\n<p data-start=\"1715\" data-end=\"2039\">Tuna Fillet with Pacific Prawn. Tuno fil\u0117 su Ramiojo vandenyno krevet\u0117mis.<br data-start=\"1789\" data-end=\"1792\" \/>Sud\u0117tis: tuno fil\u0117 55%, \u017euvies sultinys, Ramiojo vandenyno krevet\u0117s 20%, ry\u017eiai.<br data-start=\"1872\" data-end=\"1875\" \/>Be konservant\u0173, da\u017eikli\u0173 ir skonio stiprikli\u0173.<br data-start=\"1921\" data-end=\"1924\" \/>Analitin\u0117 sud\u0117tis: \u017eali baltymai 16%, \u017eali aliejai ir riebalai 1%, \u017eali pelenai 1%, \u017eali pluo\u0161tai 0,1%, dr\u0117gm\u0117 80%.<\/p>\n<p data-start=\"2041\" data-end=\"2340\" data-is-last-node=\"\" data-is-only-node=\"\">Tuna Fillet with Sea Bream. Tuno fil\u0117 su j\u016brine dorada.<br data-start=\"2096\" data-end=\"2099\" \/>Sud\u0117tis: tuno fil\u0117 70%, \u017euvies sultinys, j\u016brin\u0117 dorada 5%, rudieji ry\u017eiai.<br data-start=\"2173\" data-end=\"2176\" \/>Be konservant\u0173, da\u017eikli\u0173 un skonio stiprikli\u0173.<br data-start=\"2222\" data-end=\"2225\" \/>Analitin\u0117 sud\u0117tis: \u017eali baltymai 16%, \u017eali aliejai ir riebalai 1%, \u017eali pelenai 1%, \u017eali pluo\u0161tai 0,1%, dr\u0117gm\u0117 80%.<\/p>\n","protected":false},"featured_media":55683,"template":"","meta":[],"product_brand":[],"product_cat":[526],"product_tag":[],"class_list":{"0":"post-55682","1":"product","2":"type-product","3":"status-publish","4":"has-post-thumbnail","6":"product_cat-slapias-maistas","8":"first","9":"instock","10":"taxable","11":"shipping-taxable","12":"purchasable","13":"product-type-simple"},"yoast_head":"<!-- This site is optimized with the Yoast SEO plugin v27.4 - https:\/\/yoast.com\/product\/yoast-seo-wordpress\/ -->\n<title>Applaws ka\u010di\u0173 pa\u0161aro mai\u0161eli\u0173 rinkinys su \u017euvimi 12 \u00d7 70 g - MiuMjau<\/title>\n<meta name=\"robots\" content=\"index, follow, max-snippet:-1, max-image-preview:large, max-video-preview:-1\" \/>\n<link rel=\"canonical\" href=\"https:\/\/miumjau.ee\/lt\/produktas\/applaws-kaciu-pasaro-maiseliu-rinkinys-su-zuvimi-12-x-70-g\/\" \/>\n<meta property=\"og:locale\" content=\"lt_LT\" \/>\n<meta property=\"og:type\" content=\"article\" \/>\n<meta property=\"og:title\" content=\"Applaws ka\u010di\u0173 pa\u0161aro mai\u0161eli\u0173 rinkinys su \u017euvimi 12 \u00d7 70 g - MiuMjau\" \/>\n<meta property=\"og:description\" content=\"Pa\u0161aro mai\u0161eliai su \u017euvimi suaugusioms kat\u0117ms. Pa\u0161aras yra nat\u016bralus ir neturi joki\u0173 kit\u0173 sudedam\u0173j\u0173 dali\u0173, i\u0161skyrus tas, kurios nurodytos ant pakuot\u0117s. Sudedam\u0173j\u0173 dali\u0173 s\u0105ra\u0161asSud\u0117tis: tuno fil\u0117 60%, \u017euvies sultinys, an\u010diuviai 5%, j\u016bros dumbliai, ry\u017eiai.Be konservant\u0173, da\u017eikli\u0173 ir skonio stiprikli\u0173.Analitin\u0117 sud\u0117tis: \u017eali baltymai 14%, \u017eali aliejai ir riebalai 1%, \u017eali pelenai 1%, \u017eali pluo\u0161tai 0,1%, dr\u0117gm\u0117 82%. Tuna Fillet with Pacific Prawn. Tuno fil\u0117 su Ramiojo vandenyno krevet\u0117mis.Sud\u0117tis: tuno fil\u0117 55%, \u017euvies sultinys, Ramiojo vandenyno krevet\u0117s 20%, ry\u017eiai.Be konservant\u0173, da\u017eikli\u0173 ir skonio stiprikli\u0173.Analitin\u0117 sud\u0117tis: \u017eali baltymai 16%, \u017eali aliejai ir riebalai 1%, \u017eali pelenai 1%, \u017eali pluo\u0161tai 0,1%, dr\u0117gm\u0117 80%. Tuna Fillet with Sea Bream. Tuno fil\u0117 su j\u016brine dorada.Sud\u0117tis: tuno fil\u0117 70%, \u017euvies sultinys, j\u016brin\u0117 dorada 5%, rudieji ry\u017eiai.Be konservant\u0173, da\u017eikli\u0173 un skonio stiprikli\u0173.Analitin\u0117 sud\u0117tis: \u017eali baltymai 16%, \u017eali aliejai ir riebalai 1%, \u017eali pelenai 1%, \u017eali pluo\u0161tai 0,1%, dr\u0117gm\u0117 80%.\" \/>\n<meta property=\"og:url\" content=\"https:\/\/miumjau.ee\/lt\/produktas\/applaws-kaciu-pasaro-maiseliu-rinkinys-su-zuvimi-12-x-70-g\/\" \/>\n<meta property=\"og:site_name\" content=\"MiuMjau\" \/>\n<meta property=\"article:publisher\" content=\"https:\/\/www.facebook.com\/miumjaupood\/\" \/>\n<meta property=\"og:image\" content=\"https:\/\/miumjau.ee\/wp-content\/uploads\/2024\/11\/applaws-valikpakk-kalaga-12x70g.jpg\" \/>\n\t<meta property=\"og:image:width\" content=\"600\" \/>\n\t<meta property=\"og:image:height\" content=\"800\" \/>\n\t<meta property=\"og:image:type\" content=\"image\/jpeg\" \/>\n<meta name=\"twitter:card\" content=\"summary_large_image\" \/>\n<script type=\"application\/ld+json\" class=\"yoast-schema-graph\">{\"@context\":\"https:\\\/\\\/schema.org\",\"@graph\":[{\"@type\":\"WebPage\",\"@id\":\"https:\\\/\\\/miumjau.ee\\\/lt\\\/produktas\\\/applaws-kaciu-pasaro-maiseliu-rinkinys-su-zuvimi-12-x-70-g\\\/\",\"url\":\"https:\\\/\\\/miumjau.ee\\\/lt\\\/produktas\\\/applaws-kaciu-pasaro-maiseliu-rinkinys-su-zuvimi-12-x-70-g\\\/\",\"name\":\"Applaws ka\u010di\u0173 pa\u0161aro mai\u0161eli\u0173 rinkinys su \u017euvimi 12 \u00d7 70 g - MiuMjau\",\"isPartOf\":{\"@id\":\"https:\\\/\\\/miumjau.ee\\\/#website\"},\"primaryImageOfPage\":{\"@id\":\"https:\\\/\\\/miumjau.ee\\\/lt\\\/produktas\\\/applaws-kaciu-pasaro-maiseliu-rinkinys-su-zuvimi-12-x-70-g\\\/#primaryimage\"},\"image\":{\"@id\":\"https:\\\/\\\/miumjau.ee\\\/lt\\\/produktas\\\/applaws-kaciu-pasaro-maiseliu-rinkinys-su-zuvimi-12-x-70-g\\\/#primaryimage\"},\"thumbnailUrl\":\"https:\\\/\\\/miumjau.ee\\\/wp-content\\\/uploads\\\/2024\\\/11\\\/applaws-valikpakk-kalaga-12x70g.jpg\",\"datePublished\":\"2024-11-20T09:01:52+00:00\",\"breadcrumb\":{\"@id\":\"https:\\\/\\\/miumjau.ee\\\/lt\\\/produktas\\\/applaws-kaciu-pasaro-maiseliu-rinkinys-su-zuvimi-12-x-70-g\\\/#breadcrumb\"},\"inLanguage\":\"lt-LT\",\"potentialAction\":[{\"@type\":\"ReadAction\",\"target\":[\"https:\\\/\\\/miumjau.ee\\\/lt\\\/produktas\\\/applaws-kaciu-pasaro-maiseliu-rinkinys-su-zuvimi-12-x-70-g\\\/\"]}]},{\"@type\":\"ImageObject\",\"inLanguage\":\"lt-LT\",\"@id\":\"https:\\\/\\\/miumjau.ee\\\/lt\\\/produktas\\\/applaws-kaciu-pasaro-maiseliu-rinkinys-su-zuvimi-12-x-70-g\\\/#primaryimage\",\"url\":\"https:\\\/\\\/miumjau.ee\\\/wp-content\\\/uploads\\\/2024\\\/11\\\/applaws-valikpakk-kalaga-12x70g.jpg\",\"contentUrl\":\"https:\\\/\\\/miumjau.ee\\\/wp-content\\\/uploads\\\/2024\\\/11\\\/applaws-valikpakk-kalaga-12x70g.jpg\",\"width\":600,\"height\":800},{\"@type\":\"BreadcrumbList\",\"@id\":\"https:\\\/\\\/miumjau.ee\\\/lt\\\/produktas\\\/applaws-kaciu-pasaro-maiseliu-rinkinys-su-zuvimi-12-x-70-g\\\/#breadcrumb\",\"itemListElement\":[{\"@type\":\"ListItem\",\"position\":1,\"name\":\"Home\",\"item\":\"https:\\\/\\\/miumjau.ee\\\/lt\\\/\"},{\"@type\":\"ListItem\",\"position\":2,\"name\":\"Parduotuv\u0117\",\"item\":\"https:\\\/\\\/miumjau.ee\\\/lt\\\/parduotuve\\\/\"},{\"@type\":\"ListItem\",\"position\":3,\"name\":\"Applaws ka\u010di\u0173 pa\u0161aro mai\u0161eli\u0173 rinkinys su \u017euvimi 12 \u00d7 70 g\"}]},{\"@type\":\"WebSite\",\"@id\":\"https:\\\/\\\/miumjau.ee\\\/#website\",\"url\":\"https:\\\/\\\/miumjau.ee\\\/\",\"name\":\"MiuMjau\",\"description\":\"Kraapimispuud kassidele\",\"publisher\":{\"@id\":\"https:\\\/\\\/miumjau.ee\\\/#organization\"},\"potentialAction\":[{\"@type\":\"SearchAction\",\"target\":{\"@type\":\"EntryPoint\",\"urlTemplate\":\"https:\\\/\\\/miumjau.ee\\\/?s={search_term_string}\"},\"query-input\":{\"@type\":\"PropertyValueSpecification\",\"valueRequired\":true,\"valueName\":\"search_term_string\"}}],\"inLanguage\":\"lt-LT\"},{\"@type\":\"Organization\",\"@id\":\"https:\\\/\\\/miumjau.ee\\\/#organization\",\"name\":\"MiuMjau O\u00dc\",\"url\":\"https:\\\/\\\/miumjau.ee\\\/\",\"logo\":{\"@type\":\"ImageObject\",\"inLanguage\":\"lt-LT\",\"@id\":\"https:\\\/\\\/miumjau.ee\\\/#\\\/schema\\\/logo\\\/image\\\/\",\"url\":\"https:\\\/\\\/miumjau.ee\\\/wp-content\\\/uploads\\\/2022\\\/04\\\/MiuMjau-logo-kollane.png\",\"contentUrl\":\"https:\\\/\\\/miumjau.ee\\\/wp-content\\\/uploads\\\/2022\\\/04\\\/MiuMjau-logo-kollane.png\",\"width\":219,\"height\":100,\"caption\":\"MiuMjau O\u00dc\"},\"image\":{\"@id\":\"https:\\\/\\\/miumjau.ee\\\/#\\\/schema\\\/logo\\\/image\\\/\"},\"sameAs\":[\"https:\\\/\\\/www.facebook.com\\\/miumjaupood\\\/\"]}]}<\/script>\n<!-- \/ Yoast SEO plugin. -->","yoast_head_json":{"title":"Applaws ka\u010di\u0173 pa\u0161aro mai\u0161eli\u0173 rinkinys su \u017euvimi 12 \u00d7 70 g - MiuMjau","robots":{"index":"index","follow":"follow","max-snippet":"max-snippet:-1","max-image-preview":"max-image-preview:large","max-video-preview":"max-video-preview:-1"},"canonical":"https:\/\/miumjau.ee\/lt\/produktas\/applaws-kaciu-pasaro-maiseliu-rinkinys-su-zuvimi-12-x-70-g\/","og_locale":"lt_LT","og_type":"article","og_title":"Applaws ka\u010di\u0173 pa\u0161aro mai\u0161eli\u0173 rinkinys su \u017euvimi 12 \u00d7 70 g - MiuMjau","og_description":"Pa\u0161aro mai\u0161eliai su \u017euvimi suaugusioms kat\u0117ms. Pa\u0161aras yra nat\u016bralus ir neturi joki\u0173 kit\u0173 sudedam\u0173j\u0173 dali\u0173, i\u0161skyrus tas, kurios nurodytos ant pakuot\u0117s. Sudedam\u0173j\u0173 dali\u0173 s\u0105ra\u0161asSud\u0117tis: tuno fil\u0117 60%, \u017euvies sultinys, an\u010diuviai 5%, j\u016bros dumbliai, ry\u017eiai.Be konservant\u0173, da\u017eikli\u0173 ir skonio stiprikli\u0173.Analitin\u0117 sud\u0117tis: \u017eali baltymai 14%, \u017eali aliejai ir riebalai 1%, \u017eali pelenai 1%, \u017eali pluo\u0161tai 0,1%, dr\u0117gm\u0117 82%. Tuna Fillet with Pacific Prawn. Tuno fil\u0117 su Ramiojo vandenyno krevet\u0117mis.Sud\u0117tis: tuno fil\u0117 55%, \u017euvies sultinys, Ramiojo vandenyno krevet\u0117s 20%, ry\u017eiai.Be konservant\u0173, da\u017eikli\u0173 ir skonio stiprikli\u0173.Analitin\u0117 sud\u0117tis: \u017eali baltymai 16%, \u017eali aliejai ir riebalai 1%, \u017eali pelenai 1%, \u017eali pluo\u0161tai 0,1%, dr\u0117gm\u0117 80%. Tuna Fillet with Sea Bream. Tuno fil\u0117 su j\u016brine dorada.Sud\u0117tis: tuno fil\u0117 70%, \u017euvies sultinys, j\u016brin\u0117 dorada 5%, rudieji ry\u017eiai.Be konservant\u0173, da\u017eikli\u0173 un skonio stiprikli\u0173.Analitin\u0117 sud\u0117tis: \u017eali baltymai 16%, \u017eali aliejai ir riebalai 1%, \u017eali pelenai 1%, \u017eali pluo\u0161tai 0,1%, dr\u0117gm\u0117 80%.","og_url":"https:\/\/miumjau.ee\/lt\/produktas\/applaws-kaciu-pasaro-maiseliu-rinkinys-su-zuvimi-12-x-70-g\/","og_site_name":"MiuMjau","article_publisher":"https:\/\/www.facebook.com\/miumjaupood\/","og_image":[{"width":600,"height":800,"url":"https:\/\/miumjau.ee\/wp-content\/uploads\/2024\/11\/applaws-valikpakk-kalaga-12x70g.jpg","type":"image\/jpeg"}],"twitter_card":"summary_large_image","schema":{"@context":"https:\/\/schema.org","@graph":[{"@type":"WebPage","@id":"https:\/\/miumjau.ee\/lt\/produktas\/applaws-kaciu-pasaro-maiseliu-rinkinys-su-zuvimi-12-x-70-g\/","url":"https:\/\/miumjau.ee\/lt\/produktas\/applaws-kaciu-pasaro-maiseliu-rinkinys-su-zuvimi-12-x-70-g\/","name":"Applaws ka\u010di\u0173 pa\u0161aro mai\u0161eli\u0173 rinkinys su \u017euvimi 12 \u00d7 70 g - MiuMjau","isPartOf":{"@id":"https:\/\/miumjau.ee\/#website"},"primaryImageOfPage":{"@id":"https:\/\/miumjau.ee\/lt\/produktas\/applaws-kaciu-pasaro-maiseliu-rinkinys-su-zuvimi-12-x-70-g\/#primaryimage"},"image":{"@id":"https:\/\/miumjau.ee\/lt\/produktas\/applaws-kaciu-pasaro-maiseliu-rinkinys-su-zuvimi-12-x-70-g\/#primaryimage"},"thumbnailUrl":"https:\/\/miumjau.ee\/wp-content\/uploads\/2024\/11\/applaws-valikpakk-kalaga-12x70g.jpg","datePublished":"2024-11-20T09:01:52+00:00","breadcrumb":{"@id":"https:\/\/miumjau.ee\/lt\/produktas\/applaws-kaciu-pasaro-maiseliu-rinkinys-su-zuvimi-12-x-70-g\/#breadcrumb"},"inLanguage":"lt-LT","potentialAction":[{"@type":"ReadAction","target":["https:\/\/miumjau.ee\/lt\/produktas\/applaws-kaciu-pasaro-maiseliu-rinkinys-su-zuvimi-12-x-70-g\/"]}]},{"@type":"ImageObject","inLanguage":"lt-LT","@id":"https:\/\/miumjau.ee\/lt\/produktas\/applaws-kaciu-pasaro-maiseliu-rinkinys-su-zuvimi-12-x-70-g\/#primaryimage","url":"https:\/\/miumjau.ee\/wp-content\/uploads\/2024\/11\/applaws-valikpakk-kalaga-12x70g.jpg","contentUrl":"https:\/\/miumjau.ee\/wp-content\/uploads\/2024\/11\/applaws-valikpakk-kalaga-12x70g.jpg","width":600,"height":800},{"@type":"BreadcrumbList","@id":"https:\/\/miumjau.ee\/lt\/produktas\/applaws-kaciu-pasaro-maiseliu-rinkinys-su-zuvimi-12-x-70-g\/#breadcrumb","itemListElement":[{"@type":"ListItem","position":1,"name":"Home","item":"https:\/\/miumjau.ee\/lt\/"},{"@type":"ListItem","position":2,"name":"Parduotuv\u0117","item":"https:\/\/miumjau.ee\/lt\/parduotuve\/"},{"@type":"ListItem","position":3,"name":"Applaws ka\u010di\u0173 pa\u0161aro mai\u0161eli\u0173 rinkinys su \u017euvimi 12 \u00d7 70 g"}]},{"@type":"WebSite","@id":"https:\/\/miumjau.ee\/#website","url":"https:\/\/miumjau.ee\/","name":"MiuMjau","description":"Kraapimispuud kassidele","publisher":{"@id":"https:\/\/miumjau.ee\/#organization"},"potentialAction":[{"@type":"SearchAction","target":{"@type":"EntryPoint","urlTemplate":"https:\/\/miumjau.ee\/?s={search_term_string}"},"query-input":{"@type":"PropertyValueSpecification","valueRequired":true,"valueName":"search_term_string"}}],"inLanguage":"lt-LT"},{"@type":"Organization","@id":"https:\/\/miumjau.ee\/#organization","name":"MiuMjau O\u00dc","url":"https:\/\/miumjau.ee\/","logo":{"@type":"ImageObject","inLanguage":"lt-LT","@id":"https:\/\/miumjau.ee\/#\/schema\/logo\/image\/","url":"https:\/\/miumjau.ee\/wp-content\/uploads\/2022\/04\/MiuMjau-logo-kollane.png","contentUrl":"https:\/\/miumjau.ee\/wp-content\/uploads\/2022\/04\/MiuMjau-logo-kollane.png","width":219,"height":100,"caption":"MiuMjau O\u00dc"},"image":{"@id":"https:\/\/miumjau.ee\/#\/schema\/logo\/image\/"},"sameAs":["https:\/\/www.facebook.com\/miumjaupood\/"]}]}},"_links":{"self":[{"href":"https:\/\/miumjau.ee\/lt\/wp-json\/wp\/v2\/product\/55682","targetHints":{"allow":["GET"]}}],"collection":[{"href":"https:\/\/miumjau.ee\/lt\/wp-json\/wp\/v2\/product"}],"about":[{"href":"https:\/\/miumjau.ee\/lt\/wp-json\/wp\/v2\/types\/product"}],"wp:featuredmedia":[{"embeddable":true,"href":"https:\/\/miumjau.ee\/lt\/wp-json\/wp\/v2\/media\/55683"}],"wp:attachment":[{"href":"https:\/\/miumjau.ee\/lt\/wp-json\/wp\/v2\/media?parent=55682"}],"wp:term":[{"taxonomy":"product_brand","embeddable":true,"href":"https:\/\/miumjau.ee\/lt\/wp-json\/wp\/v2\/product_brand?post=55682"},{"taxonomy":"product_cat","embeddable":true,"href":"https:\/\/miumjau.ee\/lt\/wp-json\/wp\/v2\/product_cat?post=55682"},{"taxonomy":"product_tag","embeddable":true,"href":"https:\/\/miumjau.ee\/lt\/wp-json\/wp\/v2\/product_tag?post=55682"}],"curies":[{"name":"wp","href":"https:\/\/api.w.org\/{rel}","templated":true}]}}