{"id":55673,"date":"2025-03-24T19:30:10","date_gmt":"2025-03-24T17:30:10","guid":{"rendered":"https:\/\/miumjau.ee\/toode\/sana-sunu-skanestas-triusio-mesainiai-su-obuoliais-ir-lapiniais-kopustais-1-kg\/"},"modified":"2025-03-24T19:30:10","modified_gmt":"2025-03-24T17:30:10","slug":"sana-sunu-skanestas-triusio-mesainiai-su-obuoliais-ir-lapiniais-kopustais-1-kg","status":"publish","type":"product","link":"https:\/\/miumjau.ee\/lt\/produktas\/sana-sunu-skanestas-triusio-mesainiai-su-obuoliais-ir-lapiniais-kopustais-1-kg\/","title":{"rendered":"Sana \u0161un\u0173 skan\u0117stas triu\u0161io m\u0117sainiai su obuoliais ir lapiniais kop\u016bstais 1 kg"},"content":{"rendered":"","protected":false},"excerpt":{"rendered":"<p data-start=\"1125\" data-end=\"1547\">Sana \u0161un\u0173 skan\u0117stas yra tikrai puikus skan\u0117stas! Kod\u0117l? Nes jis ne tik labai skanus, bet ir pagamintas i\u0161 geriausi\u0173 \u017ealiav\u0173. Be didelio m\u0117sos kiekio, \u012f sud\u0117t\u012f taip pat prid\u0117ta vitamin\u0173 turting\u0173 maisto produkt\u0173. Nieko dirbtinio. D\u0117l m\u016bs\u0173 \u0161velnaus gamybos proceso i\u0161saugomos sudedam\u0173j\u0173 dali\u0173 maistin\u0117s med\u017eiagos, padedan\u010dios \u0161uniui ilgai i\u0161likti sveikam ir gyvybingam. Neatsispiriamai skanus ir sveikas u\u017ekandis j\u016bs\u0173 \u0161uniui.<\/p>\n<p data-start=\"1549\" data-end=\"1660\">Sud\u0117tis: 90% jautiena, 4% aviet\u0117s, 4% \u0161pinatai, 2% nat\u016bralus augalinis glicerinas.<br data-start=\"1631\" data-end=\"1634\" \/>Papildomas pa\u0161aras \u0161unims.<\/p>\n<p data-start=\"1662\" data-end=\"1744\">Analiz\u0117: Baltymai &#8211; 38%, Riebalai &#8211; 19%, Dr\u0117gm\u0117 &#8211; 8%, Pelenai &#8211; 7%, Skaidulos &#8211; 2%<\/p>\n<p data-start=\"1746\" data-end=\"1833\">Laikymas: Laikyti v\u0117sioje ir sausoje vietoje, saugoti nuo tiesiogini\u0173 saul\u0117s spinduli\u0173!<\/p>\n<p data-start=\"1835\" data-end=\"1996\">\u0160\u0117rimo rekomendacijos: Tinka \u0161uniukams nuo 12 savai\u010di\u0173 am\u017eiaus.<br data-start=\"1898\" data-end=\"1901\" \/>Pra\u0161ome pri\u017ei\u016br\u0117ti savo \u0161un\u012f \u0117dimo metu ir visada u\u017etikrinti \u0161vie\u017ei\u0105 bei \u0161var\u0173 geriam\u0105 vanden\u012f.<\/p>\n","protected":false},"featured_media":55674,"template":"","meta":[],"product_brand":[],"product_cat":[540],"product_tag":[],"class_list":{"0":"post-55673","1":"product","2":"type-product","3":"status-publish","4":"has-post-thumbnail","6":"product_cat-skanestai-sunims","8":"first","9":"instock","10":"taxable","11":"shipping-taxable","12":"purchasable","13":"product-type-simple"},"yoast_head":"<!-- This site is optimized with the Yoast SEO plugin v27.4 - https:\/\/yoast.com\/product\/yoast-seo-wordpress\/ -->\n<title>Sana \u0161un\u0173 skan\u0117stas triu\u0161io m\u0117sainiai su obuoliais ir lapiniais kop\u016bstais 1 kg - MiuMjau<\/title>\n<meta name=\"robots\" content=\"index, follow, max-snippet:-1, max-image-preview:large, max-video-preview:-1\" \/>\n<link rel=\"canonical\" href=\"https:\/\/miumjau.ee\/lt\/produktas\/sana-sunu-skanestas-triusio-mesainiai-su-obuoliais-ir-lapiniais-kopustais-1-kg\/\" \/>\n<meta property=\"og:locale\" content=\"lt_LT\" \/>\n<meta property=\"og:type\" content=\"article\" \/>\n<meta property=\"og:title\" content=\"Sana \u0161un\u0173 skan\u0117stas triu\u0161io m\u0117sainiai su obuoliais ir lapiniais kop\u016bstais 1 kg - MiuMjau\" \/>\n<meta property=\"og:description\" content=\"Sana \u0161un\u0173 skan\u0117stas yra tikrai puikus skan\u0117stas! Kod\u0117l? Nes jis ne tik labai skanus, bet ir pagamintas i\u0161 geriausi\u0173 \u017ealiav\u0173. Be didelio m\u0117sos kiekio, \u012f sud\u0117t\u012f taip pat prid\u0117ta vitamin\u0173 turting\u0173 maisto produkt\u0173. Nieko dirbtinio. D\u0117l m\u016bs\u0173 \u0161velnaus gamybos proceso i\u0161saugomos sudedam\u0173j\u0173 dali\u0173 maistin\u0117s med\u017eiagos, padedan\u010dios \u0161uniui ilgai i\u0161likti sveikam ir gyvybingam. Neatsispiriamai skanus ir sveikas u\u017ekandis j\u016bs\u0173 \u0161uniui. Sud\u0117tis: 90% jautiena, 4% aviet\u0117s, 4% \u0161pinatai, 2% nat\u016bralus augalinis glicerinas.Papildomas pa\u0161aras \u0161unims. Analiz\u0117: Baltymai - 38%, Riebalai - 19%, Dr\u0117gm\u0117 - 8%, Pelenai - 7%, Skaidulos - 2% Laikymas: Laikyti v\u0117sioje ir sausoje vietoje, saugoti nuo tiesiogini\u0173 saul\u0117s spinduli\u0173! \u0160\u0117rimo rekomendacijos: Tinka \u0161uniukams nuo 12 savai\u010di\u0173 am\u017eiaus.Pra\u0161ome pri\u017ei\u016br\u0117ti savo \u0161un\u012f \u0117dimo metu ir visada u\u017etikrinti \u0161vie\u017ei\u0105 bei \u0161var\u0173 geriam\u0105 vanden\u012f.\" \/>\n<meta property=\"og:url\" content=\"https:\/\/miumjau.ee\/lt\/produktas\/sana-sunu-skanestas-triusio-mesainiai-su-obuoliais-ir-lapiniais-kopustais-1-kg\/\" \/>\n<meta property=\"og:site_name\" content=\"MiuMjau\" \/>\n<meta property=\"article:publisher\" content=\"https:\/\/www.facebook.com\/miumjaupood\/\" \/>\n<meta property=\"og:image\" content=\"https:\/\/miumjau.ee\/wp-content\/uploads\/2025\/03\/sana-ohkkuivatatud-maius-janeseburgerid-superfoods-1kg.webp\" \/>\n\t<meta property=\"og:image:width\" content=\"600\" \/>\n\t<meta property=\"og:image:height\" content=\"800\" \/>\n\t<meta property=\"og:image:type\" content=\"image\/webp\" \/>\n<meta name=\"twitter:card\" content=\"summary_large_image\" \/>\n<script type=\"application\/ld+json\" class=\"yoast-schema-graph\">{\"@context\":\"https:\\\/\\\/schema.org\",\"@graph\":[{\"@type\":\"WebPage\",\"@id\":\"https:\\\/\\\/miumjau.ee\\\/lt\\\/produktas\\\/sana-sunu-skanestas-triusio-mesainiai-su-obuoliais-ir-lapiniais-kopustais-1-kg\\\/\",\"url\":\"https:\\\/\\\/miumjau.ee\\\/lt\\\/produktas\\\/sana-sunu-skanestas-triusio-mesainiai-su-obuoliais-ir-lapiniais-kopustais-1-kg\\\/\",\"name\":\"Sana \u0161un\u0173 skan\u0117stas triu\u0161io m\u0117sainiai su obuoliais ir lapiniais kop\u016bstais 1 kg - MiuMjau\",\"isPartOf\":{\"@id\":\"https:\\\/\\\/miumjau.ee\\\/#website\"},\"primaryImageOfPage\":{\"@id\":\"https:\\\/\\\/miumjau.ee\\\/lt\\\/produktas\\\/sana-sunu-skanestas-triusio-mesainiai-su-obuoliais-ir-lapiniais-kopustais-1-kg\\\/#primaryimage\"},\"image\":{\"@id\":\"https:\\\/\\\/miumjau.ee\\\/lt\\\/produktas\\\/sana-sunu-skanestas-triusio-mesainiai-su-obuoliais-ir-lapiniais-kopustais-1-kg\\\/#primaryimage\"},\"thumbnailUrl\":\"https:\\\/\\\/miumjau.ee\\\/wp-content\\\/uploads\\\/2025\\\/03\\\/sana-ohkkuivatatud-maius-janeseburgerid-superfoods-1kg.webp\",\"datePublished\":\"2025-03-24T17:30:10+00:00\",\"breadcrumb\":{\"@id\":\"https:\\\/\\\/miumjau.ee\\\/lt\\\/produktas\\\/sana-sunu-skanestas-triusio-mesainiai-su-obuoliais-ir-lapiniais-kopustais-1-kg\\\/#breadcrumb\"},\"inLanguage\":\"lt-LT\",\"potentialAction\":[{\"@type\":\"ReadAction\",\"target\":[\"https:\\\/\\\/miumjau.ee\\\/lt\\\/produktas\\\/sana-sunu-skanestas-triusio-mesainiai-su-obuoliais-ir-lapiniais-kopustais-1-kg\\\/\"]}]},{\"@type\":\"ImageObject\",\"inLanguage\":\"lt-LT\",\"@id\":\"https:\\\/\\\/miumjau.ee\\\/lt\\\/produktas\\\/sana-sunu-skanestas-triusio-mesainiai-su-obuoliais-ir-lapiniais-kopustais-1-kg\\\/#primaryimage\",\"url\":\"https:\\\/\\\/miumjau.ee\\\/wp-content\\\/uploads\\\/2025\\\/03\\\/sana-ohkkuivatatud-maius-janeseburgerid-superfoods-1kg.webp\",\"contentUrl\":\"https:\\\/\\\/miumjau.ee\\\/wp-content\\\/uploads\\\/2025\\\/03\\\/sana-ohkkuivatatud-maius-janeseburgerid-superfoods-1kg.webp\",\"width\":600,\"height\":800},{\"@type\":\"BreadcrumbList\",\"@id\":\"https:\\\/\\\/miumjau.ee\\\/lt\\\/produktas\\\/sana-sunu-skanestas-triusio-mesainiai-su-obuoliais-ir-lapiniais-kopustais-1-kg\\\/#breadcrumb\",\"itemListElement\":[{\"@type\":\"ListItem\",\"position\":1,\"name\":\"Home\",\"item\":\"https:\\\/\\\/miumjau.ee\\\/lt\\\/\"},{\"@type\":\"ListItem\",\"position\":2,\"name\":\"Parduotuv\u0117\",\"item\":\"https:\\\/\\\/miumjau.ee\\\/lt\\\/parduotuve\\\/\"},{\"@type\":\"ListItem\",\"position\":3,\"name\":\"Sana \u0161un\u0173 skan\u0117stas triu\u0161io m\u0117sainiai su obuoliais ir lapiniais kop\u016bstais 1 kg\"}]},{\"@type\":\"WebSite\",\"@id\":\"https:\\\/\\\/miumjau.ee\\\/#website\",\"url\":\"https:\\\/\\\/miumjau.ee\\\/\",\"name\":\"MiuMjau\",\"description\":\"Kraapimispuud kassidele\",\"publisher\":{\"@id\":\"https:\\\/\\\/miumjau.ee\\\/#organization\"},\"potentialAction\":[{\"@type\":\"SearchAction\",\"target\":{\"@type\":\"EntryPoint\",\"urlTemplate\":\"https:\\\/\\\/miumjau.ee\\\/?s={search_term_string}\"},\"query-input\":{\"@type\":\"PropertyValueSpecification\",\"valueRequired\":true,\"valueName\":\"search_term_string\"}}],\"inLanguage\":\"lt-LT\"},{\"@type\":\"Organization\",\"@id\":\"https:\\\/\\\/miumjau.ee\\\/#organization\",\"name\":\"MiuMjau O\u00dc\",\"url\":\"https:\\\/\\\/miumjau.ee\\\/\",\"logo\":{\"@type\":\"ImageObject\",\"inLanguage\":\"lt-LT\",\"@id\":\"https:\\\/\\\/miumjau.ee\\\/#\\\/schema\\\/logo\\\/image\\\/\",\"url\":\"https:\\\/\\\/miumjau.ee\\\/wp-content\\\/uploads\\\/2022\\\/04\\\/MiuMjau-logo-kollane.png\",\"contentUrl\":\"https:\\\/\\\/miumjau.ee\\\/wp-content\\\/uploads\\\/2022\\\/04\\\/MiuMjau-logo-kollane.png\",\"width\":219,\"height\":100,\"caption\":\"MiuMjau O\u00dc\"},\"image\":{\"@id\":\"https:\\\/\\\/miumjau.ee\\\/#\\\/schema\\\/logo\\\/image\\\/\"},\"sameAs\":[\"https:\\\/\\\/www.facebook.com\\\/miumjaupood\\\/\"]}]}<\/script>\n<!-- \/ Yoast SEO plugin. -->","yoast_head_json":{"title":"Sana \u0161un\u0173 skan\u0117stas triu\u0161io m\u0117sainiai su obuoliais ir lapiniais kop\u016bstais 1 kg - MiuMjau","robots":{"index":"index","follow":"follow","max-snippet":"max-snippet:-1","max-image-preview":"max-image-preview:large","max-video-preview":"max-video-preview:-1"},"canonical":"https:\/\/miumjau.ee\/lt\/produktas\/sana-sunu-skanestas-triusio-mesainiai-su-obuoliais-ir-lapiniais-kopustais-1-kg\/","og_locale":"lt_LT","og_type":"article","og_title":"Sana \u0161un\u0173 skan\u0117stas triu\u0161io m\u0117sainiai su obuoliais ir lapiniais kop\u016bstais 1 kg - MiuMjau","og_description":"Sana \u0161un\u0173 skan\u0117stas yra tikrai puikus skan\u0117stas! Kod\u0117l? Nes jis ne tik labai skanus, bet ir pagamintas i\u0161 geriausi\u0173 \u017ealiav\u0173. Be didelio m\u0117sos kiekio, \u012f sud\u0117t\u012f taip pat prid\u0117ta vitamin\u0173 turting\u0173 maisto produkt\u0173. Nieko dirbtinio. D\u0117l m\u016bs\u0173 \u0161velnaus gamybos proceso i\u0161saugomos sudedam\u0173j\u0173 dali\u0173 maistin\u0117s med\u017eiagos, padedan\u010dios \u0161uniui ilgai i\u0161likti sveikam ir gyvybingam. Neatsispiriamai skanus ir sveikas u\u017ekandis j\u016bs\u0173 \u0161uniui. Sud\u0117tis: 90% jautiena, 4% aviet\u0117s, 4% \u0161pinatai, 2% nat\u016bralus augalinis glicerinas.Papildomas pa\u0161aras \u0161unims. Analiz\u0117: Baltymai - 38%, Riebalai - 19%, Dr\u0117gm\u0117 - 8%, Pelenai - 7%, Skaidulos - 2% Laikymas: Laikyti v\u0117sioje ir sausoje vietoje, saugoti nuo tiesiogini\u0173 saul\u0117s spinduli\u0173! \u0160\u0117rimo rekomendacijos: Tinka \u0161uniukams nuo 12 savai\u010di\u0173 am\u017eiaus.Pra\u0161ome pri\u017ei\u016br\u0117ti savo \u0161un\u012f \u0117dimo metu ir visada u\u017etikrinti \u0161vie\u017ei\u0105 bei \u0161var\u0173 geriam\u0105 vanden\u012f.","og_url":"https:\/\/miumjau.ee\/lt\/produktas\/sana-sunu-skanestas-triusio-mesainiai-su-obuoliais-ir-lapiniais-kopustais-1-kg\/","og_site_name":"MiuMjau","article_publisher":"https:\/\/www.facebook.com\/miumjaupood\/","og_image":[{"width":600,"height":800,"url":"https:\/\/miumjau.ee\/wp-content\/uploads\/2025\/03\/sana-ohkkuivatatud-maius-janeseburgerid-superfoods-1kg.webp","type":"image\/webp"}],"twitter_card":"summary_large_image","schema":{"@context":"https:\/\/schema.org","@graph":[{"@type":"WebPage","@id":"https:\/\/miumjau.ee\/lt\/produktas\/sana-sunu-skanestas-triusio-mesainiai-su-obuoliais-ir-lapiniais-kopustais-1-kg\/","url":"https:\/\/miumjau.ee\/lt\/produktas\/sana-sunu-skanestas-triusio-mesainiai-su-obuoliais-ir-lapiniais-kopustais-1-kg\/","name":"Sana \u0161un\u0173 skan\u0117stas triu\u0161io m\u0117sainiai su obuoliais ir lapiniais kop\u016bstais 1 kg - MiuMjau","isPartOf":{"@id":"https:\/\/miumjau.ee\/#website"},"primaryImageOfPage":{"@id":"https:\/\/miumjau.ee\/lt\/produktas\/sana-sunu-skanestas-triusio-mesainiai-su-obuoliais-ir-lapiniais-kopustais-1-kg\/#primaryimage"},"image":{"@id":"https:\/\/miumjau.ee\/lt\/produktas\/sana-sunu-skanestas-triusio-mesainiai-su-obuoliais-ir-lapiniais-kopustais-1-kg\/#primaryimage"},"thumbnailUrl":"https:\/\/miumjau.ee\/wp-content\/uploads\/2025\/03\/sana-ohkkuivatatud-maius-janeseburgerid-superfoods-1kg.webp","datePublished":"2025-03-24T17:30:10+00:00","breadcrumb":{"@id":"https:\/\/miumjau.ee\/lt\/produktas\/sana-sunu-skanestas-triusio-mesainiai-su-obuoliais-ir-lapiniais-kopustais-1-kg\/#breadcrumb"},"inLanguage":"lt-LT","potentialAction":[{"@type":"ReadAction","target":["https:\/\/miumjau.ee\/lt\/produktas\/sana-sunu-skanestas-triusio-mesainiai-su-obuoliais-ir-lapiniais-kopustais-1-kg\/"]}]},{"@type":"ImageObject","inLanguage":"lt-LT","@id":"https:\/\/miumjau.ee\/lt\/produktas\/sana-sunu-skanestas-triusio-mesainiai-su-obuoliais-ir-lapiniais-kopustais-1-kg\/#primaryimage","url":"https:\/\/miumjau.ee\/wp-content\/uploads\/2025\/03\/sana-ohkkuivatatud-maius-janeseburgerid-superfoods-1kg.webp","contentUrl":"https:\/\/miumjau.ee\/wp-content\/uploads\/2025\/03\/sana-ohkkuivatatud-maius-janeseburgerid-superfoods-1kg.webp","width":600,"height":800},{"@type":"BreadcrumbList","@id":"https:\/\/miumjau.ee\/lt\/produktas\/sana-sunu-skanestas-triusio-mesainiai-su-obuoliais-ir-lapiniais-kopustais-1-kg\/#breadcrumb","itemListElement":[{"@type":"ListItem","position":1,"name":"Home","item":"https:\/\/miumjau.ee\/lt\/"},{"@type":"ListItem","position":2,"name":"Parduotuv\u0117","item":"https:\/\/miumjau.ee\/lt\/parduotuve\/"},{"@type":"ListItem","position":3,"name":"Sana \u0161un\u0173 skan\u0117stas triu\u0161io m\u0117sainiai su obuoliais ir lapiniais kop\u016bstais 1 kg"}]},{"@type":"WebSite","@id":"https:\/\/miumjau.ee\/#website","url":"https:\/\/miumjau.ee\/","name":"MiuMjau","description":"Kraapimispuud kassidele","publisher":{"@id":"https:\/\/miumjau.ee\/#organization"},"potentialAction":[{"@type":"SearchAction","target":{"@type":"EntryPoint","urlTemplate":"https:\/\/miumjau.ee\/?s={search_term_string}"},"query-input":{"@type":"PropertyValueSpecification","valueRequired":true,"valueName":"search_term_string"}}],"inLanguage":"lt-LT"},{"@type":"Organization","@id":"https:\/\/miumjau.ee\/#organization","name":"MiuMjau O\u00dc","url":"https:\/\/miumjau.ee\/","logo":{"@type":"ImageObject","inLanguage":"lt-LT","@id":"https:\/\/miumjau.ee\/#\/schema\/logo\/image\/","url":"https:\/\/miumjau.ee\/wp-content\/uploads\/2022\/04\/MiuMjau-logo-kollane.png","contentUrl":"https:\/\/miumjau.ee\/wp-content\/uploads\/2022\/04\/MiuMjau-logo-kollane.png","width":219,"height":100,"caption":"MiuMjau O\u00dc"},"image":{"@id":"https:\/\/miumjau.ee\/#\/schema\/logo\/image\/"},"sameAs":["https:\/\/www.facebook.com\/miumjaupood\/"]}]}},"_links":{"self":[{"href":"https:\/\/miumjau.ee\/lt\/wp-json\/wp\/v2\/product\/55673","targetHints":{"allow":["GET"]}}],"collection":[{"href":"https:\/\/miumjau.ee\/lt\/wp-json\/wp\/v2\/product"}],"about":[{"href":"https:\/\/miumjau.ee\/lt\/wp-json\/wp\/v2\/types\/product"}],"wp:featuredmedia":[{"embeddable":true,"href":"https:\/\/miumjau.ee\/lt\/wp-json\/wp\/v2\/media\/55674"}],"wp:attachment":[{"href":"https:\/\/miumjau.ee\/lt\/wp-json\/wp\/v2\/media?parent=55673"}],"wp:term":[{"taxonomy":"product_brand","embeddable":true,"href":"https:\/\/miumjau.ee\/lt\/wp-json\/wp\/v2\/product_brand?post=55673"},{"taxonomy":"product_cat","embeddable":true,"href":"https:\/\/miumjau.ee\/lt\/wp-json\/wp\/v2\/product_cat?post=55673"},{"taxonomy":"product_tag","embeddable":true,"href":"https:\/\/miumjau.ee\/lt\/wp-json\/wp\/v2\/product_tag?post=55673"}],"curies":[{"name":"wp","href":"https:\/\/api.w.org\/{rel}","templated":true}]}}