{"id":55659,"date":"2024-12-31T18:19:56","date_gmt":"2024-12-31T16:19:56","guid":{"rendered":"https:\/\/miumjau.ee\/toode\/yeowww-zaislas-su-katzole-drugelis-melynas\/"},"modified":"2024-12-31T18:19:56","modified_gmt":"2024-12-31T16:19:56","slug":"yeowww-zaislas-su-katzole-drugelis-melynas","status":"publish","type":"product","link":"https:\/\/miumjau.ee\/lt\/produktas\/yeowww-zaislas-su-katzole-drugelis-melynas\/","title":{"rendered":"Yeowww! \u017daislas su kat\u017eole \u2013 Drugelis, m\u0117lynas"},"content":{"rendered":"","protected":false},"excerpt":{"rendered":"<p data-start=\"576\" data-end=\"871\">Yeowww! \u017eaislas yra u\u017epildytas nat\u016braliu kat\u017eol\u0117s (catnip) ekstraktu, kuris suteikia kat\u0117ms linksm\u0105 ir stimuliuojan\u010di\u0105 \u017eaidimo patirt\u012f. Nat\u016bralus ir saugus \u017eaislas. Kat\u0117ms labai patinka j\u012f laikyti letenomis, kramtyti ir pa\u0161\u0117lusiai mojuoti kojomis. Tai suteikia daug smagumo! Linksmas dizainas.<\/p>\n<p data-start=\"873\" data-end=\"929\" data-is-last-node=\"\" data-is-only-node=\"\"><strong data-start=\"873\" data-end=\"883\">Dydis:<\/strong> apie 13 x 6 cm, sparnai i\u0161 tra\u0161kaus med\u017eiagos<\/p>\n<p data-start=\"576\" data-end=\"871\">\n","protected":false},"featured_media":55660,"template":"","meta":[],"product_brand":[],"product_cat":[520],"product_tag":[],"class_list":{"0":"post-55659","1":"product","2":"type-product","3":"status-publish","4":"has-post-thumbnail","6":"product_cat-kaciu-zaislai","8":"first","9":"instock","10":"taxable","11":"shipping-taxable","12":"purchasable","13":"product-type-simple"},"yoast_head":"<!-- This site is optimized with the Yoast SEO plugin v27.4 - https:\/\/yoast.com\/product\/yoast-seo-wordpress\/ -->\n<title>Yeowww! \u017daislas su kat\u017eole \u2013 Drugelis, m\u0117lynas - MiuMjau<\/title>\n<meta name=\"robots\" content=\"index, follow, max-snippet:-1, max-image-preview:large, max-video-preview:-1\" \/>\n<link rel=\"canonical\" href=\"https:\/\/miumjau.ee\/lt\/produktas\/yeowww-zaislas-su-katzole-drugelis-melynas\/\" \/>\n<meta property=\"og:locale\" content=\"lt_LT\" \/>\n<meta property=\"og:type\" content=\"article\" \/>\n<meta property=\"og:title\" content=\"Yeowww! \u017daislas su kat\u017eole \u2013 Drugelis, m\u0117lynas - MiuMjau\" \/>\n<meta property=\"og:description\" content=\"Yeowww! \u017eaislas yra u\u017epildytas nat\u016braliu kat\u017eol\u0117s (catnip) ekstraktu, kuris suteikia kat\u0117ms linksm\u0105 ir stimuliuojan\u010di\u0105 \u017eaidimo patirt\u012f. Nat\u016bralus ir saugus \u017eaislas. Kat\u0117ms labai patinka j\u012f laikyti letenomis, kramtyti ir pa\u0161\u0117lusiai mojuoti kojomis. Tai suteikia daug smagumo! Linksmas dizainas. Dydis: apie 13 x 6 cm, sparnai i\u0161 tra\u0161kaus med\u017eiagos\" \/>\n<meta property=\"og:url\" content=\"https:\/\/miumjau.ee\/lt\/produktas\/yeowww-zaislas-su-katzole-drugelis-melynas\/\" \/>\n<meta property=\"og:site_name\" content=\"MiuMjau\" \/>\n<meta property=\"article:publisher\" content=\"https:\/\/www.facebook.com\/miumjaupood\/\" \/>\n<meta property=\"og:image\" content=\"https:\/\/miumjau.ee\/wp-content\/uploads\/2024\/12\/yeowww-manguasjad-kassidele3.jpg\" \/>\n\t<meta property=\"og:image:width\" content=\"600\" \/>\n\t<meta property=\"og:image:height\" content=\"800\" \/>\n\t<meta property=\"og:image:type\" content=\"image\/jpeg\" \/>\n<meta name=\"twitter:card\" content=\"summary_large_image\" \/>\n<script type=\"application\/ld+json\" class=\"yoast-schema-graph\">{\"@context\":\"https:\\\/\\\/schema.org\",\"@graph\":[{\"@type\":\"WebPage\",\"@id\":\"https:\\\/\\\/miumjau.ee\\\/lt\\\/produktas\\\/yeowww-zaislas-su-katzole-drugelis-melynas\\\/\",\"url\":\"https:\\\/\\\/miumjau.ee\\\/lt\\\/produktas\\\/yeowww-zaislas-su-katzole-drugelis-melynas\\\/\",\"name\":\"Yeowww! \u017daislas su kat\u017eole \u2013 Drugelis, m\u0117lynas - MiuMjau\",\"isPartOf\":{\"@id\":\"https:\\\/\\\/miumjau.ee\\\/#website\"},\"primaryImageOfPage\":{\"@id\":\"https:\\\/\\\/miumjau.ee\\\/lt\\\/produktas\\\/yeowww-zaislas-su-katzole-drugelis-melynas\\\/#primaryimage\"},\"image\":{\"@id\":\"https:\\\/\\\/miumjau.ee\\\/lt\\\/produktas\\\/yeowww-zaislas-su-katzole-drugelis-melynas\\\/#primaryimage\"},\"thumbnailUrl\":\"https:\\\/\\\/miumjau.ee\\\/wp-content\\\/uploads\\\/2024\\\/12\\\/yeowww-manguasjad-kassidele3.jpg\",\"datePublished\":\"2024-12-31T16:19:56+00:00\",\"breadcrumb\":{\"@id\":\"https:\\\/\\\/miumjau.ee\\\/lt\\\/produktas\\\/yeowww-zaislas-su-katzole-drugelis-melynas\\\/#breadcrumb\"},\"inLanguage\":\"lt-LT\",\"potentialAction\":[{\"@type\":\"ReadAction\",\"target\":[\"https:\\\/\\\/miumjau.ee\\\/lt\\\/produktas\\\/yeowww-zaislas-su-katzole-drugelis-melynas\\\/\"]}]},{\"@type\":\"ImageObject\",\"inLanguage\":\"lt-LT\",\"@id\":\"https:\\\/\\\/miumjau.ee\\\/lt\\\/produktas\\\/yeowww-zaislas-su-katzole-drugelis-melynas\\\/#primaryimage\",\"url\":\"https:\\\/\\\/miumjau.ee\\\/wp-content\\\/uploads\\\/2024\\\/12\\\/yeowww-manguasjad-kassidele3.jpg\",\"contentUrl\":\"https:\\\/\\\/miumjau.ee\\\/wp-content\\\/uploads\\\/2024\\\/12\\\/yeowww-manguasjad-kassidele3.jpg\",\"width\":600,\"height\":800},{\"@type\":\"BreadcrumbList\",\"@id\":\"https:\\\/\\\/miumjau.ee\\\/lt\\\/produktas\\\/yeowww-zaislas-su-katzole-drugelis-melynas\\\/#breadcrumb\",\"itemListElement\":[{\"@type\":\"ListItem\",\"position\":1,\"name\":\"Home\",\"item\":\"https:\\\/\\\/miumjau.ee\\\/lt\\\/\"},{\"@type\":\"ListItem\",\"position\":2,\"name\":\"Parduotuv\u0117\",\"item\":\"https:\\\/\\\/miumjau.ee\\\/lt\\\/parduotuve\\\/\"},{\"@type\":\"ListItem\",\"position\":3,\"name\":\"Yeowww! \u017daislas su kat\u017eole \u2013 Drugelis, m\u0117lynas\"}]},{\"@type\":\"WebSite\",\"@id\":\"https:\\\/\\\/miumjau.ee\\\/#website\",\"url\":\"https:\\\/\\\/miumjau.ee\\\/\",\"name\":\"MiuMjau\",\"description\":\"Kraapimispuud kassidele\",\"publisher\":{\"@id\":\"https:\\\/\\\/miumjau.ee\\\/#organization\"},\"potentialAction\":[{\"@type\":\"SearchAction\",\"target\":{\"@type\":\"EntryPoint\",\"urlTemplate\":\"https:\\\/\\\/miumjau.ee\\\/?s={search_term_string}\"},\"query-input\":{\"@type\":\"PropertyValueSpecification\",\"valueRequired\":true,\"valueName\":\"search_term_string\"}}],\"inLanguage\":\"lt-LT\"},{\"@type\":\"Organization\",\"@id\":\"https:\\\/\\\/miumjau.ee\\\/#organization\",\"name\":\"MiuMjau O\u00dc\",\"url\":\"https:\\\/\\\/miumjau.ee\\\/\",\"logo\":{\"@type\":\"ImageObject\",\"inLanguage\":\"lt-LT\",\"@id\":\"https:\\\/\\\/miumjau.ee\\\/#\\\/schema\\\/logo\\\/image\\\/\",\"url\":\"https:\\\/\\\/miumjau.ee\\\/wp-content\\\/uploads\\\/2022\\\/04\\\/MiuMjau-logo-kollane.png\",\"contentUrl\":\"https:\\\/\\\/miumjau.ee\\\/wp-content\\\/uploads\\\/2022\\\/04\\\/MiuMjau-logo-kollane.png\",\"width\":219,\"height\":100,\"caption\":\"MiuMjau O\u00dc\"},\"image\":{\"@id\":\"https:\\\/\\\/miumjau.ee\\\/#\\\/schema\\\/logo\\\/image\\\/\"},\"sameAs\":[\"https:\\\/\\\/www.facebook.com\\\/miumjaupood\\\/\"]}]}<\/script>\n<!-- \/ Yoast SEO plugin. -->","yoast_head_json":{"title":"Yeowww! \u017daislas su kat\u017eole \u2013 Drugelis, m\u0117lynas - MiuMjau","robots":{"index":"index","follow":"follow","max-snippet":"max-snippet:-1","max-image-preview":"max-image-preview:large","max-video-preview":"max-video-preview:-1"},"canonical":"https:\/\/miumjau.ee\/lt\/produktas\/yeowww-zaislas-su-katzole-drugelis-melynas\/","og_locale":"lt_LT","og_type":"article","og_title":"Yeowww! \u017daislas su kat\u017eole \u2013 Drugelis, m\u0117lynas - MiuMjau","og_description":"Yeowww! \u017eaislas yra u\u017epildytas nat\u016braliu kat\u017eol\u0117s (catnip) ekstraktu, kuris suteikia kat\u0117ms linksm\u0105 ir stimuliuojan\u010di\u0105 \u017eaidimo patirt\u012f. Nat\u016bralus ir saugus \u017eaislas. Kat\u0117ms labai patinka j\u012f laikyti letenomis, kramtyti ir pa\u0161\u0117lusiai mojuoti kojomis. Tai suteikia daug smagumo! Linksmas dizainas. Dydis: apie 13 x 6 cm, sparnai i\u0161 tra\u0161kaus med\u017eiagos","og_url":"https:\/\/miumjau.ee\/lt\/produktas\/yeowww-zaislas-su-katzole-drugelis-melynas\/","og_site_name":"MiuMjau","article_publisher":"https:\/\/www.facebook.com\/miumjaupood\/","og_image":[{"width":600,"height":800,"url":"https:\/\/miumjau.ee\/wp-content\/uploads\/2024\/12\/yeowww-manguasjad-kassidele3.jpg","type":"image\/jpeg"}],"twitter_card":"summary_large_image","schema":{"@context":"https:\/\/schema.org","@graph":[{"@type":"WebPage","@id":"https:\/\/miumjau.ee\/lt\/produktas\/yeowww-zaislas-su-katzole-drugelis-melynas\/","url":"https:\/\/miumjau.ee\/lt\/produktas\/yeowww-zaislas-su-katzole-drugelis-melynas\/","name":"Yeowww! \u017daislas su kat\u017eole \u2013 Drugelis, m\u0117lynas - MiuMjau","isPartOf":{"@id":"https:\/\/miumjau.ee\/#website"},"primaryImageOfPage":{"@id":"https:\/\/miumjau.ee\/lt\/produktas\/yeowww-zaislas-su-katzole-drugelis-melynas\/#primaryimage"},"image":{"@id":"https:\/\/miumjau.ee\/lt\/produktas\/yeowww-zaislas-su-katzole-drugelis-melynas\/#primaryimage"},"thumbnailUrl":"https:\/\/miumjau.ee\/wp-content\/uploads\/2024\/12\/yeowww-manguasjad-kassidele3.jpg","datePublished":"2024-12-31T16:19:56+00:00","breadcrumb":{"@id":"https:\/\/miumjau.ee\/lt\/produktas\/yeowww-zaislas-su-katzole-drugelis-melynas\/#breadcrumb"},"inLanguage":"lt-LT","potentialAction":[{"@type":"ReadAction","target":["https:\/\/miumjau.ee\/lt\/produktas\/yeowww-zaislas-su-katzole-drugelis-melynas\/"]}]},{"@type":"ImageObject","inLanguage":"lt-LT","@id":"https:\/\/miumjau.ee\/lt\/produktas\/yeowww-zaislas-su-katzole-drugelis-melynas\/#primaryimage","url":"https:\/\/miumjau.ee\/wp-content\/uploads\/2024\/12\/yeowww-manguasjad-kassidele3.jpg","contentUrl":"https:\/\/miumjau.ee\/wp-content\/uploads\/2024\/12\/yeowww-manguasjad-kassidele3.jpg","width":600,"height":800},{"@type":"BreadcrumbList","@id":"https:\/\/miumjau.ee\/lt\/produktas\/yeowww-zaislas-su-katzole-drugelis-melynas\/#breadcrumb","itemListElement":[{"@type":"ListItem","position":1,"name":"Home","item":"https:\/\/miumjau.ee\/lt\/"},{"@type":"ListItem","position":2,"name":"Parduotuv\u0117","item":"https:\/\/miumjau.ee\/lt\/parduotuve\/"},{"@type":"ListItem","position":3,"name":"Yeowww! \u017daislas su kat\u017eole \u2013 Drugelis, m\u0117lynas"}]},{"@type":"WebSite","@id":"https:\/\/miumjau.ee\/#website","url":"https:\/\/miumjau.ee\/","name":"MiuMjau","description":"Kraapimispuud kassidele","publisher":{"@id":"https:\/\/miumjau.ee\/#organization"},"potentialAction":[{"@type":"SearchAction","target":{"@type":"EntryPoint","urlTemplate":"https:\/\/miumjau.ee\/?s={search_term_string}"},"query-input":{"@type":"PropertyValueSpecification","valueRequired":true,"valueName":"search_term_string"}}],"inLanguage":"lt-LT"},{"@type":"Organization","@id":"https:\/\/miumjau.ee\/#organization","name":"MiuMjau O\u00dc","url":"https:\/\/miumjau.ee\/","logo":{"@type":"ImageObject","inLanguage":"lt-LT","@id":"https:\/\/miumjau.ee\/#\/schema\/logo\/image\/","url":"https:\/\/miumjau.ee\/wp-content\/uploads\/2022\/04\/MiuMjau-logo-kollane.png","contentUrl":"https:\/\/miumjau.ee\/wp-content\/uploads\/2022\/04\/MiuMjau-logo-kollane.png","width":219,"height":100,"caption":"MiuMjau O\u00dc"},"image":{"@id":"https:\/\/miumjau.ee\/#\/schema\/logo\/image\/"},"sameAs":["https:\/\/www.facebook.com\/miumjaupood\/"]}]}},"_links":{"self":[{"href":"https:\/\/miumjau.ee\/lt\/wp-json\/wp\/v2\/product\/55659","targetHints":{"allow":["GET"]}}],"collection":[{"href":"https:\/\/miumjau.ee\/lt\/wp-json\/wp\/v2\/product"}],"about":[{"href":"https:\/\/miumjau.ee\/lt\/wp-json\/wp\/v2\/types\/product"}],"wp:featuredmedia":[{"embeddable":true,"href":"https:\/\/miumjau.ee\/lt\/wp-json\/wp\/v2\/media\/55660"}],"wp:attachment":[{"href":"https:\/\/miumjau.ee\/lt\/wp-json\/wp\/v2\/media?parent=55659"}],"wp:term":[{"taxonomy":"product_brand","embeddable":true,"href":"https:\/\/miumjau.ee\/lt\/wp-json\/wp\/v2\/product_brand?post=55659"},{"taxonomy":"product_cat","embeddable":true,"href":"https:\/\/miumjau.ee\/lt\/wp-json\/wp\/v2\/product_cat?post=55659"},{"taxonomy":"product_tag","embeddable":true,"href":"https:\/\/miumjau.ee\/lt\/wp-json\/wp\/v2\/product_tag?post=55659"}],"curies":[{"name":"wp","href":"https:\/\/api.w.org\/{rel}","templated":true}]}}