{"id":55656,"date":"2024-12-20T19:10:30","date_gmt":"2024-12-20T17:10:30","guid":{"rendered":"https:\/\/miumjau.ee\/toode\/churu-skystos-uzkandeles-katems-su-tunu-60x14-g\/"},"modified":"2024-12-20T19:10:30","modified_gmt":"2024-12-20T17:10:30","slug":"churu-skystos-uzkandeles-katems-su-tunu-60x14-g","status":"publish","type":"product","link":"https:\/\/miumjau.ee\/lt\/produktas\/churu-skystos-uzkandeles-katems-su-tunu-60x14-g\/","title":{"rendered":"Churu skystos u\u017ekand\u0117l\u0117s kat\u0117ms su tunu, 60&#215;14\u202fg"},"content":{"rendered":"","protected":false},"excerpt":{"rendered":"<p data-start=\"1828\" data-end=\"2126\">Palepinkite savo kat\u0119 gard\u017eiomis ir sultingomis Churu skystomis u\u017ekand\u0117l\u0117mis. Ar namuose keli kat\u0117s ir didelis suvartojimas? Ar tiesiog norite suteikti katytei \u012fvairov\u0117s? \u0160is multipaketas leis visada tur\u0117ti geriausias u\u017ekand\u0117les po ranka! Laim\u0117kite savo mylimo augintinio \u0161ird\u012f, r\u016bpindamiesi juo.<\/p>\n<p data-start=\"2128\" data-end=\"2162\"><strong data-start=\"2128\" data-end=\"2160\">Skirtingi receptai d\u0117\u017eut\u0117je:<\/strong><\/p>\n<ul data-start=\"2163\" data-end=\"3309\">\n<li data-section-id=\"pizbvy\" data-start=\"2163\" data-end=\"2342\">\n<p data-start=\"2165\" data-end=\"2342\">Tunas su la\u0161i\u0161a x10: vanduo, tunas, la\u0161i\u0161a, tapiokos krakmolas, nat\u016bral\u016bs skoniai, nat\u016bralus tuno skonis, guar guma, E vitamino priedas, taurinas, \u017ealiosios arbatos ekstraktas<\/p>\n<\/li>\n<li data-section-id=\"1mnxj01\" data-start=\"2343\" data-end=\"2554\">\n<p data-start=\"2345\" data-end=\"2554\">Tunas su s\u016briu x10: vanduo, tunas, s\u016bris (pienas, vanduo, fosforo r\u016bg\u0161tis), tapiokos krakmolas, nat\u016bral\u016bs skoniai, guar guma, nat\u016bralus tuno skonis, E vitamino priedas, taurinas, \u017ealiosios arbatos ekstraktas<\/p>\n<\/li>\n<li data-section-id=\"1ym0cd4\" data-start=\"2555\" data-end=\"2749\">\n<p data-start=\"2557\" data-end=\"2749\">Tunas su moliusk\u0173 skoniu x10: vanduo, tunas, tapiokos krakmolas, nat\u016bral\u016bs kvapai ir skoniai, guar guma, nat\u016bralus moliusk\u0173 skonis, E vitamino priedas, taurinas, \u017ealiosios arbatos ekstraktas<\/p>\n<\/li>\n<li data-section-id=\"huhoo7\" data-start=\"2750\" data-end=\"2928\">\n<p data-start=\"2752\" data-end=\"2928\">Tunas su krab\u0173 skoniu x10: vanduo, tunas, tapiokos krakmolas, nat\u016bral\u016bs skoniai, guar guma, nat\u016bralus krab\u0173 skonis, E vitamino priedas, taurinas, \u017ealiosios arbatos ekstraktas<\/p>\n<\/li>\n<li data-section-id=\"iau8sh\" data-start=\"2929\" data-end=\"3108\">\n<p data-start=\"2931\" data-end=\"3108\">Tunas su krevet\u0117mis x10: vanduo, tunas, tapiokos krakmolas, nat\u016bral\u016bs skoniai, guar guma, nat\u016bralus kreve\u010di\u0173 skonis, E vitamino priedas, taurinas, \u017ealiosios arbatos ekstraktas<\/p>\n<\/li>\n<li data-section-id=\"qcjzwd\" data-start=\"3109\" data-end=\"3309\">\n<p data-start=\"3111\" data-end=\"3309\">Tunas su bonito dribsniais x10: vanduo, tunas, tapiokos krakmolas, nat\u016bral\u016bs skoniai, bonito dribsniai, guar guma, nat\u016bralus tuno skonis, E vitamino priedas, taurinas, \u017ealiosios arbatos ekstraktas<\/p>\n<\/li>\n<\/ul>\n<p data-start=\"3311\" data-end=\"3478\" data-is-last-node=\"\" data-is-only-node=\"\"><strong data-start=\"3311\" data-end=\"3333\">Analitin\u0117 sud\u0117tis:<\/strong> baltymai (min.) 7,00%, riebalai (min.) 0,20%, skaidulos (max.) 0,30%, dr\u0117gm\u0117 (max.) 91,00%, E vitaminas (min.) 310 IU\/kg, taurinas (min.) 0,025%<\/p>\n","protected":false},"featured_media":55650,"template":"","meta":[],"product_brand":[],"product_cat":[527],"product_tag":[],"class_list":{"0":"post-55656","1":"product","2":"type-product","3":"status-publish","4":"has-post-thumbnail","6":"product_cat-skanestai","8":"first","9":"instock","10":"taxable","11":"shipping-taxable","12":"purchasable","13":"product-type-simple"},"yoast_head":"<!-- This site is optimized with the Yoast SEO plugin v27.4 - https:\/\/yoast.com\/product\/yoast-seo-wordpress\/ -->\n<title>Churu skystos u\u017ekand\u0117l\u0117s kat\u0117ms su tunu, 60x14\u202fg - MiuMjau<\/title>\n<meta name=\"robots\" content=\"index, follow, max-snippet:-1, max-image-preview:large, max-video-preview:-1\" \/>\n<link rel=\"canonical\" href=\"https:\/\/miumjau.ee\/lt\/produktas\/churu-skystos-uzkandeles-katems-su-tunu-60x14-g\/\" \/>\n<meta property=\"og:locale\" content=\"lt_LT\" \/>\n<meta property=\"og:type\" content=\"article\" \/>\n<meta property=\"og:title\" content=\"Churu skystos u\u017ekand\u0117l\u0117s kat\u0117ms su tunu, 60x14\u202fg - MiuMjau\" \/>\n<meta property=\"og:description\" content=\"Palepinkite savo kat\u0119 gard\u017eiomis ir sultingomis Churu skystomis u\u017ekand\u0117l\u0117mis. Ar namuose keli kat\u0117s ir didelis suvartojimas? Ar tiesiog norite suteikti katytei \u012fvairov\u0117s? \u0160is multipaketas leis visada tur\u0117ti geriausias u\u017ekand\u0117les po ranka! Laim\u0117kite savo mylimo augintinio \u0161ird\u012f, r\u016bpindamiesi juo. Skirtingi receptai d\u0117\u017eut\u0117je:     Tunas su la\u0161i\u0161a x10: vanduo, tunas, la\u0161i\u0161a, tapiokos krakmolas, nat\u016bral\u016bs skoniai, nat\u016bralus tuno skonis, guar guma, E vitamino priedas, taurinas, \u017ealiosios arbatos ekstraktas    Tunas su s\u016briu x10: vanduo, tunas, s\u016bris (pienas, vanduo, fosforo r\u016bg\u0161tis), tapiokos krakmolas, nat\u016bral\u016bs skoniai, guar guma, nat\u016bralus tuno skonis, E vitamino priedas, taurinas, \u017ealiosios arbatos ekstraktas    Tunas su moliusk\u0173 skoniu x10: vanduo, tunas, tapiokos krakmolas, nat\u016bral\u016bs kvapai ir skoniai, guar guma, nat\u016bralus moliusk\u0173 skonis, E vitamino priedas, taurinas, \u017ealiosios arbatos ekstraktas    Tunas su krab\u0173 skoniu x10: vanduo, tunas, tapiokos krakmolas, nat\u016bral\u016bs skoniai, guar guma, nat\u016bralus krab\u0173 skonis, E vitamino priedas, taurinas, \u017ealiosios arbatos ekstraktas    Tunas su krevet\u0117mis x10: vanduo, tunas, tapiokos krakmolas, nat\u016bral\u016bs skoniai, guar guma, nat\u016bralus kreve\u010di\u0173 skonis, E vitamino priedas, taurinas, \u017ealiosios arbatos ekstraktas    Tunas su bonito dribsniais x10: vanduo, tunas, tapiokos krakmolas, nat\u016bral\u016bs skoniai, bonito dribsniai, guar guma, nat\u016bralus tuno skonis, E vitamino priedas, taurinas, \u017ealiosios arbatos ekstraktas   Analitin\u0117 sud\u0117tis: baltymai (min.) 7,00%, riebalai (min.) 0,20%, skaidulos (max.) 0,30%, dr\u0117gm\u0117 (max.) 91,00%, E vitaminas (min.) 310 IU\/kg, taurinas (min.) 0,025%\" \/>\n<meta property=\"og:url\" content=\"https:\/\/miumjau.ee\/lt\/produktas\/churu-skystos-uzkandeles-katems-su-tunu-60x14-g\/\" \/>\n<meta property=\"og:site_name\" content=\"MiuMjau\" \/>\n<meta property=\"article:publisher\" content=\"https:\/\/www.facebook.com\/miumjaupood\/\" \/>\n<meta property=\"og:image\" content=\"https:\/\/miumjau.ee\/wp-content\/uploads\/2024\/12\/churu-vedelmaiuste-valikpakk4.jpg\" \/>\n\t<meta property=\"og:image:width\" content=\"600\" \/>\n\t<meta property=\"og:image:height\" content=\"800\" \/>\n\t<meta property=\"og:image:type\" content=\"image\/jpeg\" \/>\n<meta name=\"twitter:card\" content=\"summary_large_image\" \/>\n<script type=\"application\/ld+json\" class=\"yoast-schema-graph\">{\"@context\":\"https:\\\/\\\/schema.org\",\"@graph\":[{\"@type\":\"WebPage\",\"@id\":\"https:\\\/\\\/miumjau.ee\\\/lt\\\/produktas\\\/churu-skystos-uzkandeles-katems-su-tunu-60x14-g\\\/\",\"url\":\"https:\\\/\\\/miumjau.ee\\\/lt\\\/produktas\\\/churu-skystos-uzkandeles-katems-su-tunu-60x14-g\\\/\",\"name\":\"Churu skystos u\u017ekand\u0117l\u0117s kat\u0117ms su tunu, 60x14\u202fg - MiuMjau\",\"isPartOf\":{\"@id\":\"https:\\\/\\\/miumjau.ee\\\/#website\"},\"primaryImageOfPage\":{\"@id\":\"https:\\\/\\\/miumjau.ee\\\/lt\\\/produktas\\\/churu-skystos-uzkandeles-katems-su-tunu-60x14-g\\\/#primaryimage\"},\"image\":{\"@id\":\"https:\\\/\\\/miumjau.ee\\\/lt\\\/produktas\\\/churu-skystos-uzkandeles-katems-su-tunu-60x14-g\\\/#primaryimage\"},\"thumbnailUrl\":\"https:\\\/\\\/miumjau.ee\\\/wp-content\\\/uploads\\\/2024\\\/12\\\/churu-vedelmaiuste-valikpakk4.jpg\",\"datePublished\":\"2024-12-20T17:10:30+00:00\",\"breadcrumb\":{\"@id\":\"https:\\\/\\\/miumjau.ee\\\/lt\\\/produktas\\\/churu-skystos-uzkandeles-katems-su-tunu-60x14-g\\\/#breadcrumb\"},\"inLanguage\":\"lt-LT\",\"potentialAction\":[{\"@type\":\"ReadAction\",\"target\":[\"https:\\\/\\\/miumjau.ee\\\/lt\\\/produktas\\\/churu-skystos-uzkandeles-katems-su-tunu-60x14-g\\\/\"]}]},{\"@type\":\"ImageObject\",\"inLanguage\":\"lt-LT\",\"@id\":\"https:\\\/\\\/miumjau.ee\\\/lt\\\/produktas\\\/churu-skystos-uzkandeles-katems-su-tunu-60x14-g\\\/#primaryimage\",\"url\":\"https:\\\/\\\/miumjau.ee\\\/wp-content\\\/uploads\\\/2024\\\/12\\\/churu-vedelmaiuste-valikpakk4.jpg\",\"contentUrl\":\"https:\\\/\\\/miumjau.ee\\\/wp-content\\\/uploads\\\/2024\\\/12\\\/churu-vedelmaiuste-valikpakk4.jpg\",\"width\":600,\"height\":800},{\"@type\":\"BreadcrumbList\",\"@id\":\"https:\\\/\\\/miumjau.ee\\\/lt\\\/produktas\\\/churu-skystos-uzkandeles-katems-su-tunu-60x14-g\\\/#breadcrumb\",\"itemListElement\":[{\"@type\":\"ListItem\",\"position\":1,\"name\":\"Home\",\"item\":\"https:\\\/\\\/miumjau.ee\\\/lt\\\/\"},{\"@type\":\"ListItem\",\"position\":2,\"name\":\"Parduotuv\u0117\",\"item\":\"https:\\\/\\\/miumjau.ee\\\/lt\\\/parduotuve\\\/\"},{\"@type\":\"ListItem\",\"position\":3,\"name\":\"Churu skystos u\u017ekand\u0117l\u0117s kat\u0117ms su tunu, 60&#215;14\u202fg\"}]},{\"@type\":\"WebSite\",\"@id\":\"https:\\\/\\\/miumjau.ee\\\/#website\",\"url\":\"https:\\\/\\\/miumjau.ee\\\/\",\"name\":\"MiuMjau\",\"description\":\"Kraapimispuud kassidele\",\"publisher\":{\"@id\":\"https:\\\/\\\/miumjau.ee\\\/#organization\"},\"potentialAction\":[{\"@type\":\"SearchAction\",\"target\":{\"@type\":\"EntryPoint\",\"urlTemplate\":\"https:\\\/\\\/miumjau.ee\\\/?s={search_term_string}\"},\"query-input\":{\"@type\":\"PropertyValueSpecification\",\"valueRequired\":true,\"valueName\":\"search_term_string\"}}],\"inLanguage\":\"lt-LT\"},{\"@type\":\"Organization\",\"@id\":\"https:\\\/\\\/miumjau.ee\\\/#organization\",\"name\":\"MiuMjau O\u00dc\",\"url\":\"https:\\\/\\\/miumjau.ee\\\/\",\"logo\":{\"@type\":\"ImageObject\",\"inLanguage\":\"lt-LT\",\"@id\":\"https:\\\/\\\/miumjau.ee\\\/#\\\/schema\\\/logo\\\/image\\\/\",\"url\":\"https:\\\/\\\/miumjau.ee\\\/wp-content\\\/uploads\\\/2022\\\/04\\\/MiuMjau-logo-kollane.png\",\"contentUrl\":\"https:\\\/\\\/miumjau.ee\\\/wp-content\\\/uploads\\\/2022\\\/04\\\/MiuMjau-logo-kollane.png\",\"width\":219,\"height\":100,\"caption\":\"MiuMjau O\u00dc\"},\"image\":{\"@id\":\"https:\\\/\\\/miumjau.ee\\\/#\\\/schema\\\/logo\\\/image\\\/\"},\"sameAs\":[\"https:\\\/\\\/www.facebook.com\\\/miumjaupood\\\/\"]}]}<\/script>\n<!-- \/ Yoast SEO plugin. -->","yoast_head_json":{"title":"Churu skystos u\u017ekand\u0117l\u0117s kat\u0117ms su tunu, 60x14\u202fg - MiuMjau","robots":{"index":"index","follow":"follow","max-snippet":"max-snippet:-1","max-image-preview":"max-image-preview:large","max-video-preview":"max-video-preview:-1"},"canonical":"https:\/\/miumjau.ee\/lt\/produktas\/churu-skystos-uzkandeles-katems-su-tunu-60x14-g\/","og_locale":"lt_LT","og_type":"article","og_title":"Churu skystos u\u017ekand\u0117l\u0117s kat\u0117ms su tunu, 60x14\u202fg - MiuMjau","og_description":"Palepinkite savo kat\u0119 gard\u017eiomis ir sultingomis Churu skystomis u\u017ekand\u0117l\u0117mis. Ar namuose keli kat\u0117s ir didelis suvartojimas? Ar tiesiog norite suteikti katytei \u012fvairov\u0117s? \u0160is multipaketas leis visada tur\u0117ti geriausias u\u017ekand\u0117les po ranka! Laim\u0117kite savo mylimo augintinio \u0161ird\u012f, r\u016bpindamiesi juo. Skirtingi receptai d\u0117\u017eut\u0117je:     Tunas su la\u0161i\u0161a x10: vanduo, tunas, la\u0161i\u0161a, tapiokos krakmolas, nat\u016bral\u016bs skoniai, nat\u016bralus tuno skonis, guar guma, E vitamino priedas, taurinas, \u017ealiosios arbatos ekstraktas    Tunas su s\u016briu x10: vanduo, tunas, s\u016bris (pienas, vanduo, fosforo r\u016bg\u0161tis), tapiokos krakmolas, nat\u016bral\u016bs skoniai, guar guma, nat\u016bralus tuno skonis, E vitamino priedas, taurinas, \u017ealiosios arbatos ekstraktas    Tunas su moliusk\u0173 skoniu x10: vanduo, tunas, tapiokos krakmolas, nat\u016bral\u016bs kvapai ir skoniai, guar guma, nat\u016bralus moliusk\u0173 skonis, E vitamino priedas, taurinas, \u017ealiosios arbatos ekstraktas    Tunas su krab\u0173 skoniu x10: vanduo, tunas, tapiokos krakmolas, nat\u016bral\u016bs skoniai, guar guma, nat\u016bralus krab\u0173 skonis, E vitamino priedas, taurinas, \u017ealiosios arbatos ekstraktas    Tunas su krevet\u0117mis x10: vanduo, tunas, tapiokos krakmolas, nat\u016bral\u016bs skoniai, guar guma, nat\u016bralus kreve\u010di\u0173 skonis, E vitamino priedas, taurinas, \u017ealiosios arbatos ekstraktas    Tunas su bonito dribsniais x10: vanduo, tunas, tapiokos krakmolas, nat\u016bral\u016bs skoniai, bonito dribsniai, guar guma, nat\u016bralus tuno skonis, E vitamino priedas, taurinas, \u017ealiosios arbatos ekstraktas   Analitin\u0117 sud\u0117tis: baltymai (min.) 7,00%, riebalai (min.) 0,20%, skaidulos (max.) 0,30%, dr\u0117gm\u0117 (max.) 91,00%, E vitaminas (min.) 310 IU\/kg, taurinas (min.) 0,025%","og_url":"https:\/\/miumjau.ee\/lt\/produktas\/churu-skystos-uzkandeles-katems-su-tunu-60x14-g\/","og_site_name":"MiuMjau","article_publisher":"https:\/\/www.facebook.com\/miumjaupood\/","og_image":[{"width":600,"height":800,"url":"https:\/\/miumjau.ee\/wp-content\/uploads\/2024\/12\/churu-vedelmaiuste-valikpakk4.jpg","type":"image\/jpeg"}],"twitter_card":"summary_large_image","schema":{"@context":"https:\/\/schema.org","@graph":[{"@type":"WebPage","@id":"https:\/\/miumjau.ee\/lt\/produktas\/churu-skystos-uzkandeles-katems-su-tunu-60x14-g\/","url":"https:\/\/miumjau.ee\/lt\/produktas\/churu-skystos-uzkandeles-katems-su-tunu-60x14-g\/","name":"Churu skystos u\u017ekand\u0117l\u0117s kat\u0117ms su tunu, 60x14\u202fg - MiuMjau","isPartOf":{"@id":"https:\/\/miumjau.ee\/#website"},"primaryImageOfPage":{"@id":"https:\/\/miumjau.ee\/lt\/produktas\/churu-skystos-uzkandeles-katems-su-tunu-60x14-g\/#primaryimage"},"image":{"@id":"https:\/\/miumjau.ee\/lt\/produktas\/churu-skystos-uzkandeles-katems-su-tunu-60x14-g\/#primaryimage"},"thumbnailUrl":"https:\/\/miumjau.ee\/wp-content\/uploads\/2024\/12\/churu-vedelmaiuste-valikpakk4.jpg","datePublished":"2024-12-20T17:10:30+00:00","breadcrumb":{"@id":"https:\/\/miumjau.ee\/lt\/produktas\/churu-skystos-uzkandeles-katems-su-tunu-60x14-g\/#breadcrumb"},"inLanguage":"lt-LT","potentialAction":[{"@type":"ReadAction","target":["https:\/\/miumjau.ee\/lt\/produktas\/churu-skystos-uzkandeles-katems-su-tunu-60x14-g\/"]}]},{"@type":"ImageObject","inLanguage":"lt-LT","@id":"https:\/\/miumjau.ee\/lt\/produktas\/churu-skystos-uzkandeles-katems-su-tunu-60x14-g\/#primaryimage","url":"https:\/\/miumjau.ee\/wp-content\/uploads\/2024\/12\/churu-vedelmaiuste-valikpakk4.jpg","contentUrl":"https:\/\/miumjau.ee\/wp-content\/uploads\/2024\/12\/churu-vedelmaiuste-valikpakk4.jpg","width":600,"height":800},{"@type":"BreadcrumbList","@id":"https:\/\/miumjau.ee\/lt\/produktas\/churu-skystos-uzkandeles-katems-su-tunu-60x14-g\/#breadcrumb","itemListElement":[{"@type":"ListItem","position":1,"name":"Home","item":"https:\/\/miumjau.ee\/lt\/"},{"@type":"ListItem","position":2,"name":"Parduotuv\u0117","item":"https:\/\/miumjau.ee\/lt\/parduotuve\/"},{"@type":"ListItem","position":3,"name":"Churu skystos u\u017ekand\u0117l\u0117s kat\u0117ms su tunu, 60&#215;14\u202fg"}]},{"@type":"WebSite","@id":"https:\/\/miumjau.ee\/#website","url":"https:\/\/miumjau.ee\/","name":"MiuMjau","description":"Kraapimispuud kassidele","publisher":{"@id":"https:\/\/miumjau.ee\/#organization"},"potentialAction":[{"@type":"SearchAction","target":{"@type":"EntryPoint","urlTemplate":"https:\/\/miumjau.ee\/?s={search_term_string}"},"query-input":{"@type":"PropertyValueSpecification","valueRequired":true,"valueName":"search_term_string"}}],"inLanguage":"lt-LT"},{"@type":"Organization","@id":"https:\/\/miumjau.ee\/#organization","name":"MiuMjau O\u00dc","url":"https:\/\/miumjau.ee\/","logo":{"@type":"ImageObject","inLanguage":"lt-LT","@id":"https:\/\/miumjau.ee\/#\/schema\/logo\/image\/","url":"https:\/\/miumjau.ee\/wp-content\/uploads\/2022\/04\/MiuMjau-logo-kollane.png","contentUrl":"https:\/\/miumjau.ee\/wp-content\/uploads\/2022\/04\/MiuMjau-logo-kollane.png","width":219,"height":100,"caption":"MiuMjau O\u00dc"},"image":{"@id":"https:\/\/miumjau.ee\/#\/schema\/logo\/image\/"},"sameAs":["https:\/\/www.facebook.com\/miumjaupood\/"]}]}},"_links":{"self":[{"href":"https:\/\/miumjau.ee\/lt\/wp-json\/wp\/v2\/product\/55656","targetHints":{"allow":["GET"]}}],"collection":[{"href":"https:\/\/miumjau.ee\/lt\/wp-json\/wp\/v2\/product"}],"about":[{"href":"https:\/\/miumjau.ee\/lt\/wp-json\/wp\/v2\/types\/product"}],"wp:featuredmedia":[{"embeddable":true,"href":"https:\/\/miumjau.ee\/lt\/wp-json\/wp\/v2\/media\/55650"}],"wp:attachment":[{"href":"https:\/\/miumjau.ee\/lt\/wp-json\/wp\/v2\/media?parent=55656"}],"wp:term":[{"taxonomy":"product_brand","embeddable":true,"href":"https:\/\/miumjau.ee\/lt\/wp-json\/wp\/v2\/product_brand?post=55656"},{"taxonomy":"product_cat","embeddable":true,"href":"https:\/\/miumjau.ee\/lt\/wp-json\/wp\/v2\/product_cat?post=55656"},{"taxonomy":"product_tag","embeddable":true,"href":"https:\/\/miumjau.ee\/lt\/wp-json\/wp\/v2\/product_tag?post=55656"}],"curies":[{"name":"wp","href":"https:\/\/api.w.org\/{rel}","templated":true}]}}