{"id":55646,"date":"2024-12-20T18:56:05","date_gmt":"2024-12-20T16:56:05","guid":{"rendered":"https:\/\/miumjau.ee\/toode\/churu-skystos-uzkandeles-katems-su-vistiena-20x14-g\/"},"modified":"2024-12-20T18:56:05","modified_gmt":"2024-12-20T16:56:05","slug":"churu-skystos-uzkandeles-katems-su-vistiena-20x14-g","status":"publish","type":"product","link":"https:\/\/miumjau.ee\/lt\/produktas\/churu-skystos-uzkandeles-katems-su-vistiena-20x14-g\/","title":{"rendered":"Churu skystos u\u017ekand\u0117l\u0117s kat\u0117ms su vi\u0161tiena, 20&#215;14\u202fg"},"content":{"rendered":"","protected":false},"excerpt":{"rendered":"<p data-start=\"1849\" data-end=\"2032\"><strong data-start=\"1849\" data-end=\"1897\">PAGAMINTA I\u0160 SVEIK\u0172 IR PATIKIM\u0172 INGREDIENT\u0172:<\/strong> kiekvienas Inaba produktas pagamintas i\u0161 kokybi\u0161k\u0173 ingredient\u0173, \u012fskaitant fermose auginam\u0105 vi\u0161tien\u0105 ir\/arba nat\u016braliai sugaut\u0105 tun\u0105.<\/p>\n<p data-start=\"2034\" data-end=\"2181\">Kiekviena skani, kremin\u0117 Churu t\u016bbel\u0117 <strong data-start=\"2072\" data-end=\"2094\">sudaro 91% dr\u0117gm\u0117s<\/strong> ir tik 6 kalorijas, tod\u0117l tai sveikas u\u017ekandis, d\u0117l kurio kat\u0117 gali jaustis puikiai.<\/p>\n<p data-start=\"2183\" data-end=\"2321\"><strong data-start=\"2183\" data-end=\"2208\">BE SL\u0116P\u0172 INGREDIENT\u0172:<\/strong> n\u0117ra gr\u016bd\u0173, konservant\u0173, dirbtini\u0173 da\u017eikli\u0173 ar karrageeno; prid\u0117tas <strong data-start=\"2277\" data-end=\"2289\">taurinas<\/strong>, palaikantis bendr\u0105 sveikat\u0105.<\/p>\n<p data-start=\"2323\" data-end=\"2550\"><strong data-start=\"2323\" data-end=\"2341\">DUOKITE RANKA:<\/strong> \u0161ios t\u016bbel\u0117s su tyr\u0117s \u012fdaru skirtos rankiniam \u0161\u0117rimui, kad interaktyviai praleistum\u0117te laik\u0105 su savo kate. Taip pat galima naudoti kaip u\u017eklojim\u0105 dr\u0117gnam\/sausam maistui arba kaip priemon\u0119 vaistams maskuoti.<\/p>\n<p data-start=\"2552\" data-end=\"2575\"><strong data-start=\"2552\" data-end=\"2573\">DE\u017dUT\u0116JE 20 vnt.:<\/strong><\/p>\n<ul data-start=\"2576\" data-end=\"3367\">\n<li data-section-id=\"17osp6u\" data-start=\"2576\" data-end=\"2757\">\n<p data-start=\"2578\" data-end=\"2757\">Vi\u0161tienos receptas x5 t\u016bbel\u0117s: vanduo, vi\u0161tiena, tapiokos krakmolas, nat\u016bral\u016bs skoniai, nat\u016bralus moliusk\u0173 skonis, guar guma, E vitaminas, taurinas, \u017ealiosios arbatos ekstraktas<\/p>\n<\/li>\n<li data-section-id=\"1jzuk6l\" data-start=\"2758\" data-end=\"2960\">\n<p data-start=\"2760\" data-end=\"2960\">Vi\u0161tiena su moliusk\u0173 receptu x5 t\u016bbel\u0117s: vanduo, vi\u0161tiena, tapiokos krakmolas, moliuskai, nat\u016bral\u016bs skoniai, nat\u016bralus moliusk\u0173 skonis, guar guma, E vitaminas, taurinas, \u017ealiosios arbatos ekstraktas<\/p>\n<\/li>\n<li data-section-id=\"dmpj1t\" data-start=\"2961\" data-end=\"3189\">\n<p data-start=\"2963\" data-end=\"3189\">Vi\u0161tiena su s\u016briu x5 t\u016bbel\u0117s: vanduo, vi\u0161tienos m\u0117sa, s\u016bris (pienas, vanduo, fosforo r\u016bg\u0161tis), tapiokos krakmolas, nat\u016bral\u016bs skoniai, nat\u016bralus vi\u0161tienos skonis, guar guma, E vitaminas, taurinas, \u017ealiosios arbatos ekstraktas<\/p>\n<\/li>\n<li data-section-id=\"15ehiud\" data-start=\"3190\" data-end=\"3367\">\n<p data-start=\"3192\" data-end=\"3367\">Vi\u0161tiena su krabu x5 t\u016bbel\u0117s: vanduo, vi\u0161tiena, tapiokos krakmolas, nat\u016bral\u016bs skoniai, nat\u016bralus krab\u0173 skonis, guar guma, E vitaminas, taurinas, \u017ealiosios arbatos ekstraktas<\/p>\n<\/li>\n<\/ul>\n<p data-start=\"3369\" data-end=\"3536\" data-is-last-node=\"\" data-is-only-node=\"\"><strong data-start=\"3369\" data-end=\"3391\">Analitin\u0117 sud\u0117tis:<\/strong> baltymai (min.) 7,00%, riebalai (min.) 0,20%, skaidulos (max.) 0,30%, dr\u0117gm\u0117 (max.) 91,00%, E vitaminas (min.) 310 IU\/kg, taurinas (min.) 0,025%<\/p>\n<p data-start=\"1849\" data-end=\"2032\">\n","protected":false},"featured_media":55647,"template":"","meta":[],"product_brand":[],"product_cat":[527],"product_tag":[],"class_list":{"0":"post-55646","1":"product","2":"type-product","3":"status-publish","4":"has-post-thumbnail","6":"product_cat-skanestai","8":"first","9":"instock","10":"taxable","11":"shipping-taxable","12":"purchasable","13":"product-type-simple"},"yoast_head":"<!-- This site is optimized with the Yoast SEO plugin v27.4 - https:\/\/yoast.com\/product\/yoast-seo-wordpress\/ -->\n<title>Churu skystos u\u017ekand\u0117l\u0117s kat\u0117ms su vi\u0161tiena, 20x14\u202fg - MiuMjau<\/title>\n<meta name=\"robots\" content=\"index, follow, max-snippet:-1, max-image-preview:large, max-video-preview:-1\" \/>\n<link rel=\"canonical\" href=\"https:\/\/miumjau.ee\/lt\/produktas\/churu-skystos-uzkandeles-katems-su-vistiena-20x14-g\/\" \/>\n<meta property=\"og:locale\" content=\"lt_LT\" \/>\n<meta property=\"og:type\" content=\"article\" \/>\n<meta property=\"og:title\" content=\"Churu skystos u\u017ekand\u0117l\u0117s kat\u0117ms su vi\u0161tiena, 20x14\u202fg - MiuMjau\" \/>\n<meta property=\"og:description\" content=\"PAGAMINTA I\u0160 SVEIK\u0172 IR PATIKIM\u0172 INGREDIENT\u0172: kiekvienas Inaba produktas pagamintas i\u0161 kokybi\u0161k\u0173 ingredient\u0173, \u012fskaitant fermose auginam\u0105 vi\u0161tien\u0105 ir\/arba nat\u016braliai sugaut\u0105 tun\u0105. Kiekviena skani, kremin\u0117 Churu t\u016bbel\u0117 sudaro 91% dr\u0117gm\u0117s ir tik 6 kalorijas, tod\u0117l tai sveikas u\u017ekandis, d\u0117l kurio kat\u0117 gali jaustis puikiai. BE SL\u0116P\u0172 INGREDIENT\u0172: n\u0117ra gr\u016bd\u0173, konservant\u0173, dirbtini\u0173 da\u017eikli\u0173 ar karrageeno; prid\u0117tas taurinas, palaikantis bendr\u0105 sveikat\u0105. DUOKITE RANKA: \u0161ios t\u016bbel\u0117s su tyr\u0117s \u012fdaru skirtos rankiniam \u0161\u0117rimui, kad interaktyviai praleistum\u0117te laik\u0105 su savo kate. Taip pat galima naudoti kaip u\u017eklojim\u0105 dr\u0117gnam\/sausam maistui arba kaip priemon\u0119 vaistams maskuoti. DE\u017dUT\u0116JE 20 vnt.:     Vi\u0161tienos receptas x5 t\u016bbel\u0117s: vanduo, vi\u0161tiena, tapiokos krakmolas, nat\u016bral\u016bs skoniai, nat\u016bralus moliusk\u0173 skonis, guar guma, E vitaminas, taurinas, \u017ealiosios arbatos ekstraktas    Vi\u0161tiena su moliusk\u0173 receptu x5 t\u016bbel\u0117s: vanduo, vi\u0161tiena, tapiokos krakmolas, moliuskai, nat\u016bral\u016bs skoniai, nat\u016bralus moliusk\u0173 skonis, guar guma, E vitaminas, taurinas, \u017ealiosios arbatos ekstraktas    Vi\u0161tiena su s\u016briu x5 t\u016bbel\u0117s: vanduo, vi\u0161tienos m\u0117sa, s\u016bris (pienas, vanduo, fosforo r\u016bg\u0161tis), tapiokos krakmolas, nat\u016bral\u016bs skoniai, nat\u016bralus vi\u0161tienos skonis, guar guma, E vitaminas, taurinas, \u017ealiosios arbatos ekstraktas    Vi\u0161tiena su krabu x5 t\u016bbel\u0117s: vanduo, vi\u0161tiena, tapiokos krakmolas, nat\u016bral\u016bs skoniai, nat\u016bralus krab\u0173 skonis, guar guma, E vitaminas, taurinas, \u017ealiosios arbatos ekstraktas   Analitin\u0117 sud\u0117tis: baltymai (min.) 7,00%, riebalai (min.) 0,20%, skaidulos (max.) 0,30%, dr\u0117gm\u0117 (max.) 91,00%, E vitaminas (min.) 310 IU\/kg, taurinas (min.) 0,025%\" \/>\n<meta property=\"og:url\" content=\"https:\/\/miumjau.ee\/lt\/produktas\/churu-skystos-uzkandeles-katems-su-vistiena-20x14-g\/\" \/>\n<meta property=\"og:site_name\" content=\"MiuMjau\" \/>\n<meta property=\"article:publisher\" content=\"https:\/\/www.facebook.com\/miumjaupood\/\" \/>\n<meta property=\"og:image\" content=\"https:\/\/miumjau.ee\/wp-content\/uploads\/2024\/12\/churu-vedelmaiuste-valikpakk1.jpg\" \/>\n\t<meta property=\"og:image:width\" content=\"600\" \/>\n\t<meta property=\"og:image:height\" content=\"800\" \/>\n\t<meta property=\"og:image:type\" content=\"image\/jpeg\" \/>\n<meta name=\"twitter:card\" content=\"summary_large_image\" \/>\n<script type=\"application\/ld+json\" class=\"yoast-schema-graph\">{\"@context\":\"https:\\\/\\\/schema.org\",\"@graph\":[{\"@type\":\"WebPage\",\"@id\":\"https:\\\/\\\/miumjau.ee\\\/lt\\\/produktas\\\/churu-skystos-uzkandeles-katems-su-vistiena-20x14-g\\\/\",\"url\":\"https:\\\/\\\/miumjau.ee\\\/lt\\\/produktas\\\/churu-skystos-uzkandeles-katems-su-vistiena-20x14-g\\\/\",\"name\":\"Churu skystos u\u017ekand\u0117l\u0117s kat\u0117ms su vi\u0161tiena, 20x14\u202fg - MiuMjau\",\"isPartOf\":{\"@id\":\"https:\\\/\\\/miumjau.ee\\\/#website\"},\"primaryImageOfPage\":{\"@id\":\"https:\\\/\\\/miumjau.ee\\\/lt\\\/produktas\\\/churu-skystos-uzkandeles-katems-su-vistiena-20x14-g\\\/#primaryimage\"},\"image\":{\"@id\":\"https:\\\/\\\/miumjau.ee\\\/lt\\\/produktas\\\/churu-skystos-uzkandeles-katems-su-vistiena-20x14-g\\\/#primaryimage\"},\"thumbnailUrl\":\"https:\\\/\\\/miumjau.ee\\\/wp-content\\\/uploads\\\/2024\\\/12\\\/churu-vedelmaiuste-valikpakk1.jpg\",\"datePublished\":\"2024-12-20T16:56:05+00:00\",\"breadcrumb\":{\"@id\":\"https:\\\/\\\/miumjau.ee\\\/lt\\\/produktas\\\/churu-skystos-uzkandeles-katems-su-vistiena-20x14-g\\\/#breadcrumb\"},\"inLanguage\":\"lt-LT\",\"potentialAction\":[{\"@type\":\"ReadAction\",\"target\":[\"https:\\\/\\\/miumjau.ee\\\/lt\\\/produktas\\\/churu-skystos-uzkandeles-katems-su-vistiena-20x14-g\\\/\"]}]},{\"@type\":\"ImageObject\",\"inLanguage\":\"lt-LT\",\"@id\":\"https:\\\/\\\/miumjau.ee\\\/lt\\\/produktas\\\/churu-skystos-uzkandeles-katems-su-vistiena-20x14-g\\\/#primaryimage\",\"url\":\"https:\\\/\\\/miumjau.ee\\\/wp-content\\\/uploads\\\/2024\\\/12\\\/churu-vedelmaiuste-valikpakk1.jpg\",\"contentUrl\":\"https:\\\/\\\/miumjau.ee\\\/wp-content\\\/uploads\\\/2024\\\/12\\\/churu-vedelmaiuste-valikpakk1.jpg\",\"width\":600,\"height\":800},{\"@type\":\"BreadcrumbList\",\"@id\":\"https:\\\/\\\/miumjau.ee\\\/lt\\\/produktas\\\/churu-skystos-uzkandeles-katems-su-vistiena-20x14-g\\\/#breadcrumb\",\"itemListElement\":[{\"@type\":\"ListItem\",\"position\":1,\"name\":\"Home\",\"item\":\"https:\\\/\\\/miumjau.ee\\\/lt\\\/\"},{\"@type\":\"ListItem\",\"position\":2,\"name\":\"Parduotuv\u0117\",\"item\":\"https:\\\/\\\/miumjau.ee\\\/lt\\\/parduotuve\\\/\"},{\"@type\":\"ListItem\",\"position\":3,\"name\":\"Churu skystos u\u017ekand\u0117l\u0117s kat\u0117ms su vi\u0161tiena, 20&#215;14\u202fg\"}]},{\"@type\":\"WebSite\",\"@id\":\"https:\\\/\\\/miumjau.ee\\\/#website\",\"url\":\"https:\\\/\\\/miumjau.ee\\\/\",\"name\":\"MiuMjau\",\"description\":\"Kraapimispuud kassidele\",\"publisher\":{\"@id\":\"https:\\\/\\\/miumjau.ee\\\/#organization\"},\"potentialAction\":[{\"@type\":\"SearchAction\",\"target\":{\"@type\":\"EntryPoint\",\"urlTemplate\":\"https:\\\/\\\/miumjau.ee\\\/?s={search_term_string}\"},\"query-input\":{\"@type\":\"PropertyValueSpecification\",\"valueRequired\":true,\"valueName\":\"search_term_string\"}}],\"inLanguage\":\"lt-LT\"},{\"@type\":\"Organization\",\"@id\":\"https:\\\/\\\/miumjau.ee\\\/#organization\",\"name\":\"MiuMjau O\u00dc\",\"url\":\"https:\\\/\\\/miumjau.ee\\\/\",\"logo\":{\"@type\":\"ImageObject\",\"inLanguage\":\"lt-LT\",\"@id\":\"https:\\\/\\\/miumjau.ee\\\/#\\\/schema\\\/logo\\\/image\\\/\",\"url\":\"https:\\\/\\\/miumjau.ee\\\/wp-content\\\/uploads\\\/2022\\\/04\\\/MiuMjau-logo-kollane.png\",\"contentUrl\":\"https:\\\/\\\/miumjau.ee\\\/wp-content\\\/uploads\\\/2022\\\/04\\\/MiuMjau-logo-kollane.png\",\"width\":219,\"height\":100,\"caption\":\"MiuMjau O\u00dc\"},\"image\":{\"@id\":\"https:\\\/\\\/miumjau.ee\\\/#\\\/schema\\\/logo\\\/image\\\/\"},\"sameAs\":[\"https:\\\/\\\/www.facebook.com\\\/miumjaupood\\\/\"]}]}<\/script>\n<!-- \/ Yoast SEO plugin. -->","yoast_head_json":{"title":"Churu skystos u\u017ekand\u0117l\u0117s kat\u0117ms su vi\u0161tiena, 20x14\u202fg - MiuMjau","robots":{"index":"index","follow":"follow","max-snippet":"max-snippet:-1","max-image-preview":"max-image-preview:large","max-video-preview":"max-video-preview:-1"},"canonical":"https:\/\/miumjau.ee\/lt\/produktas\/churu-skystos-uzkandeles-katems-su-vistiena-20x14-g\/","og_locale":"lt_LT","og_type":"article","og_title":"Churu skystos u\u017ekand\u0117l\u0117s kat\u0117ms su vi\u0161tiena, 20x14\u202fg - MiuMjau","og_description":"PAGAMINTA I\u0160 SVEIK\u0172 IR PATIKIM\u0172 INGREDIENT\u0172: kiekvienas Inaba produktas pagamintas i\u0161 kokybi\u0161k\u0173 ingredient\u0173, \u012fskaitant fermose auginam\u0105 vi\u0161tien\u0105 ir\/arba nat\u016braliai sugaut\u0105 tun\u0105. Kiekviena skani, kremin\u0117 Churu t\u016bbel\u0117 sudaro 91% dr\u0117gm\u0117s ir tik 6 kalorijas, tod\u0117l tai sveikas u\u017ekandis, d\u0117l kurio kat\u0117 gali jaustis puikiai. BE SL\u0116P\u0172 INGREDIENT\u0172: n\u0117ra gr\u016bd\u0173, konservant\u0173, dirbtini\u0173 da\u017eikli\u0173 ar karrageeno; prid\u0117tas taurinas, palaikantis bendr\u0105 sveikat\u0105. DUOKITE RANKA: \u0161ios t\u016bbel\u0117s su tyr\u0117s \u012fdaru skirtos rankiniam \u0161\u0117rimui, kad interaktyviai praleistum\u0117te laik\u0105 su savo kate. Taip pat galima naudoti kaip u\u017eklojim\u0105 dr\u0117gnam\/sausam maistui arba kaip priemon\u0119 vaistams maskuoti. DE\u017dUT\u0116JE 20 vnt.:     Vi\u0161tienos receptas x5 t\u016bbel\u0117s: vanduo, vi\u0161tiena, tapiokos krakmolas, nat\u016bral\u016bs skoniai, nat\u016bralus moliusk\u0173 skonis, guar guma, E vitaminas, taurinas, \u017ealiosios arbatos ekstraktas    Vi\u0161tiena su moliusk\u0173 receptu x5 t\u016bbel\u0117s: vanduo, vi\u0161tiena, tapiokos krakmolas, moliuskai, nat\u016bral\u016bs skoniai, nat\u016bralus moliusk\u0173 skonis, guar guma, E vitaminas, taurinas, \u017ealiosios arbatos ekstraktas    Vi\u0161tiena su s\u016briu x5 t\u016bbel\u0117s: vanduo, vi\u0161tienos m\u0117sa, s\u016bris (pienas, vanduo, fosforo r\u016bg\u0161tis), tapiokos krakmolas, nat\u016bral\u016bs skoniai, nat\u016bralus vi\u0161tienos skonis, guar guma, E vitaminas, taurinas, \u017ealiosios arbatos ekstraktas    Vi\u0161tiena su krabu x5 t\u016bbel\u0117s: vanduo, vi\u0161tiena, tapiokos krakmolas, nat\u016bral\u016bs skoniai, nat\u016bralus krab\u0173 skonis, guar guma, E vitaminas, taurinas, \u017ealiosios arbatos ekstraktas   Analitin\u0117 sud\u0117tis: baltymai (min.) 7,00%, riebalai (min.) 0,20%, skaidulos (max.) 0,30%, dr\u0117gm\u0117 (max.) 91,00%, E vitaminas (min.) 310 IU\/kg, taurinas (min.) 0,025%","og_url":"https:\/\/miumjau.ee\/lt\/produktas\/churu-skystos-uzkandeles-katems-su-vistiena-20x14-g\/","og_site_name":"MiuMjau","article_publisher":"https:\/\/www.facebook.com\/miumjaupood\/","og_image":[{"width":600,"height":800,"url":"https:\/\/miumjau.ee\/wp-content\/uploads\/2024\/12\/churu-vedelmaiuste-valikpakk1.jpg","type":"image\/jpeg"}],"twitter_card":"summary_large_image","schema":{"@context":"https:\/\/schema.org","@graph":[{"@type":"WebPage","@id":"https:\/\/miumjau.ee\/lt\/produktas\/churu-skystos-uzkandeles-katems-su-vistiena-20x14-g\/","url":"https:\/\/miumjau.ee\/lt\/produktas\/churu-skystos-uzkandeles-katems-su-vistiena-20x14-g\/","name":"Churu skystos u\u017ekand\u0117l\u0117s kat\u0117ms su vi\u0161tiena, 20x14\u202fg - MiuMjau","isPartOf":{"@id":"https:\/\/miumjau.ee\/#website"},"primaryImageOfPage":{"@id":"https:\/\/miumjau.ee\/lt\/produktas\/churu-skystos-uzkandeles-katems-su-vistiena-20x14-g\/#primaryimage"},"image":{"@id":"https:\/\/miumjau.ee\/lt\/produktas\/churu-skystos-uzkandeles-katems-su-vistiena-20x14-g\/#primaryimage"},"thumbnailUrl":"https:\/\/miumjau.ee\/wp-content\/uploads\/2024\/12\/churu-vedelmaiuste-valikpakk1.jpg","datePublished":"2024-12-20T16:56:05+00:00","breadcrumb":{"@id":"https:\/\/miumjau.ee\/lt\/produktas\/churu-skystos-uzkandeles-katems-su-vistiena-20x14-g\/#breadcrumb"},"inLanguage":"lt-LT","potentialAction":[{"@type":"ReadAction","target":["https:\/\/miumjau.ee\/lt\/produktas\/churu-skystos-uzkandeles-katems-su-vistiena-20x14-g\/"]}]},{"@type":"ImageObject","inLanguage":"lt-LT","@id":"https:\/\/miumjau.ee\/lt\/produktas\/churu-skystos-uzkandeles-katems-su-vistiena-20x14-g\/#primaryimage","url":"https:\/\/miumjau.ee\/wp-content\/uploads\/2024\/12\/churu-vedelmaiuste-valikpakk1.jpg","contentUrl":"https:\/\/miumjau.ee\/wp-content\/uploads\/2024\/12\/churu-vedelmaiuste-valikpakk1.jpg","width":600,"height":800},{"@type":"BreadcrumbList","@id":"https:\/\/miumjau.ee\/lt\/produktas\/churu-skystos-uzkandeles-katems-su-vistiena-20x14-g\/#breadcrumb","itemListElement":[{"@type":"ListItem","position":1,"name":"Home","item":"https:\/\/miumjau.ee\/lt\/"},{"@type":"ListItem","position":2,"name":"Parduotuv\u0117","item":"https:\/\/miumjau.ee\/lt\/parduotuve\/"},{"@type":"ListItem","position":3,"name":"Churu skystos u\u017ekand\u0117l\u0117s kat\u0117ms su vi\u0161tiena, 20&#215;14\u202fg"}]},{"@type":"WebSite","@id":"https:\/\/miumjau.ee\/#website","url":"https:\/\/miumjau.ee\/","name":"MiuMjau","description":"Kraapimispuud kassidele","publisher":{"@id":"https:\/\/miumjau.ee\/#organization"},"potentialAction":[{"@type":"SearchAction","target":{"@type":"EntryPoint","urlTemplate":"https:\/\/miumjau.ee\/?s={search_term_string}"},"query-input":{"@type":"PropertyValueSpecification","valueRequired":true,"valueName":"search_term_string"}}],"inLanguage":"lt-LT"},{"@type":"Organization","@id":"https:\/\/miumjau.ee\/#organization","name":"MiuMjau O\u00dc","url":"https:\/\/miumjau.ee\/","logo":{"@type":"ImageObject","inLanguage":"lt-LT","@id":"https:\/\/miumjau.ee\/#\/schema\/logo\/image\/","url":"https:\/\/miumjau.ee\/wp-content\/uploads\/2022\/04\/MiuMjau-logo-kollane.png","contentUrl":"https:\/\/miumjau.ee\/wp-content\/uploads\/2022\/04\/MiuMjau-logo-kollane.png","width":219,"height":100,"caption":"MiuMjau O\u00dc"},"image":{"@id":"https:\/\/miumjau.ee\/#\/schema\/logo\/image\/"},"sameAs":["https:\/\/www.facebook.com\/miumjaupood\/"]}]}},"_links":{"self":[{"href":"https:\/\/miumjau.ee\/lt\/wp-json\/wp\/v2\/product\/55646","targetHints":{"allow":["GET"]}}],"collection":[{"href":"https:\/\/miumjau.ee\/lt\/wp-json\/wp\/v2\/product"}],"about":[{"href":"https:\/\/miumjau.ee\/lt\/wp-json\/wp\/v2\/types\/product"}],"wp:featuredmedia":[{"embeddable":true,"href":"https:\/\/miumjau.ee\/lt\/wp-json\/wp\/v2\/media\/55647"}],"wp:attachment":[{"href":"https:\/\/miumjau.ee\/lt\/wp-json\/wp\/v2\/media?parent=55646"}],"wp:term":[{"taxonomy":"product_brand","embeddable":true,"href":"https:\/\/miumjau.ee\/lt\/wp-json\/wp\/v2\/product_brand?post=55646"},{"taxonomy":"product_cat","embeddable":true,"href":"https:\/\/miumjau.ee\/lt\/wp-json\/wp\/v2\/product_cat?post=55646"},{"taxonomy":"product_tag","embeddable":true,"href":"https:\/\/miumjau.ee\/lt\/wp-json\/wp\/v2\/product_tag?post=55646"}],"curies":[{"name":"wp","href":"https:\/\/api.w.org\/{rel}","templated":true}]}}