{"id":55635,"date":"2024-12-20T17:22:32","date_gmt":"2024-12-20T15:22:32","guid":{"rendered":"https:\/\/miumjau.ee\/toode\/churu-kitten-skanestas-kaciukams-su-tunu-4x14g\/"},"modified":"2024-12-20T17:22:32","modified_gmt":"2024-12-20T15:22:32","slug":"churu-kitten-skanestas-kaciukams-su-tunu-4x14g","status":"publish","type":"product","link":"https:\/\/miumjau.ee\/lt\/produktas\/churu-kitten-skanestas-kaciukams-su-tunu-4x14g\/","title":{"rendered":"Churu Kitten skan\u0117stas ka\u010diukams su tunu 4x14g"},"content":{"rendered":"","protected":false},"excerpt":{"rendered":"<p data-start=\"1388\" data-end=\"1571\"><strong data-start=\"1388\" data-end=\"1436\">PAGAMINTA I\u0160 SVEIK\u0172 IR PATIKIM\u0172 INGREDIENT\u0172:<\/strong> kiekvienas Inaba produktas pagamintas i\u0161 kokybi\u0161k\u0173 ingredient\u0173, \u012fskaitant fermose auginam\u0105 vi\u0161tien\u0105 ir\/arba nat\u016braliai sugaut\u0105 tun\u0105.<\/p>\n<p data-start=\"1573\" data-end=\"1718\">Kiekviena skani, kremin\u0117 Churu t\u016bbel\u0117 <strong data-start=\"1611\" data-end=\"1633\">sudaro 91% dr\u0117gm\u0117s<\/strong> ir tik 6 kalorijas, tod\u0117l tai sveikas u\u017ekandis, kur\u012f galima duoti su ramia s\u0105\u017eine.<\/p>\n<p data-start=\"1720\" data-end=\"1895\">M\u016bs\u0173 ka\u010di\u0173 draugams svarbu, tod\u0117l \u0161ioje u\u017ekandoje <strong data-start=\"1770\" data-end=\"1831\">n\u0117ra gr\u016bd\u0173, konservant\u0173, dirbtini\u0173 da\u017eikli\u0173 ar karrageeno<\/strong>, ta\u010diau prid\u0117tas <strong data-start=\"1849\" data-end=\"1861\">taurinas<\/strong>, kad palaikyt\u0173 bendr\u0105 sveikat\u0105.<\/p>\n<p data-start=\"1897\" data-end=\"2106\"><strong data-start=\"1897\" data-end=\"1915\">DUOKITE RANKA:<\/strong> t\u016bbel\u0117s su tyr\u0117s \u012fdaru skirtos rankiniam \u0161\u0117rimui, kad gal\u0117tum\u0117te praleisti kokybi\u0161k\u0105 laik\u0105 su savo ka\u010diuku. Jas taip pat galima naudoti dr\u0117gnos\/sausos maisto dangai arba vaist\u0173 maskavimui.<\/p>\n<p data-start=\"2108\" data-end=\"2314\"><strong data-start=\"2108\" data-end=\"2120\">Sud\u0117tis:<\/strong> vanduo, tunas, tapiokos krakmolas, nat\u016bral\u016bs skonio komponentai, guar guma, kalcio karbonatas, nat\u016bralus tuno skonis, \u017euv\u0173 aliejus, E vitamino papildas, taurinas, \u017ealiosios arbatos ekstraktas<\/p>\n<p data-start=\"2316\" data-end=\"2534\" data-is-last-node=\"\" data-is-only-node=\"\"><strong data-start=\"2316\" data-end=\"2338\">Analitin\u0117 sud\u0117tis:<\/strong> baltymai (min.) 7%, riebalai (min.) 0,80%, skaidulos (max.) 0,30%, dr\u0117gm\u0117 (max.) 88%, DHA (min.) 0,04%, EPA (min.) 0,04%, kalcis (min.) 0,30%, E vitaminas (min.) 310 IU\/kg, taurinas (min.) 0,025%<\/p>\n","protected":false},"featured_media":55636,"template":"","meta":[],"product_brand":[],"product_cat":[527],"product_tag":[],"class_list":{"0":"post-55635","1":"product","2":"type-product","3":"status-publish","4":"has-post-thumbnail","6":"product_cat-skanestai","8":"first","9":"instock","10":"sale","11":"taxable","12":"shipping-taxable","13":"purchasable","14":"product-type-simple"},"yoast_head":"<!-- This site is optimized with the Yoast SEO plugin v27.4 - https:\/\/yoast.com\/product\/yoast-seo-wordpress\/ -->\n<title>Churu Kitten skan\u0117stas ka\u010diukams su tunu 4x14g - MiuMjau<\/title>\n<meta name=\"robots\" content=\"index, follow, max-snippet:-1, max-image-preview:large, max-video-preview:-1\" \/>\n<link rel=\"canonical\" href=\"https:\/\/miumjau.ee\/lt\/produktas\/churu-kitten-skanestas-kaciukams-su-tunu-4x14g\/\" \/>\n<meta property=\"og:locale\" content=\"lt_LT\" \/>\n<meta property=\"og:type\" content=\"article\" \/>\n<meta property=\"og:title\" content=\"Churu Kitten skan\u0117stas ka\u010diukams su tunu 4x14g - MiuMjau\" \/>\n<meta property=\"og:description\" content=\"PAGAMINTA I\u0160 SVEIK\u0172 IR PATIKIM\u0172 INGREDIENT\u0172: kiekvienas Inaba produktas pagamintas i\u0161 kokybi\u0161k\u0173 ingredient\u0173, \u012fskaitant fermose auginam\u0105 vi\u0161tien\u0105 ir\/arba nat\u016braliai sugaut\u0105 tun\u0105. Kiekviena skani, kremin\u0117 Churu t\u016bbel\u0117 sudaro 91% dr\u0117gm\u0117s ir tik 6 kalorijas, tod\u0117l tai sveikas u\u017ekandis, kur\u012f galima duoti su ramia s\u0105\u017eine. M\u016bs\u0173 ka\u010di\u0173 draugams svarbu, tod\u0117l \u0161ioje u\u017ekandoje n\u0117ra gr\u016bd\u0173, konservant\u0173, dirbtini\u0173 da\u017eikli\u0173 ar karrageeno, ta\u010diau prid\u0117tas taurinas, kad palaikyt\u0173 bendr\u0105 sveikat\u0105. DUOKITE RANKA: t\u016bbel\u0117s su tyr\u0117s \u012fdaru skirtos rankiniam \u0161\u0117rimui, kad gal\u0117tum\u0117te praleisti kokybi\u0161k\u0105 laik\u0105 su savo ka\u010diuku. Jas taip pat galima naudoti dr\u0117gnos\/sausos maisto dangai arba vaist\u0173 maskavimui. Sud\u0117tis: vanduo, tunas, tapiokos krakmolas, nat\u016bral\u016bs skonio komponentai, guar guma, kalcio karbonatas, nat\u016bralus tuno skonis, \u017euv\u0173 aliejus, E vitamino papildas, taurinas, \u017ealiosios arbatos ekstraktas Analitin\u0117 sud\u0117tis: baltymai (min.) 7%, riebalai (min.) 0,80%, skaidulos (max.) 0,30%, dr\u0117gm\u0117 (max.) 88%, DHA (min.) 0,04%, EPA (min.) 0,04%, kalcis (min.) 0,30%, E vitaminas (min.) 310 IU\/kg, taurinas (min.) 0,025%\" \/>\n<meta property=\"og:url\" content=\"https:\/\/miumjau.ee\/lt\/produktas\/churu-kitten-skanestas-kaciukams-su-tunu-4x14g\/\" \/>\n<meta property=\"og:site_name\" content=\"MiuMjau\" \/>\n<meta property=\"article:publisher\" content=\"https:\/\/www.facebook.com\/miumjaupood\/\" \/>\n<meta property=\"og:image\" content=\"https:\/\/miumjau.ee\/wp-content\/uploads\/2024\/12\/churu-kittentuna-vedelmaius.jpg\" \/>\n\t<meta property=\"og:image:width\" content=\"600\" \/>\n\t<meta property=\"og:image:height\" content=\"800\" \/>\n\t<meta property=\"og:image:type\" content=\"image\/jpeg\" \/>\n<meta name=\"twitter:card\" content=\"summary_large_image\" \/>\n<script type=\"application\/ld+json\" class=\"yoast-schema-graph\">{\"@context\":\"https:\\\/\\\/schema.org\",\"@graph\":[{\"@type\":\"WebPage\",\"@id\":\"https:\\\/\\\/miumjau.ee\\\/lt\\\/produktas\\\/churu-kitten-skanestas-kaciukams-su-tunu-4x14g\\\/\",\"url\":\"https:\\\/\\\/miumjau.ee\\\/lt\\\/produktas\\\/churu-kitten-skanestas-kaciukams-su-tunu-4x14g\\\/\",\"name\":\"Churu Kitten skan\u0117stas ka\u010diukams su tunu 4x14g - MiuMjau\",\"isPartOf\":{\"@id\":\"https:\\\/\\\/miumjau.ee\\\/#website\"},\"primaryImageOfPage\":{\"@id\":\"https:\\\/\\\/miumjau.ee\\\/lt\\\/produktas\\\/churu-kitten-skanestas-kaciukams-su-tunu-4x14g\\\/#primaryimage\"},\"image\":{\"@id\":\"https:\\\/\\\/miumjau.ee\\\/lt\\\/produktas\\\/churu-kitten-skanestas-kaciukams-su-tunu-4x14g\\\/#primaryimage\"},\"thumbnailUrl\":\"https:\\\/\\\/miumjau.ee\\\/wp-content\\\/uploads\\\/2024\\\/12\\\/churu-kittentuna-vedelmaius.jpg\",\"datePublished\":\"2024-12-20T15:22:32+00:00\",\"breadcrumb\":{\"@id\":\"https:\\\/\\\/miumjau.ee\\\/lt\\\/produktas\\\/churu-kitten-skanestas-kaciukams-su-tunu-4x14g\\\/#breadcrumb\"},\"inLanguage\":\"lt-LT\",\"potentialAction\":[{\"@type\":\"ReadAction\",\"target\":[\"https:\\\/\\\/miumjau.ee\\\/lt\\\/produktas\\\/churu-kitten-skanestas-kaciukams-su-tunu-4x14g\\\/\"]}]},{\"@type\":\"ImageObject\",\"inLanguage\":\"lt-LT\",\"@id\":\"https:\\\/\\\/miumjau.ee\\\/lt\\\/produktas\\\/churu-kitten-skanestas-kaciukams-su-tunu-4x14g\\\/#primaryimage\",\"url\":\"https:\\\/\\\/miumjau.ee\\\/wp-content\\\/uploads\\\/2024\\\/12\\\/churu-kittentuna-vedelmaius.jpg\",\"contentUrl\":\"https:\\\/\\\/miumjau.ee\\\/wp-content\\\/uploads\\\/2024\\\/12\\\/churu-kittentuna-vedelmaius.jpg\",\"width\":600,\"height\":800},{\"@type\":\"BreadcrumbList\",\"@id\":\"https:\\\/\\\/miumjau.ee\\\/lt\\\/produktas\\\/churu-kitten-skanestas-kaciukams-su-tunu-4x14g\\\/#breadcrumb\",\"itemListElement\":[{\"@type\":\"ListItem\",\"position\":1,\"name\":\"Home\",\"item\":\"https:\\\/\\\/miumjau.ee\\\/lt\\\/\"},{\"@type\":\"ListItem\",\"position\":2,\"name\":\"Parduotuv\u0117\",\"item\":\"https:\\\/\\\/miumjau.ee\\\/lt\\\/parduotuve\\\/\"},{\"@type\":\"ListItem\",\"position\":3,\"name\":\"Churu Kitten skan\u0117stas ka\u010diukams su tunu 4x14g\"}]},{\"@type\":\"WebSite\",\"@id\":\"https:\\\/\\\/miumjau.ee\\\/#website\",\"url\":\"https:\\\/\\\/miumjau.ee\\\/\",\"name\":\"MiuMjau\",\"description\":\"Kraapimispuud kassidele\",\"publisher\":{\"@id\":\"https:\\\/\\\/miumjau.ee\\\/#organization\"},\"potentialAction\":[{\"@type\":\"SearchAction\",\"target\":{\"@type\":\"EntryPoint\",\"urlTemplate\":\"https:\\\/\\\/miumjau.ee\\\/?s={search_term_string}\"},\"query-input\":{\"@type\":\"PropertyValueSpecification\",\"valueRequired\":true,\"valueName\":\"search_term_string\"}}],\"inLanguage\":\"lt-LT\"},{\"@type\":\"Organization\",\"@id\":\"https:\\\/\\\/miumjau.ee\\\/#organization\",\"name\":\"MiuMjau O\u00dc\",\"url\":\"https:\\\/\\\/miumjau.ee\\\/\",\"logo\":{\"@type\":\"ImageObject\",\"inLanguage\":\"lt-LT\",\"@id\":\"https:\\\/\\\/miumjau.ee\\\/#\\\/schema\\\/logo\\\/image\\\/\",\"url\":\"https:\\\/\\\/miumjau.ee\\\/wp-content\\\/uploads\\\/2022\\\/04\\\/MiuMjau-logo-kollane.png\",\"contentUrl\":\"https:\\\/\\\/miumjau.ee\\\/wp-content\\\/uploads\\\/2022\\\/04\\\/MiuMjau-logo-kollane.png\",\"width\":219,\"height\":100,\"caption\":\"MiuMjau O\u00dc\"},\"image\":{\"@id\":\"https:\\\/\\\/miumjau.ee\\\/#\\\/schema\\\/logo\\\/image\\\/\"},\"sameAs\":[\"https:\\\/\\\/www.facebook.com\\\/miumjaupood\\\/\"]}]}<\/script>\n<!-- \/ Yoast SEO plugin. -->","yoast_head_json":{"title":"Churu Kitten skan\u0117stas ka\u010diukams su tunu 4x14g - MiuMjau","robots":{"index":"index","follow":"follow","max-snippet":"max-snippet:-1","max-image-preview":"max-image-preview:large","max-video-preview":"max-video-preview:-1"},"canonical":"https:\/\/miumjau.ee\/lt\/produktas\/churu-kitten-skanestas-kaciukams-su-tunu-4x14g\/","og_locale":"lt_LT","og_type":"article","og_title":"Churu Kitten skan\u0117stas ka\u010diukams su tunu 4x14g - MiuMjau","og_description":"PAGAMINTA I\u0160 SVEIK\u0172 IR PATIKIM\u0172 INGREDIENT\u0172: kiekvienas Inaba produktas pagamintas i\u0161 kokybi\u0161k\u0173 ingredient\u0173, \u012fskaitant fermose auginam\u0105 vi\u0161tien\u0105 ir\/arba nat\u016braliai sugaut\u0105 tun\u0105. Kiekviena skani, kremin\u0117 Churu t\u016bbel\u0117 sudaro 91% dr\u0117gm\u0117s ir tik 6 kalorijas, tod\u0117l tai sveikas u\u017ekandis, kur\u012f galima duoti su ramia s\u0105\u017eine. M\u016bs\u0173 ka\u010di\u0173 draugams svarbu, tod\u0117l \u0161ioje u\u017ekandoje n\u0117ra gr\u016bd\u0173, konservant\u0173, dirbtini\u0173 da\u017eikli\u0173 ar karrageeno, ta\u010diau prid\u0117tas taurinas, kad palaikyt\u0173 bendr\u0105 sveikat\u0105. DUOKITE RANKA: t\u016bbel\u0117s su tyr\u0117s \u012fdaru skirtos rankiniam \u0161\u0117rimui, kad gal\u0117tum\u0117te praleisti kokybi\u0161k\u0105 laik\u0105 su savo ka\u010diuku. Jas taip pat galima naudoti dr\u0117gnos\/sausos maisto dangai arba vaist\u0173 maskavimui. Sud\u0117tis: vanduo, tunas, tapiokos krakmolas, nat\u016bral\u016bs skonio komponentai, guar guma, kalcio karbonatas, nat\u016bralus tuno skonis, \u017euv\u0173 aliejus, E vitamino papildas, taurinas, \u017ealiosios arbatos ekstraktas Analitin\u0117 sud\u0117tis: baltymai (min.) 7%, riebalai (min.) 0,80%, skaidulos (max.) 0,30%, dr\u0117gm\u0117 (max.) 88%, DHA (min.) 0,04%, EPA (min.) 0,04%, kalcis (min.) 0,30%, E vitaminas (min.) 310 IU\/kg, taurinas (min.) 0,025%","og_url":"https:\/\/miumjau.ee\/lt\/produktas\/churu-kitten-skanestas-kaciukams-su-tunu-4x14g\/","og_site_name":"MiuMjau","article_publisher":"https:\/\/www.facebook.com\/miumjaupood\/","og_image":[{"width":600,"height":800,"url":"https:\/\/miumjau.ee\/wp-content\/uploads\/2024\/12\/churu-kittentuna-vedelmaius.jpg","type":"image\/jpeg"}],"twitter_card":"summary_large_image","schema":{"@context":"https:\/\/schema.org","@graph":[{"@type":"WebPage","@id":"https:\/\/miumjau.ee\/lt\/produktas\/churu-kitten-skanestas-kaciukams-su-tunu-4x14g\/","url":"https:\/\/miumjau.ee\/lt\/produktas\/churu-kitten-skanestas-kaciukams-su-tunu-4x14g\/","name":"Churu Kitten skan\u0117stas ka\u010diukams su tunu 4x14g - MiuMjau","isPartOf":{"@id":"https:\/\/miumjau.ee\/#website"},"primaryImageOfPage":{"@id":"https:\/\/miumjau.ee\/lt\/produktas\/churu-kitten-skanestas-kaciukams-su-tunu-4x14g\/#primaryimage"},"image":{"@id":"https:\/\/miumjau.ee\/lt\/produktas\/churu-kitten-skanestas-kaciukams-su-tunu-4x14g\/#primaryimage"},"thumbnailUrl":"https:\/\/miumjau.ee\/wp-content\/uploads\/2024\/12\/churu-kittentuna-vedelmaius.jpg","datePublished":"2024-12-20T15:22:32+00:00","breadcrumb":{"@id":"https:\/\/miumjau.ee\/lt\/produktas\/churu-kitten-skanestas-kaciukams-su-tunu-4x14g\/#breadcrumb"},"inLanguage":"lt-LT","potentialAction":[{"@type":"ReadAction","target":["https:\/\/miumjau.ee\/lt\/produktas\/churu-kitten-skanestas-kaciukams-su-tunu-4x14g\/"]}]},{"@type":"ImageObject","inLanguage":"lt-LT","@id":"https:\/\/miumjau.ee\/lt\/produktas\/churu-kitten-skanestas-kaciukams-su-tunu-4x14g\/#primaryimage","url":"https:\/\/miumjau.ee\/wp-content\/uploads\/2024\/12\/churu-kittentuna-vedelmaius.jpg","contentUrl":"https:\/\/miumjau.ee\/wp-content\/uploads\/2024\/12\/churu-kittentuna-vedelmaius.jpg","width":600,"height":800},{"@type":"BreadcrumbList","@id":"https:\/\/miumjau.ee\/lt\/produktas\/churu-kitten-skanestas-kaciukams-su-tunu-4x14g\/#breadcrumb","itemListElement":[{"@type":"ListItem","position":1,"name":"Home","item":"https:\/\/miumjau.ee\/lt\/"},{"@type":"ListItem","position":2,"name":"Parduotuv\u0117","item":"https:\/\/miumjau.ee\/lt\/parduotuve\/"},{"@type":"ListItem","position":3,"name":"Churu Kitten skan\u0117stas ka\u010diukams su tunu 4x14g"}]},{"@type":"WebSite","@id":"https:\/\/miumjau.ee\/#website","url":"https:\/\/miumjau.ee\/","name":"MiuMjau","description":"Kraapimispuud kassidele","publisher":{"@id":"https:\/\/miumjau.ee\/#organization"},"potentialAction":[{"@type":"SearchAction","target":{"@type":"EntryPoint","urlTemplate":"https:\/\/miumjau.ee\/?s={search_term_string}"},"query-input":{"@type":"PropertyValueSpecification","valueRequired":true,"valueName":"search_term_string"}}],"inLanguage":"lt-LT"},{"@type":"Organization","@id":"https:\/\/miumjau.ee\/#organization","name":"MiuMjau O\u00dc","url":"https:\/\/miumjau.ee\/","logo":{"@type":"ImageObject","inLanguage":"lt-LT","@id":"https:\/\/miumjau.ee\/#\/schema\/logo\/image\/","url":"https:\/\/miumjau.ee\/wp-content\/uploads\/2022\/04\/MiuMjau-logo-kollane.png","contentUrl":"https:\/\/miumjau.ee\/wp-content\/uploads\/2022\/04\/MiuMjau-logo-kollane.png","width":219,"height":100,"caption":"MiuMjau O\u00dc"},"image":{"@id":"https:\/\/miumjau.ee\/#\/schema\/logo\/image\/"},"sameAs":["https:\/\/www.facebook.com\/miumjaupood\/"]}]}},"_links":{"self":[{"href":"https:\/\/miumjau.ee\/lt\/wp-json\/wp\/v2\/product\/55635","targetHints":{"allow":["GET"]}}],"collection":[{"href":"https:\/\/miumjau.ee\/lt\/wp-json\/wp\/v2\/product"}],"about":[{"href":"https:\/\/miumjau.ee\/lt\/wp-json\/wp\/v2\/types\/product"}],"wp:featuredmedia":[{"embeddable":true,"href":"https:\/\/miumjau.ee\/lt\/wp-json\/wp\/v2\/media\/55636"}],"wp:attachment":[{"href":"https:\/\/miumjau.ee\/lt\/wp-json\/wp\/v2\/media?parent=55635"}],"wp:term":[{"taxonomy":"product_brand","embeddable":true,"href":"https:\/\/miumjau.ee\/lt\/wp-json\/wp\/v2\/product_brand?post=55635"},{"taxonomy":"product_cat","embeddable":true,"href":"https:\/\/miumjau.ee\/lt\/wp-json\/wp\/v2\/product_cat?post=55635"},{"taxonomy":"product_tag","embeddable":true,"href":"https:\/\/miumjau.ee\/lt\/wp-json\/wp\/v2\/product_tag?post=55635"}],"curies":[{"name":"wp","href":"https:\/\/api.w.org\/{rel}","templated":true}]}}