{"id":55631,"date":"2024-12-20T17:18:38","date_gmt":"2024-12-20T15:18:38","guid":{"rendered":"https:\/\/miumjau.ee\/toode\/churu-skystas-skanestas-katems-hairball-chicken-4x14g\/"},"modified":"2024-12-20T17:18:38","modified_gmt":"2024-12-20T15:18:38","slug":"churu-skystas-skanestas-katems-hairball-chicken-4x14g","status":"publish","type":"product","link":"https:\/\/miumjau.ee\/lt\/produktas\/churu-skystas-skanestas-katems-hairball-chicken-4x14g\/","title":{"rendered":"Churu skystas skan\u0117stas kat\u0117ms \u201cHairball Chicken\u201d 4x14g"},"content":{"rendered":"","protected":false},"excerpt":{"rendered":"<div class=\"flex flex-col text-sm pb-25\">\n<section class=\"text-token-text-primary w-full focus:outline-none [--shadow-height:45px] has-data-writing-block:pointer-events-none has-data-writing-block:-mt-(--shadow-height) has-data-writing-block:pt-(--shadow-height) [&amp;:has([data-writing-block])&gt;*]:pointer-events-auto scroll-mt-[calc(var(--header-height)+min(200px,max(70px,20svh)))]\" dir=\"auto\" data-turn-id=\"request-WEB:082b08e1-047e-470e-9692-5c915d909c3c-68\" data-testid=\"conversation-turn-138\" data-scroll-anchor=\"true\" data-turn=\"assistant\">\n<div class=\"text-base my-auto mx-auto pb-10 [--thread-content-margin:var(--thread-content-margin-xs,calc(var(--spacing)*4))] @w-sm\/main:[--thread-content-margin:var(--thread-content-margin-sm,calc(var(--spacing)*6))] @w-lg\/main:[--thread-content-margin:var(--thread-content-margin-lg,calc(var(--spacing)*16))] px-(--thread-content-margin)\">\n<div class=\"[--thread-content-max-width:40rem] @w-lg\/main:[--thread-content-max-width:48rem] mx-auto max-w-(--thread-content-max-width) flex-1 group\/turn-messages focus-visible:outline-hidden relative flex w-full min-w-0 flex-col agent-turn\">\n<div class=\"flex max-w-full flex-col gap-4 grow\">\n<div class=\"min-h-8 text-message relative flex w-full flex-col items-end gap-2 text-start break-words whitespace-normal outline-none keyboard-focused:focus-ring [.text-message+&amp;]:mt-1\" dir=\"auto\" tabindex=\"0\" data-message-author-role=\"assistant\" data-message-id=\"60c614b0-c810-474f-b683-a20720c76e4a\" data-message-model-slug=\"gpt-5-mini\" data-turn-start-message=\"true\">\n<div class=\"flex w-full flex-col gap-1 empty:hidden\">\n<div class=\"markdown prose dark:prose-invert w-full wrap-break-word light markdown-new-styling\">\n<p data-start=\"1620\" data-end=\"1892\"><strong data-start=\"1620\" data-end=\"1657\">Pirmasis tokio tipo kreminis tyr\u0117<\/strong>, sukurtas siekiant kontroliuoti kat\u0117s gumuliuk\u0173 formavim\u0105si. M\u016bs\u0173 originali Churu formul\u0117 praturtinta tirpiomis ir netirpiomis augalin\u0117mis skaidulomis, kurios palaiko sveik\u0105 vir\u0161kinim\u0105 ir padeda u\u017ekirsti keli\u0105 gumuliuk\u0173 susidarymui.<\/p>\n<p data-start=\"1894\" data-end=\"2077\"><strong data-start=\"1894\" data-end=\"1942\">PAGAMINTA I\u0160 SVEIK\u0172 IR PATIKIM\u0172 INGREDIENT\u0172:<\/strong> kiekvienas Inaba produktas pagamintas i\u0161 kokybi\u0161k\u0173 ingredient\u0173, \u012fskaitant fermose auginam\u0105 vi\u0161tien\u0105 ir\/arba nat\u016braliai sugaut\u0105 tun\u0105.<\/p>\n<p data-start=\"2079\" data-end=\"2222\">Kiekviena skani, kremin\u0117 Churu t\u016bbel\u0117 <strong data-start=\"2117\" data-end=\"2139\">sudaro 91% dr\u0117gm\u0117s<\/strong> ir tik 6 kalorijas, tod\u0117l tai sveikas u\u017ekandis, kur\u012f galite duoti ramiai s\u0105\u017eine.<\/p>\n<p data-start=\"2224\" data-end=\"2404\">M\u016bs\u0173 ka\u010di\u0173 draugams svarbu, tod\u0117l \u0161ioje u\u017ekandoje <strong data-start=\"2274\" data-end=\"2335\">n\u0117ra gr\u016bd\u0173, konservant\u0173, dirbtini\u0173 da\u017eikli\u0173 ar karrageeno<\/strong>, ta\u010diau prid\u0117tas <strong data-start=\"2353\" data-end=\"2365\">taurinas<\/strong>, kad b\u016bt\u0173 palaikoma bendra sveikata.<\/p>\n<p data-start=\"2406\" data-end=\"2613\"><strong data-start=\"2406\" data-end=\"2424\">DUOKITE RANKA:<\/strong> t\u016bbel\u0117s su tyr\u0117s \u012fdaru skirtos rankiniam \u0161\u0117rimui, kad gal\u0117tum\u0117te praleisti kokybi\u0161k\u0105 laik\u0105 su savo kate. Taip pat gali b\u016bti naudojama dr\u0117gnos\/sausos maisto dangai arba vaist\u0173 maskavimui.<\/p>\n<p data-start=\"2615\" data-end=\"2834\"><strong data-start=\"2615\" data-end=\"2627\">Sud\u0117tis:<\/strong> vanduo, vi\u0161tiena, tapiokos krakmolas, celiulioz\u0117s milteliai, nat\u016bral\u016bs skonio komponentai, guar guma, nat\u016bralus j\u016bros sraig\u0117s skonio ekstraktas, E vitamino papildas, taurinas, \u017ealiosios arbatos ekstraktas<\/p>\n<p data-start=\"2836\" data-end=\"3003\" data-is-last-node=\"\" data-is-only-node=\"\"><strong data-start=\"2836\" data-end=\"2858\">Analitin\u0117 sud\u0117tis:<\/strong> baltymai (min.) 7,00%, riebalai (min.) 0,20%, skaidulos (max.) 0,60%, dr\u0117gm\u0117 (max.) 88,00%, E vitaminas (min.) 310 IU\/kg, taurinas (min.) 0,025%<\/p>\n<\/div>\n<\/div>\n<\/div>\n<\/div>\n<\/div>\n<\/div>\n<\/section>\n<\/div>\n","protected":false},"featured_media":55632,"template":"","meta":[],"product_brand":[],"product_cat":[527],"product_tag":[],"class_list":{"0":"post-55631","1":"product","2":"type-product","3":"status-publish","4":"has-post-thumbnail","6":"product_cat-skanestai","8":"first","9":"instock","10":"sale","11":"taxable","12":"shipping-taxable","13":"purchasable","14":"product-type-simple"},"yoast_head":"<!-- This site is optimized with the Yoast SEO plugin v27.4 - https:\/\/yoast.com\/product\/yoast-seo-wordpress\/ -->\n<title>Churu skystas skan\u0117stas kat\u0117ms \u201cHairball Chicken\u201d 4x14g - MiuMjau<\/title>\n<meta name=\"robots\" content=\"index, follow, max-snippet:-1, max-image-preview:large, max-video-preview:-1\" \/>\n<link rel=\"canonical\" href=\"https:\/\/miumjau.ee\/lt\/produktas\/churu-skystas-skanestas-katems-hairball-chicken-4x14g\/\" \/>\n<meta property=\"og:locale\" content=\"lt_LT\" \/>\n<meta property=\"og:type\" content=\"article\" \/>\n<meta property=\"og:title\" content=\"Churu skystas skan\u0117stas kat\u0117ms \u201cHairball Chicken\u201d 4x14g - MiuMjau\" \/>\n<meta property=\"og:description\" content=\"Pirmasis tokio tipo kreminis tyr\u0117, sukurtas siekiant kontroliuoti kat\u0117s gumuliuk\u0173 formavim\u0105si. M\u016bs\u0173 originali Churu formul\u0117 praturtinta tirpiomis ir netirpiomis augalin\u0117mis skaidulomis, kurios palaiko sveik\u0105 vir\u0161kinim\u0105 ir padeda u\u017ekirsti keli\u0105 gumuliuk\u0173 susidarymui. PAGAMINTA I\u0160 SVEIK\u0172 IR PATIKIM\u0172 INGREDIENT\u0172: kiekvienas Inaba produktas pagamintas i\u0161 kokybi\u0161k\u0173 ingredient\u0173, \u012fskaitant fermose auginam\u0105 vi\u0161tien\u0105 ir\/arba nat\u016braliai sugaut\u0105 tun\u0105. Kiekviena skani, kremin\u0117 Churu t\u016bbel\u0117 sudaro 91% dr\u0117gm\u0117s ir tik 6 kalorijas, tod\u0117l tai sveikas u\u017ekandis, kur\u012f galite duoti ramiai s\u0105\u017eine. M\u016bs\u0173 ka\u010di\u0173 draugams svarbu, tod\u0117l \u0161ioje u\u017ekandoje n\u0117ra gr\u016bd\u0173, konservant\u0173, dirbtini\u0173 da\u017eikli\u0173 ar karrageeno, ta\u010diau prid\u0117tas taurinas, kad b\u016bt\u0173 palaikoma bendra sveikata. DUOKITE RANKA: t\u016bbel\u0117s su tyr\u0117s \u012fdaru skirtos rankiniam \u0161\u0117rimui, kad gal\u0117tum\u0117te praleisti kokybi\u0161k\u0105 laik\u0105 su savo kate. Taip pat gali b\u016bti naudojama dr\u0117gnos\/sausos maisto dangai arba vaist\u0173 maskavimui. Sud\u0117tis: vanduo, vi\u0161tiena, tapiokos krakmolas, celiulioz\u0117s milteliai, nat\u016bral\u016bs skonio komponentai, guar guma, nat\u016bralus j\u016bros sraig\u0117s skonio ekstraktas, E vitamino papildas, taurinas, \u017ealiosios arbatos ekstraktas Analitin\u0117 sud\u0117tis: baltymai (min.) 7,00%, riebalai (min.) 0,20%, skaidulos (max.) 0,60%, dr\u0117gm\u0117 (max.) 88,00%, E vitaminas (min.) 310 IU\/kg, taurinas (min.) 0,025%\" \/>\n<meta property=\"og:url\" content=\"https:\/\/miumjau.ee\/lt\/produktas\/churu-skystas-skanestas-katems-hairball-chicken-4x14g\/\" \/>\n<meta property=\"og:site_name\" content=\"MiuMjau\" \/>\n<meta property=\"article:publisher\" content=\"https:\/\/www.facebook.com\/miumjaupood\/\" \/>\n<meta property=\"og:image\" content=\"https:\/\/miumjau.ee\/wp-content\/uploads\/2024\/12\/churu-vedelmaius-hairball-chicken.jpg\" \/>\n\t<meta property=\"og:image:width\" content=\"600\" \/>\n\t<meta property=\"og:image:height\" content=\"800\" \/>\n\t<meta property=\"og:image:type\" content=\"image\/jpeg\" \/>\n<meta name=\"twitter:card\" content=\"summary_large_image\" \/>\n<script type=\"application\/ld+json\" class=\"yoast-schema-graph\">{\"@context\":\"https:\\\/\\\/schema.org\",\"@graph\":[{\"@type\":\"WebPage\",\"@id\":\"https:\\\/\\\/miumjau.ee\\\/lt\\\/produktas\\\/churu-skystas-skanestas-katems-hairball-chicken-4x14g\\\/\",\"url\":\"https:\\\/\\\/miumjau.ee\\\/lt\\\/produktas\\\/churu-skystas-skanestas-katems-hairball-chicken-4x14g\\\/\",\"name\":\"Churu skystas skan\u0117stas kat\u0117ms \u201cHairball Chicken\u201d 4x14g - MiuMjau\",\"isPartOf\":{\"@id\":\"https:\\\/\\\/miumjau.ee\\\/#website\"},\"primaryImageOfPage\":{\"@id\":\"https:\\\/\\\/miumjau.ee\\\/lt\\\/produktas\\\/churu-skystas-skanestas-katems-hairball-chicken-4x14g\\\/#primaryimage\"},\"image\":{\"@id\":\"https:\\\/\\\/miumjau.ee\\\/lt\\\/produktas\\\/churu-skystas-skanestas-katems-hairball-chicken-4x14g\\\/#primaryimage\"},\"thumbnailUrl\":\"https:\\\/\\\/miumjau.ee\\\/wp-content\\\/uploads\\\/2024\\\/12\\\/churu-vedelmaius-hairball-chicken.jpg\",\"datePublished\":\"2024-12-20T15:18:38+00:00\",\"breadcrumb\":{\"@id\":\"https:\\\/\\\/miumjau.ee\\\/lt\\\/produktas\\\/churu-skystas-skanestas-katems-hairball-chicken-4x14g\\\/#breadcrumb\"},\"inLanguage\":\"lt-LT\",\"potentialAction\":[{\"@type\":\"ReadAction\",\"target\":[\"https:\\\/\\\/miumjau.ee\\\/lt\\\/produktas\\\/churu-skystas-skanestas-katems-hairball-chicken-4x14g\\\/\"]}]},{\"@type\":\"ImageObject\",\"inLanguage\":\"lt-LT\",\"@id\":\"https:\\\/\\\/miumjau.ee\\\/lt\\\/produktas\\\/churu-skystas-skanestas-katems-hairball-chicken-4x14g\\\/#primaryimage\",\"url\":\"https:\\\/\\\/miumjau.ee\\\/wp-content\\\/uploads\\\/2024\\\/12\\\/churu-vedelmaius-hairball-chicken.jpg\",\"contentUrl\":\"https:\\\/\\\/miumjau.ee\\\/wp-content\\\/uploads\\\/2024\\\/12\\\/churu-vedelmaius-hairball-chicken.jpg\",\"width\":600,\"height\":800},{\"@type\":\"BreadcrumbList\",\"@id\":\"https:\\\/\\\/miumjau.ee\\\/lt\\\/produktas\\\/churu-skystas-skanestas-katems-hairball-chicken-4x14g\\\/#breadcrumb\",\"itemListElement\":[{\"@type\":\"ListItem\",\"position\":1,\"name\":\"Home\",\"item\":\"https:\\\/\\\/miumjau.ee\\\/lt\\\/\"},{\"@type\":\"ListItem\",\"position\":2,\"name\":\"Parduotuv\u0117\",\"item\":\"https:\\\/\\\/miumjau.ee\\\/lt\\\/parduotuve\\\/\"},{\"@type\":\"ListItem\",\"position\":3,\"name\":\"Churu skystas skan\u0117stas kat\u0117ms \u201cHairball Chicken\u201d 4x14g\"}]},{\"@type\":\"WebSite\",\"@id\":\"https:\\\/\\\/miumjau.ee\\\/#website\",\"url\":\"https:\\\/\\\/miumjau.ee\\\/\",\"name\":\"MiuMjau\",\"description\":\"Kraapimispuud kassidele\",\"publisher\":{\"@id\":\"https:\\\/\\\/miumjau.ee\\\/#organization\"},\"potentialAction\":[{\"@type\":\"SearchAction\",\"target\":{\"@type\":\"EntryPoint\",\"urlTemplate\":\"https:\\\/\\\/miumjau.ee\\\/?s={search_term_string}\"},\"query-input\":{\"@type\":\"PropertyValueSpecification\",\"valueRequired\":true,\"valueName\":\"search_term_string\"}}],\"inLanguage\":\"lt-LT\"},{\"@type\":\"Organization\",\"@id\":\"https:\\\/\\\/miumjau.ee\\\/#organization\",\"name\":\"MiuMjau O\u00dc\",\"url\":\"https:\\\/\\\/miumjau.ee\\\/\",\"logo\":{\"@type\":\"ImageObject\",\"inLanguage\":\"lt-LT\",\"@id\":\"https:\\\/\\\/miumjau.ee\\\/#\\\/schema\\\/logo\\\/image\\\/\",\"url\":\"https:\\\/\\\/miumjau.ee\\\/wp-content\\\/uploads\\\/2022\\\/04\\\/MiuMjau-logo-kollane.png\",\"contentUrl\":\"https:\\\/\\\/miumjau.ee\\\/wp-content\\\/uploads\\\/2022\\\/04\\\/MiuMjau-logo-kollane.png\",\"width\":219,\"height\":100,\"caption\":\"MiuMjau O\u00dc\"},\"image\":{\"@id\":\"https:\\\/\\\/miumjau.ee\\\/#\\\/schema\\\/logo\\\/image\\\/\"},\"sameAs\":[\"https:\\\/\\\/www.facebook.com\\\/miumjaupood\\\/\"]}]}<\/script>\n<!-- \/ Yoast SEO plugin. -->","yoast_head_json":{"title":"Churu skystas skan\u0117stas kat\u0117ms \u201cHairball Chicken\u201d 4x14g - MiuMjau","robots":{"index":"index","follow":"follow","max-snippet":"max-snippet:-1","max-image-preview":"max-image-preview:large","max-video-preview":"max-video-preview:-1"},"canonical":"https:\/\/miumjau.ee\/lt\/produktas\/churu-skystas-skanestas-katems-hairball-chicken-4x14g\/","og_locale":"lt_LT","og_type":"article","og_title":"Churu skystas skan\u0117stas kat\u0117ms \u201cHairball Chicken\u201d 4x14g - MiuMjau","og_description":"Pirmasis tokio tipo kreminis tyr\u0117, sukurtas siekiant kontroliuoti kat\u0117s gumuliuk\u0173 formavim\u0105si. M\u016bs\u0173 originali Churu formul\u0117 praturtinta tirpiomis ir netirpiomis augalin\u0117mis skaidulomis, kurios palaiko sveik\u0105 vir\u0161kinim\u0105 ir padeda u\u017ekirsti keli\u0105 gumuliuk\u0173 susidarymui. PAGAMINTA I\u0160 SVEIK\u0172 IR PATIKIM\u0172 INGREDIENT\u0172: kiekvienas Inaba produktas pagamintas i\u0161 kokybi\u0161k\u0173 ingredient\u0173, \u012fskaitant fermose auginam\u0105 vi\u0161tien\u0105 ir\/arba nat\u016braliai sugaut\u0105 tun\u0105. Kiekviena skani, kremin\u0117 Churu t\u016bbel\u0117 sudaro 91% dr\u0117gm\u0117s ir tik 6 kalorijas, tod\u0117l tai sveikas u\u017ekandis, kur\u012f galite duoti ramiai s\u0105\u017eine. M\u016bs\u0173 ka\u010di\u0173 draugams svarbu, tod\u0117l \u0161ioje u\u017ekandoje n\u0117ra gr\u016bd\u0173, konservant\u0173, dirbtini\u0173 da\u017eikli\u0173 ar karrageeno, ta\u010diau prid\u0117tas taurinas, kad b\u016bt\u0173 palaikoma bendra sveikata. DUOKITE RANKA: t\u016bbel\u0117s su tyr\u0117s \u012fdaru skirtos rankiniam \u0161\u0117rimui, kad gal\u0117tum\u0117te praleisti kokybi\u0161k\u0105 laik\u0105 su savo kate. Taip pat gali b\u016bti naudojama dr\u0117gnos\/sausos maisto dangai arba vaist\u0173 maskavimui. Sud\u0117tis: vanduo, vi\u0161tiena, tapiokos krakmolas, celiulioz\u0117s milteliai, nat\u016bral\u016bs skonio komponentai, guar guma, nat\u016bralus j\u016bros sraig\u0117s skonio ekstraktas, E vitamino papildas, taurinas, \u017ealiosios arbatos ekstraktas Analitin\u0117 sud\u0117tis: baltymai (min.) 7,00%, riebalai (min.) 0,20%, skaidulos (max.) 0,60%, dr\u0117gm\u0117 (max.) 88,00%, E vitaminas (min.) 310 IU\/kg, taurinas (min.) 0,025%","og_url":"https:\/\/miumjau.ee\/lt\/produktas\/churu-skystas-skanestas-katems-hairball-chicken-4x14g\/","og_site_name":"MiuMjau","article_publisher":"https:\/\/www.facebook.com\/miumjaupood\/","og_image":[{"width":600,"height":800,"url":"https:\/\/miumjau.ee\/wp-content\/uploads\/2024\/12\/churu-vedelmaius-hairball-chicken.jpg","type":"image\/jpeg"}],"twitter_card":"summary_large_image","schema":{"@context":"https:\/\/schema.org","@graph":[{"@type":"WebPage","@id":"https:\/\/miumjau.ee\/lt\/produktas\/churu-skystas-skanestas-katems-hairball-chicken-4x14g\/","url":"https:\/\/miumjau.ee\/lt\/produktas\/churu-skystas-skanestas-katems-hairball-chicken-4x14g\/","name":"Churu skystas skan\u0117stas kat\u0117ms \u201cHairball Chicken\u201d 4x14g - MiuMjau","isPartOf":{"@id":"https:\/\/miumjau.ee\/#website"},"primaryImageOfPage":{"@id":"https:\/\/miumjau.ee\/lt\/produktas\/churu-skystas-skanestas-katems-hairball-chicken-4x14g\/#primaryimage"},"image":{"@id":"https:\/\/miumjau.ee\/lt\/produktas\/churu-skystas-skanestas-katems-hairball-chicken-4x14g\/#primaryimage"},"thumbnailUrl":"https:\/\/miumjau.ee\/wp-content\/uploads\/2024\/12\/churu-vedelmaius-hairball-chicken.jpg","datePublished":"2024-12-20T15:18:38+00:00","breadcrumb":{"@id":"https:\/\/miumjau.ee\/lt\/produktas\/churu-skystas-skanestas-katems-hairball-chicken-4x14g\/#breadcrumb"},"inLanguage":"lt-LT","potentialAction":[{"@type":"ReadAction","target":["https:\/\/miumjau.ee\/lt\/produktas\/churu-skystas-skanestas-katems-hairball-chicken-4x14g\/"]}]},{"@type":"ImageObject","inLanguage":"lt-LT","@id":"https:\/\/miumjau.ee\/lt\/produktas\/churu-skystas-skanestas-katems-hairball-chicken-4x14g\/#primaryimage","url":"https:\/\/miumjau.ee\/wp-content\/uploads\/2024\/12\/churu-vedelmaius-hairball-chicken.jpg","contentUrl":"https:\/\/miumjau.ee\/wp-content\/uploads\/2024\/12\/churu-vedelmaius-hairball-chicken.jpg","width":600,"height":800},{"@type":"BreadcrumbList","@id":"https:\/\/miumjau.ee\/lt\/produktas\/churu-skystas-skanestas-katems-hairball-chicken-4x14g\/#breadcrumb","itemListElement":[{"@type":"ListItem","position":1,"name":"Home","item":"https:\/\/miumjau.ee\/lt\/"},{"@type":"ListItem","position":2,"name":"Parduotuv\u0117","item":"https:\/\/miumjau.ee\/lt\/parduotuve\/"},{"@type":"ListItem","position":3,"name":"Churu skystas skan\u0117stas kat\u0117ms \u201cHairball Chicken\u201d 4x14g"}]},{"@type":"WebSite","@id":"https:\/\/miumjau.ee\/#website","url":"https:\/\/miumjau.ee\/","name":"MiuMjau","description":"Kraapimispuud kassidele","publisher":{"@id":"https:\/\/miumjau.ee\/#organization"},"potentialAction":[{"@type":"SearchAction","target":{"@type":"EntryPoint","urlTemplate":"https:\/\/miumjau.ee\/?s={search_term_string}"},"query-input":{"@type":"PropertyValueSpecification","valueRequired":true,"valueName":"search_term_string"}}],"inLanguage":"lt-LT"},{"@type":"Organization","@id":"https:\/\/miumjau.ee\/#organization","name":"MiuMjau O\u00dc","url":"https:\/\/miumjau.ee\/","logo":{"@type":"ImageObject","inLanguage":"lt-LT","@id":"https:\/\/miumjau.ee\/#\/schema\/logo\/image\/","url":"https:\/\/miumjau.ee\/wp-content\/uploads\/2022\/04\/MiuMjau-logo-kollane.png","contentUrl":"https:\/\/miumjau.ee\/wp-content\/uploads\/2022\/04\/MiuMjau-logo-kollane.png","width":219,"height":100,"caption":"MiuMjau O\u00dc"},"image":{"@id":"https:\/\/miumjau.ee\/#\/schema\/logo\/image\/"},"sameAs":["https:\/\/www.facebook.com\/miumjaupood\/"]}]}},"_links":{"self":[{"href":"https:\/\/miumjau.ee\/lt\/wp-json\/wp\/v2\/product\/55631","targetHints":{"allow":["GET"]}}],"collection":[{"href":"https:\/\/miumjau.ee\/lt\/wp-json\/wp\/v2\/product"}],"about":[{"href":"https:\/\/miumjau.ee\/lt\/wp-json\/wp\/v2\/types\/product"}],"wp:featuredmedia":[{"embeddable":true,"href":"https:\/\/miumjau.ee\/lt\/wp-json\/wp\/v2\/media\/55632"}],"wp:attachment":[{"href":"https:\/\/miumjau.ee\/lt\/wp-json\/wp\/v2\/media?parent=55631"}],"wp:term":[{"taxonomy":"product_brand","embeddable":true,"href":"https:\/\/miumjau.ee\/lt\/wp-json\/wp\/v2\/product_brand?post=55631"},{"taxonomy":"product_cat","embeddable":true,"href":"https:\/\/miumjau.ee\/lt\/wp-json\/wp\/v2\/product_cat?post=55631"},{"taxonomy":"product_tag","embeddable":true,"href":"https:\/\/miumjau.ee\/lt\/wp-json\/wp\/v2\/product_tag?post=55631"}],"curies":[{"name":"wp","href":"https:\/\/api.w.org\/{rel}","templated":true}]}}