{"id":55616,"date":"2024-12-20T10:51:32","date_gmt":"2024-12-20T08:51:32","guid":{"rendered":"https:\/\/miumjau.ee\/toode\/petrebels-xl-pakabinama-lova-sleeper-xl-48cm-cream\/"},"modified":"2024-12-20T10:51:32","modified_gmt":"2024-12-20T08:51:32","slug":"petrebels-xl-pakabinama-lova-sleeper-xl-48cm-cream","status":"publish","type":"product","link":"https:\/\/miumjau.ee\/lt\/produktas\/petrebels-xl-pakabinama-lova-sleeper-xl-48cm-cream\/","title":{"rendered":"Petrebels XL pakabinama lova Sleeper XL 48cm, cream"},"content":{"rendered":"","protected":false},"excerpt":{"rendered":"<p data-start=\"959\" data-end=\"1016\">XL pakabinama lova skirta sunkiems ir dideliems kat\u0117ms.<\/p>\n<p data-start=\"1018\" data-end=\"1396\">Ar turite didel\u012f katin\u0105 arba didel\u0117s veisl\u0117s kat\u0119? Maine Coon, Norvegijos mi\u0161ko kat\u0117 ar Ragdoll? Tada j\u016bs\u0173 augintinis turi patikimus med\u017eiag\u0173 ir patogias gul\u0117jimo vietas. M\u016bs\u0173 <strong data-start=\"1194\" data-end=\"1212\">XL Sleeper ZIP<\/strong> pakabinama lova yra ypa\u010d didel\u0117, o mink\u0161tas pamink\u0161tinimas gali i\u0161laikyti iki <strong data-start=\"1291\" data-end=\"1300\">25 kg<\/strong>. Naudokite \u0161i\u0105 puiki\u0105 kat\u0117s lov\u0105 kaip papildym\u0105 draskymo stulpui arba esam\u0173 dali\u0173 pakeitimui.<\/p>\n<p data-start=\"1398\" data-end=\"1412\"><strong data-start=\"1398\" data-end=\"1410\">Savyb\u0117s:<\/strong><\/p>\n<ul data-start=\"1413\" data-end=\"1695\" data-is-last-node=\"\" data-is-only-node=\"\">\n<li data-section-id=\"hlevuj\" data-start=\"1413\" data-end=\"1432\">\n<p data-start=\"1415\" data-end=\"1432\">Skersmuo: 48 cm<\/p>\n<\/li>\n<li data-section-id=\"62wdh1\" data-start=\"1433\" data-end=\"1491\">\n<p data-start=\"1435\" data-end=\"1491\">Idealiai tinka didel\u0117ms kat\u0117ms, bet tinka ir ma\u017eesn\u0117ms<\/p>\n<\/li>\n<li data-section-id=\"1g5cjtm\" data-start=\"1492\" data-end=\"1544\">\n<p data-start=\"1494\" data-end=\"1544\">Su u\u017etrauktuku, skalbiama skalbimo ma\u0161inoje 30\u00b0C<\/p>\n<\/li>\n<li data-section-id=\"cuimw1\" data-start=\"1545\" data-end=\"1695\" data-is-last-node=\"\">\n<p data-start=\"1547\" data-end=\"1695\" data-is-last-node=\"\">Skirta naudoti su draskymo stulpais \u00d8 12 cm, \u00d8 15 cm ir \u00d8 20 cm<br data-start=\"1610\" data-end=\"1613\" \/><strong data-start=\"1613\" data-end=\"1627\">Patarimas:<\/strong> d\u0117l metalinio r\u0117mo draskymo stulpas gali b\u016bti \u0161iek tiek nestabilus.<\/p>\n<\/li>\n<\/ul>\n","protected":false},"featured_media":55620,"template":"","meta":[],"product_brand":[],"product_cat":[521],"product_tag":[],"class_list":{"0":"post-55616","1":"product","2":"type-product","3":"status-publish","4":"has-post-thumbnail","6":"product_cat-atsargines-dalys","7":"product_shipping_class-pakiautomaati-sobimatu-lt","9":"first","10":"instock","11":"taxable","12":"shipping-taxable","13":"purchasable","14":"product-type-simple"},"yoast_head":"<!-- This site is optimized with the Yoast SEO plugin v27.4 - https:\/\/yoast.com\/product\/yoast-seo-wordpress\/ -->\n<title>Petrebels XL pakabinama lova Sleeper XL 48cm, cream - MiuMjau<\/title>\n<meta name=\"robots\" content=\"index, follow, max-snippet:-1, max-image-preview:large, max-video-preview:-1\" \/>\n<link rel=\"canonical\" href=\"https:\/\/miumjau.ee\/lt\/produktas\/petrebels-xl-pakabinama-lova-sleeper-xl-48cm-cream\/\" \/>\n<meta property=\"og:locale\" content=\"lt_LT\" \/>\n<meta property=\"og:type\" content=\"article\" \/>\n<meta property=\"og:title\" content=\"Petrebels XL pakabinama lova Sleeper XL 48cm, cream - MiuMjau\" \/>\n<meta property=\"og:description\" content=\"XL pakabinama lova skirta sunkiems ir dideliems kat\u0117ms. Ar turite didel\u012f katin\u0105 arba didel\u0117s veisl\u0117s kat\u0119? Maine Coon, Norvegijos mi\u0161ko kat\u0117 ar Ragdoll? Tada j\u016bs\u0173 augintinis turi patikimus med\u017eiag\u0173 ir patogias gul\u0117jimo vietas. M\u016bs\u0173 XL Sleeper ZIP pakabinama lova yra ypa\u010d didel\u0117, o mink\u0161tas pamink\u0161tinimas gali i\u0161laikyti iki 25 kg. Naudokite \u0161i\u0105 puiki\u0105 kat\u0117s lov\u0105 kaip papildym\u0105 draskymo stulpui arba esam\u0173 dali\u0173 pakeitimui. Savyb\u0117s:     Skersmuo: 48 cm    Idealiai tinka didel\u0117ms kat\u0117ms, bet tinka ir ma\u017eesn\u0117ms    Su u\u017etrauktuku, skalbiama skalbimo ma\u0161inoje 30\u00b0C    Skirta naudoti su draskymo stulpais \u00d8 12 cm, \u00d8 15 cm ir \u00d8 20 cmPatarimas: d\u0117l metalinio r\u0117mo draskymo stulpas gali b\u016bti \u0161iek tiek nestabilus.\" \/>\n<meta property=\"og:url\" content=\"https:\/\/miumjau.ee\/lt\/produktas\/petrebels-xl-pakabinama-lova-sleeper-xl-48cm-cream\/\" \/>\n<meta property=\"og:site_name\" content=\"MiuMjau\" \/>\n<meta property=\"article:publisher\" content=\"https:\/\/www.facebook.com\/miumjaupood\/\" \/>\n<meta property=\"og:image\" content=\"https:\/\/miumjau.ee\/wp-content\/uploads\/2024\/12\/rippkiik-petrebels-sleeper-xl-48cm13.jpg\" \/>\n\t<meta property=\"og:image:width\" content=\"600\" \/>\n\t<meta property=\"og:image:height\" content=\"800\" \/>\n\t<meta property=\"og:image:type\" content=\"image\/jpeg\" \/>\n<meta name=\"twitter:card\" content=\"summary_large_image\" \/>\n<script type=\"application\/ld+json\" class=\"yoast-schema-graph\">{\"@context\":\"https:\\\/\\\/schema.org\",\"@graph\":[{\"@type\":\"WebPage\",\"@id\":\"https:\\\/\\\/miumjau.ee\\\/lt\\\/produktas\\\/petrebels-xl-pakabinama-lova-sleeper-xl-48cm-cream\\\/\",\"url\":\"https:\\\/\\\/miumjau.ee\\\/lt\\\/produktas\\\/petrebels-xl-pakabinama-lova-sleeper-xl-48cm-cream\\\/\",\"name\":\"Petrebels XL pakabinama lova Sleeper XL 48cm, cream - MiuMjau\",\"isPartOf\":{\"@id\":\"https:\\\/\\\/miumjau.ee\\\/#website\"},\"primaryImageOfPage\":{\"@id\":\"https:\\\/\\\/miumjau.ee\\\/lt\\\/produktas\\\/petrebels-xl-pakabinama-lova-sleeper-xl-48cm-cream\\\/#primaryimage\"},\"image\":{\"@id\":\"https:\\\/\\\/miumjau.ee\\\/lt\\\/produktas\\\/petrebels-xl-pakabinama-lova-sleeper-xl-48cm-cream\\\/#primaryimage\"},\"thumbnailUrl\":\"https:\\\/\\\/miumjau.ee\\\/wp-content\\\/uploads\\\/2024\\\/12\\\/rippkiik-petrebels-sleeper-xl-48cm13.jpg\",\"datePublished\":\"2024-12-20T08:51:32+00:00\",\"breadcrumb\":{\"@id\":\"https:\\\/\\\/miumjau.ee\\\/lt\\\/produktas\\\/petrebels-xl-pakabinama-lova-sleeper-xl-48cm-cream\\\/#breadcrumb\"},\"inLanguage\":\"lt-LT\",\"potentialAction\":[{\"@type\":\"ReadAction\",\"target\":[\"https:\\\/\\\/miumjau.ee\\\/lt\\\/produktas\\\/petrebels-xl-pakabinama-lova-sleeper-xl-48cm-cream\\\/\"]}]},{\"@type\":\"ImageObject\",\"inLanguage\":\"lt-LT\",\"@id\":\"https:\\\/\\\/miumjau.ee\\\/lt\\\/produktas\\\/petrebels-xl-pakabinama-lova-sleeper-xl-48cm-cream\\\/#primaryimage\",\"url\":\"https:\\\/\\\/miumjau.ee\\\/wp-content\\\/uploads\\\/2024\\\/12\\\/rippkiik-petrebels-sleeper-xl-48cm13.jpg\",\"contentUrl\":\"https:\\\/\\\/miumjau.ee\\\/wp-content\\\/uploads\\\/2024\\\/12\\\/rippkiik-petrebels-sleeper-xl-48cm13.jpg\",\"width\":600,\"height\":800},{\"@type\":\"BreadcrumbList\",\"@id\":\"https:\\\/\\\/miumjau.ee\\\/lt\\\/produktas\\\/petrebels-xl-pakabinama-lova-sleeper-xl-48cm-cream\\\/#breadcrumb\",\"itemListElement\":[{\"@type\":\"ListItem\",\"position\":1,\"name\":\"Home\",\"item\":\"https:\\\/\\\/miumjau.ee\\\/lt\\\/\"},{\"@type\":\"ListItem\",\"position\":2,\"name\":\"Parduotuv\u0117\",\"item\":\"https:\\\/\\\/miumjau.ee\\\/lt\\\/parduotuve\\\/\"},{\"@type\":\"ListItem\",\"position\":3,\"name\":\"Petrebels XL pakabinama lova Sleeper XL 48cm, cream\"}]},{\"@type\":\"WebSite\",\"@id\":\"https:\\\/\\\/miumjau.ee\\\/#website\",\"url\":\"https:\\\/\\\/miumjau.ee\\\/\",\"name\":\"MiuMjau\",\"description\":\"Kraapimispuud kassidele\",\"publisher\":{\"@id\":\"https:\\\/\\\/miumjau.ee\\\/#organization\"},\"potentialAction\":[{\"@type\":\"SearchAction\",\"target\":{\"@type\":\"EntryPoint\",\"urlTemplate\":\"https:\\\/\\\/miumjau.ee\\\/?s={search_term_string}\"},\"query-input\":{\"@type\":\"PropertyValueSpecification\",\"valueRequired\":true,\"valueName\":\"search_term_string\"}}],\"inLanguage\":\"lt-LT\"},{\"@type\":\"Organization\",\"@id\":\"https:\\\/\\\/miumjau.ee\\\/#organization\",\"name\":\"MiuMjau O\u00dc\",\"url\":\"https:\\\/\\\/miumjau.ee\\\/\",\"logo\":{\"@type\":\"ImageObject\",\"inLanguage\":\"lt-LT\",\"@id\":\"https:\\\/\\\/miumjau.ee\\\/#\\\/schema\\\/logo\\\/image\\\/\",\"url\":\"https:\\\/\\\/miumjau.ee\\\/wp-content\\\/uploads\\\/2022\\\/04\\\/MiuMjau-logo-kollane.png\",\"contentUrl\":\"https:\\\/\\\/miumjau.ee\\\/wp-content\\\/uploads\\\/2022\\\/04\\\/MiuMjau-logo-kollane.png\",\"width\":219,\"height\":100,\"caption\":\"MiuMjau O\u00dc\"},\"image\":{\"@id\":\"https:\\\/\\\/miumjau.ee\\\/#\\\/schema\\\/logo\\\/image\\\/\"},\"sameAs\":[\"https:\\\/\\\/www.facebook.com\\\/miumjaupood\\\/\"]}]}<\/script>\n<!-- \/ Yoast SEO plugin. -->","yoast_head_json":{"title":"Petrebels XL pakabinama lova Sleeper XL 48cm, cream - MiuMjau","robots":{"index":"index","follow":"follow","max-snippet":"max-snippet:-1","max-image-preview":"max-image-preview:large","max-video-preview":"max-video-preview:-1"},"canonical":"https:\/\/miumjau.ee\/lt\/produktas\/petrebels-xl-pakabinama-lova-sleeper-xl-48cm-cream\/","og_locale":"lt_LT","og_type":"article","og_title":"Petrebels XL pakabinama lova Sleeper XL 48cm, cream - MiuMjau","og_description":"XL pakabinama lova skirta sunkiems ir dideliems kat\u0117ms. Ar turite didel\u012f katin\u0105 arba didel\u0117s veisl\u0117s kat\u0119? Maine Coon, Norvegijos mi\u0161ko kat\u0117 ar Ragdoll? Tada j\u016bs\u0173 augintinis turi patikimus med\u017eiag\u0173 ir patogias gul\u0117jimo vietas. M\u016bs\u0173 XL Sleeper ZIP pakabinama lova yra ypa\u010d didel\u0117, o mink\u0161tas pamink\u0161tinimas gali i\u0161laikyti iki 25 kg. Naudokite \u0161i\u0105 puiki\u0105 kat\u0117s lov\u0105 kaip papildym\u0105 draskymo stulpui arba esam\u0173 dali\u0173 pakeitimui. Savyb\u0117s:     Skersmuo: 48 cm    Idealiai tinka didel\u0117ms kat\u0117ms, bet tinka ir ma\u017eesn\u0117ms    Su u\u017etrauktuku, skalbiama skalbimo ma\u0161inoje 30\u00b0C    Skirta naudoti su draskymo stulpais \u00d8 12 cm, \u00d8 15 cm ir \u00d8 20 cmPatarimas: d\u0117l metalinio r\u0117mo draskymo stulpas gali b\u016bti \u0161iek tiek nestabilus.","og_url":"https:\/\/miumjau.ee\/lt\/produktas\/petrebels-xl-pakabinama-lova-sleeper-xl-48cm-cream\/","og_site_name":"MiuMjau","article_publisher":"https:\/\/www.facebook.com\/miumjaupood\/","og_image":[{"width":600,"height":800,"url":"https:\/\/miumjau.ee\/wp-content\/uploads\/2024\/12\/rippkiik-petrebels-sleeper-xl-48cm13.jpg","type":"image\/jpeg"}],"twitter_card":"summary_large_image","schema":{"@context":"https:\/\/schema.org","@graph":[{"@type":"WebPage","@id":"https:\/\/miumjau.ee\/lt\/produktas\/petrebels-xl-pakabinama-lova-sleeper-xl-48cm-cream\/","url":"https:\/\/miumjau.ee\/lt\/produktas\/petrebels-xl-pakabinama-lova-sleeper-xl-48cm-cream\/","name":"Petrebels XL pakabinama lova Sleeper XL 48cm, cream - MiuMjau","isPartOf":{"@id":"https:\/\/miumjau.ee\/#website"},"primaryImageOfPage":{"@id":"https:\/\/miumjau.ee\/lt\/produktas\/petrebels-xl-pakabinama-lova-sleeper-xl-48cm-cream\/#primaryimage"},"image":{"@id":"https:\/\/miumjau.ee\/lt\/produktas\/petrebels-xl-pakabinama-lova-sleeper-xl-48cm-cream\/#primaryimage"},"thumbnailUrl":"https:\/\/miumjau.ee\/wp-content\/uploads\/2024\/12\/rippkiik-petrebels-sleeper-xl-48cm13.jpg","datePublished":"2024-12-20T08:51:32+00:00","breadcrumb":{"@id":"https:\/\/miumjau.ee\/lt\/produktas\/petrebels-xl-pakabinama-lova-sleeper-xl-48cm-cream\/#breadcrumb"},"inLanguage":"lt-LT","potentialAction":[{"@type":"ReadAction","target":["https:\/\/miumjau.ee\/lt\/produktas\/petrebels-xl-pakabinama-lova-sleeper-xl-48cm-cream\/"]}]},{"@type":"ImageObject","inLanguage":"lt-LT","@id":"https:\/\/miumjau.ee\/lt\/produktas\/petrebels-xl-pakabinama-lova-sleeper-xl-48cm-cream\/#primaryimage","url":"https:\/\/miumjau.ee\/wp-content\/uploads\/2024\/12\/rippkiik-petrebels-sleeper-xl-48cm13.jpg","contentUrl":"https:\/\/miumjau.ee\/wp-content\/uploads\/2024\/12\/rippkiik-petrebels-sleeper-xl-48cm13.jpg","width":600,"height":800},{"@type":"BreadcrumbList","@id":"https:\/\/miumjau.ee\/lt\/produktas\/petrebels-xl-pakabinama-lova-sleeper-xl-48cm-cream\/#breadcrumb","itemListElement":[{"@type":"ListItem","position":1,"name":"Home","item":"https:\/\/miumjau.ee\/lt\/"},{"@type":"ListItem","position":2,"name":"Parduotuv\u0117","item":"https:\/\/miumjau.ee\/lt\/parduotuve\/"},{"@type":"ListItem","position":3,"name":"Petrebels XL pakabinama lova Sleeper XL 48cm, cream"}]},{"@type":"WebSite","@id":"https:\/\/miumjau.ee\/#website","url":"https:\/\/miumjau.ee\/","name":"MiuMjau","description":"Kraapimispuud kassidele","publisher":{"@id":"https:\/\/miumjau.ee\/#organization"},"potentialAction":[{"@type":"SearchAction","target":{"@type":"EntryPoint","urlTemplate":"https:\/\/miumjau.ee\/?s={search_term_string}"},"query-input":{"@type":"PropertyValueSpecification","valueRequired":true,"valueName":"search_term_string"}}],"inLanguage":"lt-LT"},{"@type":"Organization","@id":"https:\/\/miumjau.ee\/#organization","name":"MiuMjau O\u00dc","url":"https:\/\/miumjau.ee\/","logo":{"@type":"ImageObject","inLanguage":"lt-LT","@id":"https:\/\/miumjau.ee\/#\/schema\/logo\/image\/","url":"https:\/\/miumjau.ee\/wp-content\/uploads\/2022\/04\/MiuMjau-logo-kollane.png","contentUrl":"https:\/\/miumjau.ee\/wp-content\/uploads\/2022\/04\/MiuMjau-logo-kollane.png","width":219,"height":100,"caption":"MiuMjau O\u00dc"},"image":{"@id":"https:\/\/miumjau.ee\/#\/schema\/logo\/image\/"},"sameAs":["https:\/\/www.facebook.com\/miumjaupood\/"]}]}},"_links":{"self":[{"href":"https:\/\/miumjau.ee\/lt\/wp-json\/wp\/v2\/product\/55616","targetHints":{"allow":["GET"]}}],"collection":[{"href":"https:\/\/miumjau.ee\/lt\/wp-json\/wp\/v2\/product"}],"about":[{"href":"https:\/\/miumjau.ee\/lt\/wp-json\/wp\/v2\/types\/product"}],"wp:featuredmedia":[{"embeddable":true,"href":"https:\/\/miumjau.ee\/lt\/wp-json\/wp\/v2\/media\/55620"}],"wp:attachment":[{"href":"https:\/\/miumjau.ee\/lt\/wp-json\/wp\/v2\/media?parent=55616"}],"wp:term":[{"taxonomy":"product_brand","embeddable":true,"href":"https:\/\/miumjau.ee\/lt\/wp-json\/wp\/v2\/product_brand?post=55616"},{"taxonomy":"product_cat","embeddable":true,"href":"https:\/\/miumjau.ee\/lt\/wp-json\/wp\/v2\/product_cat?post=55616"},{"taxonomy":"product_tag","embeddable":true,"href":"https:\/\/miumjau.ee\/lt\/wp-json\/wp\/v2\/product_tag?post=55616"}],"curies":[{"name":"wp","href":"https:\/\/api.w.org\/{rel}","templated":true}]}}