{"id":55575,"date":"2024-12-13T20:52:37","date_gmt":"2024-12-13T18:52:37","guid":{"rendered":"https:\/\/miumjau.ee\/toode\/petrebels-zip-kvadratine-pakabinama-lova-xl-45cm-pilka\/"},"modified":"2024-12-13T20:52:37","modified_gmt":"2024-12-13T18:52:37","slug":"petrebels-zip-kvadratine-pakabinama-lova-xl-45cm-pilka","status":"publish","type":"product","link":"https:\/\/miumjau.ee\/lt\/produktas\/petrebels-zip-kvadratine-pakabinama-lova-xl-45cm-pilka\/","title":{"rendered":"Petrebels ZIP kvadratin\u0117 pakabinama lova XL 45cm, pilka"},"content":{"rendered":"","protected":false},"excerpt":{"rendered":"<p data-start=\"859\" data-end=\"1196\">M\u016bs\u0173 <strong data-start=\"864\" data-end=\"886\">Sleeper ZIP Square<\/strong> specialiai sukurtas Norvegijos mi\u0161ko kat\u0117ms, Maine Coon, Ragdoll ir kitoms didel\u0117ms ka\u010di\u0173 veisl\u0117ms. D\u0117l didelio dyd\u017eio ir pamink\u0161tinto audinio \u0161i pakabinama lova gali i\u0161laikyti iki <strong data-start=\"1068\" data-end=\"1077\">25 kg<\/strong>! \u017dinoma, \u0161i super prabangi pakabinama lova tinkama ir visiems kitiems kat\u0117ms \u2013 juk smagu kartais tiesiog i\u0161sitiesti.<\/p>\n<p data-start=\"1198\" data-end=\"1212\"><strong data-start=\"1198\" data-end=\"1210\">Savyb\u0117s:<\/strong><\/p>\n<ul data-start=\"1213\" data-end=\"1480\" data-is-last-node=\"\" data-is-only-node=\"\">\n<li data-section-id=\"1hu5xbb\" data-start=\"1213\" data-end=\"1239\">\n<p data-start=\"1215\" data-end=\"1239\">Tinka vis\u0173 tip\u0173 kat\u0117ms<\/p>\n<\/li>\n<li data-section-id=\"1xi0re8\" data-start=\"1240\" data-end=\"1264\">\n<p data-start=\"1242\" data-end=\"1264\">Matmenys: 45 x 45 cm<\/p>\n<\/li>\n<li data-section-id=\"15se2sw\" data-start=\"1265\" data-end=\"1320\">\n<p data-start=\"1267\" data-end=\"1320\">Tinka draskymo stulpams \u00d8 12 cm, \u00d8 15 cm ir \u00d8 20 cm<\/p>\n<\/li>\n<li data-section-id=\"1tvv364\" data-start=\"1321\" data-end=\"1480\" data-is-last-node=\"\">\n<p data-start=\"1323\" data-end=\"1480\" data-is-last-node=\"\">Su u\u017etrauktuku, skalbiama skalbimo ma\u0161inoje 30\u00b0C<br data-start=\"1371\" data-end=\"1374\" \/><strong data-start=\"1374\" data-end=\"1388\">Patarimas:<\/strong> atkreipkite d\u0117mes\u012f, kad d\u0117l metalinio r\u0117mo draskymo stulpas gali b\u016bti \u0161iek tiek nestabilus.<\/p>\n<\/li>\n<\/ul>\n","protected":false},"featured_media":55576,"template":"","meta":[],"product_brand":[],"product_cat":[521],"product_tag":[],"class_list":{"0":"post-55575","1":"product","2":"type-product","3":"status-publish","4":"has-post-thumbnail","6":"product_cat-atsargines-dalys","7":"product_shipping_class-pakiautomaati-sobimatu-lt","9":"first","10":"instock","11":"taxable","12":"shipping-taxable","13":"purchasable","14":"product-type-simple"},"yoast_head":"<!-- This site is optimized with the Yoast SEO plugin v27.4 - https:\/\/yoast.com\/product\/yoast-seo-wordpress\/ -->\n<title>Petrebels ZIP kvadratin\u0117 pakabinama lova XL 45cm, pilka - MiuMjau<\/title>\n<meta name=\"robots\" content=\"index, follow, max-snippet:-1, max-image-preview:large, max-video-preview:-1\" \/>\n<link rel=\"canonical\" href=\"https:\/\/miumjau.ee\/lt\/produktas\/petrebels-zip-kvadratine-pakabinama-lova-xl-45cm-pilka\/\" \/>\n<meta property=\"og:locale\" content=\"lt_LT\" \/>\n<meta property=\"og:type\" content=\"article\" \/>\n<meta property=\"og:title\" content=\"Petrebels ZIP kvadratin\u0117 pakabinama lova XL 45cm, pilka - MiuMjau\" \/>\n<meta property=\"og:description\" content=\"M\u016bs\u0173 Sleeper ZIP Square specialiai sukurtas Norvegijos mi\u0161ko kat\u0117ms, Maine Coon, Ragdoll ir kitoms didel\u0117ms ka\u010di\u0173 veisl\u0117ms. D\u0117l didelio dyd\u017eio ir pamink\u0161tinto audinio \u0161i pakabinama lova gali i\u0161laikyti iki 25 kg! \u017dinoma, \u0161i super prabangi pakabinama lova tinkama ir visiems kitiems kat\u0117ms \u2013 juk smagu kartais tiesiog i\u0161sitiesti. Savyb\u0117s:     Tinka vis\u0173 tip\u0173 kat\u0117ms    Matmenys: 45 x 45 cm    Tinka draskymo stulpams \u00d8 12 cm, \u00d8 15 cm ir \u00d8 20 cm    Su u\u017etrauktuku, skalbiama skalbimo ma\u0161inoje 30\u00b0CPatarimas: atkreipkite d\u0117mes\u012f, kad d\u0117l metalinio r\u0117mo draskymo stulpas gali b\u016bti \u0161iek tiek nestabilus.\" \/>\n<meta property=\"og:url\" content=\"https:\/\/miumjau.ee\/lt\/produktas\/petrebels-zip-kvadratine-pakabinama-lova-xl-45cm-pilka\/\" \/>\n<meta property=\"og:site_name\" content=\"MiuMjau\" \/>\n<meta property=\"article:publisher\" content=\"https:\/\/www.facebook.com\/miumjaupood\/\" \/>\n<meta property=\"og:image\" content=\"https:\/\/miumjau.ee\/wp-content\/uploads\/2024\/12\/rippkiik-petrebels-SQ-45cm-XL16.jpg\" \/>\n\t<meta property=\"og:image:width\" content=\"600\" \/>\n\t<meta property=\"og:image:height\" content=\"800\" \/>\n\t<meta property=\"og:image:type\" content=\"image\/jpeg\" \/>\n<meta name=\"twitter:card\" content=\"summary_large_image\" \/>\n<script type=\"application\/ld+json\" class=\"yoast-schema-graph\">{\"@context\":\"https:\\\/\\\/schema.org\",\"@graph\":[{\"@type\":\"WebPage\",\"@id\":\"https:\\\/\\\/miumjau.ee\\\/lt\\\/produktas\\\/petrebels-zip-kvadratine-pakabinama-lova-xl-45cm-pilka\\\/\",\"url\":\"https:\\\/\\\/miumjau.ee\\\/lt\\\/produktas\\\/petrebels-zip-kvadratine-pakabinama-lova-xl-45cm-pilka\\\/\",\"name\":\"Petrebels ZIP kvadratin\u0117 pakabinama lova XL 45cm, pilka - MiuMjau\",\"isPartOf\":{\"@id\":\"https:\\\/\\\/miumjau.ee\\\/#website\"},\"primaryImageOfPage\":{\"@id\":\"https:\\\/\\\/miumjau.ee\\\/lt\\\/produktas\\\/petrebels-zip-kvadratine-pakabinama-lova-xl-45cm-pilka\\\/#primaryimage\"},\"image\":{\"@id\":\"https:\\\/\\\/miumjau.ee\\\/lt\\\/produktas\\\/petrebels-zip-kvadratine-pakabinama-lova-xl-45cm-pilka\\\/#primaryimage\"},\"thumbnailUrl\":\"https:\\\/\\\/miumjau.ee\\\/wp-content\\\/uploads\\\/2024\\\/12\\\/rippkiik-petrebels-SQ-45cm-XL16.jpg\",\"datePublished\":\"2024-12-13T18:52:37+00:00\",\"breadcrumb\":{\"@id\":\"https:\\\/\\\/miumjau.ee\\\/lt\\\/produktas\\\/petrebels-zip-kvadratine-pakabinama-lova-xl-45cm-pilka\\\/#breadcrumb\"},\"inLanguage\":\"lt-LT\",\"potentialAction\":[{\"@type\":\"ReadAction\",\"target\":[\"https:\\\/\\\/miumjau.ee\\\/lt\\\/produktas\\\/petrebels-zip-kvadratine-pakabinama-lova-xl-45cm-pilka\\\/\"]}]},{\"@type\":\"ImageObject\",\"inLanguage\":\"lt-LT\",\"@id\":\"https:\\\/\\\/miumjau.ee\\\/lt\\\/produktas\\\/petrebels-zip-kvadratine-pakabinama-lova-xl-45cm-pilka\\\/#primaryimage\",\"url\":\"https:\\\/\\\/miumjau.ee\\\/wp-content\\\/uploads\\\/2024\\\/12\\\/rippkiik-petrebels-SQ-45cm-XL16.jpg\",\"contentUrl\":\"https:\\\/\\\/miumjau.ee\\\/wp-content\\\/uploads\\\/2024\\\/12\\\/rippkiik-petrebels-SQ-45cm-XL16.jpg\",\"width\":600,\"height\":800},{\"@type\":\"BreadcrumbList\",\"@id\":\"https:\\\/\\\/miumjau.ee\\\/lt\\\/produktas\\\/petrebels-zip-kvadratine-pakabinama-lova-xl-45cm-pilka\\\/#breadcrumb\",\"itemListElement\":[{\"@type\":\"ListItem\",\"position\":1,\"name\":\"Home\",\"item\":\"https:\\\/\\\/miumjau.ee\\\/lt\\\/\"},{\"@type\":\"ListItem\",\"position\":2,\"name\":\"Parduotuv\u0117\",\"item\":\"https:\\\/\\\/miumjau.ee\\\/lt\\\/parduotuve\\\/\"},{\"@type\":\"ListItem\",\"position\":3,\"name\":\"Petrebels ZIP kvadratin\u0117 pakabinama lova XL 45cm, pilka\"}]},{\"@type\":\"WebSite\",\"@id\":\"https:\\\/\\\/miumjau.ee\\\/#website\",\"url\":\"https:\\\/\\\/miumjau.ee\\\/\",\"name\":\"MiuMjau\",\"description\":\"Kraapimispuud kassidele\",\"publisher\":{\"@id\":\"https:\\\/\\\/miumjau.ee\\\/#organization\"},\"potentialAction\":[{\"@type\":\"SearchAction\",\"target\":{\"@type\":\"EntryPoint\",\"urlTemplate\":\"https:\\\/\\\/miumjau.ee\\\/?s={search_term_string}\"},\"query-input\":{\"@type\":\"PropertyValueSpecification\",\"valueRequired\":true,\"valueName\":\"search_term_string\"}}],\"inLanguage\":\"lt-LT\"},{\"@type\":\"Organization\",\"@id\":\"https:\\\/\\\/miumjau.ee\\\/#organization\",\"name\":\"MiuMjau O\u00dc\",\"url\":\"https:\\\/\\\/miumjau.ee\\\/\",\"logo\":{\"@type\":\"ImageObject\",\"inLanguage\":\"lt-LT\",\"@id\":\"https:\\\/\\\/miumjau.ee\\\/#\\\/schema\\\/logo\\\/image\\\/\",\"url\":\"https:\\\/\\\/miumjau.ee\\\/wp-content\\\/uploads\\\/2022\\\/04\\\/MiuMjau-logo-kollane.png\",\"contentUrl\":\"https:\\\/\\\/miumjau.ee\\\/wp-content\\\/uploads\\\/2022\\\/04\\\/MiuMjau-logo-kollane.png\",\"width\":219,\"height\":100,\"caption\":\"MiuMjau O\u00dc\"},\"image\":{\"@id\":\"https:\\\/\\\/miumjau.ee\\\/#\\\/schema\\\/logo\\\/image\\\/\"},\"sameAs\":[\"https:\\\/\\\/www.facebook.com\\\/miumjaupood\\\/\"]}]}<\/script>\n<!-- \/ Yoast SEO plugin. -->","yoast_head_json":{"title":"Petrebels ZIP kvadratin\u0117 pakabinama lova XL 45cm, pilka - MiuMjau","robots":{"index":"index","follow":"follow","max-snippet":"max-snippet:-1","max-image-preview":"max-image-preview:large","max-video-preview":"max-video-preview:-1"},"canonical":"https:\/\/miumjau.ee\/lt\/produktas\/petrebels-zip-kvadratine-pakabinama-lova-xl-45cm-pilka\/","og_locale":"lt_LT","og_type":"article","og_title":"Petrebels ZIP kvadratin\u0117 pakabinama lova XL 45cm, pilka - MiuMjau","og_description":"M\u016bs\u0173 Sleeper ZIP Square specialiai sukurtas Norvegijos mi\u0161ko kat\u0117ms, Maine Coon, Ragdoll ir kitoms didel\u0117ms ka\u010di\u0173 veisl\u0117ms. D\u0117l didelio dyd\u017eio ir pamink\u0161tinto audinio \u0161i pakabinama lova gali i\u0161laikyti iki 25 kg! \u017dinoma, \u0161i super prabangi pakabinama lova tinkama ir visiems kitiems kat\u0117ms \u2013 juk smagu kartais tiesiog i\u0161sitiesti. Savyb\u0117s:     Tinka vis\u0173 tip\u0173 kat\u0117ms    Matmenys: 45 x 45 cm    Tinka draskymo stulpams \u00d8 12 cm, \u00d8 15 cm ir \u00d8 20 cm    Su u\u017etrauktuku, skalbiama skalbimo ma\u0161inoje 30\u00b0CPatarimas: atkreipkite d\u0117mes\u012f, kad d\u0117l metalinio r\u0117mo draskymo stulpas gali b\u016bti \u0161iek tiek nestabilus.","og_url":"https:\/\/miumjau.ee\/lt\/produktas\/petrebels-zip-kvadratine-pakabinama-lova-xl-45cm-pilka\/","og_site_name":"MiuMjau","article_publisher":"https:\/\/www.facebook.com\/miumjaupood\/","og_image":[{"width":600,"height":800,"url":"https:\/\/miumjau.ee\/wp-content\/uploads\/2024\/12\/rippkiik-petrebels-SQ-45cm-XL16.jpg","type":"image\/jpeg"}],"twitter_card":"summary_large_image","schema":{"@context":"https:\/\/schema.org","@graph":[{"@type":"WebPage","@id":"https:\/\/miumjau.ee\/lt\/produktas\/petrebels-zip-kvadratine-pakabinama-lova-xl-45cm-pilka\/","url":"https:\/\/miumjau.ee\/lt\/produktas\/petrebels-zip-kvadratine-pakabinama-lova-xl-45cm-pilka\/","name":"Petrebels ZIP kvadratin\u0117 pakabinama lova XL 45cm, pilka - MiuMjau","isPartOf":{"@id":"https:\/\/miumjau.ee\/#website"},"primaryImageOfPage":{"@id":"https:\/\/miumjau.ee\/lt\/produktas\/petrebels-zip-kvadratine-pakabinama-lova-xl-45cm-pilka\/#primaryimage"},"image":{"@id":"https:\/\/miumjau.ee\/lt\/produktas\/petrebels-zip-kvadratine-pakabinama-lova-xl-45cm-pilka\/#primaryimage"},"thumbnailUrl":"https:\/\/miumjau.ee\/wp-content\/uploads\/2024\/12\/rippkiik-petrebels-SQ-45cm-XL16.jpg","datePublished":"2024-12-13T18:52:37+00:00","breadcrumb":{"@id":"https:\/\/miumjau.ee\/lt\/produktas\/petrebels-zip-kvadratine-pakabinama-lova-xl-45cm-pilka\/#breadcrumb"},"inLanguage":"lt-LT","potentialAction":[{"@type":"ReadAction","target":["https:\/\/miumjau.ee\/lt\/produktas\/petrebels-zip-kvadratine-pakabinama-lova-xl-45cm-pilka\/"]}]},{"@type":"ImageObject","inLanguage":"lt-LT","@id":"https:\/\/miumjau.ee\/lt\/produktas\/petrebels-zip-kvadratine-pakabinama-lova-xl-45cm-pilka\/#primaryimage","url":"https:\/\/miumjau.ee\/wp-content\/uploads\/2024\/12\/rippkiik-petrebels-SQ-45cm-XL16.jpg","contentUrl":"https:\/\/miumjau.ee\/wp-content\/uploads\/2024\/12\/rippkiik-petrebels-SQ-45cm-XL16.jpg","width":600,"height":800},{"@type":"BreadcrumbList","@id":"https:\/\/miumjau.ee\/lt\/produktas\/petrebels-zip-kvadratine-pakabinama-lova-xl-45cm-pilka\/#breadcrumb","itemListElement":[{"@type":"ListItem","position":1,"name":"Home","item":"https:\/\/miumjau.ee\/lt\/"},{"@type":"ListItem","position":2,"name":"Parduotuv\u0117","item":"https:\/\/miumjau.ee\/lt\/parduotuve\/"},{"@type":"ListItem","position":3,"name":"Petrebels ZIP kvadratin\u0117 pakabinama lova XL 45cm, pilka"}]},{"@type":"WebSite","@id":"https:\/\/miumjau.ee\/#website","url":"https:\/\/miumjau.ee\/","name":"MiuMjau","description":"Kraapimispuud kassidele","publisher":{"@id":"https:\/\/miumjau.ee\/#organization"},"potentialAction":[{"@type":"SearchAction","target":{"@type":"EntryPoint","urlTemplate":"https:\/\/miumjau.ee\/?s={search_term_string}"},"query-input":{"@type":"PropertyValueSpecification","valueRequired":true,"valueName":"search_term_string"}}],"inLanguage":"lt-LT"},{"@type":"Organization","@id":"https:\/\/miumjau.ee\/#organization","name":"MiuMjau O\u00dc","url":"https:\/\/miumjau.ee\/","logo":{"@type":"ImageObject","inLanguage":"lt-LT","@id":"https:\/\/miumjau.ee\/#\/schema\/logo\/image\/","url":"https:\/\/miumjau.ee\/wp-content\/uploads\/2022\/04\/MiuMjau-logo-kollane.png","contentUrl":"https:\/\/miumjau.ee\/wp-content\/uploads\/2022\/04\/MiuMjau-logo-kollane.png","width":219,"height":100,"caption":"MiuMjau O\u00dc"},"image":{"@id":"https:\/\/miumjau.ee\/#\/schema\/logo\/image\/"},"sameAs":["https:\/\/www.facebook.com\/miumjaupood\/"]}]}},"_links":{"self":[{"href":"https:\/\/miumjau.ee\/lt\/wp-json\/wp\/v2\/product\/55575","targetHints":{"allow":["GET"]}}],"collection":[{"href":"https:\/\/miumjau.ee\/lt\/wp-json\/wp\/v2\/product"}],"about":[{"href":"https:\/\/miumjau.ee\/lt\/wp-json\/wp\/v2\/types\/product"}],"wp:featuredmedia":[{"embeddable":true,"href":"https:\/\/miumjau.ee\/lt\/wp-json\/wp\/v2\/media\/55576"}],"wp:attachment":[{"href":"https:\/\/miumjau.ee\/lt\/wp-json\/wp\/v2\/media?parent=55575"}],"wp:term":[{"taxonomy":"product_brand","embeddable":true,"href":"https:\/\/miumjau.ee\/lt\/wp-json\/wp\/v2\/product_brand?post=55575"},{"taxonomy":"product_cat","embeddable":true,"href":"https:\/\/miumjau.ee\/lt\/wp-json\/wp\/v2\/product_cat?post=55575"},{"taxonomy":"product_tag","embeddable":true,"href":"https:\/\/miumjau.ee\/lt\/wp-json\/wp\/v2\/product_tag?post=55575"}],"curies":[{"name":"wp","href":"https:\/\/api.w.org\/{rel}","templated":true}]}}