{"id":55515,"date":"2024-12-03T11:08:47","date_gmt":"2024-12-03T09:08:47","guid":{"rendered":"https:\/\/miumjau.ee\/toode\/aatas-cat-kreminiai-konservai-katems-su-vistiena-ir-krabu-24-x-80g\/"},"modified":"2024-12-03T11:08:47","modified_gmt":"2024-12-03T09:08:47","slug":"aatas-cat-kreminiai-konservai-katems-su-vistiena-ir-krabu-24-x-80g","status":"publish","type":"product","link":"https:\/\/miumjau.ee\/lt\/produktas\/aatas-cat-kreminiai-konservai-katems-su-vistiena-ir-krabu-24-x-80g\/","title":{"rendered":"Aatas Cat kreminiai konservai kat\u0117ms su vi\u0161tiena ir krabu 24 x 80g"},"content":{"rendered":"","protected":false},"excerpt":{"rendered":"<p data-start=\"1061\" data-end=\"1231\">Aatas Cat Creamy Chicken Crab konservai kat\u0117ms 80 g su vi\u0161tiena ir krabu. Skani ir pilnavert\u0117 dr\u0117gna kat\u0117s maistas. Puikus pasirinkimas j\u016bs\u0173 augintinio sveikai mitybai.<\/p>\n<p data-start=\"1233\" data-end=\"1248\"><strong data-start=\"1233\" data-end=\"1246\">Ypatyb\u0117s:<\/strong><\/p>\n<ul data-start=\"1249\" data-end=\"1424\">\n<li data-section-id=\"1yivb9i\" data-start=\"1249\" data-end=\"1266\">\n<p data-start=\"1251\" data-end=\"1266\">Nat\u016brali m\u0117sa<\/p>\n<\/li>\n<li data-section-id=\"1kvevsc\" data-start=\"1267\" data-end=\"1303\">\n<p data-start=\"1269\" data-end=\"1303\">Ma\u017eas riebal\u0173 ir kalorij\u0173 kiekis<\/p>\n<\/li>\n<li data-section-id=\"zaoew0\" data-start=\"1304\" data-end=\"1341\">\n<p data-start=\"1306\" data-end=\"1341\">Patinka net i\u0161rankiausioms kat\u0117ms<\/p>\n<\/li>\n<li data-section-id=\"1miobcr\" data-start=\"1342\" data-end=\"1394\">\n<p data-start=\"1344\" data-end=\"1394\">Be gr\u016bd\u0173, GMO, dirbtini\u0173 da\u017eikli\u0173 ar konservant\u0173<\/p>\n<\/li>\n<li data-section-id=\"6tcx77\" data-start=\"1395\" data-end=\"1424\">\n<p data-start=\"1397\" data-end=\"1424\">Nat\u016bralu \u2013 sveika \u2013 skanu<\/p>\n<\/li>\n<\/ul>\n<p data-start=\"1426\" data-end=\"1492\"><strong data-start=\"1426\" data-end=\"1438\">Sud\u0117tis:<\/strong><br data-start=\"1438\" data-end=\"1441\" \/>Vi\u0161tienos sultinys, vi\u0161tiena, krabas, tir\u0161tikliai<\/p>\n<p data-start=\"1494\" data-end=\"1518\"><strong data-start=\"1494\" data-end=\"1516\">Analitin\u0117 sud\u0117tis:<\/strong><\/p>\n<ul data-start=\"1519\" data-end=\"1636\">\n<li data-section-id=\"1tbfcfs\" data-start=\"1519\" data-end=\"1543\">\n<p data-start=\"1521\" data-end=\"1543\">Baltymai (min) 11,5%<\/p>\n<\/li>\n<li data-section-id=\"2bzbjp\" data-start=\"1544\" data-end=\"1567\">\n<p data-start=\"1546\" data-end=\"1567\">Riebalai (min) 0,6%<\/p>\n<\/li>\n<li data-section-id=\"190ioyv\" data-start=\"1568\" data-end=\"1592\">\n<p data-start=\"1570\" data-end=\"1592\">Skaidulos (max) 0,2%<\/p>\n<\/li>\n<li data-section-id=\"sogwb\" data-start=\"1593\" data-end=\"1613\">\n<p data-start=\"1595\" data-end=\"1613\">Dr\u0117gm\u0117 (max) 87%<\/p>\n<\/li>\n<li data-section-id=\"1vbc2cq\" data-start=\"1614\" data-end=\"1636\">\n<p data-start=\"1616\" data-end=\"1636\">Pelenai (max) 0,4%<\/p>\n<\/li>\n<\/ul>\n<p data-start=\"1638\" data-end=\"1690\"><strong data-start=\"1638\" data-end=\"1657\">Energin\u0117 vert\u0117:<\/strong> 500 kcal\/kg, 40 kcal\/konservas<\/p>\n<p data-start=\"1692\" data-end=\"1858\" data-is-last-node=\"\" data-is-only-node=\"\"><strong data-start=\"1692\" data-end=\"1716\">\u0160\u0117rimo instrukcijos:<\/strong><br data-start=\"1716\" data-end=\"1719\" \/>Neatidarytus Aatas Cat Creamy Chicken Crab konservus laikyti kambario temperat\u016broje. Nesaldyti. Likusi\u0105 dal\u012f laikyti \u0161aldytuve. Tik kat\u0117ms.<\/p>\n","protected":false},"featured_media":55516,"template":"","meta":[],"product_brand":[],"product_cat":[526],"product_tag":[],"class_list":{"0":"post-55515","1":"product","2":"type-product","3":"status-publish","4":"has-post-thumbnail","6":"product_cat-slapias-maistas","8":"first","9":"instock","10":"taxable","11":"shipping-taxable","12":"purchasable","13":"product-type-simple"},"yoast_head":"<!-- This site is optimized with the Yoast SEO plugin v27.4 - https:\/\/yoast.com\/product\/yoast-seo-wordpress\/ -->\n<title>Aatas Cat kreminiai konservai kat\u0117ms su vi\u0161tiena ir krabu 24 x 80g - MiuMjau<\/title>\n<meta name=\"robots\" content=\"index, follow, max-snippet:-1, max-image-preview:large, max-video-preview:-1\" \/>\n<link rel=\"canonical\" href=\"https:\/\/miumjau.ee\/lt\/produktas\/aatas-cat-kreminiai-konservai-katems-su-vistiena-ir-krabu-24-x-80g\/\" \/>\n<meta property=\"og:locale\" content=\"lt_LT\" \/>\n<meta property=\"og:type\" content=\"article\" \/>\n<meta property=\"og:title\" content=\"Aatas Cat kreminiai konservai kat\u0117ms su vi\u0161tiena ir krabu 24 x 80g - MiuMjau\" \/>\n<meta property=\"og:description\" content=\"Aatas Cat Creamy Chicken Crab konservai kat\u0117ms 80 g su vi\u0161tiena ir krabu. Skani ir pilnavert\u0117 dr\u0117gna kat\u0117s maistas. Puikus pasirinkimas j\u016bs\u0173 augintinio sveikai mitybai. Ypatyb\u0117s:     Nat\u016brali m\u0117sa    Ma\u017eas riebal\u0173 ir kalorij\u0173 kiekis    Patinka net i\u0161rankiausioms kat\u0117ms    Be gr\u016bd\u0173, GMO, dirbtini\u0173 da\u017eikli\u0173 ar konservant\u0173    Nat\u016bralu \u2013 sveika \u2013 skanu   Sud\u0117tis:Vi\u0161tienos sultinys, vi\u0161tiena, krabas, tir\u0161tikliai Analitin\u0117 sud\u0117tis:     Baltymai (min) 11,5%    Riebalai (min) 0,6%    Skaidulos (max) 0,2%    Dr\u0117gm\u0117 (max) 87%    Pelenai (max) 0,4%   Energin\u0117 vert\u0117: 500 kcal\/kg, 40 kcal\/konservas \u0160\u0117rimo instrukcijos:Neatidarytus Aatas Cat Creamy Chicken Crab konservus laikyti kambario temperat\u016broje. Nesaldyti. Likusi\u0105 dal\u012f laikyti \u0161aldytuve. Tik kat\u0117ms.\" \/>\n<meta property=\"og:url\" content=\"https:\/\/miumjau.ee\/lt\/produktas\/aatas-cat-kreminiai-konservai-katems-su-vistiena-ir-krabu-24-x-80g\/\" \/>\n<meta property=\"og:site_name\" content=\"MiuMjau\" \/>\n<meta property=\"article:publisher\" content=\"https:\/\/www.facebook.com\/miumjaupood\/\" \/>\n<meta property=\"og:image\" content=\"https:\/\/miumjau.ee\/wp-content\/uploads\/2024\/11\/aatas-cat-creamy-chicken-amp-crab-konserv-kassidele-Photoroom.jpg\" \/>\n\t<meta property=\"og:image:width\" content=\"600\" \/>\n\t<meta property=\"og:image:height\" content=\"800\" \/>\n\t<meta property=\"og:image:type\" content=\"image\/jpeg\" \/>\n<meta name=\"twitter:card\" content=\"summary_large_image\" \/>\n<script type=\"application\/ld+json\" class=\"yoast-schema-graph\">{\"@context\":\"https:\\\/\\\/schema.org\",\"@graph\":[{\"@type\":\"WebPage\",\"@id\":\"https:\\\/\\\/miumjau.ee\\\/lt\\\/produktas\\\/aatas-cat-kreminiai-konservai-katems-su-vistiena-ir-krabu-24-x-80g\\\/\",\"url\":\"https:\\\/\\\/miumjau.ee\\\/lt\\\/produktas\\\/aatas-cat-kreminiai-konservai-katems-su-vistiena-ir-krabu-24-x-80g\\\/\",\"name\":\"Aatas Cat kreminiai konservai kat\u0117ms su vi\u0161tiena ir krabu 24 x 80g - MiuMjau\",\"isPartOf\":{\"@id\":\"https:\\\/\\\/miumjau.ee\\\/#website\"},\"primaryImageOfPage\":{\"@id\":\"https:\\\/\\\/miumjau.ee\\\/lt\\\/produktas\\\/aatas-cat-kreminiai-konservai-katems-su-vistiena-ir-krabu-24-x-80g\\\/#primaryimage\"},\"image\":{\"@id\":\"https:\\\/\\\/miumjau.ee\\\/lt\\\/produktas\\\/aatas-cat-kreminiai-konservai-katems-su-vistiena-ir-krabu-24-x-80g\\\/#primaryimage\"},\"thumbnailUrl\":\"https:\\\/\\\/miumjau.ee\\\/wp-content\\\/uploads\\\/2024\\\/11\\\/aatas-cat-creamy-chicken-amp-crab-konserv-kassidele-Photoroom.jpg\",\"datePublished\":\"2024-12-03T09:08:47+00:00\",\"breadcrumb\":{\"@id\":\"https:\\\/\\\/miumjau.ee\\\/lt\\\/produktas\\\/aatas-cat-kreminiai-konservai-katems-su-vistiena-ir-krabu-24-x-80g\\\/#breadcrumb\"},\"inLanguage\":\"lt-LT\",\"potentialAction\":[{\"@type\":\"ReadAction\",\"target\":[\"https:\\\/\\\/miumjau.ee\\\/lt\\\/produktas\\\/aatas-cat-kreminiai-konservai-katems-su-vistiena-ir-krabu-24-x-80g\\\/\"]}]},{\"@type\":\"ImageObject\",\"inLanguage\":\"lt-LT\",\"@id\":\"https:\\\/\\\/miumjau.ee\\\/lt\\\/produktas\\\/aatas-cat-kreminiai-konservai-katems-su-vistiena-ir-krabu-24-x-80g\\\/#primaryimage\",\"url\":\"https:\\\/\\\/miumjau.ee\\\/wp-content\\\/uploads\\\/2024\\\/11\\\/aatas-cat-creamy-chicken-amp-crab-konserv-kassidele-Photoroom.jpg\",\"contentUrl\":\"https:\\\/\\\/miumjau.ee\\\/wp-content\\\/uploads\\\/2024\\\/11\\\/aatas-cat-creamy-chicken-amp-crab-konserv-kassidele-Photoroom.jpg\",\"width\":600,\"height\":800},{\"@type\":\"BreadcrumbList\",\"@id\":\"https:\\\/\\\/miumjau.ee\\\/lt\\\/produktas\\\/aatas-cat-kreminiai-konservai-katems-su-vistiena-ir-krabu-24-x-80g\\\/#breadcrumb\",\"itemListElement\":[{\"@type\":\"ListItem\",\"position\":1,\"name\":\"Home\",\"item\":\"https:\\\/\\\/miumjau.ee\\\/lt\\\/\"},{\"@type\":\"ListItem\",\"position\":2,\"name\":\"Parduotuv\u0117\",\"item\":\"https:\\\/\\\/miumjau.ee\\\/lt\\\/parduotuve\\\/\"},{\"@type\":\"ListItem\",\"position\":3,\"name\":\"Aatas Cat kreminiai konservai kat\u0117ms su vi\u0161tiena ir krabu 24 x 80g\"}]},{\"@type\":\"WebSite\",\"@id\":\"https:\\\/\\\/miumjau.ee\\\/#website\",\"url\":\"https:\\\/\\\/miumjau.ee\\\/\",\"name\":\"MiuMjau\",\"description\":\"Kraapimispuud kassidele\",\"publisher\":{\"@id\":\"https:\\\/\\\/miumjau.ee\\\/#organization\"},\"potentialAction\":[{\"@type\":\"SearchAction\",\"target\":{\"@type\":\"EntryPoint\",\"urlTemplate\":\"https:\\\/\\\/miumjau.ee\\\/?s={search_term_string}\"},\"query-input\":{\"@type\":\"PropertyValueSpecification\",\"valueRequired\":true,\"valueName\":\"search_term_string\"}}],\"inLanguage\":\"lt-LT\"},{\"@type\":\"Organization\",\"@id\":\"https:\\\/\\\/miumjau.ee\\\/#organization\",\"name\":\"MiuMjau O\u00dc\",\"url\":\"https:\\\/\\\/miumjau.ee\\\/\",\"logo\":{\"@type\":\"ImageObject\",\"inLanguage\":\"lt-LT\",\"@id\":\"https:\\\/\\\/miumjau.ee\\\/#\\\/schema\\\/logo\\\/image\\\/\",\"url\":\"https:\\\/\\\/miumjau.ee\\\/wp-content\\\/uploads\\\/2022\\\/04\\\/MiuMjau-logo-kollane.png\",\"contentUrl\":\"https:\\\/\\\/miumjau.ee\\\/wp-content\\\/uploads\\\/2022\\\/04\\\/MiuMjau-logo-kollane.png\",\"width\":219,\"height\":100,\"caption\":\"MiuMjau O\u00dc\"},\"image\":{\"@id\":\"https:\\\/\\\/miumjau.ee\\\/#\\\/schema\\\/logo\\\/image\\\/\"},\"sameAs\":[\"https:\\\/\\\/www.facebook.com\\\/miumjaupood\\\/\"]}]}<\/script>\n<!-- \/ Yoast SEO plugin. -->","yoast_head_json":{"title":"Aatas Cat kreminiai konservai kat\u0117ms su vi\u0161tiena ir krabu 24 x 80g - MiuMjau","robots":{"index":"index","follow":"follow","max-snippet":"max-snippet:-1","max-image-preview":"max-image-preview:large","max-video-preview":"max-video-preview:-1"},"canonical":"https:\/\/miumjau.ee\/lt\/produktas\/aatas-cat-kreminiai-konservai-katems-su-vistiena-ir-krabu-24-x-80g\/","og_locale":"lt_LT","og_type":"article","og_title":"Aatas Cat kreminiai konservai kat\u0117ms su vi\u0161tiena ir krabu 24 x 80g - MiuMjau","og_description":"Aatas Cat Creamy Chicken Crab konservai kat\u0117ms 80 g su vi\u0161tiena ir krabu. Skani ir pilnavert\u0117 dr\u0117gna kat\u0117s maistas. Puikus pasirinkimas j\u016bs\u0173 augintinio sveikai mitybai. Ypatyb\u0117s:     Nat\u016brali m\u0117sa    Ma\u017eas riebal\u0173 ir kalorij\u0173 kiekis    Patinka net i\u0161rankiausioms kat\u0117ms    Be gr\u016bd\u0173, GMO, dirbtini\u0173 da\u017eikli\u0173 ar konservant\u0173    Nat\u016bralu \u2013 sveika \u2013 skanu   Sud\u0117tis:Vi\u0161tienos sultinys, vi\u0161tiena, krabas, tir\u0161tikliai Analitin\u0117 sud\u0117tis:     Baltymai (min) 11,5%    Riebalai (min) 0,6%    Skaidulos (max) 0,2%    Dr\u0117gm\u0117 (max) 87%    Pelenai (max) 0,4%   Energin\u0117 vert\u0117: 500 kcal\/kg, 40 kcal\/konservas \u0160\u0117rimo instrukcijos:Neatidarytus Aatas Cat Creamy Chicken Crab konservus laikyti kambario temperat\u016broje. Nesaldyti. Likusi\u0105 dal\u012f laikyti \u0161aldytuve. Tik kat\u0117ms.","og_url":"https:\/\/miumjau.ee\/lt\/produktas\/aatas-cat-kreminiai-konservai-katems-su-vistiena-ir-krabu-24-x-80g\/","og_site_name":"MiuMjau","article_publisher":"https:\/\/www.facebook.com\/miumjaupood\/","og_image":[{"width":600,"height":800,"url":"https:\/\/miumjau.ee\/wp-content\/uploads\/2024\/11\/aatas-cat-creamy-chicken-amp-crab-konserv-kassidele-Photoroom.jpg","type":"image\/jpeg"}],"twitter_card":"summary_large_image","schema":{"@context":"https:\/\/schema.org","@graph":[{"@type":"WebPage","@id":"https:\/\/miumjau.ee\/lt\/produktas\/aatas-cat-kreminiai-konservai-katems-su-vistiena-ir-krabu-24-x-80g\/","url":"https:\/\/miumjau.ee\/lt\/produktas\/aatas-cat-kreminiai-konservai-katems-su-vistiena-ir-krabu-24-x-80g\/","name":"Aatas Cat kreminiai konservai kat\u0117ms su vi\u0161tiena ir krabu 24 x 80g - MiuMjau","isPartOf":{"@id":"https:\/\/miumjau.ee\/#website"},"primaryImageOfPage":{"@id":"https:\/\/miumjau.ee\/lt\/produktas\/aatas-cat-kreminiai-konservai-katems-su-vistiena-ir-krabu-24-x-80g\/#primaryimage"},"image":{"@id":"https:\/\/miumjau.ee\/lt\/produktas\/aatas-cat-kreminiai-konservai-katems-su-vistiena-ir-krabu-24-x-80g\/#primaryimage"},"thumbnailUrl":"https:\/\/miumjau.ee\/wp-content\/uploads\/2024\/11\/aatas-cat-creamy-chicken-amp-crab-konserv-kassidele-Photoroom.jpg","datePublished":"2024-12-03T09:08:47+00:00","breadcrumb":{"@id":"https:\/\/miumjau.ee\/lt\/produktas\/aatas-cat-kreminiai-konservai-katems-su-vistiena-ir-krabu-24-x-80g\/#breadcrumb"},"inLanguage":"lt-LT","potentialAction":[{"@type":"ReadAction","target":["https:\/\/miumjau.ee\/lt\/produktas\/aatas-cat-kreminiai-konservai-katems-su-vistiena-ir-krabu-24-x-80g\/"]}]},{"@type":"ImageObject","inLanguage":"lt-LT","@id":"https:\/\/miumjau.ee\/lt\/produktas\/aatas-cat-kreminiai-konservai-katems-su-vistiena-ir-krabu-24-x-80g\/#primaryimage","url":"https:\/\/miumjau.ee\/wp-content\/uploads\/2024\/11\/aatas-cat-creamy-chicken-amp-crab-konserv-kassidele-Photoroom.jpg","contentUrl":"https:\/\/miumjau.ee\/wp-content\/uploads\/2024\/11\/aatas-cat-creamy-chicken-amp-crab-konserv-kassidele-Photoroom.jpg","width":600,"height":800},{"@type":"BreadcrumbList","@id":"https:\/\/miumjau.ee\/lt\/produktas\/aatas-cat-kreminiai-konservai-katems-su-vistiena-ir-krabu-24-x-80g\/#breadcrumb","itemListElement":[{"@type":"ListItem","position":1,"name":"Home","item":"https:\/\/miumjau.ee\/lt\/"},{"@type":"ListItem","position":2,"name":"Parduotuv\u0117","item":"https:\/\/miumjau.ee\/lt\/parduotuve\/"},{"@type":"ListItem","position":3,"name":"Aatas Cat kreminiai konservai kat\u0117ms su vi\u0161tiena ir krabu 24 x 80g"}]},{"@type":"WebSite","@id":"https:\/\/miumjau.ee\/#website","url":"https:\/\/miumjau.ee\/","name":"MiuMjau","description":"Kraapimispuud kassidele","publisher":{"@id":"https:\/\/miumjau.ee\/#organization"},"potentialAction":[{"@type":"SearchAction","target":{"@type":"EntryPoint","urlTemplate":"https:\/\/miumjau.ee\/?s={search_term_string}"},"query-input":{"@type":"PropertyValueSpecification","valueRequired":true,"valueName":"search_term_string"}}],"inLanguage":"lt-LT"},{"@type":"Organization","@id":"https:\/\/miumjau.ee\/#organization","name":"MiuMjau O\u00dc","url":"https:\/\/miumjau.ee\/","logo":{"@type":"ImageObject","inLanguage":"lt-LT","@id":"https:\/\/miumjau.ee\/#\/schema\/logo\/image\/","url":"https:\/\/miumjau.ee\/wp-content\/uploads\/2022\/04\/MiuMjau-logo-kollane.png","contentUrl":"https:\/\/miumjau.ee\/wp-content\/uploads\/2022\/04\/MiuMjau-logo-kollane.png","width":219,"height":100,"caption":"MiuMjau O\u00dc"},"image":{"@id":"https:\/\/miumjau.ee\/#\/schema\/logo\/image\/"},"sameAs":["https:\/\/www.facebook.com\/miumjaupood\/"]}]}},"_links":{"self":[{"href":"https:\/\/miumjau.ee\/lt\/wp-json\/wp\/v2\/product\/55515","targetHints":{"allow":["GET"]}}],"collection":[{"href":"https:\/\/miumjau.ee\/lt\/wp-json\/wp\/v2\/product"}],"about":[{"href":"https:\/\/miumjau.ee\/lt\/wp-json\/wp\/v2\/types\/product"}],"wp:featuredmedia":[{"embeddable":true,"href":"https:\/\/miumjau.ee\/lt\/wp-json\/wp\/v2\/media\/55516"}],"wp:attachment":[{"href":"https:\/\/miumjau.ee\/lt\/wp-json\/wp\/v2\/media?parent=55515"}],"wp:term":[{"taxonomy":"product_brand","embeddable":true,"href":"https:\/\/miumjau.ee\/lt\/wp-json\/wp\/v2\/product_brand?post=55515"},{"taxonomy":"product_cat","embeddable":true,"href":"https:\/\/miumjau.ee\/lt\/wp-json\/wp\/v2\/product_cat?post=55515"},{"taxonomy":"product_tag","embeddable":true,"href":"https:\/\/miumjau.ee\/lt\/wp-json\/wp\/v2\/product_tag?post=55515"}],"curies":[{"name":"wp","href":"https:\/\/api.w.org\/{rel}","templated":true}]}}