{"id":55509,"date":"2025-01-11T14:51:12","date_gmt":"2025-01-11T12:51:12","guid":{"rendered":"https:\/\/miumjau.ee\/toode\/applaws-kaciu-konservu-rinkinys-su-vistiena-12x70g\/"},"modified":"2025-01-11T14:51:12","modified_gmt":"2025-01-11T12:51:12","slug":"applaws-kaciu-konservu-rinkinys-su-vistiena-12x70g","status":"publish","type":"product","link":"https:\/\/miumjau.ee\/lt\/produktas\/applaws-kaciu-konservu-rinkinys-su-vistiena-12x70g\/","title":{"rendered":"Applaws ka\u010di\u0173 konserv\u0173 rinkinys su vi\u0161tiena 12x70g"},"content":{"rendered":"","protected":false},"excerpt":{"rendered":"<p data-start=\"1270\" data-end=\"1361\">Applaws Chicken Collection multipaketas. Nat\u016bralus papildomas maistas suaugusioms kat\u0117ms.<\/p>\n<p data-start=\"1363\" data-end=\"1394\">Rinkinyje 12 x 70 g konserv\u0173:<\/p>\n<ul data-start=\"1395\" data-end=\"1516\">\n<li data-section-id=\"1kblyoz\" data-start=\"1395\" data-end=\"1417\">\n<p data-start=\"1397\" data-end=\"1417\">3 x Vi\u0161tienos fil\u0117<\/p>\n<\/li>\n<li data-section-id=\"obpe7v\" data-start=\"1418\" data-end=\"1451\">\n<p data-start=\"1420\" data-end=\"1451\">3 x Vi\u0161tienos fil\u0117 su moli\u016bgu<\/p>\n<\/li>\n<li data-section-id=\"vbn1ar\" data-start=\"1452\" data-end=\"1483\">\n<p data-start=\"1454\" data-end=\"1483\">3 x Vi\u0161tienos fil\u0117 su s\u016briu<\/p>\n<\/li>\n<li data-section-id=\"cswg8q\" data-start=\"1484\" data-end=\"1516\">\n<p data-start=\"1486\" data-end=\"1516\">3 x Vi\u0161tienos fil\u0117 su kumpiu<\/p>\n<\/li>\n<\/ul>\n<p data-start=\"1518\" data-end=\"1652\"><strong data-start=\"1518\" data-end=\"1572\">Rekomenduojama paros norma ir \u0161\u0117rimo instrukcijos:<\/strong><br data-start=\"1572\" data-end=\"1575\" \/>\u017di\u016br\u0117ti ant pakuot\u0117s. Visada u\u017etikrinti \u0161var\u0173 ir \u0161vie\u017ei\u0105 geriam\u0105j\u012f vanden\u012f.<\/p>\n<p data-start=\"1654\" data-end=\"1689\"><strong data-start=\"1654\" data-end=\"1687\">Sud\u0117tis ir analitin\u0117s vert\u0117s:<\/strong><\/p>\n<ul data-start=\"1690\" data-end=\"2282\">\n<li data-section-id=\"khe6cp\" data-start=\"1690\" data-end=\"1824\">\n<p data-start=\"1692\" data-end=\"1752\">Vi\u0161tienos fil\u0117: vi\u0161tienos fil\u0117, vi\u0161tienos sultinys, ry\u017eiai<\/p>\n<ul data-start=\"1755\" data-end=\"1824\">\n<li data-section-id=\"1og2r6v\" data-start=\"1755\" data-end=\"1824\">\n<p data-start=\"1757\" data-end=\"1824\">Baltymai 14%, skaidulos 1%, riebalai 0,3%, pelenai 2%, dr\u0117gm\u0117 82%<\/p>\n<\/li>\n<\/ul>\n<\/li>\n<li data-section-id=\"11y55qa\" data-start=\"1825\" data-end=\"1980\">\n<p data-start=\"1827\" data-end=\"1908\">Vi\u0161tienos fil\u0117 su moli\u016bgu: vi\u0161tienos fil\u0117, vi\u0161tienos sultinys, moli\u016bgas, ry\u017eiai<\/p>\n<ul data-start=\"1911\" data-end=\"1980\">\n<li data-section-id=\"982lj5\" data-start=\"1911\" data-end=\"1980\">\n<p data-start=\"1913\" data-end=\"1980\">Baltymai 13%, skaidulos 1%, riebalai 0,2%, pelenai 2%, dr\u0117gm\u0117 82%<\/p>\n<\/li>\n<\/ul>\n<\/li>\n<li data-section-id=\"wdkm3p\" data-start=\"1981\" data-end=\"2131\">\n<p data-start=\"1983\" data-end=\"2059\">Vi\u0161tienos fil\u0117 su s\u016briu: vi\u0161tienos fil\u0117, vi\u0161tienos sultinys, s\u016bris, ry\u017eiai<\/p>\n<ul data-start=\"2062\" data-end=\"2131\">\n<li data-section-id=\"1og2r6v\" data-start=\"2062\" data-end=\"2131\">\n<p data-start=\"2064\" data-end=\"2131\">Baltymai 14%, skaidulos 1%, riebalai 0,3%, pelenai 2%, dr\u0117gm\u0117 82%<\/p>\n<\/li>\n<\/ul>\n<\/li>\n<li data-section-id=\"1xaiqzf\" data-start=\"2132\" data-end=\"2282\">\n<p data-start=\"2134\" data-end=\"2212\">Vi\u0161tienos fil\u0117 su kumpiu: vi\u0161tienos fil\u0117, vi\u0161tienos sultinys, kumpis, ry\u017eiai<\/p>\n<ul data-start=\"2215\" data-end=\"2282\">\n<li data-section-id=\"ps3tdl\" data-start=\"2215\" data-end=\"2282\">\n<p data-start=\"2217\" data-end=\"2282\">Baltymai 14%, skaidulos 1%, riebalai 1%, pelenai 2%, dr\u0117gm\u0117 82%<\/p>\n<\/li>\n<\/ul>\n<\/li>\n<\/ul>\n<p data-start=\"2284\" data-end=\"2352\"><strong data-start=\"2284\" data-end=\"2297\">Laikymas:<\/strong> Geriausia iki ir partijos nr.: \u017ei\u016br\u0117ti ant pakuot\u0117s.<\/p>\n<p data-start=\"2354\" data-end=\"2384\" data-is-last-node=\"\" data-is-only-node=\"\"><strong data-start=\"2354\" data-end=\"2374\">Grynasis kiekis:<\/strong> 12 x 70 g<\/p>\n","protected":false},"featured_media":55510,"template":"","meta":[],"product_brand":[],"product_cat":[526],"product_tag":[],"class_list":{"0":"post-55509","1":"product","2":"type-product","3":"status-publish","4":"has-post-thumbnail","6":"product_cat-slapias-maistas","8":"first","9":"instock","10":"taxable","11":"shipping-taxable","12":"purchasable","13":"product-type-simple"},"yoast_head":"<!-- This site is optimized with the Yoast SEO plugin v27.4 - https:\/\/yoast.com\/product\/yoast-seo-wordpress\/ -->\n<title>Applaws ka\u010di\u0173 konserv\u0173 rinkinys su vi\u0161tiena 12x70g - MiuMjau<\/title>\n<meta name=\"robots\" content=\"index, follow, max-snippet:-1, max-image-preview:large, max-video-preview:-1\" \/>\n<link rel=\"canonical\" href=\"https:\/\/miumjau.ee\/lt\/produktas\/applaws-kaciu-konservu-rinkinys-su-vistiena-12x70g\/\" \/>\n<meta property=\"og:locale\" content=\"lt_LT\" \/>\n<meta property=\"og:type\" content=\"article\" \/>\n<meta property=\"og:title\" content=\"Applaws ka\u010di\u0173 konserv\u0173 rinkinys su vi\u0161tiena 12x70g - MiuMjau\" \/>\n<meta property=\"og:description\" content=\"Applaws Chicken Collection multipaketas. Nat\u016bralus papildomas maistas suaugusioms kat\u0117ms. Rinkinyje 12 x 70 g konserv\u0173:     3 x Vi\u0161tienos fil\u0117    3 x Vi\u0161tienos fil\u0117 su moli\u016bgu    3 x Vi\u0161tienos fil\u0117 su s\u016briu    3 x Vi\u0161tienos fil\u0117 su kumpiu   Rekomenduojama paros norma ir \u0161\u0117rimo instrukcijos:\u017di\u016br\u0117ti ant pakuot\u0117s. Visada u\u017etikrinti \u0161var\u0173 ir \u0161vie\u017ei\u0105 geriam\u0105j\u012f vanden\u012f. Sud\u0117tis ir analitin\u0117s vert\u0117s:     Vi\u0161tienos fil\u0117: vi\u0161tienos fil\u0117, vi\u0161tienos sultinys, ry\u017eiai     Baltymai 14%, skaidulos 1%, riebalai 0,3%, pelenai 2%, dr\u0117gm\u0117 82%      Vi\u0161tienos fil\u0117 su moli\u016bgu: vi\u0161tienos fil\u0117, vi\u0161tienos sultinys, moli\u016bgas, ry\u017eiai     Baltymai 13%, skaidulos 1%, riebalai 0,2%, pelenai 2%, dr\u0117gm\u0117 82%      Vi\u0161tienos fil\u0117 su s\u016briu: vi\u0161tienos fil\u0117, vi\u0161tienos sultinys, s\u016bris, ry\u017eiai     Baltymai 14%, skaidulos 1%, riebalai 0,3%, pelenai 2%, dr\u0117gm\u0117 82%      Vi\u0161tienos fil\u0117 su kumpiu: vi\u0161tienos fil\u0117, vi\u0161tienos sultinys, kumpis, ry\u017eiai     Baltymai 14%, skaidulos 1%, riebalai 1%, pelenai 2%, dr\u0117gm\u0117 82%     Laikymas: Geriausia iki ir partijos nr.: \u017ei\u016br\u0117ti ant pakuot\u0117s. Grynasis kiekis: 12 x 70 g\" \/>\n<meta property=\"og:url\" content=\"https:\/\/miumjau.ee\/lt\/produktas\/applaws-kaciu-konservu-rinkinys-su-vistiena-12x70g\/\" \/>\n<meta property=\"og:site_name\" content=\"MiuMjau\" \/>\n<meta property=\"article:publisher\" content=\"https:\/\/www.facebook.com\/miumjaupood\/\" \/>\n<meta property=\"og:image\" content=\"https:\/\/miumjau.ee\/wp-content\/uploads\/2025\/01\/applaws-konservide-valikpakk-kassile5.jpg\" \/>\n\t<meta property=\"og:image:width\" content=\"600\" \/>\n\t<meta property=\"og:image:height\" content=\"800\" \/>\n\t<meta property=\"og:image:type\" content=\"image\/jpeg\" \/>\n<meta name=\"twitter:card\" content=\"summary_large_image\" \/>\n<script type=\"application\/ld+json\" class=\"yoast-schema-graph\">{\"@context\":\"https:\\\/\\\/schema.org\",\"@graph\":[{\"@type\":\"WebPage\",\"@id\":\"https:\\\/\\\/miumjau.ee\\\/lt\\\/produktas\\\/applaws-kaciu-konservu-rinkinys-su-vistiena-12x70g\\\/\",\"url\":\"https:\\\/\\\/miumjau.ee\\\/lt\\\/produktas\\\/applaws-kaciu-konservu-rinkinys-su-vistiena-12x70g\\\/\",\"name\":\"Applaws ka\u010di\u0173 konserv\u0173 rinkinys su vi\u0161tiena 12x70g - MiuMjau\",\"isPartOf\":{\"@id\":\"https:\\\/\\\/miumjau.ee\\\/#website\"},\"primaryImageOfPage\":{\"@id\":\"https:\\\/\\\/miumjau.ee\\\/lt\\\/produktas\\\/applaws-kaciu-konservu-rinkinys-su-vistiena-12x70g\\\/#primaryimage\"},\"image\":{\"@id\":\"https:\\\/\\\/miumjau.ee\\\/lt\\\/produktas\\\/applaws-kaciu-konservu-rinkinys-su-vistiena-12x70g\\\/#primaryimage\"},\"thumbnailUrl\":\"https:\\\/\\\/miumjau.ee\\\/wp-content\\\/uploads\\\/2025\\\/01\\\/applaws-konservide-valikpakk-kassile5.jpg\",\"datePublished\":\"2025-01-11T12:51:12+00:00\",\"breadcrumb\":{\"@id\":\"https:\\\/\\\/miumjau.ee\\\/lt\\\/produktas\\\/applaws-kaciu-konservu-rinkinys-su-vistiena-12x70g\\\/#breadcrumb\"},\"inLanguage\":\"lt-LT\",\"potentialAction\":[{\"@type\":\"ReadAction\",\"target\":[\"https:\\\/\\\/miumjau.ee\\\/lt\\\/produktas\\\/applaws-kaciu-konservu-rinkinys-su-vistiena-12x70g\\\/\"]}]},{\"@type\":\"ImageObject\",\"inLanguage\":\"lt-LT\",\"@id\":\"https:\\\/\\\/miumjau.ee\\\/lt\\\/produktas\\\/applaws-kaciu-konservu-rinkinys-su-vistiena-12x70g\\\/#primaryimage\",\"url\":\"https:\\\/\\\/miumjau.ee\\\/wp-content\\\/uploads\\\/2025\\\/01\\\/applaws-konservide-valikpakk-kassile5.jpg\",\"contentUrl\":\"https:\\\/\\\/miumjau.ee\\\/wp-content\\\/uploads\\\/2025\\\/01\\\/applaws-konservide-valikpakk-kassile5.jpg\",\"width\":600,\"height\":800},{\"@type\":\"BreadcrumbList\",\"@id\":\"https:\\\/\\\/miumjau.ee\\\/lt\\\/produktas\\\/applaws-kaciu-konservu-rinkinys-su-vistiena-12x70g\\\/#breadcrumb\",\"itemListElement\":[{\"@type\":\"ListItem\",\"position\":1,\"name\":\"Home\",\"item\":\"https:\\\/\\\/miumjau.ee\\\/lt\\\/\"},{\"@type\":\"ListItem\",\"position\":2,\"name\":\"Parduotuv\u0117\",\"item\":\"https:\\\/\\\/miumjau.ee\\\/lt\\\/parduotuve\\\/\"},{\"@type\":\"ListItem\",\"position\":3,\"name\":\"Applaws ka\u010di\u0173 konserv\u0173 rinkinys su vi\u0161tiena 12x70g\"}]},{\"@type\":\"WebSite\",\"@id\":\"https:\\\/\\\/miumjau.ee\\\/#website\",\"url\":\"https:\\\/\\\/miumjau.ee\\\/\",\"name\":\"MiuMjau\",\"description\":\"Kraapimispuud kassidele\",\"publisher\":{\"@id\":\"https:\\\/\\\/miumjau.ee\\\/#organization\"},\"potentialAction\":[{\"@type\":\"SearchAction\",\"target\":{\"@type\":\"EntryPoint\",\"urlTemplate\":\"https:\\\/\\\/miumjau.ee\\\/?s={search_term_string}\"},\"query-input\":{\"@type\":\"PropertyValueSpecification\",\"valueRequired\":true,\"valueName\":\"search_term_string\"}}],\"inLanguage\":\"lt-LT\"},{\"@type\":\"Organization\",\"@id\":\"https:\\\/\\\/miumjau.ee\\\/#organization\",\"name\":\"MiuMjau O\u00dc\",\"url\":\"https:\\\/\\\/miumjau.ee\\\/\",\"logo\":{\"@type\":\"ImageObject\",\"inLanguage\":\"lt-LT\",\"@id\":\"https:\\\/\\\/miumjau.ee\\\/#\\\/schema\\\/logo\\\/image\\\/\",\"url\":\"https:\\\/\\\/miumjau.ee\\\/wp-content\\\/uploads\\\/2022\\\/04\\\/MiuMjau-logo-kollane.png\",\"contentUrl\":\"https:\\\/\\\/miumjau.ee\\\/wp-content\\\/uploads\\\/2022\\\/04\\\/MiuMjau-logo-kollane.png\",\"width\":219,\"height\":100,\"caption\":\"MiuMjau O\u00dc\"},\"image\":{\"@id\":\"https:\\\/\\\/miumjau.ee\\\/#\\\/schema\\\/logo\\\/image\\\/\"},\"sameAs\":[\"https:\\\/\\\/www.facebook.com\\\/miumjaupood\\\/\"]}]}<\/script>\n<!-- \/ Yoast SEO plugin. -->","yoast_head_json":{"title":"Applaws ka\u010di\u0173 konserv\u0173 rinkinys su vi\u0161tiena 12x70g - MiuMjau","robots":{"index":"index","follow":"follow","max-snippet":"max-snippet:-1","max-image-preview":"max-image-preview:large","max-video-preview":"max-video-preview:-1"},"canonical":"https:\/\/miumjau.ee\/lt\/produktas\/applaws-kaciu-konservu-rinkinys-su-vistiena-12x70g\/","og_locale":"lt_LT","og_type":"article","og_title":"Applaws ka\u010di\u0173 konserv\u0173 rinkinys su vi\u0161tiena 12x70g - MiuMjau","og_description":"Applaws Chicken Collection multipaketas. Nat\u016bralus papildomas maistas suaugusioms kat\u0117ms. Rinkinyje 12 x 70 g konserv\u0173:     3 x Vi\u0161tienos fil\u0117    3 x Vi\u0161tienos fil\u0117 su moli\u016bgu    3 x Vi\u0161tienos fil\u0117 su s\u016briu    3 x Vi\u0161tienos fil\u0117 su kumpiu   Rekomenduojama paros norma ir \u0161\u0117rimo instrukcijos:\u017di\u016br\u0117ti ant pakuot\u0117s. Visada u\u017etikrinti \u0161var\u0173 ir \u0161vie\u017ei\u0105 geriam\u0105j\u012f vanden\u012f. Sud\u0117tis ir analitin\u0117s vert\u0117s:     Vi\u0161tienos fil\u0117: vi\u0161tienos fil\u0117, vi\u0161tienos sultinys, ry\u017eiai     Baltymai 14%, skaidulos 1%, riebalai 0,3%, pelenai 2%, dr\u0117gm\u0117 82%      Vi\u0161tienos fil\u0117 su moli\u016bgu: vi\u0161tienos fil\u0117, vi\u0161tienos sultinys, moli\u016bgas, ry\u017eiai     Baltymai 13%, skaidulos 1%, riebalai 0,2%, pelenai 2%, dr\u0117gm\u0117 82%      Vi\u0161tienos fil\u0117 su s\u016briu: vi\u0161tienos fil\u0117, vi\u0161tienos sultinys, s\u016bris, ry\u017eiai     Baltymai 14%, skaidulos 1%, riebalai 0,3%, pelenai 2%, dr\u0117gm\u0117 82%      Vi\u0161tienos fil\u0117 su kumpiu: vi\u0161tienos fil\u0117, vi\u0161tienos sultinys, kumpis, ry\u017eiai     Baltymai 14%, skaidulos 1%, riebalai 1%, pelenai 2%, dr\u0117gm\u0117 82%     Laikymas: Geriausia iki ir partijos nr.: \u017ei\u016br\u0117ti ant pakuot\u0117s. Grynasis kiekis: 12 x 70 g","og_url":"https:\/\/miumjau.ee\/lt\/produktas\/applaws-kaciu-konservu-rinkinys-su-vistiena-12x70g\/","og_site_name":"MiuMjau","article_publisher":"https:\/\/www.facebook.com\/miumjaupood\/","og_image":[{"width":600,"height":800,"url":"https:\/\/miumjau.ee\/wp-content\/uploads\/2025\/01\/applaws-konservide-valikpakk-kassile5.jpg","type":"image\/jpeg"}],"twitter_card":"summary_large_image","schema":{"@context":"https:\/\/schema.org","@graph":[{"@type":"WebPage","@id":"https:\/\/miumjau.ee\/lt\/produktas\/applaws-kaciu-konservu-rinkinys-su-vistiena-12x70g\/","url":"https:\/\/miumjau.ee\/lt\/produktas\/applaws-kaciu-konservu-rinkinys-su-vistiena-12x70g\/","name":"Applaws ka\u010di\u0173 konserv\u0173 rinkinys su vi\u0161tiena 12x70g - MiuMjau","isPartOf":{"@id":"https:\/\/miumjau.ee\/#website"},"primaryImageOfPage":{"@id":"https:\/\/miumjau.ee\/lt\/produktas\/applaws-kaciu-konservu-rinkinys-su-vistiena-12x70g\/#primaryimage"},"image":{"@id":"https:\/\/miumjau.ee\/lt\/produktas\/applaws-kaciu-konservu-rinkinys-su-vistiena-12x70g\/#primaryimage"},"thumbnailUrl":"https:\/\/miumjau.ee\/wp-content\/uploads\/2025\/01\/applaws-konservide-valikpakk-kassile5.jpg","datePublished":"2025-01-11T12:51:12+00:00","breadcrumb":{"@id":"https:\/\/miumjau.ee\/lt\/produktas\/applaws-kaciu-konservu-rinkinys-su-vistiena-12x70g\/#breadcrumb"},"inLanguage":"lt-LT","potentialAction":[{"@type":"ReadAction","target":["https:\/\/miumjau.ee\/lt\/produktas\/applaws-kaciu-konservu-rinkinys-su-vistiena-12x70g\/"]}]},{"@type":"ImageObject","inLanguage":"lt-LT","@id":"https:\/\/miumjau.ee\/lt\/produktas\/applaws-kaciu-konservu-rinkinys-su-vistiena-12x70g\/#primaryimage","url":"https:\/\/miumjau.ee\/wp-content\/uploads\/2025\/01\/applaws-konservide-valikpakk-kassile5.jpg","contentUrl":"https:\/\/miumjau.ee\/wp-content\/uploads\/2025\/01\/applaws-konservide-valikpakk-kassile5.jpg","width":600,"height":800},{"@type":"BreadcrumbList","@id":"https:\/\/miumjau.ee\/lt\/produktas\/applaws-kaciu-konservu-rinkinys-su-vistiena-12x70g\/#breadcrumb","itemListElement":[{"@type":"ListItem","position":1,"name":"Home","item":"https:\/\/miumjau.ee\/lt\/"},{"@type":"ListItem","position":2,"name":"Parduotuv\u0117","item":"https:\/\/miumjau.ee\/lt\/parduotuve\/"},{"@type":"ListItem","position":3,"name":"Applaws ka\u010di\u0173 konserv\u0173 rinkinys su vi\u0161tiena 12x70g"}]},{"@type":"WebSite","@id":"https:\/\/miumjau.ee\/#website","url":"https:\/\/miumjau.ee\/","name":"MiuMjau","description":"Kraapimispuud kassidele","publisher":{"@id":"https:\/\/miumjau.ee\/#organization"},"potentialAction":[{"@type":"SearchAction","target":{"@type":"EntryPoint","urlTemplate":"https:\/\/miumjau.ee\/?s={search_term_string}"},"query-input":{"@type":"PropertyValueSpecification","valueRequired":true,"valueName":"search_term_string"}}],"inLanguage":"lt-LT"},{"@type":"Organization","@id":"https:\/\/miumjau.ee\/#organization","name":"MiuMjau O\u00dc","url":"https:\/\/miumjau.ee\/","logo":{"@type":"ImageObject","inLanguage":"lt-LT","@id":"https:\/\/miumjau.ee\/#\/schema\/logo\/image\/","url":"https:\/\/miumjau.ee\/wp-content\/uploads\/2022\/04\/MiuMjau-logo-kollane.png","contentUrl":"https:\/\/miumjau.ee\/wp-content\/uploads\/2022\/04\/MiuMjau-logo-kollane.png","width":219,"height":100,"caption":"MiuMjau O\u00dc"},"image":{"@id":"https:\/\/miumjau.ee\/#\/schema\/logo\/image\/"},"sameAs":["https:\/\/www.facebook.com\/miumjaupood\/"]}]}},"_links":{"self":[{"href":"https:\/\/miumjau.ee\/lt\/wp-json\/wp\/v2\/product\/55509","targetHints":{"allow":["GET"]}}],"collection":[{"href":"https:\/\/miumjau.ee\/lt\/wp-json\/wp\/v2\/product"}],"about":[{"href":"https:\/\/miumjau.ee\/lt\/wp-json\/wp\/v2\/types\/product"}],"wp:featuredmedia":[{"embeddable":true,"href":"https:\/\/miumjau.ee\/lt\/wp-json\/wp\/v2\/media\/55510"}],"wp:attachment":[{"href":"https:\/\/miumjau.ee\/lt\/wp-json\/wp\/v2\/media?parent=55509"}],"wp:term":[{"taxonomy":"product_brand","embeddable":true,"href":"https:\/\/miumjau.ee\/lt\/wp-json\/wp\/v2\/product_brand?post=55509"},{"taxonomy":"product_cat","embeddable":true,"href":"https:\/\/miumjau.ee\/lt\/wp-json\/wp\/v2\/product_cat?post=55509"},{"taxonomy":"product_tag","embeddable":true,"href":"https:\/\/miumjau.ee\/lt\/wp-json\/wp\/v2\/product_tag?post=55509"}],"curies":[{"name":"wp","href":"https:\/\/api.w.org\/{rel}","templated":true}]}}