{"id":55501,"date":"2025-01-11T14:46:21","date_gmt":"2025-01-11T12:46:21","guid":{"rendered":"https:\/\/miumjau.ee\/toode\/applaws-kaciu-konservu-rinkinys-su-vistiena-12x156g\/"},"modified":"2025-01-11T14:46:21","modified_gmt":"2025-01-11T12:46:21","slug":"applaws-kaciu-konservu-rinkinys-su-vistiena-12x156g","status":"publish","type":"product","link":"https:\/\/miumjau.ee\/lt\/produktas\/applaws-kaciu-konservu-rinkinys-su-vistiena-12x156g\/","title":{"rendered":"Applaws ka\u010di\u0173 konserv\u0173 rinkinys su vi\u0161tiena 12x156g"},"content":{"rendered":"","protected":false},"excerpt":{"rendered":"<p data-start=\"1320\" data-end=\"1518\">Papildomas pa\u0161aras kat\u0117ms, visi\u0161kai nat\u016bralus, nesud\u0117tingas, tik i\u0161 nurodyt\u0173 ingredient\u0173. Pakuot\u0117je yra 12 konserv\u0173: 4 x vi\u0161tienos fil\u0117, 4 x vi\u0161tienos fil\u0117 su antiena, 4 x vi\u0161tienos fil\u0117 su s\u016briu.<\/p>\n<p data-start=\"1520\" data-end=\"1612\"><strong data-start=\"1520\" data-end=\"1574\">Rekomenduojama paros norma ir \u0161\u0117rimo instrukcijos:<\/strong><br data-start=\"1574\" data-end=\"1577\" \/>\u0160\u0117rimo vadovas pagal kat\u0117s svor\u012f:<\/p>\n<ul data-start=\"1613\" data-end=\"1691\">\n<li data-section-id=\"19q21xp\" data-start=\"1613\" data-end=\"1638\">\n<p data-start=\"1615\" data-end=\"1638\">0\u20133 kg: 0,5 konservas<\/p>\n<\/li>\n<li data-section-id=\"pd8k40\" data-start=\"1639\" data-end=\"1662\">\n<p data-start=\"1641\" data-end=\"1662\">3\u20135 kg: 1 konservas<\/p>\n<\/li>\n<li data-section-id=\"x9kf7j\" data-start=\"1663\" data-end=\"1691\">\n<p data-start=\"1665\" data-end=\"1691\">vir\u0161 5 kg: 1,5 konservai<\/p>\n<\/li>\n<\/ul>\n<p data-start=\"1693\" data-end=\"1707\"><strong data-start=\"1693\" data-end=\"1705\">Sud\u0117tis:<\/strong><\/p>\n<ul data-start=\"1708\" data-end=\"1962\">\n<li data-section-id=\"fi3zd6\" data-start=\"1708\" data-end=\"1778\">\n<p data-start=\"1710\" data-end=\"1778\">4 x Vi\u0161tienos fil\u0117: vi\u0161tienos fil\u0117 75%, vi\u0161tienos sultinys, ry\u017eiai<\/p>\n<\/li>\n<li data-section-id=\"1w0eyqd\" data-start=\"1779\" data-end=\"1872\">\n<p data-start=\"1781\" data-end=\"1872\">4 x Vi\u0161tienos fil\u0117 su antiena: vi\u0161tienos fil\u0117 70%, vi\u0161tienos sultinys, antiena 5%, ry\u017eiai<\/p>\n<\/li>\n<li data-section-id=\"jnmqj7\" data-start=\"1873\" data-end=\"1962\">\n<p data-start=\"1875\" data-end=\"1962\">4 x Vi\u0161tienos fil\u0117 su s\u016briu: vi\u0161tienos fil\u0117 70%, vi\u0161tienos sultinys, s\u016bris 5%, ry\u017eiai<\/p>\n<\/li>\n<\/ul>\n<p data-start=\"1964\" data-end=\"2000\"><strong data-start=\"1964\" data-end=\"1998\">Analitin\u0117s sudedamosios dalys:<\/strong><\/p>\n<ul data-start=\"2001\" data-end=\"2291\">\n<li data-section-id=\"axd2c5\" data-start=\"2001\" data-end=\"2093\">\n<p data-start=\"2003\" data-end=\"2093\">4x Vi\u0161tienos sultinys: baltymai 16%, skaidulos 0,1%, riebalai 1%, pelenai 1%, dr\u0117gm\u0117 82%<\/p>\n<\/li>\n<li data-section-id=\"1mmunan\" data-start=\"2094\" data-end=\"2193\">\n<p data-start=\"2096\" data-end=\"2193\">4x Vi\u0161tienos fil\u0117 su antiena: baltymai 14%, skaidulos 0,1%, riebalai 1%, pelenai 1%, dr\u0117gm\u0117 83%<\/p>\n<\/li>\n<li data-section-id=\"gpmt6o\" data-start=\"2194\" data-end=\"2291\">\n<p data-start=\"2196\" data-end=\"2291\">4x Vi\u0161tienos fil\u0117 su s\u016briu: baltymai 15%, skaidulos 0,1%, riebalai 2%, pelenai 1%, dr\u0117gm\u0117 80%<\/p>\n<\/li>\n<\/ul>\n<p data-start=\"2293\" data-end=\"2451\"><strong data-start=\"2293\" data-end=\"2306\">Laikymas:<\/strong> Laikyti sausoje ir v\u0117sioje vietoje. Visada u\u017etikrinti \u0161var\u0173 ir \u0161vie\u017ei\u0105 geriam\u0105j\u012f vanden\u012f. Geriausia iki ir partijos nr.: \u017ei\u016br\u0117ti ant pakuot\u0117s.<\/p>\n<p data-start=\"2453\" data-end=\"2484\" data-is-last-node=\"\" data-is-only-node=\"\"><strong data-start=\"2453\" data-end=\"2473\">Grynasis kiekis:<\/strong> 12 x 156 g<\/p>\n","protected":false},"featured_media":55502,"template":"","meta":[],"product_brand":[],"product_cat":[526],"product_tag":[],"class_list":{"0":"post-55501","1":"product","2":"type-product","3":"status-publish","4":"has-post-thumbnail","6":"product_cat-slapias-maistas","8":"first","9":"instock","10":"taxable","11":"shipping-taxable","12":"purchasable","13":"product-type-simple"},"yoast_head":"<!-- This site is optimized with the Yoast SEO plugin v27.4 - https:\/\/yoast.com\/product\/yoast-seo-wordpress\/ -->\n<title>Applaws ka\u010di\u0173 konserv\u0173 rinkinys su vi\u0161tiena 12x156g - MiuMjau<\/title>\n<meta name=\"robots\" content=\"index, follow, max-snippet:-1, max-image-preview:large, max-video-preview:-1\" \/>\n<link rel=\"canonical\" href=\"https:\/\/miumjau.ee\/lt\/produktas\/applaws-kaciu-konservu-rinkinys-su-vistiena-12x156g\/\" \/>\n<meta property=\"og:locale\" content=\"lt_LT\" \/>\n<meta property=\"og:type\" content=\"article\" \/>\n<meta property=\"og:title\" content=\"Applaws ka\u010di\u0173 konserv\u0173 rinkinys su vi\u0161tiena 12x156g - MiuMjau\" \/>\n<meta property=\"og:description\" content=\"Papildomas pa\u0161aras kat\u0117ms, visi\u0161kai nat\u016bralus, nesud\u0117tingas, tik i\u0161 nurodyt\u0173 ingredient\u0173. Pakuot\u0117je yra 12 konserv\u0173: 4 x vi\u0161tienos fil\u0117, 4 x vi\u0161tienos fil\u0117 su antiena, 4 x vi\u0161tienos fil\u0117 su s\u016briu. Rekomenduojama paros norma ir \u0161\u0117rimo instrukcijos:\u0160\u0117rimo vadovas pagal kat\u0117s svor\u012f:     0\u20133 kg: 0,5 konservas    3\u20135 kg: 1 konservas    vir\u0161 5 kg: 1,5 konservai   Sud\u0117tis:     4 x Vi\u0161tienos fil\u0117: vi\u0161tienos fil\u0117 75%, vi\u0161tienos sultinys, ry\u017eiai    4 x Vi\u0161tienos fil\u0117 su antiena: vi\u0161tienos fil\u0117 70%, vi\u0161tienos sultinys, antiena 5%, ry\u017eiai    4 x Vi\u0161tienos fil\u0117 su s\u016briu: vi\u0161tienos fil\u0117 70%, vi\u0161tienos sultinys, s\u016bris 5%, ry\u017eiai   Analitin\u0117s sudedamosios dalys:     4x Vi\u0161tienos sultinys: baltymai 16%, skaidulos 0,1%, riebalai 1%, pelenai 1%, dr\u0117gm\u0117 82%    4x Vi\u0161tienos fil\u0117 su antiena: baltymai 14%, skaidulos 0,1%, riebalai 1%, pelenai 1%, dr\u0117gm\u0117 83%    4x Vi\u0161tienos fil\u0117 su s\u016briu: baltymai 15%, skaidulos 0,1%, riebalai 2%, pelenai 1%, dr\u0117gm\u0117 80%   Laikymas: Laikyti sausoje ir v\u0117sioje vietoje. Visada u\u017etikrinti \u0161var\u0173 ir \u0161vie\u017ei\u0105 geriam\u0105j\u012f vanden\u012f. Geriausia iki ir partijos nr.: \u017ei\u016br\u0117ti ant pakuot\u0117s. Grynasis kiekis: 12 x 156 g\" \/>\n<meta property=\"og:url\" content=\"https:\/\/miumjau.ee\/lt\/produktas\/applaws-kaciu-konservu-rinkinys-su-vistiena-12x156g\/\" \/>\n<meta property=\"og:site_name\" content=\"MiuMjau\" \/>\n<meta property=\"article:publisher\" content=\"https:\/\/www.facebook.com\/miumjaupood\/\" \/>\n<meta property=\"og:image\" content=\"https:\/\/miumjau.ee\/wp-content\/uploads\/2025\/01\/applaws-konservide-valikpakk-kassile4.jpg\" \/>\n\t<meta property=\"og:image:width\" content=\"600\" \/>\n\t<meta property=\"og:image:height\" content=\"800\" \/>\n\t<meta property=\"og:image:type\" content=\"image\/jpeg\" \/>\n<meta name=\"twitter:card\" content=\"summary_large_image\" \/>\n<script type=\"application\/ld+json\" class=\"yoast-schema-graph\">{\"@context\":\"https:\\\/\\\/schema.org\",\"@graph\":[{\"@type\":\"WebPage\",\"@id\":\"https:\\\/\\\/miumjau.ee\\\/lt\\\/produktas\\\/applaws-kaciu-konservu-rinkinys-su-vistiena-12x156g\\\/\",\"url\":\"https:\\\/\\\/miumjau.ee\\\/lt\\\/produktas\\\/applaws-kaciu-konservu-rinkinys-su-vistiena-12x156g\\\/\",\"name\":\"Applaws ka\u010di\u0173 konserv\u0173 rinkinys su vi\u0161tiena 12x156g - MiuMjau\",\"isPartOf\":{\"@id\":\"https:\\\/\\\/miumjau.ee\\\/#website\"},\"primaryImageOfPage\":{\"@id\":\"https:\\\/\\\/miumjau.ee\\\/lt\\\/produktas\\\/applaws-kaciu-konservu-rinkinys-su-vistiena-12x156g\\\/#primaryimage\"},\"image\":{\"@id\":\"https:\\\/\\\/miumjau.ee\\\/lt\\\/produktas\\\/applaws-kaciu-konservu-rinkinys-su-vistiena-12x156g\\\/#primaryimage\"},\"thumbnailUrl\":\"https:\\\/\\\/miumjau.ee\\\/wp-content\\\/uploads\\\/2025\\\/01\\\/applaws-konservide-valikpakk-kassile4.jpg\",\"datePublished\":\"2025-01-11T12:46:21+00:00\",\"breadcrumb\":{\"@id\":\"https:\\\/\\\/miumjau.ee\\\/lt\\\/produktas\\\/applaws-kaciu-konservu-rinkinys-su-vistiena-12x156g\\\/#breadcrumb\"},\"inLanguage\":\"lt-LT\",\"potentialAction\":[{\"@type\":\"ReadAction\",\"target\":[\"https:\\\/\\\/miumjau.ee\\\/lt\\\/produktas\\\/applaws-kaciu-konservu-rinkinys-su-vistiena-12x156g\\\/\"]}]},{\"@type\":\"ImageObject\",\"inLanguage\":\"lt-LT\",\"@id\":\"https:\\\/\\\/miumjau.ee\\\/lt\\\/produktas\\\/applaws-kaciu-konservu-rinkinys-su-vistiena-12x156g\\\/#primaryimage\",\"url\":\"https:\\\/\\\/miumjau.ee\\\/wp-content\\\/uploads\\\/2025\\\/01\\\/applaws-konservide-valikpakk-kassile4.jpg\",\"contentUrl\":\"https:\\\/\\\/miumjau.ee\\\/wp-content\\\/uploads\\\/2025\\\/01\\\/applaws-konservide-valikpakk-kassile4.jpg\",\"width\":600,\"height\":800},{\"@type\":\"BreadcrumbList\",\"@id\":\"https:\\\/\\\/miumjau.ee\\\/lt\\\/produktas\\\/applaws-kaciu-konservu-rinkinys-su-vistiena-12x156g\\\/#breadcrumb\",\"itemListElement\":[{\"@type\":\"ListItem\",\"position\":1,\"name\":\"Home\",\"item\":\"https:\\\/\\\/miumjau.ee\\\/lt\\\/\"},{\"@type\":\"ListItem\",\"position\":2,\"name\":\"Parduotuv\u0117\",\"item\":\"https:\\\/\\\/miumjau.ee\\\/lt\\\/parduotuve\\\/\"},{\"@type\":\"ListItem\",\"position\":3,\"name\":\"Applaws ka\u010di\u0173 konserv\u0173 rinkinys su vi\u0161tiena 12x156g\"}]},{\"@type\":\"WebSite\",\"@id\":\"https:\\\/\\\/miumjau.ee\\\/#website\",\"url\":\"https:\\\/\\\/miumjau.ee\\\/\",\"name\":\"MiuMjau\",\"description\":\"Kraapimispuud kassidele\",\"publisher\":{\"@id\":\"https:\\\/\\\/miumjau.ee\\\/#organization\"},\"potentialAction\":[{\"@type\":\"SearchAction\",\"target\":{\"@type\":\"EntryPoint\",\"urlTemplate\":\"https:\\\/\\\/miumjau.ee\\\/?s={search_term_string}\"},\"query-input\":{\"@type\":\"PropertyValueSpecification\",\"valueRequired\":true,\"valueName\":\"search_term_string\"}}],\"inLanguage\":\"lt-LT\"},{\"@type\":\"Organization\",\"@id\":\"https:\\\/\\\/miumjau.ee\\\/#organization\",\"name\":\"MiuMjau O\u00dc\",\"url\":\"https:\\\/\\\/miumjau.ee\\\/\",\"logo\":{\"@type\":\"ImageObject\",\"inLanguage\":\"lt-LT\",\"@id\":\"https:\\\/\\\/miumjau.ee\\\/#\\\/schema\\\/logo\\\/image\\\/\",\"url\":\"https:\\\/\\\/miumjau.ee\\\/wp-content\\\/uploads\\\/2022\\\/04\\\/MiuMjau-logo-kollane.png\",\"contentUrl\":\"https:\\\/\\\/miumjau.ee\\\/wp-content\\\/uploads\\\/2022\\\/04\\\/MiuMjau-logo-kollane.png\",\"width\":219,\"height\":100,\"caption\":\"MiuMjau O\u00dc\"},\"image\":{\"@id\":\"https:\\\/\\\/miumjau.ee\\\/#\\\/schema\\\/logo\\\/image\\\/\"},\"sameAs\":[\"https:\\\/\\\/www.facebook.com\\\/miumjaupood\\\/\"]}]}<\/script>\n<!-- \/ Yoast SEO plugin. -->","yoast_head_json":{"title":"Applaws ka\u010di\u0173 konserv\u0173 rinkinys su vi\u0161tiena 12x156g - MiuMjau","robots":{"index":"index","follow":"follow","max-snippet":"max-snippet:-1","max-image-preview":"max-image-preview:large","max-video-preview":"max-video-preview:-1"},"canonical":"https:\/\/miumjau.ee\/lt\/produktas\/applaws-kaciu-konservu-rinkinys-su-vistiena-12x156g\/","og_locale":"lt_LT","og_type":"article","og_title":"Applaws ka\u010di\u0173 konserv\u0173 rinkinys su vi\u0161tiena 12x156g - MiuMjau","og_description":"Papildomas pa\u0161aras kat\u0117ms, visi\u0161kai nat\u016bralus, nesud\u0117tingas, tik i\u0161 nurodyt\u0173 ingredient\u0173. Pakuot\u0117je yra 12 konserv\u0173: 4 x vi\u0161tienos fil\u0117, 4 x vi\u0161tienos fil\u0117 su antiena, 4 x vi\u0161tienos fil\u0117 su s\u016briu. Rekomenduojama paros norma ir \u0161\u0117rimo instrukcijos:\u0160\u0117rimo vadovas pagal kat\u0117s svor\u012f:     0\u20133 kg: 0,5 konservas    3\u20135 kg: 1 konservas    vir\u0161 5 kg: 1,5 konservai   Sud\u0117tis:     4 x Vi\u0161tienos fil\u0117: vi\u0161tienos fil\u0117 75%, vi\u0161tienos sultinys, ry\u017eiai    4 x Vi\u0161tienos fil\u0117 su antiena: vi\u0161tienos fil\u0117 70%, vi\u0161tienos sultinys, antiena 5%, ry\u017eiai    4 x Vi\u0161tienos fil\u0117 su s\u016briu: vi\u0161tienos fil\u0117 70%, vi\u0161tienos sultinys, s\u016bris 5%, ry\u017eiai   Analitin\u0117s sudedamosios dalys:     4x Vi\u0161tienos sultinys: baltymai 16%, skaidulos 0,1%, riebalai 1%, pelenai 1%, dr\u0117gm\u0117 82%    4x Vi\u0161tienos fil\u0117 su antiena: baltymai 14%, skaidulos 0,1%, riebalai 1%, pelenai 1%, dr\u0117gm\u0117 83%    4x Vi\u0161tienos fil\u0117 su s\u016briu: baltymai 15%, skaidulos 0,1%, riebalai 2%, pelenai 1%, dr\u0117gm\u0117 80%   Laikymas: Laikyti sausoje ir v\u0117sioje vietoje. Visada u\u017etikrinti \u0161var\u0173 ir \u0161vie\u017ei\u0105 geriam\u0105j\u012f vanden\u012f. Geriausia iki ir partijos nr.: \u017ei\u016br\u0117ti ant pakuot\u0117s. Grynasis kiekis: 12 x 156 g","og_url":"https:\/\/miumjau.ee\/lt\/produktas\/applaws-kaciu-konservu-rinkinys-su-vistiena-12x156g\/","og_site_name":"MiuMjau","article_publisher":"https:\/\/www.facebook.com\/miumjaupood\/","og_image":[{"width":600,"height":800,"url":"https:\/\/miumjau.ee\/wp-content\/uploads\/2025\/01\/applaws-konservide-valikpakk-kassile4.jpg","type":"image\/jpeg"}],"twitter_card":"summary_large_image","schema":{"@context":"https:\/\/schema.org","@graph":[{"@type":"WebPage","@id":"https:\/\/miumjau.ee\/lt\/produktas\/applaws-kaciu-konservu-rinkinys-su-vistiena-12x156g\/","url":"https:\/\/miumjau.ee\/lt\/produktas\/applaws-kaciu-konservu-rinkinys-su-vistiena-12x156g\/","name":"Applaws ka\u010di\u0173 konserv\u0173 rinkinys su vi\u0161tiena 12x156g - MiuMjau","isPartOf":{"@id":"https:\/\/miumjau.ee\/#website"},"primaryImageOfPage":{"@id":"https:\/\/miumjau.ee\/lt\/produktas\/applaws-kaciu-konservu-rinkinys-su-vistiena-12x156g\/#primaryimage"},"image":{"@id":"https:\/\/miumjau.ee\/lt\/produktas\/applaws-kaciu-konservu-rinkinys-su-vistiena-12x156g\/#primaryimage"},"thumbnailUrl":"https:\/\/miumjau.ee\/wp-content\/uploads\/2025\/01\/applaws-konservide-valikpakk-kassile4.jpg","datePublished":"2025-01-11T12:46:21+00:00","breadcrumb":{"@id":"https:\/\/miumjau.ee\/lt\/produktas\/applaws-kaciu-konservu-rinkinys-su-vistiena-12x156g\/#breadcrumb"},"inLanguage":"lt-LT","potentialAction":[{"@type":"ReadAction","target":["https:\/\/miumjau.ee\/lt\/produktas\/applaws-kaciu-konservu-rinkinys-su-vistiena-12x156g\/"]}]},{"@type":"ImageObject","inLanguage":"lt-LT","@id":"https:\/\/miumjau.ee\/lt\/produktas\/applaws-kaciu-konservu-rinkinys-su-vistiena-12x156g\/#primaryimage","url":"https:\/\/miumjau.ee\/wp-content\/uploads\/2025\/01\/applaws-konservide-valikpakk-kassile4.jpg","contentUrl":"https:\/\/miumjau.ee\/wp-content\/uploads\/2025\/01\/applaws-konservide-valikpakk-kassile4.jpg","width":600,"height":800},{"@type":"BreadcrumbList","@id":"https:\/\/miumjau.ee\/lt\/produktas\/applaws-kaciu-konservu-rinkinys-su-vistiena-12x156g\/#breadcrumb","itemListElement":[{"@type":"ListItem","position":1,"name":"Home","item":"https:\/\/miumjau.ee\/lt\/"},{"@type":"ListItem","position":2,"name":"Parduotuv\u0117","item":"https:\/\/miumjau.ee\/lt\/parduotuve\/"},{"@type":"ListItem","position":3,"name":"Applaws ka\u010di\u0173 konserv\u0173 rinkinys su vi\u0161tiena 12x156g"}]},{"@type":"WebSite","@id":"https:\/\/miumjau.ee\/#website","url":"https:\/\/miumjau.ee\/","name":"MiuMjau","description":"Kraapimispuud kassidele","publisher":{"@id":"https:\/\/miumjau.ee\/#organization"},"potentialAction":[{"@type":"SearchAction","target":{"@type":"EntryPoint","urlTemplate":"https:\/\/miumjau.ee\/?s={search_term_string}"},"query-input":{"@type":"PropertyValueSpecification","valueRequired":true,"valueName":"search_term_string"}}],"inLanguage":"lt-LT"},{"@type":"Organization","@id":"https:\/\/miumjau.ee\/#organization","name":"MiuMjau O\u00dc","url":"https:\/\/miumjau.ee\/","logo":{"@type":"ImageObject","inLanguage":"lt-LT","@id":"https:\/\/miumjau.ee\/#\/schema\/logo\/image\/","url":"https:\/\/miumjau.ee\/wp-content\/uploads\/2022\/04\/MiuMjau-logo-kollane.png","contentUrl":"https:\/\/miumjau.ee\/wp-content\/uploads\/2022\/04\/MiuMjau-logo-kollane.png","width":219,"height":100,"caption":"MiuMjau O\u00dc"},"image":{"@id":"https:\/\/miumjau.ee\/#\/schema\/logo\/image\/"},"sameAs":["https:\/\/www.facebook.com\/miumjaupood\/"]}]}},"_links":{"self":[{"href":"https:\/\/miumjau.ee\/lt\/wp-json\/wp\/v2\/product\/55501","targetHints":{"allow":["GET"]}}],"collection":[{"href":"https:\/\/miumjau.ee\/lt\/wp-json\/wp\/v2\/product"}],"about":[{"href":"https:\/\/miumjau.ee\/lt\/wp-json\/wp\/v2\/types\/product"}],"wp:featuredmedia":[{"embeddable":true,"href":"https:\/\/miumjau.ee\/lt\/wp-json\/wp\/v2\/media\/55502"}],"wp:attachment":[{"href":"https:\/\/miumjau.ee\/lt\/wp-json\/wp\/v2\/media?parent=55501"}],"wp:term":[{"taxonomy":"product_brand","embeddable":true,"href":"https:\/\/miumjau.ee\/lt\/wp-json\/wp\/v2\/product_brand?post=55501"},{"taxonomy":"product_cat","embeddable":true,"href":"https:\/\/miumjau.ee\/lt\/wp-json\/wp\/v2\/product_cat?post=55501"},{"taxonomy":"product_tag","embeddable":true,"href":"https:\/\/miumjau.ee\/lt\/wp-json\/wp\/v2\/product_tag?post=55501"}],"curies":[{"name":"wp","href":"https:\/\/api.w.org\/{rel}","templated":true}]}}