{"id":55497,"date":"2025-01-07T19:04:55","date_gmt":"2025-01-07T17:04:55","guid":{"rendered":"https:\/\/miumjau.ee\/toode\/churu-bites-su-vistiena-tunu-ir-lasisa-3x10g\/"},"modified":"2025-01-07T19:04:55","modified_gmt":"2025-01-07T17:04:55","slug":"churu-bites-su-vistiena-tunu-ir-lasisa-3x10g","status":"publish","type":"product","link":"https:\/\/miumjau.ee\/lt\/produktas\/churu-bites-su-vistiena-tunu-ir-lasisa-3x10g\/","title":{"rendered":"Churu Bites su vi\u0161tiena, tunu ir la\u0161i\u0161a 3x10g"},"content":{"rendered":"","protected":false},"excerpt":{"rendered":"<p data-start=\"1129\" data-end=\"1332\"><strong data-start=\"1129\" data-end=\"1190\">PAGAMINTA I\u0160 SVEIK\u0172 INGREDIJ\u0172, KURIOMS GALITE PASITIK\u0116TI:<\/strong> Kiekvienas INABA produktas pagamintas i\u0161 auk\u0161tos kokyb\u0117s sudedam\u0173j\u0173 dali\u0173, \u012fskaitant fermoje u\u017eaugint\u0105 vi\u0161tien\u0105 ir nat\u016braliai sugaut\u0105 tun\u0105.<\/p>\n<p data-start=\"1334\" data-end=\"1604\"><strong data-start=\"1334\" data-end=\"1353\">YPA\u010cI TEKST\u016aRA:<\/strong> kiekvienas pagalv\u0117l\u0117s formos k\u0105snis prasideda mink\u0161ta kepta vi\u0161tienos pasta, kuri neturi gr\u016bd\u0173, konservant\u0173, karrageeno ar dirbtini\u0173 da\u017eikli\u0173. Tada apvalkalai u\u017epildomi INABA skaniu Churu \u012fdaru, suteikiant j\u016bs\u0173 katei dar \u012fdomesn\u012f skon\u012f ir tekst\u016br\u0105.<\/p>\n<p data-start=\"1606\" data-end=\"1676\">Net i\u0161rankiausia kat\u0117 suvalgo \u0161iuos skan\u0117stus tiesiai i\u0161 j\u016bs\u0173 rank\u0173.<\/p>\n<p data-start=\"1678\" data-end=\"1967\"><strong data-start=\"1678\" data-end=\"1690\">Sud\u0117tis:<\/strong> vi\u0161tiena, tunas, vanduo, tapioka, kiau\u0161inio baltymas, natrio kaseinatas, la\u0161i\u0161a, guaro guma, nat\u016bralus vi\u0161tienos skonis, nat\u016bral\u016bs skonio komponentai, mieli\u0173 ekstraktas, nat\u016bralus tuno skonis, E vitamino papildas, paprikos oleorezinas (spalva), \u017ealiosios arbatos ekstraktas.<\/p>\n<p data-start=\"1969\" data-end=\"2120\" data-is-last-node=\"\" data-is-only-node=\"\"><strong data-start=\"1969\" data-end=\"2003\">Analitin\u0117s sudedamosios dalys:<\/strong> baltymai (min) 22,00%, riebalai (min) 3,00%, skaidulos (max) 0,50%, dr\u0117gm\u0117 (max) 72,00%, E vitaminas (min) 80 VIE\/kg<\/p>\n","protected":false},"featured_media":55498,"template":"","meta":[],"product_brand":[],"product_cat":[527],"product_tag":[],"class_list":{"0":"post-55497","1":"product","2":"type-product","3":"status-publish","4":"has-post-thumbnail","6":"product_cat-skanestai","8":"first","9":"instock","10":"taxable","11":"shipping-taxable","12":"purchasable","13":"product-type-simple"},"yoast_head":"<!-- This site is optimized with the Yoast SEO plugin v27.4 - https:\/\/yoast.com\/product\/yoast-seo-wordpress\/ -->\n<title>Churu Bites su vi\u0161tiena, tunu ir la\u0161i\u0161a 3x10g - MiuMjau<\/title>\n<meta name=\"robots\" content=\"index, follow, max-snippet:-1, max-image-preview:large, max-video-preview:-1\" \/>\n<link rel=\"canonical\" href=\"https:\/\/miumjau.ee\/lt\/produktas\/churu-bites-su-vistiena-tunu-ir-lasisa-3x10g\/\" \/>\n<meta property=\"og:locale\" content=\"lt_LT\" \/>\n<meta property=\"og:type\" content=\"article\" \/>\n<meta property=\"og:title\" content=\"Churu Bites su vi\u0161tiena, tunu ir la\u0161i\u0161a 3x10g - MiuMjau\" \/>\n<meta property=\"og:description\" content=\"PAGAMINTA I\u0160 SVEIK\u0172 INGREDIJ\u0172, KURIOMS GALITE PASITIK\u0116TI: Kiekvienas INABA produktas pagamintas i\u0161 auk\u0161tos kokyb\u0117s sudedam\u0173j\u0173 dali\u0173, \u012fskaitant fermoje u\u017eaugint\u0105 vi\u0161tien\u0105 ir nat\u016braliai sugaut\u0105 tun\u0105. YPA\u010cI TEKST\u016aRA: kiekvienas pagalv\u0117l\u0117s formos k\u0105snis prasideda mink\u0161ta kepta vi\u0161tienos pasta, kuri neturi gr\u016bd\u0173, konservant\u0173, karrageeno ar dirbtini\u0173 da\u017eikli\u0173. Tada apvalkalai u\u017epildomi INABA skaniu Churu \u012fdaru, suteikiant j\u016bs\u0173 katei dar \u012fdomesn\u012f skon\u012f ir tekst\u016br\u0105. Net i\u0161rankiausia kat\u0117 suvalgo \u0161iuos skan\u0117stus tiesiai i\u0161 j\u016bs\u0173 rank\u0173. Sud\u0117tis: vi\u0161tiena, tunas, vanduo, tapioka, kiau\u0161inio baltymas, natrio kaseinatas, la\u0161i\u0161a, guaro guma, nat\u016bralus vi\u0161tienos skonis, nat\u016bral\u016bs skonio komponentai, mieli\u0173 ekstraktas, nat\u016bralus tuno skonis, E vitamino papildas, paprikos oleorezinas (spalva), \u017ealiosios arbatos ekstraktas. Analitin\u0117s sudedamosios dalys: baltymai (min) 22,00%, riebalai (min) 3,00%, skaidulos (max) 0,50%, dr\u0117gm\u0117 (max) 72,00%, E vitaminas (min) 80 VIE\/kg\" \/>\n<meta property=\"og:url\" content=\"https:\/\/miumjau.ee\/lt\/produktas\/churu-bites-su-vistiena-tunu-ir-lasisa-3x10g\/\" \/>\n<meta property=\"og:site_name\" content=\"MiuMjau\" \/>\n<meta property=\"article:publisher\" content=\"https:\/\/www.facebook.com\/miumjaupood\/\" \/>\n<meta property=\"og:image\" content=\"https:\/\/miumjau.ee\/wp-content\/uploads\/2025\/01\/churu-bites-chicken-tuna-salmon.jpg\" \/>\n\t<meta property=\"og:image:width\" content=\"600\" \/>\n\t<meta property=\"og:image:height\" content=\"800\" \/>\n\t<meta property=\"og:image:type\" content=\"image\/jpeg\" \/>\n<meta name=\"twitter:card\" content=\"summary_large_image\" \/>\n<script type=\"application\/ld+json\" class=\"yoast-schema-graph\">{\"@context\":\"https:\\\/\\\/schema.org\",\"@graph\":[{\"@type\":\"WebPage\",\"@id\":\"https:\\\/\\\/miumjau.ee\\\/lt\\\/produktas\\\/churu-bites-su-vistiena-tunu-ir-lasisa-3x10g\\\/\",\"url\":\"https:\\\/\\\/miumjau.ee\\\/lt\\\/produktas\\\/churu-bites-su-vistiena-tunu-ir-lasisa-3x10g\\\/\",\"name\":\"Churu Bites su vi\u0161tiena, tunu ir la\u0161i\u0161a 3x10g - MiuMjau\",\"isPartOf\":{\"@id\":\"https:\\\/\\\/miumjau.ee\\\/#website\"},\"primaryImageOfPage\":{\"@id\":\"https:\\\/\\\/miumjau.ee\\\/lt\\\/produktas\\\/churu-bites-su-vistiena-tunu-ir-lasisa-3x10g\\\/#primaryimage\"},\"image\":{\"@id\":\"https:\\\/\\\/miumjau.ee\\\/lt\\\/produktas\\\/churu-bites-su-vistiena-tunu-ir-lasisa-3x10g\\\/#primaryimage\"},\"thumbnailUrl\":\"https:\\\/\\\/miumjau.ee\\\/wp-content\\\/uploads\\\/2025\\\/01\\\/churu-bites-chicken-tuna-salmon.jpg\",\"datePublished\":\"2025-01-07T17:04:55+00:00\",\"breadcrumb\":{\"@id\":\"https:\\\/\\\/miumjau.ee\\\/lt\\\/produktas\\\/churu-bites-su-vistiena-tunu-ir-lasisa-3x10g\\\/#breadcrumb\"},\"inLanguage\":\"lt-LT\",\"potentialAction\":[{\"@type\":\"ReadAction\",\"target\":[\"https:\\\/\\\/miumjau.ee\\\/lt\\\/produktas\\\/churu-bites-su-vistiena-tunu-ir-lasisa-3x10g\\\/\"]}]},{\"@type\":\"ImageObject\",\"inLanguage\":\"lt-LT\",\"@id\":\"https:\\\/\\\/miumjau.ee\\\/lt\\\/produktas\\\/churu-bites-su-vistiena-tunu-ir-lasisa-3x10g\\\/#primaryimage\",\"url\":\"https:\\\/\\\/miumjau.ee\\\/wp-content\\\/uploads\\\/2025\\\/01\\\/churu-bites-chicken-tuna-salmon.jpg\",\"contentUrl\":\"https:\\\/\\\/miumjau.ee\\\/wp-content\\\/uploads\\\/2025\\\/01\\\/churu-bites-chicken-tuna-salmon.jpg\",\"width\":600,\"height\":800},{\"@type\":\"BreadcrumbList\",\"@id\":\"https:\\\/\\\/miumjau.ee\\\/lt\\\/produktas\\\/churu-bites-su-vistiena-tunu-ir-lasisa-3x10g\\\/#breadcrumb\",\"itemListElement\":[{\"@type\":\"ListItem\",\"position\":1,\"name\":\"Home\",\"item\":\"https:\\\/\\\/miumjau.ee\\\/lt\\\/\"},{\"@type\":\"ListItem\",\"position\":2,\"name\":\"Parduotuv\u0117\",\"item\":\"https:\\\/\\\/miumjau.ee\\\/lt\\\/parduotuve\\\/\"},{\"@type\":\"ListItem\",\"position\":3,\"name\":\"Churu Bites su vi\u0161tiena, tunu ir la\u0161i\u0161a 3x10g\"}]},{\"@type\":\"WebSite\",\"@id\":\"https:\\\/\\\/miumjau.ee\\\/#website\",\"url\":\"https:\\\/\\\/miumjau.ee\\\/\",\"name\":\"MiuMjau\",\"description\":\"Kraapimispuud kassidele\",\"publisher\":{\"@id\":\"https:\\\/\\\/miumjau.ee\\\/#organization\"},\"potentialAction\":[{\"@type\":\"SearchAction\",\"target\":{\"@type\":\"EntryPoint\",\"urlTemplate\":\"https:\\\/\\\/miumjau.ee\\\/?s={search_term_string}\"},\"query-input\":{\"@type\":\"PropertyValueSpecification\",\"valueRequired\":true,\"valueName\":\"search_term_string\"}}],\"inLanguage\":\"lt-LT\"},{\"@type\":\"Organization\",\"@id\":\"https:\\\/\\\/miumjau.ee\\\/#organization\",\"name\":\"MiuMjau O\u00dc\",\"url\":\"https:\\\/\\\/miumjau.ee\\\/\",\"logo\":{\"@type\":\"ImageObject\",\"inLanguage\":\"lt-LT\",\"@id\":\"https:\\\/\\\/miumjau.ee\\\/#\\\/schema\\\/logo\\\/image\\\/\",\"url\":\"https:\\\/\\\/miumjau.ee\\\/wp-content\\\/uploads\\\/2022\\\/04\\\/MiuMjau-logo-kollane.png\",\"contentUrl\":\"https:\\\/\\\/miumjau.ee\\\/wp-content\\\/uploads\\\/2022\\\/04\\\/MiuMjau-logo-kollane.png\",\"width\":219,\"height\":100,\"caption\":\"MiuMjau O\u00dc\"},\"image\":{\"@id\":\"https:\\\/\\\/miumjau.ee\\\/#\\\/schema\\\/logo\\\/image\\\/\"},\"sameAs\":[\"https:\\\/\\\/www.facebook.com\\\/miumjaupood\\\/\"]}]}<\/script>\n<!-- \/ Yoast SEO plugin. -->","yoast_head_json":{"title":"Churu Bites su vi\u0161tiena, tunu ir la\u0161i\u0161a 3x10g - MiuMjau","robots":{"index":"index","follow":"follow","max-snippet":"max-snippet:-1","max-image-preview":"max-image-preview:large","max-video-preview":"max-video-preview:-1"},"canonical":"https:\/\/miumjau.ee\/lt\/produktas\/churu-bites-su-vistiena-tunu-ir-lasisa-3x10g\/","og_locale":"lt_LT","og_type":"article","og_title":"Churu Bites su vi\u0161tiena, tunu ir la\u0161i\u0161a 3x10g - MiuMjau","og_description":"PAGAMINTA I\u0160 SVEIK\u0172 INGREDIJ\u0172, KURIOMS GALITE PASITIK\u0116TI: Kiekvienas INABA produktas pagamintas i\u0161 auk\u0161tos kokyb\u0117s sudedam\u0173j\u0173 dali\u0173, \u012fskaitant fermoje u\u017eaugint\u0105 vi\u0161tien\u0105 ir nat\u016braliai sugaut\u0105 tun\u0105. YPA\u010cI TEKST\u016aRA: kiekvienas pagalv\u0117l\u0117s formos k\u0105snis prasideda mink\u0161ta kepta vi\u0161tienos pasta, kuri neturi gr\u016bd\u0173, konservant\u0173, karrageeno ar dirbtini\u0173 da\u017eikli\u0173. Tada apvalkalai u\u017epildomi INABA skaniu Churu \u012fdaru, suteikiant j\u016bs\u0173 katei dar \u012fdomesn\u012f skon\u012f ir tekst\u016br\u0105. Net i\u0161rankiausia kat\u0117 suvalgo \u0161iuos skan\u0117stus tiesiai i\u0161 j\u016bs\u0173 rank\u0173. Sud\u0117tis: vi\u0161tiena, tunas, vanduo, tapioka, kiau\u0161inio baltymas, natrio kaseinatas, la\u0161i\u0161a, guaro guma, nat\u016bralus vi\u0161tienos skonis, nat\u016bral\u016bs skonio komponentai, mieli\u0173 ekstraktas, nat\u016bralus tuno skonis, E vitamino papildas, paprikos oleorezinas (spalva), \u017ealiosios arbatos ekstraktas. Analitin\u0117s sudedamosios dalys: baltymai (min) 22,00%, riebalai (min) 3,00%, skaidulos (max) 0,50%, dr\u0117gm\u0117 (max) 72,00%, E vitaminas (min) 80 VIE\/kg","og_url":"https:\/\/miumjau.ee\/lt\/produktas\/churu-bites-su-vistiena-tunu-ir-lasisa-3x10g\/","og_site_name":"MiuMjau","article_publisher":"https:\/\/www.facebook.com\/miumjaupood\/","og_image":[{"width":600,"height":800,"url":"https:\/\/miumjau.ee\/wp-content\/uploads\/2025\/01\/churu-bites-chicken-tuna-salmon.jpg","type":"image\/jpeg"}],"twitter_card":"summary_large_image","schema":{"@context":"https:\/\/schema.org","@graph":[{"@type":"WebPage","@id":"https:\/\/miumjau.ee\/lt\/produktas\/churu-bites-su-vistiena-tunu-ir-lasisa-3x10g\/","url":"https:\/\/miumjau.ee\/lt\/produktas\/churu-bites-su-vistiena-tunu-ir-lasisa-3x10g\/","name":"Churu Bites su vi\u0161tiena, tunu ir la\u0161i\u0161a 3x10g - MiuMjau","isPartOf":{"@id":"https:\/\/miumjau.ee\/#website"},"primaryImageOfPage":{"@id":"https:\/\/miumjau.ee\/lt\/produktas\/churu-bites-su-vistiena-tunu-ir-lasisa-3x10g\/#primaryimage"},"image":{"@id":"https:\/\/miumjau.ee\/lt\/produktas\/churu-bites-su-vistiena-tunu-ir-lasisa-3x10g\/#primaryimage"},"thumbnailUrl":"https:\/\/miumjau.ee\/wp-content\/uploads\/2025\/01\/churu-bites-chicken-tuna-salmon.jpg","datePublished":"2025-01-07T17:04:55+00:00","breadcrumb":{"@id":"https:\/\/miumjau.ee\/lt\/produktas\/churu-bites-su-vistiena-tunu-ir-lasisa-3x10g\/#breadcrumb"},"inLanguage":"lt-LT","potentialAction":[{"@type":"ReadAction","target":["https:\/\/miumjau.ee\/lt\/produktas\/churu-bites-su-vistiena-tunu-ir-lasisa-3x10g\/"]}]},{"@type":"ImageObject","inLanguage":"lt-LT","@id":"https:\/\/miumjau.ee\/lt\/produktas\/churu-bites-su-vistiena-tunu-ir-lasisa-3x10g\/#primaryimage","url":"https:\/\/miumjau.ee\/wp-content\/uploads\/2025\/01\/churu-bites-chicken-tuna-salmon.jpg","contentUrl":"https:\/\/miumjau.ee\/wp-content\/uploads\/2025\/01\/churu-bites-chicken-tuna-salmon.jpg","width":600,"height":800},{"@type":"BreadcrumbList","@id":"https:\/\/miumjau.ee\/lt\/produktas\/churu-bites-su-vistiena-tunu-ir-lasisa-3x10g\/#breadcrumb","itemListElement":[{"@type":"ListItem","position":1,"name":"Home","item":"https:\/\/miumjau.ee\/lt\/"},{"@type":"ListItem","position":2,"name":"Parduotuv\u0117","item":"https:\/\/miumjau.ee\/lt\/parduotuve\/"},{"@type":"ListItem","position":3,"name":"Churu Bites su vi\u0161tiena, tunu ir la\u0161i\u0161a 3x10g"}]},{"@type":"WebSite","@id":"https:\/\/miumjau.ee\/#website","url":"https:\/\/miumjau.ee\/","name":"MiuMjau","description":"Kraapimispuud kassidele","publisher":{"@id":"https:\/\/miumjau.ee\/#organization"},"potentialAction":[{"@type":"SearchAction","target":{"@type":"EntryPoint","urlTemplate":"https:\/\/miumjau.ee\/?s={search_term_string}"},"query-input":{"@type":"PropertyValueSpecification","valueRequired":true,"valueName":"search_term_string"}}],"inLanguage":"lt-LT"},{"@type":"Organization","@id":"https:\/\/miumjau.ee\/#organization","name":"MiuMjau O\u00dc","url":"https:\/\/miumjau.ee\/","logo":{"@type":"ImageObject","inLanguage":"lt-LT","@id":"https:\/\/miumjau.ee\/#\/schema\/logo\/image\/","url":"https:\/\/miumjau.ee\/wp-content\/uploads\/2022\/04\/MiuMjau-logo-kollane.png","contentUrl":"https:\/\/miumjau.ee\/wp-content\/uploads\/2022\/04\/MiuMjau-logo-kollane.png","width":219,"height":100,"caption":"MiuMjau O\u00dc"},"image":{"@id":"https:\/\/miumjau.ee\/#\/schema\/logo\/image\/"},"sameAs":["https:\/\/www.facebook.com\/miumjaupood\/"]}]}},"_links":{"self":[{"href":"https:\/\/miumjau.ee\/lt\/wp-json\/wp\/v2\/product\/55497","targetHints":{"allow":["GET"]}}],"collection":[{"href":"https:\/\/miumjau.ee\/lt\/wp-json\/wp\/v2\/product"}],"about":[{"href":"https:\/\/miumjau.ee\/lt\/wp-json\/wp\/v2\/types\/product"}],"wp:featuredmedia":[{"embeddable":true,"href":"https:\/\/miumjau.ee\/lt\/wp-json\/wp\/v2\/media\/55498"}],"wp:attachment":[{"href":"https:\/\/miumjau.ee\/lt\/wp-json\/wp\/v2\/media?parent=55497"}],"wp:term":[{"taxonomy":"product_brand","embeddable":true,"href":"https:\/\/miumjau.ee\/lt\/wp-json\/wp\/v2\/product_brand?post=55497"},{"taxonomy":"product_cat","embeddable":true,"href":"https:\/\/miumjau.ee\/lt\/wp-json\/wp\/v2\/product_cat?post=55497"},{"taxonomy":"product_tag","embeddable":true,"href":"https:\/\/miumjau.ee\/lt\/wp-json\/wp\/v2\/product_tag?post=55497"}],"curies":[{"name":"wp","href":"https:\/\/api.w.org\/{rel}","templated":true}]}}