{"id":55454,"date":"2024-12-31T18:20:02","date_gmt":"2024-12-31T16:20:02","guid":{"rendered":"https:\/\/miumjau.ee\/toode\/zaislas-su-katzole-yeowww-drugelis-raudonas\/"},"modified":"2024-12-31T18:20:02","modified_gmt":"2024-12-31T16:20:02","slug":"zaislas-su-katzole-yeowww-drugelis-raudonas","status":"publish","type":"product","link":"https:\/\/miumjau.ee\/lt\/produktas\/zaislas-su-katzole-yeowww-drugelis-raudonas\/","title":{"rendered":"\u017daislas su kat\u017eol\u0117 Yeowww! Drugelis, raudonas"},"content":{"rendered":"","protected":false},"excerpt":{"rendered":"<p data-start=\"529\" data-end=\"814\">Yeowww \u017eaislas u\u017epildytas nat\u016bralia kat\u017eole, kuri suteikia kat\u0117ms linksm\u0105 ir stimuliuojan\u010di\u0105 \u017eaidimo patirt\u012f. Nat\u016bralus ir saugus \u017eaislas. Kat\u0117ms labai patinka j\u012f suimti visomis letenomis, kramtyti ir beproti\u0161kai mosuoti kojomis. Tai suteikia daug linksmybi\u0173! D\u017eiaugsmingas dizainas.<\/p>\n<p data-start=\"816\" data-end=\"876\" data-is-last-node=\"\" data-is-only-node=\"\"><strong data-start=\"816\" data-end=\"829\">Matmenys:<\/strong> apie 13 x 6 cm, sparnai i\u0161 tra\u0161kios med\u017eiagos.<\/p>\n","protected":false},"featured_media":55455,"template":"","meta":[],"product_brand":[],"product_cat":[520],"product_tag":[],"class_list":{"0":"post-55454","1":"product","2":"type-product","3":"status-publish","4":"has-post-thumbnail","6":"product_cat-kaciu-zaislai","8":"first","9":"instock","10":"taxable","11":"shipping-taxable","12":"purchasable","13":"product-type-simple"},"yoast_head":"<!-- This site is optimized with the Yoast SEO plugin v27.4 - https:\/\/yoast.com\/product\/yoast-seo-wordpress\/ -->\n<title>\u017daislas su kat\u017eol\u0117 Yeowww! Drugelis, raudonas - MiuMjau<\/title>\n<meta name=\"robots\" content=\"index, follow, max-snippet:-1, max-image-preview:large, max-video-preview:-1\" \/>\n<link rel=\"canonical\" href=\"https:\/\/miumjau.ee\/lt\/produktas\/zaislas-su-katzole-yeowww-drugelis-raudonas\/\" \/>\n<meta property=\"og:locale\" content=\"lt_LT\" \/>\n<meta property=\"og:type\" content=\"article\" \/>\n<meta property=\"og:title\" content=\"\u017daislas su kat\u017eol\u0117 Yeowww! Drugelis, raudonas - MiuMjau\" \/>\n<meta property=\"og:description\" content=\"Yeowww \u017eaislas u\u017epildytas nat\u016bralia kat\u017eole, kuri suteikia kat\u0117ms linksm\u0105 ir stimuliuojan\u010di\u0105 \u017eaidimo patirt\u012f. Nat\u016bralus ir saugus \u017eaislas. Kat\u0117ms labai patinka j\u012f suimti visomis letenomis, kramtyti ir beproti\u0161kai mosuoti kojomis. Tai suteikia daug linksmybi\u0173! D\u017eiaugsmingas dizainas. Matmenys: apie 13 x 6 cm, sparnai i\u0161 tra\u0161kios med\u017eiagos.\" \/>\n<meta property=\"og:url\" content=\"https:\/\/miumjau.ee\/lt\/produktas\/zaislas-su-katzole-yeowww-drugelis-raudonas\/\" \/>\n<meta property=\"og:site_name\" content=\"MiuMjau\" \/>\n<meta property=\"article:publisher\" content=\"https:\/\/www.facebook.com\/miumjaupood\/\" \/>\n<meta property=\"og:image\" content=\"https:\/\/miumjau.ee\/wp-content\/uploads\/2024\/12\/yeoww-kassi-manguasi-liblikas.jpg\" \/>\n\t<meta property=\"og:image:width\" content=\"600\" \/>\n\t<meta property=\"og:image:height\" content=\"800\" \/>\n\t<meta property=\"og:image:type\" content=\"image\/jpeg\" \/>\n<meta name=\"twitter:card\" content=\"summary_large_image\" \/>\n<script type=\"application\/ld+json\" class=\"yoast-schema-graph\">{\"@context\":\"https:\\\/\\\/schema.org\",\"@graph\":[{\"@type\":\"WebPage\",\"@id\":\"https:\\\/\\\/miumjau.ee\\\/lt\\\/produktas\\\/zaislas-su-katzole-yeowww-drugelis-raudonas\\\/\",\"url\":\"https:\\\/\\\/miumjau.ee\\\/lt\\\/produktas\\\/zaislas-su-katzole-yeowww-drugelis-raudonas\\\/\",\"name\":\"\u017daislas su kat\u017eol\u0117 Yeowww! Drugelis, raudonas - MiuMjau\",\"isPartOf\":{\"@id\":\"https:\\\/\\\/miumjau.ee\\\/#website\"},\"primaryImageOfPage\":{\"@id\":\"https:\\\/\\\/miumjau.ee\\\/lt\\\/produktas\\\/zaislas-su-katzole-yeowww-drugelis-raudonas\\\/#primaryimage\"},\"image\":{\"@id\":\"https:\\\/\\\/miumjau.ee\\\/lt\\\/produktas\\\/zaislas-su-katzole-yeowww-drugelis-raudonas\\\/#primaryimage\"},\"thumbnailUrl\":\"https:\\\/\\\/miumjau.ee\\\/wp-content\\\/uploads\\\/2024\\\/12\\\/yeoww-kassi-manguasi-liblikas.jpg\",\"datePublished\":\"2024-12-31T16:20:02+00:00\",\"breadcrumb\":{\"@id\":\"https:\\\/\\\/miumjau.ee\\\/lt\\\/produktas\\\/zaislas-su-katzole-yeowww-drugelis-raudonas\\\/#breadcrumb\"},\"inLanguage\":\"lt-LT\",\"potentialAction\":[{\"@type\":\"ReadAction\",\"target\":[\"https:\\\/\\\/miumjau.ee\\\/lt\\\/produktas\\\/zaislas-su-katzole-yeowww-drugelis-raudonas\\\/\"]}]},{\"@type\":\"ImageObject\",\"inLanguage\":\"lt-LT\",\"@id\":\"https:\\\/\\\/miumjau.ee\\\/lt\\\/produktas\\\/zaislas-su-katzole-yeowww-drugelis-raudonas\\\/#primaryimage\",\"url\":\"https:\\\/\\\/miumjau.ee\\\/wp-content\\\/uploads\\\/2024\\\/12\\\/yeoww-kassi-manguasi-liblikas.jpg\",\"contentUrl\":\"https:\\\/\\\/miumjau.ee\\\/wp-content\\\/uploads\\\/2024\\\/12\\\/yeoww-kassi-manguasi-liblikas.jpg\",\"width\":600,\"height\":800},{\"@type\":\"BreadcrumbList\",\"@id\":\"https:\\\/\\\/miumjau.ee\\\/lt\\\/produktas\\\/zaislas-su-katzole-yeowww-drugelis-raudonas\\\/#breadcrumb\",\"itemListElement\":[{\"@type\":\"ListItem\",\"position\":1,\"name\":\"Home\",\"item\":\"https:\\\/\\\/miumjau.ee\\\/lt\\\/\"},{\"@type\":\"ListItem\",\"position\":2,\"name\":\"Parduotuv\u0117\",\"item\":\"https:\\\/\\\/miumjau.ee\\\/lt\\\/parduotuve\\\/\"},{\"@type\":\"ListItem\",\"position\":3,\"name\":\"\u017daislas su kat\u017eol\u0117 Yeowww! Drugelis, raudonas\"}]},{\"@type\":\"WebSite\",\"@id\":\"https:\\\/\\\/miumjau.ee\\\/#website\",\"url\":\"https:\\\/\\\/miumjau.ee\\\/\",\"name\":\"MiuMjau\",\"description\":\"Kraapimispuud kassidele\",\"publisher\":{\"@id\":\"https:\\\/\\\/miumjau.ee\\\/#organization\"},\"potentialAction\":[{\"@type\":\"SearchAction\",\"target\":{\"@type\":\"EntryPoint\",\"urlTemplate\":\"https:\\\/\\\/miumjau.ee\\\/?s={search_term_string}\"},\"query-input\":{\"@type\":\"PropertyValueSpecification\",\"valueRequired\":true,\"valueName\":\"search_term_string\"}}],\"inLanguage\":\"lt-LT\"},{\"@type\":\"Organization\",\"@id\":\"https:\\\/\\\/miumjau.ee\\\/#organization\",\"name\":\"MiuMjau O\u00dc\",\"url\":\"https:\\\/\\\/miumjau.ee\\\/\",\"logo\":{\"@type\":\"ImageObject\",\"inLanguage\":\"lt-LT\",\"@id\":\"https:\\\/\\\/miumjau.ee\\\/#\\\/schema\\\/logo\\\/image\\\/\",\"url\":\"https:\\\/\\\/miumjau.ee\\\/wp-content\\\/uploads\\\/2022\\\/04\\\/MiuMjau-logo-kollane.png\",\"contentUrl\":\"https:\\\/\\\/miumjau.ee\\\/wp-content\\\/uploads\\\/2022\\\/04\\\/MiuMjau-logo-kollane.png\",\"width\":219,\"height\":100,\"caption\":\"MiuMjau O\u00dc\"},\"image\":{\"@id\":\"https:\\\/\\\/miumjau.ee\\\/#\\\/schema\\\/logo\\\/image\\\/\"},\"sameAs\":[\"https:\\\/\\\/www.facebook.com\\\/miumjaupood\\\/\"]}]}<\/script>\n<!-- \/ Yoast SEO plugin. -->","yoast_head_json":{"title":"\u017daislas su kat\u017eol\u0117 Yeowww! Drugelis, raudonas - MiuMjau","robots":{"index":"index","follow":"follow","max-snippet":"max-snippet:-1","max-image-preview":"max-image-preview:large","max-video-preview":"max-video-preview:-1"},"canonical":"https:\/\/miumjau.ee\/lt\/produktas\/zaislas-su-katzole-yeowww-drugelis-raudonas\/","og_locale":"lt_LT","og_type":"article","og_title":"\u017daislas su kat\u017eol\u0117 Yeowww! Drugelis, raudonas - MiuMjau","og_description":"Yeowww \u017eaislas u\u017epildytas nat\u016bralia kat\u017eole, kuri suteikia kat\u0117ms linksm\u0105 ir stimuliuojan\u010di\u0105 \u017eaidimo patirt\u012f. Nat\u016bralus ir saugus \u017eaislas. Kat\u0117ms labai patinka j\u012f suimti visomis letenomis, kramtyti ir beproti\u0161kai mosuoti kojomis. Tai suteikia daug linksmybi\u0173! D\u017eiaugsmingas dizainas. Matmenys: apie 13 x 6 cm, sparnai i\u0161 tra\u0161kios med\u017eiagos.","og_url":"https:\/\/miumjau.ee\/lt\/produktas\/zaislas-su-katzole-yeowww-drugelis-raudonas\/","og_site_name":"MiuMjau","article_publisher":"https:\/\/www.facebook.com\/miumjaupood\/","og_image":[{"width":600,"height":800,"url":"https:\/\/miumjau.ee\/wp-content\/uploads\/2024\/12\/yeoww-kassi-manguasi-liblikas.jpg","type":"image\/jpeg"}],"twitter_card":"summary_large_image","schema":{"@context":"https:\/\/schema.org","@graph":[{"@type":"WebPage","@id":"https:\/\/miumjau.ee\/lt\/produktas\/zaislas-su-katzole-yeowww-drugelis-raudonas\/","url":"https:\/\/miumjau.ee\/lt\/produktas\/zaislas-su-katzole-yeowww-drugelis-raudonas\/","name":"\u017daislas su kat\u017eol\u0117 Yeowww! Drugelis, raudonas - MiuMjau","isPartOf":{"@id":"https:\/\/miumjau.ee\/#website"},"primaryImageOfPage":{"@id":"https:\/\/miumjau.ee\/lt\/produktas\/zaislas-su-katzole-yeowww-drugelis-raudonas\/#primaryimage"},"image":{"@id":"https:\/\/miumjau.ee\/lt\/produktas\/zaislas-su-katzole-yeowww-drugelis-raudonas\/#primaryimage"},"thumbnailUrl":"https:\/\/miumjau.ee\/wp-content\/uploads\/2024\/12\/yeoww-kassi-manguasi-liblikas.jpg","datePublished":"2024-12-31T16:20:02+00:00","breadcrumb":{"@id":"https:\/\/miumjau.ee\/lt\/produktas\/zaislas-su-katzole-yeowww-drugelis-raudonas\/#breadcrumb"},"inLanguage":"lt-LT","potentialAction":[{"@type":"ReadAction","target":["https:\/\/miumjau.ee\/lt\/produktas\/zaislas-su-katzole-yeowww-drugelis-raudonas\/"]}]},{"@type":"ImageObject","inLanguage":"lt-LT","@id":"https:\/\/miumjau.ee\/lt\/produktas\/zaislas-su-katzole-yeowww-drugelis-raudonas\/#primaryimage","url":"https:\/\/miumjau.ee\/wp-content\/uploads\/2024\/12\/yeoww-kassi-manguasi-liblikas.jpg","contentUrl":"https:\/\/miumjau.ee\/wp-content\/uploads\/2024\/12\/yeoww-kassi-manguasi-liblikas.jpg","width":600,"height":800},{"@type":"BreadcrumbList","@id":"https:\/\/miumjau.ee\/lt\/produktas\/zaislas-su-katzole-yeowww-drugelis-raudonas\/#breadcrumb","itemListElement":[{"@type":"ListItem","position":1,"name":"Home","item":"https:\/\/miumjau.ee\/lt\/"},{"@type":"ListItem","position":2,"name":"Parduotuv\u0117","item":"https:\/\/miumjau.ee\/lt\/parduotuve\/"},{"@type":"ListItem","position":3,"name":"\u017daislas su kat\u017eol\u0117 Yeowww! Drugelis, raudonas"}]},{"@type":"WebSite","@id":"https:\/\/miumjau.ee\/#website","url":"https:\/\/miumjau.ee\/","name":"MiuMjau","description":"Kraapimispuud kassidele","publisher":{"@id":"https:\/\/miumjau.ee\/#organization"},"potentialAction":[{"@type":"SearchAction","target":{"@type":"EntryPoint","urlTemplate":"https:\/\/miumjau.ee\/?s={search_term_string}"},"query-input":{"@type":"PropertyValueSpecification","valueRequired":true,"valueName":"search_term_string"}}],"inLanguage":"lt-LT"},{"@type":"Organization","@id":"https:\/\/miumjau.ee\/#organization","name":"MiuMjau O\u00dc","url":"https:\/\/miumjau.ee\/","logo":{"@type":"ImageObject","inLanguage":"lt-LT","@id":"https:\/\/miumjau.ee\/#\/schema\/logo\/image\/","url":"https:\/\/miumjau.ee\/wp-content\/uploads\/2022\/04\/MiuMjau-logo-kollane.png","contentUrl":"https:\/\/miumjau.ee\/wp-content\/uploads\/2022\/04\/MiuMjau-logo-kollane.png","width":219,"height":100,"caption":"MiuMjau O\u00dc"},"image":{"@id":"https:\/\/miumjau.ee\/#\/schema\/logo\/image\/"},"sameAs":["https:\/\/www.facebook.com\/miumjaupood\/"]}]}},"_links":{"self":[{"href":"https:\/\/miumjau.ee\/lt\/wp-json\/wp\/v2\/product\/55454","targetHints":{"allow":["GET"]}}],"collection":[{"href":"https:\/\/miumjau.ee\/lt\/wp-json\/wp\/v2\/product"}],"about":[{"href":"https:\/\/miumjau.ee\/lt\/wp-json\/wp\/v2\/types\/product"}],"wp:featuredmedia":[{"embeddable":true,"href":"https:\/\/miumjau.ee\/lt\/wp-json\/wp\/v2\/media\/55455"}],"wp:attachment":[{"href":"https:\/\/miumjau.ee\/lt\/wp-json\/wp\/v2\/media?parent=55454"}],"wp:term":[{"taxonomy":"product_brand","embeddable":true,"href":"https:\/\/miumjau.ee\/lt\/wp-json\/wp\/v2\/product_brand?post=55454"},{"taxonomy":"product_cat","embeddable":true,"href":"https:\/\/miumjau.ee\/lt\/wp-json\/wp\/v2\/product_cat?post=55454"},{"taxonomy":"product_tag","embeddable":true,"href":"https:\/\/miumjau.ee\/lt\/wp-json\/wp\/v2\/product_tag?post=55454"}],"curies":[{"name":"wp","href":"https:\/\/api.w.org\/{rel}","templated":true}]}}