{"id":55449,"date":"2025-01-14T10:14:22","date_gmt":"2025-01-14T08:14:22","guid":{"rendered":"https:\/\/miumjau.ee\/toode\/churu-rolls-skanestai-katei-su-vistiena-4x10g\/"},"modified":"2025-01-14T10:14:22","modified_gmt":"2025-01-14T08:14:22","slug":"churu-rolls-skanestai-katei-su-vistiena-4x10g","status":"publish","type":"product","link":"https:\/\/miumjau.ee\/lt\/produktas\/churu-rolls-skanestai-katei-su-vistiena-4x10g\/","title":{"rendered":"Churu Rolls skan\u0117stai katei su vi\u0161tiena 4x10g"},"content":{"rendered":"","protected":false},"excerpt":{"rendered":"<p><strong data-start=\"686\" data-end=\"698\">SUD\u0116TIS:<\/strong><br data-start=\"698\" data-end=\"701\" \/>Vi\u0161tiena (59,1%), tunas (16,3%), tapioka (d\u017eiovinta), kiau\u0161inio baltymas, natrio kazeinatas, vi\u0161tiena, miel\u0117s ir j\u0173 komponentai, \u017ealiosios arbatos ekstraktas, guaro guma (E412) 6,3 g, aromatai ir skonio priedai, 2, botani\u0161kai apibr\u0117\u017eti nat\u016bral\u016bs produktai, paprikos oleorezinas 0,1 g, E vitaminas 121 mg.<\/p>\n","protected":false},"featured_media":55437,"template":"","meta":[],"product_brand":[],"product_cat":[527],"product_tag":[],"class_list":{"0":"post-55449","1":"product","2":"type-product","3":"status-publish","4":"has-post-thumbnail","6":"product_cat-skanestai","8":"first","9":"instock","10":"sale","11":"taxable","12":"shipping-taxable","13":"purchasable","14":"product-type-simple"},"yoast_head":"<!-- This site is optimized with the Yoast SEO plugin v27.4 - https:\/\/yoast.com\/product\/yoast-seo-wordpress\/ -->\n<title>Churu Rolls skan\u0117stai katei su vi\u0161tiena 4x10g - MiuMjau<\/title>\n<meta name=\"robots\" content=\"index, follow, max-snippet:-1, max-image-preview:large, max-video-preview:-1\" \/>\n<link rel=\"canonical\" href=\"https:\/\/miumjau.ee\/lt\/produktas\/churu-rolls-skanestai-katei-su-vistiena-4x10g\/\" \/>\n<meta property=\"og:locale\" content=\"lt_LT\" \/>\n<meta property=\"og:type\" content=\"article\" \/>\n<meta property=\"og:title\" content=\"Churu Rolls skan\u0117stai katei su vi\u0161tiena 4x10g - MiuMjau\" \/>\n<meta property=\"og:description\" content=\"SUD\u0116TIS:Vi\u0161tiena (59,1%), tunas (16,3%), tapioka (d\u017eiovinta), kiau\u0161inio baltymas, natrio kazeinatas, vi\u0161tiena, miel\u0117s ir j\u0173 komponentai, \u017ealiosios arbatos ekstraktas, guaro guma (E412) 6,3 g, aromatai ir skonio priedai, 2, botani\u0161kai apibr\u0117\u017eti nat\u016bral\u016bs produktai, paprikos oleorezinas 0,1 g, E vitaminas 121 mg.\" \/>\n<meta property=\"og:url\" content=\"https:\/\/miumjau.ee\/lt\/produktas\/churu-rolls-skanestai-katei-su-vistiena-4x10g\/\" \/>\n<meta property=\"og:site_name\" content=\"MiuMjau\" \/>\n<meta property=\"article:publisher\" content=\"https:\/\/www.facebook.com\/miumjaupood\/\" \/>\n<meta property=\"og:image\" content=\"https:\/\/miumjau.ee\/wp-content\/uploads\/2025\/01\/churu-maiused-kassidele-uued1.jpg\" \/>\n\t<meta property=\"og:image:width\" content=\"600\" \/>\n\t<meta property=\"og:image:height\" content=\"800\" \/>\n\t<meta property=\"og:image:type\" content=\"image\/jpeg\" \/>\n<meta name=\"twitter:card\" content=\"summary_large_image\" \/>\n<script type=\"application\/ld+json\" class=\"yoast-schema-graph\">{\"@context\":\"https:\\\/\\\/schema.org\",\"@graph\":[{\"@type\":\"WebPage\",\"@id\":\"https:\\\/\\\/miumjau.ee\\\/lt\\\/produktas\\\/churu-rolls-skanestai-katei-su-vistiena-4x10g\\\/\",\"url\":\"https:\\\/\\\/miumjau.ee\\\/lt\\\/produktas\\\/churu-rolls-skanestai-katei-su-vistiena-4x10g\\\/\",\"name\":\"Churu Rolls skan\u0117stai katei su vi\u0161tiena 4x10g - MiuMjau\",\"isPartOf\":{\"@id\":\"https:\\\/\\\/miumjau.ee\\\/#website\"},\"primaryImageOfPage\":{\"@id\":\"https:\\\/\\\/miumjau.ee\\\/lt\\\/produktas\\\/churu-rolls-skanestai-katei-su-vistiena-4x10g\\\/#primaryimage\"},\"image\":{\"@id\":\"https:\\\/\\\/miumjau.ee\\\/lt\\\/produktas\\\/churu-rolls-skanestai-katei-su-vistiena-4x10g\\\/#primaryimage\"},\"thumbnailUrl\":\"https:\\\/\\\/miumjau.ee\\\/wp-content\\\/uploads\\\/2025\\\/01\\\/churu-maiused-kassidele-uued1.jpg\",\"datePublished\":\"2025-01-14T08:14:22+00:00\",\"breadcrumb\":{\"@id\":\"https:\\\/\\\/miumjau.ee\\\/lt\\\/produktas\\\/churu-rolls-skanestai-katei-su-vistiena-4x10g\\\/#breadcrumb\"},\"inLanguage\":\"lt-LT\",\"potentialAction\":[{\"@type\":\"ReadAction\",\"target\":[\"https:\\\/\\\/miumjau.ee\\\/lt\\\/produktas\\\/churu-rolls-skanestai-katei-su-vistiena-4x10g\\\/\"]}]},{\"@type\":\"ImageObject\",\"inLanguage\":\"lt-LT\",\"@id\":\"https:\\\/\\\/miumjau.ee\\\/lt\\\/produktas\\\/churu-rolls-skanestai-katei-su-vistiena-4x10g\\\/#primaryimage\",\"url\":\"https:\\\/\\\/miumjau.ee\\\/wp-content\\\/uploads\\\/2025\\\/01\\\/churu-maiused-kassidele-uued1.jpg\",\"contentUrl\":\"https:\\\/\\\/miumjau.ee\\\/wp-content\\\/uploads\\\/2025\\\/01\\\/churu-maiused-kassidele-uued1.jpg\",\"width\":600,\"height\":800},{\"@type\":\"BreadcrumbList\",\"@id\":\"https:\\\/\\\/miumjau.ee\\\/lt\\\/produktas\\\/churu-rolls-skanestai-katei-su-vistiena-4x10g\\\/#breadcrumb\",\"itemListElement\":[{\"@type\":\"ListItem\",\"position\":1,\"name\":\"Home\",\"item\":\"https:\\\/\\\/miumjau.ee\\\/lt\\\/\"},{\"@type\":\"ListItem\",\"position\":2,\"name\":\"Parduotuv\u0117\",\"item\":\"https:\\\/\\\/miumjau.ee\\\/lt\\\/parduotuve\\\/\"},{\"@type\":\"ListItem\",\"position\":3,\"name\":\"Churu Rolls skan\u0117stai katei su vi\u0161tiena 4x10g\"}]},{\"@type\":\"WebSite\",\"@id\":\"https:\\\/\\\/miumjau.ee\\\/#website\",\"url\":\"https:\\\/\\\/miumjau.ee\\\/\",\"name\":\"MiuMjau\",\"description\":\"Kraapimispuud kassidele\",\"publisher\":{\"@id\":\"https:\\\/\\\/miumjau.ee\\\/#organization\"},\"potentialAction\":[{\"@type\":\"SearchAction\",\"target\":{\"@type\":\"EntryPoint\",\"urlTemplate\":\"https:\\\/\\\/miumjau.ee\\\/?s={search_term_string}\"},\"query-input\":{\"@type\":\"PropertyValueSpecification\",\"valueRequired\":true,\"valueName\":\"search_term_string\"}}],\"inLanguage\":\"lt-LT\"},{\"@type\":\"Organization\",\"@id\":\"https:\\\/\\\/miumjau.ee\\\/#organization\",\"name\":\"MiuMjau O\u00dc\",\"url\":\"https:\\\/\\\/miumjau.ee\\\/\",\"logo\":{\"@type\":\"ImageObject\",\"inLanguage\":\"lt-LT\",\"@id\":\"https:\\\/\\\/miumjau.ee\\\/#\\\/schema\\\/logo\\\/image\\\/\",\"url\":\"https:\\\/\\\/miumjau.ee\\\/wp-content\\\/uploads\\\/2022\\\/04\\\/MiuMjau-logo-kollane.png\",\"contentUrl\":\"https:\\\/\\\/miumjau.ee\\\/wp-content\\\/uploads\\\/2022\\\/04\\\/MiuMjau-logo-kollane.png\",\"width\":219,\"height\":100,\"caption\":\"MiuMjau O\u00dc\"},\"image\":{\"@id\":\"https:\\\/\\\/miumjau.ee\\\/#\\\/schema\\\/logo\\\/image\\\/\"},\"sameAs\":[\"https:\\\/\\\/www.facebook.com\\\/miumjaupood\\\/\"]}]}<\/script>\n<!-- \/ Yoast SEO plugin. -->","yoast_head_json":{"title":"Churu Rolls skan\u0117stai katei su vi\u0161tiena 4x10g - MiuMjau","robots":{"index":"index","follow":"follow","max-snippet":"max-snippet:-1","max-image-preview":"max-image-preview:large","max-video-preview":"max-video-preview:-1"},"canonical":"https:\/\/miumjau.ee\/lt\/produktas\/churu-rolls-skanestai-katei-su-vistiena-4x10g\/","og_locale":"lt_LT","og_type":"article","og_title":"Churu Rolls skan\u0117stai katei su vi\u0161tiena 4x10g - MiuMjau","og_description":"SUD\u0116TIS:Vi\u0161tiena (59,1%), tunas (16,3%), tapioka (d\u017eiovinta), kiau\u0161inio baltymas, natrio kazeinatas, vi\u0161tiena, miel\u0117s ir j\u0173 komponentai, \u017ealiosios arbatos ekstraktas, guaro guma (E412) 6,3 g, aromatai ir skonio priedai, 2, botani\u0161kai apibr\u0117\u017eti nat\u016bral\u016bs produktai, paprikos oleorezinas 0,1 g, E vitaminas 121 mg.","og_url":"https:\/\/miumjau.ee\/lt\/produktas\/churu-rolls-skanestai-katei-su-vistiena-4x10g\/","og_site_name":"MiuMjau","article_publisher":"https:\/\/www.facebook.com\/miumjaupood\/","og_image":[{"width":600,"height":800,"url":"https:\/\/miumjau.ee\/wp-content\/uploads\/2025\/01\/churu-maiused-kassidele-uued1.jpg","type":"image\/jpeg"}],"twitter_card":"summary_large_image","schema":{"@context":"https:\/\/schema.org","@graph":[{"@type":"WebPage","@id":"https:\/\/miumjau.ee\/lt\/produktas\/churu-rolls-skanestai-katei-su-vistiena-4x10g\/","url":"https:\/\/miumjau.ee\/lt\/produktas\/churu-rolls-skanestai-katei-su-vistiena-4x10g\/","name":"Churu Rolls skan\u0117stai katei su vi\u0161tiena 4x10g - MiuMjau","isPartOf":{"@id":"https:\/\/miumjau.ee\/#website"},"primaryImageOfPage":{"@id":"https:\/\/miumjau.ee\/lt\/produktas\/churu-rolls-skanestai-katei-su-vistiena-4x10g\/#primaryimage"},"image":{"@id":"https:\/\/miumjau.ee\/lt\/produktas\/churu-rolls-skanestai-katei-su-vistiena-4x10g\/#primaryimage"},"thumbnailUrl":"https:\/\/miumjau.ee\/wp-content\/uploads\/2025\/01\/churu-maiused-kassidele-uued1.jpg","datePublished":"2025-01-14T08:14:22+00:00","breadcrumb":{"@id":"https:\/\/miumjau.ee\/lt\/produktas\/churu-rolls-skanestai-katei-su-vistiena-4x10g\/#breadcrumb"},"inLanguage":"lt-LT","potentialAction":[{"@type":"ReadAction","target":["https:\/\/miumjau.ee\/lt\/produktas\/churu-rolls-skanestai-katei-su-vistiena-4x10g\/"]}]},{"@type":"ImageObject","inLanguage":"lt-LT","@id":"https:\/\/miumjau.ee\/lt\/produktas\/churu-rolls-skanestai-katei-su-vistiena-4x10g\/#primaryimage","url":"https:\/\/miumjau.ee\/wp-content\/uploads\/2025\/01\/churu-maiused-kassidele-uued1.jpg","contentUrl":"https:\/\/miumjau.ee\/wp-content\/uploads\/2025\/01\/churu-maiused-kassidele-uued1.jpg","width":600,"height":800},{"@type":"BreadcrumbList","@id":"https:\/\/miumjau.ee\/lt\/produktas\/churu-rolls-skanestai-katei-su-vistiena-4x10g\/#breadcrumb","itemListElement":[{"@type":"ListItem","position":1,"name":"Home","item":"https:\/\/miumjau.ee\/lt\/"},{"@type":"ListItem","position":2,"name":"Parduotuv\u0117","item":"https:\/\/miumjau.ee\/lt\/parduotuve\/"},{"@type":"ListItem","position":3,"name":"Churu Rolls skan\u0117stai katei su vi\u0161tiena 4x10g"}]},{"@type":"WebSite","@id":"https:\/\/miumjau.ee\/#website","url":"https:\/\/miumjau.ee\/","name":"MiuMjau","description":"Kraapimispuud kassidele","publisher":{"@id":"https:\/\/miumjau.ee\/#organization"},"potentialAction":[{"@type":"SearchAction","target":{"@type":"EntryPoint","urlTemplate":"https:\/\/miumjau.ee\/?s={search_term_string}"},"query-input":{"@type":"PropertyValueSpecification","valueRequired":true,"valueName":"search_term_string"}}],"inLanguage":"lt-LT"},{"@type":"Organization","@id":"https:\/\/miumjau.ee\/#organization","name":"MiuMjau O\u00dc","url":"https:\/\/miumjau.ee\/","logo":{"@type":"ImageObject","inLanguage":"lt-LT","@id":"https:\/\/miumjau.ee\/#\/schema\/logo\/image\/","url":"https:\/\/miumjau.ee\/wp-content\/uploads\/2022\/04\/MiuMjau-logo-kollane.png","contentUrl":"https:\/\/miumjau.ee\/wp-content\/uploads\/2022\/04\/MiuMjau-logo-kollane.png","width":219,"height":100,"caption":"MiuMjau O\u00dc"},"image":{"@id":"https:\/\/miumjau.ee\/#\/schema\/logo\/image\/"},"sameAs":["https:\/\/www.facebook.com\/miumjaupood\/"]}]}},"_links":{"self":[{"href":"https:\/\/miumjau.ee\/lt\/wp-json\/wp\/v2\/product\/55449","targetHints":{"allow":["GET"]}}],"collection":[{"href":"https:\/\/miumjau.ee\/lt\/wp-json\/wp\/v2\/product"}],"about":[{"href":"https:\/\/miumjau.ee\/lt\/wp-json\/wp\/v2\/types\/product"}],"wp:featuredmedia":[{"embeddable":true,"href":"https:\/\/miumjau.ee\/lt\/wp-json\/wp\/v2\/media\/55437"}],"wp:attachment":[{"href":"https:\/\/miumjau.ee\/lt\/wp-json\/wp\/v2\/media?parent=55449"}],"wp:term":[{"taxonomy":"product_brand","embeddable":true,"href":"https:\/\/miumjau.ee\/lt\/wp-json\/wp\/v2\/product_brand?post=55449"},{"taxonomy":"product_cat","embeddable":true,"href":"https:\/\/miumjau.ee\/lt\/wp-json\/wp\/v2\/product_cat?post=55449"},{"taxonomy":"product_tag","embeddable":true,"href":"https:\/\/miumjau.ee\/lt\/wp-json\/wp\/v2\/product_tag?post=55449"}],"curies":[{"name":"wp","href":"https:\/\/api.w.org\/{rel}","templated":true}]}}