{"id":55447,"date":"2025-01-14T10:09:14","date_gmt":"2025-01-14T08:09:14","guid":{"rendered":"https:\/\/miumjau.ee\/toode\/churu-bites-skanestai-katei-su-vistiena-3x10g\/"},"modified":"2025-01-14T10:09:14","modified_gmt":"2025-01-14T08:09:14","slug":"churu-bites-skanestai-katei-su-vistiena-3x10g","status":"publish","type":"product","link":"https:\/\/miumjau.ee\/lt\/produktas\/churu-bites-skanestai-katei-su-vistiena-3x10g\/","title":{"rendered":"Churu Bites skan\u0117stai katei su vi\u0161tiena 3x10g"},"content":{"rendered":"","protected":false},"excerpt":{"rendered":"<p data-start=\"1111\" data-end=\"1315\"><strong data-start=\"1111\" data-end=\"1173\">PAGAMINTA I\u0160 SVEIK\u0172 INGREDIENC\u0172, KURIOMS GALIMA PASIK\u0116LTI:<\/strong> Kiekvienas INABA produktas pagamintas i\u0161 skani\u0173 auk\u0161tos kokyb\u0117s ingredient\u0173, \u012fskaitant \u016bkyje u\u017eaugint\u0105 vi\u0161tien\u0105 ir nat\u016braliai pagaut\u0105 tun\u0105.<\/p>\n<p data-start=\"1317\" data-end=\"1577\"><strong data-start=\"1317\" data-end=\"1338\">DVIGUBA TEKST\u016aRA:<\/strong> kiekvienas pagalv\u0117l\u0117s formos k\u0105snis prasideda mink\u0161ta kepta vi\u0161tienos pasta, kurioje n\u0117ra gr\u016bd\u0173, konservant\u0173, karrageno ar dirbtini\u0173 da\u017eikli\u0173. Vidus u\u017epildomas INABA skaniu Churu \u012fdaru, suteikiant j\u016bs\u0173 katei dvigubai malonesn\u0119 tekst\u016br\u0105.<\/p>\n<p data-start=\"1579\" data-end=\"1651\">Net ir i\u0161rankiausia kat\u0117 valgys \u0161iuos skan\u0117stus tiesiai i\u0161 j\u016bs\u0173 rank\u0173.<\/p>\n<p data-start=\"1653\" data-end=\"1902\"><strong data-start=\"1653\" data-end=\"1665\">SUD\u0116TIS:<\/strong> vi\u0161tiena, vanduo, tunas, tapioka, kiau\u0161inio baltymas, natrio kazeinatas, guaro guma, nat\u016bralus vi\u0161tienos aromatas, nat\u016bral\u016bs aromatai, mieli\u0173 ekstraktas, E vitamino papildas, paprikos oleorezinas (spalva), \u017ealiosios arbatos ekstraktas<\/p>\n","protected":false},"featured_media":55440,"template":"","meta":[],"product_brand":[],"product_cat":[527],"product_tag":[],"class_list":{"0":"post-55447","1":"product","2":"type-product","3":"status-publish","4":"has-post-thumbnail","6":"product_cat-skanestai","8":"first","9":"outofstock","10":"taxable","11":"shipping-taxable","12":"purchasable","13":"product-type-simple"},"yoast_head":"<!-- This site is optimized with the Yoast SEO plugin v27.4 - https:\/\/yoast.com\/product\/yoast-seo-wordpress\/ -->\n<title>Churu Bites skan\u0117stai katei su vi\u0161tiena 3x10g - MiuMjau<\/title>\n<meta name=\"robots\" content=\"index, follow, max-snippet:-1, max-image-preview:large, max-video-preview:-1\" \/>\n<link rel=\"canonical\" href=\"https:\/\/miumjau.ee\/lt\/produktas\/churu-bites-skanestai-katei-su-vistiena-3x10g\/\" \/>\n<meta property=\"og:locale\" content=\"lt_LT\" \/>\n<meta property=\"og:type\" content=\"article\" \/>\n<meta property=\"og:title\" content=\"Churu Bites skan\u0117stai katei su vi\u0161tiena 3x10g - MiuMjau\" \/>\n<meta property=\"og:description\" content=\"PAGAMINTA I\u0160 SVEIK\u0172 INGREDIENC\u0172, KURIOMS GALIMA PASIK\u0116LTI: Kiekvienas INABA produktas pagamintas i\u0161 skani\u0173 auk\u0161tos kokyb\u0117s ingredient\u0173, \u012fskaitant \u016bkyje u\u017eaugint\u0105 vi\u0161tien\u0105 ir nat\u016braliai pagaut\u0105 tun\u0105. DVIGUBA TEKST\u016aRA: kiekvienas pagalv\u0117l\u0117s formos k\u0105snis prasideda mink\u0161ta kepta vi\u0161tienos pasta, kurioje n\u0117ra gr\u016bd\u0173, konservant\u0173, karrageno ar dirbtini\u0173 da\u017eikli\u0173. Vidus u\u017epildomas INABA skaniu Churu \u012fdaru, suteikiant j\u016bs\u0173 katei dvigubai malonesn\u0119 tekst\u016br\u0105. Net ir i\u0161rankiausia kat\u0117 valgys \u0161iuos skan\u0117stus tiesiai i\u0161 j\u016bs\u0173 rank\u0173. SUD\u0116TIS: vi\u0161tiena, vanduo, tunas, tapioka, kiau\u0161inio baltymas, natrio kazeinatas, guaro guma, nat\u016bralus vi\u0161tienos aromatas, nat\u016bral\u016bs aromatai, mieli\u0173 ekstraktas, E vitamino papildas, paprikos oleorezinas (spalva), \u017ealiosios arbatos ekstraktas\" \/>\n<meta property=\"og:url\" content=\"https:\/\/miumjau.ee\/lt\/produktas\/churu-bites-skanestai-katei-su-vistiena-3x10g\/\" \/>\n<meta property=\"og:site_name\" content=\"MiuMjau\" \/>\n<meta property=\"article:publisher\" content=\"https:\/\/www.facebook.com\/miumjaupood\/\" \/>\n<meta property=\"og:image\" content=\"https:\/\/miumjau.ee\/wp-content\/uploads\/2025\/01\/churu-maiused-kassidele-uued6.jpg\" \/>\n\t<meta property=\"og:image:width\" content=\"600\" \/>\n\t<meta property=\"og:image:height\" content=\"800\" \/>\n\t<meta property=\"og:image:type\" content=\"image\/jpeg\" \/>\n<meta name=\"twitter:card\" content=\"summary_large_image\" \/>\n<script type=\"application\/ld+json\" class=\"yoast-schema-graph\">{\"@context\":\"https:\\\/\\\/schema.org\",\"@graph\":[{\"@type\":\"WebPage\",\"@id\":\"https:\\\/\\\/miumjau.ee\\\/lt\\\/produktas\\\/churu-bites-skanestai-katei-su-vistiena-3x10g\\\/\",\"url\":\"https:\\\/\\\/miumjau.ee\\\/lt\\\/produktas\\\/churu-bites-skanestai-katei-su-vistiena-3x10g\\\/\",\"name\":\"Churu Bites skan\u0117stai katei su vi\u0161tiena 3x10g - MiuMjau\",\"isPartOf\":{\"@id\":\"https:\\\/\\\/miumjau.ee\\\/#website\"},\"primaryImageOfPage\":{\"@id\":\"https:\\\/\\\/miumjau.ee\\\/lt\\\/produktas\\\/churu-bites-skanestai-katei-su-vistiena-3x10g\\\/#primaryimage\"},\"image\":{\"@id\":\"https:\\\/\\\/miumjau.ee\\\/lt\\\/produktas\\\/churu-bites-skanestai-katei-su-vistiena-3x10g\\\/#primaryimage\"},\"thumbnailUrl\":\"https:\\\/\\\/miumjau.ee\\\/wp-content\\\/uploads\\\/2025\\\/01\\\/churu-maiused-kassidele-uued6.jpg\",\"datePublished\":\"2025-01-14T08:09:14+00:00\",\"breadcrumb\":{\"@id\":\"https:\\\/\\\/miumjau.ee\\\/lt\\\/produktas\\\/churu-bites-skanestai-katei-su-vistiena-3x10g\\\/#breadcrumb\"},\"inLanguage\":\"lt-LT\",\"potentialAction\":[{\"@type\":\"ReadAction\",\"target\":[\"https:\\\/\\\/miumjau.ee\\\/lt\\\/produktas\\\/churu-bites-skanestai-katei-su-vistiena-3x10g\\\/\"]}]},{\"@type\":\"ImageObject\",\"inLanguage\":\"lt-LT\",\"@id\":\"https:\\\/\\\/miumjau.ee\\\/lt\\\/produktas\\\/churu-bites-skanestai-katei-su-vistiena-3x10g\\\/#primaryimage\",\"url\":\"https:\\\/\\\/miumjau.ee\\\/wp-content\\\/uploads\\\/2025\\\/01\\\/churu-maiused-kassidele-uued6.jpg\",\"contentUrl\":\"https:\\\/\\\/miumjau.ee\\\/wp-content\\\/uploads\\\/2025\\\/01\\\/churu-maiused-kassidele-uued6.jpg\",\"width\":600,\"height\":800},{\"@type\":\"BreadcrumbList\",\"@id\":\"https:\\\/\\\/miumjau.ee\\\/lt\\\/produktas\\\/churu-bites-skanestai-katei-su-vistiena-3x10g\\\/#breadcrumb\",\"itemListElement\":[{\"@type\":\"ListItem\",\"position\":1,\"name\":\"Home\",\"item\":\"https:\\\/\\\/miumjau.ee\\\/lt\\\/\"},{\"@type\":\"ListItem\",\"position\":2,\"name\":\"Parduotuv\u0117\",\"item\":\"https:\\\/\\\/miumjau.ee\\\/lt\\\/parduotuve\\\/\"},{\"@type\":\"ListItem\",\"position\":3,\"name\":\"Churu Bites skan\u0117stai katei su vi\u0161tiena 3x10g\"}]},{\"@type\":\"WebSite\",\"@id\":\"https:\\\/\\\/miumjau.ee\\\/#website\",\"url\":\"https:\\\/\\\/miumjau.ee\\\/\",\"name\":\"MiuMjau\",\"description\":\"Kraapimispuud kassidele\",\"publisher\":{\"@id\":\"https:\\\/\\\/miumjau.ee\\\/#organization\"},\"potentialAction\":[{\"@type\":\"SearchAction\",\"target\":{\"@type\":\"EntryPoint\",\"urlTemplate\":\"https:\\\/\\\/miumjau.ee\\\/?s={search_term_string}\"},\"query-input\":{\"@type\":\"PropertyValueSpecification\",\"valueRequired\":true,\"valueName\":\"search_term_string\"}}],\"inLanguage\":\"lt-LT\"},{\"@type\":\"Organization\",\"@id\":\"https:\\\/\\\/miumjau.ee\\\/#organization\",\"name\":\"MiuMjau O\u00dc\",\"url\":\"https:\\\/\\\/miumjau.ee\\\/\",\"logo\":{\"@type\":\"ImageObject\",\"inLanguage\":\"lt-LT\",\"@id\":\"https:\\\/\\\/miumjau.ee\\\/#\\\/schema\\\/logo\\\/image\\\/\",\"url\":\"https:\\\/\\\/miumjau.ee\\\/wp-content\\\/uploads\\\/2022\\\/04\\\/MiuMjau-logo-kollane.png\",\"contentUrl\":\"https:\\\/\\\/miumjau.ee\\\/wp-content\\\/uploads\\\/2022\\\/04\\\/MiuMjau-logo-kollane.png\",\"width\":219,\"height\":100,\"caption\":\"MiuMjau O\u00dc\"},\"image\":{\"@id\":\"https:\\\/\\\/miumjau.ee\\\/#\\\/schema\\\/logo\\\/image\\\/\"},\"sameAs\":[\"https:\\\/\\\/www.facebook.com\\\/miumjaupood\\\/\"]}]}<\/script>\n<!-- \/ Yoast SEO plugin. -->","yoast_head_json":{"title":"Churu Bites skan\u0117stai katei su vi\u0161tiena 3x10g - MiuMjau","robots":{"index":"index","follow":"follow","max-snippet":"max-snippet:-1","max-image-preview":"max-image-preview:large","max-video-preview":"max-video-preview:-1"},"canonical":"https:\/\/miumjau.ee\/lt\/produktas\/churu-bites-skanestai-katei-su-vistiena-3x10g\/","og_locale":"lt_LT","og_type":"article","og_title":"Churu Bites skan\u0117stai katei su vi\u0161tiena 3x10g - MiuMjau","og_description":"PAGAMINTA I\u0160 SVEIK\u0172 INGREDIENC\u0172, KURIOMS GALIMA PASIK\u0116LTI: Kiekvienas INABA produktas pagamintas i\u0161 skani\u0173 auk\u0161tos kokyb\u0117s ingredient\u0173, \u012fskaitant \u016bkyje u\u017eaugint\u0105 vi\u0161tien\u0105 ir nat\u016braliai pagaut\u0105 tun\u0105. DVIGUBA TEKST\u016aRA: kiekvienas pagalv\u0117l\u0117s formos k\u0105snis prasideda mink\u0161ta kepta vi\u0161tienos pasta, kurioje n\u0117ra gr\u016bd\u0173, konservant\u0173, karrageno ar dirbtini\u0173 da\u017eikli\u0173. Vidus u\u017epildomas INABA skaniu Churu \u012fdaru, suteikiant j\u016bs\u0173 katei dvigubai malonesn\u0119 tekst\u016br\u0105. Net ir i\u0161rankiausia kat\u0117 valgys \u0161iuos skan\u0117stus tiesiai i\u0161 j\u016bs\u0173 rank\u0173. SUD\u0116TIS: vi\u0161tiena, vanduo, tunas, tapioka, kiau\u0161inio baltymas, natrio kazeinatas, guaro guma, nat\u016bralus vi\u0161tienos aromatas, nat\u016bral\u016bs aromatai, mieli\u0173 ekstraktas, E vitamino papildas, paprikos oleorezinas (spalva), \u017ealiosios arbatos ekstraktas","og_url":"https:\/\/miumjau.ee\/lt\/produktas\/churu-bites-skanestai-katei-su-vistiena-3x10g\/","og_site_name":"MiuMjau","article_publisher":"https:\/\/www.facebook.com\/miumjaupood\/","og_image":[{"width":600,"height":800,"url":"https:\/\/miumjau.ee\/wp-content\/uploads\/2025\/01\/churu-maiused-kassidele-uued6.jpg","type":"image\/jpeg"}],"twitter_card":"summary_large_image","schema":{"@context":"https:\/\/schema.org","@graph":[{"@type":"WebPage","@id":"https:\/\/miumjau.ee\/lt\/produktas\/churu-bites-skanestai-katei-su-vistiena-3x10g\/","url":"https:\/\/miumjau.ee\/lt\/produktas\/churu-bites-skanestai-katei-su-vistiena-3x10g\/","name":"Churu Bites skan\u0117stai katei su vi\u0161tiena 3x10g - MiuMjau","isPartOf":{"@id":"https:\/\/miumjau.ee\/#website"},"primaryImageOfPage":{"@id":"https:\/\/miumjau.ee\/lt\/produktas\/churu-bites-skanestai-katei-su-vistiena-3x10g\/#primaryimage"},"image":{"@id":"https:\/\/miumjau.ee\/lt\/produktas\/churu-bites-skanestai-katei-su-vistiena-3x10g\/#primaryimage"},"thumbnailUrl":"https:\/\/miumjau.ee\/wp-content\/uploads\/2025\/01\/churu-maiused-kassidele-uued6.jpg","datePublished":"2025-01-14T08:09:14+00:00","breadcrumb":{"@id":"https:\/\/miumjau.ee\/lt\/produktas\/churu-bites-skanestai-katei-su-vistiena-3x10g\/#breadcrumb"},"inLanguage":"lt-LT","potentialAction":[{"@type":"ReadAction","target":["https:\/\/miumjau.ee\/lt\/produktas\/churu-bites-skanestai-katei-su-vistiena-3x10g\/"]}]},{"@type":"ImageObject","inLanguage":"lt-LT","@id":"https:\/\/miumjau.ee\/lt\/produktas\/churu-bites-skanestai-katei-su-vistiena-3x10g\/#primaryimage","url":"https:\/\/miumjau.ee\/wp-content\/uploads\/2025\/01\/churu-maiused-kassidele-uued6.jpg","contentUrl":"https:\/\/miumjau.ee\/wp-content\/uploads\/2025\/01\/churu-maiused-kassidele-uued6.jpg","width":600,"height":800},{"@type":"BreadcrumbList","@id":"https:\/\/miumjau.ee\/lt\/produktas\/churu-bites-skanestai-katei-su-vistiena-3x10g\/#breadcrumb","itemListElement":[{"@type":"ListItem","position":1,"name":"Home","item":"https:\/\/miumjau.ee\/lt\/"},{"@type":"ListItem","position":2,"name":"Parduotuv\u0117","item":"https:\/\/miumjau.ee\/lt\/parduotuve\/"},{"@type":"ListItem","position":3,"name":"Churu Bites skan\u0117stai katei su vi\u0161tiena 3x10g"}]},{"@type":"WebSite","@id":"https:\/\/miumjau.ee\/#website","url":"https:\/\/miumjau.ee\/","name":"MiuMjau","description":"Kraapimispuud kassidele","publisher":{"@id":"https:\/\/miumjau.ee\/#organization"},"potentialAction":[{"@type":"SearchAction","target":{"@type":"EntryPoint","urlTemplate":"https:\/\/miumjau.ee\/?s={search_term_string}"},"query-input":{"@type":"PropertyValueSpecification","valueRequired":true,"valueName":"search_term_string"}}],"inLanguage":"lt-LT"},{"@type":"Organization","@id":"https:\/\/miumjau.ee\/#organization","name":"MiuMjau O\u00dc","url":"https:\/\/miumjau.ee\/","logo":{"@type":"ImageObject","inLanguage":"lt-LT","@id":"https:\/\/miumjau.ee\/#\/schema\/logo\/image\/","url":"https:\/\/miumjau.ee\/wp-content\/uploads\/2022\/04\/MiuMjau-logo-kollane.png","contentUrl":"https:\/\/miumjau.ee\/wp-content\/uploads\/2022\/04\/MiuMjau-logo-kollane.png","width":219,"height":100,"caption":"MiuMjau O\u00dc"},"image":{"@id":"https:\/\/miumjau.ee\/#\/schema\/logo\/image\/"},"sameAs":["https:\/\/www.facebook.com\/miumjaupood\/"]}]}},"_links":{"self":[{"href":"https:\/\/miumjau.ee\/lt\/wp-json\/wp\/v2\/product\/55447","targetHints":{"allow":["GET"]}}],"collection":[{"href":"https:\/\/miumjau.ee\/lt\/wp-json\/wp\/v2\/product"}],"about":[{"href":"https:\/\/miumjau.ee\/lt\/wp-json\/wp\/v2\/types\/product"}],"wp:featuredmedia":[{"embeddable":true,"href":"https:\/\/miumjau.ee\/lt\/wp-json\/wp\/v2\/media\/55440"}],"wp:attachment":[{"href":"https:\/\/miumjau.ee\/lt\/wp-json\/wp\/v2\/media?parent=55447"}],"wp:term":[{"taxonomy":"product_brand","embeddable":true,"href":"https:\/\/miumjau.ee\/lt\/wp-json\/wp\/v2\/product_brand?post=55447"},{"taxonomy":"product_cat","embeddable":true,"href":"https:\/\/miumjau.ee\/lt\/wp-json\/wp\/v2\/product_cat?post=55447"},{"taxonomy":"product_tag","embeddable":true,"href":"https:\/\/miumjau.ee\/lt\/wp-json\/wp\/v2\/product_tag?post=55447"}],"curies":[{"name":"wp","href":"https:\/\/api.w.org\/{rel}","templated":true}]}}