{"id":55443,"date":"2025-01-14T10:04:46","date_gmt":"2025-01-14T08:04:46","guid":{"rendered":"https:\/\/miumjau.ee\/toode\/churu-skanestu-asorti-katei-su-vistiena-ir-jautiena-20-vnt\/"},"modified":"2025-01-14T10:04:46","modified_gmt":"2025-01-14T08:04:46","slug":"churu-skanestu-asorti-katei-su-vistiena-ir-jautiena-20-vnt","status":"publish","type":"product","link":"https:\/\/miumjau.ee\/lt\/produktas\/churu-skanestu-asorti-katei-su-vistiena-ir-jautiena-20-vnt\/","title":{"rendered":"Churu skan\u0117st\u0173 asorti katei su vi\u0161tiena ir jautiena, 20 vnt."},"content":{"rendered":"","protected":false},"excerpt":{"rendered":"<p data-start=\"2360\" data-end=\"2567\"><strong data-start=\"2360\" data-end=\"2422\">PAGAMINTA I\u0160 SVEIK\u0172 INGREDIENC\u0172, KURIOMS GALIMA PASIK\u0116LTI:<\/strong> Kiekvienas Inaba produktas pagamintas i\u0161 skani\u0173 auk\u0161tos kokyb\u0117s ingredient\u0173, \u012fskaitant \u016bkyje u\u017eaugint\u0105 vi\u0161tien\u0105 ir\/ar nat\u016braliai pagaut\u0105 tun\u0105.<\/p>\n<p data-start=\"2569\" data-end=\"2832\"><strong data-start=\"2569\" data-end=\"2628\">I\u0160LAIKYKITE SAVO KAT\u0118 HIDRATUOT\u0104, NEPRID\u0116DAMI KALORIJ\u0172:<\/strong> kiekviena gardi kremin\u0117 Churu t\u016bbel\u0117 turi 91% dr\u0117gm\u0117s ir tik \u0161e\u0161ias kalorijas (de\u0161imt\u0105j\u0105 dal\u012f tradicini\u0173 sauso maisto skan\u0117st\u0173 kalorij\u0173), tod\u0117l tai yra sveikas u\u017ekandis, d\u0117l kurio galite jaustis gerai.<\/p>\n<p data-start=\"2834\" data-end=\"3052\"><strong data-start=\"2834\" data-end=\"2864\">BEI NEPAGEIDAUJAM\u0172 PRIED\u0172:<\/strong> j\u016bs\u0173 kat\u0117 mums svarbi, tod\u0117l mes pa\u0161alinome i\u0161 m\u016bs\u0173 ka\u010di\u0173 skan\u0117st\u0173 gr\u016bdus, konservantus, dirbtinius da\u017eus ir karragen\u0105, bet prid\u0117jome taurino, kad pad\u0117tume pagerinti j\u0173 bendr\u0105 sveikat\u0105.<\/p>\n<p data-start=\"3054\" data-end=\"3300\"><strong data-start=\"3054\" data-end=\"3106\">LEISKITE JIEMS VALGYTI TIESIOGIAI I\u0160 J\u016aS\u0172 RANK\u0172:<\/strong> \u0161ios kremi\u0161kos skan\u0117st\u0173 t\u016bbel\u0117s skirtos interaktyviam rank\u0173 \u0161\u0117rimo \u017eaidimui su kat\u0117mis, ta\u010diau jas galima naudoti ir ant sausos ar \u0161lapios maisto vir\u0161aus arba kaip priemon\u0119 vaistams pasl\u0117pti.<\/p>\n<p data-start=\"3302\" data-end=\"3405\"><strong data-start=\"3302\" data-end=\"3345\">PAPILDYKITE SAVO KAT\u0116S GYVENIM\u0104 SKONIU:<\/strong> prieinama \u012fvairi\u0173 skoni\u0173, kat\u0117s gali rasti savo m\u0117gstam\u0105.<\/p>\n<p data-start=\"3407\" data-end=\"3421\"><strong data-start=\"3407\" data-end=\"3419\">SUD\u0116TIS:<\/strong><\/p>\n<p data-start=\"3423\" data-end=\"3444\"><strong data-start=\"3423\" data-end=\"3442\">DE\u017d\u0116JE 20 vnt.:<\/strong><\/p>\n<ul data-start=\"3445\" data-end=\"4358\">\n<li data-section-id=\"1xm3plx\" data-start=\"3445\" data-end=\"3683\">\n<p data-start=\"3447\" data-end=\"3683\">Vi\u0161tiena su s\u016briu x5 t\u016bbel\u0117s: vanduo, vi\u0161tienos m\u0117sa, s\u016bris (pienas, vanduo, fosforo r\u016bg\u0161tis), tapiokos krakmolas, nat\u016bral\u016bs aromatai, nat\u016bralus vi\u0161tienos skonis, guaro guma, E vitamino papildas, taurinas, \u017ealiosios arbatos ekstraktas<\/p>\n<\/li>\n<li data-section-id=\"1h4lptm\" data-start=\"3684\" data-end=\"3894\">\n<p data-start=\"3686\" data-end=\"3894\">Vi\u0161tiena su jautiena x5 t\u016bbel\u0117s: vanduo, vi\u0161tienos m\u0117sa, tapiokos krakmolas, jautiena, nat\u016bral\u016bs aromatai, nat\u016bralus vi\u0161tienos skonis, guaro guma, E vitamino papildas, taurinas, \u017ealiosios arbatos ekstraktas<\/p>\n<\/li>\n<li data-section-id=\"sp7paq\" data-start=\"3895\" data-end=\"4155\">\n<p data-start=\"3897\" data-end=\"4155\">Vi\u0161tiena su jautiena ir s\u016briu x5 t\u016bbel\u0117s: vanduo, vi\u0161tienos m\u0117sa, s\u016bris (pienas, vanduo, fosforo r\u016bg\u0161tis), tapiokos krakmolas, jautiena, nat\u016bral\u016bs aromatai, nat\u016bralus vi\u0161tienos skonis, guaro guma, E vitamino papildas, taurinas, \u017ealiosios arbatos ekstraktas<\/p>\n<\/li>\n<li data-section-id=\"1a5gc8x\" data-start=\"4156\" data-end=\"4358\">\n<p data-start=\"4158\" data-end=\"4358\">Vi\u0161tiena su la\u0161i\u0161a x5 t\u016bbel\u0117s: vanduo, vi\u0161tienos m\u0117sa, tapiokos krakmolas, la\u0161i\u0161a, nat\u016bral\u016bs aromatai, nat\u016bralus j\u016bros skonis, guaro guma, E vitamino papildas, taurinas, \u017ealiosios arbatos ekstraktas<\/p>\n<\/li>\n<\/ul>\n","protected":false},"featured_media":55441,"template":"","meta":[],"product_brand":[],"product_cat":[527],"product_tag":[],"class_list":{"0":"post-55443","1":"product","2":"type-product","3":"status-publish","4":"has-post-thumbnail","6":"product_cat-skanestai","8":"first","9":"instock","10":"taxable","11":"shipping-taxable","12":"purchasable","13":"product-type-simple"},"yoast_head":"<!-- This site is optimized with the Yoast SEO plugin v27.4 - https:\/\/yoast.com\/product\/yoast-seo-wordpress\/ -->\n<title>Churu skan\u0117st\u0173 asorti katei su vi\u0161tiena ir jautiena, 20 vnt. - MiuMjau<\/title>\n<meta name=\"robots\" content=\"index, follow, max-snippet:-1, max-image-preview:large, max-video-preview:-1\" \/>\n<link rel=\"canonical\" href=\"https:\/\/miumjau.ee\/lt\/produktas\/churu-skanestu-asorti-katei-su-vistiena-ir-jautiena-20-vnt\/\" \/>\n<meta property=\"og:locale\" content=\"lt_LT\" \/>\n<meta property=\"og:type\" content=\"article\" \/>\n<meta property=\"og:title\" content=\"Churu skan\u0117st\u0173 asorti katei su vi\u0161tiena ir jautiena, 20 vnt. - MiuMjau\" \/>\n<meta property=\"og:description\" content=\"PAGAMINTA I\u0160 SVEIK\u0172 INGREDIENC\u0172, KURIOMS GALIMA PASIK\u0116LTI: Kiekvienas Inaba produktas pagamintas i\u0161 skani\u0173 auk\u0161tos kokyb\u0117s ingredient\u0173, \u012fskaitant \u016bkyje u\u017eaugint\u0105 vi\u0161tien\u0105 ir\/ar nat\u016braliai pagaut\u0105 tun\u0105. I\u0160LAIKYKITE SAVO KAT\u0118 HIDRATUOT\u0104, NEPRID\u0116DAMI KALORIJ\u0172: kiekviena gardi kremin\u0117 Churu t\u016bbel\u0117 turi 91% dr\u0117gm\u0117s ir tik \u0161e\u0161ias kalorijas (de\u0161imt\u0105j\u0105 dal\u012f tradicini\u0173 sauso maisto skan\u0117st\u0173 kalorij\u0173), tod\u0117l tai yra sveikas u\u017ekandis, d\u0117l kurio galite jaustis gerai. BEI NEPAGEIDAUJAM\u0172 PRIED\u0172: j\u016bs\u0173 kat\u0117 mums svarbi, tod\u0117l mes pa\u0161alinome i\u0161 m\u016bs\u0173 ka\u010di\u0173 skan\u0117st\u0173 gr\u016bdus, konservantus, dirbtinius da\u017eus ir karragen\u0105, bet prid\u0117jome taurino, kad pad\u0117tume pagerinti j\u0173 bendr\u0105 sveikat\u0105. LEISKITE JIEMS VALGYTI TIESIOGIAI I\u0160 J\u016aS\u0172 RANK\u0172: \u0161ios kremi\u0161kos skan\u0117st\u0173 t\u016bbel\u0117s skirtos interaktyviam rank\u0173 \u0161\u0117rimo \u017eaidimui su kat\u0117mis, ta\u010diau jas galima naudoti ir ant sausos ar \u0161lapios maisto vir\u0161aus arba kaip priemon\u0119 vaistams pasl\u0117pti. PAPILDYKITE SAVO KAT\u0116S GYVENIM\u0104 SKONIU: prieinama \u012fvairi\u0173 skoni\u0173, kat\u0117s gali rasti savo m\u0117gstam\u0105. SUD\u0116TIS: DE\u017d\u0116JE 20 vnt.:     Vi\u0161tiena su s\u016briu x5 t\u016bbel\u0117s: vanduo, vi\u0161tienos m\u0117sa, s\u016bris (pienas, vanduo, fosforo r\u016bg\u0161tis), tapiokos krakmolas, nat\u016bral\u016bs aromatai, nat\u016bralus vi\u0161tienos skonis, guaro guma, E vitamino papildas, taurinas, \u017ealiosios arbatos ekstraktas    Vi\u0161tiena su jautiena x5 t\u016bbel\u0117s: vanduo, vi\u0161tienos m\u0117sa, tapiokos krakmolas, jautiena, nat\u016bral\u016bs aromatai, nat\u016bralus vi\u0161tienos skonis, guaro guma, E vitamino papildas, taurinas, \u017ealiosios arbatos ekstraktas    Vi\u0161tiena su jautiena ir s\u016briu x5 t\u016bbel\u0117s: vanduo, vi\u0161tienos m\u0117sa, s\u016bris (pienas, vanduo, fosforo r\u016bg\u0161tis), tapiokos krakmolas, jautiena, nat\u016bral\u016bs aromatai, nat\u016bralus vi\u0161tienos skonis, guaro guma, E vitamino papildas, taurinas, \u017ealiosios arbatos ekstraktas    Vi\u0161tiena su la\u0161i\u0161a x5 t\u016bbel\u0117s: vanduo, vi\u0161tienos m\u0117sa, tapiokos krakmolas, la\u0161i\u0161a, nat\u016bral\u016bs aromatai, nat\u016bralus j\u016bros skonis, guaro guma, E vitamino papildas, taurinas, \u017ealiosios arbatos ekstraktas\" \/>\n<meta property=\"og:url\" content=\"https:\/\/miumjau.ee\/lt\/produktas\/churu-skanestu-asorti-katei-su-vistiena-ir-jautiena-20-vnt\/\" \/>\n<meta property=\"og:site_name\" content=\"MiuMjau\" \/>\n<meta property=\"article:publisher\" content=\"https:\/\/www.facebook.com\/miumjaupood\/\" \/>\n<meta property=\"og:image\" content=\"https:\/\/miumjau.ee\/wp-content\/uploads\/2025\/01\/churu-maiused-kassidele-uued8.jpg\" \/>\n\t<meta property=\"og:image:width\" content=\"600\" \/>\n\t<meta property=\"og:image:height\" content=\"800\" \/>\n\t<meta property=\"og:image:type\" content=\"image\/jpeg\" \/>\n<meta name=\"twitter:card\" content=\"summary_large_image\" \/>\n<script type=\"application\/ld+json\" class=\"yoast-schema-graph\">{\"@context\":\"https:\\\/\\\/schema.org\",\"@graph\":[{\"@type\":\"WebPage\",\"@id\":\"https:\\\/\\\/miumjau.ee\\\/lt\\\/produktas\\\/churu-skanestu-asorti-katei-su-vistiena-ir-jautiena-20-vnt\\\/\",\"url\":\"https:\\\/\\\/miumjau.ee\\\/lt\\\/produktas\\\/churu-skanestu-asorti-katei-su-vistiena-ir-jautiena-20-vnt\\\/\",\"name\":\"Churu skan\u0117st\u0173 asorti katei su vi\u0161tiena ir jautiena, 20 vnt. - MiuMjau\",\"isPartOf\":{\"@id\":\"https:\\\/\\\/miumjau.ee\\\/#website\"},\"primaryImageOfPage\":{\"@id\":\"https:\\\/\\\/miumjau.ee\\\/lt\\\/produktas\\\/churu-skanestu-asorti-katei-su-vistiena-ir-jautiena-20-vnt\\\/#primaryimage\"},\"image\":{\"@id\":\"https:\\\/\\\/miumjau.ee\\\/lt\\\/produktas\\\/churu-skanestu-asorti-katei-su-vistiena-ir-jautiena-20-vnt\\\/#primaryimage\"},\"thumbnailUrl\":\"https:\\\/\\\/miumjau.ee\\\/wp-content\\\/uploads\\\/2025\\\/01\\\/churu-maiused-kassidele-uued8.jpg\",\"datePublished\":\"2025-01-14T08:04:46+00:00\",\"breadcrumb\":{\"@id\":\"https:\\\/\\\/miumjau.ee\\\/lt\\\/produktas\\\/churu-skanestu-asorti-katei-su-vistiena-ir-jautiena-20-vnt\\\/#breadcrumb\"},\"inLanguage\":\"lt-LT\",\"potentialAction\":[{\"@type\":\"ReadAction\",\"target\":[\"https:\\\/\\\/miumjau.ee\\\/lt\\\/produktas\\\/churu-skanestu-asorti-katei-su-vistiena-ir-jautiena-20-vnt\\\/\"]}]},{\"@type\":\"ImageObject\",\"inLanguage\":\"lt-LT\",\"@id\":\"https:\\\/\\\/miumjau.ee\\\/lt\\\/produktas\\\/churu-skanestu-asorti-katei-su-vistiena-ir-jautiena-20-vnt\\\/#primaryimage\",\"url\":\"https:\\\/\\\/miumjau.ee\\\/wp-content\\\/uploads\\\/2025\\\/01\\\/churu-maiused-kassidele-uued8.jpg\",\"contentUrl\":\"https:\\\/\\\/miumjau.ee\\\/wp-content\\\/uploads\\\/2025\\\/01\\\/churu-maiused-kassidele-uued8.jpg\",\"width\":600,\"height\":800},{\"@type\":\"BreadcrumbList\",\"@id\":\"https:\\\/\\\/miumjau.ee\\\/lt\\\/produktas\\\/churu-skanestu-asorti-katei-su-vistiena-ir-jautiena-20-vnt\\\/#breadcrumb\",\"itemListElement\":[{\"@type\":\"ListItem\",\"position\":1,\"name\":\"Home\",\"item\":\"https:\\\/\\\/miumjau.ee\\\/lt\\\/\"},{\"@type\":\"ListItem\",\"position\":2,\"name\":\"Parduotuv\u0117\",\"item\":\"https:\\\/\\\/miumjau.ee\\\/lt\\\/parduotuve\\\/\"},{\"@type\":\"ListItem\",\"position\":3,\"name\":\"Churu skan\u0117st\u0173 asorti katei su vi\u0161tiena ir jautiena, 20 vnt.\"}]},{\"@type\":\"WebSite\",\"@id\":\"https:\\\/\\\/miumjau.ee\\\/#website\",\"url\":\"https:\\\/\\\/miumjau.ee\\\/\",\"name\":\"MiuMjau\",\"description\":\"Kraapimispuud kassidele\",\"publisher\":{\"@id\":\"https:\\\/\\\/miumjau.ee\\\/#organization\"},\"potentialAction\":[{\"@type\":\"SearchAction\",\"target\":{\"@type\":\"EntryPoint\",\"urlTemplate\":\"https:\\\/\\\/miumjau.ee\\\/?s={search_term_string}\"},\"query-input\":{\"@type\":\"PropertyValueSpecification\",\"valueRequired\":true,\"valueName\":\"search_term_string\"}}],\"inLanguage\":\"lt-LT\"},{\"@type\":\"Organization\",\"@id\":\"https:\\\/\\\/miumjau.ee\\\/#organization\",\"name\":\"MiuMjau O\u00dc\",\"url\":\"https:\\\/\\\/miumjau.ee\\\/\",\"logo\":{\"@type\":\"ImageObject\",\"inLanguage\":\"lt-LT\",\"@id\":\"https:\\\/\\\/miumjau.ee\\\/#\\\/schema\\\/logo\\\/image\\\/\",\"url\":\"https:\\\/\\\/miumjau.ee\\\/wp-content\\\/uploads\\\/2022\\\/04\\\/MiuMjau-logo-kollane.png\",\"contentUrl\":\"https:\\\/\\\/miumjau.ee\\\/wp-content\\\/uploads\\\/2022\\\/04\\\/MiuMjau-logo-kollane.png\",\"width\":219,\"height\":100,\"caption\":\"MiuMjau O\u00dc\"},\"image\":{\"@id\":\"https:\\\/\\\/miumjau.ee\\\/#\\\/schema\\\/logo\\\/image\\\/\"},\"sameAs\":[\"https:\\\/\\\/www.facebook.com\\\/miumjaupood\\\/\"]}]}<\/script>\n<!-- \/ Yoast SEO plugin. -->","yoast_head_json":{"title":"Churu skan\u0117st\u0173 asorti katei su vi\u0161tiena ir jautiena, 20 vnt. - MiuMjau","robots":{"index":"index","follow":"follow","max-snippet":"max-snippet:-1","max-image-preview":"max-image-preview:large","max-video-preview":"max-video-preview:-1"},"canonical":"https:\/\/miumjau.ee\/lt\/produktas\/churu-skanestu-asorti-katei-su-vistiena-ir-jautiena-20-vnt\/","og_locale":"lt_LT","og_type":"article","og_title":"Churu skan\u0117st\u0173 asorti katei su vi\u0161tiena ir jautiena, 20 vnt. - MiuMjau","og_description":"PAGAMINTA I\u0160 SVEIK\u0172 INGREDIENC\u0172, KURIOMS GALIMA PASIK\u0116LTI: Kiekvienas Inaba produktas pagamintas i\u0161 skani\u0173 auk\u0161tos kokyb\u0117s ingredient\u0173, \u012fskaitant \u016bkyje u\u017eaugint\u0105 vi\u0161tien\u0105 ir\/ar nat\u016braliai pagaut\u0105 tun\u0105. I\u0160LAIKYKITE SAVO KAT\u0118 HIDRATUOT\u0104, NEPRID\u0116DAMI KALORIJ\u0172: kiekviena gardi kremin\u0117 Churu t\u016bbel\u0117 turi 91% dr\u0117gm\u0117s ir tik \u0161e\u0161ias kalorijas (de\u0161imt\u0105j\u0105 dal\u012f tradicini\u0173 sauso maisto skan\u0117st\u0173 kalorij\u0173), tod\u0117l tai yra sveikas u\u017ekandis, d\u0117l kurio galite jaustis gerai. BEI NEPAGEIDAUJAM\u0172 PRIED\u0172: j\u016bs\u0173 kat\u0117 mums svarbi, tod\u0117l mes pa\u0161alinome i\u0161 m\u016bs\u0173 ka\u010di\u0173 skan\u0117st\u0173 gr\u016bdus, konservantus, dirbtinius da\u017eus ir karragen\u0105, bet prid\u0117jome taurino, kad pad\u0117tume pagerinti j\u0173 bendr\u0105 sveikat\u0105. LEISKITE JIEMS VALGYTI TIESIOGIAI I\u0160 J\u016aS\u0172 RANK\u0172: \u0161ios kremi\u0161kos skan\u0117st\u0173 t\u016bbel\u0117s skirtos interaktyviam rank\u0173 \u0161\u0117rimo \u017eaidimui su kat\u0117mis, ta\u010diau jas galima naudoti ir ant sausos ar \u0161lapios maisto vir\u0161aus arba kaip priemon\u0119 vaistams pasl\u0117pti. PAPILDYKITE SAVO KAT\u0116S GYVENIM\u0104 SKONIU: prieinama \u012fvairi\u0173 skoni\u0173, kat\u0117s gali rasti savo m\u0117gstam\u0105. SUD\u0116TIS: DE\u017d\u0116JE 20 vnt.:     Vi\u0161tiena su s\u016briu x5 t\u016bbel\u0117s: vanduo, vi\u0161tienos m\u0117sa, s\u016bris (pienas, vanduo, fosforo r\u016bg\u0161tis), tapiokos krakmolas, nat\u016bral\u016bs aromatai, nat\u016bralus vi\u0161tienos skonis, guaro guma, E vitamino papildas, taurinas, \u017ealiosios arbatos ekstraktas    Vi\u0161tiena su jautiena x5 t\u016bbel\u0117s: vanduo, vi\u0161tienos m\u0117sa, tapiokos krakmolas, jautiena, nat\u016bral\u016bs aromatai, nat\u016bralus vi\u0161tienos skonis, guaro guma, E vitamino papildas, taurinas, \u017ealiosios arbatos ekstraktas    Vi\u0161tiena su jautiena ir s\u016briu x5 t\u016bbel\u0117s: vanduo, vi\u0161tienos m\u0117sa, s\u016bris (pienas, vanduo, fosforo r\u016bg\u0161tis), tapiokos krakmolas, jautiena, nat\u016bral\u016bs aromatai, nat\u016bralus vi\u0161tienos skonis, guaro guma, E vitamino papildas, taurinas, \u017ealiosios arbatos ekstraktas    Vi\u0161tiena su la\u0161i\u0161a x5 t\u016bbel\u0117s: vanduo, vi\u0161tienos m\u0117sa, tapiokos krakmolas, la\u0161i\u0161a, nat\u016bral\u016bs aromatai, nat\u016bralus j\u016bros skonis, guaro guma, E vitamino papildas, taurinas, \u017ealiosios arbatos ekstraktas","og_url":"https:\/\/miumjau.ee\/lt\/produktas\/churu-skanestu-asorti-katei-su-vistiena-ir-jautiena-20-vnt\/","og_site_name":"MiuMjau","article_publisher":"https:\/\/www.facebook.com\/miumjaupood\/","og_image":[{"width":600,"height":800,"url":"https:\/\/miumjau.ee\/wp-content\/uploads\/2025\/01\/churu-maiused-kassidele-uued8.jpg","type":"image\/jpeg"}],"twitter_card":"summary_large_image","schema":{"@context":"https:\/\/schema.org","@graph":[{"@type":"WebPage","@id":"https:\/\/miumjau.ee\/lt\/produktas\/churu-skanestu-asorti-katei-su-vistiena-ir-jautiena-20-vnt\/","url":"https:\/\/miumjau.ee\/lt\/produktas\/churu-skanestu-asorti-katei-su-vistiena-ir-jautiena-20-vnt\/","name":"Churu skan\u0117st\u0173 asorti katei su vi\u0161tiena ir jautiena, 20 vnt. - MiuMjau","isPartOf":{"@id":"https:\/\/miumjau.ee\/#website"},"primaryImageOfPage":{"@id":"https:\/\/miumjau.ee\/lt\/produktas\/churu-skanestu-asorti-katei-su-vistiena-ir-jautiena-20-vnt\/#primaryimage"},"image":{"@id":"https:\/\/miumjau.ee\/lt\/produktas\/churu-skanestu-asorti-katei-su-vistiena-ir-jautiena-20-vnt\/#primaryimage"},"thumbnailUrl":"https:\/\/miumjau.ee\/wp-content\/uploads\/2025\/01\/churu-maiused-kassidele-uued8.jpg","datePublished":"2025-01-14T08:04:46+00:00","breadcrumb":{"@id":"https:\/\/miumjau.ee\/lt\/produktas\/churu-skanestu-asorti-katei-su-vistiena-ir-jautiena-20-vnt\/#breadcrumb"},"inLanguage":"lt-LT","potentialAction":[{"@type":"ReadAction","target":["https:\/\/miumjau.ee\/lt\/produktas\/churu-skanestu-asorti-katei-su-vistiena-ir-jautiena-20-vnt\/"]}]},{"@type":"ImageObject","inLanguage":"lt-LT","@id":"https:\/\/miumjau.ee\/lt\/produktas\/churu-skanestu-asorti-katei-su-vistiena-ir-jautiena-20-vnt\/#primaryimage","url":"https:\/\/miumjau.ee\/wp-content\/uploads\/2025\/01\/churu-maiused-kassidele-uued8.jpg","contentUrl":"https:\/\/miumjau.ee\/wp-content\/uploads\/2025\/01\/churu-maiused-kassidele-uued8.jpg","width":600,"height":800},{"@type":"BreadcrumbList","@id":"https:\/\/miumjau.ee\/lt\/produktas\/churu-skanestu-asorti-katei-su-vistiena-ir-jautiena-20-vnt\/#breadcrumb","itemListElement":[{"@type":"ListItem","position":1,"name":"Home","item":"https:\/\/miumjau.ee\/lt\/"},{"@type":"ListItem","position":2,"name":"Parduotuv\u0117","item":"https:\/\/miumjau.ee\/lt\/parduotuve\/"},{"@type":"ListItem","position":3,"name":"Churu skan\u0117st\u0173 asorti katei su vi\u0161tiena ir jautiena, 20 vnt."}]},{"@type":"WebSite","@id":"https:\/\/miumjau.ee\/#website","url":"https:\/\/miumjau.ee\/","name":"MiuMjau","description":"Kraapimispuud kassidele","publisher":{"@id":"https:\/\/miumjau.ee\/#organization"},"potentialAction":[{"@type":"SearchAction","target":{"@type":"EntryPoint","urlTemplate":"https:\/\/miumjau.ee\/?s={search_term_string}"},"query-input":{"@type":"PropertyValueSpecification","valueRequired":true,"valueName":"search_term_string"}}],"inLanguage":"lt-LT"},{"@type":"Organization","@id":"https:\/\/miumjau.ee\/#organization","name":"MiuMjau O\u00dc","url":"https:\/\/miumjau.ee\/","logo":{"@type":"ImageObject","inLanguage":"lt-LT","@id":"https:\/\/miumjau.ee\/#\/schema\/logo\/image\/","url":"https:\/\/miumjau.ee\/wp-content\/uploads\/2022\/04\/MiuMjau-logo-kollane.png","contentUrl":"https:\/\/miumjau.ee\/wp-content\/uploads\/2022\/04\/MiuMjau-logo-kollane.png","width":219,"height":100,"caption":"MiuMjau O\u00dc"},"image":{"@id":"https:\/\/miumjau.ee\/#\/schema\/logo\/image\/"},"sameAs":["https:\/\/www.facebook.com\/miumjaupood\/"]}]}},"_links":{"self":[{"href":"https:\/\/miumjau.ee\/lt\/wp-json\/wp\/v2\/product\/55443","targetHints":{"allow":["GET"]}}],"collection":[{"href":"https:\/\/miumjau.ee\/lt\/wp-json\/wp\/v2\/product"}],"about":[{"href":"https:\/\/miumjau.ee\/lt\/wp-json\/wp\/v2\/types\/product"}],"wp:featuredmedia":[{"embeddable":true,"href":"https:\/\/miumjau.ee\/lt\/wp-json\/wp\/v2\/media\/55441"}],"wp:attachment":[{"href":"https:\/\/miumjau.ee\/lt\/wp-json\/wp\/v2\/media?parent=55443"}],"wp:term":[{"taxonomy":"product_brand","embeddable":true,"href":"https:\/\/miumjau.ee\/lt\/wp-json\/wp\/v2\/product_brand?post=55443"},{"taxonomy":"product_cat","embeddable":true,"href":"https:\/\/miumjau.ee\/lt\/wp-json\/wp\/v2\/product_cat?post=55443"},{"taxonomy":"product_tag","embeddable":true,"href":"https:\/\/miumjau.ee\/lt\/wp-json\/wp\/v2\/product_tag?post=55443"}],"curies":[{"name":"wp","href":"https:\/\/api.w.org\/{rel}","templated":true}]}}