{"id":55418,"date":"2025-01-14T08:44:26","date_gmt":"2025-01-14T06:44:26","guid":{"rendered":"https:\/\/miumjau.ee\/toode\/churu-kreminis-skanestas-katei-su-tunu-ir-jautiena-4x14-g\/"},"modified":"2025-01-14T08:44:26","modified_gmt":"2025-01-14T06:44:26","slug":"churu-kreminis-skanestas-katei-su-tunu-ir-jautiena-4x14-g","status":"publish","type":"product","link":"https:\/\/miumjau.ee\/lt\/produktas\/churu-kreminis-skanestas-katei-su-tunu-ir-jautiena-4x14-g\/","title":{"rendered":"Churu kreminis skan\u0117stas katei su tunu ir jautiena 4&#215;14 g"},"content":{"rendered":"","protected":false},"excerpt":{"rendered":"<p data-start=\"1455\" data-end=\"1663\">Inaba Churu skan\u0117stai kat\u0117ms yra labai viliojanti premija, kuri tuo pa\u010diu maitin\u0105 ir dr\u0117kina j\u016bs\u0173 kat\u0119. Jie pagaminti i\u0161 auk\u0161\u010diausios kokyb\u0117s \u017ealiav\u0173 ir suteikia daugyb\u0119 nauding\u0173 savybi\u0173 j\u016bs\u0173 kat\u0117s mitybai.<\/p>\n<p data-start=\"1665\" data-end=\"1792\">Inaba Churu prek\u0117s \u017eenklas si\u016blo vartotojams plat\u0173 dr\u0117gn\u0173 skan\u0117st\u0173 kat\u0117ms asortiment\u0105, kurie yra labai populiar\u016bs tarp ka\u010di\u0173.<\/p>\n<p data-start=\"1794\" data-end=\"1991\"><strong data-start=\"1794\" data-end=\"1829\">Kas yra Churu skan\u0117stai kat\u0117ms?<\/strong><br data-start=\"1829\" data-end=\"1832\" \/>Inaba Churu skan\u0117stai yra pusiau dr\u0117gnos u\u017ekand\u017ei\u0173 ir skan\u0117st\u0173 r\u016b\u0161ys, kurios greitai tampa kat\u0117s m\u0117gstamiausiais. Tarp daugyb\u0117s j\u0173 privalum\u0173 galima i\u0161skirti:<\/p>\n<ul data-start=\"1993\" data-end=\"2105\">\n<li data-section-id=\"1gay35v\" data-start=\"1993\" data-end=\"2018\">\n<p data-start=\"1995\" data-end=\"2018\">Papildomas dr\u0117kinimas<\/p>\n<\/li>\n<li data-section-id=\"1q3twl2\" data-start=\"2019\" data-end=\"2082\">\n<p data-start=\"2021\" data-end=\"2082\">Labai ma\u017eas riebal\u0173 kiekis (tinka ir sterilizuotoms kat\u0117ms)<\/p>\n<\/li>\n<li data-section-id=\"nt1b8r\" data-start=\"2083\" data-end=\"2105\">\n<p data-start=\"2085\" data-end=\"2105\">Neatremiama skonis<\/p>\n<\/li>\n<\/ul>\n<p data-start=\"2107\" data-end=\"2257\">Jie pagaminti i\u0161 auk\u0161\u010diausios kokyb\u0117s \u017ealiav\u0173, tod\u0117l, be skonio, tai sveika premija, suteikianti katei auk\u0161tos biologin\u0117s vert\u0117s maistini\u0173 med\u017eiag\u0173.<\/p>\n<p data-start=\"2259\" data-end=\"2373\">Jeigu j\u016bs\u0173 kat\u0117 dar n\u0117ra band\u017eiusi Churu skan\u0117st\u0173, nebelaukite! Jie neabejotinai taps jos m\u0117gstamiausia premija!<\/p>\n<p data-start=\"2375\" data-end=\"2685\" data-is-last-node=\"\" data-is-only-node=\"\"><strong data-start=\"2375\" data-end=\"2387\">Sud\u0117tis:<\/strong> tunas 28,2%, tapioka (d\u017eiovinta), jautiena 1,8%, tuno ekstraktas, kolagenas<br data-start=\"2463\" data-end=\"2466\" \/><strong data-start=\"2466\" data-end=\"2492\">Technologin\u0117s priedai:<\/strong> guaro guma<br data-start=\"2503\" data-end=\"2506\" \/><strong data-start=\"2506\" data-end=\"2541\">Papildomos maistin\u0117s med\u017eiagos:<\/strong> vitaminas E<br data-start=\"2553\" data-end=\"2556\" \/><strong data-start=\"2556\" data-end=\"2578\">Analitin\u0117 sud\u0117tis:<\/strong> baltymai 8,5%, riebalai 0,5%, skaidulos 0,1%, dr\u0117gm\u0117 88%, pelenai 1,5%<br data-start=\"2649\" data-end=\"2652\" \/><strong data-start=\"2652\" data-end=\"2673\">Energetin\u0117 vert\u0117:<\/strong> 440 kcal\/kg<\/p>\n","protected":false},"featured_media":55419,"template":"","meta":[],"product_brand":[],"product_cat":[527],"product_tag":[],"class_list":{"0":"post-55418","1":"product","2":"type-product","3":"status-publish","4":"has-post-thumbnail","6":"product_cat-skanestai","8":"first","9":"instock","10":"taxable","11":"shipping-taxable","12":"purchasable","13":"product-type-simple"},"yoast_head":"<!-- This site is optimized with the Yoast SEO plugin v27.4 - https:\/\/yoast.com\/product\/yoast-seo-wordpress\/ -->\n<title>Churu kreminis skan\u0117stas katei su tunu ir jautiena 4x14 g - MiuMjau<\/title>\n<meta name=\"robots\" content=\"index, follow, max-snippet:-1, max-image-preview:large, max-video-preview:-1\" \/>\n<link rel=\"canonical\" href=\"https:\/\/miumjau.ee\/lt\/produktas\/churu-kreminis-skanestas-katei-su-tunu-ir-jautiena-4x14-g\/\" \/>\n<meta property=\"og:locale\" content=\"lt_LT\" \/>\n<meta property=\"og:type\" content=\"article\" \/>\n<meta property=\"og:title\" content=\"Churu kreminis skan\u0117stas katei su tunu ir jautiena 4x14 g - MiuMjau\" \/>\n<meta property=\"og:description\" content=\"Inaba Churu skan\u0117stai kat\u0117ms yra labai viliojanti premija, kuri tuo pa\u010diu maitin\u0105 ir dr\u0117kina j\u016bs\u0173 kat\u0119. Jie pagaminti i\u0161 auk\u0161\u010diausios kokyb\u0117s \u017ealiav\u0173 ir suteikia daugyb\u0119 nauding\u0173 savybi\u0173 j\u016bs\u0173 kat\u0117s mitybai. Inaba Churu prek\u0117s \u017eenklas si\u016blo vartotojams plat\u0173 dr\u0117gn\u0173 skan\u0117st\u0173 kat\u0117ms asortiment\u0105, kurie yra labai populiar\u016bs tarp ka\u010di\u0173. Kas yra Churu skan\u0117stai kat\u0117ms?Inaba Churu skan\u0117stai yra pusiau dr\u0117gnos u\u017ekand\u017ei\u0173 ir skan\u0117st\u0173 r\u016b\u0161ys, kurios greitai tampa kat\u0117s m\u0117gstamiausiais. Tarp daugyb\u0117s j\u0173 privalum\u0173 galima i\u0161skirti:     Papildomas dr\u0117kinimas    Labai ma\u017eas riebal\u0173 kiekis (tinka ir sterilizuotoms kat\u0117ms)    Neatremiama skonis   Jie pagaminti i\u0161 auk\u0161\u010diausios kokyb\u0117s \u017ealiav\u0173, tod\u0117l, be skonio, tai sveika premija, suteikianti katei auk\u0161tos biologin\u0117s vert\u0117s maistini\u0173 med\u017eiag\u0173. Jeigu j\u016bs\u0173 kat\u0117 dar n\u0117ra band\u017eiusi Churu skan\u0117st\u0173, nebelaukite! Jie neabejotinai taps jos m\u0117gstamiausia premija! Sud\u0117tis: tunas 28,2%, tapioka (d\u017eiovinta), jautiena 1,8%, tuno ekstraktas, kolagenasTechnologin\u0117s priedai: guaro gumaPapildomos maistin\u0117s med\u017eiagos: vitaminas EAnalitin\u0117 sud\u0117tis: baltymai 8,5%, riebalai 0,5%, skaidulos 0,1%, dr\u0117gm\u0117 88%, pelenai 1,5%Energetin\u0117 vert\u0117: 440 kcal\/kg\" \/>\n<meta property=\"og:url\" content=\"https:\/\/miumjau.ee\/lt\/produktas\/churu-kreminis-skanestas-katei-su-tunu-ir-jautiena-4x14-g\/\" \/>\n<meta property=\"og:site_name\" content=\"MiuMjau\" \/>\n<meta property=\"article:publisher\" content=\"https:\/\/www.facebook.com\/miumjaupood\/\" \/>\n<meta property=\"og:image\" content=\"https:\/\/miumjau.ee\/wp-content\/uploads\/2025\/01\/churu-maiused-kassidele-uued7.jpg\" \/>\n\t<meta property=\"og:image:width\" content=\"600\" \/>\n\t<meta property=\"og:image:height\" content=\"800\" \/>\n\t<meta property=\"og:image:type\" content=\"image\/jpeg\" \/>\n<meta name=\"twitter:card\" content=\"summary_large_image\" \/>\n<script type=\"application\/ld+json\" class=\"yoast-schema-graph\">{\"@context\":\"https:\\\/\\\/schema.org\",\"@graph\":[{\"@type\":\"WebPage\",\"@id\":\"https:\\\/\\\/miumjau.ee\\\/lt\\\/produktas\\\/churu-kreminis-skanestas-katei-su-tunu-ir-jautiena-4x14-g\\\/\",\"url\":\"https:\\\/\\\/miumjau.ee\\\/lt\\\/produktas\\\/churu-kreminis-skanestas-katei-su-tunu-ir-jautiena-4x14-g\\\/\",\"name\":\"Churu kreminis skan\u0117stas katei su tunu ir jautiena 4x14 g - MiuMjau\",\"isPartOf\":{\"@id\":\"https:\\\/\\\/miumjau.ee\\\/#website\"},\"primaryImageOfPage\":{\"@id\":\"https:\\\/\\\/miumjau.ee\\\/lt\\\/produktas\\\/churu-kreminis-skanestas-katei-su-tunu-ir-jautiena-4x14-g\\\/#primaryimage\"},\"image\":{\"@id\":\"https:\\\/\\\/miumjau.ee\\\/lt\\\/produktas\\\/churu-kreminis-skanestas-katei-su-tunu-ir-jautiena-4x14-g\\\/#primaryimage\"},\"thumbnailUrl\":\"https:\\\/\\\/miumjau.ee\\\/wp-content\\\/uploads\\\/2025\\\/01\\\/churu-maiused-kassidele-uued7.jpg\",\"datePublished\":\"2025-01-14T06:44:26+00:00\",\"breadcrumb\":{\"@id\":\"https:\\\/\\\/miumjau.ee\\\/lt\\\/produktas\\\/churu-kreminis-skanestas-katei-su-tunu-ir-jautiena-4x14-g\\\/#breadcrumb\"},\"inLanguage\":\"lt-LT\",\"potentialAction\":[{\"@type\":\"ReadAction\",\"target\":[\"https:\\\/\\\/miumjau.ee\\\/lt\\\/produktas\\\/churu-kreminis-skanestas-katei-su-tunu-ir-jautiena-4x14-g\\\/\"]}]},{\"@type\":\"ImageObject\",\"inLanguage\":\"lt-LT\",\"@id\":\"https:\\\/\\\/miumjau.ee\\\/lt\\\/produktas\\\/churu-kreminis-skanestas-katei-su-tunu-ir-jautiena-4x14-g\\\/#primaryimage\",\"url\":\"https:\\\/\\\/miumjau.ee\\\/wp-content\\\/uploads\\\/2025\\\/01\\\/churu-maiused-kassidele-uued7.jpg\",\"contentUrl\":\"https:\\\/\\\/miumjau.ee\\\/wp-content\\\/uploads\\\/2025\\\/01\\\/churu-maiused-kassidele-uued7.jpg\",\"width\":600,\"height\":800},{\"@type\":\"BreadcrumbList\",\"@id\":\"https:\\\/\\\/miumjau.ee\\\/lt\\\/produktas\\\/churu-kreminis-skanestas-katei-su-tunu-ir-jautiena-4x14-g\\\/#breadcrumb\",\"itemListElement\":[{\"@type\":\"ListItem\",\"position\":1,\"name\":\"Home\",\"item\":\"https:\\\/\\\/miumjau.ee\\\/lt\\\/\"},{\"@type\":\"ListItem\",\"position\":2,\"name\":\"Parduotuv\u0117\",\"item\":\"https:\\\/\\\/miumjau.ee\\\/lt\\\/parduotuve\\\/\"},{\"@type\":\"ListItem\",\"position\":3,\"name\":\"Churu kreminis skan\u0117stas katei su tunu ir jautiena 4&#215;14 g\"}]},{\"@type\":\"WebSite\",\"@id\":\"https:\\\/\\\/miumjau.ee\\\/#website\",\"url\":\"https:\\\/\\\/miumjau.ee\\\/\",\"name\":\"MiuMjau\",\"description\":\"Kraapimispuud kassidele\",\"publisher\":{\"@id\":\"https:\\\/\\\/miumjau.ee\\\/#organization\"},\"potentialAction\":[{\"@type\":\"SearchAction\",\"target\":{\"@type\":\"EntryPoint\",\"urlTemplate\":\"https:\\\/\\\/miumjau.ee\\\/?s={search_term_string}\"},\"query-input\":{\"@type\":\"PropertyValueSpecification\",\"valueRequired\":true,\"valueName\":\"search_term_string\"}}],\"inLanguage\":\"lt-LT\"},{\"@type\":\"Organization\",\"@id\":\"https:\\\/\\\/miumjau.ee\\\/#organization\",\"name\":\"MiuMjau O\u00dc\",\"url\":\"https:\\\/\\\/miumjau.ee\\\/\",\"logo\":{\"@type\":\"ImageObject\",\"inLanguage\":\"lt-LT\",\"@id\":\"https:\\\/\\\/miumjau.ee\\\/#\\\/schema\\\/logo\\\/image\\\/\",\"url\":\"https:\\\/\\\/miumjau.ee\\\/wp-content\\\/uploads\\\/2022\\\/04\\\/MiuMjau-logo-kollane.png\",\"contentUrl\":\"https:\\\/\\\/miumjau.ee\\\/wp-content\\\/uploads\\\/2022\\\/04\\\/MiuMjau-logo-kollane.png\",\"width\":219,\"height\":100,\"caption\":\"MiuMjau O\u00dc\"},\"image\":{\"@id\":\"https:\\\/\\\/miumjau.ee\\\/#\\\/schema\\\/logo\\\/image\\\/\"},\"sameAs\":[\"https:\\\/\\\/www.facebook.com\\\/miumjaupood\\\/\"]}]}<\/script>\n<!-- \/ Yoast SEO plugin. -->","yoast_head_json":{"title":"Churu kreminis skan\u0117stas katei su tunu ir jautiena 4x14 g - MiuMjau","robots":{"index":"index","follow":"follow","max-snippet":"max-snippet:-1","max-image-preview":"max-image-preview:large","max-video-preview":"max-video-preview:-1"},"canonical":"https:\/\/miumjau.ee\/lt\/produktas\/churu-kreminis-skanestas-katei-su-tunu-ir-jautiena-4x14-g\/","og_locale":"lt_LT","og_type":"article","og_title":"Churu kreminis skan\u0117stas katei su tunu ir jautiena 4x14 g - MiuMjau","og_description":"Inaba Churu skan\u0117stai kat\u0117ms yra labai viliojanti premija, kuri tuo pa\u010diu maitin\u0105 ir dr\u0117kina j\u016bs\u0173 kat\u0119. Jie pagaminti i\u0161 auk\u0161\u010diausios kokyb\u0117s \u017ealiav\u0173 ir suteikia daugyb\u0119 nauding\u0173 savybi\u0173 j\u016bs\u0173 kat\u0117s mitybai. Inaba Churu prek\u0117s \u017eenklas si\u016blo vartotojams plat\u0173 dr\u0117gn\u0173 skan\u0117st\u0173 kat\u0117ms asortiment\u0105, kurie yra labai populiar\u016bs tarp ka\u010di\u0173. Kas yra Churu skan\u0117stai kat\u0117ms?Inaba Churu skan\u0117stai yra pusiau dr\u0117gnos u\u017ekand\u017ei\u0173 ir skan\u0117st\u0173 r\u016b\u0161ys, kurios greitai tampa kat\u0117s m\u0117gstamiausiais. Tarp daugyb\u0117s j\u0173 privalum\u0173 galima i\u0161skirti:     Papildomas dr\u0117kinimas    Labai ma\u017eas riebal\u0173 kiekis (tinka ir sterilizuotoms kat\u0117ms)    Neatremiama skonis   Jie pagaminti i\u0161 auk\u0161\u010diausios kokyb\u0117s \u017ealiav\u0173, tod\u0117l, be skonio, tai sveika premija, suteikianti katei auk\u0161tos biologin\u0117s vert\u0117s maistini\u0173 med\u017eiag\u0173. Jeigu j\u016bs\u0173 kat\u0117 dar n\u0117ra band\u017eiusi Churu skan\u0117st\u0173, nebelaukite! Jie neabejotinai taps jos m\u0117gstamiausia premija! Sud\u0117tis: tunas 28,2%, tapioka (d\u017eiovinta), jautiena 1,8%, tuno ekstraktas, kolagenasTechnologin\u0117s priedai: guaro gumaPapildomos maistin\u0117s med\u017eiagos: vitaminas EAnalitin\u0117 sud\u0117tis: baltymai 8,5%, riebalai 0,5%, skaidulos 0,1%, dr\u0117gm\u0117 88%, pelenai 1,5%Energetin\u0117 vert\u0117: 440 kcal\/kg","og_url":"https:\/\/miumjau.ee\/lt\/produktas\/churu-kreminis-skanestas-katei-su-tunu-ir-jautiena-4x14-g\/","og_site_name":"MiuMjau","article_publisher":"https:\/\/www.facebook.com\/miumjaupood\/","og_image":[{"width":600,"height":800,"url":"https:\/\/miumjau.ee\/wp-content\/uploads\/2025\/01\/churu-maiused-kassidele-uued7.jpg","type":"image\/jpeg"}],"twitter_card":"summary_large_image","schema":{"@context":"https:\/\/schema.org","@graph":[{"@type":"WebPage","@id":"https:\/\/miumjau.ee\/lt\/produktas\/churu-kreminis-skanestas-katei-su-tunu-ir-jautiena-4x14-g\/","url":"https:\/\/miumjau.ee\/lt\/produktas\/churu-kreminis-skanestas-katei-su-tunu-ir-jautiena-4x14-g\/","name":"Churu kreminis skan\u0117stas katei su tunu ir jautiena 4x14 g - MiuMjau","isPartOf":{"@id":"https:\/\/miumjau.ee\/#website"},"primaryImageOfPage":{"@id":"https:\/\/miumjau.ee\/lt\/produktas\/churu-kreminis-skanestas-katei-su-tunu-ir-jautiena-4x14-g\/#primaryimage"},"image":{"@id":"https:\/\/miumjau.ee\/lt\/produktas\/churu-kreminis-skanestas-katei-su-tunu-ir-jautiena-4x14-g\/#primaryimage"},"thumbnailUrl":"https:\/\/miumjau.ee\/wp-content\/uploads\/2025\/01\/churu-maiused-kassidele-uued7.jpg","datePublished":"2025-01-14T06:44:26+00:00","breadcrumb":{"@id":"https:\/\/miumjau.ee\/lt\/produktas\/churu-kreminis-skanestas-katei-su-tunu-ir-jautiena-4x14-g\/#breadcrumb"},"inLanguage":"lt-LT","potentialAction":[{"@type":"ReadAction","target":["https:\/\/miumjau.ee\/lt\/produktas\/churu-kreminis-skanestas-katei-su-tunu-ir-jautiena-4x14-g\/"]}]},{"@type":"ImageObject","inLanguage":"lt-LT","@id":"https:\/\/miumjau.ee\/lt\/produktas\/churu-kreminis-skanestas-katei-su-tunu-ir-jautiena-4x14-g\/#primaryimage","url":"https:\/\/miumjau.ee\/wp-content\/uploads\/2025\/01\/churu-maiused-kassidele-uued7.jpg","contentUrl":"https:\/\/miumjau.ee\/wp-content\/uploads\/2025\/01\/churu-maiused-kassidele-uued7.jpg","width":600,"height":800},{"@type":"BreadcrumbList","@id":"https:\/\/miumjau.ee\/lt\/produktas\/churu-kreminis-skanestas-katei-su-tunu-ir-jautiena-4x14-g\/#breadcrumb","itemListElement":[{"@type":"ListItem","position":1,"name":"Home","item":"https:\/\/miumjau.ee\/lt\/"},{"@type":"ListItem","position":2,"name":"Parduotuv\u0117","item":"https:\/\/miumjau.ee\/lt\/parduotuve\/"},{"@type":"ListItem","position":3,"name":"Churu kreminis skan\u0117stas katei su tunu ir jautiena 4&#215;14 g"}]},{"@type":"WebSite","@id":"https:\/\/miumjau.ee\/#website","url":"https:\/\/miumjau.ee\/","name":"MiuMjau","description":"Kraapimispuud kassidele","publisher":{"@id":"https:\/\/miumjau.ee\/#organization"},"potentialAction":[{"@type":"SearchAction","target":{"@type":"EntryPoint","urlTemplate":"https:\/\/miumjau.ee\/?s={search_term_string}"},"query-input":{"@type":"PropertyValueSpecification","valueRequired":true,"valueName":"search_term_string"}}],"inLanguage":"lt-LT"},{"@type":"Organization","@id":"https:\/\/miumjau.ee\/#organization","name":"MiuMjau O\u00dc","url":"https:\/\/miumjau.ee\/","logo":{"@type":"ImageObject","inLanguage":"lt-LT","@id":"https:\/\/miumjau.ee\/#\/schema\/logo\/image\/","url":"https:\/\/miumjau.ee\/wp-content\/uploads\/2022\/04\/MiuMjau-logo-kollane.png","contentUrl":"https:\/\/miumjau.ee\/wp-content\/uploads\/2022\/04\/MiuMjau-logo-kollane.png","width":219,"height":100,"caption":"MiuMjau O\u00dc"},"image":{"@id":"https:\/\/miumjau.ee\/#\/schema\/logo\/image\/"},"sameAs":["https:\/\/www.facebook.com\/miumjaupood\/"]}]}},"_links":{"self":[{"href":"https:\/\/miumjau.ee\/lt\/wp-json\/wp\/v2\/product\/55418","targetHints":{"allow":["GET"]}}],"collection":[{"href":"https:\/\/miumjau.ee\/lt\/wp-json\/wp\/v2\/product"}],"about":[{"href":"https:\/\/miumjau.ee\/lt\/wp-json\/wp\/v2\/types\/product"}],"wp:featuredmedia":[{"embeddable":true,"href":"https:\/\/miumjau.ee\/lt\/wp-json\/wp\/v2\/media\/55419"}],"wp:attachment":[{"href":"https:\/\/miumjau.ee\/lt\/wp-json\/wp\/v2\/media?parent=55418"}],"wp:term":[{"taxonomy":"product_brand","embeddable":true,"href":"https:\/\/miumjau.ee\/lt\/wp-json\/wp\/v2\/product_brand?post=55418"},{"taxonomy":"product_cat","embeddable":true,"href":"https:\/\/miumjau.ee\/lt\/wp-json\/wp\/v2\/product_cat?post=55418"},{"taxonomy":"product_tag","embeddable":true,"href":"https:\/\/miumjau.ee\/lt\/wp-json\/wp\/v2\/product_tag?post=55418"}],"curies":[{"name":"wp","href":"https:\/\/api.w.org\/{rel}","templated":true}]}}