{"id":55414,"date":"2025-02-17T18:37:23","date_gmt":"2025-02-17T16:37:23","guid":{"rendered":"https:\/\/miumjau.ee\/toode\/ontario-kreminis-skystas-skanestas-5x14-g-vistiena-ir-multivitaminai\/"},"modified":"2025-02-17T18:37:23","modified_gmt":"2025-02-17T16:37:23","slug":"ontario-kreminis-skystas-skanestas-5x14-g-vistiena-ir-multivitaminai","status":"publish","type":"product","link":"https:\/\/miumjau.ee\/lt\/produktas\/ontario-kreminis-skystas-skanestas-5x14-g-vistiena-ir-multivitaminai\/","title":{"rendered":"Ontario kreminis skystas skan\u0117stas 5&#215;14 g, vi\u0161tiena ir multivitaminai"},"content":{"rendered":"","protected":false},"excerpt":{"rendered":"<p data-start=\"1936\" data-end=\"2058\">Pasi\u016blykite savo katei Ontario kreminius skan\u0117stus, kurie praturtina jos mityb\u0105 ir suteikia malonum\u0105 kiekvienu k\u0105sniu \u2764\ufe0f<\/p>\n<p data-start=\"2060\" data-end=\"2311\">Ontario Lickable Treat yra mink\u0161ta ir skani pasta, tinkama kaip papildomas maistas tiek suaugusiems kat\u0117ms, tiek ka\u010diukams nuo 3 m\u0117nesi\u0173 am\u017eiaus. Tai ne tik skan\u0117stas \u2013 tai sveikas pasirinkimas, palaikantis j\u016bs\u0173 kat\u0117s bendr\u0105 sveikat\u0105 ir gyvybingum\u0105.<\/p>\n<p data-start=\"2313\" data-end=\"2597\"><strong data-start=\"2313\" data-end=\"2341\">Pagrindiniai privalumai:<\/strong><br data-start=\"2341\" data-end=\"2344\" \/>\u2714 <strong data-start=\"2346\" data-end=\"2364\">Skanus derinys<\/strong> \u2013 tunas ir la\u0161i\u0161a yra neatspariamai patraukl\u016bs kat\u0117ms ir tinka net i\u0161rankiausiems augintiniams. Abi \u017euvys lengvai vir\u0161kinamos ir turtingos auk\u0161tos kokyb\u0117s baltymais, padedan\u010diais palaikyti j\u016bs\u0173 kat\u0117s energij\u0105 ir stiprius raumenis.<\/p>\n<p data-start=\"2599\" data-end=\"2759\">\u2714 <strong data-start=\"2601\" data-end=\"2624\">\u0160velnus vir\u0161kinimui<\/strong> \u2013 kremin\u0117 tekst\u016bra daro skan\u0117st\u0105 lengvai vir\u0161kinam\u0105, tinkam\u0105 kat\u0117ms su jautriu skrand\u017eiu ar tiems, kurie sunkiai valgo kiet\u0105 maist\u0105.<\/p>\n<p data-start=\"2761\" data-end=\"2925\">\u2714 <strong data-start=\"2763\" data-end=\"2792\">Nat\u016brali ir \u0161vari sud\u0117tis<\/strong> \u2013 neturi dirbtini\u0173 da\u017eikli\u0173, aromatizatori\u0173 ar konservant\u0173, suteikiant j\u016bs\u0173 katei \u0161var\u0173 ir nat\u016bral\u0173 maist\u0105 be nereikaling\u0173 pried\u0173.<\/p>\n<p data-start=\"2927\" data-end=\"3111\">\u2714 <strong data-start=\"2929\" data-end=\"2966\">Turtingas maistin\u0117mis med\u017eiagomis<\/strong> \u2013 tunas ir la\u0161i\u0161a turi omega-3 riebal\u0173 r\u016bg\u0161\u010di\u0173, kurios palaiko sveik\u0105 kail\u012f, od\u0105 ir \u0161irdies veikl\u0105, taip pat stiprina imunitet\u0105 ir vir\u0161kinim\u0105.<\/p>\n<p data-start=\"3113\" data-end=\"3269\">\u2714 <strong data-start=\"3115\" data-end=\"3141\">Patogus pakuot\u0117s dydis<\/strong> \u2013 komplekte yra penki 14 g mai\u0161eliai, u\u017etikrinantys skan\u0117sto \u0161vie\u017eum\u0105 ir patogum\u0105 tiek kasdieniam naudojimui, tiek kelion\u0117ms.<\/p>\n<p data-start=\"3271\" data-end=\"3422\"><strong data-start=\"3271\" data-end=\"3283\">Sud\u0117tis:<\/strong> vanduo 59,704%, vi\u0161tiena 35,80%, tapiokos krakmolas 4,00%, ksantano guma 0,43%, taurinas 0,06%, vitaminai (A, B2, B3, B5, D3, E) 0,006%.<\/p>\n<p data-start=\"3424\" data-end=\"3526\"><strong data-start=\"3424\" data-end=\"3446\">Analitin\u0117 sud\u0117tis:<\/strong> \u017eali baltymai 9%, \u017eali riebalai 0,1%, skaidulos 0,5%, pelenai 1%, dr\u0117gm\u0117 90%.<\/p>\n<p data-start=\"3528\" data-end=\"3633\" data-is-last-node=\"\" data-is-only-node=\"\"><strong data-start=\"3528\" data-end=\"3553\">Papildomos med\u017eiagos:<\/strong> taurinas 600 mg, vitaminai (A, B2, B3, B5, D3, E) 60 mg, ksantano guma 4300 mg.<\/p>\n","protected":false},"featured_media":55406,"template":"","meta":[],"product_brand":[],"product_cat":[527],"product_tag":[],"class_list":{"0":"post-55414","1":"product","2":"type-product","3":"status-publish","4":"has-post-thumbnail","6":"product_cat-skanestai","8":"first","9":"instock","10":"sale","11":"taxable","12":"shipping-taxable","13":"purchasable","14":"product-type-simple"},"yoast_head":"<!-- This site is optimized with the Yoast SEO plugin v27.4 - https:\/\/yoast.com\/product\/yoast-seo-wordpress\/ -->\n<title>Ontario kreminis skystas skan\u0117stas 5x14 g, vi\u0161tiena ir multivitaminai - MiuMjau<\/title>\n<meta name=\"robots\" content=\"index, follow, max-snippet:-1, max-image-preview:large, max-video-preview:-1\" \/>\n<link rel=\"canonical\" href=\"https:\/\/miumjau.ee\/lt\/produktas\/ontario-kreminis-skystas-skanestas-5x14-g-vistiena-ir-multivitaminai\/\" \/>\n<meta property=\"og:locale\" content=\"lt_LT\" \/>\n<meta property=\"og:type\" content=\"article\" \/>\n<meta property=\"og:title\" content=\"Ontario kreminis skystas skan\u0117stas 5x14 g, vi\u0161tiena ir multivitaminai - MiuMjau\" \/>\n<meta property=\"og:description\" content=\"Pasi\u016blykite savo katei Ontario kreminius skan\u0117stus, kurie praturtina jos mityb\u0105 ir suteikia malonum\u0105 kiekvienu k\u0105sniu \u2764\ufe0f Ontario Lickable Treat yra mink\u0161ta ir skani pasta, tinkama kaip papildomas maistas tiek suaugusiems kat\u0117ms, tiek ka\u010diukams nuo 3 m\u0117nesi\u0173 am\u017eiaus. Tai ne tik skan\u0117stas \u2013 tai sveikas pasirinkimas, palaikantis j\u016bs\u0173 kat\u0117s bendr\u0105 sveikat\u0105 ir gyvybingum\u0105. Pagrindiniai privalumai:\u2714 Skanus derinys \u2013 tunas ir la\u0161i\u0161a yra neatspariamai patraukl\u016bs kat\u0117ms ir tinka net i\u0161rankiausiems augintiniams. Abi \u017euvys lengvai vir\u0161kinamos ir turtingos auk\u0161tos kokyb\u0117s baltymais, padedan\u010diais palaikyti j\u016bs\u0173 kat\u0117s energij\u0105 ir stiprius raumenis. \u2714 \u0160velnus vir\u0161kinimui \u2013 kremin\u0117 tekst\u016bra daro skan\u0117st\u0105 lengvai vir\u0161kinam\u0105, tinkam\u0105 kat\u0117ms su jautriu skrand\u017eiu ar tiems, kurie sunkiai valgo kiet\u0105 maist\u0105. \u2714 Nat\u016brali ir \u0161vari sud\u0117tis \u2013 neturi dirbtini\u0173 da\u017eikli\u0173, aromatizatori\u0173 ar konservant\u0173, suteikiant j\u016bs\u0173 katei \u0161var\u0173 ir nat\u016bral\u0173 maist\u0105 be nereikaling\u0173 pried\u0173. \u2714 Turtingas maistin\u0117mis med\u017eiagomis \u2013 tunas ir la\u0161i\u0161a turi omega-3 riebal\u0173 r\u016bg\u0161\u010di\u0173, kurios palaiko sveik\u0105 kail\u012f, od\u0105 ir \u0161irdies veikl\u0105, taip pat stiprina imunitet\u0105 ir vir\u0161kinim\u0105. \u2714 Patogus pakuot\u0117s dydis \u2013 komplekte yra penki 14 g mai\u0161eliai, u\u017etikrinantys skan\u0117sto \u0161vie\u017eum\u0105 ir patogum\u0105 tiek kasdieniam naudojimui, tiek kelion\u0117ms. Sud\u0117tis: vanduo 59,704%, vi\u0161tiena 35,80%, tapiokos krakmolas 4,00%, ksantano guma 0,43%, taurinas 0,06%, vitaminai (A, B2, B3, B5, D3, E) 0,006%. Analitin\u0117 sud\u0117tis: \u017eali baltymai 9%, \u017eali riebalai 0,1%, skaidulos 0,5%, pelenai 1%, dr\u0117gm\u0117 90%. Papildomos med\u017eiagos: taurinas 600 mg, vitaminai (A, B2, B3, B5, D3, E) 60 mg, ksantano guma 4300 mg.\" \/>\n<meta property=\"og:url\" content=\"https:\/\/miumjau.ee\/lt\/produktas\/ontario-kreminis-skystas-skanestas-5x14-g-vistiena-ir-multivitaminai\/\" \/>\n<meta property=\"og:site_name\" content=\"MiuMjau\" \/>\n<meta property=\"article:publisher\" content=\"https:\/\/www.facebook.com\/miumjaupood\/\" \/>\n<meta property=\"og:image\" content=\"https:\/\/miumjau.ee\/wp-content\/uploads\/2025\/02\/ontario-vedelmaius-kassidele3.png\" \/>\n\t<meta property=\"og:image:width\" content=\"649\" \/>\n\t<meta property=\"og:image:height\" content=\"866\" \/>\n\t<meta property=\"og:image:type\" content=\"image\/png\" \/>\n<meta name=\"twitter:card\" content=\"summary_large_image\" \/>\n<script type=\"application\/ld+json\" class=\"yoast-schema-graph\">{\"@context\":\"https:\\\/\\\/schema.org\",\"@graph\":[{\"@type\":\"WebPage\",\"@id\":\"https:\\\/\\\/miumjau.ee\\\/lt\\\/produktas\\\/ontario-kreminis-skystas-skanestas-5x14-g-vistiena-ir-multivitaminai\\\/\",\"url\":\"https:\\\/\\\/miumjau.ee\\\/lt\\\/produktas\\\/ontario-kreminis-skystas-skanestas-5x14-g-vistiena-ir-multivitaminai\\\/\",\"name\":\"Ontario kreminis skystas skan\u0117stas 5x14 g, vi\u0161tiena ir multivitaminai - MiuMjau\",\"isPartOf\":{\"@id\":\"https:\\\/\\\/miumjau.ee\\\/#website\"},\"primaryImageOfPage\":{\"@id\":\"https:\\\/\\\/miumjau.ee\\\/lt\\\/produktas\\\/ontario-kreminis-skystas-skanestas-5x14-g-vistiena-ir-multivitaminai\\\/#primaryimage\"},\"image\":{\"@id\":\"https:\\\/\\\/miumjau.ee\\\/lt\\\/produktas\\\/ontario-kreminis-skystas-skanestas-5x14-g-vistiena-ir-multivitaminai\\\/#primaryimage\"},\"thumbnailUrl\":\"https:\\\/\\\/miumjau.ee\\\/wp-content\\\/uploads\\\/2025\\\/02\\\/ontario-vedelmaius-kassidele3.png\",\"datePublished\":\"2025-02-17T16:37:23+00:00\",\"breadcrumb\":{\"@id\":\"https:\\\/\\\/miumjau.ee\\\/lt\\\/produktas\\\/ontario-kreminis-skystas-skanestas-5x14-g-vistiena-ir-multivitaminai\\\/#breadcrumb\"},\"inLanguage\":\"lt-LT\",\"potentialAction\":[{\"@type\":\"ReadAction\",\"target\":[\"https:\\\/\\\/miumjau.ee\\\/lt\\\/produktas\\\/ontario-kreminis-skystas-skanestas-5x14-g-vistiena-ir-multivitaminai\\\/\"]}]},{\"@type\":\"ImageObject\",\"inLanguage\":\"lt-LT\",\"@id\":\"https:\\\/\\\/miumjau.ee\\\/lt\\\/produktas\\\/ontario-kreminis-skystas-skanestas-5x14-g-vistiena-ir-multivitaminai\\\/#primaryimage\",\"url\":\"https:\\\/\\\/miumjau.ee\\\/wp-content\\\/uploads\\\/2025\\\/02\\\/ontario-vedelmaius-kassidele3.png\",\"contentUrl\":\"https:\\\/\\\/miumjau.ee\\\/wp-content\\\/uploads\\\/2025\\\/02\\\/ontario-vedelmaius-kassidele3.png\",\"width\":649,\"height\":866},{\"@type\":\"BreadcrumbList\",\"@id\":\"https:\\\/\\\/miumjau.ee\\\/lt\\\/produktas\\\/ontario-kreminis-skystas-skanestas-5x14-g-vistiena-ir-multivitaminai\\\/#breadcrumb\",\"itemListElement\":[{\"@type\":\"ListItem\",\"position\":1,\"name\":\"Home\",\"item\":\"https:\\\/\\\/miumjau.ee\\\/lt\\\/\"},{\"@type\":\"ListItem\",\"position\":2,\"name\":\"Parduotuv\u0117\",\"item\":\"https:\\\/\\\/miumjau.ee\\\/lt\\\/parduotuve\\\/\"},{\"@type\":\"ListItem\",\"position\":3,\"name\":\"Ontario kreminis skystas skan\u0117stas 5&#215;14 g, vi\u0161tiena ir multivitaminai\"}]},{\"@type\":\"WebSite\",\"@id\":\"https:\\\/\\\/miumjau.ee\\\/#website\",\"url\":\"https:\\\/\\\/miumjau.ee\\\/\",\"name\":\"MiuMjau\",\"description\":\"Kraapimispuud kassidele\",\"publisher\":{\"@id\":\"https:\\\/\\\/miumjau.ee\\\/#organization\"},\"potentialAction\":[{\"@type\":\"SearchAction\",\"target\":{\"@type\":\"EntryPoint\",\"urlTemplate\":\"https:\\\/\\\/miumjau.ee\\\/?s={search_term_string}\"},\"query-input\":{\"@type\":\"PropertyValueSpecification\",\"valueRequired\":true,\"valueName\":\"search_term_string\"}}],\"inLanguage\":\"lt-LT\"},{\"@type\":\"Organization\",\"@id\":\"https:\\\/\\\/miumjau.ee\\\/#organization\",\"name\":\"MiuMjau O\u00dc\",\"url\":\"https:\\\/\\\/miumjau.ee\\\/\",\"logo\":{\"@type\":\"ImageObject\",\"inLanguage\":\"lt-LT\",\"@id\":\"https:\\\/\\\/miumjau.ee\\\/#\\\/schema\\\/logo\\\/image\\\/\",\"url\":\"https:\\\/\\\/miumjau.ee\\\/wp-content\\\/uploads\\\/2022\\\/04\\\/MiuMjau-logo-kollane.png\",\"contentUrl\":\"https:\\\/\\\/miumjau.ee\\\/wp-content\\\/uploads\\\/2022\\\/04\\\/MiuMjau-logo-kollane.png\",\"width\":219,\"height\":100,\"caption\":\"MiuMjau O\u00dc\"},\"image\":{\"@id\":\"https:\\\/\\\/miumjau.ee\\\/#\\\/schema\\\/logo\\\/image\\\/\"},\"sameAs\":[\"https:\\\/\\\/www.facebook.com\\\/miumjaupood\\\/\"]}]}<\/script>\n<!-- \/ Yoast SEO plugin. -->","yoast_head_json":{"title":"Ontario kreminis skystas skan\u0117stas 5x14 g, vi\u0161tiena ir multivitaminai - MiuMjau","robots":{"index":"index","follow":"follow","max-snippet":"max-snippet:-1","max-image-preview":"max-image-preview:large","max-video-preview":"max-video-preview:-1"},"canonical":"https:\/\/miumjau.ee\/lt\/produktas\/ontario-kreminis-skystas-skanestas-5x14-g-vistiena-ir-multivitaminai\/","og_locale":"lt_LT","og_type":"article","og_title":"Ontario kreminis skystas skan\u0117stas 5x14 g, vi\u0161tiena ir multivitaminai - MiuMjau","og_description":"Pasi\u016blykite savo katei Ontario kreminius skan\u0117stus, kurie praturtina jos mityb\u0105 ir suteikia malonum\u0105 kiekvienu k\u0105sniu \u2764\ufe0f Ontario Lickable Treat yra mink\u0161ta ir skani pasta, tinkama kaip papildomas maistas tiek suaugusiems kat\u0117ms, tiek ka\u010diukams nuo 3 m\u0117nesi\u0173 am\u017eiaus. Tai ne tik skan\u0117stas \u2013 tai sveikas pasirinkimas, palaikantis j\u016bs\u0173 kat\u0117s bendr\u0105 sveikat\u0105 ir gyvybingum\u0105. Pagrindiniai privalumai:\u2714 Skanus derinys \u2013 tunas ir la\u0161i\u0161a yra neatspariamai patraukl\u016bs kat\u0117ms ir tinka net i\u0161rankiausiems augintiniams. Abi \u017euvys lengvai vir\u0161kinamos ir turtingos auk\u0161tos kokyb\u0117s baltymais, padedan\u010diais palaikyti j\u016bs\u0173 kat\u0117s energij\u0105 ir stiprius raumenis. \u2714 \u0160velnus vir\u0161kinimui \u2013 kremin\u0117 tekst\u016bra daro skan\u0117st\u0105 lengvai vir\u0161kinam\u0105, tinkam\u0105 kat\u0117ms su jautriu skrand\u017eiu ar tiems, kurie sunkiai valgo kiet\u0105 maist\u0105. \u2714 Nat\u016brali ir \u0161vari sud\u0117tis \u2013 neturi dirbtini\u0173 da\u017eikli\u0173, aromatizatori\u0173 ar konservant\u0173, suteikiant j\u016bs\u0173 katei \u0161var\u0173 ir nat\u016bral\u0173 maist\u0105 be nereikaling\u0173 pried\u0173. \u2714 Turtingas maistin\u0117mis med\u017eiagomis \u2013 tunas ir la\u0161i\u0161a turi omega-3 riebal\u0173 r\u016bg\u0161\u010di\u0173, kurios palaiko sveik\u0105 kail\u012f, od\u0105 ir \u0161irdies veikl\u0105, taip pat stiprina imunitet\u0105 ir vir\u0161kinim\u0105. \u2714 Patogus pakuot\u0117s dydis \u2013 komplekte yra penki 14 g mai\u0161eliai, u\u017etikrinantys skan\u0117sto \u0161vie\u017eum\u0105 ir patogum\u0105 tiek kasdieniam naudojimui, tiek kelion\u0117ms. Sud\u0117tis: vanduo 59,704%, vi\u0161tiena 35,80%, tapiokos krakmolas 4,00%, ksantano guma 0,43%, taurinas 0,06%, vitaminai (A, B2, B3, B5, D3, E) 0,006%. Analitin\u0117 sud\u0117tis: \u017eali baltymai 9%, \u017eali riebalai 0,1%, skaidulos 0,5%, pelenai 1%, dr\u0117gm\u0117 90%. Papildomos med\u017eiagos: taurinas 600 mg, vitaminai (A, B2, B3, B5, D3, E) 60 mg, ksantano guma 4300 mg.","og_url":"https:\/\/miumjau.ee\/lt\/produktas\/ontario-kreminis-skystas-skanestas-5x14-g-vistiena-ir-multivitaminai\/","og_site_name":"MiuMjau","article_publisher":"https:\/\/www.facebook.com\/miumjaupood\/","og_image":[{"width":649,"height":866,"url":"https:\/\/miumjau.ee\/wp-content\/uploads\/2025\/02\/ontario-vedelmaius-kassidele3.png","type":"image\/png"}],"twitter_card":"summary_large_image","schema":{"@context":"https:\/\/schema.org","@graph":[{"@type":"WebPage","@id":"https:\/\/miumjau.ee\/lt\/produktas\/ontario-kreminis-skystas-skanestas-5x14-g-vistiena-ir-multivitaminai\/","url":"https:\/\/miumjau.ee\/lt\/produktas\/ontario-kreminis-skystas-skanestas-5x14-g-vistiena-ir-multivitaminai\/","name":"Ontario kreminis skystas skan\u0117stas 5x14 g, vi\u0161tiena ir multivitaminai - MiuMjau","isPartOf":{"@id":"https:\/\/miumjau.ee\/#website"},"primaryImageOfPage":{"@id":"https:\/\/miumjau.ee\/lt\/produktas\/ontario-kreminis-skystas-skanestas-5x14-g-vistiena-ir-multivitaminai\/#primaryimage"},"image":{"@id":"https:\/\/miumjau.ee\/lt\/produktas\/ontario-kreminis-skystas-skanestas-5x14-g-vistiena-ir-multivitaminai\/#primaryimage"},"thumbnailUrl":"https:\/\/miumjau.ee\/wp-content\/uploads\/2025\/02\/ontario-vedelmaius-kassidele3.png","datePublished":"2025-02-17T16:37:23+00:00","breadcrumb":{"@id":"https:\/\/miumjau.ee\/lt\/produktas\/ontario-kreminis-skystas-skanestas-5x14-g-vistiena-ir-multivitaminai\/#breadcrumb"},"inLanguage":"lt-LT","potentialAction":[{"@type":"ReadAction","target":["https:\/\/miumjau.ee\/lt\/produktas\/ontario-kreminis-skystas-skanestas-5x14-g-vistiena-ir-multivitaminai\/"]}]},{"@type":"ImageObject","inLanguage":"lt-LT","@id":"https:\/\/miumjau.ee\/lt\/produktas\/ontario-kreminis-skystas-skanestas-5x14-g-vistiena-ir-multivitaminai\/#primaryimage","url":"https:\/\/miumjau.ee\/wp-content\/uploads\/2025\/02\/ontario-vedelmaius-kassidele3.png","contentUrl":"https:\/\/miumjau.ee\/wp-content\/uploads\/2025\/02\/ontario-vedelmaius-kassidele3.png","width":649,"height":866},{"@type":"BreadcrumbList","@id":"https:\/\/miumjau.ee\/lt\/produktas\/ontario-kreminis-skystas-skanestas-5x14-g-vistiena-ir-multivitaminai\/#breadcrumb","itemListElement":[{"@type":"ListItem","position":1,"name":"Home","item":"https:\/\/miumjau.ee\/lt\/"},{"@type":"ListItem","position":2,"name":"Parduotuv\u0117","item":"https:\/\/miumjau.ee\/lt\/parduotuve\/"},{"@type":"ListItem","position":3,"name":"Ontario kreminis skystas skan\u0117stas 5&#215;14 g, vi\u0161tiena ir multivitaminai"}]},{"@type":"WebSite","@id":"https:\/\/miumjau.ee\/#website","url":"https:\/\/miumjau.ee\/","name":"MiuMjau","description":"Kraapimispuud kassidele","publisher":{"@id":"https:\/\/miumjau.ee\/#organization"},"potentialAction":[{"@type":"SearchAction","target":{"@type":"EntryPoint","urlTemplate":"https:\/\/miumjau.ee\/?s={search_term_string}"},"query-input":{"@type":"PropertyValueSpecification","valueRequired":true,"valueName":"search_term_string"}}],"inLanguage":"lt-LT"},{"@type":"Organization","@id":"https:\/\/miumjau.ee\/#organization","name":"MiuMjau O\u00dc","url":"https:\/\/miumjau.ee\/","logo":{"@type":"ImageObject","inLanguage":"lt-LT","@id":"https:\/\/miumjau.ee\/#\/schema\/logo\/image\/","url":"https:\/\/miumjau.ee\/wp-content\/uploads\/2022\/04\/MiuMjau-logo-kollane.png","contentUrl":"https:\/\/miumjau.ee\/wp-content\/uploads\/2022\/04\/MiuMjau-logo-kollane.png","width":219,"height":100,"caption":"MiuMjau O\u00dc"},"image":{"@id":"https:\/\/miumjau.ee\/#\/schema\/logo\/image\/"},"sameAs":["https:\/\/www.facebook.com\/miumjaupood\/"]}]}},"_links":{"self":[{"href":"https:\/\/miumjau.ee\/lt\/wp-json\/wp\/v2\/product\/55414","targetHints":{"allow":["GET"]}}],"collection":[{"href":"https:\/\/miumjau.ee\/lt\/wp-json\/wp\/v2\/product"}],"about":[{"href":"https:\/\/miumjau.ee\/lt\/wp-json\/wp\/v2\/types\/product"}],"wp:featuredmedia":[{"embeddable":true,"href":"https:\/\/miumjau.ee\/lt\/wp-json\/wp\/v2\/media\/55406"}],"wp:attachment":[{"href":"https:\/\/miumjau.ee\/lt\/wp-json\/wp\/v2\/media?parent=55414"}],"wp:term":[{"taxonomy":"product_brand","embeddable":true,"href":"https:\/\/miumjau.ee\/lt\/wp-json\/wp\/v2\/product_brand?post=55414"},{"taxonomy":"product_cat","embeddable":true,"href":"https:\/\/miumjau.ee\/lt\/wp-json\/wp\/v2\/product_cat?post=55414"},{"taxonomy":"product_tag","embeddable":true,"href":"https:\/\/miumjau.ee\/lt\/wp-json\/wp\/v2\/product_tag?post=55414"}],"curies":[{"name":"wp","href":"https:\/\/api.w.org\/{rel}","templated":true}]}}