{"id":55398,"date":"2025-02-17T15:26:32","date_gmt":"2025-02-17T13:26:32","guid":{"rendered":"https:\/\/miumjau.ee\/toode\/brit-premium-rinkinys-family-plate-chunks-12x100-g\/"},"modified":"2025-02-17T15:26:32","modified_gmt":"2025-02-17T13:26:32","slug":"brit-premium-rinkinys-family-plate-chunks-12x100-g","status":"publish","type":"product","link":"https:\/\/miumjau.ee\/lt\/produktas\/brit-premium-rinkinys-family-plate-chunks-12x100-g\/","title":{"rendered":"Brit Premium rinkinys \u201eFamily Plate Chunks\u201c 12&#215;100 g"},"content":{"rendered":"","protected":false},"excerpt":{"rendered":"<p data-start=\"1758\" data-end=\"2134\">Ar norite savo katei skanaus ir pilnaver\u010dio maisto? Brit Premium konserv\u0173 rinkinys si\u016blo keturias skirtingas skoni\u0173 r\u016b\u0161is, kad J\u016bs\u0173 augintinis gal\u0117t\u0173 m\u0117gautis \u012fvairiu ir maistingu patiekalu. Auk\u0161tas m\u0117sos kiekis, sveikos sudedamosios dalys ir m\u0117gstamas kat\u0117ms \u2013 puikus pasirinkimas kasdieniams patiekalams! 12 pakuo\u010di\u0173 u\u017etikrina patogum\u0105 ir kokyb\u0119, kuri\u0105 verta J\u016bs\u0173 kat\u0117. \ud83d\udc3e<\/p>\n<p data-start=\"2136\" data-end=\"2334\"><strong data-start=\"2136\" data-end=\"2161\">Jautiena su \u017eirniais:<\/strong> 74% m\u0117sa ir gyv\u016bnin\u0117s kilm\u0117s produktai (jautiena 8%), augalin\u0117s kilm\u0117s \u0161alutiniai produktai (inulinas 0,4%), dar\u017eov\u0117s (\u017eirniai 4%), mineralai. Be da\u017eikli\u0173 ir konservant\u0173.<\/p>\n<p data-start=\"2336\" data-end=\"2563\"><strong data-start=\"2336\" data-end=\"2371\">La\u0161i\u0161os ir up\u0117takio gabal\u0117liai:<\/strong> 60% m\u0117sa ir gyv\u016bnin\u0117s kilm\u0117s produktai, 16% \u017euvys ir \u017euvies produktai (la\u0161i\u0161a 8%, up\u0117takis 8%), augalin\u0117s kilm\u0117s \u0161alutiniai produktai (inulinas 0,4%), mineralai. Be da\u017eikli\u0173 ir konservant\u0173.<\/p>\n<p data-start=\"2565\" data-end=\"2765\"><strong data-start=\"2565\" data-end=\"2587\">Menki\u0173 gabal\u0117liai:<\/strong> 60% m\u0117sa ir gyv\u016bnin\u0117s kilm\u0117s produktai, 16% \u017euvys ir \u017euvies produktai (menk\u0117 8%), augalin\u0117s kilm\u0117s \u0161alutiniai produktai (inulinas 0,4%), mineralai. Be da\u017eikli\u0173 ir konservant\u0173.<\/p>\n<p data-start=\"2767\" data-end=\"2957\"><strong data-start=\"2767\" data-end=\"2793\">Vi\u0161tiena ir kalakutas:<\/strong> 78% m\u0117sa ir gyv\u016bnin\u0117s kilm\u0117s produktai (vi\u0161tiena 8%, kalakutas 8%), augalin\u0117s kilm\u0117s \u0161alutiniai produktai (inulinas 0,4%), mineralai. Be da\u017eikli\u0173 ir konservant\u0173.<\/p>\n<p data-start=\"2959\" data-end=\"3078\"><strong data-start=\"2959\" data-end=\"2981\">Analitin\u0117 sud\u0117tis:<\/strong> \u017eali baltymai 8,5%, \u017eali riebalai ir aliejai 4,5%, pelenai 2,5%, skaidulos 0,4%, dr\u0117gm\u0117 82,0%.<\/p>\n<p data-start=\"3080\" data-end=\"3242\" data-is-last-node=\"\" data-is-only-node=\"\"><strong data-start=\"3080\" data-end=\"3110\">Papildomos med\u017eiagos 1 kg:<\/strong> D3 vitaminas 250 IU, E vitaminas 100 mg, cinkas 10 mg, manganas 2 mg, jodas 0,7 mg, varis 0,2 mg, taurinas 450 mg, biotinas 100 \u00b5g.<\/p>\n","protected":false},"featured_media":45055,"template":"","meta":[],"product_brand":[],"product_cat":[526],"product_tag":[],"class_list":{"0":"post-55398","1":"product","2":"type-product","3":"status-publish","4":"has-post-thumbnail","6":"product_cat-slapias-maistas","8":"first","9":"instock","10":"taxable","11":"shipping-taxable","12":"purchasable","13":"product-type-simple"},"yoast_head":"<!-- This site is optimized with the Yoast SEO plugin v27.4 - https:\/\/yoast.com\/product\/yoast-seo-wordpress\/ -->\n<title>Brit Premium rinkinys \u201eFamily Plate Chunks\u201c 12x100 g - MiuMjau<\/title>\n<meta name=\"robots\" content=\"index, follow, max-snippet:-1, max-image-preview:large, max-video-preview:-1\" \/>\n<link rel=\"canonical\" href=\"https:\/\/miumjau.ee\/lt\/produktas\/brit-premium-rinkinys-family-plate-chunks-12x100-g\/\" \/>\n<meta property=\"og:locale\" content=\"lt_LT\" \/>\n<meta property=\"og:type\" content=\"article\" \/>\n<meta property=\"og:title\" content=\"Brit Premium rinkinys \u201eFamily Plate Chunks\u201c 12x100 g - MiuMjau\" \/>\n<meta property=\"og:description\" content=\"Ar norite savo katei skanaus ir pilnaver\u010dio maisto? Brit Premium konserv\u0173 rinkinys si\u016blo keturias skirtingas skoni\u0173 r\u016b\u0161is, kad J\u016bs\u0173 augintinis gal\u0117t\u0173 m\u0117gautis \u012fvairiu ir maistingu patiekalu. Auk\u0161tas m\u0117sos kiekis, sveikos sudedamosios dalys ir m\u0117gstamas kat\u0117ms \u2013 puikus pasirinkimas kasdieniams patiekalams! 12 pakuo\u010di\u0173 u\u017etikrina patogum\u0105 ir kokyb\u0119, kuri\u0105 verta J\u016bs\u0173 kat\u0117. \ud83d\udc3e Jautiena su \u017eirniais: 74% m\u0117sa ir gyv\u016bnin\u0117s kilm\u0117s produktai (jautiena 8%), augalin\u0117s kilm\u0117s \u0161alutiniai produktai (inulinas 0,4%), dar\u017eov\u0117s (\u017eirniai 4%), mineralai. Be da\u017eikli\u0173 ir konservant\u0173. La\u0161i\u0161os ir up\u0117takio gabal\u0117liai: 60% m\u0117sa ir gyv\u016bnin\u0117s kilm\u0117s produktai, 16% \u017euvys ir \u017euvies produktai (la\u0161i\u0161a 8%, up\u0117takis 8%), augalin\u0117s kilm\u0117s \u0161alutiniai produktai (inulinas 0,4%), mineralai. Be da\u017eikli\u0173 ir konservant\u0173. Menki\u0173 gabal\u0117liai: 60% m\u0117sa ir gyv\u016bnin\u0117s kilm\u0117s produktai, 16% \u017euvys ir \u017euvies produktai (menk\u0117 8%), augalin\u0117s kilm\u0117s \u0161alutiniai produktai (inulinas 0,4%), mineralai. Be da\u017eikli\u0173 ir konservant\u0173. Vi\u0161tiena ir kalakutas: 78% m\u0117sa ir gyv\u016bnin\u0117s kilm\u0117s produktai (vi\u0161tiena 8%, kalakutas 8%), augalin\u0117s kilm\u0117s \u0161alutiniai produktai (inulinas 0,4%), mineralai. Be da\u017eikli\u0173 ir konservant\u0173. Analitin\u0117 sud\u0117tis: \u017eali baltymai 8,5%, \u017eali riebalai ir aliejai 4,5%, pelenai 2,5%, skaidulos 0,4%, dr\u0117gm\u0117 82,0%. Papildomos med\u017eiagos 1 kg: D3 vitaminas 250 IU, E vitaminas 100 mg, cinkas 10 mg, manganas 2 mg, jodas 0,7 mg, varis 0,2 mg, taurinas 450 mg, biotinas 100 \u00b5g.\" \/>\n<meta property=\"og:url\" content=\"https:\/\/miumjau.ee\/lt\/produktas\/brit-premium-rinkinys-family-plate-chunks-12x100-g\/\" \/>\n<meta property=\"og:site_name\" content=\"MiuMjau\" \/>\n<meta property=\"article:publisher\" content=\"https:\/\/www.facebook.com\/miumjaupood\/\" \/>\n<meta property=\"og:image\" content=\"https:\/\/miumjau.ee\/wp-content\/uploads\/2025\/02\/brit-premium-margtoidud-kassile-family3.jpg\" \/>\n\t<meta property=\"og:image:width\" content=\"600\" \/>\n\t<meta property=\"og:image:height\" content=\"800\" \/>\n\t<meta property=\"og:image:type\" content=\"image\/jpeg\" \/>\n<meta name=\"twitter:card\" content=\"summary_large_image\" \/>\n<script type=\"application\/ld+json\" class=\"yoast-schema-graph\">{\"@context\":\"https:\\\/\\\/schema.org\",\"@graph\":[{\"@type\":\"WebPage\",\"@id\":\"https:\\\/\\\/miumjau.ee\\\/lt\\\/produktas\\\/brit-premium-rinkinys-family-plate-chunks-12x100-g\\\/\",\"url\":\"https:\\\/\\\/miumjau.ee\\\/lt\\\/produktas\\\/brit-premium-rinkinys-family-plate-chunks-12x100-g\\\/\",\"name\":\"Brit Premium rinkinys \u201eFamily Plate Chunks\u201c 12x100 g - MiuMjau\",\"isPartOf\":{\"@id\":\"https:\\\/\\\/miumjau.ee\\\/#website\"},\"primaryImageOfPage\":{\"@id\":\"https:\\\/\\\/miumjau.ee\\\/lt\\\/produktas\\\/brit-premium-rinkinys-family-plate-chunks-12x100-g\\\/#primaryimage\"},\"image\":{\"@id\":\"https:\\\/\\\/miumjau.ee\\\/lt\\\/produktas\\\/brit-premium-rinkinys-family-plate-chunks-12x100-g\\\/#primaryimage\"},\"thumbnailUrl\":\"https:\\\/\\\/miumjau.ee\\\/wp-content\\\/uploads\\\/2025\\\/02\\\/brit-premium-margtoidud-kassile-family3.jpg\",\"datePublished\":\"2025-02-17T13:26:32+00:00\",\"breadcrumb\":{\"@id\":\"https:\\\/\\\/miumjau.ee\\\/lt\\\/produktas\\\/brit-premium-rinkinys-family-plate-chunks-12x100-g\\\/#breadcrumb\"},\"inLanguage\":\"lt-LT\",\"potentialAction\":[{\"@type\":\"ReadAction\",\"target\":[\"https:\\\/\\\/miumjau.ee\\\/lt\\\/produktas\\\/brit-premium-rinkinys-family-plate-chunks-12x100-g\\\/\"]}]},{\"@type\":\"ImageObject\",\"inLanguage\":\"lt-LT\",\"@id\":\"https:\\\/\\\/miumjau.ee\\\/lt\\\/produktas\\\/brit-premium-rinkinys-family-plate-chunks-12x100-g\\\/#primaryimage\",\"url\":\"https:\\\/\\\/miumjau.ee\\\/wp-content\\\/uploads\\\/2025\\\/02\\\/brit-premium-margtoidud-kassile-family3.jpg\",\"contentUrl\":\"https:\\\/\\\/miumjau.ee\\\/wp-content\\\/uploads\\\/2025\\\/02\\\/brit-premium-margtoidud-kassile-family3.jpg\",\"width\":600,\"height\":800,\"caption\":\"Brit Premium assortii \\\"Family Plate Chunks\\\" 12x100g\"},{\"@type\":\"BreadcrumbList\",\"@id\":\"https:\\\/\\\/miumjau.ee\\\/lt\\\/produktas\\\/brit-premium-rinkinys-family-plate-chunks-12x100-g\\\/#breadcrumb\",\"itemListElement\":[{\"@type\":\"ListItem\",\"position\":1,\"name\":\"Home\",\"item\":\"https:\\\/\\\/miumjau.ee\\\/lt\\\/\"},{\"@type\":\"ListItem\",\"position\":2,\"name\":\"Parduotuv\u0117\",\"item\":\"https:\\\/\\\/miumjau.ee\\\/lt\\\/parduotuve\\\/\"},{\"@type\":\"ListItem\",\"position\":3,\"name\":\"Brit Premium rinkinys \u201eFamily Plate Chunks\u201c 12&#215;100 g\"}]},{\"@type\":\"WebSite\",\"@id\":\"https:\\\/\\\/miumjau.ee\\\/#website\",\"url\":\"https:\\\/\\\/miumjau.ee\\\/\",\"name\":\"MiuMjau\",\"description\":\"Kraapimispuud kassidele\",\"publisher\":{\"@id\":\"https:\\\/\\\/miumjau.ee\\\/#organization\"},\"potentialAction\":[{\"@type\":\"SearchAction\",\"target\":{\"@type\":\"EntryPoint\",\"urlTemplate\":\"https:\\\/\\\/miumjau.ee\\\/?s={search_term_string}\"},\"query-input\":{\"@type\":\"PropertyValueSpecification\",\"valueRequired\":true,\"valueName\":\"search_term_string\"}}],\"inLanguage\":\"lt-LT\"},{\"@type\":\"Organization\",\"@id\":\"https:\\\/\\\/miumjau.ee\\\/#organization\",\"name\":\"MiuMjau O\u00dc\",\"url\":\"https:\\\/\\\/miumjau.ee\\\/\",\"logo\":{\"@type\":\"ImageObject\",\"inLanguage\":\"lt-LT\",\"@id\":\"https:\\\/\\\/miumjau.ee\\\/#\\\/schema\\\/logo\\\/image\\\/\",\"url\":\"https:\\\/\\\/miumjau.ee\\\/wp-content\\\/uploads\\\/2022\\\/04\\\/MiuMjau-logo-kollane.png\",\"contentUrl\":\"https:\\\/\\\/miumjau.ee\\\/wp-content\\\/uploads\\\/2022\\\/04\\\/MiuMjau-logo-kollane.png\",\"width\":219,\"height\":100,\"caption\":\"MiuMjau O\u00dc\"},\"image\":{\"@id\":\"https:\\\/\\\/miumjau.ee\\\/#\\\/schema\\\/logo\\\/image\\\/\"},\"sameAs\":[\"https:\\\/\\\/www.facebook.com\\\/miumjaupood\\\/\"]}]}<\/script>\n<!-- \/ Yoast SEO plugin. -->","yoast_head_json":{"title":"Brit Premium rinkinys \u201eFamily Plate Chunks\u201c 12x100 g - MiuMjau","robots":{"index":"index","follow":"follow","max-snippet":"max-snippet:-1","max-image-preview":"max-image-preview:large","max-video-preview":"max-video-preview:-1"},"canonical":"https:\/\/miumjau.ee\/lt\/produktas\/brit-premium-rinkinys-family-plate-chunks-12x100-g\/","og_locale":"lt_LT","og_type":"article","og_title":"Brit Premium rinkinys \u201eFamily Plate Chunks\u201c 12x100 g - MiuMjau","og_description":"Ar norite savo katei skanaus ir pilnaver\u010dio maisto? Brit Premium konserv\u0173 rinkinys si\u016blo keturias skirtingas skoni\u0173 r\u016b\u0161is, kad J\u016bs\u0173 augintinis gal\u0117t\u0173 m\u0117gautis \u012fvairiu ir maistingu patiekalu. Auk\u0161tas m\u0117sos kiekis, sveikos sudedamosios dalys ir m\u0117gstamas kat\u0117ms \u2013 puikus pasirinkimas kasdieniams patiekalams! 12 pakuo\u010di\u0173 u\u017etikrina patogum\u0105 ir kokyb\u0119, kuri\u0105 verta J\u016bs\u0173 kat\u0117. \ud83d\udc3e Jautiena su \u017eirniais: 74% m\u0117sa ir gyv\u016bnin\u0117s kilm\u0117s produktai (jautiena 8%), augalin\u0117s kilm\u0117s \u0161alutiniai produktai (inulinas 0,4%), dar\u017eov\u0117s (\u017eirniai 4%), mineralai. Be da\u017eikli\u0173 ir konservant\u0173. La\u0161i\u0161os ir up\u0117takio gabal\u0117liai: 60% m\u0117sa ir gyv\u016bnin\u0117s kilm\u0117s produktai, 16% \u017euvys ir \u017euvies produktai (la\u0161i\u0161a 8%, up\u0117takis 8%), augalin\u0117s kilm\u0117s \u0161alutiniai produktai (inulinas 0,4%), mineralai. Be da\u017eikli\u0173 ir konservant\u0173. Menki\u0173 gabal\u0117liai: 60% m\u0117sa ir gyv\u016bnin\u0117s kilm\u0117s produktai, 16% \u017euvys ir \u017euvies produktai (menk\u0117 8%), augalin\u0117s kilm\u0117s \u0161alutiniai produktai (inulinas 0,4%), mineralai. Be da\u017eikli\u0173 ir konservant\u0173. Vi\u0161tiena ir kalakutas: 78% m\u0117sa ir gyv\u016bnin\u0117s kilm\u0117s produktai (vi\u0161tiena 8%, kalakutas 8%), augalin\u0117s kilm\u0117s \u0161alutiniai produktai (inulinas 0,4%), mineralai. Be da\u017eikli\u0173 ir konservant\u0173. Analitin\u0117 sud\u0117tis: \u017eali baltymai 8,5%, \u017eali riebalai ir aliejai 4,5%, pelenai 2,5%, skaidulos 0,4%, dr\u0117gm\u0117 82,0%. Papildomos med\u017eiagos 1 kg: D3 vitaminas 250 IU, E vitaminas 100 mg, cinkas 10 mg, manganas 2 mg, jodas 0,7 mg, varis 0,2 mg, taurinas 450 mg, biotinas 100 \u00b5g.","og_url":"https:\/\/miumjau.ee\/lt\/produktas\/brit-premium-rinkinys-family-plate-chunks-12x100-g\/","og_site_name":"MiuMjau","article_publisher":"https:\/\/www.facebook.com\/miumjaupood\/","og_image":[{"width":600,"height":800,"url":"https:\/\/miumjau.ee\/wp-content\/uploads\/2025\/02\/brit-premium-margtoidud-kassile-family3.jpg","type":"image\/jpeg"}],"twitter_card":"summary_large_image","schema":{"@context":"https:\/\/schema.org","@graph":[{"@type":"WebPage","@id":"https:\/\/miumjau.ee\/lt\/produktas\/brit-premium-rinkinys-family-plate-chunks-12x100-g\/","url":"https:\/\/miumjau.ee\/lt\/produktas\/brit-premium-rinkinys-family-plate-chunks-12x100-g\/","name":"Brit Premium rinkinys \u201eFamily Plate Chunks\u201c 12x100 g - MiuMjau","isPartOf":{"@id":"https:\/\/miumjau.ee\/#website"},"primaryImageOfPage":{"@id":"https:\/\/miumjau.ee\/lt\/produktas\/brit-premium-rinkinys-family-plate-chunks-12x100-g\/#primaryimage"},"image":{"@id":"https:\/\/miumjau.ee\/lt\/produktas\/brit-premium-rinkinys-family-plate-chunks-12x100-g\/#primaryimage"},"thumbnailUrl":"https:\/\/miumjau.ee\/wp-content\/uploads\/2025\/02\/brit-premium-margtoidud-kassile-family3.jpg","datePublished":"2025-02-17T13:26:32+00:00","breadcrumb":{"@id":"https:\/\/miumjau.ee\/lt\/produktas\/brit-premium-rinkinys-family-plate-chunks-12x100-g\/#breadcrumb"},"inLanguage":"lt-LT","potentialAction":[{"@type":"ReadAction","target":["https:\/\/miumjau.ee\/lt\/produktas\/brit-premium-rinkinys-family-plate-chunks-12x100-g\/"]}]},{"@type":"ImageObject","inLanguage":"lt-LT","@id":"https:\/\/miumjau.ee\/lt\/produktas\/brit-premium-rinkinys-family-plate-chunks-12x100-g\/#primaryimage","url":"https:\/\/miumjau.ee\/wp-content\/uploads\/2025\/02\/brit-premium-margtoidud-kassile-family3.jpg","contentUrl":"https:\/\/miumjau.ee\/wp-content\/uploads\/2025\/02\/brit-premium-margtoidud-kassile-family3.jpg","width":600,"height":800,"caption":"Brit Premium assortii \"Family Plate Chunks\" 12x100g"},{"@type":"BreadcrumbList","@id":"https:\/\/miumjau.ee\/lt\/produktas\/brit-premium-rinkinys-family-plate-chunks-12x100-g\/#breadcrumb","itemListElement":[{"@type":"ListItem","position":1,"name":"Home","item":"https:\/\/miumjau.ee\/lt\/"},{"@type":"ListItem","position":2,"name":"Parduotuv\u0117","item":"https:\/\/miumjau.ee\/lt\/parduotuve\/"},{"@type":"ListItem","position":3,"name":"Brit Premium rinkinys \u201eFamily Plate Chunks\u201c 12&#215;100 g"}]},{"@type":"WebSite","@id":"https:\/\/miumjau.ee\/#website","url":"https:\/\/miumjau.ee\/","name":"MiuMjau","description":"Kraapimispuud kassidele","publisher":{"@id":"https:\/\/miumjau.ee\/#organization"},"potentialAction":[{"@type":"SearchAction","target":{"@type":"EntryPoint","urlTemplate":"https:\/\/miumjau.ee\/?s={search_term_string}"},"query-input":{"@type":"PropertyValueSpecification","valueRequired":true,"valueName":"search_term_string"}}],"inLanguage":"lt-LT"},{"@type":"Organization","@id":"https:\/\/miumjau.ee\/#organization","name":"MiuMjau O\u00dc","url":"https:\/\/miumjau.ee\/","logo":{"@type":"ImageObject","inLanguage":"lt-LT","@id":"https:\/\/miumjau.ee\/#\/schema\/logo\/image\/","url":"https:\/\/miumjau.ee\/wp-content\/uploads\/2022\/04\/MiuMjau-logo-kollane.png","contentUrl":"https:\/\/miumjau.ee\/wp-content\/uploads\/2022\/04\/MiuMjau-logo-kollane.png","width":219,"height":100,"caption":"MiuMjau O\u00dc"},"image":{"@id":"https:\/\/miumjau.ee\/#\/schema\/logo\/image\/"},"sameAs":["https:\/\/www.facebook.com\/miumjaupood\/"]}]}},"_links":{"self":[{"href":"https:\/\/miumjau.ee\/lt\/wp-json\/wp\/v2\/product\/55398","targetHints":{"allow":["GET"]}}],"collection":[{"href":"https:\/\/miumjau.ee\/lt\/wp-json\/wp\/v2\/product"}],"about":[{"href":"https:\/\/miumjau.ee\/lt\/wp-json\/wp\/v2\/types\/product"}],"wp:featuredmedia":[{"embeddable":true,"href":"https:\/\/miumjau.ee\/lt\/wp-json\/wp\/v2\/media\/45055"}],"wp:attachment":[{"href":"https:\/\/miumjau.ee\/lt\/wp-json\/wp\/v2\/media?parent=55398"}],"wp:term":[{"taxonomy":"product_brand","embeddable":true,"href":"https:\/\/miumjau.ee\/lt\/wp-json\/wp\/v2\/product_brand?post=55398"},{"taxonomy":"product_cat","embeddable":true,"href":"https:\/\/miumjau.ee\/lt\/wp-json\/wp\/v2\/product_cat?post=55398"},{"taxonomy":"product_tag","embeddable":true,"href":"https:\/\/miumjau.ee\/lt\/wp-json\/wp\/v2\/product_tag?post=55398"}],"curies":[{"name":"wp","href":"https:\/\/api.w.org\/{rel}","templated":true}]}}