{"id":55396,"date":"2025-02-17T15:26:29","date_gmt":"2025-02-17T13:26:29","guid":{"rendered":"https:\/\/miumjau.ee\/toode\/brit-premium-rinkinys-sterilised-plate-chunks-12x100-g\/"},"modified":"2025-02-17T15:26:29","modified_gmt":"2025-02-17T13:26:29","slug":"brit-premium-rinkinys-sterilised-plate-chunks-12x100-g","status":"publish","type":"product","link":"https:\/\/miumjau.ee\/lt\/produktas\/brit-premium-rinkinys-sterilised-plate-chunks-12x100-g\/","title":{"rendered":"Brit Premium rinkinys \u201eSterilised Plate Chunks\u201c 12&#215;100 g"},"content":{"rendered":"","protected":false},"excerpt":{"rendered":"<p data-start=\"1523\" data-end=\"1899\">Ar norite savo katei skanaus ir pilnaver\u010dio maisto? Brit Premium konserv\u0173 rinkinys si\u016blo keturias skirtingas skoni\u0173 r\u016b\u0161is, kad J\u016bs\u0173 augintinis gal\u0117t\u0173 m\u0117gautis \u012fvairiu ir maistingu patiekalu. Auk\u0161tas m\u0117sos kiekis, sveikos sudedamosios dalys ir m\u0117gstamas kat\u0117ms \u2013 puikus pasirinkimas kasdieniams patiekalams! 12 pakuo\u010di\u0173 u\u017etikrina patogum\u0105 ir kokyb\u0119, kuri\u0105 verta J\u016bs\u0173 kat\u0117. \ud83d\udc3e<\/p>\n<p data-start=\"1901\" data-end=\"2122\"><strong data-start=\"1901\" data-end=\"1925\">3 x VI\u0160TIENA pada\u017ee:<\/strong><br data-start=\"1925\" data-end=\"1928\" \/>Sud\u0117tis: m\u0117sa ir gyv\u016bnin\u0117s kilm\u0117s \u0161alutiniai produktai (87,5% gabal\u0117liais, i\u0161 kuri\u0173 50% vi\u0161tiena), augalin\u0117s kilm\u0117s \u0161alutiniai produktai (0,4% inulinas), mineralai. Be da\u017eikli\u0173 ir konservant\u0173.<\/p>\n<p data-start=\"2124\" data-end=\"2346\"><strong data-start=\"2124\" data-end=\"2152\">3 x AVIENOS m\u0117sa pada\u017ee:<\/strong><br data-start=\"2152\" data-end=\"2155\" \/>Sud\u0117tis: m\u0117sa ir gyv\u016bnin\u0117s kilm\u0117s \u0161alutiniai produktai (87% gabal\u0117liais, i\u0161 kuri\u0173 9,3% aviena), augalin\u0117s kilm\u0117s \u0161alutiniai produktai (0,4% inulinas), mineralai. Be da\u017eikli\u0173 ir konservant\u0173.<\/p>\n<p data-start=\"2348\" data-end=\"2565\"><strong data-start=\"2348\" data-end=\"2371\">3 x KEPEN\u0116S pada\u017ee:<\/strong><br data-start=\"2371\" data-end=\"2374\" \/>Sud\u0117tis: m\u0117sa ir gyv\u016bnin\u0117s kilm\u0117s \u0161alutiniai produktai (87% gabal\u0117liais, i\u0161 kuri\u0173 12% kepenys), augalin\u0117s kilm\u0117s \u0161alutiniai produktai (0,4% inulinas), mineralai. Be da\u017eikli\u0173 ir konservant\u0173.<\/p>\n<p data-start=\"2567\" data-end=\"2808\" data-is-last-node=\"\" data-is-only-node=\"\"><strong data-start=\"2567\" data-end=\"2595\">3 x LA\u0160I\u0160OS fil\u0117 pada\u017ee:<\/strong><br data-start=\"2595\" data-end=\"2598\" \/>Sud\u0117tis: m\u0117sa ir gyv\u016bnin\u0117s kilm\u0117s produktai (78% gabal\u0117liais), \u017euvys ir \u017euvies produktai (9,3% la\u0161i\u0161os gabal\u0117liais), augalin\u0117s kilm\u0117s \u0161alutiniai produktai (0,4% inulinas), mineralai. Be da\u017eikli\u0173 ir konservant\u0173.<\/p>\n","protected":false},"featured_media":45054,"template":"","meta":[],"product_brand":[],"product_cat":[526],"product_tag":[],"class_list":{"0":"post-55396","1":"product","2":"type-product","3":"status-publish","4":"has-post-thumbnail","6":"product_cat-slapias-maistas","8":"first","9":"instock","10":"taxable","11":"shipping-taxable","12":"purchasable","13":"product-type-simple"},"yoast_head":"<!-- This site is optimized with the Yoast SEO plugin v27.4 - https:\/\/yoast.com\/product\/yoast-seo-wordpress\/ -->\n<title>Brit Premium rinkinys \u201eSterilised Plate Chunks\u201c 12x100 g - MiuMjau<\/title>\n<meta name=\"robots\" content=\"index, follow, max-snippet:-1, max-image-preview:large, max-video-preview:-1\" \/>\n<link rel=\"canonical\" href=\"https:\/\/miumjau.ee\/lt\/produktas\/brit-premium-rinkinys-sterilised-plate-chunks-12x100-g\/\" \/>\n<meta property=\"og:locale\" content=\"lt_LT\" \/>\n<meta property=\"og:type\" content=\"article\" \/>\n<meta property=\"og:title\" content=\"Brit Premium rinkinys \u201eSterilised Plate Chunks\u201c 12x100 g - MiuMjau\" \/>\n<meta property=\"og:description\" content=\"Ar norite savo katei skanaus ir pilnaver\u010dio maisto? Brit Premium konserv\u0173 rinkinys si\u016blo keturias skirtingas skoni\u0173 r\u016b\u0161is, kad J\u016bs\u0173 augintinis gal\u0117t\u0173 m\u0117gautis \u012fvairiu ir maistingu patiekalu. Auk\u0161tas m\u0117sos kiekis, sveikos sudedamosios dalys ir m\u0117gstamas kat\u0117ms \u2013 puikus pasirinkimas kasdieniams patiekalams! 12 pakuo\u010di\u0173 u\u017etikrina patogum\u0105 ir kokyb\u0119, kuri\u0105 verta J\u016bs\u0173 kat\u0117. \ud83d\udc3e 3 x VI\u0160TIENA pada\u017ee:Sud\u0117tis: m\u0117sa ir gyv\u016bnin\u0117s kilm\u0117s \u0161alutiniai produktai (87,5% gabal\u0117liais, i\u0161 kuri\u0173 50% vi\u0161tiena), augalin\u0117s kilm\u0117s \u0161alutiniai produktai (0,4% inulinas), mineralai. Be da\u017eikli\u0173 ir konservant\u0173. 3 x AVIENOS m\u0117sa pada\u017ee:Sud\u0117tis: m\u0117sa ir gyv\u016bnin\u0117s kilm\u0117s \u0161alutiniai produktai (87% gabal\u0117liais, i\u0161 kuri\u0173 9,3% aviena), augalin\u0117s kilm\u0117s \u0161alutiniai produktai (0,4% inulinas), mineralai. Be da\u017eikli\u0173 ir konservant\u0173. 3 x KEPEN\u0116S pada\u017ee:Sud\u0117tis: m\u0117sa ir gyv\u016bnin\u0117s kilm\u0117s \u0161alutiniai produktai (87% gabal\u0117liais, i\u0161 kuri\u0173 12% kepenys), augalin\u0117s kilm\u0117s \u0161alutiniai produktai (0,4% inulinas), mineralai. Be da\u017eikli\u0173 ir konservant\u0173. 3 x LA\u0160I\u0160OS fil\u0117 pada\u017ee:Sud\u0117tis: m\u0117sa ir gyv\u016bnin\u0117s kilm\u0117s produktai (78% gabal\u0117liais), \u017euvys ir \u017euvies produktai (9,3% la\u0161i\u0161os gabal\u0117liais), augalin\u0117s kilm\u0117s \u0161alutiniai produktai (0,4% inulinas), mineralai. Be da\u017eikli\u0173 ir konservant\u0173.\" \/>\n<meta property=\"og:url\" content=\"https:\/\/miumjau.ee\/lt\/produktas\/brit-premium-rinkinys-sterilised-plate-chunks-12x100-g\/\" \/>\n<meta property=\"og:site_name\" content=\"MiuMjau\" \/>\n<meta property=\"article:publisher\" content=\"https:\/\/www.facebook.com\/miumjaupood\/\" \/>\n<meta property=\"og:image\" content=\"https:\/\/miumjau.ee\/wp-content\/uploads\/2025\/02\/brit-premium-margtoidud-kassile-family2.jpg\" \/>\n\t<meta property=\"og:image:width\" content=\"600\" \/>\n\t<meta property=\"og:image:height\" content=\"800\" \/>\n\t<meta property=\"og:image:type\" content=\"image\/jpeg\" \/>\n<meta name=\"twitter:card\" content=\"summary_large_image\" \/>\n<script type=\"application\/ld+json\" class=\"yoast-schema-graph\">{\"@context\":\"https:\\\/\\\/schema.org\",\"@graph\":[{\"@type\":\"WebPage\",\"@id\":\"https:\\\/\\\/miumjau.ee\\\/lt\\\/produktas\\\/brit-premium-rinkinys-sterilised-plate-chunks-12x100-g\\\/\",\"url\":\"https:\\\/\\\/miumjau.ee\\\/lt\\\/produktas\\\/brit-premium-rinkinys-sterilised-plate-chunks-12x100-g\\\/\",\"name\":\"Brit Premium rinkinys \u201eSterilised Plate Chunks\u201c 12x100 g - MiuMjau\",\"isPartOf\":{\"@id\":\"https:\\\/\\\/miumjau.ee\\\/#website\"},\"primaryImageOfPage\":{\"@id\":\"https:\\\/\\\/miumjau.ee\\\/lt\\\/produktas\\\/brit-premium-rinkinys-sterilised-plate-chunks-12x100-g\\\/#primaryimage\"},\"image\":{\"@id\":\"https:\\\/\\\/miumjau.ee\\\/lt\\\/produktas\\\/brit-premium-rinkinys-sterilised-plate-chunks-12x100-g\\\/#primaryimage\"},\"thumbnailUrl\":\"https:\\\/\\\/miumjau.ee\\\/wp-content\\\/uploads\\\/2025\\\/02\\\/brit-premium-margtoidud-kassile-family2.jpg\",\"datePublished\":\"2025-02-17T13:26:29+00:00\",\"breadcrumb\":{\"@id\":\"https:\\\/\\\/miumjau.ee\\\/lt\\\/produktas\\\/brit-premium-rinkinys-sterilised-plate-chunks-12x100-g\\\/#breadcrumb\"},\"inLanguage\":\"lt-LT\",\"potentialAction\":[{\"@type\":\"ReadAction\",\"target\":[\"https:\\\/\\\/miumjau.ee\\\/lt\\\/produktas\\\/brit-premium-rinkinys-sterilised-plate-chunks-12x100-g\\\/\"]}]},{\"@type\":\"ImageObject\",\"inLanguage\":\"lt-LT\",\"@id\":\"https:\\\/\\\/miumjau.ee\\\/lt\\\/produktas\\\/brit-premium-rinkinys-sterilised-plate-chunks-12x100-g\\\/#primaryimage\",\"url\":\"https:\\\/\\\/miumjau.ee\\\/wp-content\\\/uploads\\\/2025\\\/02\\\/brit-premium-margtoidud-kassile-family2.jpg\",\"contentUrl\":\"https:\\\/\\\/miumjau.ee\\\/wp-content\\\/uploads\\\/2025\\\/02\\\/brit-premium-margtoidud-kassile-family2.jpg\",\"width\":600,\"height\":800,\"caption\":\"Brit Premium assortii \\\"Sterilised Plate Chunks\\\" 12x100g\"},{\"@type\":\"BreadcrumbList\",\"@id\":\"https:\\\/\\\/miumjau.ee\\\/lt\\\/produktas\\\/brit-premium-rinkinys-sterilised-plate-chunks-12x100-g\\\/#breadcrumb\",\"itemListElement\":[{\"@type\":\"ListItem\",\"position\":1,\"name\":\"Home\",\"item\":\"https:\\\/\\\/miumjau.ee\\\/lt\\\/\"},{\"@type\":\"ListItem\",\"position\":2,\"name\":\"Parduotuv\u0117\",\"item\":\"https:\\\/\\\/miumjau.ee\\\/lt\\\/parduotuve\\\/\"},{\"@type\":\"ListItem\",\"position\":3,\"name\":\"Brit Premium rinkinys \u201eSterilised Plate Chunks\u201c 12&#215;100 g\"}]},{\"@type\":\"WebSite\",\"@id\":\"https:\\\/\\\/miumjau.ee\\\/#website\",\"url\":\"https:\\\/\\\/miumjau.ee\\\/\",\"name\":\"MiuMjau\",\"description\":\"Kraapimispuud kassidele\",\"publisher\":{\"@id\":\"https:\\\/\\\/miumjau.ee\\\/#organization\"},\"potentialAction\":[{\"@type\":\"SearchAction\",\"target\":{\"@type\":\"EntryPoint\",\"urlTemplate\":\"https:\\\/\\\/miumjau.ee\\\/?s={search_term_string}\"},\"query-input\":{\"@type\":\"PropertyValueSpecification\",\"valueRequired\":true,\"valueName\":\"search_term_string\"}}],\"inLanguage\":\"lt-LT\"},{\"@type\":\"Organization\",\"@id\":\"https:\\\/\\\/miumjau.ee\\\/#organization\",\"name\":\"MiuMjau O\u00dc\",\"url\":\"https:\\\/\\\/miumjau.ee\\\/\",\"logo\":{\"@type\":\"ImageObject\",\"inLanguage\":\"lt-LT\",\"@id\":\"https:\\\/\\\/miumjau.ee\\\/#\\\/schema\\\/logo\\\/image\\\/\",\"url\":\"https:\\\/\\\/miumjau.ee\\\/wp-content\\\/uploads\\\/2022\\\/04\\\/MiuMjau-logo-kollane.png\",\"contentUrl\":\"https:\\\/\\\/miumjau.ee\\\/wp-content\\\/uploads\\\/2022\\\/04\\\/MiuMjau-logo-kollane.png\",\"width\":219,\"height\":100,\"caption\":\"MiuMjau O\u00dc\"},\"image\":{\"@id\":\"https:\\\/\\\/miumjau.ee\\\/#\\\/schema\\\/logo\\\/image\\\/\"},\"sameAs\":[\"https:\\\/\\\/www.facebook.com\\\/miumjaupood\\\/\"]}]}<\/script>\n<!-- \/ Yoast SEO plugin. -->","yoast_head_json":{"title":"Brit Premium rinkinys \u201eSterilised Plate Chunks\u201c 12x100 g - MiuMjau","robots":{"index":"index","follow":"follow","max-snippet":"max-snippet:-1","max-image-preview":"max-image-preview:large","max-video-preview":"max-video-preview:-1"},"canonical":"https:\/\/miumjau.ee\/lt\/produktas\/brit-premium-rinkinys-sterilised-plate-chunks-12x100-g\/","og_locale":"lt_LT","og_type":"article","og_title":"Brit Premium rinkinys \u201eSterilised Plate Chunks\u201c 12x100 g - MiuMjau","og_description":"Ar norite savo katei skanaus ir pilnaver\u010dio maisto? Brit Premium konserv\u0173 rinkinys si\u016blo keturias skirtingas skoni\u0173 r\u016b\u0161is, kad J\u016bs\u0173 augintinis gal\u0117t\u0173 m\u0117gautis \u012fvairiu ir maistingu patiekalu. Auk\u0161tas m\u0117sos kiekis, sveikos sudedamosios dalys ir m\u0117gstamas kat\u0117ms \u2013 puikus pasirinkimas kasdieniams patiekalams! 12 pakuo\u010di\u0173 u\u017etikrina patogum\u0105 ir kokyb\u0119, kuri\u0105 verta J\u016bs\u0173 kat\u0117. \ud83d\udc3e 3 x VI\u0160TIENA pada\u017ee:Sud\u0117tis: m\u0117sa ir gyv\u016bnin\u0117s kilm\u0117s \u0161alutiniai produktai (87,5% gabal\u0117liais, i\u0161 kuri\u0173 50% vi\u0161tiena), augalin\u0117s kilm\u0117s \u0161alutiniai produktai (0,4% inulinas), mineralai. Be da\u017eikli\u0173 ir konservant\u0173. 3 x AVIENOS m\u0117sa pada\u017ee:Sud\u0117tis: m\u0117sa ir gyv\u016bnin\u0117s kilm\u0117s \u0161alutiniai produktai (87% gabal\u0117liais, i\u0161 kuri\u0173 9,3% aviena), augalin\u0117s kilm\u0117s \u0161alutiniai produktai (0,4% inulinas), mineralai. Be da\u017eikli\u0173 ir konservant\u0173. 3 x KEPEN\u0116S pada\u017ee:Sud\u0117tis: m\u0117sa ir gyv\u016bnin\u0117s kilm\u0117s \u0161alutiniai produktai (87% gabal\u0117liais, i\u0161 kuri\u0173 12% kepenys), augalin\u0117s kilm\u0117s \u0161alutiniai produktai (0,4% inulinas), mineralai. Be da\u017eikli\u0173 ir konservant\u0173. 3 x LA\u0160I\u0160OS fil\u0117 pada\u017ee:Sud\u0117tis: m\u0117sa ir gyv\u016bnin\u0117s kilm\u0117s produktai (78% gabal\u0117liais), \u017euvys ir \u017euvies produktai (9,3% la\u0161i\u0161os gabal\u0117liais), augalin\u0117s kilm\u0117s \u0161alutiniai produktai (0,4% inulinas), mineralai. Be da\u017eikli\u0173 ir konservant\u0173.","og_url":"https:\/\/miumjau.ee\/lt\/produktas\/brit-premium-rinkinys-sterilised-plate-chunks-12x100-g\/","og_site_name":"MiuMjau","article_publisher":"https:\/\/www.facebook.com\/miumjaupood\/","og_image":[{"width":600,"height":800,"url":"https:\/\/miumjau.ee\/wp-content\/uploads\/2025\/02\/brit-premium-margtoidud-kassile-family2.jpg","type":"image\/jpeg"}],"twitter_card":"summary_large_image","schema":{"@context":"https:\/\/schema.org","@graph":[{"@type":"WebPage","@id":"https:\/\/miumjau.ee\/lt\/produktas\/brit-premium-rinkinys-sterilised-plate-chunks-12x100-g\/","url":"https:\/\/miumjau.ee\/lt\/produktas\/brit-premium-rinkinys-sterilised-plate-chunks-12x100-g\/","name":"Brit Premium rinkinys \u201eSterilised Plate Chunks\u201c 12x100 g - MiuMjau","isPartOf":{"@id":"https:\/\/miumjau.ee\/#website"},"primaryImageOfPage":{"@id":"https:\/\/miumjau.ee\/lt\/produktas\/brit-premium-rinkinys-sterilised-plate-chunks-12x100-g\/#primaryimage"},"image":{"@id":"https:\/\/miumjau.ee\/lt\/produktas\/brit-premium-rinkinys-sterilised-plate-chunks-12x100-g\/#primaryimage"},"thumbnailUrl":"https:\/\/miumjau.ee\/wp-content\/uploads\/2025\/02\/brit-premium-margtoidud-kassile-family2.jpg","datePublished":"2025-02-17T13:26:29+00:00","breadcrumb":{"@id":"https:\/\/miumjau.ee\/lt\/produktas\/brit-premium-rinkinys-sterilised-plate-chunks-12x100-g\/#breadcrumb"},"inLanguage":"lt-LT","potentialAction":[{"@type":"ReadAction","target":["https:\/\/miumjau.ee\/lt\/produktas\/brit-premium-rinkinys-sterilised-plate-chunks-12x100-g\/"]}]},{"@type":"ImageObject","inLanguage":"lt-LT","@id":"https:\/\/miumjau.ee\/lt\/produktas\/brit-premium-rinkinys-sterilised-plate-chunks-12x100-g\/#primaryimage","url":"https:\/\/miumjau.ee\/wp-content\/uploads\/2025\/02\/brit-premium-margtoidud-kassile-family2.jpg","contentUrl":"https:\/\/miumjau.ee\/wp-content\/uploads\/2025\/02\/brit-premium-margtoidud-kassile-family2.jpg","width":600,"height":800,"caption":"Brit Premium assortii \"Sterilised Plate Chunks\" 12x100g"},{"@type":"BreadcrumbList","@id":"https:\/\/miumjau.ee\/lt\/produktas\/brit-premium-rinkinys-sterilised-plate-chunks-12x100-g\/#breadcrumb","itemListElement":[{"@type":"ListItem","position":1,"name":"Home","item":"https:\/\/miumjau.ee\/lt\/"},{"@type":"ListItem","position":2,"name":"Parduotuv\u0117","item":"https:\/\/miumjau.ee\/lt\/parduotuve\/"},{"@type":"ListItem","position":3,"name":"Brit Premium rinkinys \u201eSterilised Plate Chunks\u201c 12&#215;100 g"}]},{"@type":"WebSite","@id":"https:\/\/miumjau.ee\/#website","url":"https:\/\/miumjau.ee\/","name":"MiuMjau","description":"Kraapimispuud kassidele","publisher":{"@id":"https:\/\/miumjau.ee\/#organization"},"potentialAction":[{"@type":"SearchAction","target":{"@type":"EntryPoint","urlTemplate":"https:\/\/miumjau.ee\/?s={search_term_string}"},"query-input":{"@type":"PropertyValueSpecification","valueRequired":true,"valueName":"search_term_string"}}],"inLanguage":"lt-LT"},{"@type":"Organization","@id":"https:\/\/miumjau.ee\/#organization","name":"MiuMjau O\u00dc","url":"https:\/\/miumjau.ee\/","logo":{"@type":"ImageObject","inLanguage":"lt-LT","@id":"https:\/\/miumjau.ee\/#\/schema\/logo\/image\/","url":"https:\/\/miumjau.ee\/wp-content\/uploads\/2022\/04\/MiuMjau-logo-kollane.png","contentUrl":"https:\/\/miumjau.ee\/wp-content\/uploads\/2022\/04\/MiuMjau-logo-kollane.png","width":219,"height":100,"caption":"MiuMjau O\u00dc"},"image":{"@id":"https:\/\/miumjau.ee\/#\/schema\/logo\/image\/"},"sameAs":["https:\/\/www.facebook.com\/miumjaupood\/"]}]}},"_links":{"self":[{"href":"https:\/\/miumjau.ee\/lt\/wp-json\/wp\/v2\/product\/55396","targetHints":{"allow":["GET"]}}],"collection":[{"href":"https:\/\/miumjau.ee\/lt\/wp-json\/wp\/v2\/product"}],"about":[{"href":"https:\/\/miumjau.ee\/lt\/wp-json\/wp\/v2\/types\/product"}],"wp:featuredmedia":[{"embeddable":true,"href":"https:\/\/miumjau.ee\/lt\/wp-json\/wp\/v2\/media\/45054"}],"wp:attachment":[{"href":"https:\/\/miumjau.ee\/lt\/wp-json\/wp\/v2\/media?parent=55396"}],"wp:term":[{"taxonomy":"product_brand","embeddable":true,"href":"https:\/\/miumjau.ee\/lt\/wp-json\/wp\/v2\/product_brand?post=55396"},{"taxonomy":"product_cat","embeddable":true,"href":"https:\/\/miumjau.ee\/lt\/wp-json\/wp\/v2\/product_cat?post=55396"},{"taxonomy":"product_tag","embeddable":true,"href":"https:\/\/miumjau.ee\/lt\/wp-json\/wp\/v2\/product_tag?post=55396"}],"curies":[{"name":"wp","href":"https:\/\/api.w.org\/{rel}","templated":true}]}}