{"id":55392,"date":"2025-02-17T15:26:27","date_gmt":"2025-02-17T13:26:27","guid":{"rendered":"https:\/\/miumjau.ee\/toode\/brit-premium-rinkinys-family-plate-jelly-12x85-g\/"},"modified":"2025-02-17T15:26:27","modified_gmt":"2025-02-17T13:26:27","slug":"brit-premium-rinkinys-family-plate-jelly-12x85-g","status":"publish","type":"product","link":"https:\/\/miumjau.ee\/lt\/produktas\/brit-premium-rinkinys-family-plate-jelly-12x85-g\/","title":{"rendered":"Brit Premium rinkinys \u201eFamily Plate Jelly\u201c 12&#215;85 g"},"content":{"rendered":"","protected":false},"excerpt":{"rendered":"<p data-start=\"1273\" data-end=\"1652\">Ar norite savo katei skanaus ir pilnaver\u010dio maisto? Brit Premium konserv\u0173 rinkinys si\u016blo keturias skirtingas skoni\u0173 r\u016b\u0161is, kad J\u016bs\u0173 augintinis gal\u0117t\u0173 m\u0117gautis \u012fvairesniu ir maistingu patiekalu. Auk\u0161tas m\u0117sos kiekis, sveikos sudedamosios dalys ir m\u0117gstamas kat\u0117ms \u2013 puikus pasirinkimas kasdieniams patiekalams! 12 pakuo\u010di\u0173 u\u017etikrina patogum\u0105 ir kokyb\u0119, kuri\u0105 verta J\u016bs\u0173 kat\u0117. \ud83d\udc3e<\/p>\n<p data-start=\"1654\" data-end=\"2287\" data-is-last-node=\"\" data-is-only-node=\"\"><strong data-start=\"1654\" data-end=\"1685\">Vi\u0161tienos fil\u0117 konservuose:<\/strong> 82% m\u0117sos ir gyv\u016bnin\u0117s kilm\u0117s produkt\u0173 fil\u0117 (8% vi\u0161tiena), augalin\u0117s kilm\u0117s produktai (0,4% inulinas), mineralai.<br data-start=\"1799\" data-end=\"1802\" \/><strong data-start=\"1802\" data-end=\"1831\">La\u0161i\u0161os fil\u0117 konservuose:<\/strong> 74% m\u0117sa ir gyv\u016bnin\u0117s kilm\u0117s produktai, \u017euvys ir \u017euvies produktai (8% la\u0161i\u0161os fil\u0117), augalin\u0117s kilm\u0117s dariniai (0,4% inulinas), mineralai.<br data-start=\"1970\" data-end=\"1973\" \/><strong data-start=\"1973\" data-end=\"2004\">Jautienos fil\u0117 konservuose:<\/strong> 82% gyv\u016bnin\u0117s kilm\u0117s m\u0117sa ir fil\u0117 (8% jautiena), augalin\u0117s kilm\u0117s produktai (0,4% inulinas), mineralai.<br data-start=\"2108\" data-end=\"2111\" \/><strong data-start=\"2111\" data-end=\"2141\">Up\u0117takio fil\u0117 konservuose:<\/strong> 74% m\u0117sos ir gyv\u016bnin\u0117s kilm\u0117s produkt\u0173 fil\u0117, \u017euvys ir \u017euvies produktai (8% up\u0117takio fil\u0117), augalin\u0117s kilm\u0117s produktai (0,4% inulinas), mineralai.<\/p>\n","protected":false},"featured_media":45053,"template":"","meta":[],"product_brand":[],"product_cat":[526],"product_tag":[],"class_list":{"0":"post-55392","1":"product","2":"type-product","3":"status-publish","4":"has-post-thumbnail","6":"product_cat-slapias-maistas","8":"first","9":"instock","10":"taxable","11":"shipping-taxable","12":"purchasable","13":"product-type-simple"},"yoast_head":"<!-- This site is optimized with the Yoast SEO plugin v27.4 - https:\/\/yoast.com\/product\/yoast-seo-wordpress\/ -->\n<title>Brit Premium rinkinys \u201eFamily Plate Jelly\u201c 12x85 g - MiuMjau<\/title>\n<meta name=\"robots\" content=\"index, follow, max-snippet:-1, max-image-preview:large, max-video-preview:-1\" \/>\n<link rel=\"canonical\" href=\"https:\/\/miumjau.ee\/lt\/produktas\/brit-premium-rinkinys-family-plate-jelly-12x85-g\/\" \/>\n<meta property=\"og:locale\" content=\"lt_LT\" \/>\n<meta property=\"og:type\" content=\"article\" \/>\n<meta property=\"og:title\" content=\"Brit Premium rinkinys \u201eFamily Plate Jelly\u201c 12x85 g - MiuMjau\" \/>\n<meta property=\"og:description\" content=\"Ar norite savo katei skanaus ir pilnaver\u010dio maisto? Brit Premium konserv\u0173 rinkinys si\u016blo keturias skirtingas skoni\u0173 r\u016b\u0161is, kad J\u016bs\u0173 augintinis gal\u0117t\u0173 m\u0117gautis \u012fvairesniu ir maistingu patiekalu. Auk\u0161tas m\u0117sos kiekis, sveikos sudedamosios dalys ir m\u0117gstamas kat\u0117ms \u2013 puikus pasirinkimas kasdieniams patiekalams! 12 pakuo\u010di\u0173 u\u017etikrina patogum\u0105 ir kokyb\u0119, kuri\u0105 verta J\u016bs\u0173 kat\u0117. \ud83d\udc3e Vi\u0161tienos fil\u0117 konservuose: 82% m\u0117sos ir gyv\u016bnin\u0117s kilm\u0117s produkt\u0173 fil\u0117 (8% vi\u0161tiena), augalin\u0117s kilm\u0117s produktai (0,4% inulinas), mineralai.La\u0161i\u0161os fil\u0117 konservuose: 74% m\u0117sa ir gyv\u016bnin\u0117s kilm\u0117s produktai, \u017euvys ir \u017euvies produktai (8% la\u0161i\u0161os fil\u0117), augalin\u0117s kilm\u0117s dariniai (0,4% inulinas), mineralai.Jautienos fil\u0117 konservuose: 82% gyv\u016bnin\u0117s kilm\u0117s m\u0117sa ir fil\u0117 (8% jautiena), augalin\u0117s kilm\u0117s produktai (0,4% inulinas), mineralai.Up\u0117takio fil\u0117 konservuose: 74% m\u0117sos ir gyv\u016bnin\u0117s kilm\u0117s produkt\u0173 fil\u0117, \u017euvys ir \u017euvies produktai (8% up\u0117takio fil\u0117), augalin\u0117s kilm\u0117s produktai (0,4% inulinas), mineralai.\" \/>\n<meta property=\"og:url\" content=\"https:\/\/miumjau.ee\/lt\/produktas\/brit-premium-rinkinys-family-plate-jelly-12x85-g\/\" \/>\n<meta property=\"og:site_name\" content=\"MiuMjau\" \/>\n<meta property=\"article:publisher\" content=\"https:\/\/www.facebook.com\/miumjaupood\/\" \/>\n<meta property=\"og:image\" content=\"https:\/\/miumjau.ee\/wp-content\/uploads\/2025\/02\/brit-premium-margtoidud-kassile-family1.jpg\" \/>\n\t<meta property=\"og:image:width\" content=\"600\" \/>\n\t<meta property=\"og:image:height\" content=\"800\" \/>\n\t<meta property=\"og:image:type\" content=\"image\/jpeg\" \/>\n<meta name=\"twitter:card\" content=\"summary_large_image\" \/>\n<script type=\"application\/ld+json\" class=\"yoast-schema-graph\">{\"@context\":\"https:\\\/\\\/schema.org\",\"@graph\":[{\"@type\":\"WebPage\",\"@id\":\"https:\\\/\\\/miumjau.ee\\\/lt\\\/produktas\\\/brit-premium-rinkinys-family-plate-jelly-12x85-g\\\/\",\"url\":\"https:\\\/\\\/miumjau.ee\\\/lt\\\/produktas\\\/brit-premium-rinkinys-family-plate-jelly-12x85-g\\\/\",\"name\":\"Brit Premium rinkinys \u201eFamily Plate Jelly\u201c 12x85 g - MiuMjau\",\"isPartOf\":{\"@id\":\"https:\\\/\\\/miumjau.ee\\\/#website\"},\"primaryImageOfPage\":{\"@id\":\"https:\\\/\\\/miumjau.ee\\\/lt\\\/produktas\\\/brit-premium-rinkinys-family-plate-jelly-12x85-g\\\/#primaryimage\"},\"image\":{\"@id\":\"https:\\\/\\\/miumjau.ee\\\/lt\\\/produktas\\\/brit-premium-rinkinys-family-plate-jelly-12x85-g\\\/#primaryimage\"},\"thumbnailUrl\":\"https:\\\/\\\/miumjau.ee\\\/wp-content\\\/uploads\\\/2025\\\/02\\\/brit-premium-margtoidud-kassile-family1.jpg\",\"datePublished\":\"2025-02-17T13:26:27+00:00\",\"breadcrumb\":{\"@id\":\"https:\\\/\\\/miumjau.ee\\\/lt\\\/produktas\\\/brit-premium-rinkinys-family-plate-jelly-12x85-g\\\/#breadcrumb\"},\"inLanguage\":\"lt-LT\",\"potentialAction\":[{\"@type\":\"ReadAction\",\"target\":[\"https:\\\/\\\/miumjau.ee\\\/lt\\\/produktas\\\/brit-premium-rinkinys-family-plate-jelly-12x85-g\\\/\"]}]},{\"@type\":\"ImageObject\",\"inLanguage\":\"lt-LT\",\"@id\":\"https:\\\/\\\/miumjau.ee\\\/lt\\\/produktas\\\/brit-premium-rinkinys-family-plate-jelly-12x85-g\\\/#primaryimage\",\"url\":\"https:\\\/\\\/miumjau.ee\\\/wp-content\\\/uploads\\\/2025\\\/02\\\/brit-premium-margtoidud-kassile-family1.jpg\",\"contentUrl\":\"https:\\\/\\\/miumjau.ee\\\/wp-content\\\/uploads\\\/2025\\\/02\\\/brit-premium-margtoidud-kassile-family1.jpg\",\"width\":600,\"height\":800,\"caption\":\"Brit Premium assortii \\\"Family Plate Jelly\\\" 12x85g\"},{\"@type\":\"BreadcrumbList\",\"@id\":\"https:\\\/\\\/miumjau.ee\\\/lt\\\/produktas\\\/brit-premium-rinkinys-family-plate-jelly-12x85-g\\\/#breadcrumb\",\"itemListElement\":[{\"@type\":\"ListItem\",\"position\":1,\"name\":\"Home\",\"item\":\"https:\\\/\\\/miumjau.ee\\\/lt\\\/\"},{\"@type\":\"ListItem\",\"position\":2,\"name\":\"Parduotuv\u0117\",\"item\":\"https:\\\/\\\/miumjau.ee\\\/lt\\\/parduotuve\\\/\"},{\"@type\":\"ListItem\",\"position\":3,\"name\":\"Brit Premium rinkinys \u201eFamily Plate Jelly\u201c 12&#215;85 g\"}]},{\"@type\":\"WebSite\",\"@id\":\"https:\\\/\\\/miumjau.ee\\\/#website\",\"url\":\"https:\\\/\\\/miumjau.ee\\\/\",\"name\":\"MiuMjau\",\"description\":\"Kraapimispuud kassidele\",\"publisher\":{\"@id\":\"https:\\\/\\\/miumjau.ee\\\/#organization\"},\"potentialAction\":[{\"@type\":\"SearchAction\",\"target\":{\"@type\":\"EntryPoint\",\"urlTemplate\":\"https:\\\/\\\/miumjau.ee\\\/?s={search_term_string}\"},\"query-input\":{\"@type\":\"PropertyValueSpecification\",\"valueRequired\":true,\"valueName\":\"search_term_string\"}}],\"inLanguage\":\"lt-LT\"},{\"@type\":\"Organization\",\"@id\":\"https:\\\/\\\/miumjau.ee\\\/#organization\",\"name\":\"MiuMjau O\u00dc\",\"url\":\"https:\\\/\\\/miumjau.ee\\\/\",\"logo\":{\"@type\":\"ImageObject\",\"inLanguage\":\"lt-LT\",\"@id\":\"https:\\\/\\\/miumjau.ee\\\/#\\\/schema\\\/logo\\\/image\\\/\",\"url\":\"https:\\\/\\\/miumjau.ee\\\/wp-content\\\/uploads\\\/2022\\\/04\\\/MiuMjau-logo-kollane.png\",\"contentUrl\":\"https:\\\/\\\/miumjau.ee\\\/wp-content\\\/uploads\\\/2022\\\/04\\\/MiuMjau-logo-kollane.png\",\"width\":219,\"height\":100,\"caption\":\"MiuMjau O\u00dc\"},\"image\":{\"@id\":\"https:\\\/\\\/miumjau.ee\\\/#\\\/schema\\\/logo\\\/image\\\/\"},\"sameAs\":[\"https:\\\/\\\/www.facebook.com\\\/miumjaupood\\\/\"]}]}<\/script>\n<!-- \/ Yoast SEO plugin. -->","yoast_head_json":{"title":"Brit Premium rinkinys \u201eFamily Plate Jelly\u201c 12x85 g - MiuMjau","robots":{"index":"index","follow":"follow","max-snippet":"max-snippet:-1","max-image-preview":"max-image-preview:large","max-video-preview":"max-video-preview:-1"},"canonical":"https:\/\/miumjau.ee\/lt\/produktas\/brit-premium-rinkinys-family-plate-jelly-12x85-g\/","og_locale":"lt_LT","og_type":"article","og_title":"Brit Premium rinkinys \u201eFamily Plate Jelly\u201c 12x85 g - MiuMjau","og_description":"Ar norite savo katei skanaus ir pilnaver\u010dio maisto? Brit Premium konserv\u0173 rinkinys si\u016blo keturias skirtingas skoni\u0173 r\u016b\u0161is, kad J\u016bs\u0173 augintinis gal\u0117t\u0173 m\u0117gautis \u012fvairesniu ir maistingu patiekalu. Auk\u0161tas m\u0117sos kiekis, sveikos sudedamosios dalys ir m\u0117gstamas kat\u0117ms \u2013 puikus pasirinkimas kasdieniams patiekalams! 12 pakuo\u010di\u0173 u\u017etikrina patogum\u0105 ir kokyb\u0119, kuri\u0105 verta J\u016bs\u0173 kat\u0117. \ud83d\udc3e Vi\u0161tienos fil\u0117 konservuose: 82% m\u0117sos ir gyv\u016bnin\u0117s kilm\u0117s produkt\u0173 fil\u0117 (8% vi\u0161tiena), augalin\u0117s kilm\u0117s produktai (0,4% inulinas), mineralai.La\u0161i\u0161os fil\u0117 konservuose: 74% m\u0117sa ir gyv\u016bnin\u0117s kilm\u0117s produktai, \u017euvys ir \u017euvies produktai (8% la\u0161i\u0161os fil\u0117), augalin\u0117s kilm\u0117s dariniai (0,4% inulinas), mineralai.Jautienos fil\u0117 konservuose: 82% gyv\u016bnin\u0117s kilm\u0117s m\u0117sa ir fil\u0117 (8% jautiena), augalin\u0117s kilm\u0117s produktai (0,4% inulinas), mineralai.Up\u0117takio fil\u0117 konservuose: 74% m\u0117sos ir gyv\u016bnin\u0117s kilm\u0117s produkt\u0173 fil\u0117, \u017euvys ir \u017euvies produktai (8% up\u0117takio fil\u0117), augalin\u0117s kilm\u0117s produktai (0,4% inulinas), mineralai.","og_url":"https:\/\/miumjau.ee\/lt\/produktas\/brit-premium-rinkinys-family-plate-jelly-12x85-g\/","og_site_name":"MiuMjau","article_publisher":"https:\/\/www.facebook.com\/miumjaupood\/","og_image":[{"width":600,"height":800,"url":"https:\/\/miumjau.ee\/wp-content\/uploads\/2025\/02\/brit-premium-margtoidud-kassile-family1.jpg","type":"image\/jpeg"}],"twitter_card":"summary_large_image","schema":{"@context":"https:\/\/schema.org","@graph":[{"@type":"WebPage","@id":"https:\/\/miumjau.ee\/lt\/produktas\/brit-premium-rinkinys-family-plate-jelly-12x85-g\/","url":"https:\/\/miumjau.ee\/lt\/produktas\/brit-premium-rinkinys-family-plate-jelly-12x85-g\/","name":"Brit Premium rinkinys \u201eFamily Plate Jelly\u201c 12x85 g - MiuMjau","isPartOf":{"@id":"https:\/\/miumjau.ee\/#website"},"primaryImageOfPage":{"@id":"https:\/\/miumjau.ee\/lt\/produktas\/brit-premium-rinkinys-family-plate-jelly-12x85-g\/#primaryimage"},"image":{"@id":"https:\/\/miumjau.ee\/lt\/produktas\/brit-premium-rinkinys-family-plate-jelly-12x85-g\/#primaryimage"},"thumbnailUrl":"https:\/\/miumjau.ee\/wp-content\/uploads\/2025\/02\/brit-premium-margtoidud-kassile-family1.jpg","datePublished":"2025-02-17T13:26:27+00:00","breadcrumb":{"@id":"https:\/\/miumjau.ee\/lt\/produktas\/brit-premium-rinkinys-family-plate-jelly-12x85-g\/#breadcrumb"},"inLanguage":"lt-LT","potentialAction":[{"@type":"ReadAction","target":["https:\/\/miumjau.ee\/lt\/produktas\/brit-premium-rinkinys-family-plate-jelly-12x85-g\/"]}]},{"@type":"ImageObject","inLanguage":"lt-LT","@id":"https:\/\/miumjau.ee\/lt\/produktas\/brit-premium-rinkinys-family-plate-jelly-12x85-g\/#primaryimage","url":"https:\/\/miumjau.ee\/wp-content\/uploads\/2025\/02\/brit-premium-margtoidud-kassile-family1.jpg","contentUrl":"https:\/\/miumjau.ee\/wp-content\/uploads\/2025\/02\/brit-premium-margtoidud-kassile-family1.jpg","width":600,"height":800,"caption":"Brit Premium assortii \"Family Plate Jelly\" 12x85g"},{"@type":"BreadcrumbList","@id":"https:\/\/miumjau.ee\/lt\/produktas\/brit-premium-rinkinys-family-plate-jelly-12x85-g\/#breadcrumb","itemListElement":[{"@type":"ListItem","position":1,"name":"Home","item":"https:\/\/miumjau.ee\/lt\/"},{"@type":"ListItem","position":2,"name":"Parduotuv\u0117","item":"https:\/\/miumjau.ee\/lt\/parduotuve\/"},{"@type":"ListItem","position":3,"name":"Brit Premium rinkinys \u201eFamily Plate Jelly\u201c 12&#215;85 g"}]},{"@type":"WebSite","@id":"https:\/\/miumjau.ee\/#website","url":"https:\/\/miumjau.ee\/","name":"MiuMjau","description":"Kraapimispuud kassidele","publisher":{"@id":"https:\/\/miumjau.ee\/#organization"},"potentialAction":[{"@type":"SearchAction","target":{"@type":"EntryPoint","urlTemplate":"https:\/\/miumjau.ee\/?s={search_term_string}"},"query-input":{"@type":"PropertyValueSpecification","valueRequired":true,"valueName":"search_term_string"}}],"inLanguage":"lt-LT"},{"@type":"Organization","@id":"https:\/\/miumjau.ee\/#organization","name":"MiuMjau O\u00dc","url":"https:\/\/miumjau.ee\/","logo":{"@type":"ImageObject","inLanguage":"lt-LT","@id":"https:\/\/miumjau.ee\/#\/schema\/logo\/image\/","url":"https:\/\/miumjau.ee\/wp-content\/uploads\/2022\/04\/MiuMjau-logo-kollane.png","contentUrl":"https:\/\/miumjau.ee\/wp-content\/uploads\/2022\/04\/MiuMjau-logo-kollane.png","width":219,"height":100,"caption":"MiuMjau O\u00dc"},"image":{"@id":"https:\/\/miumjau.ee\/#\/schema\/logo\/image\/"},"sameAs":["https:\/\/www.facebook.com\/miumjaupood\/"]}]}},"_links":{"self":[{"href":"https:\/\/miumjau.ee\/lt\/wp-json\/wp\/v2\/product\/55392","targetHints":{"allow":["GET"]}}],"collection":[{"href":"https:\/\/miumjau.ee\/lt\/wp-json\/wp\/v2\/product"}],"about":[{"href":"https:\/\/miumjau.ee\/lt\/wp-json\/wp\/v2\/types\/product"}],"wp:featuredmedia":[{"embeddable":true,"href":"https:\/\/miumjau.ee\/lt\/wp-json\/wp\/v2\/media\/45053"}],"wp:attachment":[{"href":"https:\/\/miumjau.ee\/lt\/wp-json\/wp\/v2\/media?parent=55392"}],"wp:term":[{"taxonomy":"product_brand","embeddable":true,"href":"https:\/\/miumjau.ee\/lt\/wp-json\/wp\/v2\/product_brand?post=55392"},{"taxonomy":"product_cat","embeddable":true,"href":"https:\/\/miumjau.ee\/lt\/wp-json\/wp\/v2\/product_cat?post=55392"},{"taxonomy":"product_tag","embeddable":true,"href":"https:\/\/miumjau.ee\/lt\/wp-json\/wp\/v2\/product_tag?post=55392"}],"curies":[{"name":"wp","href":"https:\/\/api.w.org\/{rel}","templated":true}]}}