{"id":55381,"date":"2025-01-29T12:58:29","date_gmt":"2025-01-29T10:58:29","guid":{"rendered":"https:\/\/miumjau.ee\/toode\/tunelis-zaidimui-katems-90-cm-pilkas\/"},"modified":"2025-01-29T12:58:29","modified_gmt":"2025-01-29T10:58:29","slug":"tunelis-zaidimui-katems-90-cm-pilkas","status":"publish","type":"product","link":"https:\/\/miumjau.ee\/lt\/produktas\/tunelis-zaidimui-katems-90-cm-pilkas\/","title":{"rendered":"Tunelis \u017eaidimui kat\u0117ms, 90 cm, pilkas"},"content":{"rendered":"","protected":false},"excerpt":{"rendered":"<p>\u017daidim\u0173 tunelis kat\u0117ms. Su \u017eaislu. Ilgis 90 cm.<br data-start=\"350\" data-end=\"353\" \/>Skersmuo 24 cm.<\/p>\n","protected":false},"featured_media":55388,"template":"","meta":[],"product_brand":[],"product_cat":[520],"product_tag":[],"class_list":{"0":"post-55381","1":"product","2":"type-product","3":"status-publish","4":"has-post-thumbnail","6":"product_cat-kaciu-zaislai","8":"first","9":"instock","10":"taxable","11":"shipping-taxable","12":"purchasable","13":"product-type-simple"},"yoast_head":"<!-- This site is optimized with the Yoast SEO plugin v27.2 - https:\/\/yoast.com\/product\/yoast-seo-wordpress\/ -->\n<title>Tunelis \u017eaidimui kat\u0117ms, 90 cm, pilkas - MiuMjau<\/title>\n<meta name=\"robots\" content=\"index, follow, max-snippet:-1, max-image-preview:large, max-video-preview:-1\" \/>\n<link rel=\"canonical\" href=\"https:\/\/miumjau.ee\/lt\/produktas\/tunelis-zaidimui-katems-90-cm-pilkas\/\" \/>\n<meta property=\"og:locale\" content=\"lt_LT\" \/>\n<meta property=\"og:type\" content=\"article\" \/>\n<meta property=\"og:title\" content=\"Tunelis \u017eaidimui kat\u0117ms, 90 cm, pilkas - MiuMjau\" \/>\n<meta property=\"og:description\" content=\"\u017daidim\u0173 tunelis kat\u0117ms. Su \u017eaislu. Ilgis 90 cm.Skersmuo 24 cm.\" \/>\n<meta property=\"og:url\" content=\"https:\/\/miumjau.ee\/lt\/produktas\/tunelis-zaidimui-katems-90-cm-pilkas\/\" \/>\n<meta property=\"og:site_name\" content=\"MiuMjau\" \/>\n<meta property=\"article:publisher\" content=\"https:\/\/www.facebook.com\/miumjaupood\/\" \/>\n<meta property=\"og:image\" content=\"https:\/\/miumjau.ee\/wp-content\/uploads\/2025\/01\/tunnel-kassidele-magic-cat3.jpg\" \/>\n\t<meta property=\"og:image:width\" content=\"600\" \/>\n\t<meta property=\"og:image:height\" content=\"800\" \/>\n\t<meta property=\"og:image:type\" content=\"image\/jpeg\" \/>\n<meta name=\"twitter:card\" content=\"summary_large_image\" \/>\n<script type=\"application\/ld+json\" class=\"yoast-schema-graph\">{\"@context\":\"https:\/\/schema.org\",\"@graph\":[{\"@type\":\"WebPage\",\"@id\":\"https:\/\/miumjau.ee\/lt\/produktas\/tunelis-zaidimui-katems-90-cm-pilkas\/\",\"url\":\"https:\/\/miumjau.ee\/lt\/produktas\/tunelis-zaidimui-katems-90-cm-pilkas\/\",\"name\":\"Tunelis \u017eaidimui kat\u0117ms, 90 cm, pilkas - MiuMjau\",\"isPartOf\":{\"@id\":\"https:\/\/miumjau.ee\/#website\"},\"primaryImageOfPage\":{\"@id\":\"https:\/\/miumjau.ee\/lt\/produktas\/tunelis-zaidimui-katems-90-cm-pilkas\/#primaryimage\"},\"image\":{\"@id\":\"https:\/\/miumjau.ee\/lt\/produktas\/tunelis-zaidimui-katems-90-cm-pilkas\/#primaryimage\"},\"thumbnailUrl\":\"https:\/\/miumjau.ee\/wp-content\/uploads\/2025\/01\/tunnel-kassidele-magic-cat3.jpg\",\"datePublished\":\"2025-01-29T10:58:29+00:00\",\"breadcrumb\":{\"@id\":\"https:\/\/miumjau.ee\/lt\/produktas\/tunelis-zaidimui-katems-90-cm-pilkas\/#breadcrumb\"},\"inLanguage\":\"lt-LT\",\"potentialAction\":[{\"@type\":\"ReadAction\",\"target\":[\"https:\/\/miumjau.ee\/lt\/produktas\/tunelis-zaidimui-katems-90-cm-pilkas\/\"]}]},{\"@type\":\"ImageObject\",\"inLanguage\":\"lt-LT\",\"@id\":\"https:\/\/miumjau.ee\/lt\/produktas\/tunelis-zaidimui-katems-90-cm-pilkas\/#primaryimage\",\"url\":\"https:\/\/miumjau.ee\/wp-content\/uploads\/2025\/01\/tunnel-kassidele-magic-cat3.jpg\",\"contentUrl\":\"https:\/\/miumjau.ee\/wp-content\/uploads\/2025\/01\/tunnel-kassidele-magic-cat3.jpg\",\"width\":600,\"height\":800},{\"@type\":\"BreadcrumbList\",\"@id\":\"https:\/\/miumjau.ee\/lt\/produktas\/tunelis-zaidimui-katems-90-cm-pilkas\/#breadcrumb\",\"itemListElement\":[{\"@type\":\"ListItem\",\"position\":1,\"name\":\"Home\",\"item\":\"https:\/\/miumjau.ee\/lt\/\"},{\"@type\":\"ListItem\",\"position\":2,\"name\":\"Parduotuv\u0117\",\"item\":\"https:\/\/miumjau.ee\/lt\/parduotuve\/\"},{\"@type\":\"ListItem\",\"position\":3,\"name\":\"Tunelis \u017eaidimui kat\u0117ms, 90 cm, pilkas\"}]},{\"@type\":\"WebSite\",\"@id\":\"https:\/\/miumjau.ee\/#website\",\"url\":\"https:\/\/miumjau.ee\/\",\"name\":\"MiuMjau\",\"description\":\"Kraapimispuud kassidele\",\"publisher\":{\"@id\":\"https:\/\/miumjau.ee\/#organization\"},\"potentialAction\":[{\"@type\":\"SearchAction\",\"target\":{\"@type\":\"EntryPoint\",\"urlTemplate\":\"https:\/\/miumjau.ee\/?s={search_term_string}\"},\"query-input\":{\"@type\":\"PropertyValueSpecification\",\"valueRequired\":true,\"valueName\":\"search_term_string\"}}],\"inLanguage\":\"lt-LT\"},{\"@type\":\"Organization\",\"@id\":\"https:\/\/miumjau.ee\/#organization\",\"name\":\"MiuMjau O\u00dc\",\"url\":\"https:\/\/miumjau.ee\/\",\"logo\":{\"@type\":\"ImageObject\",\"inLanguage\":\"lt-LT\",\"@id\":\"https:\/\/miumjau.ee\/#\/schema\/logo\/image\/\",\"url\":\"https:\/\/miumjau.ee\/wp-content\/uploads\/2022\/04\/MiuMjau-logo-kollane.png\",\"contentUrl\":\"https:\/\/miumjau.ee\/wp-content\/uploads\/2022\/04\/MiuMjau-logo-kollane.png\",\"width\":219,\"height\":100,\"caption\":\"MiuMjau O\u00dc\"},\"image\":{\"@id\":\"https:\/\/miumjau.ee\/#\/schema\/logo\/image\/\"},\"sameAs\":[\"https:\/\/www.facebook.com\/miumjaupood\/\"]}]}<\/script>\n<!-- \/ Yoast SEO plugin. -->","yoast_head_json":{"title":"Tunelis \u017eaidimui kat\u0117ms, 90 cm, pilkas - MiuMjau","robots":{"index":"index","follow":"follow","max-snippet":"max-snippet:-1","max-image-preview":"max-image-preview:large","max-video-preview":"max-video-preview:-1"},"canonical":"https:\/\/miumjau.ee\/lt\/produktas\/tunelis-zaidimui-katems-90-cm-pilkas\/","og_locale":"lt_LT","og_type":"article","og_title":"Tunelis \u017eaidimui kat\u0117ms, 90 cm, pilkas - MiuMjau","og_description":"\u017daidim\u0173 tunelis kat\u0117ms. Su \u017eaislu. Ilgis 90 cm.Skersmuo 24 cm.","og_url":"https:\/\/miumjau.ee\/lt\/produktas\/tunelis-zaidimui-katems-90-cm-pilkas\/","og_site_name":"MiuMjau","article_publisher":"https:\/\/www.facebook.com\/miumjaupood\/","og_image":[{"width":600,"height":800,"url":"https:\/\/miumjau.ee\/wp-content\/uploads\/2025\/01\/tunnel-kassidele-magic-cat3.jpg","type":"image\/jpeg"}],"twitter_card":"summary_large_image","schema":{"@context":"https:\/\/schema.org","@graph":[{"@type":"WebPage","@id":"https:\/\/miumjau.ee\/lt\/produktas\/tunelis-zaidimui-katems-90-cm-pilkas\/","url":"https:\/\/miumjau.ee\/lt\/produktas\/tunelis-zaidimui-katems-90-cm-pilkas\/","name":"Tunelis \u017eaidimui kat\u0117ms, 90 cm, pilkas - MiuMjau","isPartOf":{"@id":"https:\/\/miumjau.ee\/#website"},"primaryImageOfPage":{"@id":"https:\/\/miumjau.ee\/lt\/produktas\/tunelis-zaidimui-katems-90-cm-pilkas\/#primaryimage"},"image":{"@id":"https:\/\/miumjau.ee\/lt\/produktas\/tunelis-zaidimui-katems-90-cm-pilkas\/#primaryimage"},"thumbnailUrl":"https:\/\/miumjau.ee\/wp-content\/uploads\/2025\/01\/tunnel-kassidele-magic-cat3.jpg","datePublished":"2025-01-29T10:58:29+00:00","breadcrumb":{"@id":"https:\/\/miumjau.ee\/lt\/produktas\/tunelis-zaidimui-katems-90-cm-pilkas\/#breadcrumb"},"inLanguage":"lt-LT","potentialAction":[{"@type":"ReadAction","target":["https:\/\/miumjau.ee\/lt\/produktas\/tunelis-zaidimui-katems-90-cm-pilkas\/"]}]},{"@type":"ImageObject","inLanguage":"lt-LT","@id":"https:\/\/miumjau.ee\/lt\/produktas\/tunelis-zaidimui-katems-90-cm-pilkas\/#primaryimage","url":"https:\/\/miumjau.ee\/wp-content\/uploads\/2025\/01\/tunnel-kassidele-magic-cat3.jpg","contentUrl":"https:\/\/miumjau.ee\/wp-content\/uploads\/2025\/01\/tunnel-kassidele-magic-cat3.jpg","width":600,"height":800},{"@type":"BreadcrumbList","@id":"https:\/\/miumjau.ee\/lt\/produktas\/tunelis-zaidimui-katems-90-cm-pilkas\/#breadcrumb","itemListElement":[{"@type":"ListItem","position":1,"name":"Home","item":"https:\/\/miumjau.ee\/lt\/"},{"@type":"ListItem","position":2,"name":"Parduotuv\u0117","item":"https:\/\/miumjau.ee\/lt\/parduotuve\/"},{"@type":"ListItem","position":3,"name":"Tunelis \u017eaidimui kat\u0117ms, 90 cm, pilkas"}]},{"@type":"WebSite","@id":"https:\/\/miumjau.ee\/#website","url":"https:\/\/miumjau.ee\/","name":"MiuMjau","description":"Kraapimispuud kassidele","publisher":{"@id":"https:\/\/miumjau.ee\/#organization"},"potentialAction":[{"@type":"SearchAction","target":{"@type":"EntryPoint","urlTemplate":"https:\/\/miumjau.ee\/?s={search_term_string}"},"query-input":{"@type":"PropertyValueSpecification","valueRequired":true,"valueName":"search_term_string"}}],"inLanguage":"lt-LT"},{"@type":"Organization","@id":"https:\/\/miumjau.ee\/#organization","name":"MiuMjau O\u00dc","url":"https:\/\/miumjau.ee\/","logo":{"@type":"ImageObject","inLanguage":"lt-LT","@id":"https:\/\/miumjau.ee\/#\/schema\/logo\/image\/","url":"https:\/\/miumjau.ee\/wp-content\/uploads\/2022\/04\/MiuMjau-logo-kollane.png","contentUrl":"https:\/\/miumjau.ee\/wp-content\/uploads\/2022\/04\/MiuMjau-logo-kollane.png","width":219,"height":100,"caption":"MiuMjau O\u00dc"},"image":{"@id":"https:\/\/miumjau.ee\/#\/schema\/logo\/image\/"},"sameAs":["https:\/\/www.facebook.com\/miumjaupood\/"]}]}},"_links":{"self":[{"href":"https:\/\/miumjau.ee\/lt\/wp-json\/wp\/v2\/product\/55381","targetHints":{"allow":["GET"]}}],"collection":[{"href":"https:\/\/miumjau.ee\/lt\/wp-json\/wp\/v2\/product"}],"about":[{"href":"https:\/\/miumjau.ee\/lt\/wp-json\/wp\/v2\/types\/product"}],"wp:featuredmedia":[{"embeddable":true,"href":"https:\/\/miumjau.ee\/lt\/wp-json\/wp\/v2\/media\/55388"}],"wp:attachment":[{"href":"https:\/\/miumjau.ee\/lt\/wp-json\/wp\/v2\/media?parent=55381"}],"wp:term":[{"taxonomy":"product_brand","embeddable":true,"href":"https:\/\/miumjau.ee\/lt\/wp-json\/wp\/v2\/product_brand?post=55381"},{"taxonomy":"product_cat","embeddable":true,"href":"https:\/\/miumjau.ee\/lt\/wp-json\/wp\/v2\/product_cat?post=55381"},{"taxonomy":"product_tag","embeddable":true,"href":"https:\/\/miumjau.ee\/lt\/wp-json\/wp\/v2\/product_tag?post=55381"}],"curies":[{"name":"wp","href":"https:\/\/api.w.org\/{rel}","templated":true}]}}