{"id":55371,"date":"2025-01-29T12:21:11","date_gmt":"2025-01-29T10:21:11","guid":{"rendered":"https:\/\/miumjau.ee\/toode\/brit-care-skanestai-katems-raminantys-nervu-sistema-palaikantys-50-g\/"},"modified":"2025-01-29T12:21:11","modified_gmt":"2025-01-29T10:21:11","slug":"brit-care-skanestai-katems-raminantys-nervu-sistema-palaikantys-50-g","status":"publish","type":"product","link":"https:\/\/miumjau.ee\/lt\/produktas\/brit-care-skanestai-katems-raminantys-nervu-sistema-palaikantys-50-g\/","title":{"rendered":"Brit Care skan\u0117stai kat\u0117ms, raminantys, nerv\u0173 sistem\u0105 palaikantys 50 g"},"content":{"rendered":"","protected":false},"excerpt":{"rendered":"<p data-start=\"1032\" data-end=\"1167\">Pusiau dr\u0117gnas funkcionalus u\u017ekandis, praturtintas ka\u010di\u0173 \u0161pinatais ir goji uogomis nerv\u0173 sistemai palaikyti. Papildomas pa\u0161aras kat\u0117ms.<\/p>\n<p data-start=\"1169\" data-end=\"1433\"><strong data-start=\"1169\" data-end=\"1181\">Sud\u0117tis:<\/strong> vi\u0161tienos baltymai (26%), geltonieji \u017eirniai, augalinis glicerolis, hidrolizuoti vi\u0161tienos baltymai (10%), hidrolizuota vi\u0161tienos kepen\u0117l\u0117 (7%), \u017eirni\u0173 baltymai, kolagenas (4%), \u017eirni\u0173 miltai, d\u017eiovinti ka\u010di\u0173 \u0161pinatai (2%), d\u017eiovintos goji uogos (1%).<\/p>\n<p data-start=\"1435\" data-end=\"1618\"><strong data-start=\"1435\" data-end=\"1457\">Analitin\u0117 sud\u0117tis:<\/strong> \u017eali baltymai 31%, \u017eali riebalai 7%, pelenai 6%, skaidulos 1,5%, dr\u0117gm\u0117 17%, kalcis 0,9%, fosforas 0,9%, natrio 0,8%, magnis 0,1%, omega-3 0,15%, omega-6 0,65%.<\/p>\n<p data-start=\"1620\" data-end=\"1765\"><strong data-start=\"1620\" data-end=\"1641\">Maistin\u0117 sud\u0117tis:<\/strong> C vitaminas (3a312) 100 mg. Sud\u0117tyje yra ES patvirtinti konservantai: citrinos r\u016bg\u0161tis (E 330), DL-obuoli\u0173 r\u016bg\u0161tis (E 296).<\/p>\n<p data-start=\"1767\" data-end=\"1838\" data-is-last-node=\"\" data-is-only-node=\"\"><strong data-start=\"1767\" data-end=\"1825\">Brit Care Snack raminantis \u2013 metabolizuojama energija:<\/strong> 3250 kcal\/kg<\/p>\n","protected":false},"featured_media":55372,"template":"","meta":[],"product_brand":[],"product_cat":[527],"product_tag":[],"class_list":{"0":"post-55371","1":"product","2":"type-product","3":"status-publish","4":"has-post-thumbnail","6":"product_cat-skanestai","8":"first","9":"instock","10":"taxable","11":"shipping-taxable","12":"purchasable","13":"product-type-simple"},"yoast_head":"<!-- This site is optimized with the Yoast SEO plugin v27.4 - https:\/\/yoast.com\/product\/yoast-seo-wordpress\/ -->\n<title>Brit Care skan\u0117stai kat\u0117ms, raminantys, nerv\u0173 sistem\u0105 palaikantys 50 g - MiuMjau<\/title>\n<meta name=\"robots\" content=\"index, follow, max-snippet:-1, max-image-preview:large, max-video-preview:-1\" \/>\n<link rel=\"canonical\" href=\"https:\/\/miumjau.ee\/lt\/produktas\/brit-care-skanestai-katems-raminantys-nervu-sistema-palaikantys-50-g\/\" \/>\n<meta property=\"og:locale\" content=\"lt_LT\" \/>\n<meta property=\"og:type\" content=\"article\" \/>\n<meta property=\"og:title\" content=\"Brit Care skan\u0117stai kat\u0117ms, raminantys, nerv\u0173 sistem\u0105 palaikantys 50 g - MiuMjau\" \/>\n<meta property=\"og:description\" content=\"Pusiau dr\u0117gnas funkcionalus u\u017ekandis, praturtintas ka\u010di\u0173 \u0161pinatais ir goji uogomis nerv\u0173 sistemai palaikyti. Papildomas pa\u0161aras kat\u0117ms. Sud\u0117tis: vi\u0161tienos baltymai (26%), geltonieji \u017eirniai, augalinis glicerolis, hidrolizuoti vi\u0161tienos baltymai (10%), hidrolizuota vi\u0161tienos kepen\u0117l\u0117 (7%), \u017eirni\u0173 baltymai, kolagenas (4%), \u017eirni\u0173 miltai, d\u017eiovinti ka\u010di\u0173 \u0161pinatai (2%), d\u017eiovintos goji uogos (1%). Analitin\u0117 sud\u0117tis: \u017eali baltymai 31%, \u017eali riebalai 7%, pelenai 6%, skaidulos 1,5%, dr\u0117gm\u0117 17%, kalcis 0,9%, fosforas 0,9%, natrio 0,8%, magnis 0,1%, omega-3 0,15%, omega-6 0,65%. Maistin\u0117 sud\u0117tis: C vitaminas (3a312) 100 mg. Sud\u0117tyje yra ES patvirtinti konservantai: citrinos r\u016bg\u0161tis (E 330), DL-obuoli\u0173 r\u016bg\u0161tis (E 296). Brit Care Snack raminantis \u2013 metabolizuojama energija: 3250 kcal\/kg\" \/>\n<meta property=\"og:url\" content=\"https:\/\/miumjau.ee\/lt\/produktas\/brit-care-skanestai-katems-raminantys-nervu-sistema-palaikantys-50-g\/\" \/>\n<meta property=\"og:site_name\" content=\"MiuMjau\" \/>\n<meta property=\"article:publisher\" content=\"https:\/\/www.facebook.com\/miumjaupood\/\" \/>\n<meta property=\"og:image\" content=\"https:\/\/miumjau.ee\/wp-content\/uploads\/2025\/01\/brit-care-maius-kassidele-tervislik3.jpg\" \/>\n\t<meta property=\"og:image:width\" content=\"1200\" \/>\n\t<meta property=\"og:image:height\" content=\"1600\" \/>\n\t<meta property=\"og:image:type\" content=\"image\/jpeg\" \/>\n<meta name=\"twitter:card\" content=\"summary_large_image\" \/>\n<script type=\"application\/ld+json\" class=\"yoast-schema-graph\">{\"@context\":\"https:\\\/\\\/schema.org\",\"@graph\":[{\"@type\":\"WebPage\",\"@id\":\"https:\\\/\\\/miumjau.ee\\\/lt\\\/produktas\\\/brit-care-skanestai-katems-raminantys-nervu-sistema-palaikantys-50-g\\\/\",\"url\":\"https:\\\/\\\/miumjau.ee\\\/lt\\\/produktas\\\/brit-care-skanestai-katems-raminantys-nervu-sistema-palaikantys-50-g\\\/\",\"name\":\"Brit Care skan\u0117stai kat\u0117ms, raminantys, nerv\u0173 sistem\u0105 palaikantys 50 g - MiuMjau\",\"isPartOf\":{\"@id\":\"https:\\\/\\\/miumjau.ee\\\/#website\"},\"primaryImageOfPage\":{\"@id\":\"https:\\\/\\\/miumjau.ee\\\/lt\\\/produktas\\\/brit-care-skanestai-katems-raminantys-nervu-sistema-palaikantys-50-g\\\/#primaryimage\"},\"image\":{\"@id\":\"https:\\\/\\\/miumjau.ee\\\/lt\\\/produktas\\\/brit-care-skanestai-katems-raminantys-nervu-sistema-palaikantys-50-g\\\/#primaryimage\"},\"thumbnailUrl\":\"https:\\\/\\\/miumjau.ee\\\/wp-content\\\/uploads\\\/2025\\\/01\\\/brit-care-maius-kassidele-tervislik3.jpg\",\"datePublished\":\"2025-01-29T10:21:11+00:00\",\"breadcrumb\":{\"@id\":\"https:\\\/\\\/miumjau.ee\\\/lt\\\/produktas\\\/brit-care-skanestai-katems-raminantys-nervu-sistema-palaikantys-50-g\\\/#breadcrumb\"},\"inLanguage\":\"lt-LT\",\"potentialAction\":[{\"@type\":\"ReadAction\",\"target\":[\"https:\\\/\\\/miumjau.ee\\\/lt\\\/produktas\\\/brit-care-skanestai-katems-raminantys-nervu-sistema-palaikantys-50-g\\\/\"]}]},{\"@type\":\"ImageObject\",\"inLanguage\":\"lt-LT\",\"@id\":\"https:\\\/\\\/miumjau.ee\\\/lt\\\/produktas\\\/brit-care-skanestai-katems-raminantys-nervu-sistema-palaikantys-50-g\\\/#primaryimage\",\"url\":\"https:\\\/\\\/miumjau.ee\\\/wp-content\\\/uploads\\\/2025\\\/01\\\/brit-care-maius-kassidele-tervislik3.jpg\",\"contentUrl\":\"https:\\\/\\\/miumjau.ee\\\/wp-content\\\/uploads\\\/2025\\\/01\\\/brit-care-maius-kassidele-tervislik3.jpg\",\"width\":1200,\"height\":1600},{\"@type\":\"BreadcrumbList\",\"@id\":\"https:\\\/\\\/miumjau.ee\\\/lt\\\/produktas\\\/brit-care-skanestai-katems-raminantys-nervu-sistema-palaikantys-50-g\\\/#breadcrumb\",\"itemListElement\":[{\"@type\":\"ListItem\",\"position\":1,\"name\":\"Home\",\"item\":\"https:\\\/\\\/miumjau.ee\\\/lt\\\/\"},{\"@type\":\"ListItem\",\"position\":2,\"name\":\"Parduotuv\u0117\",\"item\":\"https:\\\/\\\/miumjau.ee\\\/lt\\\/parduotuve\\\/\"},{\"@type\":\"ListItem\",\"position\":3,\"name\":\"Brit Care skan\u0117stai kat\u0117ms, raminantys, nerv\u0173 sistem\u0105 palaikantys 50 g\"}]},{\"@type\":\"WebSite\",\"@id\":\"https:\\\/\\\/miumjau.ee\\\/#website\",\"url\":\"https:\\\/\\\/miumjau.ee\\\/\",\"name\":\"MiuMjau\",\"description\":\"Kraapimispuud kassidele\",\"publisher\":{\"@id\":\"https:\\\/\\\/miumjau.ee\\\/#organization\"},\"potentialAction\":[{\"@type\":\"SearchAction\",\"target\":{\"@type\":\"EntryPoint\",\"urlTemplate\":\"https:\\\/\\\/miumjau.ee\\\/?s={search_term_string}\"},\"query-input\":{\"@type\":\"PropertyValueSpecification\",\"valueRequired\":true,\"valueName\":\"search_term_string\"}}],\"inLanguage\":\"lt-LT\"},{\"@type\":\"Organization\",\"@id\":\"https:\\\/\\\/miumjau.ee\\\/#organization\",\"name\":\"MiuMjau O\u00dc\",\"url\":\"https:\\\/\\\/miumjau.ee\\\/\",\"logo\":{\"@type\":\"ImageObject\",\"inLanguage\":\"lt-LT\",\"@id\":\"https:\\\/\\\/miumjau.ee\\\/#\\\/schema\\\/logo\\\/image\\\/\",\"url\":\"https:\\\/\\\/miumjau.ee\\\/wp-content\\\/uploads\\\/2022\\\/04\\\/MiuMjau-logo-kollane.png\",\"contentUrl\":\"https:\\\/\\\/miumjau.ee\\\/wp-content\\\/uploads\\\/2022\\\/04\\\/MiuMjau-logo-kollane.png\",\"width\":219,\"height\":100,\"caption\":\"MiuMjau O\u00dc\"},\"image\":{\"@id\":\"https:\\\/\\\/miumjau.ee\\\/#\\\/schema\\\/logo\\\/image\\\/\"},\"sameAs\":[\"https:\\\/\\\/www.facebook.com\\\/miumjaupood\\\/\"]}]}<\/script>\n<!-- \/ Yoast SEO plugin. -->","yoast_head_json":{"title":"Brit Care skan\u0117stai kat\u0117ms, raminantys, nerv\u0173 sistem\u0105 palaikantys 50 g - MiuMjau","robots":{"index":"index","follow":"follow","max-snippet":"max-snippet:-1","max-image-preview":"max-image-preview:large","max-video-preview":"max-video-preview:-1"},"canonical":"https:\/\/miumjau.ee\/lt\/produktas\/brit-care-skanestai-katems-raminantys-nervu-sistema-palaikantys-50-g\/","og_locale":"lt_LT","og_type":"article","og_title":"Brit Care skan\u0117stai kat\u0117ms, raminantys, nerv\u0173 sistem\u0105 palaikantys 50 g - MiuMjau","og_description":"Pusiau dr\u0117gnas funkcionalus u\u017ekandis, praturtintas ka\u010di\u0173 \u0161pinatais ir goji uogomis nerv\u0173 sistemai palaikyti. Papildomas pa\u0161aras kat\u0117ms. Sud\u0117tis: vi\u0161tienos baltymai (26%), geltonieji \u017eirniai, augalinis glicerolis, hidrolizuoti vi\u0161tienos baltymai (10%), hidrolizuota vi\u0161tienos kepen\u0117l\u0117 (7%), \u017eirni\u0173 baltymai, kolagenas (4%), \u017eirni\u0173 miltai, d\u017eiovinti ka\u010di\u0173 \u0161pinatai (2%), d\u017eiovintos goji uogos (1%). Analitin\u0117 sud\u0117tis: \u017eali baltymai 31%, \u017eali riebalai 7%, pelenai 6%, skaidulos 1,5%, dr\u0117gm\u0117 17%, kalcis 0,9%, fosforas 0,9%, natrio 0,8%, magnis 0,1%, omega-3 0,15%, omega-6 0,65%. Maistin\u0117 sud\u0117tis: C vitaminas (3a312) 100 mg. Sud\u0117tyje yra ES patvirtinti konservantai: citrinos r\u016bg\u0161tis (E 330), DL-obuoli\u0173 r\u016bg\u0161tis (E 296). Brit Care Snack raminantis \u2013 metabolizuojama energija: 3250 kcal\/kg","og_url":"https:\/\/miumjau.ee\/lt\/produktas\/brit-care-skanestai-katems-raminantys-nervu-sistema-palaikantys-50-g\/","og_site_name":"MiuMjau","article_publisher":"https:\/\/www.facebook.com\/miumjaupood\/","og_image":[{"width":1200,"height":1600,"url":"https:\/\/miumjau.ee\/wp-content\/uploads\/2025\/01\/brit-care-maius-kassidele-tervislik3.jpg","type":"image\/jpeg"}],"twitter_card":"summary_large_image","schema":{"@context":"https:\/\/schema.org","@graph":[{"@type":"WebPage","@id":"https:\/\/miumjau.ee\/lt\/produktas\/brit-care-skanestai-katems-raminantys-nervu-sistema-palaikantys-50-g\/","url":"https:\/\/miumjau.ee\/lt\/produktas\/brit-care-skanestai-katems-raminantys-nervu-sistema-palaikantys-50-g\/","name":"Brit Care skan\u0117stai kat\u0117ms, raminantys, nerv\u0173 sistem\u0105 palaikantys 50 g - MiuMjau","isPartOf":{"@id":"https:\/\/miumjau.ee\/#website"},"primaryImageOfPage":{"@id":"https:\/\/miumjau.ee\/lt\/produktas\/brit-care-skanestai-katems-raminantys-nervu-sistema-palaikantys-50-g\/#primaryimage"},"image":{"@id":"https:\/\/miumjau.ee\/lt\/produktas\/brit-care-skanestai-katems-raminantys-nervu-sistema-palaikantys-50-g\/#primaryimage"},"thumbnailUrl":"https:\/\/miumjau.ee\/wp-content\/uploads\/2025\/01\/brit-care-maius-kassidele-tervislik3.jpg","datePublished":"2025-01-29T10:21:11+00:00","breadcrumb":{"@id":"https:\/\/miumjau.ee\/lt\/produktas\/brit-care-skanestai-katems-raminantys-nervu-sistema-palaikantys-50-g\/#breadcrumb"},"inLanguage":"lt-LT","potentialAction":[{"@type":"ReadAction","target":["https:\/\/miumjau.ee\/lt\/produktas\/brit-care-skanestai-katems-raminantys-nervu-sistema-palaikantys-50-g\/"]}]},{"@type":"ImageObject","inLanguage":"lt-LT","@id":"https:\/\/miumjau.ee\/lt\/produktas\/brit-care-skanestai-katems-raminantys-nervu-sistema-palaikantys-50-g\/#primaryimage","url":"https:\/\/miumjau.ee\/wp-content\/uploads\/2025\/01\/brit-care-maius-kassidele-tervislik3.jpg","contentUrl":"https:\/\/miumjau.ee\/wp-content\/uploads\/2025\/01\/brit-care-maius-kassidele-tervislik3.jpg","width":1200,"height":1600},{"@type":"BreadcrumbList","@id":"https:\/\/miumjau.ee\/lt\/produktas\/brit-care-skanestai-katems-raminantys-nervu-sistema-palaikantys-50-g\/#breadcrumb","itemListElement":[{"@type":"ListItem","position":1,"name":"Home","item":"https:\/\/miumjau.ee\/lt\/"},{"@type":"ListItem","position":2,"name":"Parduotuv\u0117","item":"https:\/\/miumjau.ee\/lt\/parduotuve\/"},{"@type":"ListItem","position":3,"name":"Brit Care skan\u0117stai kat\u0117ms, raminantys, nerv\u0173 sistem\u0105 palaikantys 50 g"}]},{"@type":"WebSite","@id":"https:\/\/miumjau.ee\/#website","url":"https:\/\/miumjau.ee\/","name":"MiuMjau","description":"Kraapimispuud kassidele","publisher":{"@id":"https:\/\/miumjau.ee\/#organization"},"potentialAction":[{"@type":"SearchAction","target":{"@type":"EntryPoint","urlTemplate":"https:\/\/miumjau.ee\/?s={search_term_string}"},"query-input":{"@type":"PropertyValueSpecification","valueRequired":true,"valueName":"search_term_string"}}],"inLanguage":"lt-LT"},{"@type":"Organization","@id":"https:\/\/miumjau.ee\/#organization","name":"MiuMjau O\u00dc","url":"https:\/\/miumjau.ee\/","logo":{"@type":"ImageObject","inLanguage":"lt-LT","@id":"https:\/\/miumjau.ee\/#\/schema\/logo\/image\/","url":"https:\/\/miumjau.ee\/wp-content\/uploads\/2022\/04\/MiuMjau-logo-kollane.png","contentUrl":"https:\/\/miumjau.ee\/wp-content\/uploads\/2022\/04\/MiuMjau-logo-kollane.png","width":219,"height":100,"caption":"MiuMjau O\u00dc"},"image":{"@id":"https:\/\/miumjau.ee\/#\/schema\/logo\/image\/"},"sameAs":["https:\/\/www.facebook.com\/miumjaupood\/"]}]}},"_links":{"self":[{"href":"https:\/\/miumjau.ee\/lt\/wp-json\/wp\/v2\/product\/55371","targetHints":{"allow":["GET"]}}],"collection":[{"href":"https:\/\/miumjau.ee\/lt\/wp-json\/wp\/v2\/product"}],"about":[{"href":"https:\/\/miumjau.ee\/lt\/wp-json\/wp\/v2\/types\/product"}],"wp:featuredmedia":[{"embeddable":true,"href":"https:\/\/miumjau.ee\/lt\/wp-json\/wp\/v2\/media\/55372"}],"wp:attachment":[{"href":"https:\/\/miumjau.ee\/lt\/wp-json\/wp\/v2\/media?parent=55371"}],"wp:term":[{"taxonomy":"product_brand","embeddable":true,"href":"https:\/\/miumjau.ee\/lt\/wp-json\/wp\/v2\/product_brand?post=55371"},{"taxonomy":"product_cat","embeddable":true,"href":"https:\/\/miumjau.ee\/lt\/wp-json\/wp\/v2\/product_cat?post=55371"},{"taxonomy":"product_tag","embeddable":true,"href":"https:\/\/miumjau.ee\/lt\/wp-json\/wp\/v2\/product_tag?post=55371"}],"curies":[{"name":"wp","href":"https:\/\/api.w.org\/{rel}","templated":true}]}}