{"id":55359,"date":"2025-02-17T19:09:44","date_gmt":"2025-02-17T17:09:44","guid":{"rendered":"https:\/\/miumjau.ee\/toode\/ontario-tray-pastetas-katems-su-vistiena-ir-kepenimis-115-g\/"},"modified":"2025-02-17T19:09:44","modified_gmt":"2025-02-17T17:09:44","slug":"ontario-tray-pastetas-katems-su-vistiena-ir-kepenimis-115-g","status":"publish","type":"product","link":"https:\/\/miumjau.ee\/lt\/produktas\/ontario-tray-pastetas-katems-su-vistiena-ir-kepenimis-115-g\/","title":{"rendered":"Ontario Tray pa\u0161tetas kat\u0117ms su vi\u0161tiena ir kepenimis 115 g"},"content":{"rendered":"","protected":false},"excerpt":{"rendered":"<p data-start=\"1313\" data-end=\"1541\">ONTARIO pa\u0161tetas yra visavertis pa\u0161aras, pagamintas i\u0161 auk\u0161tos kokyb\u0117s ingredient\u0173, suteikiantis katei nat\u016bralios energijos ir subalansuot\u0105 mityb\u0105. Skanus pa\u0161tetas su kepenimis ir dar\u017eov\u0117mis, kuriam j\u016bs\u0173 kat\u0117 negal\u0117s atsispirti.<\/p>\n<p data-start=\"1543\" data-end=\"1650\">Tinka vis\u0173 am\u017eiaus grupi\u0173 ir veisli\u0173 kat\u0117ms. Sud\u0117tyje yra 93% m\u0117sos ir gyv\u016bnin\u0117s kilm\u0117s \u0161alutini\u0173 produkt\u0173.<\/p>\n<p data-start=\"1652\" data-end=\"2165\">\u2714 Auk\u0161ta kokyb\u0117 \u2013 pagaminta i\u0161 \u017emon\u0117ms tinkamos vartoti m\u0117sos.<br data-start=\"1714\" data-end=\"1717\" \/>\u2714 Nat\u016bralios maistin\u0117s med\u017eiagos \u2013 visi vitaminai ir mineralai i\u0161saugoti d\u0117l apdorojimo auk\u0161toje temperat\u016broje ir sl\u0117gyje.<br data-start=\"1839\" data-end=\"1842\" \/>\u2714 Praturtintas taurinu \u2013 palaiko reg\u0117jim\u0105 ir nerv\u0173 sistem\u0105.<br data-start=\"1901\" data-end=\"1904\" \/>\u2714 Intensyvus skonis \u2013 kepenys suteikia stipr\u0173 ir viliojant\u012f aromat\u0105, kur\u012f kat\u0117s m\u0117gsta.<br data-start=\"1991\" data-end=\"1994\" \/>\u2714 Lengvai vir\u0161kinamas \u2013 mink\u0161ta tekst\u016bra tinka ir jautrios vir\u0161kinimo sistemos kat\u0117ms.<br data-start=\"2080\" data-end=\"2083\" \/>\u2714 Be dirbtini\u0173 pried\u0173 \u2013 n\u0117ra konservant\u0173, da\u017eikli\u0173 ir dirbtini\u0173 kvapi\u0173j\u0173 med\u017eiag\u0173.<\/p>\n<p data-start=\"2167\" data-end=\"2413\" data-is-last-node=\"\" data-is-only-node=\"\"><strong data-start=\"2167\" data-end=\"2179\">Sud\u0117tis:<\/strong> 92% m\u0117sa ir gyv\u016bnin\u0117s kilm\u0117s \u0161alutiniai produktai (\u012fskaitant 10% jautienos kepenis, vi\u0161tien\u0105), mineralin\u0117s med\u017eiagos.<br data-start=\"2297\" data-end=\"2300\" \/><strong data-start=\"2300\" data-end=\"2322\">Analitin\u0117 sud\u0117tis:<\/strong> \u017dali baltymai: 10,39%, \u017eali riebalai: 9,07%, pelenai: 2,15%, skaidulos: 0,44%, dr\u0117gm\u0117: 74%<\/p>\n","protected":false},"featured_media":55360,"template":"","meta":[],"product_brand":[],"product_cat":[526],"product_tag":[],"class_list":{"0":"post-55359","1":"product","2":"type-product","3":"status-publish","4":"has-post-thumbnail","6":"product_cat-slapias-maistas","8":"first","9":"instock","10":"taxable","11":"shipping-taxable","12":"purchasable","13":"product-type-simple"},"yoast_head":"<!-- This site is optimized with the Yoast SEO plugin v27.4 - https:\/\/yoast.com\/product\/yoast-seo-wordpress\/ -->\n<title>Ontario Tray pa\u0161tetas kat\u0117ms su vi\u0161tiena ir kepenimis 115 g - MiuMjau<\/title>\n<meta name=\"robots\" content=\"index, follow, max-snippet:-1, max-image-preview:large, max-video-preview:-1\" \/>\n<link rel=\"canonical\" href=\"https:\/\/miumjau.ee\/lt\/produktas\/ontario-tray-pastetas-katems-su-vistiena-ir-kepenimis-115-g\/\" \/>\n<meta property=\"og:locale\" content=\"lt_LT\" \/>\n<meta property=\"og:type\" content=\"article\" \/>\n<meta property=\"og:title\" content=\"Ontario Tray pa\u0161tetas kat\u0117ms su vi\u0161tiena ir kepenimis 115 g - MiuMjau\" \/>\n<meta property=\"og:description\" content=\"ONTARIO pa\u0161tetas yra visavertis pa\u0161aras, pagamintas i\u0161 auk\u0161tos kokyb\u0117s ingredient\u0173, suteikiantis katei nat\u016bralios energijos ir subalansuot\u0105 mityb\u0105. Skanus pa\u0161tetas su kepenimis ir dar\u017eov\u0117mis, kuriam j\u016bs\u0173 kat\u0117 negal\u0117s atsispirti. Tinka vis\u0173 am\u017eiaus grupi\u0173 ir veisli\u0173 kat\u0117ms. Sud\u0117tyje yra 93% m\u0117sos ir gyv\u016bnin\u0117s kilm\u0117s \u0161alutini\u0173 produkt\u0173. \u2714 Auk\u0161ta kokyb\u0117 \u2013 pagaminta i\u0161 \u017emon\u0117ms tinkamos vartoti m\u0117sos.\u2714 Nat\u016bralios maistin\u0117s med\u017eiagos \u2013 visi vitaminai ir mineralai i\u0161saugoti d\u0117l apdorojimo auk\u0161toje temperat\u016broje ir sl\u0117gyje.\u2714 Praturtintas taurinu \u2013 palaiko reg\u0117jim\u0105 ir nerv\u0173 sistem\u0105.\u2714 Intensyvus skonis \u2013 kepenys suteikia stipr\u0173 ir viliojant\u012f aromat\u0105, kur\u012f kat\u0117s m\u0117gsta.\u2714 Lengvai vir\u0161kinamas \u2013 mink\u0161ta tekst\u016bra tinka ir jautrios vir\u0161kinimo sistemos kat\u0117ms.\u2714 Be dirbtini\u0173 pried\u0173 \u2013 n\u0117ra konservant\u0173, da\u017eikli\u0173 ir dirbtini\u0173 kvapi\u0173j\u0173 med\u017eiag\u0173. Sud\u0117tis: 92% m\u0117sa ir gyv\u016bnin\u0117s kilm\u0117s \u0161alutiniai produktai (\u012fskaitant 10% jautienos kepenis, vi\u0161tien\u0105), mineralin\u0117s med\u017eiagos.Analitin\u0117 sud\u0117tis: \u017dali baltymai: 10,39%, \u017eali riebalai: 9,07%, pelenai: 2,15%, skaidulos: 0,44%, dr\u0117gm\u0117: 74%\" \/>\n<meta property=\"og:url\" content=\"https:\/\/miumjau.ee\/lt\/produktas\/ontario-tray-pastetas-katems-su-vistiena-ir-kepenimis-115-g\/\" \/>\n<meta property=\"og:site_name\" content=\"MiuMjau\" \/>\n<meta property=\"article:publisher\" content=\"https:\/\/www.facebook.com\/miumjaupood\/\" \/>\n<meta property=\"og:image\" content=\"https:\/\/miumjau.ee\/wp-content\/uploads\/2025\/02\/ontario-tray-pasteet1.jpg\" \/>\n\t<meta property=\"og:image:width\" content=\"600\" \/>\n\t<meta property=\"og:image:height\" content=\"800\" \/>\n\t<meta property=\"og:image:type\" content=\"image\/jpeg\" \/>\n<meta name=\"twitter:card\" content=\"summary_large_image\" \/>\n<script type=\"application\/ld+json\" class=\"yoast-schema-graph\">{\"@context\":\"https:\\\/\\\/schema.org\",\"@graph\":[{\"@type\":\"WebPage\",\"@id\":\"https:\\\/\\\/miumjau.ee\\\/lt\\\/produktas\\\/ontario-tray-pastetas-katems-su-vistiena-ir-kepenimis-115-g\\\/\",\"url\":\"https:\\\/\\\/miumjau.ee\\\/lt\\\/produktas\\\/ontario-tray-pastetas-katems-su-vistiena-ir-kepenimis-115-g\\\/\",\"name\":\"Ontario Tray pa\u0161tetas kat\u0117ms su vi\u0161tiena ir kepenimis 115 g - MiuMjau\",\"isPartOf\":{\"@id\":\"https:\\\/\\\/miumjau.ee\\\/#website\"},\"primaryImageOfPage\":{\"@id\":\"https:\\\/\\\/miumjau.ee\\\/lt\\\/produktas\\\/ontario-tray-pastetas-katems-su-vistiena-ir-kepenimis-115-g\\\/#primaryimage\"},\"image\":{\"@id\":\"https:\\\/\\\/miumjau.ee\\\/lt\\\/produktas\\\/ontario-tray-pastetas-katems-su-vistiena-ir-kepenimis-115-g\\\/#primaryimage\"},\"thumbnailUrl\":\"https:\\\/\\\/miumjau.ee\\\/wp-content\\\/uploads\\\/2025\\\/02\\\/ontario-tray-pasteet1.jpg\",\"datePublished\":\"2025-02-17T17:09:44+00:00\",\"breadcrumb\":{\"@id\":\"https:\\\/\\\/miumjau.ee\\\/lt\\\/produktas\\\/ontario-tray-pastetas-katems-su-vistiena-ir-kepenimis-115-g\\\/#breadcrumb\"},\"inLanguage\":\"lt-LT\",\"potentialAction\":[{\"@type\":\"ReadAction\",\"target\":[\"https:\\\/\\\/miumjau.ee\\\/lt\\\/produktas\\\/ontario-tray-pastetas-katems-su-vistiena-ir-kepenimis-115-g\\\/\"]}]},{\"@type\":\"ImageObject\",\"inLanguage\":\"lt-LT\",\"@id\":\"https:\\\/\\\/miumjau.ee\\\/lt\\\/produktas\\\/ontario-tray-pastetas-katems-su-vistiena-ir-kepenimis-115-g\\\/#primaryimage\",\"url\":\"https:\\\/\\\/miumjau.ee\\\/wp-content\\\/uploads\\\/2025\\\/02\\\/ontario-tray-pasteet1.jpg\",\"contentUrl\":\"https:\\\/\\\/miumjau.ee\\\/wp-content\\\/uploads\\\/2025\\\/02\\\/ontario-tray-pasteet1.jpg\",\"width\":600,\"height\":800},{\"@type\":\"BreadcrumbList\",\"@id\":\"https:\\\/\\\/miumjau.ee\\\/lt\\\/produktas\\\/ontario-tray-pastetas-katems-su-vistiena-ir-kepenimis-115-g\\\/#breadcrumb\",\"itemListElement\":[{\"@type\":\"ListItem\",\"position\":1,\"name\":\"Home\",\"item\":\"https:\\\/\\\/miumjau.ee\\\/lt\\\/\"},{\"@type\":\"ListItem\",\"position\":2,\"name\":\"Parduotuv\u0117\",\"item\":\"https:\\\/\\\/miumjau.ee\\\/lt\\\/parduotuve\\\/\"},{\"@type\":\"ListItem\",\"position\":3,\"name\":\"Ontario Tray pa\u0161tetas kat\u0117ms su vi\u0161tiena ir kepenimis 115 g\"}]},{\"@type\":\"WebSite\",\"@id\":\"https:\\\/\\\/miumjau.ee\\\/#website\",\"url\":\"https:\\\/\\\/miumjau.ee\\\/\",\"name\":\"MiuMjau\",\"description\":\"Kraapimispuud kassidele\",\"publisher\":{\"@id\":\"https:\\\/\\\/miumjau.ee\\\/#organization\"},\"potentialAction\":[{\"@type\":\"SearchAction\",\"target\":{\"@type\":\"EntryPoint\",\"urlTemplate\":\"https:\\\/\\\/miumjau.ee\\\/?s={search_term_string}\"},\"query-input\":{\"@type\":\"PropertyValueSpecification\",\"valueRequired\":true,\"valueName\":\"search_term_string\"}}],\"inLanguage\":\"lt-LT\"},{\"@type\":\"Organization\",\"@id\":\"https:\\\/\\\/miumjau.ee\\\/#organization\",\"name\":\"MiuMjau O\u00dc\",\"url\":\"https:\\\/\\\/miumjau.ee\\\/\",\"logo\":{\"@type\":\"ImageObject\",\"inLanguage\":\"lt-LT\",\"@id\":\"https:\\\/\\\/miumjau.ee\\\/#\\\/schema\\\/logo\\\/image\\\/\",\"url\":\"https:\\\/\\\/miumjau.ee\\\/wp-content\\\/uploads\\\/2022\\\/04\\\/MiuMjau-logo-kollane.png\",\"contentUrl\":\"https:\\\/\\\/miumjau.ee\\\/wp-content\\\/uploads\\\/2022\\\/04\\\/MiuMjau-logo-kollane.png\",\"width\":219,\"height\":100,\"caption\":\"MiuMjau O\u00dc\"},\"image\":{\"@id\":\"https:\\\/\\\/miumjau.ee\\\/#\\\/schema\\\/logo\\\/image\\\/\"},\"sameAs\":[\"https:\\\/\\\/www.facebook.com\\\/miumjaupood\\\/\"]}]}<\/script>\n<!-- \/ Yoast SEO plugin. -->","yoast_head_json":{"title":"Ontario Tray pa\u0161tetas kat\u0117ms su vi\u0161tiena ir kepenimis 115 g - MiuMjau","robots":{"index":"index","follow":"follow","max-snippet":"max-snippet:-1","max-image-preview":"max-image-preview:large","max-video-preview":"max-video-preview:-1"},"canonical":"https:\/\/miumjau.ee\/lt\/produktas\/ontario-tray-pastetas-katems-su-vistiena-ir-kepenimis-115-g\/","og_locale":"lt_LT","og_type":"article","og_title":"Ontario Tray pa\u0161tetas kat\u0117ms su vi\u0161tiena ir kepenimis 115 g - MiuMjau","og_description":"ONTARIO pa\u0161tetas yra visavertis pa\u0161aras, pagamintas i\u0161 auk\u0161tos kokyb\u0117s ingredient\u0173, suteikiantis katei nat\u016bralios energijos ir subalansuot\u0105 mityb\u0105. Skanus pa\u0161tetas su kepenimis ir dar\u017eov\u0117mis, kuriam j\u016bs\u0173 kat\u0117 negal\u0117s atsispirti. Tinka vis\u0173 am\u017eiaus grupi\u0173 ir veisli\u0173 kat\u0117ms. Sud\u0117tyje yra 93% m\u0117sos ir gyv\u016bnin\u0117s kilm\u0117s \u0161alutini\u0173 produkt\u0173. \u2714 Auk\u0161ta kokyb\u0117 \u2013 pagaminta i\u0161 \u017emon\u0117ms tinkamos vartoti m\u0117sos.\u2714 Nat\u016bralios maistin\u0117s med\u017eiagos \u2013 visi vitaminai ir mineralai i\u0161saugoti d\u0117l apdorojimo auk\u0161toje temperat\u016broje ir sl\u0117gyje.\u2714 Praturtintas taurinu \u2013 palaiko reg\u0117jim\u0105 ir nerv\u0173 sistem\u0105.\u2714 Intensyvus skonis \u2013 kepenys suteikia stipr\u0173 ir viliojant\u012f aromat\u0105, kur\u012f kat\u0117s m\u0117gsta.\u2714 Lengvai vir\u0161kinamas \u2013 mink\u0161ta tekst\u016bra tinka ir jautrios vir\u0161kinimo sistemos kat\u0117ms.\u2714 Be dirbtini\u0173 pried\u0173 \u2013 n\u0117ra konservant\u0173, da\u017eikli\u0173 ir dirbtini\u0173 kvapi\u0173j\u0173 med\u017eiag\u0173. Sud\u0117tis: 92% m\u0117sa ir gyv\u016bnin\u0117s kilm\u0117s \u0161alutiniai produktai (\u012fskaitant 10% jautienos kepenis, vi\u0161tien\u0105), mineralin\u0117s med\u017eiagos.Analitin\u0117 sud\u0117tis: \u017dali baltymai: 10,39%, \u017eali riebalai: 9,07%, pelenai: 2,15%, skaidulos: 0,44%, dr\u0117gm\u0117: 74%","og_url":"https:\/\/miumjau.ee\/lt\/produktas\/ontario-tray-pastetas-katems-su-vistiena-ir-kepenimis-115-g\/","og_site_name":"MiuMjau","article_publisher":"https:\/\/www.facebook.com\/miumjaupood\/","og_image":[{"width":600,"height":800,"url":"https:\/\/miumjau.ee\/wp-content\/uploads\/2025\/02\/ontario-tray-pasteet1.jpg","type":"image\/jpeg"}],"twitter_card":"summary_large_image","schema":{"@context":"https:\/\/schema.org","@graph":[{"@type":"WebPage","@id":"https:\/\/miumjau.ee\/lt\/produktas\/ontario-tray-pastetas-katems-su-vistiena-ir-kepenimis-115-g\/","url":"https:\/\/miumjau.ee\/lt\/produktas\/ontario-tray-pastetas-katems-su-vistiena-ir-kepenimis-115-g\/","name":"Ontario Tray pa\u0161tetas kat\u0117ms su vi\u0161tiena ir kepenimis 115 g - MiuMjau","isPartOf":{"@id":"https:\/\/miumjau.ee\/#website"},"primaryImageOfPage":{"@id":"https:\/\/miumjau.ee\/lt\/produktas\/ontario-tray-pastetas-katems-su-vistiena-ir-kepenimis-115-g\/#primaryimage"},"image":{"@id":"https:\/\/miumjau.ee\/lt\/produktas\/ontario-tray-pastetas-katems-su-vistiena-ir-kepenimis-115-g\/#primaryimage"},"thumbnailUrl":"https:\/\/miumjau.ee\/wp-content\/uploads\/2025\/02\/ontario-tray-pasteet1.jpg","datePublished":"2025-02-17T17:09:44+00:00","breadcrumb":{"@id":"https:\/\/miumjau.ee\/lt\/produktas\/ontario-tray-pastetas-katems-su-vistiena-ir-kepenimis-115-g\/#breadcrumb"},"inLanguage":"lt-LT","potentialAction":[{"@type":"ReadAction","target":["https:\/\/miumjau.ee\/lt\/produktas\/ontario-tray-pastetas-katems-su-vistiena-ir-kepenimis-115-g\/"]}]},{"@type":"ImageObject","inLanguage":"lt-LT","@id":"https:\/\/miumjau.ee\/lt\/produktas\/ontario-tray-pastetas-katems-su-vistiena-ir-kepenimis-115-g\/#primaryimage","url":"https:\/\/miumjau.ee\/wp-content\/uploads\/2025\/02\/ontario-tray-pasteet1.jpg","contentUrl":"https:\/\/miumjau.ee\/wp-content\/uploads\/2025\/02\/ontario-tray-pasteet1.jpg","width":600,"height":800},{"@type":"BreadcrumbList","@id":"https:\/\/miumjau.ee\/lt\/produktas\/ontario-tray-pastetas-katems-su-vistiena-ir-kepenimis-115-g\/#breadcrumb","itemListElement":[{"@type":"ListItem","position":1,"name":"Home","item":"https:\/\/miumjau.ee\/lt\/"},{"@type":"ListItem","position":2,"name":"Parduotuv\u0117","item":"https:\/\/miumjau.ee\/lt\/parduotuve\/"},{"@type":"ListItem","position":3,"name":"Ontario Tray pa\u0161tetas kat\u0117ms su vi\u0161tiena ir kepenimis 115 g"}]},{"@type":"WebSite","@id":"https:\/\/miumjau.ee\/#website","url":"https:\/\/miumjau.ee\/","name":"MiuMjau","description":"Kraapimispuud kassidele","publisher":{"@id":"https:\/\/miumjau.ee\/#organization"},"potentialAction":[{"@type":"SearchAction","target":{"@type":"EntryPoint","urlTemplate":"https:\/\/miumjau.ee\/?s={search_term_string}"},"query-input":{"@type":"PropertyValueSpecification","valueRequired":true,"valueName":"search_term_string"}}],"inLanguage":"lt-LT"},{"@type":"Organization","@id":"https:\/\/miumjau.ee\/#organization","name":"MiuMjau O\u00dc","url":"https:\/\/miumjau.ee\/","logo":{"@type":"ImageObject","inLanguage":"lt-LT","@id":"https:\/\/miumjau.ee\/#\/schema\/logo\/image\/","url":"https:\/\/miumjau.ee\/wp-content\/uploads\/2022\/04\/MiuMjau-logo-kollane.png","contentUrl":"https:\/\/miumjau.ee\/wp-content\/uploads\/2022\/04\/MiuMjau-logo-kollane.png","width":219,"height":100,"caption":"MiuMjau O\u00dc"},"image":{"@id":"https:\/\/miumjau.ee\/#\/schema\/logo\/image\/"},"sameAs":["https:\/\/www.facebook.com\/miumjaupood\/"]}]}},"_links":{"self":[{"href":"https:\/\/miumjau.ee\/lt\/wp-json\/wp\/v2\/product\/55359","targetHints":{"allow":["GET"]}}],"collection":[{"href":"https:\/\/miumjau.ee\/lt\/wp-json\/wp\/v2\/product"}],"about":[{"href":"https:\/\/miumjau.ee\/lt\/wp-json\/wp\/v2\/types\/product"}],"wp:featuredmedia":[{"embeddable":true,"href":"https:\/\/miumjau.ee\/lt\/wp-json\/wp\/v2\/media\/55360"}],"wp:attachment":[{"href":"https:\/\/miumjau.ee\/lt\/wp-json\/wp\/v2\/media?parent=55359"}],"wp:term":[{"taxonomy":"product_brand","embeddable":true,"href":"https:\/\/miumjau.ee\/lt\/wp-json\/wp\/v2\/product_brand?post=55359"},{"taxonomy":"product_cat","embeddable":true,"href":"https:\/\/miumjau.ee\/lt\/wp-json\/wp\/v2\/product_cat?post=55359"},{"taxonomy":"product_tag","embeddable":true,"href":"https:\/\/miumjau.ee\/lt\/wp-json\/wp\/v2\/product_tag?post=55359"}],"curies":[{"name":"wp","href":"https:\/\/api.w.org\/{rel}","templated":true}]}}